{"id":224310,"date":"2025-11-21T12:49:18","date_gmt":"2025-11-21T11:49:18","guid":{"rendered":"https:\/\/rendez-vous-store.com\/?post_type=product&#038;p=224310"},"modified":"2026-03-16T15:21:34","modified_gmt":"2026-03-16T14:21:34","slug":"zilla-velvet-big-dado-350-vel-kaki-rendez-vous-store","status":"publish","type":"product","link":"https:\/\/rendez-vous-store.com\/fr\/shop\/women\/women-bags-rendez-vous-store\/zilla-velvet-big-dado-350-vel-kaki-rendez-vous-store\/","title":{"rendered":"Zilla &#8211; Velvet Big Dado 350 VEL &#8211; Kaki"},"content":{"rendered":"<p><strong>Zilla &#8211; Velvet Big Dado 350 VEL &#8211; Kaki<\/strong><\/p>\n<p>Color: Kaki<\/p>\n<p>Velvet texture<\/p>\n<p>Taille g\u00e9n\u00e9reuse<\/p>\n<p>Int\u00e9rieur spacieux<\/p>\n<p>Bandouli\u00e8re<\/p>\n<p>Composition: Velvet<\/p>\n<p>FABRIQU\u00c9 EN ITALIE<\/p>\n<p>&nbsp;<\/p>\n<h2 data-start=\"152\" data-end=\"162\"><\/h2>\n<p><strong>Le sac<\/strong><\/p>\n<p data-start=\"164\" data-end=\"1024\">Ceci <strong data-start=\"169\" data-end=\"212\">Zilla \u2013 Velvet Big Dado 350 VEL \u2013 Khaki<\/strong> blends softness and modern elegance with ease.<br data-start=\"259\" data-end=\"262\" \/>Its velvet surface catches the light and reveals deep khaki tones.<br data-start=\"328\" data-end=\"331\" \/>Moreover, the structured shape stays soft and flexible, so the bag moves naturally.<br data-start=\"414\" data-end=\"417\" \/>It offers generous space for daily essentials without losing its clean silhouette.<br data-start=\"499\" data-end=\"502\" \/>In addition, the smooth texture contrasts with the crisp lines and creates Zilla\u2019s signature balance.<br data-start=\"603\" data-end=\"606\" \/>You can carry it by hand for a confident, defined look.<br data-start=\"661\" data-end=\"664\" \/>Alternatively, you can tuck it under the arm for a relaxed style.<br data-start=\"729\" data-end=\"732\" \/>The khaki shade works with almost any wardrobe palette.<br data-start=\"787\" data-end=\"790\" data-is-only-node=\"\" \/>Consequently, it softens bold colors and grounds lighter tones with subtle richness.<br data-start=\"874\" data-end=\"877\" \/>As a result, the Big Dado turns daily movement into a quiet, elegant gesture.<br data-start=\"954\" data-end=\"957\" \/>Ultimately, it remains expressive, tactile, and unmistakably Zilla.<\/p>\n<p data-start=\"164\" data-end=\"1024\">\n<p data-start=\"164\" data-end=\"1024\"><a href=\"https:\/\/rendez-vous-store.com\/fr\/shop\/women\/women-coats-jackets-rendez-vous-store\/album-di-famiglia-shirt-loose-blazer-v-marron-glace-rendez-vous-store\/\">Nous aimons le voir port\u00e9 avec<\/a><\/p>\n<p data-start=\"164\" data-end=\"1024\">\n<p data-start=\"164\" data-end=\"1024\">\n<p><strong>La marque\u00a0<\/strong><\/p>\n<p data-start=\"1045\" data-end=\"1560\">Zilla est une marque de sacs \u00e0 main de luxe bas\u00e9e en Italie.<br data-start=\"1092\" data-end=\"1095\" \/>Sylvia Pichler, architecte et designer, l'a fond\u00e9e en 2005.<br data-start=\"1157\" data-end=\"1160\" \/>Gr\u00e2ce \u00e0 sa formation en architecture, elle transforme des mat\u00e9riaux industriels en accessoires raffin\u00e9s.<br data-start=\"1262\" data-end=\"1265\" \/>La marque met l'accent sur des formes minimalistes et des lignes sculpturales.<br data-start=\"1325\" data-end=\"1328\" \/>It highlights both beauty and practicality in every design.<br data-start=\"1387\" data-end=\"1390\" \/>Furthermore, Zilla uses unique materials like metallic foils, satin, and eco-friendly fabrics.<br data-start=\"1484\" data-end=\"1487\" \/>Consequently, each piece shows a distinctive texture and a modern appeal.<\/p>\n<p data-start=\"1562\" data-end=\"1820\">All Zilla pieces are handcrafted in Northern Italy.<br data-start=\"1613\" data-end=\"1616\" \/>This process ensures high craftsmanship and precise finishing.<br data-start=\"1678\" data-end=\"1681\" \/>As a result, Zilla has gained strong international recognition.<br data-start=\"1744\" data-end=\"1747\" \/>Ses collections apparaissent dans des boutiques s\u00e9lectionn\u00e9es et des grands magasins du monde entier.<\/p>\n<p data-start=\"1562\" data-end=\"1820\">\n<p data-start=\"1562\" data-end=\"1820\">\n<p data-start=\"1562\" data-end=\"1820\"><strong>La collection<\/strong><\/p>\n<p data-start=\"1847\" data-end=\"2318\">Zilla\u2019s lines, including the Spring-Summer editions, reflect its innovative spirit.<br data-start=\"1930\" data-end=\"1933\" \/>La marque con\u00e7oit des sacs pour les personnes qui accordent autant d'importance \u00e0 la forme qu'\u00e0 la fonctionnalit\u00e9.<br data-start=\"2003\" data-end=\"2006\" \/>Thus, the pieces work for everyday wear and special occasions.<br data-start=\"2068\" data-end=\"2071\" \/>Whether you choose a metallic tote or a sleek rucksack, the look stays modern and elegant.<br data-start=\"2161\" data-end=\"2164\" \/>Au fil du temps, Zilla a b\u00e2ti une communaut\u00e9 fid\u00e8le de clients avant-gardistes.<br data-start=\"2236\" data-end=\"2239\" \/>Therefore, many customers appreciate its refined vision of contemporary luxury.<\/p>\n<p>&nbsp;<\/p>\n<p>&nbsp;<\/p>\n<p><a href=\"https:\/\/www.instagram.com\/p\/DRfNXEEjzFs\/?igsh=aXJqMjBkMjteHUy\">Laissez-vous inspirer par notre look Zilla sur notre Instagram.\u00a0<\/a><\/p>","protected":false},"excerpt":{"rendered":"<p>Zilla &#8211; Velvet Big Dado 350 VEL &#8211; Kaki Color: Kaki Velvet texture Generous size Spacious interior Shoulder strap Composition: Velvet MADE IN ITALY &nbsp; The bag This Zilla \u2013 Velvet Big Dado 350 VEL \u2013 Khaki blends softness and modern elegance with ease.Its velvet surface catches the light and reveals deep khaki tones.Moreover, the&hellip; <a class=\"more-link\" href=\"https:\/\/rendez-vous-store.com\/fr\/shop\/women\/women-bags-rendez-vous-store\/zilla-velvet-big-dado-350-vel-kaki-rendez-vous-store\/\">Continuer la lecture <span class=\"screen-reader-text\">Zilla &#8211; Velvet Big Dado 350 VEL &#8211; Kaki<\/span><\/a><\/p>","protected":false},"featured_media":224615,"template":"","meta":{"_acf_changed":false},"product_brand":[],"product_cat":[17,1062,417],"product_tag":[869],"class_list":{"0":"post-224310","1":"product","2":"type-product","3":"status-publish","4":"has-post-thumbnail","6":"product_cat-women","7":"product_cat-new-women-selection-rendez-vous-store","8":"product_cat-women-bags-rendez-vous-store","9":"product_tag-zilla-italian-bags-rendez-vous-store","10":"entry","12":"first","13":"outofstock","14":"taxable","15":"shipping-taxable","16":"product-type-variable"},"acf":[],"yoast_head":"<!-- This site is optimized with the Yoast SEO plugin v24.9 - https:\/\/yoast.com\/wordpress\/plugins\/seo\/ -->\n<title>Zilla - Velvet Big Dado 350 VEL - Kaki<\/title>\n<meta name=\"description\" content=\"Zilla is on Rendez-vous Store. Zilla - Velvet Big Dado 350 VEL - Kaki is a fashion statement embracing minimalism with sculptural designs. Discover now.\" \/>\n<meta name=\"robots\" content=\"index, follow, max-snippet:-1, max-image-preview:large, max-video-preview:-1\" \/>\n<link rel=\"canonical\" href=\"https:\/\/rendez-vous-store.com\/fr\/shop\/women\/women-bags-rendez-vous-store\/zilla-velvet-big-dado-350-vel-kaki-rendez-vous-store\/\" \/>\n<meta property=\"og:locale\" content=\"fr_FR\" \/>\n<meta property=\"og:type\" content=\"article\" \/>\n<meta property=\"og:title\" content=\"Zilla - Velvet Big Dado 350 VEL - Kaki\" \/>\n<meta property=\"og:description\" content=\"Zilla is on Rendez-vous Store. Zilla - Velvet Big Dado 350 VEL - Kaki is a fashion statement embracing minimalism with sculptural designs. Discover now.\" \/>\n<meta property=\"og:url\" content=\"https:\/\/rendez-vous-store.com\/fr\/shop\/women\/women-bags-rendez-vous-store\/zilla-velvet-big-dado-350-vel-kaki-rendez-vous-store\/\" \/>\n<meta property=\"og:site_name\" content=\"RENDEZ-VOUS STORE\" \/>\n<meta property=\"article:modified_time\" content=\"2026-03-16T14:21:34+00:00\" \/>\n<meta property=\"og:image\" content=\"https:\/\/rendez-vous-store.com\/app\/uploads\/2025\/11\/IMG_5475-min-scaled.webp\" \/>\n\t<meta property=\"og:image:width\" content=\"1707\" \/>\n\t<meta property=\"og:image:height\" content=\"2560\" \/>\n\t<meta property=\"og:image:type\" content=\"image\/webp\" \/>\n<meta name=\"twitter:card\" content=\"summary_large_image\" \/>\n<meta name=\"twitter:label1\" content=\"Est. reading time\" \/>\n\t<meta name=\"twitter:data1\" content=\"2 minutes\" \/>\n<script type=\"application\/ld+json\" class=\"yoast-schema-graph\">{\"@context\":\"https:\/\/schema.org\",\"@graph\":[{\"@type\":\"WebPage\",\"@id\":\"https:\/\/rendez-vous-store.com\/shop\/women\/women-bags-rendez-vous-store\/zilla-velvet-big-dado-350-vel-kaki-rendez-vous-store\/\",\"url\":\"https:\/\/rendez-vous-store.com\/shop\/women\/women-bags-rendez-vous-store\/zilla-velvet-big-dado-350-vel-kaki-rendez-vous-store\/\",\"name\":\"Zilla - Velvet Big Dado 350 VEL - Kaki\",\"isPartOf\":{\"@id\":\"https:\/\/rendez-vous-store.com\/#website\"},\"primaryImageOfPage\":{\"@id\":\"https:\/\/rendez-vous-store.com\/shop\/women\/women-bags-rendez-vous-store\/zilla-velvet-big-dado-350-vel-kaki-rendez-vous-store\/#primaryimage\"},\"image\":{\"@id\":\"https:\/\/rendez-vous-store.com\/shop\/women\/women-bags-rendez-vous-store\/zilla-velvet-big-dado-350-vel-kaki-rendez-vous-store\/#primaryimage\"},\"thumbnailUrl\":\"https:\/\/rendez-vous-store.com\/app\/uploads\/2025\/11\/IMG_5475-min-scaled.webp\",\"datePublished\":\"2025-11-21T11:49:18+00:00\",\"dateModified\":\"2026-03-16T14:21:34+00:00\",\"description\":\"Zilla is on Rendez-vous Store. Zilla - Velvet Big Dado 350 VEL - Kaki is a fashion statement embracing minimalism with sculptural designs. Discover now.\",\"breadcrumb\":{\"@id\":\"https:\/\/rendez-vous-store.com\/shop\/women\/women-bags-rendez-vous-store\/zilla-velvet-big-dado-350-vel-kaki-rendez-vous-store\/#breadcrumb\"},\"inLanguage\":\"fr-FR\",\"potentialAction\":[{\"@type\":\"ReadAction\",\"target\":[\"https:\/\/rendez-vous-store.com\/shop\/women\/women-bags-rendez-vous-store\/zilla-velvet-big-dado-350-vel-kaki-rendez-vous-store\/\"]}]},{\"@type\":\"ImageObject\",\"inLanguage\":\"fr-FR\",\"@id\":\"https:\/\/rendez-vous-store.com\/shop\/women\/women-bags-rendez-vous-store\/zilla-velvet-big-dado-350-vel-kaki-rendez-vous-store\/#primaryimage\",\"url\":\"https:\/\/rendez-vous-store.com\/app\/uploads\/2025\/11\/IMG_5475-min-scaled.webp\",\"contentUrl\":\"https:\/\/rendez-vous-store.com\/app\/uploads\/2025\/11\/IMG_5475-min-scaled.webp\",\"width\":1707,\"height\":2560},{\"@type\":\"BreadcrumbList\",\"@id\":\"https:\/\/rendez-vous-store.com\/shop\/women\/women-bags-rendez-vous-store\/zilla-velvet-big-dado-350-vel-kaki-rendez-vous-store\/#breadcrumb\",\"itemListElement\":[{\"@type\":\"ListItem\",\"position\":1,\"name\":\"Home\",\"item\":\"https:\/\/rendez-vous-store.com\/\"},{\"@type\":\"ListItem\",\"position\":2,\"name\":\"Shop\",\"item\":\"https:\/\/www.rendez-vous-store.com\/shop\/\"},{\"@type\":\"ListItem\",\"position\":3,\"name\":\"Zilla &#8211; Velvet Big Dado 350 VEL &#8211; Kaki\"}]},{\"@type\":\"WebSite\",\"@id\":\"https:\/\/rendez-vous-store.com\/#website\",\"url\":\"https:\/\/rendez-vous-store.com\/\",\"name\":\"RENDEZ-VOUS STORE\",\"description\":\"Slow Fashion for Women and Men\",\"potentialAction\":[{\"@type\":\"SearchAction\",\"target\":{\"@type\":\"EntryPoint\",\"urlTemplate\":\"https:\/\/rendez-vous-store.com\/?s={search_term_string}\"},\"query-input\":{\"@type\":\"PropertyValueSpecification\",\"valueRequired\":true,\"valueName\":\"search_term_string\"}}],\"inLanguage\":\"fr-FR\"}]}<\/script>\n<!-- \/ Yoast SEO plugin. -->","yoast_head_json":{"title":"Zilla - Velvet Big Dado 350 VEL - Kaki","description":"Zilla is on Rendez-vous Store. Zilla - Velvet Big Dado 350 VEL - Kaki is a fashion statement embracing minimalism with sculptural designs. Discover now.","robots":{"index":"index","follow":"follow","max-snippet":"max-snippet:-1","max-image-preview":"max-image-preview:large","max-video-preview":"max-video-preview:-1"},"canonical":"https:\/\/rendez-vous-store.com\/fr\/shop\/women\/women-bags-rendez-vous-store\/zilla-velvet-big-dado-350-vel-kaki-rendez-vous-store\/","og_locale":"fr_FR","og_type":"article","og_title":"Zilla - Velvet Big Dado 350 VEL - Kaki","og_description":"Zilla is on Rendez-vous Store. Zilla - Velvet Big Dado 350 VEL - Kaki is a fashion statement embracing minimalism with sculptural designs. Discover now.","og_url":"https:\/\/rendez-vous-store.com\/fr\/shop\/women\/women-bags-rendez-vous-store\/zilla-velvet-big-dado-350-vel-kaki-rendez-vous-store\/","og_site_name":"RENDEZ-VOUS STORE","article_modified_time":"2026-03-16T14:21:34+00:00","og_image":[{"width":1707,"height":2560,"url":"https:\/\/rendez-vous-store.com\/app\/uploads\/2025\/11\/IMG_5475-min-scaled.webp","type":"image\/webp"}],"twitter_card":"summary_large_image","twitter_misc":{"Est. reading time":"2 minutes"},"schema":{"@context":"https:\/\/schema.org","@graph":[{"@type":"WebPage","@id":"https:\/\/rendez-vous-store.com\/shop\/women\/women-bags-rendez-vous-store\/zilla-velvet-big-dado-350-vel-kaki-rendez-vous-store\/","url":"https:\/\/rendez-vous-store.com\/shop\/women\/women-bags-rendez-vous-store\/zilla-velvet-big-dado-350-vel-kaki-rendez-vous-store\/","name":"Zilla - Velvet Big Dado 350 VEL - Kaki","isPartOf":{"@id":"https:\/\/rendez-vous-store.com\/#website"},"primaryImageOfPage":{"@id":"https:\/\/rendez-vous-store.com\/shop\/women\/women-bags-rendez-vous-store\/zilla-velvet-big-dado-350-vel-kaki-rendez-vous-store\/#primaryimage"},"image":{"@id":"https:\/\/rendez-vous-store.com\/shop\/women\/women-bags-rendez-vous-store\/zilla-velvet-big-dado-350-vel-kaki-rendez-vous-store\/#primaryimage"},"thumbnailUrl":"https:\/\/rendez-vous-store.com\/app\/uploads\/2025\/11\/IMG_5475-min-scaled.webp","datePublished":"2025-11-21T11:49:18+00:00","dateModified":"2026-03-16T14:21:34+00:00","description":"Zilla is on Rendez-vous Store. Zilla - Velvet Big Dado 350 VEL - Kaki is a fashion statement embracing minimalism with sculptural designs. Discover now.","breadcrumb":{"@id":"https:\/\/rendez-vous-store.com\/shop\/women\/women-bags-rendez-vous-store\/zilla-velvet-big-dado-350-vel-kaki-rendez-vous-store\/#breadcrumb"},"inLanguage":"fr-FR","potentialAction":[{"@type":"ReadAction","target":["https:\/\/rendez-vous-store.com\/shop\/women\/women-bags-rendez-vous-store\/zilla-velvet-big-dado-350-vel-kaki-rendez-vous-store\/"]}]},{"@type":"ImageObject","inLanguage":"fr-FR","@id":"https:\/\/rendez-vous-store.com\/shop\/women\/women-bags-rendez-vous-store\/zilla-velvet-big-dado-350-vel-kaki-rendez-vous-store\/#primaryimage","url":"https:\/\/rendez-vous-store.com\/app\/uploads\/2025\/11\/IMG_5475-min-scaled.webp","contentUrl":"https:\/\/rendez-vous-store.com\/app\/uploads\/2025\/11\/IMG_5475-min-scaled.webp","width":1707,"height":2560},{"@type":"BreadcrumbList","@id":"https:\/\/rendez-vous-store.com\/shop\/women\/women-bags-rendez-vous-store\/zilla-velvet-big-dado-350-vel-kaki-rendez-vous-store\/#breadcrumb","itemListElement":[{"@type":"ListItem","position":1,"name":"Home","item":"https:\/\/rendez-vous-store.com\/"},{"@type":"ListItem","position":2,"name":"Shop","item":"https:\/\/www.rendez-vous-store.com\/shop\/"},{"@type":"ListItem","position":3,"name":"Zilla &#8211; Velvet Big Dado 350 VEL &#8211; Kaki"}]},{"@type":"WebSite","@id":"https:\/\/rendez-vous-store.com\/#website","url":"https:\/\/rendez-vous-store.com\/","name":"RENDEZ-VOUS STORE","description":"Slow Fashion for Women and Men","potentialAction":[{"@type":"SearchAction","target":{"@type":"EntryPoint","urlTemplate":"https:\/\/rendez-vous-store.com\/?s={search_term_string}"},"query-input":{"@type":"PropertyValueSpecification","valueRequired":true,"valueName":"search_term_string"}}],"inLanguage":"fr-FR"}]}},"_links":{"self":[{"href":"https:\/\/rendez-vous-store.com\/fr\/wp-json\/wp\/v2\/product\/224310","targetHints":{"allow":["GET"]}}],"collection":[{"href":"https:\/\/rendez-vous-store.com\/fr\/wp-json\/wp\/v2\/product"}],"about":[{"href":"https:\/\/rendez-vous-store.com\/fr\/wp-json\/wp\/v2\/types\/product"}],"wp:featuredmedia":[{"embeddable":true,"href":"https:\/\/rendez-vous-store.com\/fr\/wp-json\/wp\/v2\/media\/224615"}],"wp:attachment":[{"href":"https:\/\/rendez-vous-store.com\/fr\/wp-json\/wp\/v2\/media?parent=224310"}],"wp:term":[{"taxonomy":"product_brand","embeddable":true,"href":"https:\/\/rendez-vous-store.com\/fr\/wp-json\/wp\/v2\/product_brand?post=224310"},{"taxonomy":"product_cat","embeddable":true,"href":"https:\/\/rendez-vous-store.com\/fr\/wp-json\/wp\/v2\/product_cat?post=224310"},{"taxonomy":"product_tag","embeddable":true,"href":"https:\/\/rendez-vous-store.com\/fr\/wp-json\/wp\/v2\/product_tag?post=224310"}],"curies":[{"name":"wp","href":"https:\/\/api.w.org\/{rel}","templated":true}]}}