{"id":224309,"date":"2025-11-21T12:49:17","date_gmt":"2025-11-21T11:49:17","guid":{"rendered":"https:\/\/rendez-vous-store.com\/?post_type=product&#038;p=224309"},"modified":"2026-04-06T16:30:03","modified_gmt":"2026-04-06T14:30:03","slug":"zilla-suede-leather-big-dado-350-sue-avana-rendez-vous-store","status":"publish","type":"product","link":"https:\/\/rendez-vous-store.com\/fr\/shop\/women\/women-bags-rendez-vous-store\/zilla-suede-leather-big-dado-350-sue-avana-rendez-vous-store\/","title":{"rendered":"Zilla \u2013 Cuir Daim Big Dado 350 SUE \u2013 Avana"},"content":{"rendered":"<p><strong>Zilla \u2013 Cuir Daim Big Dado 350 SUE \u2013 Avana<\/strong><\/p>\n<p>Couleur : Avana<\/p>\n<p>Texture velout\u00e9e et douce<\/p>\n<p>Taille g\u00e9n\u00e9reuse<\/p>\n<p>Int\u00e9rieur spacieux<\/p>\n<p>Bandouli\u00e8re<\/p>\n<p>Composition : Cuir de veau su\u00e9d\u00e9<\/p>\n<p>FABRIQU\u00c9 EN ITALIE<\/p>\n<h2 data-start=\"202\" data-end=\"212\"><\/h2>\n<p><strong>Le sac<\/strong><\/p>\n<p data-start=\"214\" data-end=\"1134\">Le <strong data-start=\"218\" data-end=\"268\">Zilla \u2013 Cuir Daim Big Dado 350 SUE \u2013 Avana<\/strong> m\u00eale chaleur et minimalisme raffin\u00e9 avec aisance.<br data-start=\"316\" data-end=\"319\" \/>Sa surface en cuir su\u00e9d\u00e9 est douce au toucher et r\u00e9v\u00e8le de riches tons Avana.<br data-start=\"385\" data-end=\"388\" \/>De plus, la mati\u00e8re absorbe la lumi\u00e8re en douceur et ajoute une profondeur naturelle.<br data-start=\"455\" data-end=\"458\" \/>La forme structur\u00e9e reste souple, le sac suit ainsi vos mouvements.<br data-start=\"529\" data-end=\"532\" \/>Il offre un espace g\u00e9n\u00e9reux pour les essentiels du quotidien sans perdre sa forme \u00e9pur\u00e9e.<br data-start=\"608\" data-end=\"611\" \/>De plus, le daim doux contraste avec la silhouette nette et cr\u00e9e l'\u00e9quilibre signature de Zilla.<br data-start=\"715\" data-end=\"718\" \/>Vous pouvez le porter \u00e0 la main pour un look fort et d\u00e9fini.<br data-start=\"770\" data-end=\"773\" \/>Alternativement, vous pouvez le placer sous le bras pour une sensation d\u00e9contract\u00e9e.<br data-start=\"838\" data-end=\"841\" data-is-only-node=\"\" \/>La nuance Avana s'associe bien aux palettes terreuses, aux tons fonc\u00e9s et aux neutres doux.<br data-start=\"920\" data-end=\"923\" \/>Par cons\u00e9quent, il rehausse les couleurs chaudes et enrichit les tenues simples.<br data-start=\"989\" data-end=\"992\" \/>Par cons\u00e9quent, le Grand Dado transforme les gestes du quotidien en routines \u00e9l\u00e9gantes.<br data-start=\"1064\" data-end=\"1067\" \/>En fin de compte, cela reste tactile, expressif et indubitablement Zilla.<\/p>\n<p data-start=\"214\" data-end=\"1134\"><a href=\"https:\/\/rendez-vous-store.com\/fr\/shop\/women\/trousers-skirts-discover-our-selection-rendez-vous-store\/asciari-fleur-skirt-as026-sand-rendez-vous-store\/\">Nous aimons le voir port\u00e9 avec<\/a><\/p>\n<p data-start=\"214\" data-end=\"1134\"><strong>La marque\u00a0<\/strong><\/p>\n<p data-start=\"1155\" data-end=\"1670\">Zilla est une marque de sacs \u00e0 main de luxe bas\u00e9e en Italie.<br data-start=\"1202\" data-end=\"1205\" \/>Sylvia Pichler, architecte et designer, l'a fond\u00e9e en 2005.<br data-start=\"1267\" data-end=\"1270\" \/>Gr\u00e2ce \u00e0 sa formation en architecture, elle transforme des mat\u00e9riaux industriels en accessoires raffin\u00e9s.<br data-start=\"1372\" data-end=\"1375\" \/>La marque met l'accent sur des formes minimalistes et des lignes sculpturales.<br data-start=\"1435\" data-end=\"1438\" \/>Cela met en \u00e9vidence \u00e0 la fois la beaut\u00e9 et la praticit\u00e9 dans chaque conception.<br data-start=\"1496\" data-end=\"1499\" \/>De plus, Zilla choisit souvent des mat\u00e9riaux uniques comme des feuilles m\u00e9talliques, du daim, du satin et des tissus \u00e9cologiques.<br data-start=\"1609\" data-end=\"1612\" \/>Par cons\u00e9quent, chaque pi\u00e8ce pr\u00e9sente un fort caract\u00e8re moderne.<\/p>\n<p data-start=\"1672\" data-end=\"1913\">Tous les sacs Zilla sont fabriqu\u00e9s \u00e0 la main dans le nord de l'Italie.<br data-start=\"1721\" data-end=\"1724\" \/>Cette approche garantit une grande qualit\u00e9 d'ex\u00e9cution et des d\u00e9tails pr\u00e9cis.<br data-start=\"1785\" data-end=\"1788\" \/>En cons\u00e9quence, Zilla a acquis une reconnaissance mondiale.<br data-start=\"1837\" data-end=\"1840\" \/>Ses collections apparaissent dans des boutiques s\u00e9lectionn\u00e9es et des grands magasins du monde entier.<\/p>\n<h2 data-start=\"1920\" data-end=\"1938\"><\/h2>\n<p>&nbsp;<\/p>\n<p><strong>La collection<\/strong><\/p>\n<p data-start=\"1940\" data-end=\"2394\">Les lignes saisonni\u00e8res de Zilla refl\u00e8tent son engagement envers la simplicit\u00e9 et l'innovation.<br data-start=\"2015\" data-end=\"2018\" \/>La marque con\u00e7oit des sacs pour les personnes qui accordent autant d'importance \u00e0 la forme qu'\u00e0 la fonctionnalit\u00e9.<br data-start=\"2088\" data-end=\"2091\" \/>Ainsi, les pi\u00e8ces conviennent \u00e0 la fois \u00e0 un usage quotidien et aux occasions sp\u00e9ciales.<br data-start=\"2149\" data-end=\"2152\" \/>Que vous optiez pour un sac fourre-tout m\u00e9tallis\u00e9 ou un sac \u00e0 dos en daim, le look reste moderne et \u00e9l\u00e9gant.<br data-start=\"2242\" data-end=\"2245\" \/>Au fil du temps, Zilla a b\u00e2ti une communaut\u00e9 fid\u00e8le de clients avant-gardistes.<br data-start=\"2317\" data-end=\"2320\" \/>C'est pourquoi de nombreux clients admirent sa vision unique du luxe contemporain.<\/p>\n<p data-start=\"1940\" data-end=\"2394\"><a href=\"https:\/\/www.instagram.com\/p\/DRfNXEEjzFs\/?igsh=aXJqMjBkMjteHUy\">Laissez-vous inspirer par notre look Zilla sur notre Instagram.\u00a0<\/a><\/p>","protected":false},"excerpt":{"rendered":"<p>Zilla &#8211; Suede Leather Big Dado 350 SUE &#8211; Avana Color: Avana Velvety-soft texture Generous size Spacious interior Shoulder strap Composition: Suede calf leather MADE IN ITALY The Bag The Zilla \u2013 Suede Leather Big Dado 350 SUE \u2013 Avana blends warmth and refined minimalism with ease.Its suede leather surface feels soft and reveals rich&hellip; <a class=\"more-link\" href=\"https:\/\/rendez-vous-store.com\/fr\/shop\/women\/women-bags-rendez-vous-store\/zilla-suede-leather-big-dado-350-sue-avana-rendez-vous-store\/\">Continuer la lecture <span class=\"screen-reader-text\">Zilla \u2013 Cuir Daim Big Dado 350 SUE \u2013 Avana<\/span><\/a><\/p>","protected":false},"featured_media":224597,"template":"","meta":{"_acf_changed":false},"product_brand":[],"product_cat":[17,417],"product_tag":[869],"class_list":{"0":"post-224309","1":"product","2":"type-product","3":"status-publish","4":"has-post-thumbnail","6":"product_cat-women","7":"product_cat-women-bags-rendez-vous-store","8":"product_tag-zilla-italian-bags-rendez-vous-store","9":"entry","11":"first","12":"outofstock","13":"taxable","14":"shipping-taxable","15":"product-type-variable"},"acf":[],"yoast_head":"<!-- This site is optimized with the Yoast SEO plugin v24.9 - https:\/\/yoast.com\/wordpress\/plugins\/seo\/ -->\n<title>Zilla - Suede Leather Big Dado 350 SUE - Avana<\/title>\n<meta name=\"description\" content=\"Zilla is on Rendez-vous Store. Zilla - Suede Leather Big Dado 350 SUE - Avana is a fashion statement embracing minimalism with sculptural designs.\" \/>\n<meta name=\"robots\" content=\"index, follow, max-snippet:-1, max-image-preview:large, max-video-preview:-1\" \/>\n<link rel=\"canonical\" href=\"https:\/\/rendez-vous-store.com\/fr\/shop\/women\/women-bags-rendez-vous-store\/zilla-suede-leather-big-dado-350-sue-avana-rendez-vous-store\/\" \/>\n<meta property=\"og:locale\" content=\"fr_FR\" \/>\n<meta property=\"og:type\" content=\"article\" \/>\n<meta property=\"og:title\" content=\"Zilla - Suede Leather Big Dado 350 SUE - Avana\" \/>\n<meta property=\"og:description\" content=\"Zilla is on Rendez-vous Store. Zilla - Suede Leather Big Dado 350 SUE - Avana is a fashion statement embracing minimalism with sculptural designs.\" \/>\n<meta property=\"og:url\" content=\"https:\/\/rendez-vous-store.com\/fr\/shop\/women\/women-bags-rendez-vous-store\/zilla-suede-leather-big-dado-350-sue-avana-rendez-vous-store\/\" \/>\n<meta property=\"og:site_name\" content=\"RENDEZ-VOUS STORE\" \/>\n<meta property=\"article:modified_time\" content=\"2026-04-06T14:30:03+00:00\" \/>\n<meta property=\"og:image\" content=\"https:\/\/rendez-vous-store.com\/app\/uploads\/2025\/11\/IMG_5507-min-scaled.webp\" \/>\n\t<meta property=\"og:image:width\" content=\"1707\" \/>\n\t<meta property=\"og:image:height\" content=\"2560\" \/>\n\t<meta property=\"og:image:type\" content=\"image\/webp\" \/>\n<meta name=\"twitter:card\" content=\"summary_large_image\" \/>\n<meta name=\"twitter:label1\" content=\"Est. reading time\" \/>\n\t<meta name=\"twitter:data1\" content=\"2 minutes\" \/>\n<script type=\"application\/ld+json\" class=\"yoast-schema-graph\">{\"@context\":\"https:\/\/schema.org\",\"@graph\":[{\"@type\":\"WebPage\",\"@id\":\"https:\/\/rendez-vous-store.com\/shop\/women\/women-bags-rendez-vous-store\/zilla-suede-leather-big-dado-350-sue-avana-rendez-vous-store\/\",\"url\":\"https:\/\/rendez-vous-store.com\/shop\/women\/women-bags-rendez-vous-store\/zilla-suede-leather-big-dado-350-sue-avana-rendez-vous-store\/\",\"name\":\"Zilla - Suede Leather Big Dado 350 SUE - Avana\",\"isPartOf\":{\"@id\":\"https:\/\/rendez-vous-store.com\/#website\"},\"primaryImageOfPage\":{\"@id\":\"https:\/\/rendez-vous-store.com\/shop\/women\/women-bags-rendez-vous-store\/zilla-suede-leather-big-dado-350-sue-avana-rendez-vous-store\/#primaryimage\"},\"image\":{\"@id\":\"https:\/\/rendez-vous-store.com\/shop\/women\/women-bags-rendez-vous-store\/zilla-suede-leather-big-dado-350-sue-avana-rendez-vous-store\/#primaryimage\"},\"thumbnailUrl\":\"https:\/\/rendez-vous-store.com\/app\/uploads\/2025\/11\/IMG_5507-min-scaled.webp\",\"datePublished\":\"2025-11-21T11:49:17+00:00\",\"dateModified\":\"2026-04-06T14:30:03+00:00\",\"description\":\"Zilla is on Rendez-vous Store. Zilla - Suede Leather Big Dado 350 SUE - Avana is a fashion statement embracing minimalism with sculptural designs.\",\"breadcrumb\":{\"@id\":\"https:\/\/rendez-vous-store.com\/shop\/women\/women-bags-rendez-vous-store\/zilla-suede-leather-big-dado-350-sue-avana-rendez-vous-store\/#breadcrumb\"},\"inLanguage\":\"fr-FR\",\"potentialAction\":[{\"@type\":\"ReadAction\",\"target\":[\"https:\/\/rendez-vous-store.com\/shop\/women\/women-bags-rendez-vous-store\/zilla-suede-leather-big-dado-350-sue-avana-rendez-vous-store\/\"]}]},{\"@type\":\"ImageObject\",\"inLanguage\":\"fr-FR\",\"@id\":\"https:\/\/rendez-vous-store.com\/shop\/women\/women-bags-rendez-vous-store\/zilla-suede-leather-big-dado-350-sue-avana-rendez-vous-store\/#primaryimage\",\"url\":\"https:\/\/rendez-vous-store.com\/app\/uploads\/2025\/11\/IMG_5507-min-scaled.webp\",\"contentUrl\":\"https:\/\/rendez-vous-store.com\/app\/uploads\/2025\/11\/IMG_5507-min-scaled.webp\",\"width\":1707,\"height\":2560},{\"@type\":\"BreadcrumbList\",\"@id\":\"https:\/\/rendez-vous-store.com\/shop\/women\/women-bags-rendez-vous-store\/zilla-suede-leather-big-dado-350-sue-avana-rendez-vous-store\/#breadcrumb\",\"itemListElement\":[{\"@type\":\"ListItem\",\"position\":1,\"name\":\"Home\",\"item\":\"https:\/\/rendez-vous-store.com\/\"},{\"@type\":\"ListItem\",\"position\":2,\"name\":\"Shop\",\"item\":\"https:\/\/www.rendez-vous-store.com\/shop\/\"},{\"@type\":\"ListItem\",\"position\":3,\"name\":\"Zilla &#8211; Suede Leather Big Dado 350 SUE &#8211; Avana\"}]},{\"@type\":\"WebSite\",\"@id\":\"https:\/\/rendez-vous-store.com\/#website\",\"url\":\"https:\/\/rendez-vous-store.com\/\",\"name\":\"RENDEZ-VOUS STORE\",\"description\":\"Slow Fashion for Women and Men\",\"potentialAction\":[{\"@type\":\"SearchAction\",\"target\":{\"@type\":\"EntryPoint\",\"urlTemplate\":\"https:\/\/rendez-vous-store.com\/?s={search_term_string}\"},\"query-input\":{\"@type\":\"PropertyValueSpecification\",\"valueRequired\":true,\"valueName\":\"search_term_string\"}}],\"inLanguage\":\"fr-FR\"}]}<\/script>\n<!-- \/ Yoast SEO plugin. -->","yoast_head_json":{"title":"Zilla - Suede Leather Big Dado 350 SUE - Avana","description":"Zilla is on Rendez-vous Store. Zilla - Suede Leather Big Dado 350 SUE - Avana is a fashion statement embracing minimalism with sculptural designs.","robots":{"index":"index","follow":"follow","max-snippet":"max-snippet:-1","max-image-preview":"max-image-preview:large","max-video-preview":"max-video-preview:-1"},"canonical":"https:\/\/rendez-vous-store.com\/fr\/shop\/women\/women-bags-rendez-vous-store\/zilla-suede-leather-big-dado-350-sue-avana-rendez-vous-store\/","og_locale":"fr_FR","og_type":"article","og_title":"Zilla - Suede Leather Big Dado 350 SUE - Avana","og_description":"Zilla is on Rendez-vous Store. Zilla - Suede Leather Big Dado 350 SUE - Avana is a fashion statement embracing minimalism with sculptural designs.","og_url":"https:\/\/rendez-vous-store.com\/fr\/shop\/women\/women-bags-rendez-vous-store\/zilla-suede-leather-big-dado-350-sue-avana-rendez-vous-store\/","og_site_name":"RENDEZ-VOUS STORE","article_modified_time":"2026-04-06T14:30:03+00:00","og_image":[{"width":1707,"height":2560,"url":"https:\/\/rendez-vous-store.com\/app\/uploads\/2025\/11\/IMG_5507-min-scaled.webp","type":"image\/webp"}],"twitter_card":"summary_large_image","twitter_misc":{"Est. reading time":"2 minutes"},"schema":{"@context":"https:\/\/schema.org","@graph":[{"@type":"WebPage","@id":"https:\/\/rendez-vous-store.com\/shop\/women\/women-bags-rendez-vous-store\/zilla-suede-leather-big-dado-350-sue-avana-rendez-vous-store\/","url":"https:\/\/rendez-vous-store.com\/shop\/women\/women-bags-rendez-vous-store\/zilla-suede-leather-big-dado-350-sue-avana-rendez-vous-store\/","name":"Zilla - Suede Leather Big Dado 350 SUE - Avana","isPartOf":{"@id":"https:\/\/rendez-vous-store.com\/#website"},"primaryImageOfPage":{"@id":"https:\/\/rendez-vous-store.com\/shop\/women\/women-bags-rendez-vous-store\/zilla-suede-leather-big-dado-350-sue-avana-rendez-vous-store\/#primaryimage"},"image":{"@id":"https:\/\/rendez-vous-store.com\/shop\/women\/women-bags-rendez-vous-store\/zilla-suede-leather-big-dado-350-sue-avana-rendez-vous-store\/#primaryimage"},"thumbnailUrl":"https:\/\/rendez-vous-store.com\/app\/uploads\/2025\/11\/IMG_5507-min-scaled.webp","datePublished":"2025-11-21T11:49:17+00:00","dateModified":"2026-04-06T14:30:03+00:00","description":"Zilla is on Rendez-vous Store. Zilla - Suede Leather Big Dado 350 SUE - Avana is a fashion statement embracing minimalism with sculptural designs.","breadcrumb":{"@id":"https:\/\/rendez-vous-store.com\/shop\/women\/women-bags-rendez-vous-store\/zilla-suede-leather-big-dado-350-sue-avana-rendez-vous-store\/#breadcrumb"},"inLanguage":"fr-FR","potentialAction":[{"@type":"ReadAction","target":["https:\/\/rendez-vous-store.com\/shop\/women\/women-bags-rendez-vous-store\/zilla-suede-leather-big-dado-350-sue-avana-rendez-vous-store\/"]}]},{"@type":"ImageObject","inLanguage":"fr-FR","@id":"https:\/\/rendez-vous-store.com\/shop\/women\/women-bags-rendez-vous-store\/zilla-suede-leather-big-dado-350-sue-avana-rendez-vous-store\/#primaryimage","url":"https:\/\/rendez-vous-store.com\/app\/uploads\/2025\/11\/IMG_5507-min-scaled.webp","contentUrl":"https:\/\/rendez-vous-store.com\/app\/uploads\/2025\/11\/IMG_5507-min-scaled.webp","width":1707,"height":2560},{"@type":"BreadcrumbList","@id":"https:\/\/rendez-vous-store.com\/shop\/women\/women-bags-rendez-vous-store\/zilla-suede-leather-big-dado-350-sue-avana-rendez-vous-store\/#breadcrumb","itemListElement":[{"@type":"ListItem","position":1,"name":"Home","item":"https:\/\/rendez-vous-store.com\/"},{"@type":"ListItem","position":2,"name":"Shop","item":"https:\/\/www.rendez-vous-store.com\/shop\/"},{"@type":"ListItem","position":3,"name":"Zilla &#8211; Suede Leather Big Dado 350 SUE &#8211; Avana"}]},{"@type":"WebSite","@id":"https:\/\/rendez-vous-store.com\/#website","url":"https:\/\/rendez-vous-store.com\/","name":"RENDEZ-VOUS STORE","description":"Slow Fashion for Women and Men","potentialAction":[{"@type":"SearchAction","target":{"@type":"EntryPoint","urlTemplate":"https:\/\/rendez-vous-store.com\/?s={search_term_string}"},"query-input":{"@type":"PropertyValueSpecification","valueRequired":true,"valueName":"search_term_string"}}],"inLanguage":"fr-FR"}]}},"_links":{"self":[{"href":"https:\/\/rendez-vous-store.com\/fr\/wp-json\/wp\/v2\/product\/224309","targetHints":{"allow":["GET"]}}],"collection":[{"href":"https:\/\/rendez-vous-store.com\/fr\/wp-json\/wp\/v2\/product"}],"about":[{"href":"https:\/\/rendez-vous-store.com\/fr\/wp-json\/wp\/v2\/types\/product"}],"wp:featuredmedia":[{"embeddable":true,"href":"https:\/\/rendez-vous-store.com\/fr\/wp-json\/wp\/v2\/media\/224597"}],"wp:attachment":[{"href":"https:\/\/rendez-vous-store.com\/fr\/wp-json\/wp\/v2\/media?parent=224309"}],"wp:term":[{"taxonomy":"product_brand","embeddable":true,"href":"https:\/\/rendez-vous-store.com\/fr\/wp-json\/wp\/v2\/product_brand?post=224309"},{"taxonomy":"product_cat","embeddable":true,"href":"https:\/\/rendez-vous-store.com\/fr\/wp-json\/wp\/v2\/product_cat?post=224309"},{"taxonomy":"product_tag","embeddable":true,"href":"https:\/\/rendez-vous-store.com\/fr\/wp-json\/wp\/v2\/product_tag?post=224309"}],"curies":[{"name":"wp","href":"https:\/\/api.w.org\/{rel}","templated":true}]}}