{"id":224284,"date":"2025-11-21T12:47:51","date_gmt":"2025-11-21T11:47:51","guid":{"rendered":"https:\/\/rendez-vous-store.com\/?post_type=product&#038;p=224284"},"modified":"2026-03-16T19:33:22","modified_gmt":"2026-03-16T18:33:22","slug":"zilla-naplak-leather-greta-338-lak-salvia-rendez-vous-store","status":"publish","type":"product","link":"https:\/\/rendez-vous-store.com\/fr\/shop\/rdvs-selection-discover-our-current-selection-rendez-vous-store\/rdvs-selection-women-rendez-vous-store\/zilla-naplak-leather-greta-338-lak-salvia-rendez-vous-store\/","title":{"rendered":"Zilla \u2013 Cuir Naplak Greta 338 LAK \u2013 Sauge"},"content":{"rendered":"<p><strong>Zilla Naplak Cuir Greta 338 LAK Salvia<\/strong><\/p>\n<p>Couleur : Salvia<\/p>\n<p>Finition brillante<\/p>\n<p>Longue sangle pour porter \u00e0 l'\u00e9paule ou en bandouli\u00e8re<\/p>\n<p>Beaucoup d'espace<\/p>\n<p>Composition : Cuir de veau Naplak<\/p>\n<p>L 30 cm x H 33 cm x P 29 cm<\/p>\n<p>Fabriqu\u00e9 en Italie<\/p>\n<p>&nbsp;<\/p>\n<p>&nbsp;<\/p>\n<h2 data-start=\"193\" data-end=\"203\"><\/h2>\n<p>&nbsp;<\/p>\n<p><strong>Le sac<\/strong><\/p>\n<p data-start=\"205\" data-end=\"1154\">Le Zilla \u2013 Naplak Leather Greta 338 LAK \u2013 Salvia allie \u00e9l\u00e9gance et praticit\u00e9 au quotidien sans effort.<br data-start=\"316\" data-end=\"319\" \/>Sa surface en cuir Naplak brille doucement, r\u00e9v\u00e9lant des tons verts frais de sauge.<br data-start=\"396\" data-end=\"399\" \/>De plus, le cuir est lisse, r\u00e9sistant et con\u00e7u pour durer.<br data-start=\"462\" data-end=\"465\" \/>Le design Greta offre suffisamment d'espace pour l'essentiel tout en conservant une silhouette \u00e9pur\u00e9e et raffin\u00e9e.<br data-start=\"563\" data-end=\"566\" \/>En outre, les lignes structur\u00e9es du sac soulignent le style minimaliste caract\u00e9ristique de Zilla.<br data-start=\"651\" data-end=\"654\" \/>Il pr\u00e9sente des coutures pr\u00e9cises et des finitions discr\u00e8tes pour une touche soign\u00e9e.<br data-start=\"726\" data-end=\"729\" \/>Vous pouvez le porter \u00e0 la main pour une allure assur\u00e9e et sophistiqu\u00e9e.<br data-start=\"790\" data-end=\"793\" \/>Alternativement, portez-le sur l'\u00e9paule pour plus de facilit\u00e9 et de confort.<br data-start=\"855\" data-end=\"858\" data-is-only-node=\"\" \/>La couleur Sauge se marie \u00e0 merveille avec les tons terreux, les neutres et les pastels doux.<br data-start=\"939\" data-end=\"942\" \/>Par cons\u00e9quent, il rehausse sans effort les tenues d\u00e9contract\u00e9es et professionnelles.<br data-start=\"1010\" data-end=\"1013\" \/>En cons\u00e9quence, le sac Greta transforme les routines du quotidien en moments styl\u00e9s.<br data-start=\"1081\" data-end=\"1084\" \/>En fin de compte, il reste expressif, fonctionnel et ind\u00e9niablement Zilla.<\/p>\n<p>&nbsp;<\/p>\n<p>&nbsp;<\/p>\n<p><a href=\"https:\/\/rendez-vous-store.com\/fr\/shop\/women\/women-shirts-discover-our-selection-rendez-vous-store\/bergfabel-tina-shirt-bfwsh82-a01-white-rendez-vous-store\/\">Nous aimons le voir port\u00e9 avec<\/a><\/p>\n<p>&nbsp;<\/p>\n<p><strong>La marque<\/strong><\/p>\n<p data-start=\"1175\" data-end=\"1754\">Zilla est une marque de sacs \u00e0 main de luxe bas\u00e9e en Italie.<br data-start=\"1222\" data-end=\"1225\" \/>En outre, Sylvia Pichler, architecte et designer, l'a fond\u00e9e en 2005.<br data-start=\"1297\" data-end=\"1300\" \/>Gr\u00e2ce \u00e0 sa formation en architecture, elle transforme ainsi des mat\u00e9riaux industriels en accessoires \u00e9l\u00e9gants.<br data-start=\"1413\" data-end=\"1416\" \/>De plus, la marque met l'accent sur des designs minimalistes et sculpturaux dans chaque pi\u00e8ce.<br data-start=\"1496\" data-end=\"1499\" \/>Il concilie \u00e9galement beaut\u00e9 esth\u00e9tique et fonctionnalit\u00e9 pratique sans effort.<br data-start=\"1574\" data-end=\"1577\" \/>En outre, Zilla utilise des mat\u00e9riaux innovants tels que le cuir Naplak, le velours, le nylon et les feuilles m\u00e9talliques.<br data-start=\"1677\" data-end=\"1680\" \/>En cons\u00e9quence, chaque sac se distingue par sa texture unique et son attrait moderne.<\/p>\n<p data-start=\"1756\" data-end=\"2082\">De plus, tous les produits Zilla sont fabriqu\u00e9s \u00e0 la main dans le nord de l'Italie.<br data-start=\"1822\" data-end=\"1825\" \/>Ce processus garantit ainsi un travail minutieux et une finition de haute qualit\u00e9.<br data-start=\"1908\" data-end=\"1911\" \/>En cons\u00e9quence, Zilla a acquis une reconnaissance internationale dans la mode de luxe.<br data-start=\"1985\" data-end=\"1988\" \/>Par cons\u00e9quent, ses collections sont disponibles dans des boutiques s\u00e9lectionn\u00e9es et des grands magasins haut de gamme dans le monde entier.<\/p>\n<p data-start=\"1756\" data-end=\"2082\">\n<p data-start=\"1756\" data-end=\"2082\">\n<p data-start=\"1756\" data-end=\"2082\">\n<p data-start=\"1756\" data-end=\"2082\"><strong>La collection<\/strong><\/p>\n<p data-start=\"2109\" data-end=\"2575\">Les collections saisonni\u00e8res de Zilla refl\u00e8tent l'innovation, le minimalisme et un design r\u00e9fl\u00e9chi.<br data-start=\"2186\" data-end=\"2189\" \/>La marque cr\u00e9e des sacs pour les personnes qui appr\u00e9cient \u00e0 la fois la forme et la fonction.<br data-start=\"2256\" data-end=\"2259\" \/>Ainsi, chaque pi\u00e8ce convient \u00e0 un usage quotidien et aux occasions sp\u00e9ciales.<br data-start=\"2322\" data-end=\"2325\" \/>Que vous choisissiez un fourre-tout, un cabas ou un sac Greta, le design reste moderne et \u00e9l\u00e9gant.<br data-start=\"2411\" data-end=\"2414\" \/>Au fil du temps, Zilla a su fid\u00e9liser une client\u00e8le soucieuse de la mode.<br data-start=\"2488\" data-end=\"2491\" \/>C'est pourquoi de nombreux clients admirent l'approche unique de la marque en mati\u00e8re de luxe contemporain.<\/p>\n<p data-start=\"2109\" data-end=\"2575\">\n<p data-start=\"2109\" data-end=\"2575\">\n<p data-start=\"2109\" data-end=\"2575\"><a href=\"https:\/\/www.instagram.com\/p\/DRfNXEEjzFs\/?igsh=aXJqMjBkMjteHUy\">Laissez-vous inspirer par notre look Zilla sur notre Instagram.\u00a0<\/a><\/p>","protected":false},"excerpt":{"rendered":"<p>Zilla Naplak Leather Greta 338 LAK Salvia Color: Salvia Glossy finish Long strap for wear other the shoulder or crossbody Ample space Composition: Naplak calf leather W 30 cm x H 33 cm x D 29 cm Made in Italy &nbsp; &nbsp; &nbsp; The bag The Zilla \u2013 Naplak Leather Greta 338 LAK \u2013 Salvia&hellip; <a class=\"more-link\" href=\"https:\/\/rendez-vous-store.com\/fr\/shop\/rdvs-selection-discover-our-current-selection-rendez-vous-store\/rdvs-selection-women-rendez-vous-store\/zilla-naplak-leather-greta-338-lak-salvia-rendez-vous-store\/\">Continuer la lecture <span class=\"screen-reader-text\">Zilla \u2013 Cuir Naplak Greta 338 LAK \u2013 Sauge<\/span><\/a><\/p>","protected":false},"featured_media":224713,"template":"","meta":{"_acf_changed":false},"product_brand":[],"product_cat":[405,17,417],"product_tag":[869],"class_list":{"0":"post-224284","1":"product","2":"type-product","3":"status-publish","4":"has-post-thumbnail","6":"product_cat-rdvs-selection-women-rendez-vous-store","7":"product_cat-women","8":"product_cat-women-bags-rendez-vous-store","9":"product_tag-zilla-italian-bags-rendez-vous-store","10":"entry","12":"first","13":"instock","14":"taxable","15":"shipping-taxable","16":"purchasable","17":"product-type-variable"},"acf":[],"yoast_head":"<!-- This site is optimized with the Yoast SEO plugin v24.9 - https:\/\/yoast.com\/wordpress\/plugins\/seo\/ -->\n<title>Zilla Naplak Leather Greta 338 LAK Salvia<\/title>\n<meta name=\"description\" content=\"Zilla is on Rendez-vous Store. Zilla - Naplak Leather Greta 338 LAK - Salvia is a fashion statement embracing minimalism with sculptural designs.\" \/>\n<meta name=\"robots\" content=\"index, follow, max-snippet:-1, max-image-preview:large, max-video-preview:-1\" \/>\n<link rel=\"canonical\" href=\"https:\/\/rendez-vous-store.com\/fr\/shop\/rdvs-selection-discover-our-current-selection-rendez-vous-store\/rdvs-selection-women-rendez-vous-store\/zilla-naplak-leather-greta-338-lak-salvia-rendez-vous-store\/\" \/>\n<meta property=\"og:locale\" content=\"fr_FR\" \/>\n<meta property=\"og:type\" content=\"article\" \/>\n<meta property=\"og:title\" content=\"Zilla Naplak Leather Greta 338 LAK Salvia\" \/>\n<meta property=\"og:description\" content=\"Zilla is on Rendez-vous Store. Zilla - Naplak Leather Greta 338 LAK - Salvia is a fashion statement embracing minimalism with sculptural designs.\" \/>\n<meta property=\"og:url\" content=\"https:\/\/rendez-vous-store.com\/fr\/shop\/rdvs-selection-discover-our-current-selection-rendez-vous-store\/rdvs-selection-women-rendez-vous-store\/zilla-naplak-leather-greta-338-lak-salvia-rendez-vous-store\/\" \/>\n<meta property=\"og:site_name\" content=\"RENDEZ-VOUS STORE\" \/>\n<meta property=\"article:modified_time\" content=\"2026-03-16T18:33:22+00:00\" \/>\n<meta property=\"og:image\" content=\"https:\/\/rendez-vous-store.com\/app\/uploads\/2025\/11\/IMG_5593-min-scaled.webp\" \/>\n\t<meta property=\"og:image:width\" content=\"1707\" \/>\n\t<meta property=\"og:image:height\" content=\"2560\" \/>\n\t<meta property=\"og:image:type\" content=\"image\/webp\" \/>\n<meta name=\"twitter:card\" content=\"summary_large_image\" \/>\n<meta name=\"twitter:label1\" content=\"Est. reading time\" \/>\n\t<meta name=\"twitter:data1\" content=\"2 minutes\" \/>\n<script type=\"application\/ld+json\" class=\"yoast-schema-graph\">{\"@context\":\"https:\/\/schema.org\",\"@graph\":[{\"@type\":\"WebPage\",\"@id\":\"https:\/\/rendez-vous-store.com\/shop\/rdvs-selection-discover-our-current-selection-rendez-vous-store\/rdvs-selection-women-rendez-vous-store\/zilla-naplak-leather-greta-338-lak-salvia-rendez-vous-store\/\",\"url\":\"https:\/\/rendez-vous-store.com\/shop\/rdvs-selection-discover-our-current-selection-rendez-vous-store\/rdvs-selection-women-rendez-vous-store\/zilla-naplak-leather-greta-338-lak-salvia-rendez-vous-store\/\",\"name\":\"Zilla Naplak Leather Greta 338 LAK Salvia\",\"isPartOf\":{\"@id\":\"https:\/\/rendez-vous-store.com\/#website\"},\"primaryImageOfPage\":{\"@id\":\"https:\/\/rendez-vous-store.com\/shop\/rdvs-selection-discover-our-current-selection-rendez-vous-store\/rdvs-selection-women-rendez-vous-store\/zilla-naplak-leather-greta-338-lak-salvia-rendez-vous-store\/#primaryimage\"},\"image\":{\"@id\":\"https:\/\/rendez-vous-store.com\/shop\/rdvs-selection-discover-our-current-selection-rendez-vous-store\/rdvs-selection-women-rendez-vous-store\/zilla-naplak-leather-greta-338-lak-salvia-rendez-vous-store\/#primaryimage\"},\"thumbnailUrl\":\"https:\/\/rendez-vous-store.com\/app\/uploads\/2025\/11\/IMG_5593-min-scaled.webp\",\"datePublished\":\"2025-11-21T11:47:51+00:00\",\"dateModified\":\"2026-03-16T18:33:22+00:00\",\"description\":\"Zilla is on Rendez-vous Store. Zilla - Naplak Leather Greta 338 LAK - Salvia is a fashion statement embracing minimalism with sculptural designs.\",\"breadcrumb\":{\"@id\":\"https:\/\/rendez-vous-store.com\/shop\/rdvs-selection-discover-our-current-selection-rendez-vous-store\/rdvs-selection-women-rendez-vous-store\/zilla-naplak-leather-greta-338-lak-salvia-rendez-vous-store\/#breadcrumb\"},\"inLanguage\":\"fr-FR\",\"potentialAction\":[{\"@type\":\"ReadAction\",\"target\":[\"https:\/\/rendez-vous-store.com\/shop\/rdvs-selection-discover-our-current-selection-rendez-vous-store\/rdvs-selection-women-rendez-vous-store\/zilla-naplak-leather-greta-338-lak-salvia-rendez-vous-store\/\"]}]},{\"@type\":\"ImageObject\",\"inLanguage\":\"fr-FR\",\"@id\":\"https:\/\/rendez-vous-store.com\/shop\/rdvs-selection-discover-our-current-selection-rendez-vous-store\/rdvs-selection-women-rendez-vous-store\/zilla-naplak-leather-greta-338-lak-salvia-rendez-vous-store\/#primaryimage\",\"url\":\"https:\/\/rendez-vous-store.com\/app\/uploads\/2025\/11\/IMG_5593-min-scaled.webp\",\"contentUrl\":\"https:\/\/rendez-vous-store.com\/app\/uploads\/2025\/11\/IMG_5593-min-scaled.webp\",\"width\":1707,\"height\":2560},{\"@type\":\"BreadcrumbList\",\"@id\":\"https:\/\/rendez-vous-store.com\/shop\/rdvs-selection-discover-our-current-selection-rendez-vous-store\/rdvs-selection-women-rendez-vous-store\/zilla-naplak-leather-greta-338-lak-salvia-rendez-vous-store\/#breadcrumb\",\"itemListElement\":[{\"@type\":\"ListItem\",\"position\":1,\"name\":\"Home\",\"item\":\"https:\/\/rendez-vous-store.com\/\"},{\"@type\":\"ListItem\",\"position\":2,\"name\":\"Shop\",\"item\":\"https:\/\/www.rendez-vous-store.com\/shop\/\"},{\"@type\":\"ListItem\",\"position\":3,\"name\":\"Zilla &#8211; Naplak Leather Greta 338 LAK &#8211; Salvia\"}]},{\"@type\":\"WebSite\",\"@id\":\"https:\/\/rendez-vous-store.com\/#website\",\"url\":\"https:\/\/rendez-vous-store.com\/\",\"name\":\"RENDEZ-VOUS STORE\",\"description\":\"Slow Fashion for Women and Men\",\"potentialAction\":[{\"@type\":\"SearchAction\",\"target\":{\"@type\":\"EntryPoint\",\"urlTemplate\":\"https:\/\/rendez-vous-store.com\/?s={search_term_string}\"},\"query-input\":{\"@type\":\"PropertyValueSpecification\",\"valueRequired\":true,\"valueName\":\"search_term_string\"}}],\"inLanguage\":\"fr-FR\"}]}<\/script>\n<!-- \/ Yoast SEO plugin. -->","yoast_head_json":{"title":"Zilla Naplak Leather Greta 338 LAK Salvia","description":"Zilla is on Rendez-vous Store. Zilla - Naplak Leather Greta 338 LAK - Salvia is a fashion statement embracing minimalism with sculptural designs.","robots":{"index":"index","follow":"follow","max-snippet":"max-snippet:-1","max-image-preview":"max-image-preview:large","max-video-preview":"max-video-preview:-1"},"canonical":"https:\/\/rendez-vous-store.com\/fr\/shop\/rdvs-selection-discover-our-current-selection-rendez-vous-store\/rdvs-selection-women-rendez-vous-store\/zilla-naplak-leather-greta-338-lak-salvia-rendez-vous-store\/","og_locale":"fr_FR","og_type":"article","og_title":"Zilla Naplak Leather Greta 338 LAK Salvia","og_description":"Zilla is on Rendez-vous Store. Zilla - Naplak Leather Greta 338 LAK - Salvia is a fashion statement embracing minimalism with sculptural designs.","og_url":"https:\/\/rendez-vous-store.com\/fr\/shop\/rdvs-selection-discover-our-current-selection-rendez-vous-store\/rdvs-selection-women-rendez-vous-store\/zilla-naplak-leather-greta-338-lak-salvia-rendez-vous-store\/","og_site_name":"RENDEZ-VOUS STORE","article_modified_time":"2026-03-16T18:33:22+00:00","og_image":[{"width":1707,"height":2560,"url":"https:\/\/rendez-vous-store.com\/app\/uploads\/2025\/11\/IMG_5593-min-scaled.webp","type":"image\/webp"}],"twitter_card":"summary_large_image","twitter_misc":{"Est. reading time":"2 minutes"},"schema":{"@context":"https:\/\/schema.org","@graph":[{"@type":"WebPage","@id":"https:\/\/rendez-vous-store.com\/shop\/rdvs-selection-discover-our-current-selection-rendez-vous-store\/rdvs-selection-women-rendez-vous-store\/zilla-naplak-leather-greta-338-lak-salvia-rendez-vous-store\/","url":"https:\/\/rendez-vous-store.com\/shop\/rdvs-selection-discover-our-current-selection-rendez-vous-store\/rdvs-selection-women-rendez-vous-store\/zilla-naplak-leather-greta-338-lak-salvia-rendez-vous-store\/","name":"Zilla Naplak Leather Greta 338 LAK Salvia","isPartOf":{"@id":"https:\/\/rendez-vous-store.com\/#website"},"primaryImageOfPage":{"@id":"https:\/\/rendez-vous-store.com\/shop\/rdvs-selection-discover-our-current-selection-rendez-vous-store\/rdvs-selection-women-rendez-vous-store\/zilla-naplak-leather-greta-338-lak-salvia-rendez-vous-store\/#primaryimage"},"image":{"@id":"https:\/\/rendez-vous-store.com\/shop\/rdvs-selection-discover-our-current-selection-rendez-vous-store\/rdvs-selection-women-rendez-vous-store\/zilla-naplak-leather-greta-338-lak-salvia-rendez-vous-store\/#primaryimage"},"thumbnailUrl":"https:\/\/rendez-vous-store.com\/app\/uploads\/2025\/11\/IMG_5593-min-scaled.webp","datePublished":"2025-11-21T11:47:51+00:00","dateModified":"2026-03-16T18:33:22+00:00","description":"Zilla is on Rendez-vous Store. Zilla - Naplak Leather Greta 338 LAK - Salvia is a fashion statement embracing minimalism with sculptural designs.","breadcrumb":{"@id":"https:\/\/rendez-vous-store.com\/shop\/rdvs-selection-discover-our-current-selection-rendez-vous-store\/rdvs-selection-women-rendez-vous-store\/zilla-naplak-leather-greta-338-lak-salvia-rendez-vous-store\/#breadcrumb"},"inLanguage":"fr-FR","potentialAction":[{"@type":"ReadAction","target":["https:\/\/rendez-vous-store.com\/shop\/rdvs-selection-discover-our-current-selection-rendez-vous-store\/rdvs-selection-women-rendez-vous-store\/zilla-naplak-leather-greta-338-lak-salvia-rendez-vous-store\/"]}]},{"@type":"ImageObject","inLanguage":"fr-FR","@id":"https:\/\/rendez-vous-store.com\/shop\/rdvs-selection-discover-our-current-selection-rendez-vous-store\/rdvs-selection-women-rendez-vous-store\/zilla-naplak-leather-greta-338-lak-salvia-rendez-vous-store\/#primaryimage","url":"https:\/\/rendez-vous-store.com\/app\/uploads\/2025\/11\/IMG_5593-min-scaled.webp","contentUrl":"https:\/\/rendez-vous-store.com\/app\/uploads\/2025\/11\/IMG_5593-min-scaled.webp","width":1707,"height":2560},{"@type":"BreadcrumbList","@id":"https:\/\/rendez-vous-store.com\/shop\/rdvs-selection-discover-our-current-selection-rendez-vous-store\/rdvs-selection-women-rendez-vous-store\/zilla-naplak-leather-greta-338-lak-salvia-rendez-vous-store\/#breadcrumb","itemListElement":[{"@type":"ListItem","position":1,"name":"Home","item":"https:\/\/rendez-vous-store.com\/"},{"@type":"ListItem","position":2,"name":"Shop","item":"https:\/\/www.rendez-vous-store.com\/shop\/"},{"@type":"ListItem","position":3,"name":"Zilla &#8211; Naplak Leather Greta 338 LAK &#8211; Salvia"}]},{"@type":"WebSite","@id":"https:\/\/rendez-vous-store.com\/#website","url":"https:\/\/rendez-vous-store.com\/","name":"RENDEZ-VOUS STORE","description":"Slow Fashion for Women and Men","potentialAction":[{"@type":"SearchAction","target":{"@type":"EntryPoint","urlTemplate":"https:\/\/rendez-vous-store.com\/?s={search_term_string}"},"query-input":{"@type":"PropertyValueSpecification","valueRequired":true,"valueName":"search_term_string"}}],"inLanguage":"fr-FR"}]}},"_links":{"self":[{"href":"https:\/\/rendez-vous-store.com\/fr\/wp-json\/wp\/v2\/product\/224284","targetHints":{"allow":["GET"]}}],"collection":[{"href":"https:\/\/rendez-vous-store.com\/fr\/wp-json\/wp\/v2\/product"}],"about":[{"href":"https:\/\/rendez-vous-store.com\/fr\/wp-json\/wp\/v2\/types\/product"}],"wp:featuredmedia":[{"embeddable":true,"href":"https:\/\/rendez-vous-store.com\/fr\/wp-json\/wp\/v2\/media\/224713"}],"wp:attachment":[{"href":"https:\/\/rendez-vous-store.com\/fr\/wp-json\/wp\/v2\/media?parent=224284"}],"wp:term":[{"taxonomy":"product_brand","embeddable":true,"href":"https:\/\/rendez-vous-store.com\/fr\/wp-json\/wp\/v2\/product_brand?post=224284"},{"taxonomy":"product_cat","embeddable":true,"href":"https:\/\/rendez-vous-store.com\/fr\/wp-json\/wp\/v2\/product_cat?post=224284"},{"taxonomy":"product_tag","embeddable":true,"href":"https:\/\/rendez-vous-store.com\/fr\/wp-json\/wp\/v2\/product_tag?post=224284"}],"curies":[{"name":"wp","href":"https:\/\/api.w.org\/{rel}","templated":true}]}}