{"id":223825,"date":"2025-11-18T17:15:01","date_gmt":"2025-11-18T16:15:01","guid":{"rendered":"https:\/\/rendez-vous-store.com\/?post_type=product&#038;p=223825"},"modified":"2026-04-24T16:36:39","modified_gmt":"2026-04-24T14:36:39","slug":"album-di-famiglia-men-alpago-loose-coat-stone-rendez-vous-store","status":"publish","type":"product","link":"https:\/\/rendez-vous-store.com\/fr\/shop\/special-offer-men-rendez-vous-store\/men-coat-and-jacket-special-offer\/album-di-famiglia-men-alpago-loose-coat-stone-rendez-vous-store\/","title":{"rendered":"Album Di Famiglia \u2013 Manteau ample Alpago \u2013 Pierre"},"content":{"rendered":"<p><strong>Album Di Famiglia \u2013 Manteau ample Alpago \u2013 Pierre<\/strong><\/p>\n<p>Couleur : Gris<\/p>\n<p>Coupe d\u00e9contract\u00e9e<\/p>\n<p>Col crant\u00e9<\/p>\n<p>Manches longues<\/p>\n<p>\u00c9paules tombantes<\/p>\n<p>Fermeture \u00e0 boutons sur le devant<\/p>\n<p>Deux poches avant<\/p>\n<p>Composition : 100% Laine vierge \/ Doublure : 100% Coton<\/p>\n<h2 data-start=\"223\" data-end=\"237\"><\/h2>\n<p>&nbsp;<\/p>\n<p><strong>Le produit<\/strong><\/p>\n<p data-start=\"239\" data-end=\"1131\">Le <strong data-start=\"243\" data-end=\"296\">Album di Famiglia \u2013 Manteau Ample Alpago Homme \u2013 Pierre<\/strong> allie une \u00e9l\u00e9gance intemporelle \u00e0 un savoir-faire italien d\u00e9contract\u00e9.<br data-start=\"359\" data-end=\"362\" \/>Son tissu doux drap\u00e9 avec fluidit\u00e9, cr\u00e9ant une silhouette raffin\u00e9e et sans effort.<br data-start=\"439\" data-end=\"442\" \/>De plus, la couleur pierre apporte une chaleur subtile et une polyvalence \u00e0 toute garde-robe.<br data-start=\"519\" data-end=\"522\" \/>La coupe ample d'Alpaga permet de superposer des v\u00eatements tout en conservant une forme gracieuse et fluide.<br data-start=\"607\" data-end=\"610\" \/>De plus, des coutures pr\u00e9cises et des d\u00e9tails discrets rehaussent la finition soign\u00e9e du manteau.<br data-start=\"700\" data-end=\"703\" \/>Vous pouvez le porter au travail, pour des sorties d\u00e9contract\u00e9es, ou lors d'\u00e9v\u00e9nements en soir\u00e9e en toute simplicit\u00e9.<br data-start=\"773\" data-end=\"776\" \/>Associez-le \u00e0 un pantalon sur mesure pour un look sophistiqu\u00e9 ou \u00e0 un jean pour un style d\u00e9contract\u00e9.<br data-start=\"853\" data-end=\"856\" \/>Par cons\u00e9quent, ce manteau rehausse le style au quotidien tout en restant exceptionnellement confortable.<br data-start=\"949\" data-end=\"952\" \/>En cons\u00e9quence, le manteau ample Homme Alpago devient un essentiel de garde-robe pour une polyvalence moderne.<br data-start=\"1043\" data-end=\"1046\" \/>En fin de compte, il incarne l'\u00e9quilibre entre le confort, la fonctionnalit\u00e9 et le design minimaliste.<\/p>\n<p>&nbsp;<\/p>\n<p><a href=\"https:\/\/rendez-vous-store.com\/fr\/shop\/rdvs-selection-discover-our-current-selection-rendez-vous-store\/rdvs-selection-men-rendez-vous-store-rendez-vous-store\/arpenteur-x-paraboot-mirage-mens-leather-shoes-black\/\">Nous aimons le voir port\u00e9 avec<\/a><\/p>\n<p>&nbsp;<\/p>\n<p>&nbsp;<\/p>\n<p>&nbsp;<\/p>\n<p><strong>La marque<\/strong><\/p>\n<p data-start=\"1133\" data-end=\"2150\">Album di Famiglia a \u00e9t\u00e9 fond\u00e9 par Monica Rusconi et donne vie au luxe minimaliste.<br data-start=\"1222\" data-end=\"1225\" \/>\u00c9tablie au d\u00e9but des ann\u00e9es 2000, la marque s'est rapidement fait conna\u00eetre pour son \u00e9l\u00e9gance discr\u00e8te et sa qualit\u00e9.<br data-start=\"1325\" data-end=\"1328\" \/>De plus, chaque collection capture l'essence de la vie de famille, alliant confort et style sans effort.<br data-start=\"1429\" data-end=\"1432\" \/>Les pi\u00e8ces, des tricots douillets aux manteaux \u00e9l\u00e9gants, t\u00e9moignent d'une attention m\u00e9ticuleuse aux d\u00e9tails.<br data-start=\"1517\" data-end=\"1520\" \/>De plus, chaque v\u00eatement allie confort, fonctionnalit\u00e9 et style sans effort.<br data-start=\"1603\" data-end=\"1606\" \/>Avec des lignes \u00e9pur\u00e9es, des silhouettes fluides et une palette neutre, la marque cr\u00e9e une polyvalence intemporelle.<br data-start=\"1705\" data-end=\"1708\" \/>De plus, Album di Famiglia utilise des mat\u00e9riaux de haute qualit\u00e9 tels que le coton doux, la laine luxueuse et le cachemire somptueux.<br data-start=\"1827\" data-end=\"1830\" \/>Par cons\u00e9quent, chaque pi\u00e8ce offre durabilit\u00e9, style et confort in\u00e9gal\u00e9, soulignant l'engagement de la marque envers la qualit\u00e9.<br data-start=\"1952\" data-end=\"1955\" \/>De plus, la marque propose des v\u00eatements intemporels qui transcendent les tendances \u00e9ph\u00e9m\u00e8res de la mode.<br data-start=\"2044\" data-end=\"2047\" \/>En cons\u00e9quence, Album di Famiglia invite \u00e0 un style de vie o\u00f9 le confort et l'\u00e9l\u00e9gance coexistent au quotidien.<\/p>\n<h2 data-start=\"2157\" data-end=\"2175\"><\/h2>\n<p>&nbsp;<\/p>\n<p><strong>La collection<\/strong><\/p>\n<p data-start=\"2177\" data-end=\"2745\">Album di Famiglia cr\u00e9e des collections r\u00e9fl\u00e9chies qui rehaussent le style vestimentaire quotidien.<br data-start=\"2265\" data-end=\"2268\" \/>Chaque v\u00eatement allie confort, style et polyvalence avec un minimum d'effort.<br data-start=\"2342\" data-end=\"2345\" \/>Que vous optiez pour des basiques d\u00e9contract\u00e9s ou des pi\u00e8ces sophistiqu\u00e9es audacieuses, chaque article permet l'expression de soi.<br data-start=\"2448\" data-end=\"2451\" \/>Ainsi, la garde-robe encourage la confiance gr\u00e2ce \u00e0 un design intemporel et une esth\u00e9tique raffin\u00e9e.<br data-start=\"2539\" data-end=\"2542\" \/>Dans un monde de la mode domin\u00e9 par les tendances, Album di Famiglia offre une alternative rafra\u00eechissante et durable.<br data-start=\"2643\" data-end=\"2646\" \/>Par cons\u00e9quent, ses pi\u00e8ces transforment les moments ordinaires en c\u00e9l\u00e9brations de style, de confort et d'\u00e9l\u00e9gance.<\/p>\n<p data-start=\"2177\" data-end=\"2745\"><a href=\"https:\/\/www.instagram.com\/p\/DRUwg1QkX97\/?hl=fr&amp;img_index=1\">Inspirez-vous avec notre look Album Di Famiglia sur notre Instagram\u00a0<\/a><\/p>\n<p>&nbsp;<\/p>","protected":false},"excerpt":{"rendered":"<p>Album Di Famiglia &#8211; Men Alpago Loose Coat &#8211; Stone Color: Stone Relaxed fit Notched collar Long sleeves Dropped shoulders Button front closure Two front pockets Composition: 100% Virgin Wool \/ Lining: 100% Cotton &nbsp; The product The Album di Famiglia \u2013 Men Alpago Loose Coat \u2013 Stone combines timeless elegance with relaxed Italian craftsmanship.Its&hellip; <a class=\"more-link\" href=\"https:\/\/rendez-vous-store.com\/fr\/shop\/special-offer-men-rendez-vous-store\/men-coat-and-jacket-special-offer\/album-di-famiglia-men-alpago-loose-coat-stone-rendez-vous-store\/\">Continuer la lecture <span class=\"screen-reader-text\">Album Di Famiglia \u2013 Manteau ample Alpago \u2013 Pierre<\/span><\/a><\/p>","protected":false},"featured_media":225721,"template":"","meta":{"_acf_changed":false},"product_brand":[],"product_cat":[1271,1353,1350,302,20,53],"product_tag":[276],"class_list":{"0":"post-223825","1":"product","2":"type-product","3":"status-publish","4":"has-post-thumbnail","6":"product_cat-1271","7":"product_cat-men-coat-and-jacket-special-offer","8":"product_cat-special-offer-men-rendez-vous-store","9":"product_cat-rdvs-selection-men-rendez-vous-store-rendez-vous-store","10":"product_cat-men-selection-discover-our-selection-rendez-vous-store","11":"product_cat-jackets-coats-discover-our-selection","12":"product_tag-album-di-famiglia","13":"entry","15":"first","16":"outofstock","17":"taxable","18":"shipping-taxable","19":"product-type-variable"},"acf":[],"yoast_head":"<!-- This site is optimized with the Yoast SEO plugin v24.9 - https:\/\/yoast.com\/wordpress\/plugins\/seo\/ -->\n<title>Album Di Famiglia - Men Alpago Loose Coat - Stone<\/title>\n<meta name=\"description\" content=\"Album Di Famiglia is on Rendez-Vous Store. This Album Di Famiglia - Men Alpago Loose Coat - Stone associate shape and texture. Discover now.\" \/>\n<meta name=\"robots\" content=\"index, follow, max-snippet:-1, max-image-preview:large, max-video-preview:-1\" \/>\n<link rel=\"canonical\" href=\"https:\/\/rendez-vous-store.com\/fr\/shop\/special-offer-men-rendez-vous-store\/men-coat-and-jacket-special-offer\/album-di-famiglia-men-alpago-loose-coat-stone-rendez-vous-store\/\" \/>\n<meta property=\"og:locale\" content=\"fr_FR\" \/>\n<meta property=\"og:type\" content=\"article\" \/>\n<meta property=\"og:title\" content=\"Album Di Famiglia - Men Alpago Loose Coat - Stone\" \/>\n<meta property=\"og:description\" content=\"Album Di Famiglia is on Rendez-Vous Store. This Album Di Famiglia - Men Alpago Loose Coat - Stone associate shape and texture. Discover now.\" \/>\n<meta property=\"og:url\" content=\"https:\/\/rendez-vous-store.com\/fr\/shop\/special-offer-men-rendez-vous-store\/men-coat-and-jacket-special-offer\/album-di-famiglia-men-alpago-loose-coat-stone-rendez-vous-store\/\" \/>\n<meta property=\"og:site_name\" content=\"RENDEZ-VOUS STORE\" \/>\n<meta property=\"article:modified_time\" content=\"2026-04-24T14:36:39+00:00\" \/>\n<meta property=\"og:image\" content=\"https:\/\/rendez-vous-store.com\/app\/uploads\/2025\/11\/342.webp\" \/>\n\t<meta property=\"og:image:width\" content=\"1696\" \/>\n\t<meta property=\"og:image:height\" content=\"2560\" \/>\n\t<meta property=\"og:image:type\" content=\"image\/webp\" \/>\n<meta name=\"twitter:card\" content=\"summary_large_image\" \/>\n<meta name=\"twitter:label1\" content=\"Est. reading time\" \/>\n\t<meta name=\"twitter:data1\" content=\"2 minutes\" \/>\n<script type=\"application\/ld+json\" class=\"yoast-schema-graph\">{\"@context\":\"https:\/\/schema.org\",\"@graph\":[{\"@type\":\"WebPage\",\"@id\":\"https:\/\/rendez-vous-store.com\/shop\/special-offer-men-rendez-vous-store\/men-coat-and-jacket-special-offer\/album-di-famiglia-men-alpago-loose-coat-stone-rendez-vous-store\/\",\"url\":\"https:\/\/rendez-vous-store.com\/shop\/special-offer-men-rendez-vous-store\/men-coat-and-jacket-special-offer\/album-di-famiglia-men-alpago-loose-coat-stone-rendez-vous-store\/\",\"name\":\"Album Di Famiglia - Men Alpago Loose Coat - Stone\",\"isPartOf\":{\"@id\":\"https:\/\/rendez-vous-store.com\/#website\"},\"primaryImageOfPage\":{\"@id\":\"https:\/\/rendez-vous-store.com\/shop\/special-offer-men-rendez-vous-store\/men-coat-and-jacket-special-offer\/album-di-famiglia-men-alpago-loose-coat-stone-rendez-vous-store\/#primaryimage\"},\"image\":{\"@id\":\"https:\/\/rendez-vous-store.com\/shop\/special-offer-men-rendez-vous-store\/men-coat-and-jacket-special-offer\/album-di-famiglia-men-alpago-loose-coat-stone-rendez-vous-store\/#primaryimage\"},\"thumbnailUrl\":\"https:\/\/rendez-vous-store.com\/app\/uploads\/2025\/11\/342.webp\",\"datePublished\":\"2025-11-18T16:15:01+00:00\",\"dateModified\":\"2026-04-24T14:36:39+00:00\",\"description\":\"Album Di Famiglia is on Rendez-Vous Store. This Album Di Famiglia - Men Alpago Loose Coat - Stone associate shape and texture. Discover now.\",\"breadcrumb\":{\"@id\":\"https:\/\/rendez-vous-store.com\/shop\/special-offer-men-rendez-vous-store\/men-coat-and-jacket-special-offer\/album-di-famiglia-men-alpago-loose-coat-stone-rendez-vous-store\/#breadcrumb\"},\"inLanguage\":\"fr-FR\",\"potentialAction\":[{\"@type\":\"ReadAction\",\"target\":[\"https:\/\/rendez-vous-store.com\/shop\/special-offer-men-rendez-vous-store\/men-coat-and-jacket-special-offer\/album-di-famiglia-men-alpago-loose-coat-stone-rendez-vous-store\/\"]}]},{\"@type\":\"ImageObject\",\"inLanguage\":\"fr-FR\",\"@id\":\"https:\/\/rendez-vous-store.com\/shop\/special-offer-men-rendez-vous-store\/men-coat-and-jacket-special-offer\/album-di-famiglia-men-alpago-loose-coat-stone-rendez-vous-store\/#primaryimage\",\"url\":\"https:\/\/rendez-vous-store.com\/app\/uploads\/2025\/11\/342.webp\",\"contentUrl\":\"https:\/\/rendez-vous-store.com\/app\/uploads\/2025\/11\/342.webp\",\"width\":1696,\"height\":2560},{\"@type\":\"BreadcrumbList\",\"@id\":\"https:\/\/rendez-vous-store.com\/shop\/special-offer-men-rendez-vous-store\/men-coat-and-jacket-special-offer\/album-di-famiglia-men-alpago-loose-coat-stone-rendez-vous-store\/#breadcrumb\",\"itemListElement\":[{\"@type\":\"ListItem\",\"position\":1,\"name\":\"Home\",\"item\":\"https:\/\/rendez-vous-store.com\/\"},{\"@type\":\"ListItem\",\"position\":2,\"name\":\"Shop\",\"item\":\"https:\/\/www.rendez-vous-store.com\/shop\/\"},{\"@type\":\"ListItem\",\"position\":3,\"name\":\"Album Di Famiglia &#8211; Men Alpago Loose Coat &#8211; Stone\"}]},{\"@type\":\"WebSite\",\"@id\":\"https:\/\/rendez-vous-store.com\/#website\",\"url\":\"https:\/\/rendez-vous-store.com\/\",\"name\":\"RENDEZ-VOUS STORE\",\"description\":\"Slow Fashion for Women and Men\",\"potentialAction\":[{\"@type\":\"SearchAction\",\"target\":{\"@type\":\"EntryPoint\",\"urlTemplate\":\"https:\/\/rendez-vous-store.com\/?s={search_term_string}\"},\"query-input\":{\"@type\":\"PropertyValueSpecification\",\"valueRequired\":true,\"valueName\":\"search_term_string\"}}],\"inLanguage\":\"fr-FR\"}]}<\/script>\n<!-- \/ Yoast SEO plugin. -->","yoast_head_json":{"title":"Album Di Famiglia - Men Alpago Loose Coat - Stone","description":"Album Di Famiglia is on Rendez-Vous Store. This Album Di Famiglia - Men Alpago Loose Coat - Stone associate shape and texture. Discover now.","robots":{"index":"index","follow":"follow","max-snippet":"max-snippet:-1","max-image-preview":"max-image-preview:large","max-video-preview":"max-video-preview:-1"},"canonical":"https:\/\/rendez-vous-store.com\/fr\/shop\/special-offer-men-rendez-vous-store\/men-coat-and-jacket-special-offer\/album-di-famiglia-men-alpago-loose-coat-stone-rendez-vous-store\/","og_locale":"fr_FR","og_type":"article","og_title":"Album Di Famiglia - Men Alpago Loose Coat - Stone","og_description":"Album Di Famiglia is on Rendez-Vous Store. This Album Di Famiglia - Men Alpago Loose Coat - Stone associate shape and texture. Discover now.","og_url":"https:\/\/rendez-vous-store.com\/fr\/shop\/special-offer-men-rendez-vous-store\/men-coat-and-jacket-special-offer\/album-di-famiglia-men-alpago-loose-coat-stone-rendez-vous-store\/","og_site_name":"RENDEZ-VOUS STORE","article_modified_time":"2026-04-24T14:36:39+00:00","og_image":[{"width":1696,"height":2560,"url":"https:\/\/rendez-vous-store.com\/app\/uploads\/2025\/11\/342.webp","type":"image\/webp"}],"twitter_card":"summary_large_image","twitter_misc":{"Est. reading time":"2 minutes"},"schema":{"@context":"https:\/\/schema.org","@graph":[{"@type":"WebPage","@id":"https:\/\/rendez-vous-store.com\/shop\/special-offer-men-rendez-vous-store\/men-coat-and-jacket-special-offer\/album-di-famiglia-men-alpago-loose-coat-stone-rendez-vous-store\/","url":"https:\/\/rendez-vous-store.com\/shop\/special-offer-men-rendez-vous-store\/men-coat-and-jacket-special-offer\/album-di-famiglia-men-alpago-loose-coat-stone-rendez-vous-store\/","name":"Album Di Famiglia - Men Alpago Loose Coat - Stone","isPartOf":{"@id":"https:\/\/rendez-vous-store.com\/#website"},"primaryImageOfPage":{"@id":"https:\/\/rendez-vous-store.com\/shop\/special-offer-men-rendez-vous-store\/men-coat-and-jacket-special-offer\/album-di-famiglia-men-alpago-loose-coat-stone-rendez-vous-store\/#primaryimage"},"image":{"@id":"https:\/\/rendez-vous-store.com\/shop\/special-offer-men-rendez-vous-store\/men-coat-and-jacket-special-offer\/album-di-famiglia-men-alpago-loose-coat-stone-rendez-vous-store\/#primaryimage"},"thumbnailUrl":"https:\/\/rendez-vous-store.com\/app\/uploads\/2025\/11\/342.webp","datePublished":"2025-11-18T16:15:01+00:00","dateModified":"2026-04-24T14:36:39+00:00","description":"Album Di Famiglia is on Rendez-Vous Store. This Album Di Famiglia - Men Alpago Loose Coat - Stone associate shape and texture. Discover now.","breadcrumb":{"@id":"https:\/\/rendez-vous-store.com\/shop\/special-offer-men-rendez-vous-store\/men-coat-and-jacket-special-offer\/album-di-famiglia-men-alpago-loose-coat-stone-rendez-vous-store\/#breadcrumb"},"inLanguage":"fr-FR","potentialAction":[{"@type":"ReadAction","target":["https:\/\/rendez-vous-store.com\/shop\/special-offer-men-rendez-vous-store\/men-coat-and-jacket-special-offer\/album-di-famiglia-men-alpago-loose-coat-stone-rendez-vous-store\/"]}]},{"@type":"ImageObject","inLanguage":"fr-FR","@id":"https:\/\/rendez-vous-store.com\/shop\/special-offer-men-rendez-vous-store\/men-coat-and-jacket-special-offer\/album-di-famiglia-men-alpago-loose-coat-stone-rendez-vous-store\/#primaryimage","url":"https:\/\/rendez-vous-store.com\/app\/uploads\/2025\/11\/342.webp","contentUrl":"https:\/\/rendez-vous-store.com\/app\/uploads\/2025\/11\/342.webp","width":1696,"height":2560},{"@type":"BreadcrumbList","@id":"https:\/\/rendez-vous-store.com\/shop\/special-offer-men-rendez-vous-store\/men-coat-and-jacket-special-offer\/album-di-famiglia-men-alpago-loose-coat-stone-rendez-vous-store\/#breadcrumb","itemListElement":[{"@type":"ListItem","position":1,"name":"Home","item":"https:\/\/rendez-vous-store.com\/"},{"@type":"ListItem","position":2,"name":"Shop","item":"https:\/\/www.rendez-vous-store.com\/shop\/"},{"@type":"ListItem","position":3,"name":"Album Di Famiglia &#8211; Men Alpago Loose Coat &#8211; Stone"}]},{"@type":"WebSite","@id":"https:\/\/rendez-vous-store.com\/#website","url":"https:\/\/rendez-vous-store.com\/","name":"RENDEZ-VOUS STORE","description":"Slow Fashion for Women and Men","potentialAction":[{"@type":"SearchAction","target":{"@type":"EntryPoint","urlTemplate":"https:\/\/rendez-vous-store.com\/?s={search_term_string}"},"query-input":{"@type":"PropertyValueSpecification","valueRequired":true,"valueName":"search_term_string"}}],"inLanguage":"fr-FR"}]}},"_links":{"self":[{"href":"https:\/\/rendez-vous-store.com\/fr\/wp-json\/wp\/v2\/product\/223825","targetHints":{"allow":["GET"]}}],"collection":[{"href":"https:\/\/rendez-vous-store.com\/fr\/wp-json\/wp\/v2\/product"}],"about":[{"href":"https:\/\/rendez-vous-store.com\/fr\/wp-json\/wp\/v2\/types\/product"}],"wp:featuredmedia":[{"embeddable":true,"href":"https:\/\/rendez-vous-store.com\/fr\/wp-json\/wp\/v2\/media\/225721"}],"wp:attachment":[{"href":"https:\/\/rendez-vous-store.com\/fr\/wp-json\/wp\/v2\/media?parent=223825"}],"wp:term":[{"taxonomy":"product_brand","embeddable":true,"href":"https:\/\/rendez-vous-store.com\/fr\/wp-json\/wp\/v2\/product_brand?post=223825"},{"taxonomy":"product_cat","embeddable":true,"href":"https:\/\/rendez-vous-store.com\/fr\/wp-json\/wp\/v2\/product_cat?post=223825"},{"taxonomy":"product_tag","embeddable":true,"href":"https:\/\/rendez-vous-store.com\/fr\/wp-json\/wp\/v2\/product_tag?post=223825"}],"curies":[{"name":"wp","href":"https:\/\/api.w.org\/{rel}","templated":true}]}}