{"id":223753,"date":"2025-11-18T12:46:09","date_gmt":"2025-11-18T11:46:09","guid":{"rendered":"https:\/\/rendez-vous-store.com\/?post_type=product&#038;p=223753"},"modified":"2026-04-24T16:35:59","modified_gmt":"2026-04-24T14:35:59","slug":"album-di-famiglia-shirt-loose-blazer-v-marron-glace-rendez-vous-store","status":"publish","type":"product","link":"https:\/\/rendez-vous-store.com\/fr\/shop\/special-offer-women-rendez-vous-store\/women-coat-jacket-special-offer-rendez-vous-store\/album-di-famiglia-shirt-loose-blazer-v-marron-glace-rendez-vous-store\/","title":{"rendered":"Album Di Famiglia &#8211; Shirt Loose Blazer V &#8211; Marron Glace"},"content":{"rendered":"<p><strong>Album Di Famiglia Shirt Loose Blazer V Marron Glace<\/strong><\/p>\n<p>Couleur : Marron glac\u00e9<\/p>\n<p>Coupe d\u00e9contract\u00e9e<\/p>\n<p>Col \u00e0 revers court<\/p>\n<p>Fermeture par bouton sur le devant<\/p>\n<p>Manches longues<\/p>\n<p>\u00c9paules tombantes<\/p>\n<p>Deux poches plaqu\u00e9es sur le devant<\/p>\n<p>Composition : 97% Coton, 3% \u00c9lasthanne \/ Doublure : 100% Coton<\/p>\n<p>Fabriqu\u00e9 en Italie<\/p>\n<p>&nbsp;<\/p>\n<p><em>Please note that if you decide to purchase the set: Loose Blazer V Shirt with Wide Trousers V, the maroon color is not quite the same. <\/em><\/p>\n<p>&nbsp;<\/p>\n<p><strong>Les mesures :\u00a0<\/strong><\/p>\n<p>Taille S : \u00c9paules : 61cm, Poitrine : 55cm, Manches : 48cm, Longueur : 64cm, Emmanchures : 18cm<\/p>\n<p>Taille M : \u00c9paules : 63 cm, Poitrine : 56 cm, Manches : 50 cm, Longueur : 66 cm, Emmanchures : 19 cm<\/p>\n<p>&nbsp;<\/p>\n<p>&nbsp;<\/p>\n<p>&nbsp;<\/p>\n<p>&nbsp;<\/p>\n<p>&nbsp;<\/p>\n<p>&nbsp;<\/p>\n<p><strong>Le produit<\/strong><\/p>\n<div class=\"flex-1 overflow-hidden\">\n<div class=\"react-scroll-to-bottom--css-udson-79elbk h-full\">\n<div class=\"react-scroll-to-bottom--css-udson-1n7m0yu\">\n<div class=\"flex flex-col text-sm pb-9\">\n<div class=\"w-full text-token-text-primary\" dir=\"auto\" data-testid=\"conversation-turn-151\">\n<div class=\"px-4 py-2 justify-center text-base md:gap-6 m-auto\">\n<div class=\"flex flex-1 text-base mx-auto gap-3 juice:gap-4 juice:md:gap-6 md:px-5 lg:px-1 xl:px-5 md:max-w-3xl lg:max-w-[40rem] xl:max-w-[48rem]\">\n<div class=\"relative flex w-full flex-col agent-turn\">\n<div class=\"flex-col gap-1 md:gap-3\">\n<div class=\"flex flex-grow flex-col max-w-full\">\n<div class=\"min-h-[20px] text-message flex flex-col items-start gap-3 whitespace-pre-wrap break-words [.text-message+&amp;]:mt-5 overflow-x-auto\" dir=\"auto\" data-message-author-role=\"assistant\" data-message-id=\"46c21f40-c3df-4cdf-8f3e-cd64252c2c4f\">\n<div class=\"markdown prose w-full break-words dark:prose-invert light\">\n<div class=\"flex-1 overflow-hidden\">\n<div class=\"react-scroll-to-bottom--css-udson-79elbk h-full\">\n<div class=\"react-scroll-to-bottom--css-udson-1n7m0yu\">\n<div class=\"flex flex-col text-sm pb-9\">\n<div class=\"w-full text-token-text-primary\" dir=\"auto\" data-testid=\"conversation-turn-163\">\n<div class=\"px-4 py-2 justify-center text-base md:gap-6 m-auto\">\n<div class=\"flex flex-1 text-base mx-auto gap-3 juice:gap-4 juice:md:gap-6 md:px-5 lg:px-1 xl:px-5 md:max-w-3xl lg:max-w-[40rem] xl:max-w-[48rem]\">\n<div class=\"relative flex w-full flex-col agent-turn\">\n<div class=\"flex-col gap-1 md:gap-3\">\n<div class=\"flex flex-grow flex-col max-w-full\">\n<div class=\"min-h-[20px] text-message flex flex-col items-start gap-3 whitespace-pre-wrap break-words [.text-message+&amp;]:mt-5 overflow-x-auto\" dir=\"auto\" data-message-author-role=\"assistant\" data-message-id=\"8a20065a-e026-4d1c-a49b-0db2dc57aae1\">\n<div class=\"markdown prose w-full break-words dark:prose-invert light\">\n<div class=\"flex-1 overflow-hidden\">\n<div class=\"react-scroll-to-bottom--css-udson-79elbk h-full\">\n<div class=\"react-scroll-to-bottom--css-udson-1n7m0yu\">\n<div class=\"flex flex-col text-sm pb-9\">\n<div class=\"w-full text-token-text-primary\" dir=\"auto\" data-testid=\"conversation-turn-169\">\n<div class=\"px-4 py-2 justify-center text-base md:gap-6 m-auto\">\n<div class=\"flex flex-1 text-base mx-auto gap-3 juice:gap-4 juice:md:gap-6 md:px-5 lg:px-1 xl:px-5 md:max-w-3xl lg:max-w-[40rem] xl:max-w-[48rem]\">\n<div class=\"relative flex w-full flex-col agent-turn\">\n<div class=\"flex-col gap-1 md:gap-3\">\n<div class=\"flex flex-grow flex-col max-w-full\">\n<div class=\"min-h-[20px] text-message flex flex-col items-start gap-3 whitespace-pre-wrap break-words [.text-message+&amp;]:mt-5 overflow-x-auto\" dir=\"auto\" data-message-author-role=\"assistant\" data-message-id=\"ced97803-3ca4-41e3-8243-cc9b2d4d5ac6\">\n<div class=\"markdown prose w-full break-words dark:prose-invert light\">\n<p data-start=\"245\" data-end=\"1130\">The Album di Famiglia \u2013 Shirt Loose Blazer V \u2013 Marron Glace combines relaxed tailoring with premium Italian craftsmanship.<br data-start=\"371\" data-end=\"374\" \/>Son tissu doux tombe avec fluidit\u00e9, cr\u00e9ant une silhouette souple et sans effort.<br data-start=\"450\" data-end=\"453\" \/>Moreover, the Marron Glace color adds warmth and versatile elegance to any wardrobe.<br data-start=\"537\" data-end=\"540\" \/>La coupe ample assure un confort tout en conservant un look raffin\u00e9 et structur\u00e9.<br data-start=\"615\" data-end=\"618\" \/>De plus, des coutures subtiles et des d\u00e9tails pr\u00e9cis rehaussent la finition soign\u00e9e du blazer.<br data-start=\"705\" data-end=\"708\" \/>Vous pouvez le porter au travail, pour des sorties d\u00e9contract\u00e9es, ou lors d'\u00e9v\u00e9nements en soir\u00e9e en toute simplicit\u00e9.<br data-start=\"778\" data-end=\"781\" \/>Associez-le \u00e0 un pantalon sur mesure pour un look sophistiqu\u00e9 ou \u00e0 un jean pour un style d\u00e9contract\u00e9.<br data-start=\"864\" data-end=\"867\" \/>Par cons\u00e9quent, ce blazer rehausse le style de tous les jours tout en restant exceptionnellement confortable.<br data-start=\"962\" data-end=\"965\" \/>En cons\u00e9quence, le blazer ample Shirt Loose Blazer V devient un essentiel polyvalent de la garde-robe.<br data-start=\"1042\" data-end=\"1045\" \/>En fin de compte, il incarne l'\u00e9quilibre entre le confort, la fonctionnalit\u00e9 et le design minimaliste.<\/p>\n<\/div>\n<p data-start=\"245\" data-end=\"1130\">\n<\/div>\n<\/div>\n<p data-start=\"245\" data-end=\"1130\"><a href=\"https:\/\/rendez-vous-store.com\/fr\/shop\/women\/trousers-skirts-discover-our-selection-rendez-vous-store\/album-di-famiglia-bragoni-v-trousers-chocolate-rendez-vous-store\/\">Nous aimons le voir port\u00e9 avec<\/a><\/p>\n<\/div>\n<\/div>\n<\/div>\n<\/div>\n<\/div>\n<div class=\"w-full text-token-text-primary\" dir=\"auto\" data-testid=\"conversation-turn-169\">\n<div class=\"px-4 py-2 justify-center text-base md:gap-6 m-auto\">\n<div class=\"flex flex-1 text-base mx-auto gap-3 juice:gap-4 juice:md:gap-6 md:px-5 lg:px-1 xl:px-5 md:max-w-3xl lg:max-w-[40rem] xl:max-w-[48rem]\">\n<div class=\"relative flex w-full flex-col agent-turn\">\n<div class=\"flex-col gap-1 md:gap-3\">\n<div class=\"flex flex-grow flex-col max-w-full\">\n<div class=\"min-h-[20px] text-message flex flex-col items-start gap-3 whitespace-pre-wrap break-words [.text-message+&amp;]:mt-5 overflow-x-auto\" dir=\"auto\" data-message-author-role=\"assistant\" data-message-id=\"ced97803-3ca4-41e3-8243-cc9b2d4d5ac6\">\n<div class=\"markdown prose w-full break-words dark:prose-invert light\">\n<p data-start=\"1151\" data-end=\"2170\"><strong>La marque<\/strong><\/p>\n<p data-start=\"1151\" data-end=\"2170\">Album di Famiglia a \u00e9t\u00e9 fond\u00e9 par Monica Rusconi et donne vie au luxe minimaliste.<br data-start=\"1240\" data-end=\"1243\" \/>\u00c9tablie au d\u00e9but des ann\u00e9es 2000, la marque s'est rapidement fait conna\u00eetre pour son \u00e9l\u00e9gance discr\u00e8te et sa qualit\u00e9.<br data-start=\"1343\" data-end=\"1346\" \/>De plus, chaque collection capture l'essence de la vie de famille, alliant confort et style sans effort.<br data-start=\"1447\" data-end=\"1450\" \/>Les pi\u00e8ces, des tricots douillets aux blazers \u00e9l\u00e9gants, t\u00e9moignent d'une attention m\u00e9ticuleuse aux d\u00e9tails.<br data-start=\"1537\" data-end=\"1540\" \/>De plus, chaque v\u00eatement allie confort, fonctionnalit\u00e9 et style sans effort.<br data-start=\"1623\" data-end=\"1626\" \/>Avec des lignes \u00e9pur\u00e9es, des silhouettes fluides et une palette neutre, la marque cr\u00e9e une polyvalence intemporelle.<br data-start=\"1725\" data-end=\"1728\" \/>De plus, Album di Famiglia utilise des mat\u00e9riaux de haute qualit\u00e9 tels que le coton doux, la laine luxueuse et le cachemire somptueux.<br data-start=\"1847\" data-end=\"1850\" \/>Par cons\u00e9quent, chaque pi\u00e8ce offre durabilit\u00e9, style et confort in\u00e9gal\u00e9, soulignant l'engagement de la marque envers la qualit\u00e9.<br data-start=\"1972\" data-end=\"1975\" \/>De plus, la marque propose des v\u00eatements intemporels qui transcendent les tendances \u00e9ph\u00e9m\u00e8res de la mode.<br data-start=\"2064\" data-end=\"2067\" \/>En cons\u00e9quence, Album di Famiglia invite \u00e0 un style de vie o\u00f9 le confort et l'\u00e9l\u00e9gance coexistent au quotidien.<\/p>\n<p data-start=\"1151\" data-end=\"2170\">\n<\/div>\n<\/div>\n<div class=\"min-h-[20px] text-message flex flex-col items-start gap-3 whitespace-pre-wrap break-words [.text-message+&amp;]:mt-5 overflow-x-auto\" dir=\"auto\" data-message-author-role=\"assistant\" data-message-id=\"ced97803-3ca4-41e3-8243-cc9b2d4d5ac6\">\n<div class=\"markdown prose w-full break-words dark:prose-invert light\">\n<p data-start=\"1151\" data-end=\"2170\"><strong>La collection<\/strong><\/p>\n<p data-start=\"1151\" data-end=\"2170\"><span style=\"font-size: 20px;\">Album di Famiglia cr\u00e9e des collections r\u00e9fl\u00e9chies qui rehaussent le style vestimentaire quotidien.<\/span><\/p>\n<p data-start=\"1151\" data-end=\"2170\">Chaque v\u00eatement allie confort, style et polyvalence avec un minimum d'effort.<br data-start=\"2362\" data-end=\"2365\" \/>Que vous optiez pour des basiques d\u00e9contract\u00e9s ou des pi\u00e8ces sophistiqu\u00e9es audacieuses, chaque article permet l'expression de soi.<br data-start=\"2468\" data-end=\"2471\" \/>Ainsi, la garde-robe encourage la confiance gr\u00e2ce \u00e0 un design intemporel et une esth\u00e9tique raffin\u00e9e.<br data-start=\"2559\" data-end=\"2562\" \/>Dans un monde de la mode domin\u00e9 par les tendances, Album di Famiglia offre une alternative rafra\u00eechissante et durable.<br data-start=\"2663\" data-end=\"2666\" \/>Par cons\u00e9quent, ses pi\u00e8ces transforment les moments ordinaires en c\u00e9l\u00e9brations de style, de confort et d'\u00e9l\u00e9gance.<\/p>\n<p data-start=\"1151\" data-end=\"2170\">\n<\/div>\n<p data-start=\"1151\" data-end=\"2170\"><a href=\"https:\/\/www.instagram.com\/p\/DRUwg1QkX97\/?hl=fr&amp;img_index=1\">Inspirez-vous avec notre look Album Di Famiglia sur notre Instagram\u00a0<\/a><\/p>\n<\/div>\n<\/div>\n<\/div>\n<\/div>\n<\/div>\n<\/div>\n<\/div>\n<\/div>\n<\/div>\n<p data-start=\"1151\" data-end=\"2170\">\n<\/div>\n<\/div>\n<\/div>\n<\/div>\n<\/div>\n<\/div>\n<\/div>\n<\/div>\n<\/div>\n<\/div>\n<\/div>\n<\/div>\n<\/div>\n<\/div>\n<\/div>\n<\/div>\n<\/div>\n<\/div>\n<\/div>\n<\/div>\n<\/div>\n<\/div>\n<\/div>\n<\/div>\n<\/div>\n<\/div>","protected":false},"excerpt":{"rendered":"<p>Album Di Famiglia Shirt Loose Blazer V Marron Glace Color: Marron glace Relaxed fit Small spread collar Front button fastening Long sleeves Dropped shoulders Two front patch pockets Composition: 97% Cotton, 3% Elastane \/ Lining: 100% Cotton Made in Italy &nbsp; Please note that if you decide to purchase the set: Loose Blazer V Shirt&hellip; <a class=\"more-link\" href=\"https:\/\/rendez-vous-store.com\/fr\/shop\/special-offer-women-rendez-vous-store\/women-coat-jacket-special-offer-rendez-vous-store\/album-di-famiglia-shirt-loose-blazer-v-marron-glace-rendez-vous-store\/\">Continuer la lecture <span class=\"screen-reader-text\">Album Di Famiglia &#8211; Shirt Loose Blazer V &#8211; Marron Glace<\/span><\/a><\/p>","protected":false},"featured_media":223981,"template":"","meta":{"_acf_changed":false},"product_brand":[],"product_cat":[1291,1336,1335,17,1062,394],"product_tag":[276],"class_list":{"0":"post-223753","1":"product","2":"type-product","3":"status-publish","4":"has-post-thumbnail","6":"product_cat-sale-30","7":"product_cat-women-coat-jacket-special-offer-rendez-vous-store","8":"product_cat-special-offer-women-rendez-vous-store","9":"product_cat-women","10":"product_cat-new-women-selection-rendez-vous-store","11":"product_cat-women-coats-jackets-rendez-vous-store","12":"product_tag-album-di-famiglia","13":"entry","15":"first","16":"outofstock","17":"taxable","18":"shipping-taxable","19":"product-type-variable"},"acf":[],"yoast_head":"<!-- This site is optimized with the Yoast SEO plugin v24.9 - https:\/\/yoast.com\/wordpress\/plugins\/seo\/ -->\n<title>Album Di Famiglia - Shirt Loose Blazer V - Marron Glace<\/title>\n<meta name=\"description\" content=\"Album Di Famiglia is on Rendez-Vous Store. This Album Di Famiglia - Shirt Loose Blazer V - Marron Glace associate shape and texture. Discover now.\" \/>\n<meta name=\"robots\" content=\"index, follow, max-snippet:-1, max-image-preview:large, max-video-preview:-1\" \/>\n<link rel=\"canonical\" href=\"https:\/\/rendez-vous-store.com\/fr\/shop\/special-offer-women-rendez-vous-store\/women-coat-jacket-special-offer-rendez-vous-store\/album-di-famiglia-shirt-loose-blazer-v-marron-glace-rendez-vous-store\/\" \/>\n<meta property=\"og:locale\" content=\"fr_FR\" \/>\n<meta property=\"og:type\" content=\"article\" \/>\n<meta property=\"og:title\" content=\"Album Di Famiglia - Shirt Loose Blazer V - Marron Glace\" \/>\n<meta property=\"og:description\" content=\"Album Di Famiglia is on Rendez-Vous Store. This Album Di Famiglia - Shirt Loose Blazer V - Marron Glace associate shape and texture. Discover now.\" \/>\n<meta property=\"og:url\" content=\"https:\/\/rendez-vous-store.com\/fr\/shop\/special-offer-women-rendez-vous-store\/women-coat-jacket-special-offer-rendez-vous-store\/album-di-famiglia-shirt-loose-blazer-v-marron-glace-rendez-vous-store\/\" \/>\n<meta property=\"og:site_name\" content=\"RENDEZ-VOUS STORE\" \/>\n<meta property=\"article:modified_time\" content=\"2026-04-24T14:35:59+00:00\" \/>\n<meta property=\"og:image\" content=\"https:\/\/rendez-vous-store.com\/app\/uploads\/2025\/11\/IMG_5331-min-scaled.webp\" \/>\n\t<meta property=\"og:image:width\" content=\"1707\" \/>\n\t<meta property=\"og:image:height\" content=\"2560\" \/>\n\t<meta property=\"og:image:type\" content=\"image\/webp\" \/>\n<meta name=\"twitter:card\" content=\"summary_large_image\" \/>\n<meta name=\"twitter:label1\" content=\"Est. reading time\" \/>\n\t<meta name=\"twitter:data1\" content=\"3 minutes\" \/>\n<script type=\"application\/ld+json\" class=\"yoast-schema-graph\">{\"@context\":\"https:\/\/schema.org\",\"@graph\":[{\"@type\":\"WebPage\",\"@id\":\"https:\/\/rendez-vous-store.com\/shop\/special-offer-women-rendez-vous-store\/women-coat-jacket-special-offer-rendez-vous-store\/album-di-famiglia-shirt-loose-blazer-v-marron-glace-rendez-vous-store\/\",\"url\":\"https:\/\/rendez-vous-store.com\/shop\/special-offer-women-rendez-vous-store\/women-coat-jacket-special-offer-rendez-vous-store\/album-di-famiglia-shirt-loose-blazer-v-marron-glace-rendez-vous-store\/\",\"name\":\"Album Di Famiglia - Shirt Loose Blazer V - Marron Glace\",\"isPartOf\":{\"@id\":\"https:\/\/rendez-vous-store.com\/#website\"},\"primaryImageOfPage\":{\"@id\":\"https:\/\/rendez-vous-store.com\/shop\/special-offer-women-rendez-vous-store\/women-coat-jacket-special-offer-rendez-vous-store\/album-di-famiglia-shirt-loose-blazer-v-marron-glace-rendez-vous-store\/#primaryimage\"},\"image\":{\"@id\":\"https:\/\/rendez-vous-store.com\/shop\/special-offer-women-rendez-vous-store\/women-coat-jacket-special-offer-rendez-vous-store\/album-di-famiglia-shirt-loose-blazer-v-marron-glace-rendez-vous-store\/#primaryimage\"},\"thumbnailUrl\":\"https:\/\/rendez-vous-store.com\/app\/uploads\/2025\/11\/IMG_5331-min-scaled.webp\",\"datePublished\":\"2025-11-18T11:46:09+00:00\",\"dateModified\":\"2026-04-24T14:35:59+00:00\",\"description\":\"Album Di Famiglia is on Rendez-Vous Store. This Album Di Famiglia - Shirt Loose Blazer V - Marron Glace associate shape and texture. Discover now.\",\"breadcrumb\":{\"@id\":\"https:\/\/rendez-vous-store.com\/shop\/special-offer-women-rendez-vous-store\/women-coat-jacket-special-offer-rendez-vous-store\/album-di-famiglia-shirt-loose-blazer-v-marron-glace-rendez-vous-store\/#breadcrumb\"},\"inLanguage\":\"fr-FR\",\"potentialAction\":[{\"@type\":\"ReadAction\",\"target\":[\"https:\/\/rendez-vous-store.com\/shop\/special-offer-women-rendez-vous-store\/women-coat-jacket-special-offer-rendez-vous-store\/album-di-famiglia-shirt-loose-blazer-v-marron-glace-rendez-vous-store\/\"]}]},{\"@type\":\"ImageObject\",\"inLanguage\":\"fr-FR\",\"@id\":\"https:\/\/rendez-vous-store.com\/shop\/special-offer-women-rendez-vous-store\/women-coat-jacket-special-offer-rendez-vous-store\/album-di-famiglia-shirt-loose-blazer-v-marron-glace-rendez-vous-store\/#primaryimage\",\"url\":\"https:\/\/rendez-vous-store.com\/app\/uploads\/2025\/11\/IMG_5331-min-scaled.webp\",\"contentUrl\":\"https:\/\/rendez-vous-store.com\/app\/uploads\/2025\/11\/IMG_5331-min-scaled.webp\",\"width\":1707,\"height\":2560},{\"@type\":\"BreadcrumbList\",\"@id\":\"https:\/\/rendez-vous-store.com\/shop\/special-offer-women-rendez-vous-store\/women-coat-jacket-special-offer-rendez-vous-store\/album-di-famiglia-shirt-loose-blazer-v-marron-glace-rendez-vous-store\/#breadcrumb\",\"itemListElement\":[{\"@type\":\"ListItem\",\"position\":1,\"name\":\"Home\",\"item\":\"https:\/\/rendez-vous-store.com\/\"},{\"@type\":\"ListItem\",\"position\":2,\"name\":\"Shop\",\"item\":\"https:\/\/www.rendez-vous-store.com\/shop\/\"},{\"@type\":\"ListItem\",\"position\":3,\"name\":\"Album Di Famiglia &#8211; Shirt Loose Blazer V &#8211; Marron Glace\"}]},{\"@type\":\"WebSite\",\"@id\":\"https:\/\/rendez-vous-store.com\/#website\",\"url\":\"https:\/\/rendez-vous-store.com\/\",\"name\":\"RENDEZ-VOUS STORE\",\"description\":\"Slow Fashion for Women and Men\",\"potentialAction\":[{\"@type\":\"SearchAction\",\"target\":{\"@type\":\"EntryPoint\",\"urlTemplate\":\"https:\/\/rendez-vous-store.com\/?s={search_term_string}\"},\"query-input\":{\"@type\":\"PropertyValueSpecification\",\"valueRequired\":true,\"valueName\":\"search_term_string\"}}],\"inLanguage\":\"fr-FR\"}]}<\/script>\n<!-- \/ Yoast SEO plugin. -->","yoast_head_json":{"title":"Album Di Famiglia - Shirt Loose Blazer V - Marron Glace","description":"Album Di Famiglia is on Rendez-Vous Store. This Album Di Famiglia - Shirt Loose Blazer V - Marron Glace associate shape and texture. Discover now.","robots":{"index":"index","follow":"follow","max-snippet":"max-snippet:-1","max-image-preview":"max-image-preview:large","max-video-preview":"max-video-preview:-1"},"canonical":"https:\/\/rendez-vous-store.com\/fr\/shop\/special-offer-women-rendez-vous-store\/women-coat-jacket-special-offer-rendez-vous-store\/album-di-famiglia-shirt-loose-blazer-v-marron-glace-rendez-vous-store\/","og_locale":"fr_FR","og_type":"article","og_title":"Album Di Famiglia - Shirt Loose Blazer V - Marron Glace","og_description":"Album Di Famiglia is on Rendez-Vous Store. This Album Di Famiglia - Shirt Loose Blazer V - Marron Glace associate shape and texture. Discover now.","og_url":"https:\/\/rendez-vous-store.com\/fr\/shop\/special-offer-women-rendez-vous-store\/women-coat-jacket-special-offer-rendez-vous-store\/album-di-famiglia-shirt-loose-blazer-v-marron-glace-rendez-vous-store\/","og_site_name":"RENDEZ-VOUS STORE","article_modified_time":"2026-04-24T14:35:59+00:00","og_image":[{"width":1707,"height":2560,"url":"https:\/\/rendez-vous-store.com\/app\/uploads\/2025\/11\/IMG_5331-min-scaled.webp","type":"image\/webp"}],"twitter_card":"summary_large_image","twitter_misc":{"Est. reading time":"3 minutes"},"schema":{"@context":"https:\/\/schema.org","@graph":[{"@type":"WebPage","@id":"https:\/\/rendez-vous-store.com\/shop\/special-offer-women-rendez-vous-store\/women-coat-jacket-special-offer-rendez-vous-store\/album-di-famiglia-shirt-loose-blazer-v-marron-glace-rendez-vous-store\/","url":"https:\/\/rendez-vous-store.com\/shop\/special-offer-women-rendez-vous-store\/women-coat-jacket-special-offer-rendez-vous-store\/album-di-famiglia-shirt-loose-blazer-v-marron-glace-rendez-vous-store\/","name":"Album Di Famiglia - Shirt Loose Blazer V - Marron Glace","isPartOf":{"@id":"https:\/\/rendez-vous-store.com\/#website"},"primaryImageOfPage":{"@id":"https:\/\/rendez-vous-store.com\/shop\/special-offer-women-rendez-vous-store\/women-coat-jacket-special-offer-rendez-vous-store\/album-di-famiglia-shirt-loose-blazer-v-marron-glace-rendez-vous-store\/#primaryimage"},"image":{"@id":"https:\/\/rendez-vous-store.com\/shop\/special-offer-women-rendez-vous-store\/women-coat-jacket-special-offer-rendez-vous-store\/album-di-famiglia-shirt-loose-blazer-v-marron-glace-rendez-vous-store\/#primaryimage"},"thumbnailUrl":"https:\/\/rendez-vous-store.com\/app\/uploads\/2025\/11\/IMG_5331-min-scaled.webp","datePublished":"2025-11-18T11:46:09+00:00","dateModified":"2026-04-24T14:35:59+00:00","description":"Album Di Famiglia is on Rendez-Vous Store. This Album Di Famiglia - Shirt Loose Blazer V - Marron Glace associate shape and texture. Discover now.","breadcrumb":{"@id":"https:\/\/rendez-vous-store.com\/shop\/special-offer-women-rendez-vous-store\/women-coat-jacket-special-offer-rendez-vous-store\/album-di-famiglia-shirt-loose-blazer-v-marron-glace-rendez-vous-store\/#breadcrumb"},"inLanguage":"fr-FR","potentialAction":[{"@type":"ReadAction","target":["https:\/\/rendez-vous-store.com\/shop\/special-offer-women-rendez-vous-store\/women-coat-jacket-special-offer-rendez-vous-store\/album-di-famiglia-shirt-loose-blazer-v-marron-glace-rendez-vous-store\/"]}]},{"@type":"ImageObject","inLanguage":"fr-FR","@id":"https:\/\/rendez-vous-store.com\/shop\/special-offer-women-rendez-vous-store\/women-coat-jacket-special-offer-rendez-vous-store\/album-di-famiglia-shirt-loose-blazer-v-marron-glace-rendez-vous-store\/#primaryimage","url":"https:\/\/rendez-vous-store.com\/app\/uploads\/2025\/11\/IMG_5331-min-scaled.webp","contentUrl":"https:\/\/rendez-vous-store.com\/app\/uploads\/2025\/11\/IMG_5331-min-scaled.webp","width":1707,"height":2560},{"@type":"BreadcrumbList","@id":"https:\/\/rendez-vous-store.com\/shop\/special-offer-women-rendez-vous-store\/women-coat-jacket-special-offer-rendez-vous-store\/album-di-famiglia-shirt-loose-blazer-v-marron-glace-rendez-vous-store\/#breadcrumb","itemListElement":[{"@type":"ListItem","position":1,"name":"Home","item":"https:\/\/rendez-vous-store.com\/"},{"@type":"ListItem","position":2,"name":"Shop","item":"https:\/\/www.rendez-vous-store.com\/shop\/"},{"@type":"ListItem","position":3,"name":"Album Di Famiglia &#8211; Shirt Loose Blazer V &#8211; Marron Glace"}]},{"@type":"WebSite","@id":"https:\/\/rendez-vous-store.com\/#website","url":"https:\/\/rendez-vous-store.com\/","name":"RENDEZ-VOUS STORE","description":"Slow Fashion for Women and Men","potentialAction":[{"@type":"SearchAction","target":{"@type":"EntryPoint","urlTemplate":"https:\/\/rendez-vous-store.com\/?s={search_term_string}"},"query-input":{"@type":"PropertyValueSpecification","valueRequired":true,"valueName":"search_term_string"}}],"inLanguage":"fr-FR"}]}},"_links":{"self":[{"href":"https:\/\/rendez-vous-store.com\/fr\/wp-json\/wp\/v2\/product\/223753","targetHints":{"allow":["GET"]}}],"collection":[{"href":"https:\/\/rendez-vous-store.com\/fr\/wp-json\/wp\/v2\/product"}],"about":[{"href":"https:\/\/rendez-vous-store.com\/fr\/wp-json\/wp\/v2\/types\/product"}],"wp:featuredmedia":[{"embeddable":true,"href":"https:\/\/rendez-vous-store.com\/fr\/wp-json\/wp\/v2\/media\/223981"}],"wp:attachment":[{"href":"https:\/\/rendez-vous-store.com\/fr\/wp-json\/wp\/v2\/media?parent=223753"}],"wp:term":[{"taxonomy":"product_brand","embeddable":true,"href":"https:\/\/rendez-vous-store.com\/fr\/wp-json\/wp\/v2\/product_brand?post=223753"},{"taxonomy":"product_cat","embeddable":true,"href":"https:\/\/rendez-vous-store.com\/fr\/wp-json\/wp\/v2\/product_cat?post=223753"},{"taxonomy":"product_tag","embeddable":true,"href":"https:\/\/rendez-vous-store.com\/fr\/wp-json\/wp\/v2\/product_tag?post=223753"}],"curies":[{"name":"wp","href":"https:\/\/api.w.org\/{rel}","templated":true}]}}