{"id":223700,"date":"2025-11-18T12:44:55","date_gmt":"2025-11-18T11:44:55","guid":{"rendered":"https:\/\/rendez-vous-store.com\/?post_type=product&#038;p=223700"},"modified":"2026-03-16T19:37:24","modified_gmt":"2026-03-16T18:37:24","slug":"album-di-famiglia-men-wrap-coat-hw-stone-rendez-vous-store","status":"publish","type":"product","link":"https:\/\/rendez-vous-store.com\/fr\/shop\/unisex-rendez-vous-store\/unisex-new-rendez-vous-store\/album-di-famiglia-men-wrap-coat-hw-stone-rendez-vous-store\/","title":{"rendered":"Album Di Famiglia \u2013 Manteau Enveloppant Homme HW \u2013 Pierre"},"content":{"rendered":"<p><strong>Album Di Famiglia Manteau enveloppant pour homme HW Stone<\/strong><\/p>\n<p>Couleur : Gris<\/p>\n<p>Coupe ample<\/p>\n<p>Fermeture \u00e0 bouton sur le devant<\/p>\n<p>Silhouette ample<\/p>\n<p>Ceinture \u00e0 la taille<\/p>\n<p>Manches longues<\/p>\n<p>\u00c9paules tombantes<\/p>\n<p>Fente dans le dos<\/p>\n<p>Composition : 62% Chanvre v\u00e9ritable, 38% Laine \/ Doublure : 100% Coton<\/p>\n<p>Fabriqu\u00e9 en Italie<\/p>\n<p>&nbsp;<\/p>\n<p>&nbsp;<\/p>\n<p>&nbsp;<\/p>\n<p>&nbsp;<\/p>\n<p>&nbsp;<\/p>\n<p>&nbsp;<\/p>\n<p>&nbsp;<\/p>\n<p>&nbsp;<\/p>\n<div class=\"flex-1 overflow-hidden\">\n<div class=\"react-scroll-to-bottom--css-udson-79elbk h-full\">\n<div class=\"react-scroll-to-bottom--css-udson-1n7m0yu\">\n<div class=\"flex flex-col text-sm pb-9\">\n<div class=\"w-full text-token-text-primary\" dir=\"auto\" data-testid=\"conversation-turn-151\">\n<div class=\"px-4 py-2 justify-center text-base md:gap-6 m-auto\">\n<div class=\"flex flex-1 text-base mx-auto gap-3 juice:gap-4 juice:md:gap-6 md:px-5 lg:px-1 xl:px-5 md:max-w-3xl lg:max-w-[40rem] xl:max-w-[48rem]\">\n<div class=\"relative flex w-full flex-col agent-turn\">\n<div class=\"flex-col gap-1 md:gap-3\">\n<div class=\"flex flex-grow flex-col max-w-full\">\n<div class=\"min-h-[20px] text-message flex flex-col items-start gap-3 whitespace-pre-wrap break-words [.text-message+&amp;]:mt-5 overflow-x-auto\" dir=\"auto\" data-message-author-role=\"assistant\" data-message-id=\"46c21f40-c3df-4cdf-8f3e-cd64252c2c4f\">\n<div class=\"markdown prose w-full break-words dark:prose-invert light\">\n<div class=\"flex-1 overflow-hidden\">\n<div class=\"react-scroll-to-bottom--css-udson-79elbk h-full\">\n<div class=\"react-scroll-to-bottom--css-udson-1n7m0yu\">\n<div class=\"flex flex-col text-sm pb-9\">\n<div class=\"w-full text-token-text-primary\" dir=\"auto\" data-testid=\"conversation-turn-163\">\n<div class=\"px-4 py-2 justify-center text-base md:gap-6 m-auto\">\n<div class=\"flex flex-1 text-base mx-auto gap-3 juice:gap-4 juice:md:gap-6 md:px-5 lg:px-1 xl:px-5 md:max-w-3xl lg:max-w-[40rem] xl:max-w-[48rem]\">\n<div class=\"relative flex w-full flex-col agent-turn\">\n<div class=\"flex-col gap-1 md:gap-3\">\n<div class=\"flex flex-grow flex-col max-w-full\">\n<div class=\"min-h-[20px] text-message flex flex-col items-start gap-3 whitespace-pre-wrap break-words [.text-message+&amp;]:mt-5 overflow-x-auto\" dir=\"auto\" data-message-author-role=\"assistant\" data-message-id=\"8a20065a-e026-4d1c-a49b-0db2dc57aae1\">\n<div class=\"markdown prose w-full break-words dark:prose-invert light\">\n<div class=\"flex-1 overflow-hidden\">\n<div class=\"react-scroll-to-bottom--css-udson-79elbk h-full\">\n<div class=\"react-scroll-to-bottom--css-udson-1n7m0yu\">\n<div class=\"flex flex-col text-sm pb-9\">\n<div class=\"w-full text-token-text-primary\" dir=\"auto\" data-testid=\"conversation-turn-169\">\n<div class=\"px-4 py-2 justify-center text-base md:gap-6 m-auto\">\n<div class=\"flex flex-1 text-base mx-auto gap-3 juice:gap-4 juice:md:gap-6 md:px-5 lg:px-1 xl:px-5 md:max-w-3xl lg:max-w-[40rem] xl:max-w-[48rem]\">\n<div class=\"relative flex w-full flex-col agent-turn\">\n<div class=\"flex-col gap-1 md:gap-3\">\n<div class=\"flex flex-grow flex-col max-w-full\">\n<div class=\"min-h-[20px] text-message flex flex-col items-start gap-3 whitespace-pre-wrap break-words [.text-message+&amp;]:mt-5 overflow-x-auto\" dir=\"auto\" data-message-author-role=\"assistant\" data-message-id=\"ced97803-3ca4-41e3-8243-cc9b2d4d5ac6\">\n<div class=\"markdown prose w-full break-words dark:prose-invert light\">\n<p><strong>Le produit<\/strong><\/p>\n<p data-start=\"231\" data-end=\"1102\">L'Album di Famiglia \u2013 Men Wrap Coat HW \u2013 Stone allie \u00e9l\u00e9gance d\u00e9contract\u00e9e et savoir-faire italien haut de gamme.<br data-start=\"347\" data-end=\"350\" \/>Son tissu doux drap\u00e9 avec fluidit\u00e9, cr\u00e9ant une silhouette raffin\u00e9e et sans effort.<br data-start=\"427\" data-end=\"430\" \/>De plus, la couleur pierre apporte une chaleur subtile et une polyvalence \u00e0 toute garde-robe.<br data-start=\"507\" data-end=\"510\" \/>La conception enveloppante permet un ajustement r\u00e9glable tout en conservant une forme gracieuse et fluide.<br data-start=\"596\" data-end=\"599\" \/>De plus, des coutures pr\u00e9cises et des d\u00e9tails soign\u00e9s rehaussent la finition impeccable du manteau.<br data-start=\"685\" data-end=\"688\" \/>Vous pouvez le porter au travail, pour des sorties d\u00e9contract\u00e9es, ou lors d'\u00e9v\u00e9nements en soir\u00e9e en toute simplicit\u00e9.<br data-start=\"758\" data-end=\"761\" \/>Associez-le \u00e0 un pantalon sur mesure pour plus de sophistication ou \u00e0 un jean pour une \u00e9l\u00e9gance d\u00e9contract\u00e9e.<br data-start=\"841\" data-end=\"844\" \/>Par cons\u00e9quent, ce manteau rehausse le style au quotidien tout en restant exceptionnellement confortable.<br data-start=\"937\" data-end=\"940\" \/>En cons\u00e9quence, le manteau drap\u00e9 pour femme HW devient un essentiel intemporel de garde-robe.<br data-start=\"1014\" data-end=\"1017\" \/>En fin de compte, il incarne l'\u00e9quilibre entre le confort, la fonctionnalit\u00e9 et le design minimaliste.<\/p>\n<p data-start=\"231\" data-end=\"1102\">\n<p data-start=\"231\" data-end=\"1102\"><a href=\"https:\/\/rendez-vous-store.com\/fr\/shop\/men-selection-discover-our-selection-rendez-vous-store\/bags-rendez-vous-store\/amiacalva-bodybag-s-f009-bl-s-black\/\">Nous aimons le voir port\u00e9 avec<\/a><\/p>\n<\/div>\n<p data-start=\"231\" data-end=\"1102\">\n<\/div>\n<\/div>\n<p data-start=\"231\" data-end=\"1102\">\n<div class=\"flex flex-grow flex-col max-w-full\">\n<div class=\"min-h-[20px] text-message flex flex-col items-start gap-3 whitespace-pre-wrap break-words [.text-message+&amp;]:mt-5 overflow-x-auto\" dir=\"auto\" data-message-author-role=\"assistant\" data-message-id=\"ced97803-3ca4-41e3-8243-cc9b2d4d5ac6\">\n<div class=\"markdown prose w-full break-words dark:prose-invert light\">\n<p data-start=\"231\" data-end=\"1102\">\n<p data-start=\"231\" data-end=\"1102\"><strong>La marque<\/strong><\/p>\n<p data-start=\"1123\" data-end=\"2140\">Album di Famiglia a \u00e9t\u00e9 fond\u00e9 par Monica Rusconi et donne vie au luxe minimaliste.<br data-start=\"1212\" data-end=\"1215\" \/>\u00c9tablie au d\u00e9but des ann\u00e9es 2000, la marque s'est rapidement fait conna\u00eetre pour son \u00e9l\u00e9gance discr\u00e8te et sa qualit\u00e9.<br data-start=\"1315\" data-end=\"1318\" \/>De plus, chaque collection capture l'essence de la vie de famille, alliant confort et style sans effort.<br data-start=\"1419\" data-end=\"1422\" \/>Les pi\u00e8ces, des tricots douillets aux manteaux \u00e9l\u00e9gants, t\u00e9moignent d'une attention m\u00e9ticuleuse aux d\u00e9tails.<br data-start=\"1507\" data-end=\"1510\" \/>De plus, chaque v\u00eatement allie confort, fonctionnalit\u00e9 et style sans effort.<br data-start=\"1593\" data-end=\"1596\" \/>Avec des lignes \u00e9pur\u00e9es, des silhouettes fluides et une palette neutre, la marque cr\u00e9e une polyvalence intemporelle.<br data-start=\"1695\" data-end=\"1698\" \/>De plus, Album di Famiglia utilise des mat\u00e9riaux de haute qualit\u00e9 tels que le coton doux, la laine luxueuse et le cachemire somptueux.<br data-start=\"1817\" data-end=\"1820\" \/>Par cons\u00e9quent, chaque pi\u00e8ce offre durabilit\u00e9, style et confort in\u00e9gal\u00e9, soulignant l'engagement de la marque envers la qualit\u00e9.<br data-start=\"1942\" data-end=\"1945\" \/>De plus, la marque propose des v\u00eatements intemporels qui transcendent les tendances \u00e9ph\u00e9m\u00e8res de la mode.<br data-start=\"2034\" data-end=\"2037\" \/>En cons\u00e9quence, Album di Famiglia invite \u00e0 un style de vie o\u00f9 le confort et l'\u00e9l\u00e9gance coexistent au quotidien.<\/p>\n<\/div>\n<p data-start=\"1123\" data-end=\"2140\">\n<div class=\"markdown prose w-full break-words dark:prose-invert light\">\n<p data-start=\"1123\" data-end=\"2140\">\n<p data-start=\"1123\" data-end=\"2140\">\n<p data-start=\"1123\" data-end=\"2140\">\n<p data-start=\"1123\" data-end=\"2140\">\n<p data-start=\"1123\" data-end=\"2140\"><strong>La collection<\/strong><\/p>\n<p data-start=\"2167\" data-end=\"2735\">Album di Famiglia cr\u00e9e des collections r\u00e9fl\u00e9chies qui rehaussent le style vestimentaire quotidien.<br data-start=\"2255\" data-end=\"2258\" \/>Chaque v\u00eatement allie confort, style et polyvalence avec un minimum d'effort.<br data-start=\"2332\" data-end=\"2335\" \/>Que vous optiez pour des basiques d\u00e9contract\u00e9s ou des pi\u00e8ces sophistiqu\u00e9es audacieuses, chaque article permet l'expression de soi.<br data-start=\"2438\" data-end=\"2441\" \/>Ainsi, la garde-robe encourage la confiance gr\u00e2ce \u00e0 un design intemporel et une esth\u00e9tique raffin\u00e9e.<br data-start=\"2529\" data-end=\"2532\" \/>Dans un monde de la mode domin\u00e9 par les tendances, Album di Famiglia offre une alternative rafra\u00eechissante et durable.<br data-start=\"2633\" data-end=\"2636\" \/>Par cons\u00e9quent, ses pi\u00e8ces transforment les moments ordinaires en c\u00e9l\u00e9brations de style, de confort et d'\u00e9l\u00e9gance.<\/p>\n<p>&nbsp;<\/p>\n<p>&nbsp;<\/p>\n<p><a href=\"https:\/\/www.instagram.com\/p\/DRUwg1QkX97\/?hl=fr&amp;img_index=1\">Inspirez-vous avec notre look Album Di Famiglia sur notre Instagram\u00a0<\/a><\/p>\n<\/div>\n<\/div>\n<\/div>\n<\/div>\n<\/div>\n<\/div>\n<\/div>\n<\/div>\n<\/div>\n<\/div>\n<\/div>\n<\/div>\n<\/div>\n<\/div>\n<\/div>\n<\/div>\n<\/div>\n<\/div>\n<\/div>\n<\/div>\n<\/div>\n<\/div>\n<\/div>\n<\/div>\n<\/div>\n<\/div>\n<\/div>\n<\/div>\n<\/div>\n<\/div>\n<\/div>\n<\/div>\n<\/div>\n<\/div>\n<\/div>\n<\/div>","protected":false},"excerpt":{"rendered":"<p>Album Di Famiglia Men Wrap Coat HW Stone Color: Stone Loose fit Front button closure Wide silhouette Belt at the waist Long sleeves Dropped shoulders Back slit Composition: 62% True hemp, 38% Wool \/ Lining: 100% Cotton Made in Italy &nbsp; &nbsp; &nbsp; &nbsp; &nbsp; &nbsp; &nbsp; &nbsp; The product The Album di Famiglia \u2013&hellip; <a class=\"more-link\" href=\"https:\/\/rendez-vous-store.com\/fr\/shop\/unisex-rendez-vous-store\/unisex-new-rendez-vous-store\/album-di-famiglia-men-wrap-coat-hw-stone-rendez-vous-store\/\">Continuer la lecture <span class=\"screen-reader-text\">Album Di Famiglia \u2013 Manteau Enveloppant Homme HW \u2013 Pierre<\/span><\/a><\/p>","protected":false},"featured_media":224015,"template":"","meta":{"_acf_changed":false},"product_brand":[],"product_cat":[1311,1304],"product_tag":[276],"class_list":{"0":"post-223700","1":"product","2":"type-product","3":"status-publish","4":"has-post-thumbnail","6":"product_cat-unisex-new-rendez-vous-store","7":"product_cat-unisex-rendez-vous-store","8":"product_tag-album-di-famiglia","9":"entry","11":"first","12":"outofstock","13":"taxable","14":"shipping-taxable","15":"product-type-variable"},"acf":[],"yoast_head":"<!-- This site is optimized with the Yoast SEO plugin v24.9 - https:\/\/yoast.com\/wordpress\/plugins\/seo\/ -->\n<title>Album Di Famiglia - Men Wrap Coat HW - Stone<\/title>\n<meta name=\"description\" content=\"Album Di Famiglia is on Rendez-Vous Store. This Album Di Famiglia - Men Wrap Coat HW - Stone associate shape and texture. Discover now.\" \/>\n<meta name=\"robots\" content=\"index, follow, max-snippet:-1, max-image-preview:large, max-video-preview:-1\" \/>\n<link rel=\"canonical\" href=\"https:\/\/rendez-vous-store.com\/fr\/shop\/unisex-rendez-vous-store\/unisex-new-rendez-vous-store\/album-di-famiglia-men-wrap-coat-hw-stone-rendez-vous-store\/\" \/>\n<meta property=\"og:locale\" content=\"fr_FR\" \/>\n<meta property=\"og:type\" content=\"article\" \/>\n<meta property=\"og:title\" content=\"Album Di Famiglia - Men Wrap Coat HW - Stone\" \/>\n<meta property=\"og:description\" content=\"Album Di Famiglia is on Rendez-Vous Store. This Album Di Famiglia - Men Wrap Coat HW - Stone associate shape and texture. Discover now.\" \/>\n<meta property=\"og:url\" content=\"https:\/\/rendez-vous-store.com\/fr\/shop\/unisex-rendez-vous-store\/unisex-new-rendez-vous-store\/album-di-famiglia-men-wrap-coat-hw-stone-rendez-vous-store\/\" \/>\n<meta property=\"og:site_name\" content=\"RENDEZ-VOUS STORE\" \/>\n<meta property=\"article:modified_time\" content=\"2026-03-16T18:37:24+00:00\" \/>\n<meta property=\"og:image\" content=\"https:\/\/rendez-vous-store.com\/app\/uploads\/2025\/11\/rdv_albumdifamiglia_31-scaled.webp\" \/>\n\t<meta property=\"og:image:width\" content=\"1696\" \/>\n\t<meta property=\"og:image:height\" content=\"2560\" \/>\n\t<meta property=\"og:image:type\" content=\"image\/webp\" \/>\n<meta name=\"twitter:card\" content=\"summary_large_image\" \/>\n<meta name=\"twitter:label1\" content=\"Est. reading time\" \/>\n\t<meta name=\"twitter:data1\" content=\"2 minutes\" \/>\n<script type=\"application\/ld+json\" class=\"yoast-schema-graph\">{\"@context\":\"https:\/\/schema.org\",\"@graph\":[{\"@type\":\"WebPage\",\"@id\":\"https:\/\/rendez-vous-store.com\/shop\/unisex-rendez-vous-store\/unisex-new-rendez-vous-store\/album-di-famiglia-men-wrap-coat-hw-stone-rendez-vous-store\/\",\"url\":\"https:\/\/rendez-vous-store.com\/shop\/unisex-rendez-vous-store\/unisex-new-rendez-vous-store\/album-di-famiglia-men-wrap-coat-hw-stone-rendez-vous-store\/\",\"name\":\"Album Di Famiglia - Men Wrap Coat HW - Stone\",\"isPartOf\":{\"@id\":\"https:\/\/rendez-vous-store.com\/#website\"},\"primaryImageOfPage\":{\"@id\":\"https:\/\/rendez-vous-store.com\/shop\/unisex-rendez-vous-store\/unisex-new-rendez-vous-store\/album-di-famiglia-men-wrap-coat-hw-stone-rendez-vous-store\/#primaryimage\"},\"image\":{\"@id\":\"https:\/\/rendez-vous-store.com\/shop\/unisex-rendez-vous-store\/unisex-new-rendez-vous-store\/album-di-famiglia-men-wrap-coat-hw-stone-rendez-vous-store\/#primaryimage\"},\"thumbnailUrl\":\"https:\/\/rendez-vous-store.com\/app\/uploads\/2025\/11\/rdv_albumdifamiglia_31-scaled.webp\",\"datePublished\":\"2025-11-18T11:44:55+00:00\",\"dateModified\":\"2026-03-16T18:37:24+00:00\",\"description\":\"Album Di Famiglia is on Rendez-Vous Store. This Album Di Famiglia - Men Wrap Coat HW - Stone associate shape and texture. Discover now.\",\"breadcrumb\":{\"@id\":\"https:\/\/rendez-vous-store.com\/shop\/unisex-rendez-vous-store\/unisex-new-rendez-vous-store\/album-di-famiglia-men-wrap-coat-hw-stone-rendez-vous-store\/#breadcrumb\"},\"inLanguage\":\"fr-FR\",\"potentialAction\":[{\"@type\":\"ReadAction\",\"target\":[\"https:\/\/rendez-vous-store.com\/shop\/unisex-rendez-vous-store\/unisex-new-rendez-vous-store\/album-di-famiglia-men-wrap-coat-hw-stone-rendez-vous-store\/\"]}]},{\"@type\":\"ImageObject\",\"inLanguage\":\"fr-FR\",\"@id\":\"https:\/\/rendez-vous-store.com\/shop\/unisex-rendez-vous-store\/unisex-new-rendez-vous-store\/album-di-famiglia-men-wrap-coat-hw-stone-rendez-vous-store\/#primaryimage\",\"url\":\"https:\/\/rendez-vous-store.com\/app\/uploads\/2025\/11\/rdv_albumdifamiglia_31-scaled.webp\",\"contentUrl\":\"https:\/\/rendez-vous-store.com\/app\/uploads\/2025\/11\/rdv_albumdifamiglia_31-scaled.webp\",\"width\":1696,\"height\":2560},{\"@type\":\"BreadcrumbList\",\"@id\":\"https:\/\/rendez-vous-store.com\/shop\/unisex-rendez-vous-store\/unisex-new-rendez-vous-store\/album-di-famiglia-men-wrap-coat-hw-stone-rendez-vous-store\/#breadcrumb\",\"itemListElement\":[{\"@type\":\"ListItem\",\"position\":1,\"name\":\"Home\",\"item\":\"https:\/\/rendez-vous-store.com\/\"},{\"@type\":\"ListItem\",\"position\":2,\"name\":\"Shop\",\"item\":\"https:\/\/www.rendez-vous-store.com\/shop\/\"},{\"@type\":\"ListItem\",\"position\":3,\"name\":\"Album Di Famiglia &#8211; Men Wrap Coat HW &#8211; Stone\"}]},{\"@type\":\"WebSite\",\"@id\":\"https:\/\/rendez-vous-store.com\/#website\",\"url\":\"https:\/\/rendez-vous-store.com\/\",\"name\":\"RENDEZ-VOUS STORE\",\"description\":\"Slow Fashion for Women and Men\",\"potentialAction\":[{\"@type\":\"SearchAction\",\"target\":{\"@type\":\"EntryPoint\",\"urlTemplate\":\"https:\/\/rendez-vous-store.com\/?s={search_term_string}\"},\"query-input\":{\"@type\":\"PropertyValueSpecification\",\"valueRequired\":true,\"valueName\":\"search_term_string\"}}],\"inLanguage\":\"fr-FR\"}]}<\/script>\n<!-- \/ Yoast SEO plugin. -->","yoast_head_json":{"title":"Album Di Famiglia - Men Wrap Coat HW - Stone","description":"Album Di Famiglia is on Rendez-Vous Store. This Album Di Famiglia - Men Wrap Coat HW - Stone associate shape and texture. Discover now.","robots":{"index":"index","follow":"follow","max-snippet":"max-snippet:-1","max-image-preview":"max-image-preview:large","max-video-preview":"max-video-preview:-1"},"canonical":"https:\/\/rendez-vous-store.com\/fr\/shop\/unisex-rendez-vous-store\/unisex-new-rendez-vous-store\/album-di-famiglia-men-wrap-coat-hw-stone-rendez-vous-store\/","og_locale":"fr_FR","og_type":"article","og_title":"Album Di Famiglia - Men Wrap Coat HW - Stone","og_description":"Album Di Famiglia is on Rendez-Vous Store. This Album Di Famiglia - Men Wrap Coat HW - Stone associate shape and texture. Discover now.","og_url":"https:\/\/rendez-vous-store.com\/fr\/shop\/unisex-rendez-vous-store\/unisex-new-rendez-vous-store\/album-di-famiglia-men-wrap-coat-hw-stone-rendez-vous-store\/","og_site_name":"RENDEZ-VOUS STORE","article_modified_time":"2026-03-16T18:37:24+00:00","og_image":[{"width":1696,"height":2560,"url":"https:\/\/rendez-vous-store.com\/app\/uploads\/2025\/11\/rdv_albumdifamiglia_31-scaled.webp","type":"image\/webp"}],"twitter_card":"summary_large_image","twitter_misc":{"Est. reading time":"2 minutes"},"schema":{"@context":"https:\/\/schema.org","@graph":[{"@type":"WebPage","@id":"https:\/\/rendez-vous-store.com\/shop\/unisex-rendez-vous-store\/unisex-new-rendez-vous-store\/album-di-famiglia-men-wrap-coat-hw-stone-rendez-vous-store\/","url":"https:\/\/rendez-vous-store.com\/shop\/unisex-rendez-vous-store\/unisex-new-rendez-vous-store\/album-di-famiglia-men-wrap-coat-hw-stone-rendez-vous-store\/","name":"Album Di Famiglia - Men Wrap Coat HW - Stone","isPartOf":{"@id":"https:\/\/rendez-vous-store.com\/#website"},"primaryImageOfPage":{"@id":"https:\/\/rendez-vous-store.com\/shop\/unisex-rendez-vous-store\/unisex-new-rendez-vous-store\/album-di-famiglia-men-wrap-coat-hw-stone-rendez-vous-store\/#primaryimage"},"image":{"@id":"https:\/\/rendez-vous-store.com\/shop\/unisex-rendez-vous-store\/unisex-new-rendez-vous-store\/album-di-famiglia-men-wrap-coat-hw-stone-rendez-vous-store\/#primaryimage"},"thumbnailUrl":"https:\/\/rendez-vous-store.com\/app\/uploads\/2025\/11\/rdv_albumdifamiglia_31-scaled.webp","datePublished":"2025-11-18T11:44:55+00:00","dateModified":"2026-03-16T18:37:24+00:00","description":"Album Di Famiglia is on Rendez-Vous Store. This Album Di Famiglia - Men Wrap Coat HW - Stone associate shape and texture. Discover now.","breadcrumb":{"@id":"https:\/\/rendez-vous-store.com\/shop\/unisex-rendez-vous-store\/unisex-new-rendez-vous-store\/album-di-famiglia-men-wrap-coat-hw-stone-rendez-vous-store\/#breadcrumb"},"inLanguage":"fr-FR","potentialAction":[{"@type":"ReadAction","target":["https:\/\/rendez-vous-store.com\/shop\/unisex-rendez-vous-store\/unisex-new-rendez-vous-store\/album-di-famiglia-men-wrap-coat-hw-stone-rendez-vous-store\/"]}]},{"@type":"ImageObject","inLanguage":"fr-FR","@id":"https:\/\/rendez-vous-store.com\/shop\/unisex-rendez-vous-store\/unisex-new-rendez-vous-store\/album-di-famiglia-men-wrap-coat-hw-stone-rendez-vous-store\/#primaryimage","url":"https:\/\/rendez-vous-store.com\/app\/uploads\/2025\/11\/rdv_albumdifamiglia_31-scaled.webp","contentUrl":"https:\/\/rendez-vous-store.com\/app\/uploads\/2025\/11\/rdv_albumdifamiglia_31-scaled.webp","width":1696,"height":2560},{"@type":"BreadcrumbList","@id":"https:\/\/rendez-vous-store.com\/shop\/unisex-rendez-vous-store\/unisex-new-rendez-vous-store\/album-di-famiglia-men-wrap-coat-hw-stone-rendez-vous-store\/#breadcrumb","itemListElement":[{"@type":"ListItem","position":1,"name":"Home","item":"https:\/\/rendez-vous-store.com\/"},{"@type":"ListItem","position":2,"name":"Shop","item":"https:\/\/www.rendez-vous-store.com\/shop\/"},{"@type":"ListItem","position":3,"name":"Album Di Famiglia &#8211; Men Wrap Coat HW &#8211; Stone"}]},{"@type":"WebSite","@id":"https:\/\/rendez-vous-store.com\/#website","url":"https:\/\/rendez-vous-store.com\/","name":"RENDEZ-VOUS STORE","description":"Slow Fashion for Women and Men","potentialAction":[{"@type":"SearchAction","target":{"@type":"EntryPoint","urlTemplate":"https:\/\/rendez-vous-store.com\/?s={search_term_string}"},"query-input":{"@type":"PropertyValueSpecification","valueRequired":true,"valueName":"search_term_string"}}],"inLanguage":"fr-FR"}]}},"_links":{"self":[{"href":"https:\/\/rendez-vous-store.com\/fr\/wp-json\/wp\/v2\/product\/223700","targetHints":{"allow":["GET"]}}],"collection":[{"href":"https:\/\/rendez-vous-store.com\/fr\/wp-json\/wp\/v2\/product"}],"about":[{"href":"https:\/\/rendez-vous-store.com\/fr\/wp-json\/wp\/v2\/types\/product"}],"wp:featuredmedia":[{"embeddable":true,"href":"https:\/\/rendez-vous-store.com\/fr\/wp-json\/wp\/v2\/media\/224015"}],"wp:attachment":[{"href":"https:\/\/rendez-vous-store.com\/fr\/wp-json\/wp\/v2\/media?parent=223700"}],"wp:term":[{"taxonomy":"product_brand","embeddable":true,"href":"https:\/\/rendez-vous-store.com\/fr\/wp-json\/wp\/v2\/product_brand?post=223700"},{"taxonomy":"product_cat","embeddable":true,"href":"https:\/\/rendez-vous-store.com\/fr\/wp-json\/wp\/v2\/product_cat?post=223700"},{"taxonomy":"product_tag","embeddable":true,"href":"https:\/\/rendez-vous-store.com\/fr\/wp-json\/wp\/v2\/product_tag?post=223700"}],"curies":[{"name":"wp","href":"https:\/\/api.w.org\/{rel}","templated":true}]}}