{"id":223375,"date":"2025-11-14T14:27:42","date_gmt":"2025-11-14T13:27:42","guid":{"rendered":"https:\/\/rendez-vous-store.com\/?post_type=product&#038;p=223375"},"modified":"2026-03-16T19:37:19","modified_gmt":"2026-03-16T18:37:19","slug":"man-tle-r0s8-weather-shirt-white-weather-rendez-vous-store","status":"publish","type":"product","link":"https:\/\/rendez-vous-store.com\/fr\/shop\/men-selection-discover-our-selection-rendez-vous-store\/shirts-rendez-vous-store\/man-tle-r0s8-weather-shirt-white-weather-rendez-vous-store\/","title":{"rendered":"MAN-TLE &#8211; R0S8 Weather Shirt &#8211; White Weather"},"content":{"rendered":"<p><strong>MAN-TLE &#8211; R0S8 Weather Shirt &#8211; White Weather<\/strong><\/p>\n<p>Color: White Weather<\/p>\n<p>Col classique<\/p>\n<p>Manches longues<\/p>\n<p>Fermeture par boutons<\/p>\n<p>Chemise ample<\/p>\n<p>\u00c9paules tombantes<\/p>\n<p>Poignets pliss\u00e9s<\/p>\n<p>Ourlet incurv\u00e9<\/p>\n<p>Fabriqu\u00e9 au Japon<\/p>\n<p>Composition : Coton 100%<\/p>\n<p>&nbsp;<\/p>\n<p>&nbsp;<\/p>\n<p><strong>Les mesures :\u00a0<\/strong><\/p>\n<p>Taille M : \u00c9paules : 52cm, Poitrine : 67cm, Manches : 65cm, Longueur : 78cm, Emmanchures : 29cm<\/p>\n<p>Taille L : \u00c9paules : 55 cm, Poitrine : 68 cm, Manches : 66 cm, Longueur : 81 cm, Emmanchures : 31 cm<\/p>\n<p>&nbsp;<\/p>\n<p data-start=\"217\" data-end=\"229\"><strong>Le chemisier<\/strong><\/p>\n<p style=\"text-align: left;\" data-start=\"231\" data-end=\"1288\">This MAN-TLE \u2013 R0S8 Weather Shirt \u2013 White Weather combines density and clarity with striking ease.<br data-start=\"232\" data-end=\"235\" \/>Its tightly woven cotton moves with the body and, consequently, creates subtle shifts in texture that feel dynamic.<br data-start=\"350\" data-end=\"353\" data-is-only-node=\"\" \/>Moreover, the bright white tone reinforces the shirt\u2019s structured presence while still staying unexpectedly soft.<br data-start=\"466\" data-end=\"469\" \/>Because the fabric was engineered for harsh conditions, it remains breathable, resilient, and consistently stable throughout the day.<br data-start=\"602\" data-end=\"605\" \/>In addition, the signature army button and heavy cord system add functional tension that shapes its sculptural attitude.<br data-start=\"725\" data-end=\"728\" \/>You can tighten the closures for a sharper silhouette or, alternatively, loosen them to let the fabric reveal its quiet strength.<br data-start=\"857\" data-end=\"860\" \/>The white shade pairs effortlessly with various colors and, consequently, balances darker, earthier, and brighter tones with precision.<br data-start=\"995\" data-end=\"998\" \/>As a result, the R0S8 Weather Shirt elevates everyday dressing through a grounded, intentional gesture.<br data-start=\"1101\" data-end=\"1104\" \/>Ultimately, it stays utilitarian, tactile, and unmistakably MAN-TLE.<\/p>\n<p data-start=\"231\" data-end=\"1288\"><a href=\"https:\/\/rendez-vous-store.com\/fr\/shop\/men-selection-discover-our-selection-rendez-vous-store\/trousers-shorts-rendez-vous-store\/ancellm-anc-pt96-baker-pants-black-rendez-vous-store\/\">Nous aimons le voir port\u00e9 avec<\/a><\/p>\n<p data-start=\"231\" data-end=\"1288\"><strong>La marque\u00a0<\/strong><\/p>\n<p data-start=\"1418\" data-end=\"2238\">MAN-TLE est une marque australienne bas\u00e9e au Japon, fond\u00e9e par les designers Nick Wakeman et Larz Br\u00e6ndg\u00e5rd.<br data-start=\"1520\" data-end=\"1523\" \/>Parce que les fondateurs s'inspirent des vastes paysages australiens, la marque adopte des climats rudes, une durabilit\u00e9 fonctionnelle et une simplicit\u00e9 \u00e9l\u00e9mentaire.<br data-start=\"1680\" data-end=\"1683\" \/>C'est pourquoi son identit\u00e9 repose sur des mat\u00e9riaux de qualit\u00e9 industrielle, des palettes de couleurs sobres et des silhouettes fortes et sculpturales.<br data-start=\"1807\" data-end=\"1810\" \/>Les pi\u00e8ces mettent en valeur un profond respect pour la fabrication, le poids et la texture ; de plus, elles refl\u00e8tent une philosophie ancr\u00e9e dans la durabilit\u00e9 plut\u00f4t que dans la tendance.<br data-start=\"1958\" data-end=\"1961\" \/>En outre, MAN-TLE travaille en \u00e9troite collaboration avec des usines japonaises pour d\u00e9velopper des textiles exclusifs d'une densit\u00e9, d'une long\u00e9vit\u00e9 et d'une r\u00e9activit\u00e9 exceptionnelles.<br data-start=\"2102\" data-end=\"2105\" \/>Par cons\u00e9quent, chaque v\u00eatement est \u00e0 la fois fonctionnel etintemporel, offrant une clart\u00e9 qui d\u00e9coule d'une conception m\u00e9ticuleuse et ax\u00e9e sur la recherche.<\/p>\n<p data-start=\"2240\" data-end=\"2685\">Tous les articles MAN-TLE sont produits au Japon selon des m\u00e9thodes de fabrication traditionnelles.<br data-start=\"2322\" data-end=\"2325\" \/>Ce processus garantit la coh\u00e9rence, la pr\u00e9cision technique et, surtout, une finition discr\u00e8tement luxueuse.<br data-start=\"2423\" data-end=\"2426\" \/>En cons\u00e9quence, MAN-TLE a acquis une reconnaissance internationale aupr\u00e8s des architectes, des designers et des clients \u00e0 la pointe de la mode qui accordent de l'importance \u00e0 la substance.<br data-start=\"2561\" data-end=\"2564\" \/>Ses collections sont pr\u00e9sent\u00e9es dans des boutiques soigneusement s\u00e9lectionn\u00e9es, des magasins conceptuels ind\u00e9pendants et des magasins sp\u00e9cialis\u00e9s raffin\u00e9s dans le monde entier.<\/p>\n<p data-start=\"231\" data-end=\"1288\"><strong>La collection<\/strong><\/p>\n<p data-start=\"231\" data-end=\"1288\">La s\u00e9rie rotative \"R\" de MAN-TLE illustre l'engagement permanent de la marque en mati\u00e8re de recherche sur les mat\u00e9riaux et de fonctionnalit\u00e9 technique.<br data-start=\"2834\" data-end=\"2837\" \/>Comme chaque version s'appuie sur la pr\u00e9c\u00e9dente, les collections \u00e9voluent r\u00e9guli\u00e8rement tout en conservant les m\u00eames principes de base.<br data-start=\"2961\" data-end=\"2964\" \/>Ainsi, les v\u00eatements s'adaptent parfaitement aux routines quotidiennes, aux voyages de longue dur\u00e9e et aux diverses couches saisonni\u00e8res.<br data-start=\"3066\" data-end=\"3069\" \/>De plus, chaque pi\u00e8ce refl\u00e8te un \u00e9quilibre entre le poids et le mouvement, offrant une exp\u00e9rience \u00e0 la fois solide et flexible.<br data-start=\"3183\" data-end=\"3186\" \/>Que vous choisissiez une chemise \u00e9paisse, une veste r\u00e9sistante aux intemp\u00e9ries ou un pantalon utilitaire, le r\u00e9sultat reste moderne, \u00e9l\u00e9mentaire et volontairement discret.<br data-start=\"3337\" data-end=\"3340\" \/>Au fil du temps, MAN-TLE a cultiv\u00e9 une communaut\u00e9 internationale fid\u00e8le qui appr\u00e9cie son int\u00e9grit\u00e9 et sa vision rigoureuse.<br data-start=\"3452\" data-end=\"3455\" \/>C'est pourquoi de nombreux clients reviennent saison apr\u00e8s saison, \u00e0 la recherche de v\u00eatements qui combinent long\u00e9vit\u00e9, fonctionnalit\u00e9 et une force tranquille et indubitable.<\/p>\n<p>&nbsp;<\/p>","protected":false},"excerpt":{"rendered":"<p>MAN-TLE &#8211; R0S8 Weather Shirt &#8211; White Weather Color: White Weather Classic Collar Long Sleeves Buttons Closure Loose-fitting shirt Dropped Shoulders Pleated cuffs Curved hem Made in Japan Composition: 100% cotton &nbsp; &nbsp; The measurements:\u00a0 Size M: Shoulders: 52cm, Chest: 67cm, Sleeves: 65cm, Length: 78cm, Armholes: 29cm Size L: Shoulders: 55cm, Chest: 68cm, Sleeves: 66cm,&hellip; <a class=\"more-link\" href=\"https:\/\/rendez-vous-store.com\/fr\/shop\/men-selection-discover-our-selection-rendez-vous-store\/shirts-rendez-vous-store\/man-tle-r0s8-weather-shirt-white-weather-rendez-vous-store\/\">Continuer la lecture <span class=\"screen-reader-text\">MAN-TLE &#8211; R0S8 Weather Shirt &#8211; White Weather<\/span><\/a><\/p>","protected":false},"featured_media":223957,"template":"","meta":{"_acf_changed":false},"product_brand":[],"product_cat":[20,1059,74],"product_tag":[1422],"class_list":{"0":"post-223375","1":"product","2":"type-product","3":"status-publish","4":"has-post-thumbnail","6":"product_cat-men-selection-discover-our-selection-rendez-vous-store","7":"product_cat-new-men-rendez-vous-store","8":"product_cat-shirts-rendez-vous-store","9":"product_tag-man-tle","10":"entry","12":"first","13":"outofstock","14":"taxable","15":"shipping-taxable","16":"product-type-variable"},"acf":[],"yoast_head":"<!-- This site is optimized with the Yoast SEO plugin v24.9 - https:\/\/yoast.com\/wordpress\/plugins\/seo\/ -->\n<title>MAN-TLE - R0S8 Weather Shirt - White Weather<\/title>\n<meta name=\"description\" content=\"MAN-TLE is on Rendez-Vous Store. The MAN-TLE - R0S8 Weather Shirt - White Weather combines contemporary design with premium materials.\" \/>\n<meta name=\"robots\" content=\"index, follow, max-snippet:-1, max-image-preview:large, max-video-preview:-1\" \/>\n<link rel=\"canonical\" href=\"https:\/\/rendez-vous-store.com\/fr\/shop\/men-selection-discover-our-selection-rendez-vous-store\/shirts-rendez-vous-store\/man-tle-r0s8-weather-shirt-white-weather-rendez-vous-store\/\" \/>\n<meta property=\"og:locale\" content=\"fr_FR\" \/>\n<meta property=\"og:type\" content=\"article\" \/>\n<meta property=\"og:title\" content=\"MAN-TLE - R0S8 Weather Shirt - White Weather\" \/>\n<meta property=\"og:description\" content=\"MAN-TLE is on Rendez-Vous Store. The MAN-TLE - R0S8 Weather Shirt - White Weather combines contemporary design with premium materials.\" \/>\n<meta property=\"og:url\" content=\"https:\/\/rendez-vous-store.com\/fr\/shop\/men-selection-discover-our-selection-rendez-vous-store\/shirts-rendez-vous-store\/man-tle-r0s8-weather-shirt-white-weather-rendez-vous-store\/\" \/>\n<meta property=\"og:site_name\" content=\"RENDEZ-VOUS STORE\" \/>\n<meta property=\"article:modified_time\" content=\"2026-03-16T18:37:19+00:00\" \/>\n<meta property=\"og:image\" content=\"https:\/\/rendez-vous-store.com\/app\/uploads\/2025\/11\/rdv_mantle_05-scaled.webp\" \/>\n\t<meta property=\"og:image:width\" content=\"1696\" \/>\n\t<meta property=\"og:image:height\" content=\"2560\" \/>\n\t<meta property=\"og:image:type\" content=\"image\/webp\" \/>\n<meta name=\"twitter:card\" content=\"summary_large_image\" \/>\n<meta name=\"twitter:label1\" content=\"Est. reading time\" \/>\n\t<meta name=\"twitter:data1\" content=\"3 minutes\" \/>\n<script type=\"application\/ld+json\" class=\"yoast-schema-graph\">{\"@context\":\"https:\/\/schema.org\",\"@graph\":[{\"@type\":\"WebPage\",\"@id\":\"https:\/\/rendez-vous-store.com\/shop\/men-selection-discover-our-selection-rendez-vous-store\/shirts-rendez-vous-store\/man-tle-r0s8-weather-shirt-white-weather-rendez-vous-store\/\",\"url\":\"https:\/\/rendez-vous-store.com\/shop\/men-selection-discover-our-selection-rendez-vous-store\/shirts-rendez-vous-store\/man-tle-r0s8-weather-shirt-white-weather-rendez-vous-store\/\",\"name\":\"MAN-TLE - R0S8 Weather Shirt - White Weather\",\"isPartOf\":{\"@id\":\"https:\/\/rendez-vous-store.com\/#website\"},\"primaryImageOfPage\":{\"@id\":\"https:\/\/rendez-vous-store.com\/shop\/men-selection-discover-our-selection-rendez-vous-store\/shirts-rendez-vous-store\/man-tle-r0s8-weather-shirt-white-weather-rendez-vous-store\/#primaryimage\"},\"image\":{\"@id\":\"https:\/\/rendez-vous-store.com\/shop\/men-selection-discover-our-selection-rendez-vous-store\/shirts-rendez-vous-store\/man-tle-r0s8-weather-shirt-white-weather-rendez-vous-store\/#primaryimage\"},\"thumbnailUrl\":\"https:\/\/rendez-vous-store.com\/app\/uploads\/2025\/11\/rdv_mantle_05-scaled.webp\",\"datePublished\":\"2025-11-14T13:27:42+00:00\",\"dateModified\":\"2026-03-16T18:37:19+00:00\",\"description\":\"MAN-TLE is on Rendez-Vous Store. The MAN-TLE - R0S8 Weather Shirt - White Weather combines contemporary design with premium materials.\",\"breadcrumb\":{\"@id\":\"https:\/\/rendez-vous-store.com\/shop\/men-selection-discover-our-selection-rendez-vous-store\/shirts-rendez-vous-store\/man-tle-r0s8-weather-shirt-white-weather-rendez-vous-store\/#breadcrumb\"},\"inLanguage\":\"fr-FR\",\"potentialAction\":[{\"@type\":\"ReadAction\",\"target\":[\"https:\/\/rendez-vous-store.com\/shop\/men-selection-discover-our-selection-rendez-vous-store\/shirts-rendez-vous-store\/man-tle-r0s8-weather-shirt-white-weather-rendez-vous-store\/\"]}]},{\"@type\":\"ImageObject\",\"inLanguage\":\"fr-FR\",\"@id\":\"https:\/\/rendez-vous-store.com\/shop\/men-selection-discover-our-selection-rendez-vous-store\/shirts-rendez-vous-store\/man-tle-r0s8-weather-shirt-white-weather-rendez-vous-store\/#primaryimage\",\"url\":\"https:\/\/rendez-vous-store.com\/app\/uploads\/2025\/11\/rdv_mantle_05-scaled.webp\",\"contentUrl\":\"https:\/\/rendez-vous-store.com\/app\/uploads\/2025\/11\/rdv_mantle_05-scaled.webp\",\"width\":1696,\"height\":2560,\"caption\":\"MAN-TLE - R0S8 Weather Shirt - White Weather\"},{\"@type\":\"BreadcrumbList\",\"@id\":\"https:\/\/rendez-vous-store.com\/shop\/men-selection-discover-our-selection-rendez-vous-store\/shirts-rendez-vous-store\/man-tle-r0s8-weather-shirt-white-weather-rendez-vous-store\/#breadcrumb\",\"itemListElement\":[{\"@type\":\"ListItem\",\"position\":1,\"name\":\"Home\",\"item\":\"https:\/\/rendez-vous-store.com\/\"},{\"@type\":\"ListItem\",\"position\":2,\"name\":\"Shop\",\"item\":\"https:\/\/www.rendez-vous-store.com\/shop\/\"},{\"@type\":\"ListItem\",\"position\":3,\"name\":\"MAN-TLE &#8211; R0S8 Weather Shirt &#8211; White Weather\"}]},{\"@type\":\"WebSite\",\"@id\":\"https:\/\/rendez-vous-store.com\/#website\",\"url\":\"https:\/\/rendez-vous-store.com\/\",\"name\":\"RENDEZ-VOUS STORE\",\"description\":\"Slow Fashion for Women and Men\",\"potentialAction\":[{\"@type\":\"SearchAction\",\"target\":{\"@type\":\"EntryPoint\",\"urlTemplate\":\"https:\/\/rendez-vous-store.com\/?s={search_term_string}\"},\"query-input\":{\"@type\":\"PropertyValueSpecification\",\"valueRequired\":true,\"valueName\":\"search_term_string\"}}],\"inLanguage\":\"fr-FR\"}]}<\/script>\n<!-- \/ Yoast SEO plugin. -->","yoast_head_json":{"title":"MAN-TLE - R0S8 Weather Shirt - White Weather","description":"MAN-TLE is on Rendez-Vous Store. The MAN-TLE - R0S8 Weather Shirt - White Weather combines contemporary design with premium materials.","robots":{"index":"index","follow":"follow","max-snippet":"max-snippet:-1","max-image-preview":"max-image-preview:large","max-video-preview":"max-video-preview:-1"},"canonical":"https:\/\/rendez-vous-store.com\/fr\/shop\/men-selection-discover-our-selection-rendez-vous-store\/shirts-rendez-vous-store\/man-tle-r0s8-weather-shirt-white-weather-rendez-vous-store\/","og_locale":"fr_FR","og_type":"article","og_title":"MAN-TLE - R0S8 Weather Shirt - White Weather","og_description":"MAN-TLE is on Rendez-Vous Store. The MAN-TLE - R0S8 Weather Shirt - White Weather combines contemporary design with premium materials.","og_url":"https:\/\/rendez-vous-store.com\/fr\/shop\/men-selection-discover-our-selection-rendez-vous-store\/shirts-rendez-vous-store\/man-tle-r0s8-weather-shirt-white-weather-rendez-vous-store\/","og_site_name":"RENDEZ-VOUS STORE","article_modified_time":"2026-03-16T18:37:19+00:00","og_image":[{"width":1696,"height":2560,"url":"https:\/\/rendez-vous-store.com\/app\/uploads\/2025\/11\/rdv_mantle_05-scaled.webp","type":"image\/webp"}],"twitter_card":"summary_large_image","twitter_misc":{"Est. reading time":"3 minutes"},"schema":{"@context":"https:\/\/schema.org","@graph":[{"@type":"WebPage","@id":"https:\/\/rendez-vous-store.com\/shop\/men-selection-discover-our-selection-rendez-vous-store\/shirts-rendez-vous-store\/man-tle-r0s8-weather-shirt-white-weather-rendez-vous-store\/","url":"https:\/\/rendez-vous-store.com\/shop\/men-selection-discover-our-selection-rendez-vous-store\/shirts-rendez-vous-store\/man-tle-r0s8-weather-shirt-white-weather-rendez-vous-store\/","name":"MAN-TLE - R0S8 Weather Shirt - White Weather","isPartOf":{"@id":"https:\/\/rendez-vous-store.com\/#website"},"primaryImageOfPage":{"@id":"https:\/\/rendez-vous-store.com\/shop\/men-selection-discover-our-selection-rendez-vous-store\/shirts-rendez-vous-store\/man-tle-r0s8-weather-shirt-white-weather-rendez-vous-store\/#primaryimage"},"image":{"@id":"https:\/\/rendez-vous-store.com\/shop\/men-selection-discover-our-selection-rendez-vous-store\/shirts-rendez-vous-store\/man-tle-r0s8-weather-shirt-white-weather-rendez-vous-store\/#primaryimage"},"thumbnailUrl":"https:\/\/rendez-vous-store.com\/app\/uploads\/2025\/11\/rdv_mantle_05-scaled.webp","datePublished":"2025-11-14T13:27:42+00:00","dateModified":"2026-03-16T18:37:19+00:00","description":"MAN-TLE is on Rendez-Vous Store. The MAN-TLE - R0S8 Weather Shirt - White Weather combines contemporary design with premium materials.","breadcrumb":{"@id":"https:\/\/rendez-vous-store.com\/shop\/men-selection-discover-our-selection-rendez-vous-store\/shirts-rendez-vous-store\/man-tle-r0s8-weather-shirt-white-weather-rendez-vous-store\/#breadcrumb"},"inLanguage":"fr-FR","potentialAction":[{"@type":"ReadAction","target":["https:\/\/rendez-vous-store.com\/shop\/men-selection-discover-our-selection-rendez-vous-store\/shirts-rendez-vous-store\/man-tle-r0s8-weather-shirt-white-weather-rendez-vous-store\/"]}]},{"@type":"ImageObject","inLanguage":"fr-FR","@id":"https:\/\/rendez-vous-store.com\/shop\/men-selection-discover-our-selection-rendez-vous-store\/shirts-rendez-vous-store\/man-tle-r0s8-weather-shirt-white-weather-rendez-vous-store\/#primaryimage","url":"https:\/\/rendez-vous-store.com\/app\/uploads\/2025\/11\/rdv_mantle_05-scaled.webp","contentUrl":"https:\/\/rendez-vous-store.com\/app\/uploads\/2025\/11\/rdv_mantle_05-scaled.webp","width":1696,"height":2560,"caption":"MAN-TLE - R0S8 Weather Shirt - White Weather"},{"@type":"BreadcrumbList","@id":"https:\/\/rendez-vous-store.com\/shop\/men-selection-discover-our-selection-rendez-vous-store\/shirts-rendez-vous-store\/man-tle-r0s8-weather-shirt-white-weather-rendez-vous-store\/#breadcrumb","itemListElement":[{"@type":"ListItem","position":1,"name":"Home","item":"https:\/\/rendez-vous-store.com\/"},{"@type":"ListItem","position":2,"name":"Shop","item":"https:\/\/www.rendez-vous-store.com\/shop\/"},{"@type":"ListItem","position":3,"name":"MAN-TLE &#8211; R0S8 Weather Shirt &#8211; White Weather"}]},{"@type":"WebSite","@id":"https:\/\/rendez-vous-store.com\/#website","url":"https:\/\/rendez-vous-store.com\/","name":"RENDEZ-VOUS STORE","description":"Slow Fashion for Women and Men","potentialAction":[{"@type":"SearchAction","target":{"@type":"EntryPoint","urlTemplate":"https:\/\/rendez-vous-store.com\/?s={search_term_string}"},"query-input":{"@type":"PropertyValueSpecification","valueRequired":true,"valueName":"search_term_string"}}],"inLanguage":"fr-FR"}]}},"_links":{"self":[{"href":"https:\/\/rendez-vous-store.com\/fr\/wp-json\/wp\/v2\/product\/223375","targetHints":{"allow":["GET"]}}],"collection":[{"href":"https:\/\/rendez-vous-store.com\/fr\/wp-json\/wp\/v2\/product"}],"about":[{"href":"https:\/\/rendez-vous-store.com\/fr\/wp-json\/wp\/v2\/types\/product"}],"wp:featuredmedia":[{"embeddable":true,"href":"https:\/\/rendez-vous-store.com\/fr\/wp-json\/wp\/v2\/media\/223957"}],"wp:attachment":[{"href":"https:\/\/rendez-vous-store.com\/fr\/wp-json\/wp\/v2\/media?parent=223375"}],"wp:term":[{"taxonomy":"product_brand","embeddable":true,"href":"https:\/\/rendez-vous-store.com\/fr\/wp-json\/wp\/v2\/product_brand?post=223375"},{"taxonomy":"product_cat","embeddable":true,"href":"https:\/\/rendez-vous-store.com\/fr\/wp-json\/wp\/v2\/product_cat?post=223375"},{"taxonomy":"product_tag","embeddable":true,"href":"https:\/\/rendez-vous-store.com\/fr\/wp-json\/wp\/v2\/product_tag?post=223375"}],"curies":[{"name":"wp","href":"https:\/\/api.w.org\/{rel}","templated":true}]}}