{"id":223370,"date":"2025-11-14T14:27:38","date_gmt":"2025-11-14T13:27:38","guid":{"rendered":"https:\/\/rendez-vous-store.com\/?post_type=product&#038;p=223370"},"modified":"2026-03-16T19:37:22","modified_gmt":"2026-03-16T18:37:22","slug":"man-tle-r0c3-deep-cap-black-wax-rendez-vous-store","status":"publish","type":"product","link":"https:\/\/rendez-vous-store.com\/fr\/shop\/men-selection-discover-our-selection-rendez-vous-store\/hats-scarves-discover-our-selection-rendez-vous-store\/man-tle-r0c3-deep-cap-black-wax-rendez-vous-store\/","title":{"rendered":"MAN-TLE \u2013 R0C3 Deep Cap \u2013 Cire Noire"},"content":{"rendered":"<p><strong>MAN-TLE \u2013 R0C3 Deep Cap \u2013 Cire Noire<\/strong><\/p>\n<p>Couleur : Cire noire<\/p>\n<p>Casquette six pans coupe profonde<\/p>\n<p>R\u00e9glable avec bouton \u00e0 fente<\/p>\n<p>Composition : Coton 100%<\/p>\n<p>Fabriqu\u00e9 au Japon<\/p>\n<p>&nbsp;<\/p>\n<p><strong>Le Casque<\/strong><\/p>\n<p>Ceci <strong>MAN-TLE \u2013 R0C3 Deep Cap \u2013 Cire Noire<\/strong> combine structure et durabilit\u00e9 avec un sens frappant de coh\u00e9rence.<br data-start=\"244\" data-end=\"247\" \/>Sa surface en coton cir\u00e9 r\u00e9siste aux intemp\u00e9ries et, par cons\u00e9quent, d\u00e9veloppe des plis subtils qui enrichissent son caract\u00e8re robuste.<br data-start=\"364\" data-end=\"367\" data-is-only-node=\"\" \/>De plus, la finition noir profond renforce la silhouette \u00e9pur\u00e9e tout en offrant une sensation tactile l\u00e9g\u00e8rement textur\u00e9e.<br data-start=\"485\" data-end=\"488\" \/>Parce que le tissu est enduit de cire protectrice, il reste r\u00e9sistant, imperm\u00e9able et confortablement fiable dans des conditions changeantes.<br data-start=\"623\" data-end=\"626\" \/>De plus, la boucle m\u00e9tallique signature ajoute une tension fonctionnelle qui assure ainsi un ajustement pr\u00e9cis et une stabilit\u00e9 \u00e0 long terme.<br data-start=\"758\" data-end=\"761\" \/>Vous pouvez resserrer la sangle pour un ajustement s\u00fbr ou, alternativement, la desserrer pour cr\u00e9er une forme plus douce et plus d\u00e9contract\u00e9e.<br data-start=\"875\" data-end=\"878\" \/>La cire noire s'associe sans effort \u00e0 n'importe quelle palette et, par cons\u00e9quent, affine les tons vifs ou neutres avec une autorit\u00e9 tranquille.<br data-start=\"1000\" data-end=\"1003\" \/>En cons\u00e9quence, la R0C3 Deep Cap enrichit le style de tous les jours d'une touche d\u00e9lib\u00e9r\u00e9e et pratique.<br data-start=\"1098\" data-end=\"1101\" \/>Enfin, il reste durable, utilitaire et sans aucun doute MAN-TLE.<\/p>\n<p><a href=\"https:\/\/rendez-vous-store.com\/fr\/shop\/rdvs-selection-discover-our-current-selection-rendez-vous-store\/rdvs-selection-men-rendez-vous-store-rendez-vous-store\/evan-kinori-zip-jacket-two-dark-olive-charcoal-rendez-vous-store\/\">Nous aimons le voir port\u00e9 avec<\/a><\/p>\n<p data-start=\"231\" data-end=\"1288\"><strong>La marque\u00a0<\/strong><\/p>\n<p data-start=\"1418\" data-end=\"2238\">MAN-TLE est une marque australienne bas\u00e9e au Japon, fond\u00e9e par les designers Nick Wakeman et Larz Br\u00e6ndg\u00e5rd.<br data-start=\"1520\" data-end=\"1523\" \/>Parce que les fondateurs s'inspirent des vastes paysages australiens, la marque adopte des climats rudes, une durabilit\u00e9 fonctionnelle et une simplicit\u00e9 \u00e9l\u00e9mentaire.<br data-start=\"1680\" data-end=\"1683\" \/>C'est pourquoi son identit\u00e9 repose sur des mat\u00e9riaux de qualit\u00e9 industrielle, des palettes de couleurs sobres et des silhouettes fortes et sculpturales.<br data-start=\"1807\" data-end=\"1810\" \/>Les pi\u00e8ces mettent en valeur un profond respect pour la fabrication, le poids et la texture ; de plus, elles refl\u00e8tent une philosophie ancr\u00e9e dans la durabilit\u00e9 plut\u00f4t que dans la tendance.<br data-start=\"1958\" data-end=\"1961\" \/>En outre, MAN-TLE travaille en \u00e9troite collaboration avec des usines japonaises pour d\u00e9velopper des textiles exclusifs d'une densit\u00e9, d'une long\u00e9vit\u00e9 et d'une r\u00e9activit\u00e9 exceptionnelles.<br data-start=\"2102\" data-end=\"2105\" \/>Par cons\u00e9quent, chaque v\u00eatement est \u00e0 la fois fonctionnel etintemporel, offrant une clart\u00e9 qui d\u00e9coule d'une conception m\u00e9ticuleuse et ax\u00e9e sur la recherche.<\/p>\n<p data-start=\"2240\" data-end=\"2685\">Tous les articles MAN-TLE sont produits au Japon selon des m\u00e9thodes de fabrication traditionnelles.<br data-start=\"2322\" data-end=\"2325\" \/>Ce processus garantit la coh\u00e9rence, la pr\u00e9cision technique et, surtout, une finition discr\u00e8tement luxueuse.<br data-start=\"2423\" data-end=\"2426\" \/>En cons\u00e9quence, MAN-TLE a acquis une reconnaissance internationale aupr\u00e8s des architectes, des designers et des clients \u00e0 la pointe de la mode qui accordent de l'importance \u00e0 la substance.<br data-start=\"2561\" data-end=\"2564\" \/>Ses collections sont pr\u00e9sent\u00e9es dans des boutiques soigneusement s\u00e9lectionn\u00e9es, des magasins conceptuels ind\u00e9pendants et des magasins sp\u00e9cialis\u00e9s raffin\u00e9s dans le monde entier.<\/p>\n<p data-start=\"231\" data-end=\"1288\"><strong>La collection<\/strong><\/p>\n<p data-start=\"231\" data-end=\"1288\">La s\u00e9rie rotative \"R\" de MAN-TLE illustre l'engagement permanent de la marque en mati\u00e8re de recherche sur les mat\u00e9riaux et de fonctionnalit\u00e9 technique.<br data-start=\"2834\" data-end=\"2837\" \/>Comme chaque version s'appuie sur la pr\u00e9c\u00e9dente, les collections \u00e9voluent r\u00e9guli\u00e8rement tout en conservant les m\u00eames principes de base.<br data-start=\"2961\" data-end=\"2964\" \/>Ainsi, les v\u00eatements s'adaptent parfaitement aux routines quotidiennes, aux voyages de longue dur\u00e9e et aux diverses couches saisonni\u00e8res.<br data-start=\"3066\" data-end=\"3069\" \/>De plus, chaque pi\u00e8ce refl\u00e8te un \u00e9quilibre entre le poids et le mouvement, offrant une exp\u00e9rience \u00e0 la fois solide et flexible.<br data-start=\"3183\" data-end=\"3186\" \/>Que vous choisissiez une chemise \u00e9paisse, une veste r\u00e9sistante aux intemp\u00e9ries ou un pantalon utilitaire, le r\u00e9sultat reste moderne, \u00e9l\u00e9mentaire et volontairement discret.<br data-start=\"3337\" data-end=\"3340\" \/>Au fil du temps, MAN-TLE a cultiv\u00e9 une communaut\u00e9 internationale fid\u00e8le qui appr\u00e9cie son int\u00e9grit\u00e9 et sa vision rigoureuse.<br data-start=\"3452\" data-end=\"3455\" \/>C'est pourquoi de nombreux clients reviennent saison apr\u00e8s saison, \u00e0 la recherche de v\u00eatements qui combinent long\u00e9vit\u00e9, fonctionnalit\u00e9 et une force tranquille et indubitable.<\/p>","protected":false},"excerpt":{"rendered":"<p>MAN-TLE &#8211; R0C3 Deep Cap &#8211; Black Wax Color: Black Wax Deep-cut six panel cap Adjustable with slot button Composition: 100% cotton Made In Japan &nbsp; The Cap This MAN-TLE \u2013 R0C3 Deep Cap \u2013 Black Wax combines structure and durability with a striking sense of coherence.Its waxed cotton surface resists weather and, consequently, develops&hellip; <a class=\"more-link\" href=\"https:\/\/rendez-vous-store.com\/fr\/shop\/men-selection-discover-our-selection-rendez-vous-store\/hats-scarves-discover-our-selection-rendez-vous-store\/man-tle-r0c3-deep-cap-black-wax-rendez-vous-store\/\">Continuer la lecture <span class=\"screen-reader-text\">MAN-TLE \u2013 R0C3 Deep Cap \u2013 Cire Noire<\/span><\/a><\/p>","protected":false},"featured_media":224053,"template":"","meta":{"_acf_changed":false},"product_brand":[],"product_cat":[20,299],"product_tag":[1422],"class_list":{"0":"post-223370","1":"product","2":"type-product","3":"status-publish","4":"has-post-thumbnail","6":"product_cat-men-selection-discover-our-selection-rendez-vous-store","7":"product_cat-hats-scarves-discover-our-selection-rendez-vous-store","8":"product_tag-man-tle","9":"entry","11":"first","12":"instock","13":"taxable","14":"shipping-taxable","15":"purchasable","16":"product-type-variable"},"acf":[],"yoast_head":"<!-- This site is optimized with the Yoast SEO plugin v24.9 - https:\/\/yoast.com\/wordpress\/plugins\/seo\/ -->\n<title>MAN-TLE - R0C3 Deep Cap - Black Wax<\/title>\n<meta name=\"description\" content=\"MAN-TLE is on Rendez-Vous Store. MAN-TLE - R0C3 Deep Cap - Black Wax Weather combines contemporary design with premium materials.\" \/>\n<meta name=\"robots\" content=\"index, follow, max-snippet:-1, max-image-preview:large, max-video-preview:-1\" \/>\n<link rel=\"canonical\" href=\"https:\/\/rendez-vous-store.com\/fr\/shop\/men-selection-discover-our-selection-rendez-vous-store\/hats-scarves-discover-our-selection-rendez-vous-store\/man-tle-r0c3-deep-cap-black-wax-rendez-vous-store\/\" \/>\n<meta property=\"og:locale\" content=\"fr_FR\" \/>\n<meta property=\"og:type\" content=\"article\" \/>\n<meta property=\"og:title\" content=\"MAN-TLE - R0C3 Deep Cap - Black Wax\" \/>\n<meta property=\"og:description\" content=\"MAN-TLE is on Rendez-Vous Store. MAN-TLE - R0C3 Deep Cap - Black Wax Weather combines contemporary design with premium materials.\" \/>\n<meta property=\"og:url\" content=\"https:\/\/rendez-vous-store.com\/fr\/shop\/men-selection-discover-our-selection-rendez-vous-store\/hats-scarves-discover-our-selection-rendez-vous-store\/man-tle-r0c3-deep-cap-black-wax-rendez-vous-store\/\" \/>\n<meta property=\"og:site_name\" content=\"RENDEZ-VOUS STORE\" \/>\n<meta property=\"article:modified_time\" content=\"2026-03-16T18:37:22+00:00\" \/>\n<meta property=\"og:image\" content=\"https:\/\/rendez-vous-store.com\/app\/uploads\/2025\/11\/rdv_mantle_11-scaled.webp\" \/>\n\t<meta property=\"og:image:width\" content=\"1696\" \/>\n\t<meta property=\"og:image:height\" content=\"2560\" \/>\n\t<meta property=\"og:image:type\" content=\"image\/webp\" \/>\n<meta name=\"twitter:card\" content=\"summary_large_image\" \/>\n<meta name=\"twitter:label1\" content=\"Est. reading time\" \/>\n\t<meta name=\"twitter:data1\" content=\"3 minutes\" \/>\n<script type=\"application\/ld+json\" class=\"yoast-schema-graph\">{\"@context\":\"https:\/\/schema.org\",\"@graph\":[{\"@type\":\"WebPage\",\"@id\":\"https:\/\/rendez-vous-store.com\/shop\/men-selection-discover-our-selection-rendez-vous-store\/hats-scarves-discover-our-selection-rendez-vous-store\/man-tle-r0c3-deep-cap-black-wax-rendez-vous-store\/\",\"url\":\"https:\/\/rendez-vous-store.com\/shop\/men-selection-discover-our-selection-rendez-vous-store\/hats-scarves-discover-our-selection-rendez-vous-store\/man-tle-r0c3-deep-cap-black-wax-rendez-vous-store\/\",\"name\":\"MAN-TLE - R0C3 Deep Cap - Black Wax\",\"isPartOf\":{\"@id\":\"https:\/\/rendez-vous-store.com\/#website\"},\"primaryImageOfPage\":{\"@id\":\"https:\/\/rendez-vous-store.com\/shop\/men-selection-discover-our-selection-rendez-vous-store\/hats-scarves-discover-our-selection-rendez-vous-store\/man-tle-r0c3-deep-cap-black-wax-rendez-vous-store\/#primaryimage\"},\"image\":{\"@id\":\"https:\/\/rendez-vous-store.com\/shop\/men-selection-discover-our-selection-rendez-vous-store\/hats-scarves-discover-our-selection-rendez-vous-store\/man-tle-r0c3-deep-cap-black-wax-rendez-vous-store\/#primaryimage\"},\"thumbnailUrl\":\"https:\/\/rendez-vous-store.com\/app\/uploads\/2025\/11\/rdv_mantle_11-scaled.webp\",\"datePublished\":\"2025-11-14T13:27:38+00:00\",\"dateModified\":\"2026-03-16T18:37:22+00:00\",\"description\":\"MAN-TLE is on Rendez-Vous Store. MAN-TLE - R0C3 Deep Cap - Black Wax Weather combines contemporary design with premium materials.\",\"breadcrumb\":{\"@id\":\"https:\/\/rendez-vous-store.com\/shop\/men-selection-discover-our-selection-rendez-vous-store\/hats-scarves-discover-our-selection-rendez-vous-store\/man-tle-r0c3-deep-cap-black-wax-rendez-vous-store\/#breadcrumb\"},\"inLanguage\":\"fr-FR\",\"potentialAction\":[{\"@type\":\"ReadAction\",\"target\":[\"https:\/\/rendez-vous-store.com\/shop\/men-selection-discover-our-selection-rendez-vous-store\/hats-scarves-discover-our-selection-rendez-vous-store\/man-tle-r0c3-deep-cap-black-wax-rendez-vous-store\/\"]}]},{\"@type\":\"ImageObject\",\"inLanguage\":\"fr-FR\",\"@id\":\"https:\/\/rendez-vous-store.com\/shop\/men-selection-discover-our-selection-rendez-vous-store\/hats-scarves-discover-our-selection-rendez-vous-store\/man-tle-r0c3-deep-cap-black-wax-rendez-vous-store\/#primaryimage\",\"url\":\"https:\/\/rendez-vous-store.com\/app\/uploads\/2025\/11\/rdv_mantle_11-scaled.webp\",\"contentUrl\":\"https:\/\/rendez-vous-store.com\/app\/uploads\/2025\/11\/rdv_mantle_11-scaled.webp\",\"width\":1696,\"height\":2560,\"caption\":\"MAN-TLE - R0C3 Deep Cap - Black Wax\"},{\"@type\":\"BreadcrumbList\",\"@id\":\"https:\/\/rendez-vous-store.com\/shop\/men-selection-discover-our-selection-rendez-vous-store\/hats-scarves-discover-our-selection-rendez-vous-store\/man-tle-r0c3-deep-cap-black-wax-rendez-vous-store\/#breadcrumb\",\"itemListElement\":[{\"@type\":\"ListItem\",\"position\":1,\"name\":\"Home\",\"item\":\"https:\/\/rendez-vous-store.com\/\"},{\"@type\":\"ListItem\",\"position\":2,\"name\":\"Shop\",\"item\":\"https:\/\/www.rendez-vous-store.com\/shop\/\"},{\"@type\":\"ListItem\",\"position\":3,\"name\":\"MAN-TLE &#8211; R0C3 Deep Cap &#8211; Black Wax\"}]},{\"@type\":\"WebSite\",\"@id\":\"https:\/\/rendez-vous-store.com\/#website\",\"url\":\"https:\/\/rendez-vous-store.com\/\",\"name\":\"RENDEZ-VOUS STORE\",\"description\":\"Slow Fashion for Women and Men\",\"potentialAction\":[{\"@type\":\"SearchAction\",\"target\":{\"@type\":\"EntryPoint\",\"urlTemplate\":\"https:\/\/rendez-vous-store.com\/?s={search_term_string}\"},\"query-input\":{\"@type\":\"PropertyValueSpecification\",\"valueRequired\":true,\"valueName\":\"search_term_string\"}}],\"inLanguage\":\"fr-FR\"}]}<\/script>\n<!-- \/ Yoast SEO plugin. -->","yoast_head_json":{"title":"MAN-TLE - R0C3 Deep Cap - Black Wax","description":"MAN-TLE is on Rendez-Vous Store. MAN-TLE - R0C3 Deep Cap - Black Wax Weather combines contemporary design with premium materials.","robots":{"index":"index","follow":"follow","max-snippet":"max-snippet:-1","max-image-preview":"max-image-preview:large","max-video-preview":"max-video-preview:-1"},"canonical":"https:\/\/rendez-vous-store.com\/fr\/shop\/men-selection-discover-our-selection-rendez-vous-store\/hats-scarves-discover-our-selection-rendez-vous-store\/man-tle-r0c3-deep-cap-black-wax-rendez-vous-store\/","og_locale":"fr_FR","og_type":"article","og_title":"MAN-TLE - R0C3 Deep Cap - Black Wax","og_description":"MAN-TLE is on Rendez-Vous Store. MAN-TLE - R0C3 Deep Cap - Black Wax Weather combines contemporary design with premium materials.","og_url":"https:\/\/rendez-vous-store.com\/fr\/shop\/men-selection-discover-our-selection-rendez-vous-store\/hats-scarves-discover-our-selection-rendez-vous-store\/man-tle-r0c3-deep-cap-black-wax-rendez-vous-store\/","og_site_name":"RENDEZ-VOUS STORE","article_modified_time":"2026-03-16T18:37:22+00:00","og_image":[{"width":1696,"height":2560,"url":"https:\/\/rendez-vous-store.com\/app\/uploads\/2025\/11\/rdv_mantle_11-scaled.webp","type":"image\/webp"}],"twitter_card":"summary_large_image","twitter_misc":{"Est. reading time":"3 minutes"},"schema":{"@context":"https:\/\/schema.org","@graph":[{"@type":"WebPage","@id":"https:\/\/rendez-vous-store.com\/shop\/men-selection-discover-our-selection-rendez-vous-store\/hats-scarves-discover-our-selection-rendez-vous-store\/man-tle-r0c3-deep-cap-black-wax-rendez-vous-store\/","url":"https:\/\/rendez-vous-store.com\/shop\/men-selection-discover-our-selection-rendez-vous-store\/hats-scarves-discover-our-selection-rendez-vous-store\/man-tle-r0c3-deep-cap-black-wax-rendez-vous-store\/","name":"MAN-TLE - R0C3 Deep Cap - Black Wax","isPartOf":{"@id":"https:\/\/rendez-vous-store.com\/#website"},"primaryImageOfPage":{"@id":"https:\/\/rendez-vous-store.com\/shop\/men-selection-discover-our-selection-rendez-vous-store\/hats-scarves-discover-our-selection-rendez-vous-store\/man-tle-r0c3-deep-cap-black-wax-rendez-vous-store\/#primaryimage"},"image":{"@id":"https:\/\/rendez-vous-store.com\/shop\/men-selection-discover-our-selection-rendez-vous-store\/hats-scarves-discover-our-selection-rendez-vous-store\/man-tle-r0c3-deep-cap-black-wax-rendez-vous-store\/#primaryimage"},"thumbnailUrl":"https:\/\/rendez-vous-store.com\/app\/uploads\/2025\/11\/rdv_mantle_11-scaled.webp","datePublished":"2025-11-14T13:27:38+00:00","dateModified":"2026-03-16T18:37:22+00:00","description":"MAN-TLE is on Rendez-Vous Store. MAN-TLE - R0C3 Deep Cap - Black Wax Weather combines contemporary design with premium materials.","breadcrumb":{"@id":"https:\/\/rendez-vous-store.com\/shop\/men-selection-discover-our-selection-rendez-vous-store\/hats-scarves-discover-our-selection-rendez-vous-store\/man-tle-r0c3-deep-cap-black-wax-rendez-vous-store\/#breadcrumb"},"inLanguage":"fr-FR","potentialAction":[{"@type":"ReadAction","target":["https:\/\/rendez-vous-store.com\/shop\/men-selection-discover-our-selection-rendez-vous-store\/hats-scarves-discover-our-selection-rendez-vous-store\/man-tle-r0c3-deep-cap-black-wax-rendez-vous-store\/"]}]},{"@type":"ImageObject","inLanguage":"fr-FR","@id":"https:\/\/rendez-vous-store.com\/shop\/men-selection-discover-our-selection-rendez-vous-store\/hats-scarves-discover-our-selection-rendez-vous-store\/man-tle-r0c3-deep-cap-black-wax-rendez-vous-store\/#primaryimage","url":"https:\/\/rendez-vous-store.com\/app\/uploads\/2025\/11\/rdv_mantle_11-scaled.webp","contentUrl":"https:\/\/rendez-vous-store.com\/app\/uploads\/2025\/11\/rdv_mantle_11-scaled.webp","width":1696,"height":2560,"caption":"MAN-TLE - R0C3 Deep Cap - Black Wax"},{"@type":"BreadcrumbList","@id":"https:\/\/rendez-vous-store.com\/shop\/men-selection-discover-our-selection-rendez-vous-store\/hats-scarves-discover-our-selection-rendez-vous-store\/man-tle-r0c3-deep-cap-black-wax-rendez-vous-store\/#breadcrumb","itemListElement":[{"@type":"ListItem","position":1,"name":"Home","item":"https:\/\/rendez-vous-store.com\/"},{"@type":"ListItem","position":2,"name":"Shop","item":"https:\/\/www.rendez-vous-store.com\/shop\/"},{"@type":"ListItem","position":3,"name":"MAN-TLE &#8211; R0C3 Deep Cap &#8211; Black Wax"}]},{"@type":"WebSite","@id":"https:\/\/rendez-vous-store.com\/#website","url":"https:\/\/rendez-vous-store.com\/","name":"RENDEZ-VOUS STORE","description":"Slow Fashion for Women and Men","potentialAction":[{"@type":"SearchAction","target":{"@type":"EntryPoint","urlTemplate":"https:\/\/rendez-vous-store.com\/?s={search_term_string}"},"query-input":{"@type":"PropertyValueSpecification","valueRequired":true,"valueName":"search_term_string"}}],"inLanguage":"fr-FR"}]}},"_links":{"self":[{"href":"https:\/\/rendez-vous-store.com\/fr\/wp-json\/wp\/v2\/product\/223370","targetHints":{"allow":["GET"]}}],"collection":[{"href":"https:\/\/rendez-vous-store.com\/fr\/wp-json\/wp\/v2\/product"}],"about":[{"href":"https:\/\/rendez-vous-store.com\/fr\/wp-json\/wp\/v2\/types\/product"}],"wp:featuredmedia":[{"embeddable":true,"href":"https:\/\/rendez-vous-store.com\/fr\/wp-json\/wp\/v2\/media\/224053"}],"wp:attachment":[{"href":"https:\/\/rendez-vous-store.com\/fr\/wp-json\/wp\/v2\/media?parent=223370"}],"wp:term":[{"taxonomy":"product_brand","embeddable":true,"href":"https:\/\/rendez-vous-store.com\/fr\/wp-json\/wp\/v2\/product_brand?post=223370"},{"taxonomy":"product_cat","embeddable":true,"href":"https:\/\/rendez-vous-store.com\/fr\/wp-json\/wp\/v2\/product_cat?post=223370"},{"taxonomy":"product_tag","embeddable":true,"href":"https:\/\/rendez-vous-store.com\/fr\/wp-json\/wp\/v2\/product_tag?post=223370"}],"curies":[{"name":"wp","href":"https:\/\/api.w.org\/{rel}","templated":true}]}}