{"id":223049,"date":"2025-11-12T12:38:32","date_gmt":"2025-11-12T11:38:32","guid":{"rendered":"https:\/\/rendez-vous-store.com\/?post_type=product&#038;p=223049"},"modified":"2026-03-16T19:36:12","modified_gmt":"2026-03-16T18:36:12","slug":"bea-mombaers-bags-shopper-xl-tumbled-cognac-rendez-vous-store","status":"publish","type":"product","link":"https:\/\/rendez-vous-store.com\/fr\/shop\/rdvs-selection-discover-our-current-selection-rendez-vous-store\/rdvs-selection-women-rendez-vous-store\/bea-mombaers-bags-shopper-xl-tumbled-cognac-rendez-vous-store\/","title":{"rendered":"Bea Mombaers bags &#8211; SHOPPER XL Tumbled &#8211; COGNAC"},"content":{"rendered":"<p><strong>Bea Mombaers bags &#8211; SHOPPER XL Tumbled &#8211; COGNAC<\/strong><\/p>\n<p>Couleur : COGNAC<\/p>\n<p>Shopper bag<\/p>\n<p>Adjustable and detachable tonal shoulder strap<\/p>\n<p>Short top handles<\/p>\n<p>Interior pouch<\/p>\n<p>A detachable clasp key ring<\/p>\n<p>Interior zipper pocket<\/p>\n<p>Deux poches int\u00e9rieures plaqu\u00e9es<\/p>\n<p>Measurements : H40 x L59 x W26 cm<\/p>\n<p>Composition : 100% Cuir de buffle<\/p>\n<p>Doublure : 100% Coton<\/p>\n<p>Fait main en Belgique<\/p>\n<p>&nbsp;<\/p>\n<p>Mesures :<\/p>\n<p>57 cm X 27 cm X 37cm<\/p>\n<p>&nbsp;<\/p>\n<p><strong>Le sac<\/strong><\/p>\n<p>Ceci <strong>Bea Mombaers Bags \u2013 SHOPPER XL Tumbled \u2013 Cognac<\/strong> combines generous proportions, supple structure, and practical elegance with striking coherence.<br data-start=\"287\" data-end=\"290\" \/>Its tumbled leather moves naturally and, consequently, reveals rich textures that feel relaxed yet refined.<br data-start=\"397\" data-end=\"400\" data-is-only-node=\"\" \/>Moreover, the warm cognac tone enhances the silhouette while still remaining modern and versatile.<br data-start=\"498\" data-end=\"501\" \/>Because the leather is treated for lasting suppleness, the bag stays resilient, stable, and comfortable throughout daily wear.<br data-start=\"627\" data-end=\"630\" \/>In addition, the spacious interior and clean lines provide functional clarity that, therefore, supports both routines and intentional gestures.<br data-start=\"773\" data-end=\"776\" \/>You can carry it by the handles for a polished look or, alternatively, wear it on the shoulder for effortless versatility.<br data-start=\"898\" data-end=\"901\" \/>La teinte cognac se marie parfaitement avec des palettes vari\u00e9es et, par cons\u00e9quent, \u00e9quilibre les tons vifs tout en ancrant les nuances sourdes avec une sophistication tranquille.<br data-start=\"1052\" data-end=\"1055\" \/>As a result, the SHOPPER XL Tumbled elevates everyday movement through a calm, confident gesture.<br data-start=\"1152\" data-end=\"1155\" \/>En fin de compte, cela reste tactile, adaptable et indubitablement Bea Mombaers.<\/p>\n<p><a href=\"https:\/\/rendez-vous-store.com\/fr\/shop\/women\/women-coats-jackets-rendez-vous-store\/album-di-famiglia-women-wrap-coat-hw-stone-rendez-vous-store-rendez-vous-store\/\">Nous aimons le voir port\u00e9 avec<\/a><\/p>\n<p>&nbsp;<\/p>\n<p><strong>La marque<\/strong><\/p>\n<p>Bea Mombaers Bags c\u00e9l\u00e8bre l'artisanat belge \u00e0 travers des pi\u00e8ces en cuir intemporelles et fonctionnelles.<br data-start=\"1564\" data-end=\"1567\" \/>La cr\u00e9atrice Bea Mombaers insuffle son m\u00e9lange signature de minimalisme et de charme vintage dans chaque silhouette, fa\u00e7onnant ainsi des accessoires qui semblent \u00e0 la fois modernes et pleins d'\u00e2me.<br data-start=\"1740\" data-end=\"1743\" \/>Elle apporte sa sensibilit\u00e9 en mati\u00e8re d'architecture d'int\u00e9rieur dans des lignes \u00e9pur\u00e9es, des structures polyvalentes et un sens raffin\u00e9 des proportions.<br data-start=\"1860\" data-end=\"1863\" \/>Liesbet Verstraeten ajoute un travail du cuir expert, ancr\u00e9 dans des ann\u00e9es d'exp\u00e9rience dans l'industrie du luxe ; de plus, son savoir-faire garantit la durabilit\u00e9, la pr\u00e9cision et des d\u00e9tails magnifiquement ex\u00e9cut\u00e9s.<br data-start=\"2046\" data-end=\"2049\" \/>Ensemble, ils cr\u00e9ent des sacs contemporains qui honorent les techniques traditionnelles tout en adoptant une \u00e9l\u00e9gance discr\u00e8tement sophistiqu\u00e9e.<br data-start=\"2172\" data-end=\"2175\" \/>De plus, chaque pi\u00e8ce refl\u00e8te des choix de conception r\u00e9fl\u00e9chis, des textures subtiles et une qualit\u00e9 durable qui transcende les tendances.<br data-start=\"2299\" data-end=\"2302\" \/>Par cons\u00e9quent, la collection trouve un \u00e9cho aupr\u00e8s des femmes qui appr\u00e9cient l'authenticit\u00e9, les mat\u00e9riaux durables et une esth\u00e9tique sereine et discr\u00e8te.<\/p>\n<p>&nbsp;<\/p>\n<p><strong>La Collection<\/strong><\/p>\n<p data-start=\"2462\" data-end=\"3387\" data-is-last-node=\"\" data-is-only-node=\"\">La collection de sacs Bea Mombaers \u00e9volue \u00e0 travers une concentration constante sur les mat\u00e9riaux naturels, les formes fonctionnelles et la simplicit\u00e9 raffin\u00e9e.<br data-start=\"2594\" data-end=\"2597\" \/>Parce que les cr\u00e9ateurs privil\u00e9gient l'utilit\u00e9 sans sacrifier la beaut\u00e9, chaque sac s'adapte parfaitement \u00e0 la vie quotidienne, aux voyages et \u00e0 l'utilisation \u00e0 long terme.<br data-start=\"2734\" data-end=\"2737\" \/>Ainsi, les pi\u00e8ces semblent sans effort, fiables et intentionnellement con\u00e7ues pour les femmes qui appr\u00e9cient le luxe discret.<br data-start=\"2849\" data-end=\"2852\" \/>De plus, chaque mod\u00e8le r\u00e9v\u00e8le un \u00e9quilibre entre douceur et structure, offrant un confort tout en conservant une silhouette \u00e9l\u00e9gante et reconnaissable.<br data-start=\"2995\" data-end=\"2998\" \/>Qu'il s'agisse d'un sac \u00e0 main spacieux, d'un sac \u00e0 bandouli\u00e8re compact ou d'un fourre-tout sculptural, le r\u00e9sultat reste intemporel, bien ancr\u00e9 et subtilement distinctif.<br data-start=\"3142\" data-end=\"3145\" \/>Au fil du temps, la marque a cultiv\u00e9 une communaut\u00e9 fid\u00e8le qui appr\u00e9cie son authenticit\u00e9 et son approche r\u00e9fl\u00e9chie.<br data-start=\"3252\" data-end=\"3255\" \/>C'est pourquoi de nombreux clients reviennent pour des pi\u00e8ces qui allient un savoir-faire durable, un design pratique et une sensibilit\u00e9 \u00e0 la fois moderne et sereine.<\/p>\n<p>&nbsp;<\/p>","protected":false},"excerpt":{"rendered":"<p>Bea Mombaers bags &#8211; SHOPPER XL Tumbled &#8211; COGNAC Color: COGNAC Shopper bag Adjustable and detachable tonal shoulder strap Short top handles Interior pouch A detachable clasp key ring Interior zipper pocket Two interior slip pockets Measurements : H40 x L59 x W26 cm Composition: 100% Buffalo Leather Lining : 100% Cotton Handmade in Belgium&hellip; <a class=\"more-link\" href=\"https:\/\/rendez-vous-store.com\/fr\/shop\/rdvs-selection-discover-our-current-selection-rendez-vous-store\/rdvs-selection-women-rendez-vous-store\/bea-mombaers-bags-shopper-xl-tumbled-cognac-rendez-vous-store\/\">Continuer la lecture <span class=\"screen-reader-text\">Bea Mombaers bags &#8211; SHOPPER XL Tumbled &#8211; COGNAC<\/span><\/a><\/p>","protected":false},"featured_media":223486,"template":"","meta":{"_acf_changed":false},"product_brand":[],"product_cat":[405,17,1062,417],"product_tag":[1458],"class_list":{"0":"post-223049","1":"product","2":"type-product","3":"status-publish","4":"has-post-thumbnail","6":"product_cat-rdvs-selection-women-rendez-vous-store","7":"product_cat-women","8":"product_cat-new-women-selection-rendez-vous-store","9":"product_cat-women-bags-rendez-vous-store","10":"product_tag-bea-mombaers-bags-rendez-vous-store","11":"entry","13":"first","14":"outofstock","15":"taxable","16":"shipping-taxable","17":"product-type-variable"},"acf":[],"yoast_head":"<!-- This site is optimized with the Yoast SEO plugin v24.9 - https:\/\/yoast.com\/wordpress\/plugins\/seo\/ -->\n<title>Bea Mombaers bags - SHOPPER XL Tumbled - COGNAC<\/title>\n<meta name=\"description\" content=\"Bea Mombaers bags - SHOPPER XL Tumbled - COGNAC elegant, handcrafted designs that blend timeless style with modern sophistication.\" \/>\n<meta name=\"robots\" content=\"index, follow, max-snippet:-1, max-image-preview:large, max-video-preview:-1\" \/>\n<link rel=\"canonical\" href=\"https:\/\/rendez-vous-store.com\/fr\/shop\/rdvs-selection-discover-our-current-selection-rendez-vous-store\/rdvs-selection-women-rendez-vous-store\/bea-mombaers-bags-shopper-xl-tumbled-cognac-rendez-vous-store\/\" \/>\n<meta property=\"og:locale\" content=\"fr_FR\" \/>\n<meta property=\"og:type\" content=\"article\" \/>\n<meta property=\"og:title\" content=\"Bea Mombaers bags - SHOPPER XL Tumbled - COGNAC\" \/>\n<meta property=\"og:description\" content=\"Bea Mombaers bags - SHOPPER XL Tumbled - COGNAC elegant, handcrafted designs that blend timeless style with modern sophistication.\" \/>\n<meta property=\"og:url\" content=\"https:\/\/rendez-vous-store.com\/fr\/shop\/rdvs-selection-discover-our-current-selection-rendez-vous-store\/rdvs-selection-women-rendez-vous-store\/bea-mombaers-bags-shopper-xl-tumbled-cognac-rendez-vous-store\/\" \/>\n<meta property=\"og:site_name\" content=\"RENDEZ-VOUS STORE\" \/>\n<meta property=\"article:modified_time\" content=\"2026-03-16T18:36:12+00:00\" \/>\n<meta property=\"og:image\" content=\"https:\/\/rendez-vous-store.com\/app\/uploads\/2025\/11\/sacbm.webp\" \/>\n\t<meta property=\"og:image:width\" content=\"1696\" \/>\n\t<meta property=\"og:image:height\" content=\"2560\" \/>\n\t<meta property=\"og:image:type\" content=\"image\/webp\" \/>\n<meta name=\"twitter:card\" content=\"summary_large_image\" \/>\n<meta name=\"twitter:label1\" content=\"Est. reading time\" \/>\n\t<meta name=\"twitter:data1\" content=\"3 minutes\" \/>\n<script type=\"application\/ld+json\" class=\"yoast-schema-graph\">{\"@context\":\"https:\/\/schema.org\",\"@graph\":[{\"@type\":\"WebPage\",\"@id\":\"https:\/\/rendez-vous-store.com\/shop\/rdvs-selection-discover-our-current-selection-rendez-vous-store\/rdvs-selection-women-rendez-vous-store\/bea-mombaers-bags-shopper-xl-tumbled-cognac-rendez-vous-store\/\",\"url\":\"https:\/\/rendez-vous-store.com\/shop\/rdvs-selection-discover-our-current-selection-rendez-vous-store\/rdvs-selection-women-rendez-vous-store\/bea-mombaers-bags-shopper-xl-tumbled-cognac-rendez-vous-store\/\",\"name\":\"Bea Mombaers bags - SHOPPER XL Tumbled - COGNAC\",\"isPartOf\":{\"@id\":\"https:\/\/rendez-vous-store.com\/#website\"},\"primaryImageOfPage\":{\"@id\":\"https:\/\/rendez-vous-store.com\/shop\/rdvs-selection-discover-our-current-selection-rendez-vous-store\/rdvs-selection-women-rendez-vous-store\/bea-mombaers-bags-shopper-xl-tumbled-cognac-rendez-vous-store\/#primaryimage\"},\"image\":{\"@id\":\"https:\/\/rendez-vous-store.com\/shop\/rdvs-selection-discover-our-current-selection-rendez-vous-store\/rdvs-selection-women-rendez-vous-store\/bea-mombaers-bags-shopper-xl-tumbled-cognac-rendez-vous-store\/#primaryimage\"},\"thumbnailUrl\":\"https:\/\/rendez-vous-store.com\/app\/uploads\/2025\/11\/sacbm.webp\",\"datePublished\":\"2025-11-12T11:38:32+00:00\",\"dateModified\":\"2026-03-16T18:36:12+00:00\",\"description\":\"Bea Mombaers bags - SHOPPER XL Tumbled - COGNAC elegant, handcrafted designs that blend timeless style with modern sophistication.\",\"breadcrumb\":{\"@id\":\"https:\/\/rendez-vous-store.com\/shop\/rdvs-selection-discover-our-current-selection-rendez-vous-store\/rdvs-selection-women-rendez-vous-store\/bea-mombaers-bags-shopper-xl-tumbled-cognac-rendez-vous-store\/#breadcrumb\"},\"inLanguage\":\"fr-FR\",\"potentialAction\":[{\"@type\":\"ReadAction\",\"target\":[\"https:\/\/rendez-vous-store.com\/shop\/rdvs-selection-discover-our-current-selection-rendez-vous-store\/rdvs-selection-women-rendez-vous-store\/bea-mombaers-bags-shopper-xl-tumbled-cognac-rendez-vous-store\/\"]}]},{\"@type\":\"ImageObject\",\"inLanguage\":\"fr-FR\",\"@id\":\"https:\/\/rendez-vous-store.com\/shop\/rdvs-selection-discover-our-current-selection-rendez-vous-store\/rdvs-selection-women-rendez-vous-store\/bea-mombaers-bags-shopper-xl-tumbled-cognac-rendez-vous-store\/#primaryimage\",\"url\":\"https:\/\/rendez-vous-store.com\/app\/uploads\/2025\/11\/sacbm.webp\",\"contentUrl\":\"https:\/\/rendez-vous-store.com\/app\/uploads\/2025\/11\/sacbm.webp\",\"width\":1696,\"height\":2560},{\"@type\":\"BreadcrumbList\",\"@id\":\"https:\/\/rendez-vous-store.com\/shop\/rdvs-selection-discover-our-current-selection-rendez-vous-store\/rdvs-selection-women-rendez-vous-store\/bea-mombaers-bags-shopper-xl-tumbled-cognac-rendez-vous-store\/#breadcrumb\",\"itemListElement\":[{\"@type\":\"ListItem\",\"position\":1,\"name\":\"Home\",\"item\":\"https:\/\/rendez-vous-store.com\/\"},{\"@type\":\"ListItem\",\"position\":2,\"name\":\"Shop\",\"item\":\"https:\/\/www.rendez-vous-store.com\/shop\/\"},{\"@type\":\"ListItem\",\"position\":3,\"name\":\"Bea Mombaers bags &#8211; SHOPPER XL Tumbled &#8211; COGNAC\"}]},{\"@type\":\"WebSite\",\"@id\":\"https:\/\/rendez-vous-store.com\/#website\",\"url\":\"https:\/\/rendez-vous-store.com\/\",\"name\":\"RENDEZ-VOUS STORE\",\"description\":\"Slow Fashion for Women and Men\",\"potentialAction\":[{\"@type\":\"SearchAction\",\"target\":{\"@type\":\"EntryPoint\",\"urlTemplate\":\"https:\/\/rendez-vous-store.com\/?s={search_term_string}\"},\"query-input\":{\"@type\":\"PropertyValueSpecification\",\"valueRequired\":true,\"valueName\":\"search_term_string\"}}],\"inLanguage\":\"fr-FR\"}]}<\/script>\n<!-- \/ Yoast SEO plugin. -->","yoast_head_json":{"title":"Bea Mombaers bags - SHOPPER XL Tumbled - COGNAC","description":"Bea Mombaers bags - SHOPPER XL Tumbled - COGNAC elegant, handcrafted designs that blend timeless style with modern sophistication.","robots":{"index":"index","follow":"follow","max-snippet":"max-snippet:-1","max-image-preview":"max-image-preview:large","max-video-preview":"max-video-preview:-1"},"canonical":"https:\/\/rendez-vous-store.com\/fr\/shop\/rdvs-selection-discover-our-current-selection-rendez-vous-store\/rdvs-selection-women-rendez-vous-store\/bea-mombaers-bags-shopper-xl-tumbled-cognac-rendez-vous-store\/","og_locale":"fr_FR","og_type":"article","og_title":"Bea Mombaers bags - SHOPPER XL Tumbled - COGNAC","og_description":"Bea Mombaers bags - SHOPPER XL Tumbled - COGNAC elegant, handcrafted designs that blend timeless style with modern sophistication.","og_url":"https:\/\/rendez-vous-store.com\/fr\/shop\/rdvs-selection-discover-our-current-selection-rendez-vous-store\/rdvs-selection-women-rendez-vous-store\/bea-mombaers-bags-shopper-xl-tumbled-cognac-rendez-vous-store\/","og_site_name":"RENDEZ-VOUS STORE","article_modified_time":"2026-03-16T18:36:12+00:00","og_image":[{"width":1696,"height":2560,"url":"https:\/\/rendez-vous-store.com\/app\/uploads\/2025\/11\/sacbm.webp","type":"image\/webp"}],"twitter_card":"summary_large_image","twitter_misc":{"Est. reading time":"3 minutes"},"schema":{"@context":"https:\/\/schema.org","@graph":[{"@type":"WebPage","@id":"https:\/\/rendez-vous-store.com\/shop\/rdvs-selection-discover-our-current-selection-rendez-vous-store\/rdvs-selection-women-rendez-vous-store\/bea-mombaers-bags-shopper-xl-tumbled-cognac-rendez-vous-store\/","url":"https:\/\/rendez-vous-store.com\/shop\/rdvs-selection-discover-our-current-selection-rendez-vous-store\/rdvs-selection-women-rendez-vous-store\/bea-mombaers-bags-shopper-xl-tumbled-cognac-rendez-vous-store\/","name":"Bea Mombaers bags - SHOPPER XL Tumbled - COGNAC","isPartOf":{"@id":"https:\/\/rendez-vous-store.com\/#website"},"primaryImageOfPage":{"@id":"https:\/\/rendez-vous-store.com\/shop\/rdvs-selection-discover-our-current-selection-rendez-vous-store\/rdvs-selection-women-rendez-vous-store\/bea-mombaers-bags-shopper-xl-tumbled-cognac-rendez-vous-store\/#primaryimage"},"image":{"@id":"https:\/\/rendez-vous-store.com\/shop\/rdvs-selection-discover-our-current-selection-rendez-vous-store\/rdvs-selection-women-rendez-vous-store\/bea-mombaers-bags-shopper-xl-tumbled-cognac-rendez-vous-store\/#primaryimage"},"thumbnailUrl":"https:\/\/rendez-vous-store.com\/app\/uploads\/2025\/11\/sacbm.webp","datePublished":"2025-11-12T11:38:32+00:00","dateModified":"2026-03-16T18:36:12+00:00","description":"Bea Mombaers bags - SHOPPER XL Tumbled - COGNAC elegant, handcrafted designs that blend timeless style with modern sophistication.","breadcrumb":{"@id":"https:\/\/rendez-vous-store.com\/shop\/rdvs-selection-discover-our-current-selection-rendez-vous-store\/rdvs-selection-women-rendez-vous-store\/bea-mombaers-bags-shopper-xl-tumbled-cognac-rendez-vous-store\/#breadcrumb"},"inLanguage":"fr-FR","potentialAction":[{"@type":"ReadAction","target":["https:\/\/rendez-vous-store.com\/shop\/rdvs-selection-discover-our-current-selection-rendez-vous-store\/rdvs-selection-women-rendez-vous-store\/bea-mombaers-bags-shopper-xl-tumbled-cognac-rendez-vous-store\/"]}]},{"@type":"ImageObject","inLanguage":"fr-FR","@id":"https:\/\/rendez-vous-store.com\/shop\/rdvs-selection-discover-our-current-selection-rendez-vous-store\/rdvs-selection-women-rendez-vous-store\/bea-mombaers-bags-shopper-xl-tumbled-cognac-rendez-vous-store\/#primaryimage","url":"https:\/\/rendez-vous-store.com\/app\/uploads\/2025\/11\/sacbm.webp","contentUrl":"https:\/\/rendez-vous-store.com\/app\/uploads\/2025\/11\/sacbm.webp","width":1696,"height":2560},{"@type":"BreadcrumbList","@id":"https:\/\/rendez-vous-store.com\/shop\/rdvs-selection-discover-our-current-selection-rendez-vous-store\/rdvs-selection-women-rendez-vous-store\/bea-mombaers-bags-shopper-xl-tumbled-cognac-rendez-vous-store\/#breadcrumb","itemListElement":[{"@type":"ListItem","position":1,"name":"Home","item":"https:\/\/rendez-vous-store.com\/"},{"@type":"ListItem","position":2,"name":"Shop","item":"https:\/\/www.rendez-vous-store.com\/shop\/"},{"@type":"ListItem","position":3,"name":"Bea Mombaers bags &#8211; SHOPPER XL Tumbled &#8211; COGNAC"}]},{"@type":"WebSite","@id":"https:\/\/rendez-vous-store.com\/#website","url":"https:\/\/rendez-vous-store.com\/","name":"RENDEZ-VOUS STORE","description":"Slow Fashion for Women and Men","potentialAction":[{"@type":"SearchAction","target":{"@type":"EntryPoint","urlTemplate":"https:\/\/rendez-vous-store.com\/?s={search_term_string}"},"query-input":{"@type":"PropertyValueSpecification","valueRequired":true,"valueName":"search_term_string"}}],"inLanguage":"fr-FR"}]}},"_links":{"self":[{"href":"https:\/\/rendez-vous-store.com\/fr\/wp-json\/wp\/v2\/product\/223049","targetHints":{"allow":["GET"]}}],"collection":[{"href":"https:\/\/rendez-vous-store.com\/fr\/wp-json\/wp\/v2\/product"}],"about":[{"href":"https:\/\/rendez-vous-store.com\/fr\/wp-json\/wp\/v2\/types\/product"}],"wp:featuredmedia":[{"embeddable":true,"href":"https:\/\/rendez-vous-store.com\/fr\/wp-json\/wp\/v2\/media\/223486"}],"wp:attachment":[{"href":"https:\/\/rendez-vous-store.com\/fr\/wp-json\/wp\/v2\/media?parent=223049"}],"wp:term":[{"taxonomy":"product_brand","embeddable":true,"href":"https:\/\/rendez-vous-store.com\/fr\/wp-json\/wp\/v2\/product_brand?post=223049"},{"taxonomy":"product_cat","embeddable":true,"href":"https:\/\/rendez-vous-store.com\/fr\/wp-json\/wp\/v2\/product_cat?post=223049"},{"taxonomy":"product_tag","embeddable":true,"href":"https:\/\/rendez-vous-store.com\/fr\/wp-json\/wp\/v2\/product_tag?post=223049"}],"curies":[{"name":"wp","href":"https:\/\/api.w.org\/{rel}","templated":true}]}}