{"id":222613,"date":"2025-11-07T14:46:40","date_gmt":"2025-11-07T13:46:40","guid":{"rendered":"https:\/\/rendez-vous-store.com\/?post_type=product&#038;p=222613"},"modified":"2026-03-16T19:37:15","modified_gmt":"2026-03-16T18:37:15","slug":"ancellm-anc-jk61-b-wool-coverall-brownxblack-rendez-vous-store","status":"publish","type":"product","link":"https:\/\/rendez-vous-store.com\/fr\/shop\/rdvs-selection-discover-our-current-selection-rendez-vous-store\/rdvs-selection-men-rendez-vous-store-rendez-vous-store\/ancellm-anc-jk61-b-wool-coverall-brownxblack-rendez-vous-store\/","title":{"rendered":"Ancellm &#8211; ANC-JK61-B Wool Coverall &#8211; BrownxBlack"},"content":{"rendered":"<p><strong>Ancellm ANC-JK61-B Wool Coverall BrownxBlack<\/strong><\/p>\n<p>Color: Brown, Black<\/p>\n<p>Silhouette d\u00e9contract\u00e9e<\/p>\n<p>Col classique<\/p>\n<p>Deux poches plaqu\u00e9es sur le devant<\/p>\n<p>Une poche de poitrine<\/p>\n<p>Manches longues<\/p>\n<p>\u00c9paules tombantes<\/p>\n<p>Coutures visibles<\/p>\n<p>Composition: 71% Wool, 11% Nylon, 11% Rayon, 7% Acrylic<\/p>\n<p>Fabriqu\u00e9 au Japon<\/p>\n<p>&nbsp;<\/p>\n<p>&nbsp;<\/p>\n<p>&nbsp;<\/p>\n<p>&nbsp;<\/p>\n<h2 data-start=\"196\" data-end=\"210\"><\/h2>\n<p><strong>Le produit<\/strong><\/p>\n<p data-start=\"212\" data-end=\"1118\">The Ancellm \u2013 ANC-JK61-B Wool Coverall \u2013 BrownxBlack blends utilitarian design with refined Japanese craftsmanship.<br data-start=\"331\" data-end=\"334\" \/>Its wool fabric feels warm, structured, and durable, ideal for cooler seasons.<br data-start=\"412\" data-end=\"415\" \/>Moreover, the BrownxBlack color mix adds depth and modern character to the piece.<br data-start=\"496\" data-end=\"499\" \/>The coverall cut offers relaxed movement while maintaining a sharp, balanced silhouette.<br data-start=\"587\" data-end=\"590\" \/>In addition, precise construction and clean lines enhance its durability and finish.<br data-start=\"674\" data-end=\"677\" \/>You can wear it over lightweight layers for a functional look or style it as outerwear.<br data-start=\"764\" data-end=\"767\" \/>Pair it with boots or sneakers to achieve versatile, contemporary outfits.<br data-start=\"841\" data-end=\"844\" \/>Consequently, this wool coverall elevates workwear codes while staying comfortable and practical.<br data-start=\"941\" data-end=\"944\" \/>As a result, the ANC-JK61-B becomes a standout piece for modern, expressive dressing.<br data-start=\"1029\" data-end=\"1032\" \/>Au final, il incarne l'\u00e9quilibre entre l'innovation, le confort et l'artisanat durable.<\/p>\n<h2 data-start=\"1125\" data-end=\"1137\"><\/h2>\n<p><a href=\"https:\/\/rendez-vous-store.com\/fr\/shop\/men-selection-discover-our-selection-rendez-vous-store\/trousers-shorts-rendez-vous-store\/ancellm-anc-pt96-baker-pants-black-rendez-vous-store\/\">Nous aimons le voir port\u00e9 avec<\/a><\/p>\n<p>&nbsp;<\/p>\n<p>&nbsp;<\/p>\n<p>&nbsp;<\/p>\n<p><strong>La marque<\/strong><\/p>\n<p data-start=\"1139\" data-end=\"1935\">ANCELLM explore comment les v\u00eatements \u00e9voluent au fil du temps, en examinant le vieillissement sous un angle frais et cr\u00e9atif.<br data-start=\"1243\" data-end=\"1246\" \/>De plus, la marque met en avant des tons et des textures changeants, rehaussant chaque pi\u00e8ce avec des techniques de coupe et de traitement superpos\u00e9es.<br data-start=\"1374\" data-end=\"1377\" \/>Le designer Kazuya Yamachika dirige la marque apr\u00e8s s'\u00eatre form\u00e9 au Bunka Fashion College et avoir travaill\u00e9 dans la production nationale.<br data-start=\"1494\" data-end=\"1497\" \/>Il a fond\u00e9 ANCELLM en 2021 pour concevoir des articles qui se transforment avec l'usage et acqui\u00e8rent un caract\u00e8re unique.<br data-start=\"1590\" data-end=\"1593\" \/>De plus, la marque s\u00e9lectionne m\u00e9ticuleusement ses tissus et valorise le savoir-faire \u00e0 chaque \u00e9tape de la cr\u00e9ation.<br data-start=\"1694\" data-end=\"1697\" \/>Par cons\u00e9quent, ANCELLM continue de cro\u00eetre au Japon, en entrant dans des boutiques s\u00e9lectionn\u00e9es respect\u00e9es et sur les principales plateformes en ligne.<br data-start=\"1806\" data-end=\"1809\" \/>De plus, la marque allie innovation et qualit\u00e9 intemporelle, cr\u00e9ant ainsi des v\u00eatements qui acqui\u00e8rent un caract\u00e8re personnel au fil du temps.<\/p>\n<h2 data-start=\"1942\" data-end=\"1960\"><\/h2>\n<p>&nbsp;<\/p>\n<p><strong>Les collections<\/strong><\/p>\n<p data-start=\"1962\" data-end=\"2540\">ANCELLM cr\u00e9e des collections soigneusement con\u00e7ues qui allient cr\u00e9ativit\u00e9 et v\u00eatements de tous les jours.<br data-start=\"2053\" data-end=\"2056\" \/>Chaque pi\u00e8ce met l'accent sur l'\u00e9volution des textures, la superposition fonctionnelle et une construction pr\u00e9cise.<br data-start=\"2143\" data-end=\"2146\" \/>Que vous choisissiez des hauts d\u00e9contract\u00e9s, des vestes ou des pi\u00e8ces fortes, chaque article exprime l'originalit\u00e9 et le but.<br data-start=\"2255\" data-end=\"2258\" \/>Ainsi, les collections renforcent le style personnel tout en c\u00e9l\u00e9brant la durabilit\u00e9 et le savoir-faire artisanal.<br data-start=\"2350\" data-end=\"2353\" \/>Dans un monde de la mode domin\u00e9 par les tendances \u00e9ph\u00e9m\u00e8res, ANCELLM offre une alternative fra\u00eeche et durable.<br data-start=\"2442\" data-end=\"2445\" \/>Par cons\u00e9quent, ses v\u00eatements transforment les moments ordinaires en d\u00e9clarations de design r\u00e9fl\u00e9chies et portables.<\/p>\n<p data-start=\"1962\" data-end=\"2540\">\n<p data-start=\"1962\" data-end=\"2540\">\n<p data-start=\"1962\" data-end=\"2540\"><a href=\"https:\/\/www.instagram.com\/p\/DRE_GWcDc5h\/?hl=fr&amp;img_index=1\">Inspirez-vous de notre look ANCELLM sur Instagram\u00a0<\/a><\/p>","protected":false},"excerpt":{"rendered":"<p>Ancellm ANC-JK61-B Wool Coverall BrownxBlack Color: Brown, Black Relaxed silhouette Classic collar Two front patch pocket One chest pocket Long sleeves Dropped shoulders Visible seams Composition: 71% Wool, 11% Nylon, 11% Rayon, 7% Acrylic Made in Japan &nbsp; &nbsp; &nbsp; &nbsp; The product The Ancellm \u2013 ANC-JK61-B Wool Coverall \u2013 BrownxBlack blends utilitarian design with&hellip; <a class=\"more-link\" href=\"https:\/\/rendez-vous-store.com\/fr\/shop\/rdvs-selection-discover-our-current-selection-rendez-vous-store\/rdvs-selection-men-rendez-vous-store-rendez-vous-store\/ancellm-anc-jk61-b-wool-coverall-brownxblack-rendez-vous-store\/\">Continuer la lecture <span class=\"screen-reader-text\">Ancellm &#8211; ANC-JK61-B Wool Coverall &#8211; BrownxBlack<\/span><\/a><\/p>","protected":false},"featured_media":223436,"template":"","meta":{"_acf_changed":false},"product_brand":[],"product_cat":[302,20,53],"product_tag":[1454],"class_list":{"0":"post-222613","1":"product","2":"type-product","3":"status-publish","4":"has-post-thumbnail","6":"product_cat-rdvs-selection-men-rendez-vous-store-rendez-vous-store","7":"product_cat-men-selection-discover-our-selection-rendez-vous-store","8":"product_cat-jackets-coats-discover-our-selection","9":"product_tag-ancellm-rendez-vous-store","10":"entry","12":"first","13":"outofstock","14":"taxable","15":"shipping-taxable","16":"product-type-variable"},"acf":[],"yoast_head":"<!-- This site is optimized with the Yoast SEO plugin v24.9 - https:\/\/yoast.com\/wordpress\/plugins\/seo\/ -->\n<title>Ancellm ANC-JK61-B Wool Coverall BrownxBlack<\/title>\n<meta name=\"description\" content=\"Ancellm enhances each piece with layered cutting and processing techniques like this Ancellm - ANC-JK61-B Wool Coverall - BrownxBlack. Discover now.\" \/>\n<meta name=\"robots\" content=\"index, follow, max-snippet:-1, max-image-preview:large, max-video-preview:-1\" \/>\n<link rel=\"canonical\" href=\"https:\/\/rendez-vous-store.com\/fr\/shop\/rdvs-selection-discover-our-current-selection-rendez-vous-store\/rdvs-selection-men-rendez-vous-store-rendez-vous-store\/ancellm-anc-jk61-b-wool-coverall-brownxblack-rendez-vous-store\/\" \/>\n<meta property=\"og:locale\" content=\"fr_FR\" \/>\n<meta property=\"og:type\" content=\"article\" \/>\n<meta property=\"og:title\" content=\"Ancellm ANC-JK61-B Wool Coverall BrownxBlack\" \/>\n<meta property=\"og:description\" content=\"Ancellm enhances each piece with layered cutting and processing techniques like this Ancellm - ANC-JK61-B Wool Coverall - BrownxBlack. Discover now.\" \/>\n<meta property=\"og:url\" content=\"https:\/\/rendez-vous-store.com\/fr\/shop\/rdvs-selection-discover-our-current-selection-rendez-vous-store\/rdvs-selection-men-rendez-vous-store-rendez-vous-store\/ancellm-anc-jk61-b-wool-coverall-brownxblack-rendez-vous-store\/\" \/>\n<meta property=\"og:site_name\" content=\"RENDEZ-VOUS STORE\" \/>\n<meta property=\"article:modified_time\" content=\"2026-03-16T18:37:15+00:00\" \/>\n<meta property=\"og:image\" content=\"https:\/\/rendez-vous-store.com\/app\/uploads\/2025\/11\/308.webp\" \/>\n\t<meta property=\"og:image:width\" content=\"1696\" \/>\n\t<meta property=\"og:image:height\" content=\"2560\" \/>\n\t<meta property=\"og:image:type\" content=\"image\/webp\" \/>\n<meta name=\"twitter:card\" content=\"summary_large_image\" \/>\n<meta name=\"twitter:label1\" content=\"Est. reading time\" \/>\n\t<meta name=\"twitter:data1\" content=\"2 minutes\" \/>\n<script type=\"application\/ld+json\" class=\"yoast-schema-graph\">{\"@context\":\"https:\/\/schema.org\",\"@graph\":[{\"@type\":\"WebPage\",\"@id\":\"https:\/\/rendez-vous-store.com\/shop\/rdvs-selection-discover-our-current-selection-rendez-vous-store\/rdvs-selection-men-rendez-vous-store-rendez-vous-store\/ancellm-anc-jk61-b-wool-coverall-brownxblack-rendez-vous-store\/\",\"url\":\"https:\/\/rendez-vous-store.com\/shop\/rdvs-selection-discover-our-current-selection-rendez-vous-store\/rdvs-selection-men-rendez-vous-store-rendez-vous-store\/ancellm-anc-jk61-b-wool-coverall-brownxblack-rendez-vous-store\/\",\"name\":\"Ancellm ANC-JK61-B Wool Coverall BrownxBlack\",\"isPartOf\":{\"@id\":\"https:\/\/rendez-vous-store.com\/#website\"},\"primaryImageOfPage\":{\"@id\":\"https:\/\/rendez-vous-store.com\/shop\/rdvs-selection-discover-our-current-selection-rendez-vous-store\/rdvs-selection-men-rendez-vous-store-rendez-vous-store\/ancellm-anc-jk61-b-wool-coverall-brownxblack-rendez-vous-store\/#primaryimage\"},\"image\":{\"@id\":\"https:\/\/rendez-vous-store.com\/shop\/rdvs-selection-discover-our-current-selection-rendez-vous-store\/rdvs-selection-men-rendez-vous-store-rendez-vous-store\/ancellm-anc-jk61-b-wool-coverall-brownxblack-rendez-vous-store\/#primaryimage\"},\"thumbnailUrl\":\"https:\/\/rendez-vous-store.com\/app\/uploads\/2025\/11\/308.webp\",\"datePublished\":\"2025-11-07T13:46:40+00:00\",\"dateModified\":\"2026-03-16T18:37:15+00:00\",\"description\":\"Ancellm enhances each piece with layered cutting and processing techniques like this Ancellm - ANC-JK61-B Wool Coverall - BrownxBlack. Discover now.\",\"breadcrumb\":{\"@id\":\"https:\/\/rendez-vous-store.com\/shop\/rdvs-selection-discover-our-current-selection-rendez-vous-store\/rdvs-selection-men-rendez-vous-store-rendez-vous-store\/ancellm-anc-jk61-b-wool-coverall-brownxblack-rendez-vous-store\/#breadcrumb\"},\"inLanguage\":\"fr-FR\",\"potentialAction\":[{\"@type\":\"ReadAction\",\"target\":[\"https:\/\/rendez-vous-store.com\/shop\/rdvs-selection-discover-our-current-selection-rendez-vous-store\/rdvs-selection-men-rendez-vous-store-rendez-vous-store\/ancellm-anc-jk61-b-wool-coverall-brownxblack-rendez-vous-store\/\"]}]},{\"@type\":\"ImageObject\",\"inLanguage\":\"fr-FR\",\"@id\":\"https:\/\/rendez-vous-store.com\/shop\/rdvs-selection-discover-our-current-selection-rendez-vous-store\/rdvs-selection-men-rendez-vous-store-rendez-vous-store\/ancellm-anc-jk61-b-wool-coverall-brownxblack-rendez-vous-store\/#primaryimage\",\"url\":\"https:\/\/rendez-vous-store.com\/app\/uploads\/2025\/11\/308.webp\",\"contentUrl\":\"https:\/\/rendez-vous-store.com\/app\/uploads\/2025\/11\/308.webp\",\"width\":1696,\"height\":2560},{\"@type\":\"BreadcrumbList\",\"@id\":\"https:\/\/rendez-vous-store.com\/shop\/rdvs-selection-discover-our-current-selection-rendez-vous-store\/rdvs-selection-men-rendez-vous-store-rendez-vous-store\/ancellm-anc-jk61-b-wool-coverall-brownxblack-rendez-vous-store\/#breadcrumb\",\"itemListElement\":[{\"@type\":\"ListItem\",\"position\":1,\"name\":\"Home\",\"item\":\"https:\/\/rendez-vous-store.com\/\"},{\"@type\":\"ListItem\",\"position\":2,\"name\":\"Shop\",\"item\":\"https:\/\/www.rendez-vous-store.com\/shop\/\"},{\"@type\":\"ListItem\",\"position\":3,\"name\":\"Ancellm &#8211; ANC-JK61-B Wool Coverall &#8211; BrownxBlack\"}]},{\"@type\":\"WebSite\",\"@id\":\"https:\/\/rendez-vous-store.com\/#website\",\"url\":\"https:\/\/rendez-vous-store.com\/\",\"name\":\"RENDEZ-VOUS STORE\",\"description\":\"Slow Fashion for Women and Men\",\"potentialAction\":[{\"@type\":\"SearchAction\",\"target\":{\"@type\":\"EntryPoint\",\"urlTemplate\":\"https:\/\/rendez-vous-store.com\/?s={search_term_string}\"},\"query-input\":{\"@type\":\"PropertyValueSpecification\",\"valueRequired\":true,\"valueName\":\"search_term_string\"}}],\"inLanguage\":\"fr-FR\"}]}<\/script>\n<!-- \/ Yoast SEO plugin. -->","yoast_head_json":{"title":"Ancellm ANC-JK61-B Wool Coverall BrownxBlack","description":"Ancellm enhances each piece with layered cutting and processing techniques like this Ancellm - ANC-JK61-B Wool Coverall - BrownxBlack. Discover now.","robots":{"index":"index","follow":"follow","max-snippet":"max-snippet:-1","max-image-preview":"max-image-preview:large","max-video-preview":"max-video-preview:-1"},"canonical":"https:\/\/rendez-vous-store.com\/fr\/shop\/rdvs-selection-discover-our-current-selection-rendez-vous-store\/rdvs-selection-men-rendez-vous-store-rendez-vous-store\/ancellm-anc-jk61-b-wool-coverall-brownxblack-rendez-vous-store\/","og_locale":"fr_FR","og_type":"article","og_title":"Ancellm ANC-JK61-B Wool Coverall BrownxBlack","og_description":"Ancellm enhances each piece with layered cutting and processing techniques like this Ancellm - ANC-JK61-B Wool Coverall - BrownxBlack. Discover now.","og_url":"https:\/\/rendez-vous-store.com\/fr\/shop\/rdvs-selection-discover-our-current-selection-rendez-vous-store\/rdvs-selection-men-rendez-vous-store-rendez-vous-store\/ancellm-anc-jk61-b-wool-coverall-brownxblack-rendez-vous-store\/","og_site_name":"RENDEZ-VOUS STORE","article_modified_time":"2026-03-16T18:37:15+00:00","og_image":[{"width":1696,"height":2560,"url":"https:\/\/rendez-vous-store.com\/app\/uploads\/2025\/11\/308.webp","type":"image\/webp"}],"twitter_card":"summary_large_image","twitter_misc":{"Est. reading time":"2 minutes"},"schema":{"@context":"https:\/\/schema.org","@graph":[{"@type":"WebPage","@id":"https:\/\/rendez-vous-store.com\/shop\/rdvs-selection-discover-our-current-selection-rendez-vous-store\/rdvs-selection-men-rendez-vous-store-rendez-vous-store\/ancellm-anc-jk61-b-wool-coverall-brownxblack-rendez-vous-store\/","url":"https:\/\/rendez-vous-store.com\/shop\/rdvs-selection-discover-our-current-selection-rendez-vous-store\/rdvs-selection-men-rendez-vous-store-rendez-vous-store\/ancellm-anc-jk61-b-wool-coverall-brownxblack-rendez-vous-store\/","name":"Ancellm ANC-JK61-B Wool Coverall BrownxBlack","isPartOf":{"@id":"https:\/\/rendez-vous-store.com\/#website"},"primaryImageOfPage":{"@id":"https:\/\/rendez-vous-store.com\/shop\/rdvs-selection-discover-our-current-selection-rendez-vous-store\/rdvs-selection-men-rendez-vous-store-rendez-vous-store\/ancellm-anc-jk61-b-wool-coverall-brownxblack-rendez-vous-store\/#primaryimage"},"image":{"@id":"https:\/\/rendez-vous-store.com\/shop\/rdvs-selection-discover-our-current-selection-rendez-vous-store\/rdvs-selection-men-rendez-vous-store-rendez-vous-store\/ancellm-anc-jk61-b-wool-coverall-brownxblack-rendez-vous-store\/#primaryimage"},"thumbnailUrl":"https:\/\/rendez-vous-store.com\/app\/uploads\/2025\/11\/308.webp","datePublished":"2025-11-07T13:46:40+00:00","dateModified":"2026-03-16T18:37:15+00:00","description":"Ancellm enhances each piece with layered cutting and processing techniques like this Ancellm - ANC-JK61-B Wool Coverall - BrownxBlack. Discover now.","breadcrumb":{"@id":"https:\/\/rendez-vous-store.com\/shop\/rdvs-selection-discover-our-current-selection-rendez-vous-store\/rdvs-selection-men-rendez-vous-store-rendez-vous-store\/ancellm-anc-jk61-b-wool-coverall-brownxblack-rendez-vous-store\/#breadcrumb"},"inLanguage":"fr-FR","potentialAction":[{"@type":"ReadAction","target":["https:\/\/rendez-vous-store.com\/shop\/rdvs-selection-discover-our-current-selection-rendez-vous-store\/rdvs-selection-men-rendez-vous-store-rendez-vous-store\/ancellm-anc-jk61-b-wool-coverall-brownxblack-rendez-vous-store\/"]}]},{"@type":"ImageObject","inLanguage":"fr-FR","@id":"https:\/\/rendez-vous-store.com\/shop\/rdvs-selection-discover-our-current-selection-rendez-vous-store\/rdvs-selection-men-rendez-vous-store-rendez-vous-store\/ancellm-anc-jk61-b-wool-coverall-brownxblack-rendez-vous-store\/#primaryimage","url":"https:\/\/rendez-vous-store.com\/app\/uploads\/2025\/11\/308.webp","contentUrl":"https:\/\/rendez-vous-store.com\/app\/uploads\/2025\/11\/308.webp","width":1696,"height":2560},{"@type":"BreadcrumbList","@id":"https:\/\/rendez-vous-store.com\/shop\/rdvs-selection-discover-our-current-selection-rendez-vous-store\/rdvs-selection-men-rendez-vous-store-rendez-vous-store\/ancellm-anc-jk61-b-wool-coverall-brownxblack-rendez-vous-store\/#breadcrumb","itemListElement":[{"@type":"ListItem","position":1,"name":"Home","item":"https:\/\/rendez-vous-store.com\/"},{"@type":"ListItem","position":2,"name":"Shop","item":"https:\/\/www.rendez-vous-store.com\/shop\/"},{"@type":"ListItem","position":3,"name":"Ancellm &#8211; ANC-JK61-B Wool Coverall &#8211; BrownxBlack"}]},{"@type":"WebSite","@id":"https:\/\/rendez-vous-store.com\/#website","url":"https:\/\/rendez-vous-store.com\/","name":"RENDEZ-VOUS STORE","description":"Slow Fashion for Women and Men","potentialAction":[{"@type":"SearchAction","target":{"@type":"EntryPoint","urlTemplate":"https:\/\/rendez-vous-store.com\/?s={search_term_string}"},"query-input":{"@type":"PropertyValueSpecification","valueRequired":true,"valueName":"search_term_string"}}],"inLanguage":"fr-FR"}]}},"_links":{"self":[{"href":"https:\/\/rendez-vous-store.com\/fr\/wp-json\/wp\/v2\/product\/222613","targetHints":{"allow":["GET"]}}],"collection":[{"href":"https:\/\/rendez-vous-store.com\/fr\/wp-json\/wp\/v2\/product"}],"about":[{"href":"https:\/\/rendez-vous-store.com\/fr\/wp-json\/wp\/v2\/types\/product"}],"wp:featuredmedia":[{"embeddable":true,"href":"https:\/\/rendez-vous-store.com\/fr\/wp-json\/wp\/v2\/media\/223436"}],"wp:attachment":[{"href":"https:\/\/rendez-vous-store.com\/fr\/wp-json\/wp\/v2\/media?parent=222613"}],"wp:term":[{"taxonomy":"product_brand","embeddable":true,"href":"https:\/\/rendez-vous-store.com\/fr\/wp-json\/wp\/v2\/product_brand?post=222613"},{"taxonomy":"product_cat","embeddable":true,"href":"https:\/\/rendez-vous-store.com\/fr\/wp-json\/wp\/v2\/product_cat?post=222613"},{"taxonomy":"product_tag","embeddable":true,"href":"https:\/\/rendez-vous-store.com\/fr\/wp-json\/wp\/v2\/product_tag?post=222613"}],"curies":[{"name":"wp","href":"https:\/\/api.w.org\/{rel}","templated":true}]}}