{"id":222611,"date":"2025-11-07T14:46:40","date_gmt":"2025-11-07T13:46:40","guid":{"rendered":"https:\/\/rendez-vous-store.com\/?post_type=product&#038;p=222611"},"modified":"2026-03-16T19:37:17","modified_gmt":"2026-03-16T18:37:17","slug":"ancellm-anc-sh65-a-c-r-check-shirt-yellow-rendez-vous-store","status":"publish","type":"product","link":"https:\/\/rendez-vous-store.com\/fr\/shop\/men-selection-discover-our-selection-rendez-vous-store\/shirts-rendez-vous-store\/ancellm-anc-sh65-a-c-r-check-shirt-yellow-rendez-vous-store\/","title":{"rendered":"Ancellm \u2013 ANC-SH65-A Chemise \u00e0 carreaux C\/R \u2013 Jaune"},"content":{"rendered":"<p><strong>Chemise \u00e0 carreaux Ancellm ANC-SH65-A C\/R Jaune<\/strong><\/p>\n<p>Couleur : jaune<\/p>\n<p>Coupe flatteuse sur les \u00e9paules et le corps<\/p>\n<p>Le collier est con\u00e7u pour la flexibilit\u00e9<\/p>\n<p>Ouvrir ou fermer le bouton du haut pour un look ordinaire ou ouvert<\/p>\n<p>Manches longues<\/p>\n<p>Composition: 68% Cotton, 32% Rayon<\/p>\n<p>Fabriqu\u00e9 au Japon<\/p>\n<p>&nbsp;<\/p>\n<p>&nbsp;<\/p>\n<p>&nbsp;<\/p>\n<p>&nbsp;<\/p>\n<h2 data-start=\"194\" data-end=\"208\"><\/h2>\n<p><strong>Le produit<\/strong><\/p>\n<p data-start=\"210\" data-end=\"1097\">La chemise Ancellm \u2013 ANC-SH65-A C\/R Check Shirt \u2013 Jaune allie confort d\u00e9contract\u00e9 et design japonais innovant.<br data-start=\"318\" data-end=\"321\" \/>Son tissu doux est l\u00e9ger, respirant et id\u00e9al pour \u00eatre superpos\u00e9.<br data-start=\"391\" data-end=\"394\" \/>De plus, le motif \u00e0 carreaux jaunes ajoute une touche fra\u00eeche et vibrante \u00e0 n'importe quelle garde-robe.<br data-start=\"473\" data-end=\"476\" \/>La coupe d\u00e9contract\u00e9e permet une libert\u00e9 de mouvement tout en conservant une silhouette moderne.<br data-start=\"551\" data-end=\"554\" \/>De plus, des coutures pr\u00e9cises et une construction soign\u00e9e am\u00e9liorent la durabilit\u00e9 et la qualit\u00e9 de la chemise.<br data-start=\"656\" data-end=\"659\" \/>Vous pouvez le porter sur un t-shirt pour des sorties d\u00e9contract\u00e9es ou sous une veste pour un style superpos\u00e9.<br data-start=\"745\" data-end=\"748\" \/>Associez-le \u00e0 un jean ou un chino pour cr\u00e9er des looks polyvalents et sans effort.<br data-start=\"815\" data-end=\"818\" \/>Par cons\u00e9quent, cette chemise \u00e0 carreaux rehausse le style de tous les jours tout en restant pratique et \u00e9l\u00e9gante.<br data-start=\"914\" data-end=\"917\" \/>En cons\u00e9quence, le ANC-SH65-A devient un essentiel de garde-robe pour un style streetwear contemporain. En fin de compte, il incarne l'\u00e9quilibre entre innovation, confort et artisanat durable.<\/p>\n<p data-start=\"210\" data-end=\"1097\"><a href=\"https:\/\/rendez-vous-store.com\/fr\/shop\/men-selection-discover-our-selection-rendez-vous-store\/trousers-shorts-rendez-vous-store\/ancellm-anc-pt96-baker-pants-black-rendez-vous-store\/\">Nous aimons le voir port\u00e9 avec<\/a><\/p>\n<h2 data-start=\"1104\" data-end=\"1116\"><\/h2>\n<p>&nbsp;<\/p>\n<p>&nbsp;<\/p>\n<p><strong>La marque<\/strong><\/p>\n<p data-start=\"1118\" data-end=\"1914\">ANCELLM explore comment les v\u00eatements \u00e9voluent au fil du temps, en examinant le vieillissement sous un angle frais et cr\u00e9atif.<br data-start=\"1222\" data-end=\"1225\" \/>De plus, la marque met en avant des tons et des textures changeants, rehaussant chaque pi\u00e8ce avec des techniques de coupe et de traitement superpos\u00e9es.<br data-start=\"1353\" data-end=\"1356\" \/>Le designer Kazuya Yamachika dirige la marque apr\u00e8s s'\u00eatre form\u00e9 au Bunka Fashion College et avoir travaill\u00e9 dans la production nationale.<br data-start=\"1473\" data-end=\"1476\" \/>Il a fond\u00e9 ANCELLM en 2021 pour concevoir des articles qui se transforment avec l'usage et acqui\u00e8rent un caract\u00e8re unique.<br data-start=\"1569\" data-end=\"1572\" \/>De plus, la marque s\u00e9lectionne m\u00e9ticuleusement ses tissus et valorise le savoir-faire \u00e0 chaque \u00e9tape de la cr\u00e9ation.<br data-start=\"1673\" data-end=\"1676\" \/>Par cons\u00e9quent, ANCELLM continue de cro\u00eetre au Japon, en entrant dans des boutiques s\u00e9lectionn\u00e9es respect\u00e9es et sur les principales plateformes en ligne.<br data-start=\"1785\" data-end=\"1788\" \/>De plus, la marque allie innovation et qualit\u00e9 intemporelle, cr\u00e9ant ainsi des v\u00eatements qui acqui\u00e8rent un caract\u00e8re personnel au fil du temps.<\/p>\n<h2 data-start=\"1921\" data-end=\"1939\"><\/h2>\n<p>&nbsp;<\/p>\n<p><strong>Les collections<\/strong><\/p>\n<p data-start=\"1941\" data-end=\"2519\">ANCELLM cr\u00e9e des collections soigneusement con\u00e7ues qui allient cr\u00e9ativit\u00e9 et v\u00eatements de tous les jours.<br data-start=\"2032\" data-end=\"2035\" \/>Chaque pi\u00e8ce met l'accent sur l'\u00e9volution des textures, la superposition fonctionnelle et une construction pr\u00e9cise.<br data-start=\"2122\" data-end=\"2125\" \/>Que vous choisissiez des hauts d\u00e9contract\u00e9s, des vestes ou des pi\u00e8ces fortes, chaque article exprime l'originalit\u00e9 et le but.<br data-start=\"2234\" data-end=\"2237\" \/>Ainsi, les collections renforcent le style personnel tout en c\u00e9l\u00e9brant la durabilit\u00e9 et le savoir-faire artisanal.<br data-start=\"2329\" data-end=\"2332\" \/>Dans un monde de la mode domin\u00e9 par les tendances \u00e9ph\u00e9m\u00e8res, ANCELLM offre une alternative fra\u00eeche et durable.<br data-start=\"2421\" data-end=\"2424\" \/>Par cons\u00e9quent, ses v\u00eatements transforment les moments ordinaires en d\u00e9clarations de design r\u00e9fl\u00e9chies et portables.<\/p>\n<p data-start=\"1941\" data-end=\"2519\"><a href=\"https:\/\/www.instagram.com\/p\/DRE_GWcDc5h\/?hl=fr&amp;img_index=1\">Inspirez-vous de notre look ANCELLM sur Instagram\u00a0<\/a><\/p>","protected":false},"excerpt":{"rendered":"<p>Ancellm ANC-SH65-A C\/R Check Shirt Yellow Color: Yellow Flattering fit across the shoulders and body The collar is designed for flexibility Open or close the top button for a regular or open look Long sleeves Composition: 68% Cotton, 32% Rayon Made in Japan &nbsp; &nbsp; &nbsp; &nbsp; The product The Ancellm \u2013 ANC-SH65-A C\/R Check&hellip; <a class=\"more-link\" href=\"https:\/\/rendez-vous-store.com\/fr\/shop\/men-selection-discover-our-selection-rendez-vous-store\/shirts-rendez-vous-store\/ancellm-anc-sh65-a-c-r-check-shirt-yellow-rendez-vous-store\/\">Continuer la lecture <span class=\"screen-reader-text\">Ancellm \u2013 ANC-SH65-A Chemise \u00e0 carreaux C\/R \u2013 Jaune<\/span><\/a><\/p>","protected":false},"featured_media":223424,"template":"","meta":{"_acf_changed":false},"product_brand":[],"product_cat":[20,74],"product_tag":[1454],"class_list":{"0":"post-222611","1":"product","2":"type-product","3":"status-publish","4":"has-post-thumbnail","6":"product_cat-men-selection-discover-our-selection-rendez-vous-store","7":"product_cat-shirts-rendez-vous-store","8":"product_tag-ancellm-rendez-vous-store","9":"entry","11":"first","12":"instock","13":"taxable","14":"shipping-taxable","15":"purchasable","16":"product-type-variable"},"acf":[],"yoast_head":"<!-- This site is optimized with the Yoast SEO plugin v24.9 - https:\/\/yoast.com\/wordpress\/plugins\/seo\/ -->\n<title>Ancellm ANC-SH65-A C\/R Check Shirt Yellow<\/title>\n<meta name=\"description\" content=\"Ancellm enhances each piece with layered cutting and processing techniques like this Ancellm - ANC-SH65-A C\/R Check Shirt - Yellow. Discover now.\" \/>\n<meta name=\"robots\" content=\"index, follow, max-snippet:-1, max-image-preview:large, max-video-preview:-1\" \/>\n<link rel=\"canonical\" href=\"https:\/\/rendez-vous-store.com\/fr\/shop\/men-selection-discover-our-selection-rendez-vous-store\/shirts-rendez-vous-store\/ancellm-anc-sh65-a-c-r-check-shirt-yellow-rendez-vous-store\/\" \/>\n<meta property=\"og:locale\" content=\"fr_FR\" \/>\n<meta property=\"og:type\" content=\"article\" \/>\n<meta property=\"og:title\" content=\"Ancellm ANC-SH65-A C\/R Check Shirt Yellow\" \/>\n<meta property=\"og:description\" content=\"Ancellm enhances each piece with layered cutting and processing techniques like this Ancellm - ANC-SH65-A C\/R Check Shirt - Yellow. Discover now.\" \/>\n<meta property=\"og:url\" content=\"https:\/\/rendez-vous-store.com\/fr\/shop\/men-selection-discover-our-selection-rendez-vous-store\/shirts-rendez-vous-store\/ancellm-anc-sh65-a-c-r-check-shirt-yellow-rendez-vous-store\/\" \/>\n<meta property=\"og:site_name\" content=\"RENDEZ-VOUS STORE\" \/>\n<meta property=\"article:modified_time\" content=\"2026-03-16T18:37:17+00:00\" \/>\n<meta property=\"og:image\" content=\"https:\/\/rendez-vous-store.com\/app\/uploads\/2025\/11\/302.webp\" \/>\n\t<meta property=\"og:image:width\" content=\"1696\" \/>\n\t<meta property=\"og:image:height\" content=\"2560\" \/>\n\t<meta property=\"og:image:type\" content=\"image\/webp\" \/>\n<meta name=\"twitter:card\" content=\"summary_large_image\" \/>\n<meta name=\"twitter:label1\" content=\"Est. reading time\" \/>\n\t<meta name=\"twitter:data1\" content=\"2 minutes\" \/>\n<script type=\"application\/ld+json\" class=\"yoast-schema-graph\">{\"@context\":\"https:\/\/schema.org\",\"@graph\":[{\"@type\":\"WebPage\",\"@id\":\"https:\/\/rendez-vous-store.com\/shop\/men-selection-discover-our-selection-rendez-vous-store\/shirts-rendez-vous-store\/ancellm-anc-sh65-a-c-r-check-shirt-yellow-rendez-vous-store\/\",\"url\":\"https:\/\/rendez-vous-store.com\/shop\/men-selection-discover-our-selection-rendez-vous-store\/shirts-rendez-vous-store\/ancellm-anc-sh65-a-c-r-check-shirt-yellow-rendez-vous-store\/\",\"name\":\"Ancellm ANC-SH65-A C\/R Check Shirt Yellow\",\"isPartOf\":{\"@id\":\"https:\/\/rendez-vous-store.com\/#website\"},\"primaryImageOfPage\":{\"@id\":\"https:\/\/rendez-vous-store.com\/shop\/men-selection-discover-our-selection-rendez-vous-store\/shirts-rendez-vous-store\/ancellm-anc-sh65-a-c-r-check-shirt-yellow-rendez-vous-store\/#primaryimage\"},\"image\":{\"@id\":\"https:\/\/rendez-vous-store.com\/shop\/men-selection-discover-our-selection-rendez-vous-store\/shirts-rendez-vous-store\/ancellm-anc-sh65-a-c-r-check-shirt-yellow-rendez-vous-store\/#primaryimage\"},\"thumbnailUrl\":\"https:\/\/rendez-vous-store.com\/app\/uploads\/2025\/11\/302.webp\",\"datePublished\":\"2025-11-07T13:46:40+00:00\",\"dateModified\":\"2026-03-16T18:37:17+00:00\",\"description\":\"Ancellm enhances each piece with layered cutting and processing techniques like this Ancellm - ANC-SH65-A C\/R Check Shirt - Yellow. Discover now.\",\"breadcrumb\":{\"@id\":\"https:\/\/rendez-vous-store.com\/shop\/men-selection-discover-our-selection-rendez-vous-store\/shirts-rendez-vous-store\/ancellm-anc-sh65-a-c-r-check-shirt-yellow-rendez-vous-store\/#breadcrumb\"},\"inLanguage\":\"fr-FR\",\"potentialAction\":[{\"@type\":\"ReadAction\",\"target\":[\"https:\/\/rendez-vous-store.com\/shop\/men-selection-discover-our-selection-rendez-vous-store\/shirts-rendez-vous-store\/ancellm-anc-sh65-a-c-r-check-shirt-yellow-rendez-vous-store\/\"]}]},{\"@type\":\"ImageObject\",\"inLanguage\":\"fr-FR\",\"@id\":\"https:\/\/rendez-vous-store.com\/shop\/men-selection-discover-our-selection-rendez-vous-store\/shirts-rendez-vous-store\/ancellm-anc-sh65-a-c-r-check-shirt-yellow-rendez-vous-store\/#primaryimage\",\"url\":\"https:\/\/rendez-vous-store.com\/app\/uploads\/2025\/11\/302.webp\",\"contentUrl\":\"https:\/\/rendez-vous-store.com\/app\/uploads\/2025\/11\/302.webp\",\"width\":1696,\"height\":2560},{\"@type\":\"BreadcrumbList\",\"@id\":\"https:\/\/rendez-vous-store.com\/shop\/men-selection-discover-our-selection-rendez-vous-store\/shirts-rendez-vous-store\/ancellm-anc-sh65-a-c-r-check-shirt-yellow-rendez-vous-store\/#breadcrumb\",\"itemListElement\":[{\"@type\":\"ListItem\",\"position\":1,\"name\":\"Home\",\"item\":\"https:\/\/rendez-vous-store.com\/\"},{\"@type\":\"ListItem\",\"position\":2,\"name\":\"Shop\",\"item\":\"https:\/\/www.rendez-vous-store.com\/shop\/\"},{\"@type\":\"ListItem\",\"position\":3,\"name\":\"Ancellm &#8211; ANC-SH65-A C\/R Check Shirt &#8211; Yellow\"}]},{\"@type\":\"WebSite\",\"@id\":\"https:\/\/rendez-vous-store.com\/#website\",\"url\":\"https:\/\/rendez-vous-store.com\/\",\"name\":\"RENDEZ-VOUS STORE\",\"description\":\"Slow Fashion for Women and Men\",\"potentialAction\":[{\"@type\":\"SearchAction\",\"target\":{\"@type\":\"EntryPoint\",\"urlTemplate\":\"https:\/\/rendez-vous-store.com\/?s={search_term_string}\"},\"query-input\":{\"@type\":\"PropertyValueSpecification\",\"valueRequired\":true,\"valueName\":\"search_term_string\"}}],\"inLanguage\":\"fr-FR\"}]}<\/script>\n<!-- \/ Yoast SEO plugin. -->","yoast_head_json":{"title":"Ancellm ANC-SH65-A C\/R Check Shirt Yellow","description":"Ancellm enhances each piece with layered cutting and processing techniques like this Ancellm - ANC-SH65-A C\/R Check Shirt - Yellow. Discover now.","robots":{"index":"index","follow":"follow","max-snippet":"max-snippet:-1","max-image-preview":"max-image-preview:large","max-video-preview":"max-video-preview:-1"},"canonical":"https:\/\/rendez-vous-store.com\/fr\/shop\/men-selection-discover-our-selection-rendez-vous-store\/shirts-rendez-vous-store\/ancellm-anc-sh65-a-c-r-check-shirt-yellow-rendez-vous-store\/","og_locale":"fr_FR","og_type":"article","og_title":"Ancellm ANC-SH65-A C\/R Check Shirt Yellow","og_description":"Ancellm enhances each piece with layered cutting and processing techniques like this Ancellm - ANC-SH65-A C\/R Check Shirt - Yellow. Discover now.","og_url":"https:\/\/rendez-vous-store.com\/fr\/shop\/men-selection-discover-our-selection-rendez-vous-store\/shirts-rendez-vous-store\/ancellm-anc-sh65-a-c-r-check-shirt-yellow-rendez-vous-store\/","og_site_name":"RENDEZ-VOUS STORE","article_modified_time":"2026-03-16T18:37:17+00:00","og_image":[{"width":1696,"height":2560,"url":"https:\/\/rendez-vous-store.com\/app\/uploads\/2025\/11\/302.webp","type":"image\/webp"}],"twitter_card":"summary_large_image","twitter_misc":{"Est. reading time":"2 minutes"},"schema":{"@context":"https:\/\/schema.org","@graph":[{"@type":"WebPage","@id":"https:\/\/rendez-vous-store.com\/shop\/men-selection-discover-our-selection-rendez-vous-store\/shirts-rendez-vous-store\/ancellm-anc-sh65-a-c-r-check-shirt-yellow-rendez-vous-store\/","url":"https:\/\/rendez-vous-store.com\/shop\/men-selection-discover-our-selection-rendez-vous-store\/shirts-rendez-vous-store\/ancellm-anc-sh65-a-c-r-check-shirt-yellow-rendez-vous-store\/","name":"Ancellm ANC-SH65-A C\/R Check Shirt Yellow","isPartOf":{"@id":"https:\/\/rendez-vous-store.com\/#website"},"primaryImageOfPage":{"@id":"https:\/\/rendez-vous-store.com\/shop\/men-selection-discover-our-selection-rendez-vous-store\/shirts-rendez-vous-store\/ancellm-anc-sh65-a-c-r-check-shirt-yellow-rendez-vous-store\/#primaryimage"},"image":{"@id":"https:\/\/rendez-vous-store.com\/shop\/men-selection-discover-our-selection-rendez-vous-store\/shirts-rendez-vous-store\/ancellm-anc-sh65-a-c-r-check-shirt-yellow-rendez-vous-store\/#primaryimage"},"thumbnailUrl":"https:\/\/rendez-vous-store.com\/app\/uploads\/2025\/11\/302.webp","datePublished":"2025-11-07T13:46:40+00:00","dateModified":"2026-03-16T18:37:17+00:00","description":"Ancellm enhances each piece with layered cutting and processing techniques like this Ancellm - ANC-SH65-A C\/R Check Shirt - Yellow. Discover now.","breadcrumb":{"@id":"https:\/\/rendez-vous-store.com\/shop\/men-selection-discover-our-selection-rendez-vous-store\/shirts-rendez-vous-store\/ancellm-anc-sh65-a-c-r-check-shirt-yellow-rendez-vous-store\/#breadcrumb"},"inLanguage":"fr-FR","potentialAction":[{"@type":"ReadAction","target":["https:\/\/rendez-vous-store.com\/shop\/men-selection-discover-our-selection-rendez-vous-store\/shirts-rendez-vous-store\/ancellm-anc-sh65-a-c-r-check-shirt-yellow-rendez-vous-store\/"]}]},{"@type":"ImageObject","inLanguage":"fr-FR","@id":"https:\/\/rendez-vous-store.com\/shop\/men-selection-discover-our-selection-rendez-vous-store\/shirts-rendez-vous-store\/ancellm-anc-sh65-a-c-r-check-shirt-yellow-rendez-vous-store\/#primaryimage","url":"https:\/\/rendez-vous-store.com\/app\/uploads\/2025\/11\/302.webp","contentUrl":"https:\/\/rendez-vous-store.com\/app\/uploads\/2025\/11\/302.webp","width":1696,"height":2560},{"@type":"BreadcrumbList","@id":"https:\/\/rendez-vous-store.com\/shop\/men-selection-discover-our-selection-rendez-vous-store\/shirts-rendez-vous-store\/ancellm-anc-sh65-a-c-r-check-shirt-yellow-rendez-vous-store\/#breadcrumb","itemListElement":[{"@type":"ListItem","position":1,"name":"Home","item":"https:\/\/rendez-vous-store.com\/"},{"@type":"ListItem","position":2,"name":"Shop","item":"https:\/\/www.rendez-vous-store.com\/shop\/"},{"@type":"ListItem","position":3,"name":"Ancellm &#8211; ANC-SH65-A C\/R Check Shirt &#8211; Yellow"}]},{"@type":"WebSite","@id":"https:\/\/rendez-vous-store.com\/#website","url":"https:\/\/rendez-vous-store.com\/","name":"RENDEZ-VOUS STORE","description":"Slow Fashion for Women and Men","potentialAction":[{"@type":"SearchAction","target":{"@type":"EntryPoint","urlTemplate":"https:\/\/rendez-vous-store.com\/?s={search_term_string}"},"query-input":{"@type":"PropertyValueSpecification","valueRequired":true,"valueName":"search_term_string"}}],"inLanguage":"fr-FR"}]}},"_links":{"self":[{"href":"https:\/\/rendez-vous-store.com\/fr\/wp-json\/wp\/v2\/product\/222611","targetHints":{"allow":["GET"]}}],"collection":[{"href":"https:\/\/rendez-vous-store.com\/fr\/wp-json\/wp\/v2\/product"}],"about":[{"href":"https:\/\/rendez-vous-store.com\/fr\/wp-json\/wp\/v2\/types\/product"}],"wp:featuredmedia":[{"embeddable":true,"href":"https:\/\/rendez-vous-store.com\/fr\/wp-json\/wp\/v2\/media\/223424"}],"wp:attachment":[{"href":"https:\/\/rendez-vous-store.com\/fr\/wp-json\/wp\/v2\/media?parent=222611"}],"wp:term":[{"taxonomy":"product_brand","embeddable":true,"href":"https:\/\/rendez-vous-store.com\/fr\/wp-json\/wp\/v2\/product_brand?post=222611"},{"taxonomy":"product_cat","embeddable":true,"href":"https:\/\/rendez-vous-store.com\/fr\/wp-json\/wp\/v2\/product_cat?post=222611"},{"taxonomy":"product_tag","embeddable":true,"href":"https:\/\/rendez-vous-store.com\/fr\/wp-json\/wp\/v2\/product_tag?post=222611"}],"curies":[{"name":"wp","href":"https:\/\/api.w.org\/{rel}","templated":true}]}}