{"id":222610,"date":"2025-11-07T14:46:40","date_gmt":"2025-11-07T13:46:40","guid":{"rendered":"https:\/\/rendez-vous-store.com\/?post_type=product&#038;p=222610"},"modified":"2026-03-16T19:37:11","modified_gmt":"2026-03-16T18:37:11","slug":"ancellm-anc-jk58-b-l-c-jacket-brown-rendez-vous-store","status":"publish","type":"product","link":"https:\/\/rendez-vous-store.com\/fr\/shop\/rdvs-selection-discover-our-current-selection-rendez-vous-store\/rdvs-selection-men-rendez-vous-store-rendez-vous-store\/ancellm-anc-jk58-b-l-c-jacket-brown-rendez-vous-store\/","title":{"rendered":"Ancellm &#8211; ANC-JK58-B L\/C Jacket &#8211; Brown"},"content":{"rendered":"<p><strong>Ancellm &#8211; ANC-JK58-B L\/C Jacket &#8211; Brown<\/strong><\/p>\n<p>Couleur : Marron<\/p>\n<p>Coupe d\u00e9contract\u00e9e<\/p>\n<p>Layered look, with a lining glued to a rich wool<\/p>\n<p>Manches longues<\/p>\n<p>\u00c9paules tombantes<\/p>\n<p>Fermeture par bouton<\/p>\n<p>Two chest pockets<\/p>\n<p>Composition: 100% Wool \/ Lining: 100% Cotton<\/p>\n<p>Fabriqu\u00e9 au Japon<\/p>\n<p>&nbsp;<\/p>\n<p>&nbsp;<\/p>\n<p>&nbsp;<\/p>\n<p>&nbsp;<\/p>\n<p>&nbsp;<\/p>\n<h2 data-start=\"188\" data-end=\"202\"><\/h2>\n<p><strong>Le produit<\/strong><\/p>\n<p data-start=\"204\" data-end=\"1122\">The Ancellm \u2013 ANC-JK58-B L\/C Jacket \u2013 Brown combines modern tailoring with Japanese craftsmanship.<br data-start=\"306\" data-end=\"309\" \/>Its soft fabric feels structured yet lightweight, ideal for layering in transitional seasons.<br data-start=\"402\" data-end=\"405\" \/>Moreover, the warm brown color adds versatility and subtle sophistication to any wardrobe.<br data-start=\"495\" data-end=\"498\" \/>The L\/C cut allows for relaxed movement while maintaining a refined silhouette.<br data-start=\"577\" data-end=\"580\" \/>In addition, precise stitching and thoughtful details enhance the jacket\u2019s durability and finish.<br data-start=\"677\" data-end=\"680\" \/>You can wear it over a shirt for a polished look or with casual pieces for effortless style.<br data-start=\"772\" data-end=\"775\" \/>Pair it with trousers or jeans to achieve versatile, contemporary outfits.<br data-start=\"849\" data-end=\"852\" \/>Consequently, this jacket elevates everyday dressing while remaining practical and stylish.<br data-start=\"943\" data-end=\"946\" \/>As a result, the ANC-JK58-B becomes a wardrobe essential for modern, versatile styling.<br data-start=\"1033\" data-end=\"1036\" \/>Au final, il incarne l'\u00e9quilibre entre l'innovation, le confort et l'artisanat durable.<\/p>\n<h2 data-start=\"1129\" data-end=\"1141\"><\/h2>\n<p><a href=\"https:\/\/rendez-vous-store.com\/fr\/shop\/men-selection-discover-our-selection-rendez-vous-store\/trousers-shorts-rendez-vous-store\/ancellm-anc-pt96-baker-pants-black-rendez-vous-store\/\">Nous aimons le voir port\u00e9 avec<\/a><\/p>\n<p>&nbsp;<\/p>\n<p>&nbsp;<\/p>\n<p><strong>Le produit<\/strong><\/p>\n<p data-start=\"1143\" data-end=\"1939\">ANCELLM explore comment les v\u00eatements \u00e9voluent au fil du temps, en examinant le vieillissement sous un angle frais et cr\u00e9atif.<br data-start=\"1247\" data-end=\"1250\" \/>De plus, la marque met en avant des tons et des textures changeants, rehaussant chaque pi\u00e8ce avec des techniques de coupe et de traitement superpos\u00e9es.<br data-start=\"1378\" data-end=\"1381\" \/>Le designer Kazuya Yamachika dirige la marque apr\u00e8s s'\u00eatre form\u00e9 au Bunka Fashion College et avoir travaill\u00e9 dans la production nationale.<br data-start=\"1498\" data-end=\"1501\" \/>Il a fond\u00e9 ANCELLM en 2021 pour concevoir des articles qui se transforment avec l'usage et acqui\u00e8rent un caract\u00e8re unique.<br data-start=\"1594\" data-end=\"1597\" \/>De plus, la marque s\u00e9lectionne m\u00e9ticuleusement ses tissus et valorise le savoir-faire \u00e0 chaque \u00e9tape de la cr\u00e9ation.<br data-start=\"1698\" data-end=\"1701\" \/>Par cons\u00e9quent, ANCELLM continue de cro\u00eetre au Japon, en entrant dans des boutiques s\u00e9lectionn\u00e9es respect\u00e9es et sur les principales plateformes en ligne.<br data-start=\"1810\" data-end=\"1813\" \/>De plus, la marque allie innovation et qualit\u00e9 intemporelle, cr\u00e9ant ainsi des v\u00eatements qui acqui\u00e8rent un caract\u00e8re personnel au fil du temps.<\/p>\n<p>&nbsp;<\/p>\n<p><strong>La collection<\/strong><\/p>\n<p data-start=\"1966\" data-end=\"2544\">ANCELLM cr\u00e9e des collections soigneusement con\u00e7ues qui allient cr\u00e9ativit\u00e9 et v\u00eatements de tous les jours.<br data-start=\"2057\" data-end=\"2060\" \/>Chaque pi\u00e8ce met l'accent sur l'\u00e9volution des textures, la superposition fonctionnelle et une construction pr\u00e9cise.<br data-start=\"2147\" data-end=\"2150\" \/>Que vous choisissiez des hauts d\u00e9contract\u00e9s, des vestes ou des pi\u00e8ces fortes, chaque article exprime l'originalit\u00e9 et le but.<br data-start=\"2259\" data-end=\"2262\" \/>Ainsi, les collections renforcent le style personnel tout en c\u00e9l\u00e9brant la durabilit\u00e9 et le savoir-faire artisanal.<br data-start=\"2354\" data-end=\"2357\" \/>Dans un monde de la mode domin\u00e9 par les tendances \u00e9ph\u00e9m\u00e8res, ANCELLM offre une alternative fra\u00eeche et durable.<br data-start=\"2446\" data-end=\"2449\" \/>Par cons\u00e9quent, ses v\u00eatements transforment les moments ordinaires en d\u00e9clarations de design r\u00e9fl\u00e9chies et portables.<\/p>\n<p>&nbsp;<\/p>\n<p>&nbsp;<\/p>\n<p><a href=\"https:\/\/www.instagram.com\/p\/DRE_GWcDc5h\/?hl=fr&amp;img_index=1\">Inspirez-vous de notre look ANCELLM sur Instagram\u00a0<\/a><\/p>","protected":false},"excerpt":{"rendered":"<p>Ancellm &#8211; ANC-JK58-B L\/C Jacket &#8211; Brown Color: Brown Relaxed fit Layered look, with a lining glued to a rich wool Long sleeves Dropped shoulders Button closure Two chest pockets Composition: 100% Wool \/ Lining: 100% Cotton Made in Japan &nbsp; &nbsp; &nbsp; &nbsp; &nbsp; The product The Ancellm \u2013 ANC-JK58-B L\/C Jacket \u2013 Brown&hellip; <a class=\"more-link\" href=\"https:\/\/rendez-vous-store.com\/fr\/shop\/rdvs-selection-discover-our-current-selection-rendez-vous-store\/rdvs-selection-men-rendez-vous-store-rendez-vous-store\/ancellm-anc-jk58-b-l-c-jacket-brown-rendez-vous-store\/\">Continuer la lecture <span class=\"screen-reader-text\">Ancellm &#8211; ANC-JK58-B L\/C Jacket &#8211; Brown<\/span><\/a><\/p>","protected":false},"featured_media":223402,"template":"","meta":{"_acf_changed":false},"product_brand":[],"product_cat":[302,20,53],"product_tag":[1454],"class_list":{"0":"post-222610","1":"product","2":"type-product","3":"status-publish","4":"has-post-thumbnail","6":"product_cat-rdvs-selection-men-rendez-vous-store-rendez-vous-store","7":"product_cat-men-selection-discover-our-selection-rendez-vous-store","8":"product_cat-jackets-coats-discover-our-selection","9":"product_tag-ancellm-rendez-vous-store","10":"entry","12":"first","13":"outofstock","14":"taxable","15":"shipping-taxable","16":"product-type-variable"},"acf":[],"yoast_head":"<!-- This site is optimized with the Yoast SEO plugin v24.9 - https:\/\/yoast.com\/wordpress\/plugins\/seo\/ -->\n<title>Ancellm - ANC-JK58-B L\/C Jacket - Brown<\/title>\n<meta name=\"description\" content=\"Ancellm enhances each piece with layered cutting and processing techniques like this Ancellm - ANC-JK58-B L\/C Jacket - Brown. Discover now.\" \/>\n<meta name=\"robots\" content=\"index, follow, max-snippet:-1, max-image-preview:large, max-video-preview:-1\" \/>\n<link rel=\"canonical\" href=\"https:\/\/rendez-vous-store.com\/fr\/shop\/rdvs-selection-discover-our-current-selection-rendez-vous-store\/rdvs-selection-men-rendez-vous-store-rendez-vous-store\/ancellm-anc-jk58-b-l-c-jacket-brown-rendez-vous-store\/\" \/>\n<meta property=\"og:locale\" content=\"fr_FR\" \/>\n<meta property=\"og:type\" content=\"article\" \/>\n<meta property=\"og:title\" content=\"Ancellm - ANC-JK58-B L\/C Jacket - Brown\" \/>\n<meta property=\"og:description\" content=\"Ancellm enhances each piece with layered cutting and processing techniques like this Ancellm - ANC-JK58-B L\/C Jacket - Brown. Discover now.\" \/>\n<meta property=\"og:url\" content=\"https:\/\/rendez-vous-store.com\/fr\/shop\/rdvs-selection-discover-our-current-selection-rendez-vous-store\/rdvs-selection-men-rendez-vous-store-rendez-vous-store\/ancellm-anc-jk58-b-l-c-jacket-brown-rendez-vous-store\/\" \/>\n<meta property=\"og:site_name\" content=\"RENDEZ-VOUS STORE\" \/>\n<meta property=\"article:modified_time\" content=\"2026-03-16T18:37:11+00:00\" \/>\n<meta property=\"og:image\" content=\"https:\/\/rendez-vous-store.com\/app\/uploads\/2025\/11\/291.webp\" \/>\n\t<meta property=\"og:image:width\" content=\"1696\" \/>\n\t<meta property=\"og:image:height\" content=\"2560\" \/>\n\t<meta property=\"og:image:type\" content=\"image\/webp\" \/>\n<meta name=\"twitter:card\" content=\"summary_large_image\" \/>\n<meta name=\"twitter:label1\" content=\"Est. reading time\" \/>\n\t<meta name=\"twitter:data1\" content=\"2 minutes\" \/>\n<script type=\"application\/ld+json\" class=\"yoast-schema-graph\">{\"@context\":\"https:\/\/schema.org\",\"@graph\":[{\"@type\":\"WebPage\",\"@id\":\"https:\/\/rendez-vous-store.com\/shop\/rdvs-selection-discover-our-current-selection-rendez-vous-store\/rdvs-selection-men-rendez-vous-store-rendez-vous-store\/ancellm-anc-jk58-b-l-c-jacket-brown-rendez-vous-store\/\",\"url\":\"https:\/\/rendez-vous-store.com\/shop\/rdvs-selection-discover-our-current-selection-rendez-vous-store\/rdvs-selection-men-rendez-vous-store-rendez-vous-store\/ancellm-anc-jk58-b-l-c-jacket-brown-rendez-vous-store\/\",\"name\":\"Ancellm - ANC-JK58-B L\/C Jacket - Brown\",\"isPartOf\":{\"@id\":\"https:\/\/rendez-vous-store.com\/#website\"},\"primaryImageOfPage\":{\"@id\":\"https:\/\/rendez-vous-store.com\/shop\/rdvs-selection-discover-our-current-selection-rendez-vous-store\/rdvs-selection-men-rendez-vous-store-rendez-vous-store\/ancellm-anc-jk58-b-l-c-jacket-brown-rendez-vous-store\/#primaryimage\"},\"image\":{\"@id\":\"https:\/\/rendez-vous-store.com\/shop\/rdvs-selection-discover-our-current-selection-rendez-vous-store\/rdvs-selection-men-rendez-vous-store-rendez-vous-store\/ancellm-anc-jk58-b-l-c-jacket-brown-rendez-vous-store\/#primaryimage\"},\"thumbnailUrl\":\"https:\/\/rendez-vous-store.com\/app\/uploads\/2025\/11\/291.webp\",\"datePublished\":\"2025-11-07T13:46:40+00:00\",\"dateModified\":\"2026-03-16T18:37:11+00:00\",\"description\":\"Ancellm enhances each piece with layered cutting and processing techniques like this Ancellm - ANC-JK58-B L\/C Jacket - Brown. Discover now.\",\"breadcrumb\":{\"@id\":\"https:\/\/rendez-vous-store.com\/shop\/rdvs-selection-discover-our-current-selection-rendez-vous-store\/rdvs-selection-men-rendez-vous-store-rendez-vous-store\/ancellm-anc-jk58-b-l-c-jacket-brown-rendez-vous-store\/#breadcrumb\"},\"inLanguage\":\"fr-FR\",\"potentialAction\":[{\"@type\":\"ReadAction\",\"target\":[\"https:\/\/rendez-vous-store.com\/shop\/rdvs-selection-discover-our-current-selection-rendez-vous-store\/rdvs-selection-men-rendez-vous-store-rendez-vous-store\/ancellm-anc-jk58-b-l-c-jacket-brown-rendez-vous-store\/\"]}]},{\"@type\":\"ImageObject\",\"inLanguage\":\"fr-FR\",\"@id\":\"https:\/\/rendez-vous-store.com\/shop\/rdvs-selection-discover-our-current-selection-rendez-vous-store\/rdvs-selection-men-rendez-vous-store-rendez-vous-store\/ancellm-anc-jk58-b-l-c-jacket-brown-rendez-vous-store\/#primaryimage\",\"url\":\"https:\/\/rendez-vous-store.com\/app\/uploads\/2025\/11\/291.webp\",\"contentUrl\":\"https:\/\/rendez-vous-store.com\/app\/uploads\/2025\/11\/291.webp\",\"width\":1696,\"height\":2560},{\"@type\":\"BreadcrumbList\",\"@id\":\"https:\/\/rendez-vous-store.com\/shop\/rdvs-selection-discover-our-current-selection-rendez-vous-store\/rdvs-selection-men-rendez-vous-store-rendez-vous-store\/ancellm-anc-jk58-b-l-c-jacket-brown-rendez-vous-store\/#breadcrumb\",\"itemListElement\":[{\"@type\":\"ListItem\",\"position\":1,\"name\":\"Home\",\"item\":\"https:\/\/rendez-vous-store.com\/\"},{\"@type\":\"ListItem\",\"position\":2,\"name\":\"Shop\",\"item\":\"https:\/\/www.rendez-vous-store.com\/shop\/\"},{\"@type\":\"ListItem\",\"position\":3,\"name\":\"Ancellm &#8211; ANC-JK58-B L\/C Jacket &#8211; Brown\"}]},{\"@type\":\"WebSite\",\"@id\":\"https:\/\/rendez-vous-store.com\/#website\",\"url\":\"https:\/\/rendez-vous-store.com\/\",\"name\":\"RENDEZ-VOUS STORE\",\"description\":\"Slow Fashion for Women and Men\",\"potentialAction\":[{\"@type\":\"SearchAction\",\"target\":{\"@type\":\"EntryPoint\",\"urlTemplate\":\"https:\/\/rendez-vous-store.com\/?s={search_term_string}\"},\"query-input\":{\"@type\":\"PropertyValueSpecification\",\"valueRequired\":true,\"valueName\":\"search_term_string\"}}],\"inLanguage\":\"fr-FR\"}]}<\/script>\n<!-- \/ Yoast SEO plugin. -->","yoast_head_json":{"title":"Ancellm - ANC-JK58-B L\/C Jacket - Brown","description":"Ancellm enhances each piece with layered cutting and processing techniques like this Ancellm - ANC-JK58-B L\/C Jacket - Brown. Discover now.","robots":{"index":"index","follow":"follow","max-snippet":"max-snippet:-1","max-image-preview":"max-image-preview:large","max-video-preview":"max-video-preview:-1"},"canonical":"https:\/\/rendez-vous-store.com\/fr\/shop\/rdvs-selection-discover-our-current-selection-rendez-vous-store\/rdvs-selection-men-rendez-vous-store-rendez-vous-store\/ancellm-anc-jk58-b-l-c-jacket-brown-rendez-vous-store\/","og_locale":"fr_FR","og_type":"article","og_title":"Ancellm - ANC-JK58-B L\/C Jacket - Brown","og_description":"Ancellm enhances each piece with layered cutting and processing techniques like this Ancellm - ANC-JK58-B L\/C Jacket - Brown. Discover now.","og_url":"https:\/\/rendez-vous-store.com\/fr\/shop\/rdvs-selection-discover-our-current-selection-rendez-vous-store\/rdvs-selection-men-rendez-vous-store-rendez-vous-store\/ancellm-anc-jk58-b-l-c-jacket-brown-rendez-vous-store\/","og_site_name":"RENDEZ-VOUS STORE","article_modified_time":"2026-03-16T18:37:11+00:00","og_image":[{"width":1696,"height":2560,"url":"https:\/\/rendez-vous-store.com\/app\/uploads\/2025\/11\/291.webp","type":"image\/webp"}],"twitter_card":"summary_large_image","twitter_misc":{"Est. reading time":"2 minutes"},"schema":{"@context":"https:\/\/schema.org","@graph":[{"@type":"WebPage","@id":"https:\/\/rendez-vous-store.com\/shop\/rdvs-selection-discover-our-current-selection-rendez-vous-store\/rdvs-selection-men-rendez-vous-store-rendez-vous-store\/ancellm-anc-jk58-b-l-c-jacket-brown-rendez-vous-store\/","url":"https:\/\/rendez-vous-store.com\/shop\/rdvs-selection-discover-our-current-selection-rendez-vous-store\/rdvs-selection-men-rendez-vous-store-rendez-vous-store\/ancellm-anc-jk58-b-l-c-jacket-brown-rendez-vous-store\/","name":"Ancellm - ANC-JK58-B L\/C Jacket - Brown","isPartOf":{"@id":"https:\/\/rendez-vous-store.com\/#website"},"primaryImageOfPage":{"@id":"https:\/\/rendez-vous-store.com\/shop\/rdvs-selection-discover-our-current-selection-rendez-vous-store\/rdvs-selection-men-rendez-vous-store-rendez-vous-store\/ancellm-anc-jk58-b-l-c-jacket-brown-rendez-vous-store\/#primaryimage"},"image":{"@id":"https:\/\/rendez-vous-store.com\/shop\/rdvs-selection-discover-our-current-selection-rendez-vous-store\/rdvs-selection-men-rendez-vous-store-rendez-vous-store\/ancellm-anc-jk58-b-l-c-jacket-brown-rendez-vous-store\/#primaryimage"},"thumbnailUrl":"https:\/\/rendez-vous-store.com\/app\/uploads\/2025\/11\/291.webp","datePublished":"2025-11-07T13:46:40+00:00","dateModified":"2026-03-16T18:37:11+00:00","description":"Ancellm enhances each piece with layered cutting and processing techniques like this Ancellm - ANC-JK58-B L\/C Jacket - Brown. Discover now.","breadcrumb":{"@id":"https:\/\/rendez-vous-store.com\/shop\/rdvs-selection-discover-our-current-selection-rendez-vous-store\/rdvs-selection-men-rendez-vous-store-rendez-vous-store\/ancellm-anc-jk58-b-l-c-jacket-brown-rendez-vous-store\/#breadcrumb"},"inLanguage":"fr-FR","potentialAction":[{"@type":"ReadAction","target":["https:\/\/rendez-vous-store.com\/shop\/rdvs-selection-discover-our-current-selection-rendez-vous-store\/rdvs-selection-men-rendez-vous-store-rendez-vous-store\/ancellm-anc-jk58-b-l-c-jacket-brown-rendez-vous-store\/"]}]},{"@type":"ImageObject","inLanguage":"fr-FR","@id":"https:\/\/rendez-vous-store.com\/shop\/rdvs-selection-discover-our-current-selection-rendez-vous-store\/rdvs-selection-men-rendez-vous-store-rendez-vous-store\/ancellm-anc-jk58-b-l-c-jacket-brown-rendez-vous-store\/#primaryimage","url":"https:\/\/rendez-vous-store.com\/app\/uploads\/2025\/11\/291.webp","contentUrl":"https:\/\/rendez-vous-store.com\/app\/uploads\/2025\/11\/291.webp","width":1696,"height":2560},{"@type":"BreadcrumbList","@id":"https:\/\/rendez-vous-store.com\/shop\/rdvs-selection-discover-our-current-selection-rendez-vous-store\/rdvs-selection-men-rendez-vous-store-rendez-vous-store\/ancellm-anc-jk58-b-l-c-jacket-brown-rendez-vous-store\/#breadcrumb","itemListElement":[{"@type":"ListItem","position":1,"name":"Home","item":"https:\/\/rendez-vous-store.com\/"},{"@type":"ListItem","position":2,"name":"Shop","item":"https:\/\/www.rendez-vous-store.com\/shop\/"},{"@type":"ListItem","position":3,"name":"Ancellm &#8211; ANC-JK58-B L\/C Jacket &#8211; Brown"}]},{"@type":"WebSite","@id":"https:\/\/rendez-vous-store.com\/#website","url":"https:\/\/rendez-vous-store.com\/","name":"RENDEZ-VOUS STORE","description":"Slow Fashion for Women and Men","potentialAction":[{"@type":"SearchAction","target":{"@type":"EntryPoint","urlTemplate":"https:\/\/rendez-vous-store.com\/?s={search_term_string}"},"query-input":{"@type":"PropertyValueSpecification","valueRequired":true,"valueName":"search_term_string"}}],"inLanguage":"fr-FR"}]}},"_links":{"self":[{"href":"https:\/\/rendez-vous-store.com\/fr\/wp-json\/wp\/v2\/product\/222610","targetHints":{"allow":["GET"]}}],"collection":[{"href":"https:\/\/rendez-vous-store.com\/fr\/wp-json\/wp\/v2\/product"}],"about":[{"href":"https:\/\/rendez-vous-store.com\/fr\/wp-json\/wp\/v2\/types\/product"}],"wp:featuredmedia":[{"embeddable":true,"href":"https:\/\/rendez-vous-store.com\/fr\/wp-json\/wp\/v2\/media\/223402"}],"wp:attachment":[{"href":"https:\/\/rendez-vous-store.com\/fr\/wp-json\/wp\/v2\/media?parent=222610"}],"wp:term":[{"taxonomy":"product_brand","embeddable":true,"href":"https:\/\/rendez-vous-store.com\/fr\/wp-json\/wp\/v2\/product_brand?post=222610"},{"taxonomy":"product_cat","embeddable":true,"href":"https:\/\/rendez-vous-store.com\/fr\/wp-json\/wp\/v2\/product_cat?post=222610"},{"taxonomy":"product_tag","embeddable":true,"href":"https:\/\/rendez-vous-store.com\/fr\/wp-json\/wp\/v2\/product_tag?post=222610"}],"curies":[{"name":"wp","href":"https:\/\/api.w.org\/{rel}","templated":true}]}}