{"id":222051,"date":"2025-10-31T15:44:34","date_gmt":"2025-10-31T14:44:34","guid":{"rendered":"https:\/\/rendez-vous-store.com\/?post_type=product&#038;p=222051"},"modified":"2026-03-16T19:34:15","modified_gmt":"2026-03-16T18:34:15","slug":"comoli-sheepskin-a-2-jacket-c03-01029-brown-rendez-vous-store","status":"publish","type":"product","link":"https:\/\/rendez-vous-store.com\/fr\/shop\/men-selection-discover-our-selection-rendez-vous-store\/jackets-coats-discover-our-selection\/comoli-sheepskin-a-2-jacket-c03-01029-brown-rendez-vous-store\/","title":{"rendered":"Comoli &#8211; SHEEPSKIN A-2 JACKET C03-01029 &#8211; Brown"},"content":{"rendered":"<p><strong>Comoli &#8211; SHEEPSKIN A-2 JACKET C03-01029 &#8211; Brown<\/strong><\/p>\n<p>Couleur : Marron<\/p>\n<p>Relaxed and voluminous style<\/p>\n<p>Manches longues<\/p>\n<p>Col pointu<\/p>\n<p>Two front patch pockets with flap<\/p>\n<p>Poignets resserr\u00e9s<\/p>\n<p>Coutures visibles<\/p>\n<p>Composition: 100% Lamb Leather \/ Lining: 100% cotton \/ Rib: 62% Acrylic, 27% Wool, 10% Nylon, 1% Polyurethane<\/p>\n<p>Fabriqu\u00e9 au Japon<\/p>\n<p>Code: C03-01029<\/p>\n<p>&nbsp;<\/p>\n<p>&nbsp;<\/p>\n<p>&#8220;We created an A-2 jacket for the first time in a while.<br \/>\nWe believe the A-2 looks best in a deep brown, so the color remains the same as before.<br \/>\nWhen paired with a sweatshirt and sweatpants, it creates an effortless style while still maintaining the rugged, masculine feel of military wear.&#8221;<\/p>\n<p>&nbsp;<\/p>\n<p>&nbsp;<\/p>\n<p>&nbsp;<\/p>\n<p>&nbsp;<\/p>\n<p>&nbsp;<\/p>\n<p>&nbsp;<\/p>\n<p>&nbsp;<\/p>\n<p>&nbsp;<\/p>\n<h2 data-start=\"237\" data-end=\"253\"><\/h2>\n<p><strong>Le produit<\/strong><\/p>\n<p data-start=\"254\" data-end=\"876\">The Comoli \u2013 Sheepskin A-2 Jacket C03-01029 \u2013 Brown combines heritage aviation design with Comoli\u2019s refined minimalism. Its supple sheepskin feels soft, warm, and luxurious. Moreover, the rich brown tone adds depth and timeless elegance.<br data-start=\"495\" data-end=\"498\" \/>The classic A-2 silhouette offers structure while allowing natural movement. In addition, the ribbed cuffs and waistband provide comfort and a secure fit. You can layer it over shirts, knits, or tees, making it versatile across seasons.<br data-start=\"734\" data-end=\"737\" \/>Consequently, this jacket delivers functional style and understated sophistication. It remains practical, durable, and unmistakably Comoli.<\/p>\n<p>&nbsp;<\/p>\n<div class=\"flex-1 overflow-hidden\">\n<div class=\"react-scroll-to-bottom--css-azrec-79elbk h-full\">\n<div class=\"react-scroll-to-bottom--css-azrec-1n7m0yu\">\n<div class=\"flex flex-col text-sm pb-9\">\n<div class=\"w-full text-token-text-primary\" data-testid=\"conversation-turn-69\">\n<div class=\"px-4 py-2 justify-center text-base md:gap-6 m-auto\">\n<p data-start=\"855\" data-end=\"1692\"><a href=\"https:\/\/rendez-vous-store.com\/fr\/shop\/men-selection-discover-our-selection-rendez-vous-store\/knitwears-discover-our-selection-rendez-vous-store\/comoli-lambswool-crew-neck-knit-c03-06007-black\/\">Nous aimons le voir port\u00e9 avec<\/a><\/p>\n<p data-start=\"855\" data-end=\"1692\">\n<\/div>\n<\/div>\n<\/div>\n<\/div>\n<\/div>\n<\/div>\n<div class=\"flex-1 overflow-hidden\">\n<div class=\"react-scroll-to-bottom--css-azrec-79elbk h-full\">\n<div class=\"react-scroll-to-bottom--css-azrec-1n7m0yu\">\n<div class=\"flex flex-col text-sm pb-9\">\n<div class=\"w-full text-token-text-primary\" data-testid=\"conversation-turn-69\">\n<div class=\"px-4 py-2 justify-center text-base md:gap-6 m-auto\">\n<p data-start=\"855\" data-end=\"1692\"><strong>La marque<\/strong><\/p>\n<p data-start=\"855\" data-end=\"1692\">Comoli, fond\u00e9e par Keijiro Komori, incarne l'\u00e9l\u00e9gance intemporelle et la simplicit\u00e9 raffin\u00e9e de la mode japonaise. La marque privil\u00e9gie les lignes \u00e9pur\u00e9es, les silhouettes minimalistes et les tissus luxueux. De plus, chaque v\u00eatement est confectionn\u00e9 au Japon selon des techniques traditionnelles et avec des mati\u00e8res d'exception.<br data-start=\"1143\" data-end=\"1146\" \/>Ce d\u00e9vouement \u00e0 l'artisanat se traduit par des pi\u00e8ces qui donnent l'impression d'\u00eatre sans effort, chics et discr\u00e8tement sophistiqu\u00e9es. En outre, Comoli propose une large gamme de v\u00eatements pour hommes et femmes, notamment des v\u00eatements de tailleur, des tricots, des v\u00eatements d'ext\u00e9rieur et des articles essentiels d\u00e9contract\u00e9s.<br data-start=\"1393\" data-end=\"1396\" \/>La marque privil\u00e9gie \u00e9galement la durabilit\u00e9 gr\u00e2ce \u00e0 des mat\u00e9riaux responsables et une fabrication \u00e9thique. Par cons\u00e9quent, Comoli cr\u00e9e des v\u00eatements qui respectent \u00e0 la fois le porteur et l'environnement.<br data-start=\"1583\" data-end=\"1586\" \/>En cons\u00e9quence, la marque invite les individus \u00e0 exprimer leur style avec confiance, aisance et authenticit\u00e9.<\/p>\n<p data-start=\"855\" data-end=\"1692\">\n<\/div>\n<\/div>\n<\/div>\n<div class=\"flex flex-col text-sm pb-9\">\n<div class=\"w-full text-token-text-primary\" data-testid=\"conversation-turn-69\">\n<div class=\"px-4 py-2 justify-center text-base md:gap-6 m-auto\">\n<p data-start=\"855\" data-end=\"1692\"><strong>Les collections<\/strong><\/p>\n<p data-start=\"1720\" data-end=\"2365\">Les collections de Comoli sont ax\u00e9es sur le mouvement, le confort et l'expressivit\u00e9 des mati\u00e8res. Chaque saison affine des silhouettes famili\u00e8res tout en introduisant de subtiles variations de textures et de tons. En outre, la marque associe l'artisanat japonais traditionnel au design contemporain.<br data-start=\"1983\" data-end=\"1986\" \/>Les pi\u00e8ces restent polyvalentes, discr\u00e8tes et intemporelles, s'adaptant naturellement au quotidien. De plus, Comoli privil\u00e9gie des tissus qui vieillissent magnifiquement et r\u00e9v\u00e8lent du caract\u00e8re au fil du temps.<br data-start=\"2157\" data-end=\"2160\" \/>Par cons\u00e9quent, les collections proposent une garde-robe moderne ax\u00e9e sur la puret\u00e9, la fonctionnalit\u00e9 et une sophistication sans effort. Chaque article refl\u00e8te la qu\u00eate de la marque pour le confort, le savoir-faire et le luxe discret.<\/p>\n<p data-start=\"1720\" data-end=\"2365\">\n<\/div>\n<\/div>\n<\/div>\n<\/div>\n<div class=\"react-scroll-to-bottom--css-azrec-1n7m0yu\">\n<div class=\"flex flex-col text-sm pb-9\">\n<div class=\"w-full text-token-text-primary\" data-testid=\"conversation-turn-69\">\n<div class=\"px-4 py-2 justify-center text-base md:gap-6 m-auto\">\n<p data-start=\"1720\" data-end=\"2365\"><a href=\"https:\/\/www.instagram.com\/p\/DQrqpPSD7O7\/?hl=fr&amp;img_index=1\"><strong>Inspirez-vous de notre look COMOLI sur notre Instagram.\u00a0<\/strong><\/a><\/p>\n<\/div>\n<\/div>\n<\/div>\n<\/div>\n<\/div>\n<\/div>","protected":false},"excerpt":{"rendered":"<p>Comoli &#8211; SHEEPSKIN A-2 JACKET C03-01029 &#8211; Brown Color: Brown Relaxed and voluminous style Long sleeves Point collar Two front patch pockets with flap Tightened cuffs Visible seams Composition: 100% Lamb Leather \/ Lining: 100% cotton \/ Rib: 62% Acrylic, 27% Wool, 10% Nylon, 1% Polyurethane Made in Japan Code: C03-01029 &nbsp; &nbsp; &#8220;We created&hellip; <a class=\"more-link\" href=\"https:\/\/rendez-vous-store.com\/fr\/shop\/men-selection-discover-our-selection-rendez-vous-store\/jackets-coats-discover-our-selection\/comoli-sheepskin-a-2-jacket-c03-01029-brown-rendez-vous-store\/\">Continuer la lecture <span class=\"screen-reader-text\">Comoli &#8211; SHEEPSKIN A-2 JACKET C03-01029 &#8211; Brown<\/span><\/a><\/p>","protected":false},"featured_media":222552,"template":"","meta":{"_acf_changed":false},"product_brand":[],"product_cat":[20,1059,53],"product_tag":[424],"class_list":{"0":"post-222051","1":"product","2":"type-product","3":"status-publish","4":"has-post-thumbnail","6":"product_cat-men-selection-discover-our-selection-rendez-vous-store","7":"product_cat-new-men-rendez-vous-store","8":"product_cat-jackets-coats-discover-our-selection","9":"product_tag-comoli","10":"entry","12":"first","13":"outofstock","14":"taxable","15":"shipping-taxable","16":"product-type-variable"},"acf":[],"yoast_head":"<!-- This site is optimized with the Yoast SEO plugin v24.9 - https:\/\/yoast.com\/wordpress\/plugins\/seo\/ -->\n<title>Comoli - SHEEPSKIN A-2 JACKET C03-01029 - Brown<\/title>\n<meta name=\"description\" content=\"Comoli is on Rendez-vous Store. This Comoli - Jacket C03-01029 - Brown is designed for everyday wear with an emphasis on fabric texture and weight.\" \/>\n<meta name=\"robots\" content=\"index, follow, max-snippet:-1, max-image-preview:large, max-video-preview:-1\" \/>\n<link rel=\"canonical\" href=\"https:\/\/rendez-vous-store.com\/fr\/shop\/men-selection-discover-our-selection-rendez-vous-store\/jackets-coats-discover-our-selection\/comoli-sheepskin-a-2-jacket-c03-01029-brown-rendez-vous-store\/\" \/>\n<meta property=\"og:locale\" content=\"fr_FR\" \/>\n<meta property=\"og:type\" content=\"article\" \/>\n<meta property=\"og:title\" content=\"Comoli - SHEEPSKIN A-2 JACKET C03-01029 - Brown\" \/>\n<meta property=\"og:description\" content=\"Comoli is on Rendez-vous Store. This Comoli - Jacket C03-01029 - Brown is designed for everyday wear with an emphasis on fabric texture and weight.\" \/>\n<meta property=\"og:url\" content=\"https:\/\/rendez-vous-store.com\/fr\/shop\/men-selection-discover-our-selection-rendez-vous-store\/jackets-coats-discover-our-selection\/comoli-sheepskin-a-2-jacket-c03-01029-brown-rendez-vous-store\/\" \/>\n<meta property=\"og:site_name\" content=\"RENDEZ-VOUS STORE\" \/>\n<meta property=\"article:modified_time\" content=\"2026-03-16T18:34:15+00:00\" \/>\n<meta property=\"og:image\" content=\"https:\/\/rendez-vous-store.com\/app\/uploads\/2025\/11\/231.webp\" \/>\n\t<meta property=\"og:image:width\" content=\"1696\" \/>\n\t<meta property=\"og:image:height\" content=\"2560\" \/>\n\t<meta property=\"og:image:type\" content=\"image\/webp\" \/>\n<meta name=\"twitter:card\" content=\"summary_large_image\" \/>\n<meta name=\"twitter:label1\" content=\"Est. reading time\" \/>\n\t<meta name=\"twitter:data1\" content=\"2 minutes\" \/>\n<script type=\"application\/ld+json\" class=\"yoast-schema-graph\">{\"@context\":\"https:\/\/schema.org\",\"@graph\":[{\"@type\":\"WebPage\",\"@id\":\"https:\/\/rendez-vous-store.com\/shop\/men-selection-discover-our-selection-rendez-vous-store\/jackets-coats-discover-our-selection\/comoli-sheepskin-a-2-jacket-c03-01029-brown-rendez-vous-store\/\",\"url\":\"https:\/\/rendez-vous-store.com\/shop\/men-selection-discover-our-selection-rendez-vous-store\/jackets-coats-discover-our-selection\/comoli-sheepskin-a-2-jacket-c03-01029-brown-rendez-vous-store\/\",\"name\":\"Comoli - SHEEPSKIN A-2 JACKET C03-01029 - Brown\",\"isPartOf\":{\"@id\":\"https:\/\/rendez-vous-store.com\/#website\"},\"primaryImageOfPage\":{\"@id\":\"https:\/\/rendez-vous-store.com\/shop\/men-selection-discover-our-selection-rendez-vous-store\/jackets-coats-discover-our-selection\/comoli-sheepskin-a-2-jacket-c03-01029-brown-rendez-vous-store\/#primaryimage\"},\"image\":{\"@id\":\"https:\/\/rendez-vous-store.com\/shop\/men-selection-discover-our-selection-rendez-vous-store\/jackets-coats-discover-our-selection\/comoli-sheepskin-a-2-jacket-c03-01029-brown-rendez-vous-store\/#primaryimage\"},\"thumbnailUrl\":\"https:\/\/rendez-vous-store.com\/app\/uploads\/2025\/11\/231.webp\",\"datePublished\":\"2025-10-31T14:44:34+00:00\",\"dateModified\":\"2026-03-16T18:34:15+00:00\",\"description\":\"Comoli is on Rendez-vous Store. This Comoli - Jacket C03-01029 - Brown is designed for everyday wear with an emphasis on fabric texture and weight.\",\"breadcrumb\":{\"@id\":\"https:\/\/rendez-vous-store.com\/shop\/men-selection-discover-our-selection-rendez-vous-store\/jackets-coats-discover-our-selection\/comoli-sheepskin-a-2-jacket-c03-01029-brown-rendez-vous-store\/#breadcrumb\"},\"inLanguage\":\"fr-FR\",\"potentialAction\":[{\"@type\":\"ReadAction\",\"target\":[\"https:\/\/rendez-vous-store.com\/shop\/men-selection-discover-our-selection-rendez-vous-store\/jackets-coats-discover-our-selection\/comoli-sheepskin-a-2-jacket-c03-01029-brown-rendez-vous-store\/\"]}]},{\"@type\":\"ImageObject\",\"inLanguage\":\"fr-FR\",\"@id\":\"https:\/\/rendez-vous-store.com\/shop\/men-selection-discover-our-selection-rendez-vous-store\/jackets-coats-discover-our-selection\/comoli-sheepskin-a-2-jacket-c03-01029-brown-rendez-vous-store\/#primaryimage\",\"url\":\"https:\/\/rendez-vous-store.com\/app\/uploads\/2025\/11\/231.webp\",\"contentUrl\":\"https:\/\/rendez-vous-store.com\/app\/uploads\/2025\/11\/231.webp\",\"width\":1696,\"height\":2560},{\"@type\":\"BreadcrumbList\",\"@id\":\"https:\/\/rendez-vous-store.com\/shop\/men-selection-discover-our-selection-rendez-vous-store\/jackets-coats-discover-our-selection\/comoli-sheepskin-a-2-jacket-c03-01029-brown-rendez-vous-store\/#breadcrumb\",\"itemListElement\":[{\"@type\":\"ListItem\",\"position\":1,\"name\":\"Home\",\"item\":\"https:\/\/rendez-vous-store.com\/\"},{\"@type\":\"ListItem\",\"position\":2,\"name\":\"Shop\",\"item\":\"https:\/\/www.rendez-vous-store.com\/shop\/\"},{\"@type\":\"ListItem\",\"position\":3,\"name\":\"Comoli &#8211; SHEEPSKIN A-2 JACKET C03-01029 &#8211; Brown\"}]},{\"@type\":\"WebSite\",\"@id\":\"https:\/\/rendez-vous-store.com\/#website\",\"url\":\"https:\/\/rendez-vous-store.com\/\",\"name\":\"RENDEZ-VOUS STORE\",\"description\":\"Slow Fashion for Women and Men\",\"potentialAction\":[{\"@type\":\"SearchAction\",\"target\":{\"@type\":\"EntryPoint\",\"urlTemplate\":\"https:\/\/rendez-vous-store.com\/?s={search_term_string}\"},\"query-input\":{\"@type\":\"PropertyValueSpecification\",\"valueRequired\":true,\"valueName\":\"search_term_string\"}}],\"inLanguage\":\"fr-FR\"}]}<\/script>\n<!-- \/ Yoast SEO plugin. -->","yoast_head_json":{"title":"Comoli - SHEEPSKIN A-2 JACKET C03-01029 - Brown","description":"Comoli is on Rendez-vous Store. This Comoli - Jacket C03-01029 - Brown is designed for everyday wear with an emphasis on fabric texture and weight.","robots":{"index":"index","follow":"follow","max-snippet":"max-snippet:-1","max-image-preview":"max-image-preview:large","max-video-preview":"max-video-preview:-1"},"canonical":"https:\/\/rendez-vous-store.com\/fr\/shop\/men-selection-discover-our-selection-rendez-vous-store\/jackets-coats-discover-our-selection\/comoli-sheepskin-a-2-jacket-c03-01029-brown-rendez-vous-store\/","og_locale":"fr_FR","og_type":"article","og_title":"Comoli - SHEEPSKIN A-2 JACKET C03-01029 - Brown","og_description":"Comoli is on Rendez-vous Store. This Comoli - Jacket C03-01029 - Brown is designed for everyday wear with an emphasis on fabric texture and weight.","og_url":"https:\/\/rendez-vous-store.com\/fr\/shop\/men-selection-discover-our-selection-rendez-vous-store\/jackets-coats-discover-our-selection\/comoli-sheepskin-a-2-jacket-c03-01029-brown-rendez-vous-store\/","og_site_name":"RENDEZ-VOUS STORE","article_modified_time":"2026-03-16T18:34:15+00:00","og_image":[{"width":1696,"height":2560,"url":"https:\/\/rendez-vous-store.com\/app\/uploads\/2025\/11\/231.webp","type":"image\/webp"}],"twitter_card":"summary_large_image","twitter_misc":{"Est. reading time":"2 minutes"},"schema":{"@context":"https:\/\/schema.org","@graph":[{"@type":"WebPage","@id":"https:\/\/rendez-vous-store.com\/shop\/men-selection-discover-our-selection-rendez-vous-store\/jackets-coats-discover-our-selection\/comoli-sheepskin-a-2-jacket-c03-01029-brown-rendez-vous-store\/","url":"https:\/\/rendez-vous-store.com\/shop\/men-selection-discover-our-selection-rendez-vous-store\/jackets-coats-discover-our-selection\/comoli-sheepskin-a-2-jacket-c03-01029-brown-rendez-vous-store\/","name":"Comoli - SHEEPSKIN A-2 JACKET C03-01029 - Brown","isPartOf":{"@id":"https:\/\/rendez-vous-store.com\/#website"},"primaryImageOfPage":{"@id":"https:\/\/rendez-vous-store.com\/shop\/men-selection-discover-our-selection-rendez-vous-store\/jackets-coats-discover-our-selection\/comoli-sheepskin-a-2-jacket-c03-01029-brown-rendez-vous-store\/#primaryimage"},"image":{"@id":"https:\/\/rendez-vous-store.com\/shop\/men-selection-discover-our-selection-rendez-vous-store\/jackets-coats-discover-our-selection\/comoli-sheepskin-a-2-jacket-c03-01029-brown-rendez-vous-store\/#primaryimage"},"thumbnailUrl":"https:\/\/rendez-vous-store.com\/app\/uploads\/2025\/11\/231.webp","datePublished":"2025-10-31T14:44:34+00:00","dateModified":"2026-03-16T18:34:15+00:00","description":"Comoli is on Rendez-vous Store. This Comoli - Jacket C03-01029 - Brown is designed for everyday wear with an emphasis on fabric texture and weight.","breadcrumb":{"@id":"https:\/\/rendez-vous-store.com\/shop\/men-selection-discover-our-selection-rendez-vous-store\/jackets-coats-discover-our-selection\/comoli-sheepskin-a-2-jacket-c03-01029-brown-rendez-vous-store\/#breadcrumb"},"inLanguage":"fr-FR","potentialAction":[{"@type":"ReadAction","target":["https:\/\/rendez-vous-store.com\/shop\/men-selection-discover-our-selection-rendez-vous-store\/jackets-coats-discover-our-selection\/comoli-sheepskin-a-2-jacket-c03-01029-brown-rendez-vous-store\/"]}]},{"@type":"ImageObject","inLanguage":"fr-FR","@id":"https:\/\/rendez-vous-store.com\/shop\/men-selection-discover-our-selection-rendez-vous-store\/jackets-coats-discover-our-selection\/comoli-sheepskin-a-2-jacket-c03-01029-brown-rendez-vous-store\/#primaryimage","url":"https:\/\/rendez-vous-store.com\/app\/uploads\/2025\/11\/231.webp","contentUrl":"https:\/\/rendez-vous-store.com\/app\/uploads\/2025\/11\/231.webp","width":1696,"height":2560},{"@type":"BreadcrumbList","@id":"https:\/\/rendez-vous-store.com\/shop\/men-selection-discover-our-selection-rendez-vous-store\/jackets-coats-discover-our-selection\/comoli-sheepskin-a-2-jacket-c03-01029-brown-rendez-vous-store\/#breadcrumb","itemListElement":[{"@type":"ListItem","position":1,"name":"Home","item":"https:\/\/rendez-vous-store.com\/"},{"@type":"ListItem","position":2,"name":"Shop","item":"https:\/\/www.rendez-vous-store.com\/shop\/"},{"@type":"ListItem","position":3,"name":"Comoli &#8211; SHEEPSKIN A-2 JACKET C03-01029 &#8211; Brown"}]},{"@type":"WebSite","@id":"https:\/\/rendez-vous-store.com\/#website","url":"https:\/\/rendez-vous-store.com\/","name":"RENDEZ-VOUS STORE","description":"Slow Fashion for Women and Men","potentialAction":[{"@type":"SearchAction","target":{"@type":"EntryPoint","urlTemplate":"https:\/\/rendez-vous-store.com\/?s={search_term_string}"},"query-input":{"@type":"PropertyValueSpecification","valueRequired":true,"valueName":"search_term_string"}}],"inLanguage":"fr-FR"}]}},"_links":{"self":[{"href":"https:\/\/rendez-vous-store.com\/fr\/wp-json\/wp\/v2\/product\/222051","targetHints":{"allow":["GET"]}}],"collection":[{"href":"https:\/\/rendez-vous-store.com\/fr\/wp-json\/wp\/v2\/product"}],"about":[{"href":"https:\/\/rendez-vous-store.com\/fr\/wp-json\/wp\/v2\/types\/product"}],"wp:featuredmedia":[{"embeddable":true,"href":"https:\/\/rendez-vous-store.com\/fr\/wp-json\/wp\/v2\/media\/222552"}],"wp:attachment":[{"href":"https:\/\/rendez-vous-store.com\/fr\/wp-json\/wp\/v2\/media?parent=222051"}],"wp:term":[{"taxonomy":"product_brand","embeddable":true,"href":"https:\/\/rendez-vous-store.com\/fr\/wp-json\/wp\/v2\/product_brand?post=222051"},{"taxonomy":"product_cat","embeddable":true,"href":"https:\/\/rendez-vous-store.com\/fr\/wp-json\/wp\/v2\/product_cat?post=222051"},{"taxonomy":"product_tag","embeddable":true,"href":"https:\/\/rendez-vous-store.com\/fr\/wp-json\/wp\/v2\/product_tag?post=222051"}],"curies":[{"name":"wp","href":"https:\/\/api.w.org\/{rel}","templated":true}]}}