{"id":221992,"date":"2025-10-31T15:43:37","date_gmt":"2025-10-31T14:43:37","guid":{"rendered":"https:\/\/rendez-vous-store.com\/?post_type=product&#038;p=221992"},"modified":"2026-03-16T19:34:28","modified_gmt":"2026-03-16T18:34:28","slug":"comoli-lambswool-crew-neck-knit-c03-06007-black-rendez-vous-store","status":"publish","type":"product","link":"https:\/\/rendez-vous-store.com\/fr\/shop\/men-selection-discover-our-selection-rendez-vous-store\/knitwears-discover-our-selection-rendez-vous-store\/comoli-lambswool-crew-neck-knit-c03-06007-black-rendez-vous-store\/","title":{"rendered":"Comoli &#8211; LAMBSWOOL CREW NECK KNIT C03-06007 &#8211; Black"},"content":{"rendered":"<p><strong>Comoli &#8211; LAMBSWOOL CREW NECK KNIT C03-06007 &#8211; Black<\/strong><\/p>\n<p>Couleur : Noir<\/p>\n<p>Style d\u00e9contract\u00e9<\/p>\n<p>Manches longues<\/p>\n<p>\u00c9paules tombantes<\/p>\n<p>Col rond<\/p>\n<p>Visible stitching at the waist, cuffs, and collar<\/p>\n<p>Poignets resserr\u00e9s<\/p>\n<p>Composition : 100% Laine<\/p>\n<p>Fabriqu\u00e9 au Japon<\/p>\n<p>Code: C03-06007<\/p>\n<p>&nbsp;<\/p>\n<p>This lambswool crew neck knit, a carry over item, embodies the classic, traditional feel of lambswool.<br \/>\nAs expected from this material, pilling naturally develops with wear, giving it the timeless character of an old-school knit.<\/p>\n<p>&nbsp;<\/p>\n<p>&nbsp;<\/p>\n<p>&nbsp;<\/p>\n<h2 data-start=\"191\" data-end=\"207\"><\/h2>\n<p>&nbsp;<\/p>\n<p><strong>Le produit<\/strong><\/p>\n<p data-start=\"208\" data-end=\"874\">The Comoli \u2013 Lambswool Crew Neck Knit C03-06007 \u2013 Black blends timeless design with luxurious comfort. Its soft lambswool fabric provides warmth while remaining lightweight and breathable. Moreover, the deep black hue adds versatility and understated elegance.<br data-start=\"472\" data-end=\"475\" \/>The classic crew neck silhouette offers a clean, minimalist line, making it easy to layer or wear alone. In addition, the fine knit ensures a smooth, refined texture and a comfortable fit. You can pair it with shirts, trousers, or outerwear for versatile styling.<br data-start=\"738\" data-end=\"741\" \/>Consequently, this knit elevates everyday outfits with subtle sophistication. It remains practical, refined, and unmistakably Comoli.<\/p>\n<p>&nbsp;<\/p>\n<p>&nbsp;<\/p>\n<p>&nbsp;<\/p>\n<p>&nbsp;<\/p>\n<div class=\"flex-1 overflow-hidden\">\n<div class=\"react-scroll-to-bottom--css-azrec-79elbk h-full\">\n<div class=\"react-scroll-to-bottom--css-azrec-1n7m0yu\">\n<div class=\"flex flex-col text-sm pb-9\">\n<p data-start=\"855\" data-end=\"1692\"><a href=\"https:\/\/rendez-vous-store.com\/fr\/shop\/men-selection-discover-our-selection-rendez-vous-store\/jackets-coats-discover-our-selection\/comoli-cotton-nylon-military-hooded-coat-c03-04010-black\/\">Nous aimons le voir port\u00e9 avec<\/a><\/p>\n<p data-start=\"855\" data-end=\"1692\">\n<p data-start=\"855\" data-end=\"1692\">\n<p data-start=\"855\" data-end=\"1692\">\n<p data-start=\"855\" data-end=\"1692\"><strong>La marque<\/strong><\/p>\n<p data-start=\"855\" data-end=\"1692\">Comoli, fond\u00e9e par Keijiro Komori, incarne l'\u00e9l\u00e9gance intemporelle et la simplicit\u00e9 raffin\u00e9e de la mode japonaise. La marque privil\u00e9gie les lignes \u00e9pur\u00e9es, les silhouettes minimalistes et les tissus luxueux. De plus, chaque v\u00eatement est confectionn\u00e9 au Japon selon des techniques traditionnelles et avec des mati\u00e8res d'exception.<br data-start=\"1143\" data-end=\"1146\" \/>Ce d\u00e9vouement \u00e0 l'artisanat se traduit par des pi\u00e8ces qui donnent l'impression d'\u00eatre sans effort, chics et discr\u00e8tement sophistiqu\u00e9es. En outre, Comoli propose une large gamme de v\u00eatements pour hommes et femmes, notamment des v\u00eatements de tailleur, des tricots, des v\u00eatements d'ext\u00e9rieur et des articles essentiels d\u00e9contract\u00e9s.<br data-start=\"1393\" data-end=\"1396\" \/>La marque privil\u00e9gie \u00e9galement la durabilit\u00e9 gr\u00e2ce \u00e0 des mat\u00e9riaux responsables et une fabrication \u00e9thique. Par cons\u00e9quent, Comoli cr\u00e9e des v\u00eatements qui respectent \u00e0 la fois le porteur et l'environnement.<br data-start=\"1583\" data-end=\"1586\" \/>En cons\u00e9quence, la marque invite les individus \u00e0 exprimer leur style avec confiance, aisance et authenticit\u00e9.<\/p>\n<p data-start=\"855\" data-end=\"1692\">\n<p data-start=\"855\" data-end=\"1692\">\n<p data-start=\"855\" data-end=\"1692\">\n<p data-start=\"855\" data-end=\"1692\">\n<p data-start=\"855\" data-end=\"1692\"><strong>Les collections<\/strong><\/p>\n<p data-start=\"1720\" data-end=\"2365\">Les collections de Comoli sont ax\u00e9es sur le mouvement, le confort et l'expressivit\u00e9 des mati\u00e8res. Chaque saison affine des silhouettes famili\u00e8res tout en introduisant de subtiles variations de textures et de tons. En outre, la marque associe l'artisanat japonais traditionnel au design contemporain.<br data-start=\"1983\" data-end=\"1986\" \/>Les pi\u00e8ces restent polyvalentes, discr\u00e8tes et intemporelles, s'adaptant naturellement au quotidien. De plus, Comoli privil\u00e9gie des tissus qui vieillissent magnifiquement et r\u00e9v\u00e8lent du caract\u00e8re au fil du temps.<br data-start=\"2157\" data-end=\"2160\" \/>Par cons\u00e9quent, les collections proposent une garde-robe moderne ax\u00e9e sur la puret\u00e9, la fonctionnalit\u00e9 et une sophistication sans effort. Chaque article refl\u00e8te la qu\u00eate de la marque pour le confort, le savoir-faire et le luxe discret.<\/p>\n<p data-start=\"1720\" data-end=\"2365\">\n<p data-start=\"1720\" data-end=\"2365\">\n<p data-start=\"1720\" data-end=\"2365\">\n<p data-start=\"1720\" data-end=\"2365\"><a href=\"https:\/\/www.instagram.com\/p\/DQrqpPSD7O7\/?hl=fr&amp;img_index=1\"><strong>Inspirez-vous de notre look COMOLI sur notre Instagram.\u00a0<\/strong><\/a><\/p>\n<\/div>\n<\/div>\n<\/div>\n<\/div>","protected":false},"excerpt":{"rendered":"<p>Comoli &#8211; LAMBSWOOL CREW NECK KNIT C03-06007 &#8211; Black Color: Black Relaxed style Long sleeves Dropped shoulders Round collar Visible stitching at the waist, cuffs, and collar Tightened cuffs Composition: 100% Wool Made in Japan Code: C03-06007 &nbsp; This lambswool crew neck knit, a carry over item, embodies the classic, traditional feel of lambswool. As&hellip; <a class=\"more-link\" href=\"https:\/\/rendez-vous-store.com\/fr\/shop\/men-selection-discover-our-selection-rendez-vous-store\/knitwears-discover-our-selection-rendez-vous-store\/comoli-lambswool-crew-neck-knit-c03-06007-black-rendez-vous-store\/\">Continuer la lecture <span class=\"screen-reader-text\">Comoli &#8211; LAMBSWOOL CREW NECK KNIT C03-06007 &#8211; Black<\/span><\/a><\/p>","protected":false},"featured_media":222368,"template":"","meta":{"_acf_changed":false},"product_brand":[],"product_cat":[20,1059,291],"product_tag":[424],"class_list":{"0":"post-221992","1":"product","2":"type-product","3":"status-publish","4":"has-post-thumbnail","6":"product_cat-men-selection-discover-our-selection-rendez-vous-store","7":"product_cat-new-men-rendez-vous-store","8":"product_cat-knitwears-discover-our-selection-rendez-vous-store","9":"product_tag-comoli","10":"entry","12":"first","13":"outofstock","14":"taxable","15":"shipping-taxable","16":"product-type-variable"},"acf":[],"yoast_head":"<!-- This site is optimized with the Yoast SEO plugin v24.9 - https:\/\/yoast.com\/wordpress\/plugins\/seo\/ -->\n<title>Comoli - LAMBSWOOL CREW NECK KNIT C03-06007 - Black<\/title>\n<meta name=\"description\" content=\"This Comoli - LAMBSWOOL CREW NECK KNIT C03-06007 - Black is designed for everyday wear with an emphasis on fabric texture and weight.\" \/>\n<meta name=\"robots\" content=\"index, follow, max-snippet:-1, max-image-preview:large, max-video-preview:-1\" \/>\n<link rel=\"canonical\" href=\"https:\/\/rendez-vous-store.com\/fr\/shop\/men-selection-discover-our-selection-rendez-vous-store\/knitwears-discover-our-selection-rendez-vous-store\/comoli-lambswool-crew-neck-knit-c03-06007-black-rendez-vous-store\/\" \/>\n<meta property=\"og:locale\" content=\"fr_FR\" \/>\n<meta property=\"og:type\" content=\"article\" \/>\n<meta property=\"og:title\" content=\"Comoli - LAMBSWOOL CREW NECK KNIT C03-06007 - Black\" \/>\n<meta property=\"og:description\" content=\"This Comoli - LAMBSWOOL CREW NECK KNIT C03-06007 - Black is designed for everyday wear with an emphasis on fabric texture and weight.\" \/>\n<meta property=\"og:url\" content=\"https:\/\/rendez-vous-store.com\/fr\/shop\/men-selection-discover-our-selection-rendez-vous-store\/knitwears-discover-our-selection-rendez-vous-store\/comoli-lambswool-crew-neck-knit-c03-06007-black-rendez-vous-store\/\" \/>\n<meta property=\"og:site_name\" content=\"RENDEZ-VOUS STORE\" \/>\n<meta property=\"article:modified_time\" content=\"2026-03-16T18:34:28+00:00\" \/>\n<meta property=\"og:image\" content=\"https:\/\/rendez-vous-store.com\/app\/uploads\/2025\/10\/IMG_2924-min-scaled.webp\" \/>\n\t<meta property=\"og:image:width\" content=\"1707\" \/>\n\t<meta property=\"og:image:height\" content=\"2560\" \/>\n\t<meta property=\"og:image:type\" content=\"image\/webp\" \/>\n<meta name=\"twitter:card\" content=\"summary_large_image\" \/>\n<meta name=\"twitter:label1\" content=\"Est. reading time\" \/>\n\t<meta name=\"twitter:data1\" content=\"2 minutes\" \/>\n<script type=\"application\/ld+json\" class=\"yoast-schema-graph\">{\"@context\":\"https:\/\/schema.org\",\"@graph\":[{\"@type\":\"WebPage\",\"@id\":\"https:\/\/rendez-vous-store.com\/shop\/men-selection-discover-our-selection-rendez-vous-store\/knitwears-discover-our-selection-rendez-vous-store\/comoli-lambswool-crew-neck-knit-c03-06007-black-rendez-vous-store\/\",\"url\":\"https:\/\/rendez-vous-store.com\/shop\/men-selection-discover-our-selection-rendez-vous-store\/knitwears-discover-our-selection-rendez-vous-store\/comoli-lambswool-crew-neck-knit-c03-06007-black-rendez-vous-store\/\",\"name\":\"Comoli - LAMBSWOOL CREW NECK KNIT C03-06007 - Black\",\"isPartOf\":{\"@id\":\"https:\/\/rendez-vous-store.com\/#website\"},\"primaryImageOfPage\":{\"@id\":\"https:\/\/rendez-vous-store.com\/shop\/men-selection-discover-our-selection-rendez-vous-store\/knitwears-discover-our-selection-rendez-vous-store\/comoli-lambswool-crew-neck-knit-c03-06007-black-rendez-vous-store\/#primaryimage\"},\"image\":{\"@id\":\"https:\/\/rendez-vous-store.com\/shop\/men-selection-discover-our-selection-rendez-vous-store\/knitwears-discover-our-selection-rendez-vous-store\/comoli-lambswool-crew-neck-knit-c03-06007-black-rendez-vous-store\/#primaryimage\"},\"thumbnailUrl\":\"https:\/\/rendez-vous-store.com\/app\/uploads\/2025\/10\/IMG_2924-min-scaled.webp\",\"datePublished\":\"2025-10-31T14:43:37+00:00\",\"dateModified\":\"2026-03-16T18:34:28+00:00\",\"description\":\"This Comoli - LAMBSWOOL CREW NECK KNIT C03-06007 - Black is designed for everyday wear with an emphasis on fabric texture and weight.\",\"breadcrumb\":{\"@id\":\"https:\/\/rendez-vous-store.com\/shop\/men-selection-discover-our-selection-rendez-vous-store\/knitwears-discover-our-selection-rendez-vous-store\/comoli-lambswool-crew-neck-knit-c03-06007-black-rendez-vous-store\/#breadcrumb\"},\"inLanguage\":\"fr-FR\",\"potentialAction\":[{\"@type\":\"ReadAction\",\"target\":[\"https:\/\/rendez-vous-store.com\/shop\/men-selection-discover-our-selection-rendez-vous-store\/knitwears-discover-our-selection-rendez-vous-store\/comoli-lambswool-crew-neck-knit-c03-06007-black-rendez-vous-store\/\"]}]},{\"@type\":\"ImageObject\",\"inLanguage\":\"fr-FR\",\"@id\":\"https:\/\/rendez-vous-store.com\/shop\/men-selection-discover-our-selection-rendez-vous-store\/knitwears-discover-our-selection-rendez-vous-store\/comoli-lambswool-crew-neck-knit-c03-06007-black-rendez-vous-store\/#primaryimage\",\"url\":\"https:\/\/rendez-vous-store.com\/app\/uploads\/2025\/10\/IMG_2924-min-scaled.webp\",\"contentUrl\":\"https:\/\/rendez-vous-store.com\/app\/uploads\/2025\/10\/IMG_2924-min-scaled.webp\",\"width\":1707,\"height\":2560},{\"@type\":\"BreadcrumbList\",\"@id\":\"https:\/\/rendez-vous-store.com\/shop\/men-selection-discover-our-selection-rendez-vous-store\/knitwears-discover-our-selection-rendez-vous-store\/comoli-lambswool-crew-neck-knit-c03-06007-black-rendez-vous-store\/#breadcrumb\",\"itemListElement\":[{\"@type\":\"ListItem\",\"position\":1,\"name\":\"Home\",\"item\":\"https:\/\/rendez-vous-store.com\/\"},{\"@type\":\"ListItem\",\"position\":2,\"name\":\"Shop\",\"item\":\"https:\/\/www.rendez-vous-store.com\/shop\/\"},{\"@type\":\"ListItem\",\"position\":3,\"name\":\"Comoli &#8211; LAMBSWOOL CREW NECK KNIT C03-06007 &#8211; Black\"}]},{\"@type\":\"WebSite\",\"@id\":\"https:\/\/rendez-vous-store.com\/#website\",\"url\":\"https:\/\/rendez-vous-store.com\/\",\"name\":\"RENDEZ-VOUS STORE\",\"description\":\"Slow Fashion for Women and Men\",\"potentialAction\":[{\"@type\":\"SearchAction\",\"target\":{\"@type\":\"EntryPoint\",\"urlTemplate\":\"https:\/\/rendez-vous-store.com\/?s={search_term_string}\"},\"query-input\":{\"@type\":\"PropertyValueSpecification\",\"valueRequired\":true,\"valueName\":\"search_term_string\"}}],\"inLanguage\":\"fr-FR\"}]}<\/script>\n<!-- \/ Yoast SEO plugin. -->","yoast_head_json":{"title":"Comoli - LAMBSWOOL CREW NECK KNIT C03-06007 - Black","description":"This Comoli - LAMBSWOOL CREW NECK KNIT C03-06007 - Black is designed for everyday wear with an emphasis on fabric texture and weight.","robots":{"index":"index","follow":"follow","max-snippet":"max-snippet:-1","max-image-preview":"max-image-preview:large","max-video-preview":"max-video-preview:-1"},"canonical":"https:\/\/rendez-vous-store.com\/fr\/shop\/men-selection-discover-our-selection-rendez-vous-store\/knitwears-discover-our-selection-rendez-vous-store\/comoli-lambswool-crew-neck-knit-c03-06007-black-rendez-vous-store\/","og_locale":"fr_FR","og_type":"article","og_title":"Comoli - LAMBSWOOL CREW NECK KNIT C03-06007 - Black","og_description":"This Comoli - LAMBSWOOL CREW NECK KNIT C03-06007 - Black is designed for everyday wear with an emphasis on fabric texture and weight.","og_url":"https:\/\/rendez-vous-store.com\/fr\/shop\/men-selection-discover-our-selection-rendez-vous-store\/knitwears-discover-our-selection-rendez-vous-store\/comoli-lambswool-crew-neck-knit-c03-06007-black-rendez-vous-store\/","og_site_name":"RENDEZ-VOUS STORE","article_modified_time":"2026-03-16T18:34:28+00:00","og_image":[{"width":1707,"height":2560,"url":"https:\/\/rendez-vous-store.com\/app\/uploads\/2025\/10\/IMG_2924-min-scaled.webp","type":"image\/webp"}],"twitter_card":"summary_large_image","twitter_misc":{"Est. reading time":"2 minutes"},"schema":{"@context":"https:\/\/schema.org","@graph":[{"@type":"WebPage","@id":"https:\/\/rendez-vous-store.com\/shop\/men-selection-discover-our-selection-rendez-vous-store\/knitwears-discover-our-selection-rendez-vous-store\/comoli-lambswool-crew-neck-knit-c03-06007-black-rendez-vous-store\/","url":"https:\/\/rendez-vous-store.com\/shop\/men-selection-discover-our-selection-rendez-vous-store\/knitwears-discover-our-selection-rendez-vous-store\/comoli-lambswool-crew-neck-knit-c03-06007-black-rendez-vous-store\/","name":"Comoli - LAMBSWOOL CREW NECK KNIT C03-06007 - Black","isPartOf":{"@id":"https:\/\/rendez-vous-store.com\/#website"},"primaryImageOfPage":{"@id":"https:\/\/rendez-vous-store.com\/shop\/men-selection-discover-our-selection-rendez-vous-store\/knitwears-discover-our-selection-rendez-vous-store\/comoli-lambswool-crew-neck-knit-c03-06007-black-rendez-vous-store\/#primaryimage"},"image":{"@id":"https:\/\/rendez-vous-store.com\/shop\/men-selection-discover-our-selection-rendez-vous-store\/knitwears-discover-our-selection-rendez-vous-store\/comoli-lambswool-crew-neck-knit-c03-06007-black-rendez-vous-store\/#primaryimage"},"thumbnailUrl":"https:\/\/rendez-vous-store.com\/app\/uploads\/2025\/10\/IMG_2924-min-scaled.webp","datePublished":"2025-10-31T14:43:37+00:00","dateModified":"2026-03-16T18:34:28+00:00","description":"This Comoli - LAMBSWOOL CREW NECK KNIT C03-06007 - Black is designed for everyday wear with an emphasis on fabric texture and weight.","breadcrumb":{"@id":"https:\/\/rendez-vous-store.com\/shop\/men-selection-discover-our-selection-rendez-vous-store\/knitwears-discover-our-selection-rendez-vous-store\/comoli-lambswool-crew-neck-knit-c03-06007-black-rendez-vous-store\/#breadcrumb"},"inLanguage":"fr-FR","potentialAction":[{"@type":"ReadAction","target":["https:\/\/rendez-vous-store.com\/shop\/men-selection-discover-our-selection-rendez-vous-store\/knitwears-discover-our-selection-rendez-vous-store\/comoli-lambswool-crew-neck-knit-c03-06007-black-rendez-vous-store\/"]}]},{"@type":"ImageObject","inLanguage":"fr-FR","@id":"https:\/\/rendez-vous-store.com\/shop\/men-selection-discover-our-selection-rendez-vous-store\/knitwears-discover-our-selection-rendez-vous-store\/comoli-lambswool-crew-neck-knit-c03-06007-black-rendez-vous-store\/#primaryimage","url":"https:\/\/rendez-vous-store.com\/app\/uploads\/2025\/10\/IMG_2924-min-scaled.webp","contentUrl":"https:\/\/rendez-vous-store.com\/app\/uploads\/2025\/10\/IMG_2924-min-scaled.webp","width":1707,"height":2560},{"@type":"BreadcrumbList","@id":"https:\/\/rendez-vous-store.com\/shop\/men-selection-discover-our-selection-rendez-vous-store\/knitwears-discover-our-selection-rendez-vous-store\/comoli-lambswool-crew-neck-knit-c03-06007-black-rendez-vous-store\/#breadcrumb","itemListElement":[{"@type":"ListItem","position":1,"name":"Home","item":"https:\/\/rendez-vous-store.com\/"},{"@type":"ListItem","position":2,"name":"Shop","item":"https:\/\/www.rendez-vous-store.com\/shop\/"},{"@type":"ListItem","position":3,"name":"Comoli &#8211; LAMBSWOOL CREW NECK KNIT C03-06007 &#8211; Black"}]},{"@type":"WebSite","@id":"https:\/\/rendez-vous-store.com\/#website","url":"https:\/\/rendez-vous-store.com\/","name":"RENDEZ-VOUS STORE","description":"Slow Fashion for Women and Men","potentialAction":[{"@type":"SearchAction","target":{"@type":"EntryPoint","urlTemplate":"https:\/\/rendez-vous-store.com\/?s={search_term_string}"},"query-input":{"@type":"PropertyValueSpecification","valueRequired":true,"valueName":"search_term_string"}}],"inLanguage":"fr-FR"}]}},"_links":{"self":[{"href":"https:\/\/rendez-vous-store.com\/fr\/wp-json\/wp\/v2\/product\/221992","targetHints":{"allow":["GET"]}}],"collection":[{"href":"https:\/\/rendez-vous-store.com\/fr\/wp-json\/wp\/v2\/product"}],"about":[{"href":"https:\/\/rendez-vous-store.com\/fr\/wp-json\/wp\/v2\/types\/product"}],"wp:featuredmedia":[{"embeddable":true,"href":"https:\/\/rendez-vous-store.com\/fr\/wp-json\/wp\/v2\/media\/222368"}],"wp:attachment":[{"href":"https:\/\/rendez-vous-store.com\/fr\/wp-json\/wp\/v2\/media?parent=221992"}],"wp:term":[{"taxonomy":"product_brand","embeddable":true,"href":"https:\/\/rendez-vous-store.com\/fr\/wp-json\/wp\/v2\/product_brand?post=221992"},{"taxonomy":"product_cat","embeddable":true,"href":"https:\/\/rendez-vous-store.com\/fr\/wp-json\/wp\/v2\/product_cat?post=221992"},{"taxonomy":"product_tag","embeddable":true,"href":"https:\/\/rendez-vous-store.com\/fr\/wp-json\/wp\/v2\/product_tag?post=221992"}],"curies":[{"name":"wp","href":"https:\/\/api.w.org\/{rel}","templated":true}]}}