{"id":221962,"date":"2025-10-31T15:43:12","date_gmt":"2025-10-31T14:43:12","guid":{"rendered":"https:\/\/rendez-vous-store.com\/?post_type=product&#038;p=221962"},"modified":"2026-03-16T19:35:20","modified_gmt":"2026-03-16T18:35:20","slug":"comoli-cotton-twill-work-pants-c03-03026-ivory-rendez-vous-store","status":"publish","type":"product","link":"https:\/\/rendez-vous-store.com\/fr\/shop\/men-selection-discover-our-selection-rendez-vous-store\/trousers-shorts-rendez-vous-store\/comoli-cotton-twill-work-pants-c03-03026-ivory-rendez-vous-store\/","title":{"rendered":"Comoli \u2013 Pantalon de travail en serg\u00e9 de coton C03-03026 \u2013 Ivoire"},"content":{"rendered":"<p><strong>Comoli \u2013 Pantalon de travail en serg\u00e9 de coton C03-03026 \u2013 Ivoire<\/strong><\/p>\n<p>Couleur : Ivoire<\/p>\n<p>Coupe d\u00e9contract\u00e9e<\/p>\n<p>Jambe large<\/p>\n<p>Passant de ceinture<\/p>\n<p>Fermeture \u00e0 boutons et \u00e0 glissi\u00e8re<\/p>\n<p>Deux poches avant<\/p>\n<p>Composition : 100% Coton<\/p>\n<p>Fabriqu\u00e9 au Japon<\/p>\n<p>Code : C03-03026<\/p>\n<p>&nbsp;<\/p>\n<p>&nbsp;<\/p>\n<p>Nous avons cr\u00e9\u00e9 des pantalons de travail en serg\u00e9 de coton avec une l\u00e9g\u00e8re texture bross\u00e9e.<br \/>\nCon\u00e7us avec un style urbain classique, ils sont con\u00e7us pour \u00eatre port\u00e9s l\u00e9g\u00e8rement bas sur la taille pour un look d\u00e9contract\u00e9.<\/p>\n<p>&nbsp;<\/p>\n<p>&nbsp;<\/p>\n<p>&nbsp;<\/p>\n<p>&nbsp;<\/p>\n<p>&nbsp;<\/p>\n<p><strong>Le produit<\/strong><\/p>\n<p data-start=\"216\" data-end=\"833\">Le pantalon de travail Comoli en serg\u00e9 de coton C03-03026 \u2013 Ivoire allie fonctionnalit\u00e9 et \u00e9l\u00e9gance minimaliste. Son serg\u00e9 de coton doux est \u00e0 la fois r\u00e9sistant et confortable. De plus, sa teinte ivoire apporte l\u00e9g\u00e8ret\u00e9 et polyvalence intemporelle.<br data-start=\"462\" data-end=\"465\" \/>La silhouette droite et d\u00e9contract\u00e9e assure un mouvement naturel et une ligne \u00e9pur\u00e9e. De plus, une construction pr\u00e9cise et des d\u00e9tails subtils rehaussent l'aspect raffin\u00e9 du pantalon. Vous pouvez l'associer \u00e0 des chemises, des t-shirts ou des vestes l\u00e9g\u00e8res pour un style polyvalent.<br data-start=\"713\" data-end=\"716\" \/>Par cons\u00e9quent, ce pantalon rehausse les tenues de tous les jours avec une sophistication discr\u00e8te. Il reste pratique, \u00e9l\u00e9gant et ind\u00e9niablement Comoli.<\/p>\n<p>&nbsp;<\/p>\n<p>&nbsp;<\/p>\n<p>&nbsp;<\/p>\n<p data-start=\"855\" data-end=\"1692\"><a href=\"https:\/\/rendez-vous-store.com\/fr\/shop\/men-selection-discover-our-selection-rendez-vous-store\/t-shirts-discover-our-selection-rendez-vous-store\/comoli-cotton-jersey-long-sleeve-t-shirt-c03-05004-black-rendez-vous-store\/\">Nous aimons le voir port\u00e9 avec<\/a><\/p>\n<p data-start=\"855\" data-end=\"1692\"><strong>La marque<\/strong><\/p>\n<p data-start=\"855\" data-end=\"1692\">Comoli, fond\u00e9e par Keijiro Komori, incarne l'\u00e9l\u00e9gance intemporelle et la simplicit\u00e9 raffin\u00e9e de la mode japonaise. La marque privil\u00e9gie les lignes \u00e9pur\u00e9es, les silhouettes minimalistes et les tissus luxueux. De plus, chaque v\u00eatement est confectionn\u00e9 au Japon selon des techniques traditionnelles et avec des mati\u00e8res d'exception.<br data-start=\"1143\" data-end=\"1146\" \/>Ce d\u00e9vouement \u00e0 l'artisanat se traduit par des pi\u00e8ces qui donnent l'impression d'\u00eatre sans effort, chics et discr\u00e8tement sophistiqu\u00e9es. En outre, Comoli propose une large gamme de v\u00eatements pour hommes et femmes, notamment des v\u00eatements de tailleur, des tricots, des v\u00eatements d'ext\u00e9rieur et des articles essentiels d\u00e9contract\u00e9s.<br data-start=\"1393\" data-end=\"1396\" \/>La marque privil\u00e9gie \u00e9galement la durabilit\u00e9 gr\u00e2ce \u00e0 des mat\u00e9riaux responsables et une fabrication \u00e9thique. Par cons\u00e9quent, Comoli cr\u00e9e des v\u00eatements qui respectent \u00e0 la fois le porteur et l'environnement.<br data-start=\"1583\" data-end=\"1586\" \/>En cons\u00e9quence, la marque invite les individus \u00e0 exprimer leur style avec confiance, aisance et authenticit\u00e9.<\/p>\n<p data-start=\"855\" data-end=\"1692\"><strong>Les collections<\/strong><\/p>\n<p data-start=\"1720\" data-end=\"2365\">Les collections de Comoli sont ax\u00e9es sur le mouvement, le confort et l'expressivit\u00e9 des mati\u00e8res. Chaque saison affine des silhouettes famili\u00e8res tout en introduisant de subtiles variations de textures et de tons. En outre, la marque associe l'artisanat japonais traditionnel au design contemporain.<br data-start=\"1983\" data-end=\"1986\" \/>Les pi\u00e8ces restent polyvalentes, discr\u00e8tes et intemporelles, s'adaptant naturellement au quotidien. De plus, Comoli privil\u00e9gie des tissus qui vieillissent magnifiquement et r\u00e9v\u00e8lent du caract\u00e8re au fil du temps.<br data-start=\"2157\" data-end=\"2160\" \/>Par cons\u00e9quent, les collections proposent une garde-robe moderne ax\u00e9e sur la puret\u00e9, la fonctionnalit\u00e9 et une sophistication sans effort. Chaque article refl\u00e8te la qu\u00eate de la marque pour le confort, le savoir-faire et le luxe discret.<\/p>\n<p data-start=\"1720\" data-end=\"2365\"><a href=\"https:\/\/www.instagram.com\/p\/DQrqpPSD7O7\/?hl=fr&amp;img_index=1\"><strong>Inspirez-vous de notre look COMOLI sur notre Instagram.\u00a0<\/strong><\/a><\/p>","protected":false},"excerpt":{"rendered":"<p>Comoli &#8211; COTTON TWILL WORK PANTS C03-03026 &#8211; Ivory Color: Ivory Relaxed fit Wide leg Belt loop Button and zip closure Two front pockets Composition: 100% Cotton Made in Japan Code: C03-03026 &nbsp; &nbsp; &#8220;We created work pants using cotton twill with a slight brushed texture. Designed with a classic street-style feel, they are meant&hellip; <a class=\"more-link\" href=\"https:\/\/rendez-vous-store.com\/fr\/shop\/men-selection-discover-our-selection-rendez-vous-store\/trousers-shorts-rendez-vous-store\/comoli-cotton-twill-work-pants-c03-03026-ivory-rendez-vous-store\/\">Continuer la lecture <span class=\"screen-reader-text\">Comoli \u2013 Pantalon de travail en serg\u00e9 de coton C03-03026 \u2013 Ivoire<\/span><\/a><\/p>","protected":false},"featured_media":222365,"template":"","meta":{"_acf_changed":false},"product_brand":[],"product_cat":[20,73],"product_tag":[424],"class_list":{"0":"post-221962","1":"product","2":"type-product","3":"status-publish","4":"has-post-thumbnail","6":"product_cat-men-selection-discover-our-selection-rendez-vous-store","7":"product_cat-trousers-shorts-rendez-vous-store","8":"product_tag-comoli","9":"entry","11":"first","12":"outofstock","13":"taxable","14":"shipping-taxable","15":"product-type-variable"},"acf":[],"yoast_head":"<!-- This site is optimized with the Yoast SEO plugin v24.9 - https:\/\/yoast.com\/wordpress\/plugins\/seo\/ -->\n<title>Comoli - COTTON TWILL WORK PANTS C03-03026 - Ivory<\/title>\n<meta name=\"description\" content=\"This Comoli - COTTON TWILL WORK PANTS C03-03026 - Ivory is designed for everyday wear with an emphasis on fabric texture and weight.\" \/>\n<meta name=\"robots\" content=\"index, follow, max-snippet:-1, max-image-preview:large, max-video-preview:-1\" \/>\n<link rel=\"canonical\" href=\"https:\/\/rendez-vous-store.com\/fr\/shop\/men-selection-discover-our-selection-rendez-vous-store\/trousers-shorts-rendez-vous-store\/comoli-cotton-twill-work-pants-c03-03026-ivory-rendez-vous-store\/\" \/>\n<meta property=\"og:locale\" content=\"fr_FR\" \/>\n<meta property=\"og:type\" content=\"article\" \/>\n<meta property=\"og:title\" content=\"Comoli - COTTON TWILL WORK PANTS C03-03026 - Ivory\" \/>\n<meta property=\"og:description\" content=\"This Comoli - COTTON TWILL WORK PANTS C03-03026 - Ivory is designed for everyday wear with an emphasis on fabric texture and weight.\" \/>\n<meta property=\"og:url\" content=\"https:\/\/rendez-vous-store.com\/fr\/shop\/men-selection-discover-our-selection-rendez-vous-store\/trousers-shorts-rendez-vous-store\/comoli-cotton-twill-work-pants-c03-03026-ivory-rendez-vous-store\/\" \/>\n<meta property=\"og:site_name\" content=\"RENDEZ-VOUS STORE\" \/>\n<meta property=\"article:modified_time\" content=\"2026-03-16T18:35:20+00:00\" \/>\n<meta property=\"og:image\" content=\"https:\/\/rendez-vous-store.com\/app\/uploads\/2025\/10\/IMG_2917-min-scaled.webp\" \/>\n\t<meta property=\"og:image:width\" content=\"1707\" \/>\n\t<meta property=\"og:image:height\" content=\"2560\" \/>\n\t<meta property=\"og:image:type\" content=\"image\/webp\" \/>\n<meta name=\"twitter:card\" content=\"summary_large_image\" \/>\n<meta name=\"twitter:label1\" content=\"Est. reading time\" \/>\n\t<meta name=\"twitter:data1\" content=\"2 minutes\" \/>\n<script type=\"application\/ld+json\" class=\"yoast-schema-graph\">{\"@context\":\"https:\/\/schema.org\",\"@graph\":[{\"@type\":\"WebPage\",\"@id\":\"https:\/\/rendez-vous-store.com\/shop\/men-selection-discover-our-selection-rendez-vous-store\/trousers-shorts-rendez-vous-store\/comoli-cotton-twill-work-pants-c03-03026-ivory-rendez-vous-store\/\",\"url\":\"https:\/\/rendez-vous-store.com\/shop\/men-selection-discover-our-selection-rendez-vous-store\/trousers-shorts-rendez-vous-store\/comoli-cotton-twill-work-pants-c03-03026-ivory-rendez-vous-store\/\",\"name\":\"Comoli - COTTON TWILL WORK PANTS C03-03026 - Ivory\",\"isPartOf\":{\"@id\":\"https:\/\/rendez-vous-store.com\/#website\"},\"primaryImageOfPage\":{\"@id\":\"https:\/\/rendez-vous-store.com\/shop\/men-selection-discover-our-selection-rendez-vous-store\/trousers-shorts-rendez-vous-store\/comoli-cotton-twill-work-pants-c03-03026-ivory-rendez-vous-store\/#primaryimage\"},\"image\":{\"@id\":\"https:\/\/rendez-vous-store.com\/shop\/men-selection-discover-our-selection-rendez-vous-store\/trousers-shorts-rendez-vous-store\/comoli-cotton-twill-work-pants-c03-03026-ivory-rendez-vous-store\/#primaryimage\"},\"thumbnailUrl\":\"https:\/\/rendez-vous-store.com\/app\/uploads\/2025\/10\/IMG_2917-min-scaled.webp\",\"datePublished\":\"2025-10-31T14:43:12+00:00\",\"dateModified\":\"2026-03-16T18:35:20+00:00\",\"description\":\"This Comoli - COTTON TWILL WORK PANTS C03-03026 - Ivory is designed for everyday wear with an emphasis on fabric texture and weight.\",\"breadcrumb\":{\"@id\":\"https:\/\/rendez-vous-store.com\/shop\/men-selection-discover-our-selection-rendez-vous-store\/trousers-shorts-rendez-vous-store\/comoli-cotton-twill-work-pants-c03-03026-ivory-rendez-vous-store\/#breadcrumb\"},\"inLanguage\":\"fr-FR\",\"potentialAction\":[{\"@type\":\"ReadAction\",\"target\":[\"https:\/\/rendez-vous-store.com\/shop\/men-selection-discover-our-selection-rendez-vous-store\/trousers-shorts-rendez-vous-store\/comoli-cotton-twill-work-pants-c03-03026-ivory-rendez-vous-store\/\"]}]},{\"@type\":\"ImageObject\",\"inLanguage\":\"fr-FR\",\"@id\":\"https:\/\/rendez-vous-store.com\/shop\/men-selection-discover-our-selection-rendez-vous-store\/trousers-shorts-rendez-vous-store\/comoli-cotton-twill-work-pants-c03-03026-ivory-rendez-vous-store\/#primaryimage\",\"url\":\"https:\/\/rendez-vous-store.com\/app\/uploads\/2025\/10\/IMG_2917-min-scaled.webp\",\"contentUrl\":\"https:\/\/rendez-vous-store.com\/app\/uploads\/2025\/10\/IMG_2917-min-scaled.webp\",\"width\":1707,\"height\":2560},{\"@type\":\"BreadcrumbList\",\"@id\":\"https:\/\/rendez-vous-store.com\/shop\/men-selection-discover-our-selection-rendez-vous-store\/trousers-shorts-rendez-vous-store\/comoli-cotton-twill-work-pants-c03-03026-ivory-rendez-vous-store\/#breadcrumb\",\"itemListElement\":[{\"@type\":\"ListItem\",\"position\":1,\"name\":\"Home\",\"item\":\"https:\/\/rendez-vous-store.com\/\"},{\"@type\":\"ListItem\",\"position\":2,\"name\":\"Shop\",\"item\":\"https:\/\/www.rendez-vous-store.com\/shop\/\"},{\"@type\":\"ListItem\",\"position\":3,\"name\":\"Comoli &#8211; COTTON TWILL WORK PANTS C03-03026 &#8211; Ivory\"}]},{\"@type\":\"WebSite\",\"@id\":\"https:\/\/rendez-vous-store.com\/#website\",\"url\":\"https:\/\/rendez-vous-store.com\/\",\"name\":\"RENDEZ-VOUS STORE\",\"description\":\"Slow Fashion for Women and Men\",\"potentialAction\":[{\"@type\":\"SearchAction\",\"target\":{\"@type\":\"EntryPoint\",\"urlTemplate\":\"https:\/\/rendez-vous-store.com\/?s={search_term_string}\"},\"query-input\":{\"@type\":\"PropertyValueSpecification\",\"valueRequired\":true,\"valueName\":\"search_term_string\"}}],\"inLanguage\":\"fr-FR\"}]}<\/script>\n<!-- \/ Yoast SEO plugin. -->","yoast_head_json":{"title":"Comoli - COTTON TWILL WORK PANTS C03-03026 - Ivory","description":"This Comoli - COTTON TWILL WORK PANTS C03-03026 - Ivory is designed for everyday wear with an emphasis on fabric texture and weight.","robots":{"index":"index","follow":"follow","max-snippet":"max-snippet:-1","max-image-preview":"max-image-preview:large","max-video-preview":"max-video-preview:-1"},"canonical":"https:\/\/rendez-vous-store.com\/fr\/shop\/men-selection-discover-our-selection-rendez-vous-store\/trousers-shorts-rendez-vous-store\/comoli-cotton-twill-work-pants-c03-03026-ivory-rendez-vous-store\/","og_locale":"fr_FR","og_type":"article","og_title":"Comoli - COTTON TWILL WORK PANTS C03-03026 - Ivory","og_description":"This Comoli - COTTON TWILL WORK PANTS C03-03026 - Ivory is designed for everyday wear with an emphasis on fabric texture and weight.","og_url":"https:\/\/rendez-vous-store.com\/fr\/shop\/men-selection-discover-our-selection-rendez-vous-store\/trousers-shorts-rendez-vous-store\/comoli-cotton-twill-work-pants-c03-03026-ivory-rendez-vous-store\/","og_site_name":"RENDEZ-VOUS STORE","article_modified_time":"2026-03-16T18:35:20+00:00","og_image":[{"width":1707,"height":2560,"url":"https:\/\/rendez-vous-store.com\/app\/uploads\/2025\/10\/IMG_2917-min-scaled.webp","type":"image\/webp"}],"twitter_card":"summary_large_image","twitter_misc":{"Est. reading time":"2 minutes"},"schema":{"@context":"https:\/\/schema.org","@graph":[{"@type":"WebPage","@id":"https:\/\/rendez-vous-store.com\/shop\/men-selection-discover-our-selection-rendez-vous-store\/trousers-shorts-rendez-vous-store\/comoli-cotton-twill-work-pants-c03-03026-ivory-rendez-vous-store\/","url":"https:\/\/rendez-vous-store.com\/shop\/men-selection-discover-our-selection-rendez-vous-store\/trousers-shorts-rendez-vous-store\/comoli-cotton-twill-work-pants-c03-03026-ivory-rendez-vous-store\/","name":"Comoli - COTTON TWILL WORK PANTS C03-03026 - Ivory","isPartOf":{"@id":"https:\/\/rendez-vous-store.com\/#website"},"primaryImageOfPage":{"@id":"https:\/\/rendez-vous-store.com\/shop\/men-selection-discover-our-selection-rendez-vous-store\/trousers-shorts-rendez-vous-store\/comoli-cotton-twill-work-pants-c03-03026-ivory-rendez-vous-store\/#primaryimage"},"image":{"@id":"https:\/\/rendez-vous-store.com\/shop\/men-selection-discover-our-selection-rendez-vous-store\/trousers-shorts-rendez-vous-store\/comoli-cotton-twill-work-pants-c03-03026-ivory-rendez-vous-store\/#primaryimage"},"thumbnailUrl":"https:\/\/rendez-vous-store.com\/app\/uploads\/2025\/10\/IMG_2917-min-scaled.webp","datePublished":"2025-10-31T14:43:12+00:00","dateModified":"2026-03-16T18:35:20+00:00","description":"This Comoli - COTTON TWILL WORK PANTS C03-03026 - Ivory is designed for everyday wear with an emphasis on fabric texture and weight.","breadcrumb":{"@id":"https:\/\/rendez-vous-store.com\/shop\/men-selection-discover-our-selection-rendez-vous-store\/trousers-shorts-rendez-vous-store\/comoli-cotton-twill-work-pants-c03-03026-ivory-rendez-vous-store\/#breadcrumb"},"inLanguage":"fr-FR","potentialAction":[{"@type":"ReadAction","target":["https:\/\/rendez-vous-store.com\/shop\/men-selection-discover-our-selection-rendez-vous-store\/trousers-shorts-rendez-vous-store\/comoli-cotton-twill-work-pants-c03-03026-ivory-rendez-vous-store\/"]}]},{"@type":"ImageObject","inLanguage":"fr-FR","@id":"https:\/\/rendez-vous-store.com\/shop\/men-selection-discover-our-selection-rendez-vous-store\/trousers-shorts-rendez-vous-store\/comoli-cotton-twill-work-pants-c03-03026-ivory-rendez-vous-store\/#primaryimage","url":"https:\/\/rendez-vous-store.com\/app\/uploads\/2025\/10\/IMG_2917-min-scaled.webp","contentUrl":"https:\/\/rendez-vous-store.com\/app\/uploads\/2025\/10\/IMG_2917-min-scaled.webp","width":1707,"height":2560},{"@type":"BreadcrumbList","@id":"https:\/\/rendez-vous-store.com\/shop\/men-selection-discover-our-selection-rendez-vous-store\/trousers-shorts-rendez-vous-store\/comoli-cotton-twill-work-pants-c03-03026-ivory-rendez-vous-store\/#breadcrumb","itemListElement":[{"@type":"ListItem","position":1,"name":"Home","item":"https:\/\/rendez-vous-store.com\/"},{"@type":"ListItem","position":2,"name":"Shop","item":"https:\/\/www.rendez-vous-store.com\/shop\/"},{"@type":"ListItem","position":3,"name":"Comoli &#8211; COTTON TWILL WORK PANTS C03-03026 &#8211; Ivory"}]},{"@type":"WebSite","@id":"https:\/\/rendez-vous-store.com\/#website","url":"https:\/\/rendez-vous-store.com\/","name":"RENDEZ-VOUS STORE","description":"Slow Fashion for Women and Men","potentialAction":[{"@type":"SearchAction","target":{"@type":"EntryPoint","urlTemplate":"https:\/\/rendez-vous-store.com\/?s={search_term_string}"},"query-input":{"@type":"PropertyValueSpecification","valueRequired":true,"valueName":"search_term_string"}}],"inLanguage":"fr-FR"}]}},"_links":{"self":[{"href":"https:\/\/rendez-vous-store.com\/fr\/wp-json\/wp\/v2\/product\/221962","targetHints":{"allow":["GET"]}}],"collection":[{"href":"https:\/\/rendez-vous-store.com\/fr\/wp-json\/wp\/v2\/product"}],"about":[{"href":"https:\/\/rendez-vous-store.com\/fr\/wp-json\/wp\/v2\/types\/product"}],"wp:featuredmedia":[{"embeddable":true,"href":"https:\/\/rendez-vous-store.com\/fr\/wp-json\/wp\/v2\/media\/222365"}],"wp:attachment":[{"href":"https:\/\/rendez-vous-store.com\/fr\/wp-json\/wp\/v2\/media?parent=221962"}],"wp:term":[{"taxonomy":"product_brand","embeddable":true,"href":"https:\/\/rendez-vous-store.com\/fr\/wp-json\/wp\/v2\/product_brand?post=221962"},{"taxonomy":"product_cat","embeddable":true,"href":"https:\/\/rendez-vous-store.com\/fr\/wp-json\/wp\/v2\/product_cat?post=221962"},{"taxonomy":"product_tag","embeddable":true,"href":"https:\/\/rendez-vous-store.com\/fr\/wp-json\/wp\/v2\/product_tag?post=221962"}],"curies":[{"name":"wp","href":"https:\/\/api.w.org\/{rel}","templated":true}]}}