{"id":221960,"date":"2025-10-31T15:43:07","date_gmt":"2025-10-31T14:43:07","guid":{"rendered":"https:\/\/rendez-vous-store.com\/?post_type=product&#038;p=221960"},"modified":"2026-03-16T19:35:14","modified_gmt":"2026-03-16T18:35:14","slug":"comoli-post-work-twill-pants-c03-03011-black-rendze-vous-store","status":"publish","type":"product","link":"https:\/\/rendez-vous-store.com\/fr\/shop\/men-selection-discover-our-selection-rendez-vous-store\/trousers-shorts-rendez-vous-store\/comoli-post-work-twill-pants-c03-03011-black-rendze-vous-store\/","title":{"rendered":"Comoli &#8211; POST WORK TWILL PANTS C03-03011 &#8211; Black"},"content":{"rendered":"<p><strong>Comoli &#8211; POST WORK TWILL PANTS C03-03011 &#8211; Black<\/strong><\/p>\n<p>Couleur : Noir<\/p>\n<p>Style d\u00e9contract\u00e9<\/p>\n<p>Jambe large<\/p>\n<p>Passant de ceinture<\/p>\n<p>Deux poches sur les coutures lat\u00e9rales<\/p>\n<p>Composition : 65% coton, 25% polyester, 10% laine<\/p>\n<p>Fabriqu\u00e9 au Japon<\/p>\n<p>Code: C03-03011<\/p>\n<p>&nbsp;<\/p>\n<p>&#8220;These Post Work Twill Pants are a carry over item from the 25SS collection.<br \/>\nDesigned as a standard pair that can be worn year-round except for the peak of summer, they strike a balance between not quite slacks, yet not overly casual, offering a sense of anonymity in the best way.<br \/>\nWe hope they become one of those &#8220;perfectly ordinary&#8221; pants that people come back to after experiencing different styles over time.&#8221;<\/p>\n<p>&nbsp;<\/p>\n<p>&nbsp;<\/p>\n<p>&nbsp;<\/p>\n<p>&nbsp;<\/p>\n<h2 data-start=\"188\" data-end=\"204\"><\/h2>\n<p>&nbsp;<\/p>\n<p><strong>Le produit<\/strong><\/p>\n<p data-start=\"205\" data-end=\"866\">The Comoli \u2013 Post Work Twill Pants C03-03011 \u2013 Black blends functional workwear design with minimalist sophistication. Its durable twill fabric provides structure while remaining soft and comfortable. Moreover, the deep black color adds timeless versatility to any wardrobe.<br data-start=\"483\" data-end=\"486\" \/>The relaxed, straight-leg silhouette allows ease of movement and natural drape. In addition, the precise construction and subtle detailing enhance the clean lines. You can pair these pants with shirts, knitwear, or jackets for versatile, everyday styling.<br data-start=\"741\" data-end=\"744\" \/>Consequently, these pants elevate casual and refined looks alike. They remain practical, stylish, and unmistakably Comoli.<\/p>\n<p>&nbsp;<\/p>\n<p>&nbsp;<\/p>\n<p>&nbsp;<\/p>\n<p>&nbsp;<\/p>\n<p>&nbsp;<\/p>\n<div class=\"flex-1 overflow-hidden\">\n<div class=\"react-scroll-to-bottom--css-azrec-79elbk h-full\">\n<div class=\"react-scroll-to-bottom--css-azrec-1n7m0yu\">\n<div class=\"flex flex-col text-sm pb-9\">\n<div class=\"w-full text-token-text-primary\" data-testid=\"conversation-turn-69\">\n<div class=\"px-4 py-2 justify-center text-base md:gap-6 m-auto\">\n<div class=\"flex flex-1 text-base mx-auto gap-3 md:px-5 lg:px-1 xl:px-5 md:max-w-3xl lg:max-w-[40rem] xl:max-w-[48rem] group final-completion\">\n<p data-start=\"855\" data-end=\"1692\"><a href=\"https:\/\/rendez-vous-store.com\/fr\/shop\/unisex-rendez-vous-store\/jacket-coat-unisex-rendez-vous-store\/comoli-jacket-c03-01002-black\/\">Nous aimons le voir port\u00e9 avec<\/a><\/p>\n<\/div>\n<\/div>\n<\/div>\n<\/div>\n<\/div>\n<\/div>\n<\/div>\n<p data-start=\"855\" data-end=\"1692\">\n<p data-start=\"855\" data-end=\"1692\">\n<p data-start=\"855\" data-end=\"1692\">\n<p data-start=\"855\" data-end=\"1692\">\n<p data-start=\"855\" data-end=\"1692\">\n<div class=\"flex-1 overflow-hidden\">\n<div class=\"react-scroll-to-bottom--css-azrec-79elbk h-full\">\n<div class=\"react-scroll-to-bottom--css-azrec-1n7m0yu\">\n<div class=\"flex flex-col text-sm pb-9\">\n<div class=\"w-full text-token-text-primary\" data-testid=\"conversation-turn-69\">\n<div class=\"px-4 py-2 justify-center text-base md:gap-6 m-auto\">\n<div class=\"flex flex-1 text-base mx-auto gap-3 md:px-5 lg:px-1 xl:px-5 md:max-w-3xl lg:max-w-[40rem] xl:max-w-[48rem] group final-completion\">\n<p data-start=\"855\" data-end=\"1692\"><strong>La marque<\/strong><\/p>\n<p data-start=\"855\" data-end=\"1692\">Comoli, fond\u00e9e par Keijiro Komori, incarne l'\u00e9l\u00e9gance intemporelle et la simplicit\u00e9 raffin\u00e9e de la mode japonaise. La marque privil\u00e9gie les lignes \u00e9pur\u00e9es, les silhouettes minimalistes et les tissus luxueux. De plus, chaque v\u00eatement est confectionn\u00e9 au Japon selon des techniques traditionnelles et avec des mati\u00e8res d'exception.<br data-start=\"1143\" data-end=\"1146\" \/>Ce d\u00e9vouement \u00e0 l'artisanat se traduit par des pi\u00e8ces qui donnent l'impression d'\u00eatre sans effort, chics et discr\u00e8tement sophistiqu\u00e9es. En outre, Comoli propose une large gamme de v\u00eatements pour hommes et femmes, notamment des v\u00eatements de tailleur, des tricots, des v\u00eatements d'ext\u00e9rieur et des articles essentiels d\u00e9contract\u00e9s.<br data-start=\"1393\" data-end=\"1396\" \/>La marque privil\u00e9gie \u00e9galement la durabilit\u00e9 gr\u00e2ce \u00e0 des mat\u00e9riaux responsables et une fabrication \u00e9thique. Par cons\u00e9quent, Comoli cr\u00e9e des v\u00eatements qui respectent \u00e0 la fois le porteur et l'environnement.<br data-start=\"1583\" data-end=\"1586\" \/>En cons\u00e9quence, la marque invite les individus \u00e0 exprimer leur style avec confiance, aisance et authenticit\u00e9.<\/p>\n<\/div>\n<\/div>\n<\/div>\n<p data-start=\"855\" data-end=\"1692\">\n<div class=\"w-full text-token-text-primary\" data-testid=\"conversation-turn-69\">\n<div class=\"px-4 py-2 justify-center text-base md:gap-6 m-auto\">\n<div class=\"flex flex-1 text-base mx-auto gap-3 md:px-5 lg:px-1 xl:px-5 md:max-w-3xl lg:max-w-[40rem] xl:max-w-[48rem] group final-completion\">\n<p data-start=\"855\" data-end=\"1692\">\n<p data-start=\"855\" data-end=\"1692\">\n<p data-start=\"855\" data-end=\"1692\">\n<p data-start=\"855\" data-end=\"1692\"><strong>Les collections<\/strong><\/p>\n<p data-start=\"1720\" data-end=\"2365\">Les collections de Comoli sont ax\u00e9es sur le mouvement, le confort et l'expressivit\u00e9 des mati\u00e8res. Chaque saison affine des silhouettes famili\u00e8res tout en introduisant de subtiles variations de textures et de tons. En outre, la marque associe l'artisanat japonais traditionnel au design contemporain.<br data-start=\"1983\" data-end=\"1986\" \/>Les pi\u00e8ces restent polyvalentes, discr\u00e8tes et intemporelles, s'adaptant naturellement au quotidien. De plus, Comoli privil\u00e9gie des tissus qui vieillissent magnifiquement et r\u00e9v\u00e8lent du caract\u00e8re au fil du temps.<br data-start=\"2157\" data-end=\"2160\" \/>Par cons\u00e9quent, les collections proposent une garde-robe moderne ax\u00e9e sur la puret\u00e9, la fonctionnalit\u00e9 et une sophistication sans effort. Chaque article refl\u00e8te la qu\u00eate de la marque pour le confort, le savoir-faire et le luxe discret.<\/p>\n<p data-start=\"1720\" data-end=\"2365\">\n<p data-start=\"1720\" data-end=\"2365\">\n<p data-start=\"1720\" data-end=\"2365\">\n<p data-start=\"1720\" data-end=\"2365\">\n<p data-start=\"1720\" data-end=\"2365\"><a href=\"https:\/\/www.instagram.com\/p\/DQrqpPSD7O7\/?hl=fr&amp;img_index=1\"><strong>Inspirez-vous de notre look COMOLI sur notre Instagram.\u00a0<\/strong><\/a><\/p>\n<\/div>\n<\/div>\n<\/div>\n<\/div>\n<\/div>\n<\/div>\n<\/div>","protected":false},"excerpt":{"rendered":"<p>Comoli &#8211; POST WORK TWILL PANTS C03-03011 &#8211; Black Color: Black Relaxed style Wide leg Belt loop Two side seam pockets Composition: 65% Cotton, 25% Polyester, 10% Wool Made in Japan Code: C03-03011 &nbsp; &#8220;These Post Work Twill Pants are a carry over item from the 25SS collection. Designed as a standard pair that can&hellip; <a class=\"more-link\" href=\"https:\/\/rendez-vous-store.com\/fr\/shop\/men-selection-discover-our-selection-rendez-vous-store\/trousers-shorts-rendez-vous-store\/comoli-post-work-twill-pants-c03-03011-black-rendze-vous-store\/\">Continuer la lecture <span class=\"screen-reader-text\">Comoli &#8211; POST WORK TWILL PANTS C03-03011 &#8211; Black<\/span><\/a><\/p>","protected":false},"featured_media":225261,"template":"","meta":{"_acf_changed":false},"product_brand":[],"product_cat":[20,1059,73],"product_tag":[424],"class_list":{"0":"post-221960","1":"product","2":"type-product","3":"status-publish","4":"has-post-thumbnail","6":"product_cat-men-selection-discover-our-selection-rendez-vous-store","7":"product_cat-new-men-rendez-vous-store","8":"product_cat-trousers-shorts-rendez-vous-store","9":"product_tag-comoli","10":"entry","12":"first","13":"outofstock","14":"taxable","15":"shipping-taxable","16":"product-type-variable"},"acf":[],"yoast_head":"<!-- This site is optimized with the Yoast SEO plugin v24.9 - https:\/\/yoast.com\/wordpress\/plugins\/seo\/ -->\n<title>Comoli - POST WORK TWILL PANTS C03-03011 - Black<\/title>\n<meta name=\"description\" content=\"This Comoli - POST WORK TWILL PANTS C03-03011 - Black is designed for everyday wear with an emphasis on fabric texture and weight.\" \/>\n<meta name=\"robots\" content=\"index, follow, max-snippet:-1, max-image-preview:large, max-video-preview:-1\" \/>\n<link rel=\"canonical\" href=\"https:\/\/rendez-vous-store.com\/fr\/shop\/men-selection-discover-our-selection-rendez-vous-store\/trousers-shorts-rendez-vous-store\/comoli-post-work-twill-pants-c03-03011-black-rendze-vous-store\/\" \/>\n<meta property=\"og:locale\" content=\"fr_FR\" \/>\n<meta property=\"og:type\" content=\"article\" \/>\n<meta property=\"og:title\" content=\"Comoli - POST WORK TWILL PANTS C03-03011 - Black\" \/>\n<meta property=\"og:description\" content=\"This Comoli - POST WORK TWILL PANTS C03-03011 - Black is designed for everyday wear with an emphasis on fabric texture and weight.\" \/>\n<meta property=\"og:url\" content=\"https:\/\/rendez-vous-store.com\/fr\/shop\/men-selection-discover-our-selection-rendez-vous-store\/trousers-shorts-rendez-vous-store\/comoli-post-work-twill-pants-c03-03011-black-rendze-vous-store\/\" \/>\n<meta property=\"og:site_name\" content=\"RENDEZ-VOUS STORE\" \/>\n<meta property=\"article:modified_time\" content=\"2026-03-16T18:35:14+00:00\" \/>\n<meta property=\"og:image\" content=\"https:\/\/rendez-vous-store.com\/app\/uploads\/2025\/10\/rdv_comoli_36-scaled.webp\" \/>\n\t<meta property=\"og:image:width\" content=\"1696\" \/>\n\t<meta property=\"og:image:height\" content=\"2560\" \/>\n\t<meta property=\"og:image:type\" content=\"image\/webp\" \/>\n<meta name=\"twitter:card\" content=\"summary_large_image\" \/>\n<meta name=\"twitter:label1\" content=\"Est. reading time\" \/>\n\t<meta name=\"twitter:data1\" content=\"2 minutes\" \/>\n<script type=\"application\/ld+json\" class=\"yoast-schema-graph\">{\"@context\":\"https:\/\/schema.org\",\"@graph\":[{\"@type\":\"WebPage\",\"@id\":\"https:\/\/rendez-vous-store.com\/shop\/men-selection-discover-our-selection-rendez-vous-store\/trousers-shorts-rendez-vous-store\/comoli-post-work-twill-pants-c03-03011-black-rendze-vous-store\/\",\"url\":\"https:\/\/rendez-vous-store.com\/shop\/men-selection-discover-our-selection-rendez-vous-store\/trousers-shorts-rendez-vous-store\/comoli-post-work-twill-pants-c03-03011-black-rendze-vous-store\/\",\"name\":\"Comoli - POST WORK TWILL PANTS C03-03011 - Black\",\"isPartOf\":{\"@id\":\"https:\/\/rendez-vous-store.com\/#website\"},\"primaryImageOfPage\":{\"@id\":\"https:\/\/rendez-vous-store.com\/shop\/men-selection-discover-our-selection-rendez-vous-store\/trousers-shorts-rendez-vous-store\/comoli-post-work-twill-pants-c03-03011-black-rendze-vous-store\/#primaryimage\"},\"image\":{\"@id\":\"https:\/\/rendez-vous-store.com\/shop\/men-selection-discover-our-selection-rendez-vous-store\/trousers-shorts-rendez-vous-store\/comoli-post-work-twill-pants-c03-03011-black-rendze-vous-store\/#primaryimage\"},\"thumbnailUrl\":\"https:\/\/rendez-vous-store.com\/app\/uploads\/2025\/10\/rdv_comoli_36-scaled.webp\",\"datePublished\":\"2025-10-31T14:43:07+00:00\",\"dateModified\":\"2026-03-16T18:35:14+00:00\",\"description\":\"This Comoli - POST WORK TWILL PANTS C03-03011 - Black is designed for everyday wear with an emphasis on fabric texture and weight.\",\"breadcrumb\":{\"@id\":\"https:\/\/rendez-vous-store.com\/shop\/men-selection-discover-our-selection-rendez-vous-store\/trousers-shorts-rendez-vous-store\/comoli-post-work-twill-pants-c03-03011-black-rendze-vous-store\/#breadcrumb\"},\"inLanguage\":\"fr-FR\",\"potentialAction\":[{\"@type\":\"ReadAction\",\"target\":[\"https:\/\/rendez-vous-store.com\/shop\/men-selection-discover-our-selection-rendez-vous-store\/trousers-shorts-rendez-vous-store\/comoli-post-work-twill-pants-c03-03011-black-rendze-vous-store\/\"]}]},{\"@type\":\"ImageObject\",\"inLanguage\":\"fr-FR\",\"@id\":\"https:\/\/rendez-vous-store.com\/shop\/men-selection-discover-our-selection-rendez-vous-store\/trousers-shorts-rendez-vous-store\/comoli-post-work-twill-pants-c03-03011-black-rendze-vous-store\/#primaryimage\",\"url\":\"https:\/\/rendez-vous-store.com\/app\/uploads\/2025\/10\/rdv_comoli_36-scaled.webp\",\"contentUrl\":\"https:\/\/rendez-vous-store.com\/app\/uploads\/2025\/10\/rdv_comoli_36-scaled.webp\",\"width\":1696,\"height\":2560},{\"@type\":\"BreadcrumbList\",\"@id\":\"https:\/\/rendez-vous-store.com\/shop\/men-selection-discover-our-selection-rendez-vous-store\/trousers-shorts-rendez-vous-store\/comoli-post-work-twill-pants-c03-03011-black-rendze-vous-store\/#breadcrumb\",\"itemListElement\":[{\"@type\":\"ListItem\",\"position\":1,\"name\":\"Home\",\"item\":\"https:\/\/rendez-vous-store.com\/\"},{\"@type\":\"ListItem\",\"position\":2,\"name\":\"Shop\",\"item\":\"https:\/\/www.rendez-vous-store.com\/shop\/\"},{\"@type\":\"ListItem\",\"position\":3,\"name\":\"Comoli &#8211; POST WORK TWILL PANTS C03-03011 &#8211; Black\"}]},{\"@type\":\"WebSite\",\"@id\":\"https:\/\/rendez-vous-store.com\/#website\",\"url\":\"https:\/\/rendez-vous-store.com\/\",\"name\":\"RENDEZ-VOUS STORE\",\"description\":\"Slow Fashion for Women and Men\",\"potentialAction\":[{\"@type\":\"SearchAction\",\"target\":{\"@type\":\"EntryPoint\",\"urlTemplate\":\"https:\/\/rendez-vous-store.com\/?s={search_term_string}\"},\"query-input\":{\"@type\":\"PropertyValueSpecification\",\"valueRequired\":true,\"valueName\":\"search_term_string\"}}],\"inLanguage\":\"fr-FR\"}]}<\/script>\n<!-- \/ Yoast SEO plugin. -->","yoast_head_json":{"title":"Comoli - POST WORK TWILL PANTS C03-03011 - Black","description":"This Comoli - POST WORK TWILL PANTS C03-03011 - Black is designed for everyday wear with an emphasis on fabric texture and weight.","robots":{"index":"index","follow":"follow","max-snippet":"max-snippet:-1","max-image-preview":"max-image-preview:large","max-video-preview":"max-video-preview:-1"},"canonical":"https:\/\/rendez-vous-store.com\/fr\/shop\/men-selection-discover-our-selection-rendez-vous-store\/trousers-shorts-rendez-vous-store\/comoli-post-work-twill-pants-c03-03011-black-rendze-vous-store\/","og_locale":"fr_FR","og_type":"article","og_title":"Comoli - POST WORK TWILL PANTS C03-03011 - Black","og_description":"This Comoli - POST WORK TWILL PANTS C03-03011 - Black is designed for everyday wear with an emphasis on fabric texture and weight.","og_url":"https:\/\/rendez-vous-store.com\/fr\/shop\/men-selection-discover-our-selection-rendez-vous-store\/trousers-shorts-rendez-vous-store\/comoli-post-work-twill-pants-c03-03011-black-rendze-vous-store\/","og_site_name":"RENDEZ-VOUS STORE","article_modified_time":"2026-03-16T18:35:14+00:00","og_image":[{"width":1696,"height":2560,"url":"https:\/\/rendez-vous-store.com\/app\/uploads\/2025\/10\/rdv_comoli_36-scaled.webp","type":"image\/webp"}],"twitter_card":"summary_large_image","twitter_misc":{"Est. reading time":"2 minutes"},"schema":{"@context":"https:\/\/schema.org","@graph":[{"@type":"WebPage","@id":"https:\/\/rendez-vous-store.com\/shop\/men-selection-discover-our-selection-rendez-vous-store\/trousers-shorts-rendez-vous-store\/comoli-post-work-twill-pants-c03-03011-black-rendze-vous-store\/","url":"https:\/\/rendez-vous-store.com\/shop\/men-selection-discover-our-selection-rendez-vous-store\/trousers-shorts-rendez-vous-store\/comoli-post-work-twill-pants-c03-03011-black-rendze-vous-store\/","name":"Comoli - POST WORK TWILL PANTS C03-03011 - Black","isPartOf":{"@id":"https:\/\/rendez-vous-store.com\/#website"},"primaryImageOfPage":{"@id":"https:\/\/rendez-vous-store.com\/shop\/men-selection-discover-our-selection-rendez-vous-store\/trousers-shorts-rendez-vous-store\/comoli-post-work-twill-pants-c03-03011-black-rendze-vous-store\/#primaryimage"},"image":{"@id":"https:\/\/rendez-vous-store.com\/shop\/men-selection-discover-our-selection-rendez-vous-store\/trousers-shorts-rendez-vous-store\/comoli-post-work-twill-pants-c03-03011-black-rendze-vous-store\/#primaryimage"},"thumbnailUrl":"https:\/\/rendez-vous-store.com\/app\/uploads\/2025\/10\/rdv_comoli_36-scaled.webp","datePublished":"2025-10-31T14:43:07+00:00","dateModified":"2026-03-16T18:35:14+00:00","description":"This Comoli - POST WORK TWILL PANTS C03-03011 - Black is designed for everyday wear with an emphasis on fabric texture and weight.","breadcrumb":{"@id":"https:\/\/rendez-vous-store.com\/shop\/men-selection-discover-our-selection-rendez-vous-store\/trousers-shorts-rendez-vous-store\/comoli-post-work-twill-pants-c03-03011-black-rendze-vous-store\/#breadcrumb"},"inLanguage":"fr-FR","potentialAction":[{"@type":"ReadAction","target":["https:\/\/rendez-vous-store.com\/shop\/men-selection-discover-our-selection-rendez-vous-store\/trousers-shorts-rendez-vous-store\/comoli-post-work-twill-pants-c03-03011-black-rendze-vous-store\/"]}]},{"@type":"ImageObject","inLanguage":"fr-FR","@id":"https:\/\/rendez-vous-store.com\/shop\/men-selection-discover-our-selection-rendez-vous-store\/trousers-shorts-rendez-vous-store\/comoli-post-work-twill-pants-c03-03011-black-rendze-vous-store\/#primaryimage","url":"https:\/\/rendez-vous-store.com\/app\/uploads\/2025\/10\/rdv_comoli_36-scaled.webp","contentUrl":"https:\/\/rendez-vous-store.com\/app\/uploads\/2025\/10\/rdv_comoli_36-scaled.webp","width":1696,"height":2560},{"@type":"BreadcrumbList","@id":"https:\/\/rendez-vous-store.com\/shop\/men-selection-discover-our-selection-rendez-vous-store\/trousers-shorts-rendez-vous-store\/comoli-post-work-twill-pants-c03-03011-black-rendze-vous-store\/#breadcrumb","itemListElement":[{"@type":"ListItem","position":1,"name":"Home","item":"https:\/\/rendez-vous-store.com\/"},{"@type":"ListItem","position":2,"name":"Shop","item":"https:\/\/www.rendez-vous-store.com\/shop\/"},{"@type":"ListItem","position":3,"name":"Comoli &#8211; POST WORK TWILL PANTS C03-03011 &#8211; Black"}]},{"@type":"WebSite","@id":"https:\/\/rendez-vous-store.com\/#website","url":"https:\/\/rendez-vous-store.com\/","name":"RENDEZ-VOUS STORE","description":"Slow Fashion for Women and Men","potentialAction":[{"@type":"SearchAction","target":{"@type":"EntryPoint","urlTemplate":"https:\/\/rendez-vous-store.com\/?s={search_term_string}"},"query-input":{"@type":"PropertyValueSpecification","valueRequired":true,"valueName":"search_term_string"}}],"inLanguage":"fr-FR"}]}},"_links":{"self":[{"href":"https:\/\/rendez-vous-store.com\/fr\/wp-json\/wp\/v2\/product\/221960","targetHints":{"allow":["GET"]}}],"collection":[{"href":"https:\/\/rendez-vous-store.com\/fr\/wp-json\/wp\/v2\/product"}],"about":[{"href":"https:\/\/rendez-vous-store.com\/fr\/wp-json\/wp\/v2\/types\/product"}],"wp:featuredmedia":[{"embeddable":true,"href":"https:\/\/rendez-vous-store.com\/fr\/wp-json\/wp\/v2\/media\/225261"}],"wp:attachment":[{"href":"https:\/\/rendez-vous-store.com\/fr\/wp-json\/wp\/v2\/media?parent=221960"}],"wp:term":[{"taxonomy":"product_brand","embeddable":true,"href":"https:\/\/rendez-vous-store.com\/fr\/wp-json\/wp\/v2\/product_brand?post=221960"},{"taxonomy":"product_cat","embeddable":true,"href":"https:\/\/rendez-vous-store.com\/fr\/wp-json\/wp\/v2\/product_cat?post=221960"},{"taxonomy":"product_tag","embeddable":true,"href":"https:\/\/rendez-vous-store.com\/fr\/wp-json\/wp\/v2\/product_tag?post=221960"}],"curies":[{"name":"wp","href":"https:\/\/api.w.org\/{rel}","templated":true}]}}