{"id":221105,"date":"2025-10-24T17:12:07","date_gmt":"2025-10-24T15:12:07","guid":{"rendered":"https:\/\/rendez-vous-store.com\/?post_type=product&#038;p=221105"},"modified":"2026-03-16T19:34:28","modified_gmt":"2026-03-16T18:34:28","slug":"stein-jacket-st-1252-dark-navy-rendez-vous-store","status":"publish","type":"product","link":"https:\/\/rendez-vous-store.com\/fr\/shop\/men-selection-discover-our-selection-rendez-vous-store\/jackets-coats-discover-our-selection\/stein-jacket-st-1252-dark-navy-rendez-vous-store\/","title":{"rendered":"Stein - Veste ST.1252 - Marine fonc\u00e9"},"content":{"rendered":"<p><strong>Stein - Veste ST.1252 - Marine fonc\u00e9<\/strong><\/p>\n<p>Couleur : Marine fonc\u00e9<\/p>\n<p>Veste \u00e0 simple boutonnage<\/p>\n<p>Largeur g\u00e9n\u00e9reuse<\/p>\n<p>Silhouette verticale<\/p>\n<p>Manches longues<\/p>\n<p>\u00c9paules tombantes<\/p>\n<p>Fermeture par bouton<\/p>\n<p>Trois poches sur le devant<\/p>\n<p>Composition : 100% Laine<\/p>\n<p>Fabriqu\u00e9 au Japon<\/p>\n<p><strong>Les mesures :\u00a0<\/strong><\/p>\n<p>Taille L : \u00c9paules : 56 cm, Poitrine : 66 cm, Manches : 66 cm, Longueur : 85 cm, Emmanchures : 28 cm<\/p>\n<p>&nbsp;<\/p>\n<p><strong>La veste<\/strong><\/p>\n<p>Ceci <strong data-start=\"209\" data-end=\"247\">STEIN \u2013 Veste ST.1252 \u2013 Bleu Marine Fonc\u00e9<\/strong> allie une coupe pr\u00e9cise, un volume subtil et une aisance contemporaine \u00e0 une pr\u00e9sence r\u00e9solument raffin\u00e9e.<br data-start=\"346\" data-end=\"349\" \/>Son tissu structur\u00e9 mais souple \u00e9pouse les lignes naturelles du corps et, par cons\u00e9quent, cr\u00e9e une silhouette \u00e9quilibr\u00e9e qui reste nette pendant le mouvement.<br data-start=\"503\" data-end=\"506\" \/>De plus, la tonalit\u00e9 bleu marine profond renforce le caract\u00e8re moderne de la veste tout en restant remarquablement polyvalente, permettant de l'associer parfaitement \u00e0 des basiques discrets, des superpositions ton sur ton, ou, alternativement, des accents plus vifs.<br data-start=\"718\" data-end=\"721\" \/>Parce que le mat\u00e9riau est trait\u00e9 pour sa durabilit\u00e9 et sa clart\u00e9 visuelle, il conserve sa texture nette, son tomb\u00e9 r\u00e9silient et sa sophistication g\u00e9n\u00e9rale au fil des utilisations quotidiennes.<br data-start=\"882\" data-end=\"885\" \/>La construction \u00e9pur\u00e9e offre une simplicit\u00e9 fonctionnelle qui, par cons\u00e9quent, soutient \u00e0 la fois les tenues formelles et les ensembles d\u00e9contract\u00e9s et discrets.<br data-start=\"1020\" data-end=\"1023\" \/>Vous pouvez le porter sur un pull fin pour une \u00e9l\u00e9gance sobre ou, alternativement, l'associer \u00e0 un pantalon habill\u00e9 pour un look confiant et contemporain.<\/p>\n<p><a href=\"https:\/\/rendez-vous-store.com\/fr\/shop\/men-selection-discover-our-selection-rendez-vous-store\/trousers-shorts-rendez-vous-store\/evan-kinori-two-pleat-pant-black-rendez-vous-store\/\">Nous aimons le voir port\u00e9 avec<\/a><\/p>\n<p>&nbsp;<\/p>\n<p><strong>La marque<\/strong><\/p>\n<p>STEIN c\u00e9l\u00e8bre l'artisanat allemand \u00e0 travers des tricots m\u00e9ticuleux et des v\u00eatements con\u00e7us avec soin.<br data-start=\"1733\" data-end=\"1736\" \/>Le designer STEIN insuffle un m\u00e9lange signature de coupe pr\u00e9cise et de modernit\u00e9 d\u00e9contract\u00e9e dans chaque silhouette, fa\u00e7onnant ainsi des pi\u00e8ces \u00e0 la fois structur\u00e9es et faciles \u00e0 porter.<br data-start=\"1926\" data-end=\"1929\" \/>Ils apportent une sensibilit\u00e9 raffin\u00e9e aux lignes \u00e9pur\u00e9es, aux proportions harmonieuses et \u00e0 la construction polyvalente.<br data-start=\"2029\" data-end=\"2032\" \/>Chaque technique artisanale assure durabilit\u00e9, confort et d\u00e9tails magnifiquement ex\u00e9cut\u00e9s ; de plus, la marque met l'accent sur des tissus qui restent doux, r\u00e9sistants et sophistiqu\u00e9s au fil du temps.<br data-start=\"2214\" data-end=\"2217\" \/>Ensemble, ces \u00e9l\u00e9ments cr\u00e9ent des tricots contemporains qui honorent le savoir-faire traditionnel tout en embrassant une \u00e9l\u00e9gance discr\u00e8tement affirm\u00e9e.<br data-start=\"2352\" data-end=\"2355\" \/>De plus, chaque pi\u00e8ce refl\u00e8te des choix de conception d\u00e9lib\u00e9r\u00e9s, des textures subtiles et une qualit\u00e9 durable qui transcende les tendances saisonni\u00e8res.<br data-start=\"2485\" data-end=\"2488\" \/>Par cons\u00e9quent, la collection trouve un \u00e9cho aupr\u00e8s des personnes qui appr\u00e9cient l'authenticit\u00e9, les mat\u00e9riaux durables et le luxe serein et discret.<\/p>\n<p>&nbsp;<\/p>\n<p><strong>La Collection<\/strong><\/p>\n<p>La collection STEIN \u00e9volue \u00e0 travers une concentration constante sur les fibres naturelles, une coupe fonctionnelle et une simplicit\u00e9 raffin\u00e9e.<br data-start=\"2774\" data-end=\"2777\" \/>Parce que les cr\u00e9ateurs privil\u00e9gient le confort sans sacrifier la structure, chaque cardigan s'adapte parfaitement \u00e0 la vie quotidienne, aux routines de bureau et aux occasions d\u00e9contract\u00e9es.<br data-start=\"2934\" data-end=\"2937\" \/>Ainsi, les pi\u00e8ces paraissent sans effort, fiables et intentionnellement con\u00e7ues pour ceux qui appr\u00e9cient le luxe discret.<br data-start=\"3049\" data-end=\"3052\" \/>De plus, chaque mod\u00e8le r\u00e9v\u00e8le un \u00e9quilibre entre douceur et structure architecturale, offrant un confort tout en conservant une silhouette \u00e9pur\u00e9e et contemporaine.<br data-start=\"3206\" data-end=\"3209\" \/>Que vous optiez pour un cardigan ajust\u00e9, un tricot d\u00e9contract\u00e9 ou une pi\u00e8ce \u00e0 superposer, le r\u00e9sultat reste intemporel, ancr\u00e9 et subtilement distinctif.<br data-start=\"3346\" data-end=\"3349\" \/>Au fil du temps, la marque a cultiv\u00e9 une client\u00e8le fid\u00e8le qui appr\u00e9cie son authenticit\u00e9 et sa philosophie de conception r\u00e9fl\u00e9chie.<br data-start=\"3465\" data-end=\"3468\" \/>Par cons\u00e9quent, de nombreux clients reviennent pour des pi\u00e8ces qui combinent un savoir-faire durable, une \u00e9l\u00e9gance fonctionnelle et une sensibilit\u00e9 moderne mais sereine.<\/p>","protected":false},"excerpt":{"rendered":"<p>STEIN &#8211; Jacket ST.1252 &#8211; Dark Navy Color: Dark Navy Single-breasted jacket Generous width Vertical silhouette Long sleeves Dropped shoulders Button closure Three front pockets Composition: 100% Wool Made in Japan The measurements:\u00a0 Size L: Shoulders: 56cm, Chest: 66cm, Sleeves: 66cm, Length: 85cm, Armholes: 28cm &nbsp; The Jacket This STEIN \u2013 Jacket ST.1252 \u2013 Dark&hellip; <a class=\"more-link\" href=\"https:\/\/rendez-vous-store.com\/fr\/shop\/men-selection-discover-our-selection-rendez-vous-store\/jackets-coats-discover-our-selection\/stein-jacket-st-1252-dark-navy-rendez-vous-store\/\">Continuer la lecture <span class=\"screen-reader-text\">Stein - Veste ST.1252 - Marine fonc\u00e9<\/span><\/a><\/p>","protected":false},"featured_media":221499,"template":"","meta":{"_acf_changed":false},"product_brand":[],"product_cat":[20,1059,53],"product_tag":[1174],"class_list":{"0":"post-221105","1":"product","2":"type-product","3":"status-publish","4":"has-post-thumbnail","6":"product_cat-men-selection-discover-our-selection-rendez-vous-store","7":"product_cat-new-men-rendez-vous-store","8":"product_cat-jackets-coats-discover-our-selection","9":"product_tag-ssstein-rendez-vous-store","10":"entry","12":"first","13":"instock","14":"taxable","15":"shipping-taxable","16":"purchasable","17":"product-type-variable"},"acf":[],"yoast_head":"<!-- This site is optimized with the Yoast SEO plugin v24.9 - https:\/\/yoast.com\/wordpress\/plugins\/seo\/ -->\n<title>STEIN - Jacket ST.1252 - Dark Navy<\/title>\n<meta name=\"description\" content=\"Stein is on Rendez-vous Store. This STEIN - Jacket ST.1252 - Dark Navy represents stillness and motion, mininal and maximal, mode and tradition.\" \/>\n<meta name=\"robots\" content=\"index, follow, max-snippet:-1, max-image-preview:large, max-video-preview:-1\" \/>\n<link rel=\"canonical\" href=\"https:\/\/rendez-vous-store.com\/fr\/shop\/men-selection-discover-our-selection-rendez-vous-store\/jackets-coats-discover-our-selection\/stein-jacket-st-1252-dark-navy-rendez-vous-store\/\" \/>\n<meta property=\"og:locale\" content=\"fr_FR\" \/>\n<meta property=\"og:type\" content=\"article\" \/>\n<meta property=\"og:title\" content=\"STEIN - Jacket ST.1252 - Dark Navy\" \/>\n<meta property=\"og:description\" content=\"Stein is on Rendez-vous Store. This STEIN - Jacket ST.1252 - Dark Navy represents stillness and motion, mininal and maximal, mode and tradition.\" \/>\n<meta property=\"og:url\" content=\"https:\/\/rendez-vous-store.com\/fr\/shop\/men-selection-discover-our-selection-rendez-vous-store\/jackets-coats-discover-our-selection\/stein-jacket-st-1252-dark-navy-rendez-vous-store\/\" \/>\n<meta property=\"og:site_name\" content=\"RENDEZ-VOUS STORE\" \/>\n<meta property=\"article:modified_time\" content=\"2026-03-16T18:34:28+00:00\" \/>\n<meta property=\"og:image\" content=\"https:\/\/rendez-vous-store.com\/app\/uploads\/2025\/10\/rdv_ssstein_25-scaled.webp\" \/>\n\t<meta property=\"og:image:width\" content=\"1696\" \/>\n\t<meta property=\"og:image:height\" content=\"2560\" \/>\n\t<meta property=\"og:image:type\" content=\"image\/webp\" \/>\n<meta name=\"twitter:card\" content=\"summary_large_image\" \/>\n<meta name=\"twitter:label1\" content=\"Est. reading time\" \/>\n\t<meta name=\"twitter:data1\" content=\"3 minutes\" \/>\n<script type=\"application\/ld+json\" class=\"yoast-schema-graph\">{\"@context\":\"https:\/\/schema.org\",\"@graph\":[{\"@type\":\"WebPage\",\"@id\":\"https:\/\/rendez-vous-store.com\/shop\/men-selection-discover-our-selection-rendez-vous-store\/jackets-coats-discover-our-selection\/stein-jacket-st-1252-dark-navy-rendez-vous-store\/\",\"url\":\"https:\/\/rendez-vous-store.com\/shop\/men-selection-discover-our-selection-rendez-vous-store\/jackets-coats-discover-our-selection\/stein-jacket-st-1252-dark-navy-rendez-vous-store\/\",\"name\":\"STEIN - Jacket ST.1252 - Dark Navy\",\"isPartOf\":{\"@id\":\"https:\/\/rendez-vous-store.com\/#website\"},\"primaryImageOfPage\":{\"@id\":\"https:\/\/rendez-vous-store.com\/shop\/men-selection-discover-our-selection-rendez-vous-store\/jackets-coats-discover-our-selection\/stein-jacket-st-1252-dark-navy-rendez-vous-store\/#primaryimage\"},\"image\":{\"@id\":\"https:\/\/rendez-vous-store.com\/shop\/men-selection-discover-our-selection-rendez-vous-store\/jackets-coats-discover-our-selection\/stein-jacket-st-1252-dark-navy-rendez-vous-store\/#primaryimage\"},\"thumbnailUrl\":\"https:\/\/rendez-vous-store.com\/app\/uploads\/2025\/10\/rdv_ssstein_25-scaled.webp\",\"datePublished\":\"2025-10-24T15:12:07+00:00\",\"dateModified\":\"2026-03-16T18:34:28+00:00\",\"description\":\"Stein is on Rendez-vous Store. This STEIN - Jacket ST.1252 - Dark Navy represents stillness and motion, mininal and maximal, mode and tradition.\",\"breadcrumb\":{\"@id\":\"https:\/\/rendez-vous-store.com\/shop\/men-selection-discover-our-selection-rendez-vous-store\/jackets-coats-discover-our-selection\/stein-jacket-st-1252-dark-navy-rendez-vous-store\/#breadcrumb\"},\"inLanguage\":\"fr-FR\",\"potentialAction\":[{\"@type\":\"ReadAction\",\"target\":[\"https:\/\/rendez-vous-store.com\/shop\/men-selection-discover-our-selection-rendez-vous-store\/jackets-coats-discover-our-selection\/stein-jacket-st-1252-dark-navy-rendez-vous-store\/\"]}]},{\"@type\":\"ImageObject\",\"inLanguage\":\"fr-FR\",\"@id\":\"https:\/\/rendez-vous-store.com\/shop\/men-selection-discover-our-selection-rendez-vous-store\/jackets-coats-discover-our-selection\/stein-jacket-st-1252-dark-navy-rendez-vous-store\/#primaryimage\",\"url\":\"https:\/\/rendez-vous-store.com\/app\/uploads\/2025\/10\/rdv_ssstein_25-scaled.webp\",\"contentUrl\":\"https:\/\/rendez-vous-store.com\/app\/uploads\/2025\/10\/rdv_ssstein_25-scaled.webp\",\"width\":1696,\"height\":2560},{\"@type\":\"BreadcrumbList\",\"@id\":\"https:\/\/rendez-vous-store.com\/shop\/men-selection-discover-our-selection-rendez-vous-store\/jackets-coats-discover-our-selection\/stein-jacket-st-1252-dark-navy-rendez-vous-store\/#breadcrumb\",\"itemListElement\":[{\"@type\":\"ListItem\",\"position\":1,\"name\":\"Home\",\"item\":\"https:\/\/rendez-vous-store.com\/\"},{\"@type\":\"ListItem\",\"position\":2,\"name\":\"Shop\",\"item\":\"https:\/\/www.rendez-vous-store.com\/shop\/\"},{\"@type\":\"ListItem\",\"position\":3,\"name\":\"STEIN &#8211; Jacket ST.1252 &#8211; Dark Navy\"}]},{\"@type\":\"WebSite\",\"@id\":\"https:\/\/rendez-vous-store.com\/#website\",\"url\":\"https:\/\/rendez-vous-store.com\/\",\"name\":\"RENDEZ-VOUS STORE\",\"description\":\"Slow Fashion for Women and Men\",\"potentialAction\":[{\"@type\":\"SearchAction\",\"target\":{\"@type\":\"EntryPoint\",\"urlTemplate\":\"https:\/\/rendez-vous-store.com\/?s={search_term_string}\"},\"query-input\":{\"@type\":\"PropertyValueSpecification\",\"valueRequired\":true,\"valueName\":\"search_term_string\"}}],\"inLanguage\":\"fr-FR\"}]}<\/script>\n<!-- \/ Yoast SEO plugin. -->","yoast_head_json":{"title":"STEIN - Jacket ST.1252 - Dark Navy","description":"Stein is on Rendez-vous Store. This STEIN - Jacket ST.1252 - Dark Navy represents stillness and motion, mininal and maximal, mode and tradition.","robots":{"index":"index","follow":"follow","max-snippet":"max-snippet:-1","max-image-preview":"max-image-preview:large","max-video-preview":"max-video-preview:-1"},"canonical":"https:\/\/rendez-vous-store.com\/fr\/shop\/men-selection-discover-our-selection-rendez-vous-store\/jackets-coats-discover-our-selection\/stein-jacket-st-1252-dark-navy-rendez-vous-store\/","og_locale":"fr_FR","og_type":"article","og_title":"STEIN - Jacket ST.1252 - Dark Navy","og_description":"Stein is on Rendez-vous Store. This STEIN - Jacket ST.1252 - Dark Navy represents stillness and motion, mininal and maximal, mode and tradition.","og_url":"https:\/\/rendez-vous-store.com\/fr\/shop\/men-selection-discover-our-selection-rendez-vous-store\/jackets-coats-discover-our-selection\/stein-jacket-st-1252-dark-navy-rendez-vous-store\/","og_site_name":"RENDEZ-VOUS STORE","article_modified_time":"2026-03-16T18:34:28+00:00","og_image":[{"width":1696,"height":2560,"url":"https:\/\/rendez-vous-store.com\/app\/uploads\/2025\/10\/rdv_ssstein_25-scaled.webp","type":"image\/webp"}],"twitter_card":"summary_large_image","twitter_misc":{"Est. reading time":"3 minutes"},"schema":{"@context":"https:\/\/schema.org","@graph":[{"@type":"WebPage","@id":"https:\/\/rendez-vous-store.com\/shop\/men-selection-discover-our-selection-rendez-vous-store\/jackets-coats-discover-our-selection\/stein-jacket-st-1252-dark-navy-rendez-vous-store\/","url":"https:\/\/rendez-vous-store.com\/shop\/men-selection-discover-our-selection-rendez-vous-store\/jackets-coats-discover-our-selection\/stein-jacket-st-1252-dark-navy-rendez-vous-store\/","name":"STEIN - Jacket ST.1252 - Dark Navy","isPartOf":{"@id":"https:\/\/rendez-vous-store.com\/#website"},"primaryImageOfPage":{"@id":"https:\/\/rendez-vous-store.com\/shop\/men-selection-discover-our-selection-rendez-vous-store\/jackets-coats-discover-our-selection\/stein-jacket-st-1252-dark-navy-rendez-vous-store\/#primaryimage"},"image":{"@id":"https:\/\/rendez-vous-store.com\/shop\/men-selection-discover-our-selection-rendez-vous-store\/jackets-coats-discover-our-selection\/stein-jacket-st-1252-dark-navy-rendez-vous-store\/#primaryimage"},"thumbnailUrl":"https:\/\/rendez-vous-store.com\/app\/uploads\/2025\/10\/rdv_ssstein_25-scaled.webp","datePublished":"2025-10-24T15:12:07+00:00","dateModified":"2026-03-16T18:34:28+00:00","description":"Stein is on Rendez-vous Store. This STEIN - Jacket ST.1252 - Dark Navy represents stillness and motion, mininal and maximal, mode and tradition.","breadcrumb":{"@id":"https:\/\/rendez-vous-store.com\/shop\/men-selection-discover-our-selection-rendez-vous-store\/jackets-coats-discover-our-selection\/stein-jacket-st-1252-dark-navy-rendez-vous-store\/#breadcrumb"},"inLanguage":"fr-FR","potentialAction":[{"@type":"ReadAction","target":["https:\/\/rendez-vous-store.com\/shop\/men-selection-discover-our-selection-rendez-vous-store\/jackets-coats-discover-our-selection\/stein-jacket-st-1252-dark-navy-rendez-vous-store\/"]}]},{"@type":"ImageObject","inLanguage":"fr-FR","@id":"https:\/\/rendez-vous-store.com\/shop\/men-selection-discover-our-selection-rendez-vous-store\/jackets-coats-discover-our-selection\/stein-jacket-st-1252-dark-navy-rendez-vous-store\/#primaryimage","url":"https:\/\/rendez-vous-store.com\/app\/uploads\/2025\/10\/rdv_ssstein_25-scaled.webp","contentUrl":"https:\/\/rendez-vous-store.com\/app\/uploads\/2025\/10\/rdv_ssstein_25-scaled.webp","width":1696,"height":2560},{"@type":"BreadcrumbList","@id":"https:\/\/rendez-vous-store.com\/shop\/men-selection-discover-our-selection-rendez-vous-store\/jackets-coats-discover-our-selection\/stein-jacket-st-1252-dark-navy-rendez-vous-store\/#breadcrumb","itemListElement":[{"@type":"ListItem","position":1,"name":"Home","item":"https:\/\/rendez-vous-store.com\/"},{"@type":"ListItem","position":2,"name":"Shop","item":"https:\/\/www.rendez-vous-store.com\/shop\/"},{"@type":"ListItem","position":3,"name":"STEIN &#8211; Jacket ST.1252 &#8211; Dark Navy"}]},{"@type":"WebSite","@id":"https:\/\/rendez-vous-store.com\/#website","url":"https:\/\/rendez-vous-store.com\/","name":"RENDEZ-VOUS STORE","description":"Slow Fashion for Women and Men","potentialAction":[{"@type":"SearchAction","target":{"@type":"EntryPoint","urlTemplate":"https:\/\/rendez-vous-store.com\/?s={search_term_string}"},"query-input":{"@type":"PropertyValueSpecification","valueRequired":true,"valueName":"search_term_string"}}],"inLanguage":"fr-FR"}]}},"_links":{"self":[{"href":"https:\/\/rendez-vous-store.com\/fr\/wp-json\/wp\/v2\/product\/221105","targetHints":{"allow":["GET"]}}],"collection":[{"href":"https:\/\/rendez-vous-store.com\/fr\/wp-json\/wp\/v2\/product"}],"about":[{"href":"https:\/\/rendez-vous-store.com\/fr\/wp-json\/wp\/v2\/types\/product"}],"wp:featuredmedia":[{"embeddable":true,"href":"https:\/\/rendez-vous-store.com\/fr\/wp-json\/wp\/v2\/media\/221499"}],"wp:attachment":[{"href":"https:\/\/rendez-vous-store.com\/fr\/wp-json\/wp\/v2\/media?parent=221105"}],"wp:term":[{"taxonomy":"product_brand","embeddable":true,"href":"https:\/\/rendez-vous-store.com\/fr\/wp-json\/wp\/v2\/product_brand?post=221105"},{"taxonomy":"product_cat","embeddable":true,"href":"https:\/\/rendez-vous-store.com\/fr\/wp-json\/wp\/v2\/product_cat?post=221105"},{"taxonomy":"product_tag","embeddable":true,"href":"https:\/\/rendez-vous-store.com\/fr\/wp-json\/wp\/v2\/product_tag?post=221105"}],"curies":[{"name":"wp","href":"https:\/\/api.w.org\/{rel}","templated":true}]}}