{"id":220855,"date":"2025-10-23T18:21:42","date_gmt":"2025-10-23T16:21:42","guid":{"rendered":"https:\/\/rendez-vous-store.com\/?post_type=product&#038;p=220855"},"modified":"2026-04-24T16:32:15","modified_gmt":"2026-04-24T14:32:15","slug":"toujours-bishop-sleeve-classic-gathered-dress-mm43dd03-black-navy-rendez-vous-store","status":"publish","type":"product","link":"https:\/\/rendez-vous-store.com\/fr\/shop\/special-offer-women-rendez-vous-store\/women-dress-special-offer-rendez-vous-store\/toujours-bishop-sleeve-classic-gathered-dress-mm43dd03-black-navy-rendez-vous-store\/","title":{"rendered":"Toujours \u2013 Robe Rassembl\u00e9e Classique \u00e0 Manches Bishop MM43DD03 \u2013 Noir Bleu Marine"},"content":{"rendered":"<p><strong>Toujours \u2013 Robe Rassembl\u00e9e Classique \u00e0 Manches Bishop MM43DD03 \u2013 Noir Bleu Marine<\/strong><\/p>\n<p>Couleur : Noir marine<\/p>\n<p>Robe longue<\/p>\n<p>Coupe d\u00e9contract\u00e9e<\/p>\n<p>Col sans col avec fermeture \u00e0 moiti\u00e9 boutonn\u00e9e sur le devant<\/p>\n<p>Taille ajustable<\/p>\n<p>Poches sur les coutures lat\u00e9rales<\/p>\n<p>\u00c9paules tombantes<\/p>\n<p>Manches longues<\/p>\n<p>Composition : 100% Coton<\/p>\n<p>Fabriqu\u00e9 au Japon<\/p>\n<p>&nbsp;<\/p>\n<p>&nbsp;<\/p>\n<p>&nbsp;<\/p>\n<p>&nbsp;<\/p>\n<p>&nbsp;<\/p>\n<p>&nbsp;<\/p>\n<p>&nbsp;<\/p>\n<p><strong>Le produit<\/strong><\/p>\n<div class=\"flex-1 overflow-hidden\">\n<div class=\"react-scroll-to-bottom--css-byiyp-79elbk h-full\">\n<div class=\"react-scroll-to-bottom--css-byiyp-1n7m0yu\">\n<div class=\"flex flex-col text-sm pb-9\">\n<div class=\"w-full text-token-text-primary\" dir=\"auto\" data-testid=\"conversation-turn-3\">\n<div class=\"px-4 py-2 justify-center text-base md:gap-6 m-auto\">\n<div class=\"flex flex-1 text-base mx-auto gap-3 juice:gap-4 juice:md:gap-6 md:px-5 lg:px-1 xl:px-5 md:max-w-3xl lg:max-w-[40rem] xl:max-w-[48rem]\">\n<div class=\"relative flex w-full flex-col agent-turn\">\n<div class=\"flex-col gap-1 md:gap-3\">\n<div class=\"flex flex-grow flex-col max-w-full\">\n<div class=\"min-h-[20px] text-message flex flex-col items-start gap-3 whitespace-pre-wrap break-words [.text-message+&amp;]:mt-5 overflow-x-auto\" dir=\"auto\" data-message-author-role=\"assistant\" data-message-id=\"e15d9e91-364d-4d9c-acb7-0c2757e9baea\">\n<div class=\"markdown prose w-full break-words dark:prose-invert light\">\n<p data-start=\"308\" data-end=\"1209\">La robe Toujours \u2013 Manches Bishop Classique Fronc\u00e9e MM43DD03 \u2013 Noir Marine allie \u00e9l\u00e9gance intemporelle et confort quotidien.<br data-start=\"433\" data-end=\"436\" \/>Son tissu l\u00e9ger drape doucement et bouge magnifiquement avec le corps.<br data-start=\"511\" data-end=\"514\" \/>De plus, la teinte bleu marine fonc\u00e9 ajoute de la profondeur et du raffinement \u00e0 toute garde-robe.<br data-start=\"587\" data-end=\"590\" \/>Les manches \u00e9v\u00eaque cr\u00e9ent une silhouette douce et volumineuse qui rehausse le charme fluide de la robe.<br data-start=\"685\" data-end=\"688\" \/>De plus, de d\u00e9licats fronces cr\u00e9ent une structure subtile tout en conservant une sensation d\u00e9contract\u00e9e et a\u00e9r\u00e9e.<br data-start=\"781\" data-end=\"784\" \/>Vous pouvez le porter seul pour un look minimaliste ou le superposer avec des v\u00eatements d'ext\u00e9rieur pour un style en couches.<br data-start=\"876\" data-end=\"879\" \/>Associ\u00e9 \u00e0 des ballerines, des bottes ou des mocassins, il se pr\u00eate \u00e0 une transition parfaite entre les saisons.<br data-start=\"961\" data-end=\"964\" \/>Par cons\u00e9quent, cette robe devient une pi\u00e8ce polyvalente adapt\u00e9e aux moments d\u00e9contract\u00e9s comme aux moments raffin\u00e9s.<br data-start=\"1058\" data-end=\"1061\" \/>En cons\u00e9quence, il offre facilit\u00e9, confort et sophistication discr\u00e8te.<br data-start=\"1130\" data-end=\"1133\" \/>En fin de compte, la MM43DD03 incarne l'\u00e9l\u00e9gance douce qui d\u00e9finit TOUJOURS.<\/p>\n<p data-start=\"308\" data-end=\"1209\">\n<p data-start=\"308\" data-end=\"1209\">\n<\/div>\n<\/div>\n<\/div>\n<\/div>\n<div class=\"react-scroll-to-bottom--css-byiyp-79elbk h-full\">\n<div class=\"react-scroll-to-bottom--css-byiyp-1n7m0yu\">\n<div class=\"flex flex-col text-sm pb-9\">\n<div class=\"w-full text-token-text-primary\" dir=\"auto\" data-testid=\"conversation-turn-3\">\n<div class=\"px-4 py-2 justify-center text-base md:gap-6 m-auto\">\n<div class=\"flex flex-1 text-base mx-auto gap-3 juice:gap-4 juice:md:gap-6 md:px-5 lg:px-1 xl:px-5 md:max-w-3xl lg:max-w-[40rem] xl:max-w-[48rem]\">\n<div class=\"relative flex w-full flex-col agent-turn\">\n<div class=\"flex-col gap-1 md:gap-3\">\n<p data-start=\"262\" data-end=\"1172\"><a href=\"https:\/\/rendez-vous-store.com\/fr\/shop\/special-offer-women-rendez-vous-store\/women-shoes-special-offer\/marsell-scivolo-marie-jane-women-mw8376-chocowine-rendez-vous-store\/\">Nous aimons le voir port\u00e9 avec<\/a><\/p>\n<p data-start=\"262\" data-end=\"1172\">\n<\/div>\n<\/div>\n<\/div>\n<p data-start=\"262\" data-end=\"1172\">\n<\/div>\n<\/div>\n<\/div>\n<\/div>\n<\/div>\n<div class=\"react-scroll-to-bottom--css-byiyp-79elbk h-full\">\n<div class=\"react-scroll-to-bottom--css-byiyp-1n7m0yu\">\n<div class=\"flex flex-col text-sm pb-9\">\n<div class=\"w-full text-token-text-primary\" dir=\"auto\" data-testid=\"conversation-turn-3\">\n<div class=\"px-4 py-2 justify-center text-base md:gap-6 m-auto\">\n<div class=\"flex flex-1 text-base mx-auto gap-3 juice:gap-4 juice:md:gap-6 md:px-5 lg:px-1 xl:px-5 md:max-w-3xl lg:max-w-[40rem] xl:max-w-[48rem]\">\n<div class=\"relative flex w-full flex-col agent-turn\">\n<div class=\"flex-col gap-1 md:gap-3\">\n<div class=\"flex flex-grow flex-col max-w-full\">\n<div class=\"min-h-[20px] text-message flex flex-col items-start gap-3 whitespace-pre-wrap break-words [.text-message+&amp;]:mt-5 overflow-x-auto\" dir=\"auto\" data-message-author-role=\"assistant\" data-message-id=\"e15d9e91-364d-4d9c-acb7-0c2757e9baea\">\n<div class=\"markdown prose w-full break-words dark:prose-invert light\">\n<p data-start=\"1193\" data-end=\"1903\"><strong>La marque<\/strong><\/p>\n<p data-start=\"1193\" data-end=\"1903\">TOUJOURS est dirig\u00e9 par la designer Masayo Shimendo, dont l'exp\u00e9rience couvre le graphisme et le packaging.<br data-start=\"1294\" data-end=\"1297\" \/>De plus, Shimendo apporte \u00e0 la marque son souci du d\u00e9tail m\u00e9ticuleux et sa passion pour l'esth\u00e9tique.<br data-start=\"1393\" data-end=\"1396\" \/>L'\u00e9tiquette s'inspire du monde naturel, privil\u00e9giant des mati\u00e8res naturelles d'une grande qualit\u00e9 et soigneusement s\u00e9lectionn\u00e9es.<br data-start=\"1512\" data-end=\"1515\" \/>Chaque tissu est choisi pour sublimer la texture, la profondeur et le potentiel expressif du v\u00eatement.<br data-start=\"1603\" data-end=\"1606\" \/>En outre, TOUJOURS cr\u00e9e des v\u00eatements qui c\u00e9l\u00e8brent le quotidien par le confort, le style et la fonctionnalit\u00e9.<br data-start=\"1719\" data-end=\"1722\" \/>Par cons\u00e9quent, chaque pi\u00e8ce encourage la confiance, la facilit\u00e9 et une garde-robe r\u00e9fl\u00e9chie.<br data-start=\"1800\" data-end=\"1803\" \/>De plus, l'accent mis par la marque sur la qualit\u00e9 garantit que les v\u00eatements restent beaux et pratiques au fil du temps.<\/p>\n<\/div>\n<\/div>\n<\/div>\n<\/div>\n<h2 data-start=\"1910\" data-end=\"1928\"><\/h2>\n<div class=\"flex-col gap-1 md:gap-3\">\n<div class=\"flex flex-grow flex-col max-w-full\">\n<div class=\"min-h-[20px] text-message flex flex-col items-start gap-3 whitespace-pre-wrap break-words [.text-message+&amp;]:mt-5 overflow-x-auto\" dir=\"auto\" data-message-author-role=\"assistant\" data-message-id=\"e15d9e91-364d-4d9c-acb7-0c2757e9baea\">\n<div class=\"markdown prose w-full break-words dark:prose-invert light\">\n<p data-start=\"1930\" data-end=\"2480\"><strong>La collection<\/strong><\/p>\n<p data-start=\"1930\" data-end=\"2480\">TOUJOURS cr\u00e9e des collections qui mettent l'accent sur la texture, la silhouette et l'\u00e9l\u00e9gance naturelle.<br data-start=\"2016\" data-end=\"2019\" \/>Chaque pi\u00e8ce allie confort, fonctionnalit\u00e9 et design raffin\u00e9 pour la vie moderne de tous les jours.<br data-start=\"2104\" data-end=\"2107\" \/>Que vous choisissiez un pantalon, un v\u00eatement d'ext\u00e9rieur ou des basiques superposables, chaque article rehausse le style personnel.<br data-start=\"2201\" data-end=\"2204\" \/>Ainsi, les collections permettent d'habiller avec confiance et expression sans effort.<br data-start=\"2285\" data-end=\"2288\" \/>Dans un monde domin\u00e9 par les tendances \u00e9ph\u00e9m\u00e8res, TOUJOURS offre un style durable ancr\u00e9 dans la qualit\u00e9.<br data-start=\"2378\" data-end=\"2381\" \/>Par cons\u00e9quent, ses v\u00eatements transforment les routines ordinaires en moments de confort et de plaisir esth\u00e9tique.<\/p>\n<p data-start=\"1930\" data-end=\"2480\">\n<\/div>\n<\/div>\n<\/div>\n<\/div>\n<\/div>\n<p data-start=\"1930\" data-end=\"2480\"><a href=\"https:\/\/www.instagram.com\/p\/DQUg_SfDxAK\/?hl=fr&amp;img_index=1\">Inspirez-vous de notre look TOUJOURS sur notre Instagram\u00a0<\/a><\/p>\n<\/div>\n<\/div>\n<\/div>\n<\/div>\n<\/div>\n<\/div>\n<\/div>\n<\/div>\n<\/div>\n<\/div>\n<\/div>\n<\/div>\n<\/div>\n<\/div>","protected":false},"excerpt":{"rendered":"<p>Toujours \u2013 Robe boutonn\u00e9e classique \u00e0 manches Bishop MM43DD03 \u2013 Noir Marine Couleur : Noir Marine Robe longue Coupe d\u00e9contract\u00e9e Col rond avec fermeture boutonn\u00e9e \u00e0 moiti\u00e9 sur le devant Taille r\u00e9glable Poches lat\u00e9rales Couture \u00c9paules tombantes Manches longues Composition : 100% Coton Fabriqu\u00e9 au Japon \u00a0 \u00a0 \u00a0 \u00a0 \u00a0 \u00a0 \u00a0 Le produit La Toujours \u2013 Robe boutonn\u00e9e classique \u00e0 manches Bishop\u2026 <a class=\"more-link\" href=\"https:\/\/rendez-vous-store.com\/fr\/shop\/special-offer-women-rendez-vous-store\/women-dress-special-offer-rendez-vous-store\/toujours-bishop-sleeve-classic-gathered-dress-mm43dd03-black-navy-rendez-vous-store\/\">Continuer la lecture <span class=\"screen-reader-text\">Toujours \u2013 Robe Rassembl\u00e9e Classique \u00e0 Manches Bishop MM43DD03 \u2013 Noir Bleu Marine<\/span><\/a><\/p>","protected":false},"featured_media":220997,"template":"","meta":{"_acf_changed":false},"product_brand":[],"product_cat":[1232,1337,1335,17,376],"product_tag":[725],"class_list":{"0":"post-220855","1":"product","2":"type-product","3":"status-publish","4":"has-post-thumbnail","6":"product_cat-sale-40","7":"product_cat-women-dress-special-offer-rendez-vous-store","8":"product_cat-special-offer-women-rendez-vous-store","9":"product_cat-women","10":"product_cat-women-dresses-rendez-vous-store","11":"product_tag-toujours-japan-clothing-rendez-vous-store","12":"entry","14":"first","15":"outofstock","16":"taxable","17":"shipping-taxable","18":"product-type-variable"},"acf":[],"yoast_head":"<!-- This site is optimized with the Yoast SEO plugin v24.9 - https:\/\/yoast.com\/wordpress\/plugins\/seo\/ -->\n<title>Toujours - Bishop Sleeve Classic Gathered Dress MM43DD03 - Black Navy<\/title>\n<meta name=\"description\" content=\"This Toujours Bishop Sleeve Classic Gathered Dress MM43DD03 Black Navy perfectly represents the value of the brand by using the natural materials.\" \/>\n<meta name=\"robots\" content=\"index, follow, max-snippet:-1, max-image-preview:large, max-video-preview:-1\" \/>\n<link rel=\"canonical\" href=\"https:\/\/rendez-vous-store.com\/fr\/shop\/special-offer-women-rendez-vous-store\/women-dress-special-offer-rendez-vous-store\/toujours-bishop-sleeve-classic-gathered-dress-mm43dd03-black-navy-rendez-vous-store\/\" \/>\n<meta property=\"og:locale\" content=\"fr_FR\" \/>\n<meta property=\"og:type\" content=\"article\" \/>\n<meta property=\"og:title\" content=\"Toujours - Bishop Sleeve Classic Gathered Dress MM43DD03 - Black Navy\" \/>\n<meta property=\"og:description\" content=\"This Toujours Bishop Sleeve Classic Gathered Dress MM43DD03 Black Navy perfectly represents the value of the brand by using the natural materials.\" \/>\n<meta property=\"og:url\" content=\"https:\/\/rendez-vous-store.com\/fr\/shop\/special-offer-women-rendez-vous-store\/women-dress-special-offer-rendez-vous-store\/toujours-bishop-sleeve-classic-gathered-dress-mm43dd03-black-navy-rendez-vous-store\/\" \/>\n<meta property=\"og:site_name\" content=\"RENDEZ-VOUS STORE\" \/>\n<meta property=\"article:modified_time\" content=\"2026-04-24T14:32:15+00:00\" \/>\n<meta property=\"og:image\" content=\"https:\/\/rendez-vous-store.com\/app\/uploads\/2025\/10\/IMG_1354-min-scaled.webp\" \/>\n\t<meta property=\"og:image:width\" content=\"1707\" \/>\n\t<meta property=\"og:image:height\" content=\"2560\" \/>\n\t<meta property=\"og:image:type\" content=\"image\/webp\" \/>\n<meta name=\"twitter:card\" content=\"summary_large_image\" \/>\n<meta name=\"twitter:label1\" content=\"Est. reading time\" \/>\n\t<meta name=\"twitter:data1\" content=\"2 minutes\" \/>\n<script type=\"application\/ld+json\" class=\"yoast-schema-graph\">{\"@context\":\"https:\/\/schema.org\",\"@graph\":[{\"@type\":\"WebPage\",\"@id\":\"https:\/\/rendez-vous-store.com\/shop\/special-offer-women-rendez-vous-store\/women-dress-special-offer-rendez-vous-store\/toujours-bishop-sleeve-classic-gathered-dress-mm43dd03-black-navy-rendez-vous-store\/\",\"url\":\"https:\/\/rendez-vous-store.com\/shop\/special-offer-women-rendez-vous-store\/women-dress-special-offer-rendez-vous-store\/toujours-bishop-sleeve-classic-gathered-dress-mm43dd03-black-navy-rendez-vous-store\/\",\"name\":\"Toujours - Bishop Sleeve Classic Gathered Dress MM43DD03 - Black Navy\",\"isPartOf\":{\"@id\":\"https:\/\/rendez-vous-store.com\/#website\"},\"primaryImageOfPage\":{\"@id\":\"https:\/\/rendez-vous-store.com\/shop\/special-offer-women-rendez-vous-store\/women-dress-special-offer-rendez-vous-store\/toujours-bishop-sleeve-classic-gathered-dress-mm43dd03-black-navy-rendez-vous-store\/#primaryimage\"},\"image\":{\"@id\":\"https:\/\/rendez-vous-store.com\/shop\/special-offer-women-rendez-vous-store\/women-dress-special-offer-rendez-vous-store\/toujours-bishop-sleeve-classic-gathered-dress-mm43dd03-black-navy-rendez-vous-store\/#primaryimage\"},\"thumbnailUrl\":\"https:\/\/rendez-vous-store.com\/app\/uploads\/2025\/10\/IMG_1354-min-scaled.webp\",\"datePublished\":\"2025-10-23T16:21:42+00:00\",\"dateModified\":\"2026-04-24T14:32:15+00:00\",\"description\":\"This Toujours Bishop Sleeve Classic Gathered Dress MM43DD03 Black Navy perfectly represents the value of the brand by using the natural materials.\",\"breadcrumb\":{\"@id\":\"https:\/\/rendez-vous-store.com\/shop\/special-offer-women-rendez-vous-store\/women-dress-special-offer-rendez-vous-store\/toujours-bishop-sleeve-classic-gathered-dress-mm43dd03-black-navy-rendez-vous-store\/#breadcrumb\"},\"inLanguage\":\"fr-FR\",\"potentialAction\":[{\"@type\":\"ReadAction\",\"target\":[\"https:\/\/rendez-vous-store.com\/shop\/special-offer-women-rendez-vous-store\/women-dress-special-offer-rendez-vous-store\/toujours-bishop-sleeve-classic-gathered-dress-mm43dd03-black-navy-rendez-vous-store\/\"]}]},{\"@type\":\"ImageObject\",\"inLanguage\":\"fr-FR\",\"@id\":\"https:\/\/rendez-vous-store.com\/shop\/special-offer-women-rendez-vous-store\/women-dress-special-offer-rendez-vous-store\/toujours-bishop-sleeve-classic-gathered-dress-mm43dd03-black-navy-rendez-vous-store\/#primaryimage\",\"url\":\"https:\/\/rendez-vous-store.com\/app\/uploads\/2025\/10\/IMG_1354-min-scaled.webp\",\"contentUrl\":\"https:\/\/rendez-vous-store.com\/app\/uploads\/2025\/10\/IMG_1354-min-scaled.webp\",\"width\":1707,\"height\":2560},{\"@type\":\"BreadcrumbList\",\"@id\":\"https:\/\/rendez-vous-store.com\/shop\/special-offer-women-rendez-vous-store\/women-dress-special-offer-rendez-vous-store\/toujours-bishop-sleeve-classic-gathered-dress-mm43dd03-black-navy-rendez-vous-store\/#breadcrumb\",\"itemListElement\":[{\"@type\":\"ListItem\",\"position\":1,\"name\":\"Home\",\"item\":\"https:\/\/rendez-vous-store.com\/\"},{\"@type\":\"ListItem\",\"position\":2,\"name\":\"Shop\",\"item\":\"https:\/\/www.rendez-vous-store.com\/shop\/\"},{\"@type\":\"ListItem\",\"position\":3,\"name\":\"Toujours &#8211; Bishop Sleeve Classic Gathered Dress MM43DD03 &#8211; Black Navy\"}]},{\"@type\":\"WebSite\",\"@id\":\"https:\/\/rendez-vous-store.com\/#website\",\"url\":\"https:\/\/rendez-vous-store.com\/\",\"name\":\"RENDEZ-VOUS STORE\",\"description\":\"Slow Fashion for Women and Men\",\"potentialAction\":[{\"@type\":\"SearchAction\",\"target\":{\"@type\":\"EntryPoint\",\"urlTemplate\":\"https:\/\/rendez-vous-store.com\/?s={search_term_string}\"},\"query-input\":{\"@type\":\"PropertyValueSpecification\",\"valueRequired\":true,\"valueName\":\"search_term_string\"}}],\"inLanguage\":\"fr-FR\"}]}<\/script>\n<!-- \/ Yoast SEO plugin. -->","yoast_head_json":{"title":"Toujours - Bishop Sleeve Classic Gathered Dress MM43DD03 - Black Navy","description":"This Toujours Bishop Sleeve Classic Gathered Dress MM43DD03 Black Navy perfectly represents the value of the brand by using the natural materials.","robots":{"index":"index","follow":"follow","max-snippet":"max-snippet:-1","max-image-preview":"max-image-preview:large","max-video-preview":"max-video-preview:-1"},"canonical":"https:\/\/rendez-vous-store.com\/fr\/shop\/special-offer-women-rendez-vous-store\/women-dress-special-offer-rendez-vous-store\/toujours-bishop-sleeve-classic-gathered-dress-mm43dd03-black-navy-rendez-vous-store\/","og_locale":"fr_FR","og_type":"article","og_title":"Toujours - Bishop Sleeve Classic Gathered Dress MM43DD03 - Black Navy","og_description":"This Toujours Bishop Sleeve Classic Gathered Dress MM43DD03 Black Navy perfectly represents the value of the brand by using the natural materials.","og_url":"https:\/\/rendez-vous-store.com\/fr\/shop\/special-offer-women-rendez-vous-store\/women-dress-special-offer-rendez-vous-store\/toujours-bishop-sleeve-classic-gathered-dress-mm43dd03-black-navy-rendez-vous-store\/","og_site_name":"RENDEZ-VOUS STORE","article_modified_time":"2026-04-24T14:32:15+00:00","og_image":[{"width":1707,"height":2560,"url":"https:\/\/rendez-vous-store.com\/app\/uploads\/2025\/10\/IMG_1354-min-scaled.webp","type":"image\/webp"}],"twitter_card":"summary_large_image","twitter_misc":{"Est. reading time":"2 minutes"},"schema":{"@context":"https:\/\/schema.org","@graph":[{"@type":"WebPage","@id":"https:\/\/rendez-vous-store.com\/shop\/special-offer-women-rendez-vous-store\/women-dress-special-offer-rendez-vous-store\/toujours-bishop-sleeve-classic-gathered-dress-mm43dd03-black-navy-rendez-vous-store\/","url":"https:\/\/rendez-vous-store.com\/shop\/special-offer-women-rendez-vous-store\/women-dress-special-offer-rendez-vous-store\/toujours-bishop-sleeve-classic-gathered-dress-mm43dd03-black-navy-rendez-vous-store\/","name":"Toujours - Bishop Sleeve Classic Gathered Dress MM43DD03 - Black Navy","isPartOf":{"@id":"https:\/\/rendez-vous-store.com\/#website"},"primaryImageOfPage":{"@id":"https:\/\/rendez-vous-store.com\/shop\/special-offer-women-rendez-vous-store\/women-dress-special-offer-rendez-vous-store\/toujours-bishop-sleeve-classic-gathered-dress-mm43dd03-black-navy-rendez-vous-store\/#primaryimage"},"image":{"@id":"https:\/\/rendez-vous-store.com\/shop\/special-offer-women-rendez-vous-store\/women-dress-special-offer-rendez-vous-store\/toujours-bishop-sleeve-classic-gathered-dress-mm43dd03-black-navy-rendez-vous-store\/#primaryimage"},"thumbnailUrl":"https:\/\/rendez-vous-store.com\/app\/uploads\/2025\/10\/IMG_1354-min-scaled.webp","datePublished":"2025-10-23T16:21:42+00:00","dateModified":"2026-04-24T14:32:15+00:00","description":"This Toujours Bishop Sleeve Classic Gathered Dress MM43DD03 Black Navy perfectly represents the value of the brand by using the natural materials.","breadcrumb":{"@id":"https:\/\/rendez-vous-store.com\/shop\/special-offer-women-rendez-vous-store\/women-dress-special-offer-rendez-vous-store\/toujours-bishop-sleeve-classic-gathered-dress-mm43dd03-black-navy-rendez-vous-store\/#breadcrumb"},"inLanguage":"fr-FR","potentialAction":[{"@type":"ReadAction","target":["https:\/\/rendez-vous-store.com\/shop\/special-offer-women-rendez-vous-store\/women-dress-special-offer-rendez-vous-store\/toujours-bishop-sleeve-classic-gathered-dress-mm43dd03-black-navy-rendez-vous-store\/"]}]},{"@type":"ImageObject","inLanguage":"fr-FR","@id":"https:\/\/rendez-vous-store.com\/shop\/special-offer-women-rendez-vous-store\/women-dress-special-offer-rendez-vous-store\/toujours-bishop-sleeve-classic-gathered-dress-mm43dd03-black-navy-rendez-vous-store\/#primaryimage","url":"https:\/\/rendez-vous-store.com\/app\/uploads\/2025\/10\/IMG_1354-min-scaled.webp","contentUrl":"https:\/\/rendez-vous-store.com\/app\/uploads\/2025\/10\/IMG_1354-min-scaled.webp","width":1707,"height":2560},{"@type":"BreadcrumbList","@id":"https:\/\/rendez-vous-store.com\/shop\/special-offer-women-rendez-vous-store\/women-dress-special-offer-rendez-vous-store\/toujours-bishop-sleeve-classic-gathered-dress-mm43dd03-black-navy-rendez-vous-store\/#breadcrumb","itemListElement":[{"@type":"ListItem","position":1,"name":"Home","item":"https:\/\/rendez-vous-store.com\/"},{"@type":"ListItem","position":2,"name":"Shop","item":"https:\/\/www.rendez-vous-store.com\/shop\/"},{"@type":"ListItem","position":3,"name":"Toujours &#8211; Bishop Sleeve Classic Gathered Dress MM43DD03 &#8211; Black Navy"}]},{"@type":"WebSite","@id":"https:\/\/rendez-vous-store.com\/#website","url":"https:\/\/rendez-vous-store.com\/","name":"RENDEZ-VOUS STORE","description":"Slow Fashion for Women and Men","potentialAction":[{"@type":"SearchAction","target":{"@type":"EntryPoint","urlTemplate":"https:\/\/rendez-vous-store.com\/?s={search_term_string}"},"query-input":{"@type":"PropertyValueSpecification","valueRequired":true,"valueName":"search_term_string"}}],"inLanguage":"fr-FR"}]}},"_links":{"self":[{"href":"https:\/\/rendez-vous-store.com\/fr\/wp-json\/wp\/v2\/product\/220855","targetHints":{"allow":["GET"]}}],"collection":[{"href":"https:\/\/rendez-vous-store.com\/fr\/wp-json\/wp\/v2\/product"}],"about":[{"href":"https:\/\/rendez-vous-store.com\/fr\/wp-json\/wp\/v2\/types\/product"}],"wp:featuredmedia":[{"embeddable":true,"href":"https:\/\/rendez-vous-store.com\/fr\/wp-json\/wp\/v2\/media\/220997"}],"wp:attachment":[{"href":"https:\/\/rendez-vous-store.com\/fr\/wp-json\/wp\/v2\/media?parent=220855"}],"wp:term":[{"taxonomy":"product_brand","embeddable":true,"href":"https:\/\/rendez-vous-store.com\/fr\/wp-json\/wp\/v2\/product_brand?post=220855"},{"taxonomy":"product_cat","embeddable":true,"href":"https:\/\/rendez-vous-store.com\/fr\/wp-json\/wp\/v2\/product_cat?post=220855"},{"taxonomy":"product_tag","embeddable":true,"href":"https:\/\/rendez-vous-store.com\/fr\/wp-json\/wp\/v2\/product_tag?post=220855"}],"curies":[{"name":"wp","href":"https:\/\/api.w.org\/{rel}","templated":true}]}}