{"id":220845,"date":"2025-10-23T18:21:43","date_gmt":"2025-10-23T16:21:43","guid":{"rendered":"https:\/\/rendez-vous-store.com\/?post_type=product&#038;p=220845"},"modified":"2026-03-16T19:31:45","modified_gmt":"2026-03-16T18:31:45","slug":"toujours-2-in-pleat-baggy-pants-tm43rp05-heather-oatmeal-rendez-vous-store","status":"publish","type":"product","link":"https:\/\/rendez-vous-store.com\/fr\/shop\/special-offer-women-rendez-vous-store\/women-trousers-special-offer\/toujours-2-in-pleat-baggy-pants-tm43rp05-heather-oatmeal-rendez-vous-store\/","title":{"rendered":"Toujours \u2013 Pantalon ample \u00e0 double pli TM43RP05 \u2013 Oatmeal chin\u00e9"},"content":{"rendered":"<p><strong>Toujours \u2013 Pantalon ample \u00e0 double pli TM43RP05 \u2013 Oatmeal chin\u00e9<\/strong><\/p>\n<p>Couleur : Chanvre Cendr\u00e9<\/p>\n<p>Silhouette d\u00e9contract\u00e9e<\/p>\n<p>Passant de ceinture<\/p>\n<p>Taille \u00e9lastique<\/p>\n<p>Poches sur les coutures lat\u00e9rales<\/p>\n<p>Composition : 100% Coton<\/p>\n<p>Fabriqu\u00e9 au Japon<\/p>\n<p>&nbsp;<\/p>\n<p>&nbsp;<\/p>\n<p>&nbsp;<\/p>\n<p>&nbsp;<\/p>\n<p>&nbsp;<\/p>\n<p>&nbsp;<\/p>\n<div class=\"flex-1 overflow-hidden\">\n<div class=\"react-scroll-to-bottom--css-byiyp-79elbk h-full\">\n<div class=\"react-scroll-to-bottom--css-byiyp-1n7m0yu\">\n<div class=\"flex flex-col text-sm pb-9\">\n<div class=\"w-full text-token-text-primary\" dir=\"auto\" data-testid=\"conversation-turn-3\">\n<div class=\"px-4 py-2 justify-center text-base md:gap-6 m-auto\">\n<div class=\"flex flex-1 text-base mx-auto gap-3 juice:gap-4 juice:md:gap-6 md:px-5 lg:px-1 xl:px-5 md:max-w-3xl lg:max-w-[40rem] xl:max-w-[48rem]\">\n<div class=\"relative flex w-full flex-col agent-turn\">\n<div class=\"flex-col gap-1 md:gap-3\">\n<div class=\"flex flex-grow flex-col max-w-full\">\n<div class=\"min-h-[20px] text-message flex flex-col items-start gap-3 whitespace-pre-wrap break-words [.text-message+&amp;]:mt-5 overflow-x-auto\" dir=\"auto\" data-message-author-role=\"assistant\" data-message-id=\"e15d9e91-364d-4d9c-acb7-0c2757e9baea\">\n<div class=\"markdown prose w-full break-words dark:prose-invert light\">\n<p data-start=\"262\" data-end=\"1172\"><strong>Le produit<\/strong><\/p>\n<p data-start=\"262\" data-end=\"1172\">Le pantalon ample \u00e0 deux plis Toujours \u2013 TM43RP05 \u2013 Heather Oatmeal allie une coupe d\u00e9contract\u00e9e \u00e0 un savoir-faire de qualit\u00e9 sup\u00e9rieure.<br data-start=\"383\" data-end=\"386\" \/>Son tissu doux est l\u00e9ger, respirant et parfait pour \u00eatre port\u00e9 toute la journ\u00e9e.<br data-start=\"462\" data-end=\"465\" \/>De plus, la couleur avoine bruy\u00e8re ajoute une chaleur subtile et une polyvalence \u00e0 toute garde-robe.<br data-start=\"552\" data-end=\"555\" \/>La coupe ample et pliss\u00e9e permet une libert\u00e9 de mouvement tout en conservant une silhouette raffin\u00e9e et moderne.<br data-start=\"653\" data-end=\"656\" \/>De plus, des coutures pr\u00e9cises et des lignes nettes soulignent la qualit\u00e9 et la durabilit\u00e9 du v\u00eatement.<br data-start=\"750\" data-end=\"753\" \/>Vous pouvez l'associer \u00e0 un chemisier, un pull ou un haut tailleur pour un style polyvalent.<br data-start=\"832\" data-end=\"835\" \/>Portez-les avec des baskets pour des looks d\u00e9contract\u00e9s ou des mocassins pour des tenues plus habill\u00e9es.<br data-start=\"908\" data-end=\"911\" \/>Par cons\u00e9quent, ce pantalon rehausse le style quotidien tout en restant simple et pratique.<br data-start=\"1004\" data-end=\"1007\" \/>En cons\u00e9quence, le TM43RP05 devient une pi\u00e8ce ma\u00eetresse pour un style contemporain et confortable.<br data-start=\"1089\" data-end=\"1092\" \/>En fin de compte, ils incarnent l'\u00e9quilibre entre la facilit\u00e9, la texture et un savoir-faire durable.<\/p>\n<\/div>\n<p data-start=\"262\" data-end=\"1172\">\n<\/div>\n<\/div>\n<p data-start=\"262\" data-end=\"1172\"><a href=\"https:\/\/rendez-vous-store.com\/fr\/shop\/women\/women-shirts-discover-our-selection-rendez-vous-store\/toujours-side-string-blouson-shirt-ym43ps01-white-gray-rendez-vous-store\/\">Nous aimons le voir port\u00e9 avec<\/a><\/p>\n<\/div>\n<\/div>\n<\/div>\n<\/div>\n<\/div>\n<\/div>\n<\/div>\n<\/div>\n<div class=\"react-scroll-to-bottom--css-byiyp-79elbk h-full\">\n<div class=\"react-scroll-to-bottom--css-byiyp-1n7m0yu\">\n<div class=\"flex flex-col text-sm pb-9\">\n<div class=\"w-full text-token-text-primary\" dir=\"auto\" data-testid=\"conversation-turn-3\">\n<div class=\"px-4 py-2 justify-center text-base md:gap-6 m-auto\">\n<div class=\"flex flex-1 text-base mx-auto gap-3 juice:gap-4 juice:md:gap-6 md:px-5 lg:px-1 xl:px-5 md:max-w-3xl lg:max-w-[40rem] xl:max-w-[48rem]\">\n<div class=\"relative flex w-full flex-col agent-turn\">\n<div class=\"flex-col gap-1 md:gap-3\">\n<div class=\"flex flex-grow flex-col max-w-full\">\n<div class=\"min-h-[20px] text-message flex flex-col items-start gap-3 whitespace-pre-wrap break-words [.text-message+&amp;]:mt-5 overflow-x-auto\" dir=\"auto\" data-message-author-role=\"assistant\" data-message-id=\"e15d9e91-364d-4d9c-acb7-0c2757e9baea\">\n<div class=\"markdown prose w-full break-words dark:prose-invert light\">\n<p data-start=\"1193\" data-end=\"1903\"><strong>La marque<\/strong><\/p>\n<p data-start=\"1193\" data-end=\"1903\">TOUJOURS est dirig\u00e9 par la designer Masayo Shimendo, dont l'exp\u00e9rience couvre le graphisme et le packaging.<br data-start=\"1294\" data-end=\"1297\" \/>De plus, Shimendo apporte \u00e0 la marque son souci du d\u00e9tail m\u00e9ticuleux et sa passion pour l'esth\u00e9tique.<br data-start=\"1393\" data-end=\"1396\" \/>L'\u00e9tiquette s'inspire du monde naturel, privil\u00e9giant des mati\u00e8res naturelles d'une grande qualit\u00e9 et soigneusement s\u00e9lectionn\u00e9es.<br data-start=\"1512\" data-end=\"1515\" \/>Chaque tissu est choisi pour sublimer la texture, la profondeur et le potentiel expressif du v\u00eatement.<br data-start=\"1603\" data-end=\"1606\" \/>En outre, TOUJOURS cr\u00e9e des v\u00eatements qui c\u00e9l\u00e8brent le quotidien par le confort, le style et la fonctionnalit\u00e9.<br data-start=\"1719\" data-end=\"1722\" \/>Par cons\u00e9quent, chaque pi\u00e8ce encourage la confiance, la facilit\u00e9 et une garde-robe r\u00e9fl\u00e9chie.<br data-start=\"1800\" data-end=\"1803\" \/>De plus, l'accent mis par la marque sur la qualit\u00e9 garantit que les v\u00eatements restent beaux et pratiques au fil du temps.<\/p>\n<\/div>\n<\/div>\n<\/div>\n<\/div>\n<h2 data-start=\"1910\" data-end=\"1928\"><\/h2>\n<div class=\"flex-col gap-1 md:gap-3\">\n<div class=\"flex flex-grow flex-col max-w-full\">\n<div class=\"min-h-[20px] text-message flex flex-col items-start gap-3 whitespace-pre-wrap break-words [.text-message+&amp;]:mt-5 overflow-x-auto\" dir=\"auto\" data-message-author-role=\"assistant\" data-message-id=\"e15d9e91-364d-4d9c-acb7-0c2757e9baea\">\n<div class=\"markdown prose w-full break-words dark:prose-invert light\">\n<p data-start=\"1930\" data-end=\"2480\"><strong>La collection<\/strong><\/p>\n<p data-start=\"1930\" data-end=\"2480\">TOUJOURS cr\u00e9e des collections qui mettent l'accent sur la texture, la silhouette et l'\u00e9l\u00e9gance naturelle.<br data-start=\"2016\" data-end=\"2019\" \/>Chaque pi\u00e8ce allie confort, fonctionnalit\u00e9 et design raffin\u00e9 pour la vie moderne de tous les jours.<br data-start=\"2104\" data-end=\"2107\" \/>Que vous choisissiez un pantalon, un v\u00eatement d'ext\u00e9rieur ou des basiques superposables, chaque article rehausse le style personnel.<br data-start=\"2201\" data-end=\"2204\" \/>Ainsi, les collections permettent d'habiller avec confiance et expression sans effort.<br data-start=\"2285\" data-end=\"2288\" \/>Dans un monde domin\u00e9 par les tendances \u00e9ph\u00e9m\u00e8res, TOUJOURS offre un style durable ancr\u00e9 dans la qualit\u00e9.<br data-start=\"2378\" data-end=\"2381\" \/>Par cons\u00e9quent, ses v\u00eatements transforment les routines ordinaires en moments de confort et de plaisir esth\u00e9tique.<\/p>\n<p data-start=\"1930\" data-end=\"2480\">\n<\/div>\n<\/div>\n<\/div>\n<\/div>\n<\/div>\n<p data-start=\"1930\" data-end=\"2480\"><a href=\"https:\/\/www.instagram.com\/p\/DQUg_SfDxAK\/?hl=fr&amp;img_index=1\">Inspirez-vous de notre look TOUJOURS sur notre Instagram\u00a0<\/a><\/p>\n<\/div>\n<\/div>\n<\/div>\n<\/div>\n<\/div>\n<\/div>\n<\/div>","protected":false},"excerpt":{"rendered":"<p>Toujours &#8211; 2 In-pleat Baggy Pants TM43RP05 &#8211; Heather Oatmeal Color: Heather Oatmeal Relaxed silhouette Belt loop Elasticated waistband Side seam pockets Composition: 100% Cotton Made in Japan &nbsp; &nbsp; &nbsp; &nbsp; &nbsp; &nbsp; The product The Toujours \u2013 2 In-pleat Baggy Pants TM43RP05 \u2013 Heather Oatmeal blends relaxed tailoring with premium craftsmanship.Its soft fabric&hellip; <a class=\"more-link\" href=\"https:\/\/rendez-vous-store.com\/fr\/shop\/special-offer-women-rendez-vous-store\/women-trousers-special-offer\/toujours-2-in-pleat-baggy-pants-tm43rp05-heather-oatmeal-rendez-vous-store\/\">Continuer la lecture <span class=\"screen-reader-text\">Toujours \u2013 Pantalon ample \u00e0 double pli TM43RP05 \u2013 Oatmeal chin\u00e9<\/span><\/a><\/p>","protected":false},"featured_media":221039,"template":"","meta":{"_acf_changed":false},"product_brand":[],"product_cat":[1292,1335,1341,17,182],"product_tag":[725],"class_list":{"0":"post-220845","1":"product","2":"type-product","3":"status-publish","4":"has-post-thumbnail","6":"product_cat-1292","7":"product_cat-special-offer-women-rendez-vous-store","8":"product_cat-women-trousers-special-offer","9":"product_cat-women","10":"product_cat-trousers-skirts-discover-our-selection-rendez-vous-store","11":"product_tag-toujours-japan-clothing-rendez-vous-store","12":"entry","14":"first","15":"instock","16":"taxable","17":"shipping-taxable","18":"purchasable","19":"product-type-variable"},"acf":[],"yoast_head":"<!-- This site is optimized with the Yoast SEO plugin v24.9 - https:\/\/yoast.com\/wordpress\/plugins\/seo\/ -->\n<title>Toujours - 2 In-pleat Baggy Pants TM43RP05 - Heather Oatmeal<\/title>\n<meta name=\"description\" content=\"This Toujours 2 In-pleat Baggy Pants TM43RP05 Heather Oatmeal perfectly represents the value of the brand by using the natural materials.\" \/>\n<meta name=\"robots\" content=\"index, follow, max-snippet:-1, max-image-preview:large, max-video-preview:-1\" \/>\n<link rel=\"canonical\" href=\"https:\/\/rendez-vous-store.com\/fr\/shop\/special-offer-women-rendez-vous-store\/women-trousers-special-offer\/toujours-2-in-pleat-baggy-pants-tm43rp05-heather-oatmeal-rendez-vous-store\/\" \/>\n<meta property=\"og:locale\" content=\"fr_FR\" \/>\n<meta property=\"og:type\" content=\"article\" \/>\n<meta property=\"og:title\" content=\"Toujours - 2 In-pleat Baggy Pants TM43RP05 - Heather Oatmeal\" \/>\n<meta property=\"og:description\" content=\"This Toujours 2 In-pleat Baggy Pants TM43RP05 Heather Oatmeal perfectly represents the value of the brand by using the natural materials.\" \/>\n<meta property=\"og:url\" content=\"https:\/\/rendez-vous-store.com\/fr\/shop\/special-offer-women-rendez-vous-store\/women-trousers-special-offer\/toujours-2-in-pleat-baggy-pants-tm43rp05-heather-oatmeal-rendez-vous-store\/\" \/>\n<meta property=\"og:site_name\" content=\"RENDEZ-VOUS STORE\" \/>\n<meta property=\"article:modified_time\" content=\"2026-03-16T18:31:45+00:00\" \/>\n<meta property=\"og:image\" content=\"https:\/\/rendez-vous-store.com\/app\/uploads\/2025\/10\/IMG_1291-min-scaled.webp\" \/>\n\t<meta property=\"og:image:width\" content=\"1707\" \/>\n\t<meta property=\"og:image:height\" content=\"2560\" \/>\n\t<meta property=\"og:image:type\" content=\"image\/webp\" \/>\n<meta name=\"twitter:card\" content=\"summary_large_image\" \/>\n<meta name=\"twitter:label1\" content=\"Est. reading time\" \/>\n\t<meta name=\"twitter:data1\" content=\"2 minutes\" \/>\n<script type=\"application\/ld+json\" class=\"yoast-schema-graph\">{\"@context\":\"https:\/\/schema.org\",\"@graph\":[{\"@type\":\"WebPage\",\"@id\":\"https:\/\/rendez-vous-store.com\/shop\/special-offer-women-rendez-vous-store\/women-trousers-special-offer\/toujours-2-in-pleat-baggy-pants-tm43rp05-heather-oatmeal-rendez-vous-store\/\",\"url\":\"https:\/\/rendez-vous-store.com\/shop\/special-offer-women-rendez-vous-store\/women-trousers-special-offer\/toujours-2-in-pleat-baggy-pants-tm43rp05-heather-oatmeal-rendez-vous-store\/\",\"name\":\"Toujours - 2 In-pleat Baggy Pants TM43RP05 - Heather Oatmeal\",\"isPartOf\":{\"@id\":\"https:\/\/rendez-vous-store.com\/#website\"},\"primaryImageOfPage\":{\"@id\":\"https:\/\/rendez-vous-store.com\/shop\/special-offer-women-rendez-vous-store\/women-trousers-special-offer\/toujours-2-in-pleat-baggy-pants-tm43rp05-heather-oatmeal-rendez-vous-store\/#primaryimage\"},\"image\":{\"@id\":\"https:\/\/rendez-vous-store.com\/shop\/special-offer-women-rendez-vous-store\/women-trousers-special-offer\/toujours-2-in-pleat-baggy-pants-tm43rp05-heather-oatmeal-rendez-vous-store\/#primaryimage\"},\"thumbnailUrl\":\"https:\/\/rendez-vous-store.com\/app\/uploads\/2025\/10\/IMG_1291-min-scaled.webp\",\"datePublished\":\"2025-10-23T16:21:43+00:00\",\"dateModified\":\"2026-03-16T18:31:45+00:00\",\"description\":\"This Toujours 2 In-pleat Baggy Pants TM43RP05 Heather Oatmeal perfectly represents the value of the brand by using the natural materials.\",\"breadcrumb\":{\"@id\":\"https:\/\/rendez-vous-store.com\/shop\/special-offer-women-rendez-vous-store\/women-trousers-special-offer\/toujours-2-in-pleat-baggy-pants-tm43rp05-heather-oatmeal-rendez-vous-store\/#breadcrumb\"},\"inLanguage\":\"fr-FR\",\"potentialAction\":[{\"@type\":\"ReadAction\",\"target\":[\"https:\/\/rendez-vous-store.com\/shop\/special-offer-women-rendez-vous-store\/women-trousers-special-offer\/toujours-2-in-pleat-baggy-pants-tm43rp05-heather-oatmeal-rendez-vous-store\/\"]}]},{\"@type\":\"ImageObject\",\"inLanguage\":\"fr-FR\",\"@id\":\"https:\/\/rendez-vous-store.com\/shop\/special-offer-women-rendez-vous-store\/women-trousers-special-offer\/toujours-2-in-pleat-baggy-pants-tm43rp05-heather-oatmeal-rendez-vous-store\/#primaryimage\",\"url\":\"https:\/\/rendez-vous-store.com\/app\/uploads\/2025\/10\/IMG_1291-min-scaled.webp\",\"contentUrl\":\"https:\/\/rendez-vous-store.com\/app\/uploads\/2025\/10\/IMG_1291-min-scaled.webp\",\"width\":1707,\"height\":2560},{\"@type\":\"BreadcrumbList\",\"@id\":\"https:\/\/rendez-vous-store.com\/shop\/special-offer-women-rendez-vous-store\/women-trousers-special-offer\/toujours-2-in-pleat-baggy-pants-tm43rp05-heather-oatmeal-rendez-vous-store\/#breadcrumb\",\"itemListElement\":[{\"@type\":\"ListItem\",\"position\":1,\"name\":\"Home\",\"item\":\"https:\/\/rendez-vous-store.com\/\"},{\"@type\":\"ListItem\",\"position\":2,\"name\":\"Shop\",\"item\":\"https:\/\/www.rendez-vous-store.com\/shop\/\"},{\"@type\":\"ListItem\",\"position\":3,\"name\":\"Toujours &#8211; 2 In-pleat Baggy Pants TM43RP05 &#8211; Heather Oatmeal\"}]},{\"@type\":\"WebSite\",\"@id\":\"https:\/\/rendez-vous-store.com\/#website\",\"url\":\"https:\/\/rendez-vous-store.com\/\",\"name\":\"RENDEZ-VOUS STORE\",\"description\":\"Slow Fashion for Women and Men\",\"potentialAction\":[{\"@type\":\"SearchAction\",\"target\":{\"@type\":\"EntryPoint\",\"urlTemplate\":\"https:\/\/rendez-vous-store.com\/?s={search_term_string}\"},\"query-input\":{\"@type\":\"PropertyValueSpecification\",\"valueRequired\":true,\"valueName\":\"search_term_string\"}}],\"inLanguage\":\"fr-FR\"}]}<\/script>\n<!-- \/ Yoast SEO plugin. -->","yoast_head_json":{"title":"Toujours - 2 In-pleat Baggy Pants TM43RP05 - Heather Oatmeal","description":"This Toujours 2 In-pleat Baggy Pants TM43RP05 Heather Oatmeal perfectly represents the value of the brand by using the natural materials.","robots":{"index":"index","follow":"follow","max-snippet":"max-snippet:-1","max-image-preview":"max-image-preview:large","max-video-preview":"max-video-preview:-1"},"canonical":"https:\/\/rendez-vous-store.com\/fr\/shop\/special-offer-women-rendez-vous-store\/women-trousers-special-offer\/toujours-2-in-pleat-baggy-pants-tm43rp05-heather-oatmeal-rendez-vous-store\/","og_locale":"fr_FR","og_type":"article","og_title":"Toujours - 2 In-pleat Baggy Pants TM43RP05 - Heather Oatmeal","og_description":"This Toujours 2 In-pleat Baggy Pants TM43RP05 Heather Oatmeal perfectly represents the value of the brand by using the natural materials.","og_url":"https:\/\/rendez-vous-store.com\/fr\/shop\/special-offer-women-rendez-vous-store\/women-trousers-special-offer\/toujours-2-in-pleat-baggy-pants-tm43rp05-heather-oatmeal-rendez-vous-store\/","og_site_name":"RENDEZ-VOUS STORE","article_modified_time":"2026-03-16T18:31:45+00:00","og_image":[{"width":1707,"height":2560,"url":"https:\/\/rendez-vous-store.com\/app\/uploads\/2025\/10\/IMG_1291-min-scaled.webp","type":"image\/webp"}],"twitter_card":"summary_large_image","twitter_misc":{"Est. reading time":"2 minutes"},"schema":{"@context":"https:\/\/schema.org","@graph":[{"@type":"WebPage","@id":"https:\/\/rendez-vous-store.com\/shop\/special-offer-women-rendez-vous-store\/women-trousers-special-offer\/toujours-2-in-pleat-baggy-pants-tm43rp05-heather-oatmeal-rendez-vous-store\/","url":"https:\/\/rendez-vous-store.com\/shop\/special-offer-women-rendez-vous-store\/women-trousers-special-offer\/toujours-2-in-pleat-baggy-pants-tm43rp05-heather-oatmeal-rendez-vous-store\/","name":"Toujours - 2 In-pleat Baggy Pants TM43RP05 - Heather Oatmeal","isPartOf":{"@id":"https:\/\/rendez-vous-store.com\/#website"},"primaryImageOfPage":{"@id":"https:\/\/rendez-vous-store.com\/shop\/special-offer-women-rendez-vous-store\/women-trousers-special-offer\/toujours-2-in-pleat-baggy-pants-tm43rp05-heather-oatmeal-rendez-vous-store\/#primaryimage"},"image":{"@id":"https:\/\/rendez-vous-store.com\/shop\/special-offer-women-rendez-vous-store\/women-trousers-special-offer\/toujours-2-in-pleat-baggy-pants-tm43rp05-heather-oatmeal-rendez-vous-store\/#primaryimage"},"thumbnailUrl":"https:\/\/rendez-vous-store.com\/app\/uploads\/2025\/10\/IMG_1291-min-scaled.webp","datePublished":"2025-10-23T16:21:43+00:00","dateModified":"2026-03-16T18:31:45+00:00","description":"This Toujours 2 In-pleat Baggy Pants TM43RP05 Heather Oatmeal perfectly represents the value of the brand by using the natural materials.","breadcrumb":{"@id":"https:\/\/rendez-vous-store.com\/shop\/special-offer-women-rendez-vous-store\/women-trousers-special-offer\/toujours-2-in-pleat-baggy-pants-tm43rp05-heather-oatmeal-rendez-vous-store\/#breadcrumb"},"inLanguage":"fr-FR","potentialAction":[{"@type":"ReadAction","target":["https:\/\/rendez-vous-store.com\/shop\/special-offer-women-rendez-vous-store\/women-trousers-special-offer\/toujours-2-in-pleat-baggy-pants-tm43rp05-heather-oatmeal-rendez-vous-store\/"]}]},{"@type":"ImageObject","inLanguage":"fr-FR","@id":"https:\/\/rendez-vous-store.com\/shop\/special-offer-women-rendez-vous-store\/women-trousers-special-offer\/toujours-2-in-pleat-baggy-pants-tm43rp05-heather-oatmeal-rendez-vous-store\/#primaryimage","url":"https:\/\/rendez-vous-store.com\/app\/uploads\/2025\/10\/IMG_1291-min-scaled.webp","contentUrl":"https:\/\/rendez-vous-store.com\/app\/uploads\/2025\/10\/IMG_1291-min-scaled.webp","width":1707,"height":2560},{"@type":"BreadcrumbList","@id":"https:\/\/rendez-vous-store.com\/shop\/special-offer-women-rendez-vous-store\/women-trousers-special-offer\/toujours-2-in-pleat-baggy-pants-tm43rp05-heather-oatmeal-rendez-vous-store\/#breadcrumb","itemListElement":[{"@type":"ListItem","position":1,"name":"Home","item":"https:\/\/rendez-vous-store.com\/"},{"@type":"ListItem","position":2,"name":"Shop","item":"https:\/\/www.rendez-vous-store.com\/shop\/"},{"@type":"ListItem","position":3,"name":"Toujours &#8211; 2 In-pleat Baggy Pants TM43RP05 &#8211; Heather Oatmeal"}]},{"@type":"WebSite","@id":"https:\/\/rendez-vous-store.com\/#website","url":"https:\/\/rendez-vous-store.com\/","name":"RENDEZ-VOUS STORE","description":"Slow Fashion for Women and Men","potentialAction":[{"@type":"SearchAction","target":{"@type":"EntryPoint","urlTemplate":"https:\/\/rendez-vous-store.com\/?s={search_term_string}"},"query-input":{"@type":"PropertyValueSpecification","valueRequired":true,"valueName":"search_term_string"}}],"inLanguage":"fr-FR"}]}},"_links":{"self":[{"href":"https:\/\/rendez-vous-store.com\/fr\/wp-json\/wp\/v2\/product\/220845","targetHints":{"allow":["GET"]}}],"collection":[{"href":"https:\/\/rendez-vous-store.com\/fr\/wp-json\/wp\/v2\/product"}],"about":[{"href":"https:\/\/rendez-vous-store.com\/fr\/wp-json\/wp\/v2\/types\/product"}],"wp:featuredmedia":[{"embeddable":true,"href":"https:\/\/rendez-vous-store.com\/fr\/wp-json\/wp\/v2\/media\/221039"}],"wp:attachment":[{"href":"https:\/\/rendez-vous-store.com\/fr\/wp-json\/wp\/v2\/media?parent=220845"}],"wp:term":[{"taxonomy":"product_brand","embeddable":true,"href":"https:\/\/rendez-vous-store.com\/fr\/wp-json\/wp\/v2\/product_brand?post=220845"},{"taxonomy":"product_cat","embeddable":true,"href":"https:\/\/rendez-vous-store.com\/fr\/wp-json\/wp\/v2\/product_cat?post=220845"},{"taxonomy":"product_tag","embeddable":true,"href":"https:\/\/rendez-vous-store.com\/fr\/wp-json\/wp\/v2\/product_tag?post=220845"}],"curies":[{"name":"wp","href":"https:\/\/api.w.org\/{rel}","templated":true}]}}