{"id":220315,"date":"2025-10-21T14:53:47","date_gmt":"2025-10-21T12:53:47","guid":{"rendered":"https:\/\/rendez-vous-store.com\/?post_type=product&#038;p=220315"},"modified":"2026-03-16T19:32:36","modified_gmt":"2026-03-16T18:32:36","slug":"tanaka-men-the-boxy-tee-white-rendez-vous-store","status":"publish","type":"product","link":"https:\/\/rendez-vous-store.com\/fr\/shop\/rdvs-selection-discover-our-current-selection-rendez-vous-store\/rdvs-selection-men-rendez-vous-store-rendez-vous-store\/tanaka-men-the-boxy-tee-white-rendez-vous-store\/","title":{"rendered":"Tanaka \u2013 T-shirt ample homme \u2013 Blanc"},"content":{"rendered":"<p><strong>Tanaka \u2013 T-shirt ample homme \u2013 Blanc<\/strong><\/p>\n<p>Couleur : blanc<\/p>\n<p>Design minimaliste<\/p>\n<p>Silhouette souple<\/p>\n<p>Poche lat\u00e9rale<\/p>\n<p>Manches courtes<\/p>\n<p>D\u00e9tail de couture arri\u00e8re<\/p>\n<p>Construction tubulaire<\/p>\n<p>Composition : 100% Coton<\/p>\n<p>Fabriqu\u00e9 au Japon<\/p>\n<p>&nbsp;<\/p>\n<p>&nbsp;<\/p>\n<p>&nbsp;<\/p>\n<p>&nbsp;<\/p>\n<p>&nbsp;<\/p>\n<p><strong>Le produit<\/strong><\/p>\n<p data-start=\"212\" data-end=\"1065\">Le Tanaka \u2013 Men The Boxy Tee \u2013 White allie design minimaliste et confort quotidien.<br data-start=\"303\" data-end=\"306\" \/>Son doux tissu en coton est l\u00e9ger, respirant et doux sur la peau.<br data-start=\"388\" data-end=\"391\" \/>De plus, la teinte blanche profonde ajoute de la polyvalence et une \u00e9l\u00e9gance discr\u00e8te \u00e0 toute garde-robe.<br data-start=\"479\" data-end=\"482\" \/>La coupe carr\u00e9e offre une libert\u00e9 de mouvement d\u00e9contract\u00e9e tout en conservant une silhouette moderne et \u00e9pur\u00e9e.<br data-start=\"566\" data-end=\"569\" \/>De plus, des coutures pr\u00e9cises et une construction soign\u00e9e am\u00e9liorent la durabilit\u00e9 et l'usure \u00e0 long terme.<br data-start=\"663\" data-end=\"666\" \/>Vous pouvez le porter seul pour un style d\u00e9contract\u00e9 ou le superposer sous des vestes pour une simplicit\u00e9 raffin\u00e9e.<br data-start=\"754\" data-end=\"757\" \/>Associez-la \u00e0 un pantalon ou \u00e0 un jean pour des tenues polyvalentes et sans effort.<br data-start=\"822\" data-end=\"825\" \/>Par cons\u00e9quent, le Boxy Tee s'adapte aussi bien aux looks d\u00e9contract\u00e9s qu'aux looks soign\u00e9s.<br data-start=\"894\" data-end=\"897\" \/>En cons\u00e9quence, elle devient un essentiel de garde-robe pour un style minimaliste contemporain.<br data-start=\"976\" data-end=\"979\" \/>En fin de compte, cela incarne l'\u00e9quilibre de Tanaka entre confort, structure et design r\u00e9fl\u00e9chi.<\/p>\n<h2 data-start=\"246\" data-end=\"258\"><\/h2>\n<p><a href=\"https:\/\/rendez-vous-store.com\/fr\/shop\/men-selection-discover-our-selection-rendez-vous-store\/trousers-shorts-rendez-vous-store\/tanaka-men-straight-jean-trousers-vintage-blue-rendez-vous-store\/\">Nous aimons le voir port\u00e9 avec<\/a><\/p>\n<p>&nbsp;<\/p>\n<p>&nbsp;<\/p>\n<p>&nbsp;<\/p>\n<p><strong>La marque<\/strong><\/p>\n<p data-start=\"260\" data-end=\"1115\">Tanaka est une marque japonaise de denim qui allie artisanat intemporel, innovation et qualit\u00e9.<br data-start=\"357\" data-end=\"360\" \/>De plus, la marque a de profondes racines dans la culture du denim, ce qui en fait un synonyme d'authenticit\u00e9, de style et de durabilit\u00e9.<br data-start=\"475\" data-end=\"478\" \/>Les artisans cr\u00e9ent chaque paire de jeans avec une attention m\u00e9ticuleuse aux d\u00e9tails et une construction pr\u00e9cise.<br data-start=\"576\" data-end=\"579\" \/>De plus, ils s\u00e9lectionnent avec soin des tissus en denim haut de gamme pour garantir confort, texture et durabilit\u00e9.<br data-start=\"686\" data-end=\"689\" \/>Par cons\u00e9quent, chaque v\u00eatement allie une esth\u00e9tique classique \u00e0 un design contemporain.<br data-start=\"769\" data-end=\"772\" \/>Le r\u00e9sultat est un jean qui a fi\u00e8re allure, est confortable et r\u00e9siste \u00e0 l'\u00e9preuve du temps.<br data-start=\"857\" data-end=\"860\" \/>De plus, Tanaka s'inspire de la tradition du denim tout en embrassant les tendances modernes.<br data-start=\"951\" data-end=\"954\" \/>Son esth\u00e9tique allie h\u00e9ritage, fonctionnalit\u00e9 et un style raffin\u00e9 et contemporain.<br data-start=\"1036\" data-end=\"1039\" \/>En cons\u00e9quence, Tanaka propose des v\u00eatements \u00e0 la fois expressifs et durables.<\/p>\n<p data-start=\"260\" data-end=\"1115\">\n<p data-start=\"260\" data-end=\"1115\">\n<p data-start=\"260\" data-end=\"1115\">\n<p data-start=\"1142\" data-end=\"1774\"><strong>Les collections<\/strong><\/p>\n<p data-start=\"1142\" data-end=\"1774\">Tanaka s\u00e9lectionne ses collections autour de la qualit\u00e9, de la texture et de la polyvalence au quotidien.<br data-start=\"1219\" data-end=\"1222\" \/>Chaque pi\u00e8ce m\u00eale confort, construction pr\u00e9cise et d\u00e9tails r\u00e9fl\u00e9chis.<br data-start=\"1297\" data-end=\"1300\" \/>De plus, les silhouettes restent fonctionnelles et \u00e9l\u00e9gantes, offrant une aisance de mouvement et un attrait moderne.<br data-start=\"1397\" data-end=\"1400\" \/>Que vous choisissiez des jeans, des vestes ou des accessoires en denim, chaque article refl\u00e8te l'authenticit\u00e9 et le savoir-faire.<br data-start=\"1507\" data-end=\"1510\" \/>Ainsi, les collections permettent une garde-robe confiante, facile et moderne.<br data-start=\"1583\" data-end=\"1586\" \/>Dans un monde domin\u00e9 par la mode jetable, Tanaka propose des alternatives durables et polyvalentes.<br data-start=\"1678\" data-end=\"1681\" \/>Par cons\u00e9quent, ses v\u00eatements transforment le quotidien en un m\u00e9lange de style, de qualit\u00e9 et de patrimoine.<\/p>\n<p data-start=\"1142\" data-end=\"1774\">\n<p data-start=\"1142\" data-end=\"1774\">\n<p data-start=\"1142\" data-end=\"1774\"><a href=\"https:\/\/www.instagram.com\/p\/DQHpuKEj2pd\/?hl=fr&amp;img_index=1\"><strong>Inspirez-vous de notre look TANAKA sur notre Instagram<\/strong><\/a><\/p>","protected":false},"excerpt":{"rendered":"<p>Tanaka &#8211; Men The Boxy Tee &#8211; White Color: White Minimalist design Boxy silhouette Side pocket Short sleeves Back thread detailing Tubular construction Composition: 100% Cotton Made in Japan &nbsp; &nbsp; &nbsp; &nbsp; &nbsp; The product The Tanaka \u2013 Men The Boxy Tee \u2013 White combines minimalist design with everyday comfort.Its soft cotton fabric feels&hellip; <a class=\"more-link\" href=\"https:\/\/rendez-vous-store.com\/fr\/shop\/rdvs-selection-discover-our-current-selection-rendez-vous-store\/rdvs-selection-men-rendez-vous-store-rendez-vous-store\/tanaka-men-the-boxy-tee-white-rendez-vous-store\/\">Continuer la lecture <span class=\"screen-reader-text\">Tanaka \u2013 T-shirt ample homme \u2013 Blanc<\/span><\/a><\/p>","protected":false},"featured_media":220651,"template":"","meta":{"_acf_changed":false},"product_brand":[],"product_cat":[302,20,76],"product_tag":[722],"class_list":{"0":"post-220315","1":"product","2":"type-product","3":"status-publish","4":"has-post-thumbnail","6":"product_cat-rdvs-selection-men-rendez-vous-store-rendez-vous-store","7":"product_cat-men-selection-discover-our-selection-rendez-vous-store","8":"product_cat-t-shirts-discover-our-selection-rendez-vous-store","9":"product_tag-tanaka-premium-denim-fabrics-rendez-vous-store","10":"entry","12":"first","13":"instock","14":"taxable","15":"shipping-taxable","16":"purchasable","17":"product-type-variable"},"acf":[],"yoast_head":"<!-- This site is optimized with the Yoast SEO plugin v24.9 - https:\/\/yoast.com\/wordpress\/plugins\/seo\/ -->\n<title>Tanaka - Men The Boxy Tee - White<\/title>\n<meta name=\"description\" content=\"Tanaka is on Rendez-vous Store. This Tanaka - Men The Boxy Tee - White is paying great respect to the classics. Discover now.\" \/>\n<meta name=\"robots\" content=\"index, follow, max-snippet:-1, max-image-preview:large, max-video-preview:-1\" \/>\n<link rel=\"canonical\" href=\"https:\/\/rendez-vous-store.com\/fr\/shop\/rdvs-selection-discover-our-current-selection-rendez-vous-store\/rdvs-selection-men-rendez-vous-store-rendez-vous-store\/tanaka-men-the-boxy-tee-white-rendez-vous-store\/\" \/>\n<meta property=\"og:locale\" content=\"fr_FR\" \/>\n<meta property=\"og:type\" content=\"article\" \/>\n<meta property=\"og:title\" content=\"Tanaka - Men The Boxy Tee - White\" \/>\n<meta property=\"og:description\" content=\"Tanaka is on Rendez-vous Store. This Tanaka - Men The Boxy Tee - White is paying great respect to the classics. Discover now.\" \/>\n<meta property=\"og:url\" content=\"https:\/\/rendez-vous-store.com\/fr\/shop\/rdvs-selection-discover-our-current-selection-rendez-vous-store\/rdvs-selection-men-rendez-vous-store-rendez-vous-store\/tanaka-men-the-boxy-tee-white-rendez-vous-store\/\" \/>\n<meta property=\"og:site_name\" content=\"RENDEZ-VOUS STORE\" \/>\n<meta property=\"article:modified_time\" content=\"2026-03-16T18:32:36+00:00\" \/>\n<meta property=\"og:image\" content=\"https:\/\/rendez-vous-store.com\/app\/uploads\/2025\/10\/rdv_tanaka_29-scaled.webp\" \/>\n\t<meta property=\"og:image:width\" content=\"1696\" \/>\n\t<meta property=\"og:image:height\" content=\"2560\" \/>\n\t<meta property=\"og:image:type\" content=\"image\/webp\" \/>\n<meta name=\"twitter:card\" content=\"summary_large_image\" \/>\n<meta name=\"twitter:label1\" content=\"Est. reading time\" \/>\n\t<meta name=\"twitter:data1\" content=\"2 minutes\" \/>\n<script type=\"application\/ld+json\" class=\"yoast-schema-graph\">{\"@context\":\"https:\/\/schema.org\",\"@graph\":[{\"@type\":\"WebPage\",\"@id\":\"https:\/\/rendez-vous-store.com\/shop\/rdvs-selection-discover-our-current-selection-rendez-vous-store\/rdvs-selection-men-rendez-vous-store-rendez-vous-store\/tanaka-men-the-boxy-tee-white-rendez-vous-store\/\",\"url\":\"https:\/\/rendez-vous-store.com\/shop\/rdvs-selection-discover-our-current-selection-rendez-vous-store\/rdvs-selection-men-rendez-vous-store-rendez-vous-store\/tanaka-men-the-boxy-tee-white-rendez-vous-store\/\",\"name\":\"Tanaka - Men The Boxy Tee - White\",\"isPartOf\":{\"@id\":\"https:\/\/rendez-vous-store.com\/#website\"},\"primaryImageOfPage\":{\"@id\":\"https:\/\/rendez-vous-store.com\/shop\/rdvs-selection-discover-our-current-selection-rendez-vous-store\/rdvs-selection-men-rendez-vous-store-rendez-vous-store\/tanaka-men-the-boxy-tee-white-rendez-vous-store\/#primaryimage\"},\"image\":{\"@id\":\"https:\/\/rendez-vous-store.com\/shop\/rdvs-selection-discover-our-current-selection-rendez-vous-store\/rdvs-selection-men-rendez-vous-store-rendez-vous-store\/tanaka-men-the-boxy-tee-white-rendez-vous-store\/#primaryimage\"},\"thumbnailUrl\":\"https:\/\/rendez-vous-store.com\/app\/uploads\/2025\/10\/rdv_tanaka_29-scaled.webp\",\"datePublished\":\"2025-10-21T12:53:47+00:00\",\"dateModified\":\"2026-03-16T18:32:36+00:00\",\"description\":\"Tanaka is on Rendez-vous Store. This Tanaka - Men The Boxy Tee - White is paying great respect to the classics. Discover now.\",\"breadcrumb\":{\"@id\":\"https:\/\/rendez-vous-store.com\/shop\/rdvs-selection-discover-our-current-selection-rendez-vous-store\/rdvs-selection-men-rendez-vous-store-rendez-vous-store\/tanaka-men-the-boxy-tee-white-rendez-vous-store\/#breadcrumb\"},\"inLanguage\":\"fr-FR\",\"potentialAction\":[{\"@type\":\"ReadAction\",\"target\":[\"https:\/\/rendez-vous-store.com\/shop\/rdvs-selection-discover-our-current-selection-rendez-vous-store\/rdvs-selection-men-rendez-vous-store-rendez-vous-store\/tanaka-men-the-boxy-tee-white-rendez-vous-store\/\"]}]},{\"@type\":\"ImageObject\",\"inLanguage\":\"fr-FR\",\"@id\":\"https:\/\/rendez-vous-store.com\/shop\/rdvs-selection-discover-our-current-selection-rendez-vous-store\/rdvs-selection-men-rendez-vous-store-rendez-vous-store\/tanaka-men-the-boxy-tee-white-rendez-vous-store\/#primaryimage\",\"url\":\"https:\/\/rendez-vous-store.com\/app\/uploads\/2025\/10\/rdv_tanaka_29-scaled.webp\",\"contentUrl\":\"https:\/\/rendez-vous-store.com\/app\/uploads\/2025\/10\/rdv_tanaka_29-scaled.webp\",\"width\":1696,\"height\":2560},{\"@type\":\"BreadcrumbList\",\"@id\":\"https:\/\/rendez-vous-store.com\/shop\/rdvs-selection-discover-our-current-selection-rendez-vous-store\/rdvs-selection-men-rendez-vous-store-rendez-vous-store\/tanaka-men-the-boxy-tee-white-rendez-vous-store\/#breadcrumb\",\"itemListElement\":[{\"@type\":\"ListItem\",\"position\":1,\"name\":\"Home\",\"item\":\"https:\/\/rendez-vous-store.com\/\"},{\"@type\":\"ListItem\",\"position\":2,\"name\":\"Shop\",\"item\":\"https:\/\/www.rendez-vous-store.com\/shop\/\"},{\"@type\":\"ListItem\",\"position\":3,\"name\":\"Tanaka &#8211; Men The Boxy Tee &#8211; White\"}]},{\"@type\":\"WebSite\",\"@id\":\"https:\/\/rendez-vous-store.com\/#website\",\"url\":\"https:\/\/rendez-vous-store.com\/\",\"name\":\"RENDEZ-VOUS STORE\",\"description\":\"Slow Fashion for Women and Men\",\"potentialAction\":[{\"@type\":\"SearchAction\",\"target\":{\"@type\":\"EntryPoint\",\"urlTemplate\":\"https:\/\/rendez-vous-store.com\/?s={search_term_string}\"},\"query-input\":{\"@type\":\"PropertyValueSpecification\",\"valueRequired\":true,\"valueName\":\"search_term_string\"}}],\"inLanguage\":\"fr-FR\"}]}<\/script>\n<!-- \/ Yoast SEO plugin. -->","yoast_head_json":{"title":"Tanaka - Men The Boxy Tee - White","description":"Tanaka is on Rendez-vous Store. This Tanaka - Men The Boxy Tee - White is paying great respect to the classics. Discover now.","robots":{"index":"index","follow":"follow","max-snippet":"max-snippet:-1","max-image-preview":"max-image-preview:large","max-video-preview":"max-video-preview:-1"},"canonical":"https:\/\/rendez-vous-store.com\/fr\/shop\/rdvs-selection-discover-our-current-selection-rendez-vous-store\/rdvs-selection-men-rendez-vous-store-rendez-vous-store\/tanaka-men-the-boxy-tee-white-rendez-vous-store\/","og_locale":"fr_FR","og_type":"article","og_title":"Tanaka - Men The Boxy Tee - White","og_description":"Tanaka is on Rendez-vous Store. This Tanaka - Men The Boxy Tee - White is paying great respect to the classics. Discover now.","og_url":"https:\/\/rendez-vous-store.com\/fr\/shop\/rdvs-selection-discover-our-current-selection-rendez-vous-store\/rdvs-selection-men-rendez-vous-store-rendez-vous-store\/tanaka-men-the-boxy-tee-white-rendez-vous-store\/","og_site_name":"RENDEZ-VOUS STORE","article_modified_time":"2026-03-16T18:32:36+00:00","og_image":[{"width":1696,"height":2560,"url":"https:\/\/rendez-vous-store.com\/app\/uploads\/2025\/10\/rdv_tanaka_29-scaled.webp","type":"image\/webp"}],"twitter_card":"summary_large_image","twitter_misc":{"Est. reading time":"2 minutes"},"schema":{"@context":"https:\/\/schema.org","@graph":[{"@type":"WebPage","@id":"https:\/\/rendez-vous-store.com\/shop\/rdvs-selection-discover-our-current-selection-rendez-vous-store\/rdvs-selection-men-rendez-vous-store-rendez-vous-store\/tanaka-men-the-boxy-tee-white-rendez-vous-store\/","url":"https:\/\/rendez-vous-store.com\/shop\/rdvs-selection-discover-our-current-selection-rendez-vous-store\/rdvs-selection-men-rendez-vous-store-rendez-vous-store\/tanaka-men-the-boxy-tee-white-rendez-vous-store\/","name":"Tanaka - Men The Boxy Tee - White","isPartOf":{"@id":"https:\/\/rendez-vous-store.com\/#website"},"primaryImageOfPage":{"@id":"https:\/\/rendez-vous-store.com\/shop\/rdvs-selection-discover-our-current-selection-rendez-vous-store\/rdvs-selection-men-rendez-vous-store-rendez-vous-store\/tanaka-men-the-boxy-tee-white-rendez-vous-store\/#primaryimage"},"image":{"@id":"https:\/\/rendez-vous-store.com\/shop\/rdvs-selection-discover-our-current-selection-rendez-vous-store\/rdvs-selection-men-rendez-vous-store-rendez-vous-store\/tanaka-men-the-boxy-tee-white-rendez-vous-store\/#primaryimage"},"thumbnailUrl":"https:\/\/rendez-vous-store.com\/app\/uploads\/2025\/10\/rdv_tanaka_29-scaled.webp","datePublished":"2025-10-21T12:53:47+00:00","dateModified":"2026-03-16T18:32:36+00:00","description":"Tanaka is on Rendez-vous Store. This Tanaka - Men The Boxy Tee - White is paying great respect to the classics. Discover now.","breadcrumb":{"@id":"https:\/\/rendez-vous-store.com\/shop\/rdvs-selection-discover-our-current-selection-rendez-vous-store\/rdvs-selection-men-rendez-vous-store-rendez-vous-store\/tanaka-men-the-boxy-tee-white-rendez-vous-store\/#breadcrumb"},"inLanguage":"fr-FR","potentialAction":[{"@type":"ReadAction","target":["https:\/\/rendez-vous-store.com\/shop\/rdvs-selection-discover-our-current-selection-rendez-vous-store\/rdvs-selection-men-rendez-vous-store-rendez-vous-store\/tanaka-men-the-boxy-tee-white-rendez-vous-store\/"]}]},{"@type":"ImageObject","inLanguage":"fr-FR","@id":"https:\/\/rendez-vous-store.com\/shop\/rdvs-selection-discover-our-current-selection-rendez-vous-store\/rdvs-selection-men-rendez-vous-store-rendez-vous-store\/tanaka-men-the-boxy-tee-white-rendez-vous-store\/#primaryimage","url":"https:\/\/rendez-vous-store.com\/app\/uploads\/2025\/10\/rdv_tanaka_29-scaled.webp","contentUrl":"https:\/\/rendez-vous-store.com\/app\/uploads\/2025\/10\/rdv_tanaka_29-scaled.webp","width":1696,"height":2560},{"@type":"BreadcrumbList","@id":"https:\/\/rendez-vous-store.com\/shop\/rdvs-selection-discover-our-current-selection-rendez-vous-store\/rdvs-selection-men-rendez-vous-store-rendez-vous-store\/tanaka-men-the-boxy-tee-white-rendez-vous-store\/#breadcrumb","itemListElement":[{"@type":"ListItem","position":1,"name":"Home","item":"https:\/\/rendez-vous-store.com\/"},{"@type":"ListItem","position":2,"name":"Shop","item":"https:\/\/www.rendez-vous-store.com\/shop\/"},{"@type":"ListItem","position":3,"name":"Tanaka &#8211; Men The Boxy Tee &#8211; White"}]},{"@type":"WebSite","@id":"https:\/\/rendez-vous-store.com\/#website","url":"https:\/\/rendez-vous-store.com\/","name":"RENDEZ-VOUS STORE","description":"Slow Fashion for Women and Men","potentialAction":[{"@type":"SearchAction","target":{"@type":"EntryPoint","urlTemplate":"https:\/\/rendez-vous-store.com\/?s={search_term_string}"},"query-input":{"@type":"PropertyValueSpecification","valueRequired":true,"valueName":"search_term_string"}}],"inLanguage":"fr-FR"}]}},"_links":{"self":[{"href":"https:\/\/rendez-vous-store.com\/fr\/wp-json\/wp\/v2\/product\/220315","targetHints":{"allow":["GET"]}}],"collection":[{"href":"https:\/\/rendez-vous-store.com\/fr\/wp-json\/wp\/v2\/product"}],"about":[{"href":"https:\/\/rendez-vous-store.com\/fr\/wp-json\/wp\/v2\/types\/product"}],"wp:featuredmedia":[{"embeddable":true,"href":"https:\/\/rendez-vous-store.com\/fr\/wp-json\/wp\/v2\/media\/220651"}],"wp:attachment":[{"href":"https:\/\/rendez-vous-store.com\/fr\/wp-json\/wp\/v2\/media?parent=220315"}],"wp:term":[{"taxonomy":"product_brand","embeddable":true,"href":"https:\/\/rendez-vous-store.com\/fr\/wp-json\/wp\/v2\/product_brand?post=220315"},{"taxonomy":"product_cat","embeddable":true,"href":"https:\/\/rendez-vous-store.com\/fr\/wp-json\/wp\/v2\/product_cat?post=220315"},{"taxonomy":"product_tag","embeddable":true,"href":"https:\/\/rendez-vous-store.com\/fr\/wp-json\/wp\/v2\/product_tag?post=220315"}],"curies":[{"name":"wp","href":"https:\/\/api.w.org\/{rel}","templated":true}]}}