{"id":219343,"date":"2025-10-10T16:51:30","date_gmt":"2025-10-10T14:51:30","guid":{"rendered":"https:\/\/rendez-vous-store.com\/?post_type=product&#038;p=219343"},"modified":"2026-03-30T12:10:23","modified_gmt":"2026-03-30T10:10:23","slug":"kaptain-sunshine-x-reproduction-of-found-women-german-military-trainer-shoes-black","status":"publish","type":"product","link":"https:\/\/rendez-vous-store.com\/fr\/shop\/women\/women-shoes-heels-discover-our-selection-rendez-vous-store\/kaptain-sunshine-x-reproduction-of-found-women-german-military-trainer-shoes-black\/","title":{"rendered":"Kaptain Sunshine X Reproduction Of Found \u2013 Chaussures de sport militaires allemandes pour femmes \u2013 Noir"},"content":{"rendered":"<p><strong>Kaptain Sunshine X Reproduction Of Found \u2013 Chaussures de sport militaires allemandes pour femmes \u2013 Noir<\/strong><\/p>\n<p>Couleur : Noir<\/p>\n<p>Classic silhouette<\/p>\n<p>\u00c9l\u00e9gant, confortable et minimaliste<\/p>\n<p>Composition : 100 % cuir de vachette \/ Semelle : 100 % caoutchouc<\/p>\n<p>Fabriqu\u00e9 en Slovaquie<\/p>\n<p>&nbsp;<\/p>\n<p>&nbsp;<\/p>\n<p>&nbsp;<\/p>\n<p>&nbsp;<\/p>\n<p>&nbsp;<\/p>\n<p>&nbsp;<\/p>\n<h4>La marque<\/h4>\n<p>Kaptain Sunshine m\u00e9lange l'Americana vintage, les influences militaires et l'artisanat japonais traditionnel. La marque con\u00e7oit chaque v\u00eatement de mani\u00e8re r\u00e9fl\u00e9chie, en mettant l'accent sur la fonctionnalit\u00e9, l'authenticit\u00e9 et les d\u00e9tails.<\/p>\n<p>La collection propose des v\u00eatements d'ext\u00e9rieur robustes, des vestes utilitaires, des chemises classiques et des pantalons polyvalents. Chaque pi\u00e8ce allie un style inspir\u00e9 du patrimoine \u00e0 un aspect pratique moderne.<\/p>\n<p>Naviguez dans les jungles urbaines ou explorez la nature sauvage avec les v\u00eatements \u00e9l\u00e9gants et fonctionnels de Kaptain Sunshine. La marque privil\u00e9gie les mat\u00e9riaux issus de sources responsables et une production respectueuse de l'environnement.<\/p>\n<p>Kaptain Sunshine invite les hommes \u00e0 s'engager dans l'aventure et l'exploration dans leur garde-robe de tous les jours. La marque capture l'esprit d'aventure et la chaleur du soleil dans chaque point.<\/p>","protected":false},"excerpt":{"rendered":"<p>Kaptain Sunshine X Reproduction Of Found &#8211; Women German Military Trainer Shoes &#8211; Black Color: Black Classic silhouette Sleek, comfortable and minimal Composition: 100% Cow Leather \/ Sole: Rubber 100% Made in Slovakia &nbsp; &nbsp; &nbsp; &nbsp; &nbsp; &nbsp; The Brand Kaptain Sunshine blends vintage Americana, military influences, and traditional Japanese craftsmanship. The brand designs&hellip; <a class=\"more-link\" href=\"https:\/\/rendez-vous-store.com\/fr\/shop\/women\/women-shoes-heels-discover-our-selection-rendez-vous-store\/kaptain-sunshine-x-reproduction-of-found-women-german-military-trainer-shoes-black\/\">Continue reading <span class=\"screen-reader-text\">Kaptain Sunshine X Reproduction Of Found \u2013 Chaussures de sport militaires allemandes pour femmes \u2013 Noir<\/span><\/a><\/p>","protected":false},"featured_media":219640,"template":"","meta":{"_acf_changed":false},"product_brand":[],"product_cat":[17,1062,293],"product_tag":[639],"class_list":{"0":"post-219343","1":"product","2":"type-product","3":"status-publish","4":"has-post-thumbnail","6":"product_cat-women","7":"product_cat-new-women-selection-rendez-vous-store","8":"product_cat-women-shoes-heels-discover-our-selection-rendez-vous-store","9":"product_tag-kaptain-sunshine","10":"entry","12":"first","13":"outofstock","14":"taxable","15":"shipping-taxable","16":"product-type-variable","17":"has-default-attributes"},"acf":[],"yoast_head":"<!-- This site is optimized with the Yoast SEO plugin v24.9 - https:\/\/yoast.com\/wordpress\/plugins\/seo\/ -->\n<title>Kaptain Sunshine X Reproduction Of Found Women German Military Trainer Shoes Black<\/title>\n<meta name=\"description\" content=\"This Kaptain Sunshine X Reproduction Of Found Women German Military Trainer Shoes Black embracing the tradition and essence of field &amp; naval wear.\" \/>\n<meta name=\"robots\" content=\"index, follow, max-snippet:-1, max-image-preview:large, max-video-preview:-1\" \/>\n<link rel=\"canonical\" href=\"https:\/\/rendez-vous-store.com\/fr\/shop\/women\/women-shoes-heels-discover-our-selection-rendez-vous-store\/kaptain-sunshine-x-reproduction-of-found-women-german-military-trainer-shoes-black\/\" \/>\n<meta property=\"og:locale\" content=\"fr_FR\" \/>\n<meta property=\"og:type\" content=\"article\" \/>\n<meta property=\"og:title\" content=\"Kaptain Sunshine X Reproduction Of Found Women German Military Trainer Shoes Black\" \/>\n<meta property=\"og:description\" content=\"This Kaptain Sunshine X Reproduction Of Found Women German Military Trainer Shoes Black embracing the tradition and essence of field &amp; naval wear.\" \/>\n<meta property=\"og:url\" content=\"https:\/\/rendez-vous-store.com\/fr\/shop\/women\/women-shoes-heels-discover-our-selection-rendez-vous-store\/kaptain-sunshine-x-reproduction-of-found-women-german-military-trainer-shoes-black\/\" \/>\n<meta property=\"og:site_name\" content=\"RENDEZ-VOUS STORE\" \/>\n<meta property=\"article:modified_time\" content=\"2026-03-30T10:10:23+00:00\" \/>\n<meta property=\"og:image\" content=\"https:\/\/rendez-vous-store.com\/app\/uploads\/2025\/10\/IMG_0813-min-scaled.webp\" \/>\n\t<meta property=\"og:image:width\" content=\"1707\" \/>\n\t<meta property=\"og:image:height\" content=\"2560\" \/>\n\t<meta property=\"og:image:type\" content=\"image\/webp\" \/>\n<meta name=\"twitter:card\" content=\"summary_large_image\" \/>\n<meta name=\"twitter:label1\" content=\"Est. reading time\" \/>\n\t<meta name=\"twitter:data1\" content=\"1 minute\" \/>\n<script type=\"application\/ld+json\" class=\"yoast-schema-graph\">{\"@context\":\"https:\/\/schema.org\",\"@graph\":[{\"@type\":\"WebPage\",\"@id\":\"https:\/\/rendez-vous-store.com\/shop\/women\/women-shoes-heels-discover-our-selection-rendez-vous-store\/kaptain-sunshine-x-reproduction-of-found-women-german-military-trainer-shoes-black\/\",\"url\":\"https:\/\/rendez-vous-store.com\/shop\/women\/women-shoes-heels-discover-our-selection-rendez-vous-store\/kaptain-sunshine-x-reproduction-of-found-women-german-military-trainer-shoes-black\/\",\"name\":\"Kaptain Sunshine X Reproduction Of Found Women German Military Trainer Shoes Black\",\"isPartOf\":{\"@id\":\"https:\/\/rendez-vous-store.com\/#website\"},\"primaryImageOfPage\":{\"@id\":\"https:\/\/rendez-vous-store.com\/shop\/women\/women-shoes-heels-discover-our-selection-rendez-vous-store\/kaptain-sunshine-x-reproduction-of-found-women-german-military-trainer-shoes-black\/#primaryimage\"},\"image\":{\"@id\":\"https:\/\/rendez-vous-store.com\/shop\/women\/women-shoes-heels-discover-our-selection-rendez-vous-store\/kaptain-sunshine-x-reproduction-of-found-women-german-military-trainer-shoes-black\/#primaryimage\"},\"thumbnailUrl\":\"https:\/\/rendez-vous-store.com\/app\/uploads\/2025\/10\/IMG_0813-min-scaled.webp\",\"datePublished\":\"2025-10-10T14:51:30+00:00\",\"dateModified\":\"2026-03-30T10:10:23+00:00\",\"description\":\"This Kaptain Sunshine X Reproduction Of Found Women German Military Trainer Shoes Black embracing the tradition and essence of field & naval wear.\",\"breadcrumb\":{\"@id\":\"https:\/\/rendez-vous-store.com\/shop\/women\/women-shoes-heels-discover-our-selection-rendez-vous-store\/kaptain-sunshine-x-reproduction-of-found-women-german-military-trainer-shoes-black\/#breadcrumb\"},\"inLanguage\":\"fr-FR\",\"potentialAction\":[{\"@type\":\"ReadAction\",\"target\":[\"https:\/\/rendez-vous-store.com\/shop\/women\/women-shoes-heels-discover-our-selection-rendez-vous-store\/kaptain-sunshine-x-reproduction-of-found-women-german-military-trainer-shoes-black\/\"]}]},{\"@type\":\"ImageObject\",\"inLanguage\":\"fr-FR\",\"@id\":\"https:\/\/rendez-vous-store.com\/shop\/women\/women-shoes-heels-discover-our-selection-rendez-vous-store\/kaptain-sunshine-x-reproduction-of-found-women-german-military-trainer-shoes-black\/#primaryimage\",\"url\":\"https:\/\/rendez-vous-store.com\/app\/uploads\/2025\/10\/IMG_0813-min-scaled.webp\",\"contentUrl\":\"https:\/\/rendez-vous-store.com\/app\/uploads\/2025\/10\/IMG_0813-min-scaled.webp\",\"width\":1707,\"height\":2560},{\"@type\":\"BreadcrumbList\",\"@id\":\"https:\/\/rendez-vous-store.com\/shop\/women\/women-shoes-heels-discover-our-selection-rendez-vous-store\/kaptain-sunshine-x-reproduction-of-found-women-german-military-trainer-shoes-black\/#breadcrumb\",\"itemListElement\":[{\"@type\":\"ListItem\",\"position\":1,\"name\":\"Home\",\"item\":\"https:\/\/rendez-vous-store.com\/\"},{\"@type\":\"ListItem\",\"position\":2,\"name\":\"Shop\",\"item\":\"https:\/\/www.rendez-vous-store.com\/shop\/\"},{\"@type\":\"ListItem\",\"position\":3,\"name\":\"Kaptain Sunshine X Reproduction Of Found &#8211; Women German Military Trainer Shoes &#8211; Black\"}]},{\"@type\":\"WebSite\",\"@id\":\"https:\/\/rendez-vous-store.com\/#website\",\"url\":\"https:\/\/rendez-vous-store.com\/\",\"name\":\"RENDEZ-VOUS STORE\",\"description\":\"Slow Fashion for Women and Men\",\"potentialAction\":[{\"@type\":\"SearchAction\",\"target\":{\"@type\":\"EntryPoint\",\"urlTemplate\":\"https:\/\/rendez-vous-store.com\/?s={search_term_string}\"},\"query-input\":{\"@type\":\"PropertyValueSpecification\",\"valueRequired\":true,\"valueName\":\"search_term_string\"}}],\"inLanguage\":\"fr-FR\"}]}<\/script>\n<!-- \/ Yoast SEO plugin. -->","yoast_head_json":{"title":"Kaptain Sunshine X Reproduction Of Found Women German Military Trainer Shoes Black","description":"This Kaptain Sunshine X Reproduction Of Found Women German Military Trainer Shoes Black embracing the tradition and essence of field & naval wear.","robots":{"index":"index","follow":"follow","max-snippet":"max-snippet:-1","max-image-preview":"max-image-preview:large","max-video-preview":"max-video-preview:-1"},"canonical":"https:\/\/rendez-vous-store.com\/fr\/shop\/women\/women-shoes-heels-discover-our-selection-rendez-vous-store\/kaptain-sunshine-x-reproduction-of-found-women-german-military-trainer-shoes-black\/","og_locale":"fr_FR","og_type":"article","og_title":"Kaptain Sunshine X Reproduction Of Found Women German Military Trainer Shoes Black","og_description":"This Kaptain Sunshine X Reproduction Of Found Women German Military Trainer Shoes Black embracing the tradition and essence of field & naval wear.","og_url":"https:\/\/rendez-vous-store.com\/fr\/shop\/women\/women-shoes-heels-discover-our-selection-rendez-vous-store\/kaptain-sunshine-x-reproduction-of-found-women-german-military-trainer-shoes-black\/","og_site_name":"RENDEZ-VOUS STORE","article_modified_time":"2026-03-30T10:10:23+00:00","og_image":[{"width":1707,"height":2560,"url":"https:\/\/rendez-vous-store.com\/app\/uploads\/2025\/10\/IMG_0813-min-scaled.webp","type":"image\/webp"}],"twitter_card":"summary_large_image","twitter_misc":{"Est. reading time":"1 minute"},"schema":{"@context":"https:\/\/schema.org","@graph":[{"@type":"WebPage","@id":"https:\/\/rendez-vous-store.com\/shop\/women\/women-shoes-heels-discover-our-selection-rendez-vous-store\/kaptain-sunshine-x-reproduction-of-found-women-german-military-trainer-shoes-black\/","url":"https:\/\/rendez-vous-store.com\/shop\/women\/women-shoes-heels-discover-our-selection-rendez-vous-store\/kaptain-sunshine-x-reproduction-of-found-women-german-military-trainer-shoes-black\/","name":"Kaptain Sunshine X Reproduction Of Found Women German Military Trainer Shoes Black","isPartOf":{"@id":"https:\/\/rendez-vous-store.com\/#website"},"primaryImageOfPage":{"@id":"https:\/\/rendez-vous-store.com\/shop\/women\/women-shoes-heels-discover-our-selection-rendez-vous-store\/kaptain-sunshine-x-reproduction-of-found-women-german-military-trainer-shoes-black\/#primaryimage"},"image":{"@id":"https:\/\/rendez-vous-store.com\/shop\/women\/women-shoes-heels-discover-our-selection-rendez-vous-store\/kaptain-sunshine-x-reproduction-of-found-women-german-military-trainer-shoes-black\/#primaryimage"},"thumbnailUrl":"https:\/\/rendez-vous-store.com\/app\/uploads\/2025\/10\/IMG_0813-min-scaled.webp","datePublished":"2025-10-10T14:51:30+00:00","dateModified":"2026-03-30T10:10:23+00:00","description":"This Kaptain Sunshine X Reproduction Of Found Women German Military Trainer Shoes Black embracing the tradition and essence of field & naval wear.","breadcrumb":{"@id":"https:\/\/rendez-vous-store.com\/shop\/women\/women-shoes-heels-discover-our-selection-rendez-vous-store\/kaptain-sunshine-x-reproduction-of-found-women-german-military-trainer-shoes-black\/#breadcrumb"},"inLanguage":"fr-FR","potentialAction":[{"@type":"ReadAction","target":["https:\/\/rendez-vous-store.com\/shop\/women\/women-shoes-heels-discover-our-selection-rendez-vous-store\/kaptain-sunshine-x-reproduction-of-found-women-german-military-trainer-shoes-black\/"]}]},{"@type":"ImageObject","inLanguage":"fr-FR","@id":"https:\/\/rendez-vous-store.com\/shop\/women\/women-shoes-heels-discover-our-selection-rendez-vous-store\/kaptain-sunshine-x-reproduction-of-found-women-german-military-trainer-shoes-black\/#primaryimage","url":"https:\/\/rendez-vous-store.com\/app\/uploads\/2025\/10\/IMG_0813-min-scaled.webp","contentUrl":"https:\/\/rendez-vous-store.com\/app\/uploads\/2025\/10\/IMG_0813-min-scaled.webp","width":1707,"height":2560},{"@type":"BreadcrumbList","@id":"https:\/\/rendez-vous-store.com\/shop\/women\/women-shoes-heels-discover-our-selection-rendez-vous-store\/kaptain-sunshine-x-reproduction-of-found-women-german-military-trainer-shoes-black\/#breadcrumb","itemListElement":[{"@type":"ListItem","position":1,"name":"Home","item":"https:\/\/rendez-vous-store.com\/"},{"@type":"ListItem","position":2,"name":"Shop","item":"https:\/\/www.rendez-vous-store.com\/shop\/"},{"@type":"ListItem","position":3,"name":"Kaptain Sunshine X Reproduction Of Found &#8211; Women German Military Trainer Shoes &#8211; Black"}]},{"@type":"WebSite","@id":"https:\/\/rendez-vous-store.com\/#website","url":"https:\/\/rendez-vous-store.com\/","name":"RENDEZ-VOUS STORE","description":"Slow Fashion for Women and Men","potentialAction":[{"@type":"SearchAction","target":{"@type":"EntryPoint","urlTemplate":"https:\/\/rendez-vous-store.com\/?s={search_term_string}"},"query-input":{"@type":"PropertyValueSpecification","valueRequired":true,"valueName":"search_term_string"}}],"inLanguage":"fr-FR"}]}},"_links":{"self":[{"href":"https:\/\/rendez-vous-store.com\/fr\/wp-json\/wp\/v2\/product\/219343","targetHints":{"allow":["GET"]}}],"collection":[{"href":"https:\/\/rendez-vous-store.com\/fr\/wp-json\/wp\/v2\/product"}],"about":[{"href":"https:\/\/rendez-vous-store.com\/fr\/wp-json\/wp\/v2\/types\/product"}],"wp:featuredmedia":[{"embeddable":true,"href":"https:\/\/rendez-vous-store.com\/fr\/wp-json\/wp\/v2\/media\/219640"}],"wp:attachment":[{"href":"https:\/\/rendez-vous-store.com\/fr\/wp-json\/wp\/v2\/media?parent=219343"}],"wp:term":[{"taxonomy":"product_brand","embeddable":true,"href":"https:\/\/rendez-vous-store.com\/fr\/wp-json\/wp\/v2\/product_brand?post=219343"},{"taxonomy":"product_cat","embeddable":true,"href":"https:\/\/rendez-vous-store.com\/fr\/wp-json\/wp\/v2\/product_cat?post=219343"},{"taxonomy":"product_tag","embeddable":true,"href":"https:\/\/rendez-vous-store.com\/fr\/wp-json\/wp\/v2\/product_tag?post=219343"}],"curies":[{"name":"wp","href":"https:\/\/api.w.org\/{rel}","templated":true}]}}