{"id":219285,"date":"2025-10-10T15:01:29","date_gmt":"2025-10-10T13:01:29","guid":{"rendered":"https:\/\/rendez-vous-store.com\/?post_type=product&#038;p=219285"},"modified":"2026-04-24T16:30:47","modified_gmt":"2026-04-24T14:30:47","slug":"evan-kinori-zip-jacket-two-dark-olive-charcoal-rendez-vous-store","status":"publish","type":"product","link":"https:\/\/rendez-vous-store.com\/fr\/shop\/men-selection-discover-our-selection-rendez-vous-store\/jackets-coats-discover-our-selection\/evan-kinori-zip-jacket-two-dark-olive-charcoal-rendez-vous-store\/","title":{"rendered":"Evan Kinori \u2013 Veste Zip Two \u2013 Dark Olive\/Charcoal"},"content":{"rendered":"<p><strong>Evan Kinori \u2013 Veste Zip Two \u2013 Dark Olive\/Charcoal<\/strong><\/p>\n<p>Couleur : Olive Fonc\u00e9\/Anthracite<\/p>\n<p>Coupe ample<\/p>\n<p>\u00c9paules tombantes<\/p>\n<p>Taille \u00e9lastique<\/p>\n<p>Poignets boutonn\u00e9s<\/p>\n<p>Grande poche \u00e0 rabats<\/p>\n<p>Fermeture \u00e0 glissi\u00e8re<\/p>\n<p>Boutons de Corozo<\/p>\n<p>Col pointu<\/p>\n<p>Fabriqu\u00e9 au Japon<\/p>\n<p>&nbsp;<\/p>\n<p><strong>Les mesures :\u00a0<\/strong><\/p>\n<p>Taille M : \u00c9paules : 69 cm, Poitrine : 69 cm, Manches : 50 cm, Longueur : 69 cm, Emmanchures : 25 cm<\/p>\n<p>Taille L: Epaules: 72cm, Poitrine: 70cm, Manches: 51cm, Longueur: 70cm, Emmanchures: 26cm<\/p>\n<p>&nbsp;<\/p>\n<p>&nbsp;<\/p>\n<p>&nbsp;<\/p>\n<p>&nbsp;<\/p>\n<p>&nbsp;<\/p>\n<p>&nbsp;<\/p>\n<p>&nbsp;<\/p>\n<h2 data-start=\"213\" data-end=\"229\"><\/h2>\n<p>&nbsp;<\/p>\n<p><strong>Le produit\u00a0<\/strong><\/p>\n<p data-start=\"230\" data-end=\"875\">Le Evan Kinori \u2013 Zip Jacket Two \u2013 Dark Olive\/Charcoal allie une construction pr\u00e9cise et une \u00e9l\u00e9gance d\u00e9contract\u00e9e. Ses tons vert olive fonc\u00e9 et anthracite cr\u00e9ent une profondeur subtile et un style discret. De plus, sa fermeture \u00e9clair permet de superposer facilement des v\u00eatements et d'ajuster le confort.<br data-start=\"491\" data-end=\"494\" \/>Le tissu m\u00e9lang\u00e9 coton est doux, r\u00e9sistant et structur\u00e9. De plus, les lignes \u00e9pur\u00e9es et les coutures minimales accentuent la silhouette sculpturale de la veste. Vous pouvez la porter sur des chemises, des t-shirts ou des pulls l\u00e9gers pour un style quotidien polyvalent.<br data-start=\"733\" data-end=\"736\" \/>Ainsi, cette veste rehausse les tenues du quotidien avec une sophistication discr\u00e8te. Elle reste pratique, raffin\u00e9e et ind\u00e9niablement Evan Kinori.<\/p>\n<p data-start=\"230\" data-end=\"875\">\n<p><a href=\"https:\/\/rendez-vous-store.com\/fr\/shop\/men-selection-discover-our-selection-rendez-vous-store\/trousers-shorts-rendez-vous-store\/evan-kinori-elastic-pant-brown-rendez-vous-store\/\">Nous aimons le voir port\u00e9 avec<\/a><\/p>\n<p>&nbsp;<\/p>\n<p>&nbsp;<\/p>\n<p><strong>La marque<\/strong><\/p>\n<p data-start=\"897\" data-end=\"1539\"><strong data-start=\"897\" data-end=\"912\">Evan Kinori<\/strong> conceives et travaille comme patronnier dans son studio de San Francisco. La marque d\u00e9veloppe lentement une collection de v\u00eatements soign\u00e9s et bien construits. De plus, chaque pi\u00e8ce est fabriqu\u00e9e en Californie, mettant l'accent sur l'artisanat local et la qualit\u00e9.<br data-start=\"1153\" data-end=\"1156\" \/>Chaque v\u00eatement est issu d'une \u00e9dition num\u00e9rot\u00e9e \u00e0 la main, refl\u00e9tant une attention m\u00e9ticuleuse aux d\u00e9tails et \u00e0 l'individualit\u00e9. De plus, la marque met l'accent sur des silhouettes \u00e9pur\u00e9es, des d\u00e9tails subtils et la durabilit\u00e9.<br data-start=\"1354\" data-end=\"1357\" \/>Evan Kinori invite les individus \u00e0 adopter des v\u00eatements qui allient art, confort et design intemporel. Chaque pi\u00e8ce soutient l'expression \u00e0 travers des essentiels de garde-robe r\u00e9fl\u00e9chis et durables.<\/p>\n<p data-start=\"897\" data-end=\"1539\">\n<p data-start=\"897\" data-end=\"1539\">\n<p data-start=\"897\" data-end=\"1539\">\n<p>&nbsp;<\/p>\n<p><strong>La collection<\/strong><\/p>\n<p data-start=\"1567\" data-end=\"2204\">Les collections d'Evan Kinori mettent l'accent sur la pr\u00e9cision, la qualit\u00e9 des mat\u00e9riaux et un design minimaliste. Chaque saison affine des silhouettes famili\u00e8res tout en exp\u00e9rimentant avec le tissu, la texture et les subtils d\u00e9tails de construction. De plus, les v\u00eatements sont con\u00e7us pour r\u00e9sister \u00e0 l'usure quotidienne et vieillir avec \u00e9l\u00e9gance.<br data-start=\"1845\" data-end=\"1848\" \/>Les pi\u00e8ces s'empilent naturellement et s'adaptent \u00e0 diff\u00e9rentes tenues et occasions. De plus, les \u00e9ditions num\u00e9rot\u00e9es \u00e0 la main soulignent le caract\u00e8re unique et la qualit\u00e9 de collection.<br data-start=\"2002\" data-end=\"2005\" \/>Par cons\u00e9quent, les collections proposent une garde-robe moderne et r\u00e9fl\u00e9chie, ancr\u00e9e dans le savoir-faire, le confort et une sophistication discr\u00e8te. Chaque pi\u00e8ce incarne l'engagement de la marque envers une conception r\u00e9fl\u00e9chie.<\/p>\n<p data-start=\"1567\" data-end=\"2204\">\n<p data-start=\"1567\" data-end=\"2204\">\n<p data-start=\"1567\" data-end=\"2204\">\n<p data-start=\"1567\" data-end=\"2204\"><a href=\"https:\/\/www.instagram.com\/p\/DP6fiK9jZCI\/?hl=fr&amp;img_index=1\"><strong>Inspirez-vous de notre look EVAN KINORI sur notre Instagram\u00a0<\/strong><\/a><\/p>","protected":false},"excerpt":{"rendered":"<p>Evan Kinori &#8211; Zip Jacket Two &#8211; Dark Olive\/Charcoal Color: Dark Olive\/ Charcoal Loose fit Dropped shoulders Elasticated waistband Button through cuffs Large two-way flap pockets Zip closure Corozo buttons Pointed collar tips Made in Japan &nbsp; The measurements:\u00a0 Size M: Shoulders: 69cm, Chest: 69cm, Sleeves: 50cm, Length: 69cm, Armholes: 25cm Size L: Shoulders: 72cm,&hellip; <a class=\"more-link\" href=\"https:\/\/rendez-vous-store.com\/fr\/shop\/men-selection-discover-our-selection-rendez-vous-store\/jackets-coats-discover-our-selection\/evan-kinori-zip-jacket-two-dark-olive-charcoal-rendez-vous-store\/\">Continuer la lecture <span class=\"screen-reader-text\">Evan Kinori \u2013 Veste Zip Two \u2013 Dark Olive\/Charcoal<\/span><\/a><\/p>","protected":false},"featured_media":219506,"template":"","meta":{"_acf_changed":false},"product_brand":[],"product_cat":[20,1059,53],"product_tag":[608],"class_list":{"0":"post-219285","1":"product","2":"type-product","3":"status-publish","4":"has-post-thumbnail","6":"product_cat-men-selection-discover-our-selection-rendez-vous-store","7":"product_cat-new-men-rendez-vous-store","8":"product_cat-jackets-coats-discover-our-selection","9":"product_tag-evan-kinori","10":"entry","12":"first","13":"outofstock","14":"taxable","15":"shipping-taxable","16":"product-type-variable"},"acf":[],"yoast_head":"<!-- This site is optimized with the Yoast SEO plugin v24.9 - https:\/\/yoast.com\/wordpress\/plugins\/seo\/ -->\n<title>Evan Kinori - Zip Jacket Two - Dark Olive\/Charcoal<\/title>\n<meta name=\"description\" content=\"This Evan Kinori - Zip Jacket Two - Dark Olive\/Charcoal is perfect for slightly colder days to keep warm in style. Discover now on Rendez-vous Store.\" \/>\n<meta name=\"robots\" content=\"index, follow, max-snippet:-1, max-image-preview:large, max-video-preview:-1\" \/>\n<link rel=\"canonical\" href=\"https:\/\/rendez-vous-store.com\/fr\/shop\/men-selection-discover-our-selection-rendez-vous-store\/jackets-coats-discover-our-selection\/evan-kinori-zip-jacket-two-dark-olive-charcoal-rendez-vous-store\/\" \/>\n<meta property=\"og:locale\" content=\"fr_FR\" \/>\n<meta property=\"og:type\" content=\"article\" \/>\n<meta property=\"og:title\" content=\"Evan Kinori - Zip Jacket Two - Dark Olive\/Charcoal\" \/>\n<meta property=\"og:description\" content=\"This Evan Kinori - Zip Jacket Two - Dark Olive\/Charcoal is perfect for slightly colder days to keep warm in style. Discover now on Rendez-vous Store.\" \/>\n<meta property=\"og:url\" content=\"https:\/\/rendez-vous-store.com\/fr\/shop\/men-selection-discover-our-selection-rendez-vous-store\/jackets-coats-discover-our-selection\/evan-kinori-zip-jacket-two-dark-olive-charcoal-rendez-vous-store\/\" \/>\n<meta property=\"og:site_name\" content=\"RENDEZ-VOUS STORE\" \/>\n<meta property=\"article:modified_time\" content=\"2026-04-24T14:30:47+00:00\" \/>\n<meta property=\"og:image\" content=\"https:\/\/rendez-vous-store.com\/app\/uploads\/2025\/10\/IMG_0578-min-scaled.webp\" \/>\n\t<meta property=\"og:image:width\" content=\"1707\" \/>\n\t<meta property=\"og:image:height\" content=\"2560\" \/>\n\t<meta property=\"og:image:type\" content=\"image\/webp\" \/>\n<meta name=\"twitter:card\" content=\"summary_large_image\" \/>\n<meta name=\"twitter:label1\" content=\"Est. reading time\" \/>\n\t<meta name=\"twitter:data1\" content=\"2 minutes\" \/>\n<script type=\"application\/ld+json\" class=\"yoast-schema-graph\">{\"@context\":\"https:\/\/schema.org\",\"@graph\":[{\"@type\":\"WebPage\",\"@id\":\"https:\/\/rendez-vous-store.com\/shop\/men-selection-discover-our-selection-rendez-vous-store\/jackets-coats-discover-our-selection\/evan-kinori-zip-jacket-two-dark-olive-charcoal-rendez-vous-store\/\",\"url\":\"https:\/\/rendez-vous-store.com\/shop\/men-selection-discover-our-selection-rendez-vous-store\/jackets-coats-discover-our-selection\/evan-kinori-zip-jacket-two-dark-olive-charcoal-rendez-vous-store\/\",\"name\":\"Evan Kinori - Zip Jacket Two - Dark Olive\/Charcoal\",\"isPartOf\":{\"@id\":\"https:\/\/rendez-vous-store.com\/#website\"},\"primaryImageOfPage\":{\"@id\":\"https:\/\/rendez-vous-store.com\/shop\/men-selection-discover-our-selection-rendez-vous-store\/jackets-coats-discover-our-selection\/evan-kinori-zip-jacket-two-dark-olive-charcoal-rendez-vous-store\/#primaryimage\"},\"image\":{\"@id\":\"https:\/\/rendez-vous-store.com\/shop\/men-selection-discover-our-selection-rendez-vous-store\/jackets-coats-discover-our-selection\/evan-kinori-zip-jacket-two-dark-olive-charcoal-rendez-vous-store\/#primaryimage\"},\"thumbnailUrl\":\"https:\/\/rendez-vous-store.com\/app\/uploads\/2025\/10\/IMG_0578-min-scaled.webp\",\"datePublished\":\"2025-10-10T13:01:29+00:00\",\"dateModified\":\"2026-04-24T14:30:47+00:00\",\"description\":\"This Evan Kinori - Zip Jacket Two - Dark Olive\/Charcoal is perfect for slightly colder days to keep warm in style. Discover now on Rendez-vous Store.\",\"breadcrumb\":{\"@id\":\"https:\/\/rendez-vous-store.com\/shop\/men-selection-discover-our-selection-rendez-vous-store\/jackets-coats-discover-our-selection\/evan-kinori-zip-jacket-two-dark-olive-charcoal-rendez-vous-store\/#breadcrumb\"},\"inLanguage\":\"fr-FR\",\"potentialAction\":[{\"@type\":\"ReadAction\",\"target\":[\"https:\/\/rendez-vous-store.com\/shop\/men-selection-discover-our-selection-rendez-vous-store\/jackets-coats-discover-our-selection\/evan-kinori-zip-jacket-two-dark-olive-charcoal-rendez-vous-store\/\"]}]},{\"@type\":\"ImageObject\",\"inLanguage\":\"fr-FR\",\"@id\":\"https:\/\/rendez-vous-store.com\/shop\/men-selection-discover-our-selection-rendez-vous-store\/jackets-coats-discover-our-selection\/evan-kinori-zip-jacket-two-dark-olive-charcoal-rendez-vous-store\/#primaryimage\",\"url\":\"https:\/\/rendez-vous-store.com\/app\/uploads\/2025\/10\/IMG_0578-min-scaled.webp\",\"contentUrl\":\"https:\/\/rendez-vous-store.com\/app\/uploads\/2025\/10\/IMG_0578-min-scaled.webp\",\"width\":1707,\"height\":2560},{\"@type\":\"BreadcrumbList\",\"@id\":\"https:\/\/rendez-vous-store.com\/shop\/men-selection-discover-our-selection-rendez-vous-store\/jackets-coats-discover-our-selection\/evan-kinori-zip-jacket-two-dark-olive-charcoal-rendez-vous-store\/#breadcrumb\",\"itemListElement\":[{\"@type\":\"ListItem\",\"position\":1,\"name\":\"Home\",\"item\":\"https:\/\/rendez-vous-store.com\/\"},{\"@type\":\"ListItem\",\"position\":2,\"name\":\"Shop\",\"item\":\"https:\/\/www.rendez-vous-store.com\/shop\/\"},{\"@type\":\"ListItem\",\"position\":3,\"name\":\"Evan Kinori &#8211; Zip Jacket Two &#8211; Dark Olive\/Charcoal\"}]},{\"@type\":\"WebSite\",\"@id\":\"https:\/\/rendez-vous-store.com\/#website\",\"url\":\"https:\/\/rendez-vous-store.com\/\",\"name\":\"RENDEZ-VOUS STORE\",\"description\":\"Slow Fashion for Women and Men\",\"potentialAction\":[{\"@type\":\"SearchAction\",\"target\":{\"@type\":\"EntryPoint\",\"urlTemplate\":\"https:\/\/rendez-vous-store.com\/?s={search_term_string}\"},\"query-input\":{\"@type\":\"PropertyValueSpecification\",\"valueRequired\":true,\"valueName\":\"search_term_string\"}}],\"inLanguage\":\"fr-FR\"}]}<\/script>\n<!-- \/ Yoast SEO plugin. -->","yoast_head_json":{"title":"Evan Kinori - Zip Jacket Two - Dark Olive\/Charcoal","description":"This Evan Kinori - Zip Jacket Two - Dark Olive\/Charcoal is perfect for slightly colder days to keep warm in style. Discover now on Rendez-vous Store.","robots":{"index":"index","follow":"follow","max-snippet":"max-snippet:-1","max-image-preview":"max-image-preview:large","max-video-preview":"max-video-preview:-1"},"canonical":"https:\/\/rendez-vous-store.com\/fr\/shop\/men-selection-discover-our-selection-rendez-vous-store\/jackets-coats-discover-our-selection\/evan-kinori-zip-jacket-two-dark-olive-charcoal-rendez-vous-store\/","og_locale":"fr_FR","og_type":"article","og_title":"Evan Kinori - Zip Jacket Two - Dark Olive\/Charcoal","og_description":"This Evan Kinori - Zip Jacket Two - Dark Olive\/Charcoal is perfect for slightly colder days to keep warm in style. Discover now on Rendez-vous Store.","og_url":"https:\/\/rendez-vous-store.com\/fr\/shop\/men-selection-discover-our-selection-rendez-vous-store\/jackets-coats-discover-our-selection\/evan-kinori-zip-jacket-two-dark-olive-charcoal-rendez-vous-store\/","og_site_name":"RENDEZ-VOUS STORE","article_modified_time":"2026-04-24T14:30:47+00:00","og_image":[{"width":1707,"height":2560,"url":"https:\/\/rendez-vous-store.com\/app\/uploads\/2025\/10\/IMG_0578-min-scaled.webp","type":"image\/webp"}],"twitter_card":"summary_large_image","twitter_misc":{"Est. reading time":"2 minutes"},"schema":{"@context":"https:\/\/schema.org","@graph":[{"@type":"WebPage","@id":"https:\/\/rendez-vous-store.com\/shop\/men-selection-discover-our-selection-rendez-vous-store\/jackets-coats-discover-our-selection\/evan-kinori-zip-jacket-two-dark-olive-charcoal-rendez-vous-store\/","url":"https:\/\/rendez-vous-store.com\/shop\/men-selection-discover-our-selection-rendez-vous-store\/jackets-coats-discover-our-selection\/evan-kinori-zip-jacket-two-dark-olive-charcoal-rendez-vous-store\/","name":"Evan Kinori - Zip Jacket Two - Dark Olive\/Charcoal","isPartOf":{"@id":"https:\/\/rendez-vous-store.com\/#website"},"primaryImageOfPage":{"@id":"https:\/\/rendez-vous-store.com\/shop\/men-selection-discover-our-selection-rendez-vous-store\/jackets-coats-discover-our-selection\/evan-kinori-zip-jacket-two-dark-olive-charcoal-rendez-vous-store\/#primaryimage"},"image":{"@id":"https:\/\/rendez-vous-store.com\/shop\/men-selection-discover-our-selection-rendez-vous-store\/jackets-coats-discover-our-selection\/evan-kinori-zip-jacket-two-dark-olive-charcoal-rendez-vous-store\/#primaryimage"},"thumbnailUrl":"https:\/\/rendez-vous-store.com\/app\/uploads\/2025\/10\/IMG_0578-min-scaled.webp","datePublished":"2025-10-10T13:01:29+00:00","dateModified":"2026-04-24T14:30:47+00:00","description":"This Evan Kinori - Zip Jacket Two - Dark Olive\/Charcoal is perfect for slightly colder days to keep warm in style. Discover now on Rendez-vous Store.","breadcrumb":{"@id":"https:\/\/rendez-vous-store.com\/shop\/men-selection-discover-our-selection-rendez-vous-store\/jackets-coats-discover-our-selection\/evan-kinori-zip-jacket-two-dark-olive-charcoal-rendez-vous-store\/#breadcrumb"},"inLanguage":"fr-FR","potentialAction":[{"@type":"ReadAction","target":["https:\/\/rendez-vous-store.com\/shop\/men-selection-discover-our-selection-rendez-vous-store\/jackets-coats-discover-our-selection\/evan-kinori-zip-jacket-two-dark-olive-charcoal-rendez-vous-store\/"]}]},{"@type":"ImageObject","inLanguage":"fr-FR","@id":"https:\/\/rendez-vous-store.com\/shop\/men-selection-discover-our-selection-rendez-vous-store\/jackets-coats-discover-our-selection\/evan-kinori-zip-jacket-two-dark-olive-charcoal-rendez-vous-store\/#primaryimage","url":"https:\/\/rendez-vous-store.com\/app\/uploads\/2025\/10\/IMG_0578-min-scaled.webp","contentUrl":"https:\/\/rendez-vous-store.com\/app\/uploads\/2025\/10\/IMG_0578-min-scaled.webp","width":1707,"height":2560},{"@type":"BreadcrumbList","@id":"https:\/\/rendez-vous-store.com\/shop\/men-selection-discover-our-selection-rendez-vous-store\/jackets-coats-discover-our-selection\/evan-kinori-zip-jacket-two-dark-olive-charcoal-rendez-vous-store\/#breadcrumb","itemListElement":[{"@type":"ListItem","position":1,"name":"Home","item":"https:\/\/rendez-vous-store.com\/"},{"@type":"ListItem","position":2,"name":"Shop","item":"https:\/\/www.rendez-vous-store.com\/shop\/"},{"@type":"ListItem","position":3,"name":"Evan Kinori &#8211; Zip Jacket Two &#8211; Dark Olive\/Charcoal"}]},{"@type":"WebSite","@id":"https:\/\/rendez-vous-store.com\/#website","url":"https:\/\/rendez-vous-store.com\/","name":"RENDEZ-VOUS STORE","description":"Slow Fashion for Women and Men","potentialAction":[{"@type":"SearchAction","target":{"@type":"EntryPoint","urlTemplate":"https:\/\/rendez-vous-store.com\/?s={search_term_string}"},"query-input":{"@type":"PropertyValueSpecification","valueRequired":true,"valueName":"search_term_string"}}],"inLanguage":"fr-FR"}]}},"_links":{"self":[{"href":"https:\/\/rendez-vous-store.com\/fr\/wp-json\/wp\/v2\/product\/219285","targetHints":{"allow":["GET"]}}],"collection":[{"href":"https:\/\/rendez-vous-store.com\/fr\/wp-json\/wp\/v2\/product"}],"about":[{"href":"https:\/\/rendez-vous-store.com\/fr\/wp-json\/wp\/v2\/types\/product"}],"wp:featuredmedia":[{"embeddable":true,"href":"https:\/\/rendez-vous-store.com\/fr\/wp-json\/wp\/v2\/media\/219506"}],"wp:attachment":[{"href":"https:\/\/rendez-vous-store.com\/fr\/wp-json\/wp\/v2\/media?parent=219285"}],"wp:term":[{"taxonomy":"product_brand","embeddable":true,"href":"https:\/\/rendez-vous-store.com\/fr\/wp-json\/wp\/v2\/product_brand?post=219285"},{"taxonomy":"product_cat","embeddable":true,"href":"https:\/\/rendez-vous-store.com\/fr\/wp-json\/wp\/v2\/product_cat?post=219285"},{"taxonomy":"product_tag","embeddable":true,"href":"https:\/\/rendez-vous-store.com\/fr\/wp-json\/wp\/v2\/product_tag?post=219285"}],"curies":[{"name":"wp","href":"https:\/\/api.w.org\/{rel}","templated":true}]}}