{"id":219280,"date":"2025-10-10T15:01:25","date_gmt":"2025-10-10T13:01:25","guid":{"rendered":"https:\/\/rendez-vous-store.com\/?post_type=product&#038;p=219280"},"modified":"2026-04-24T16:30:54","modified_gmt":"2026-04-24T14:30:54","slug":"evan-kinori-elastic-pant-brown-rendez-vous-store","status":"publish","type":"product","link":"https:\/\/rendez-vous-store.com\/fr\/shop\/men-selection-discover-our-selection-rendez-vous-store\/trousers-shorts-rendez-vous-store\/evan-kinori-elastic-pant-brown-rendez-vous-store\/","title":{"rendered":"Evan Kinori \u2013 Pantalon \u00e9lastique \u2013 Marron"},"content":{"rendered":"<p><strong>Evan Kinori \u2013 Pantalon \u00e9lastique \u2013 Marron<\/strong><\/p>\n<p>Couleur : Marron<\/p>\n<p>Coupe d\u00e9contract\u00e9e<\/p>\n<p>Large, jambe droite l\u00e9g\u00e8rement raccourcie<\/p>\n<p>Ceinture \u00e9lastique int\u00e9rieure<\/p>\n<p>Poches devant passepoil\u00e9es<\/p>\n<p>Poche passepoil\u00e9e simple au dos<\/p>\n<p>Boutons de Corozo<\/p>\n<p>Passants de ceinture \u00e0 aiguille unique<\/p>\n<p>Composition : 55% Coton, 45% Papier washi<\/p>\n<p>Fabriqu\u00e9 au Japon<\/p>\n<p>&nbsp;<\/p>\n<p><strong>Les mesures :\u00a0<\/strong><\/p>\n<p>Taille M : Tour de taille : 39cm, Hanches : 64cm, Cuisse : 35cm, Entrejambe : 67cm, Longueur : 101cm<\/p>\n<p>Taille L\u00a0: tour de taille\u00a0: 40\u00a0cm, tour de hanches\u00a0: 66\u00a0cm, tour de cuisse\u00a0: 38\u00a0cm, longueur d'entrejambe\u00a0: 69\u00a0cm, longueur totale\u00a0: 103\u00a0cm<\/p>\n<p>&nbsp;<\/p>\n<p>&nbsp;<\/p>\n<h2 data-start=\"217\" data-end=\"233\"><\/h2>\n<p>&nbsp;<\/p>\n<p>&nbsp;<\/p>\n<p><strong>Le produit<\/strong><\/p>\n<p data-start=\"234\" data-end=\"862\">Le pantalon Evan Kinori \u2013 Pantalon \u00c9lastique \u2013 Marron combine confort, fonctionnalit\u00e9 et design minimaliste. Sa teinte brun chaud ajoute une sophistication subtile et de la polyvalence. De plus, la ceinture \u00e9lastique assure un ajustement r\u00e9glable et d\u00e9contract\u00e9.<br data-start=\"467\" data-end=\"470\" \/>Le tissu l\u00e9ger en coton est doux, r\u00e9sistant et respirant. De plus, la silhouette droite cr\u00e9e des lignes \u00e9pur\u00e9es tout en permettant un mouvement naturel. Vous pouvez associer ce pantalon \u00e0 des chemises, des t-shirts ou des vestes pour un style d\u00e9contract\u00e9 ou raffin\u00e9.<br data-start=\"716\" data-end=\"719\" \/>Par cons\u00e9quent, ce pantalon rehausse les tenues de tous les jours avec une \u00e9l\u00e9gance discr\u00e8te. Il reste pratique, confortable et ind\u00e9niablement Evan Kinori.<\/p>\n<p>&nbsp;<\/p>\n<p>&nbsp;<\/p>\n<p>&nbsp;<\/p>\n<p>&nbsp;<\/p>\n<p><a href=\"https:\/\/rendez-vous-store.com\/fr\/shop\/men-selection-discover-our-selection-rendez-vous-store\/knitwears-discover-our-selection-rendez-vous-store\/evan-kinori-rollneck-sweater-light-brown-rendez-vous-store\/\">Nous aimons le voir port\u00e9 avec<\/a><\/p>\n<p>&nbsp;<\/p>\n<p>&nbsp;<\/p>\n<p><strong>La marque<\/strong><\/p>\n<p data-start=\"897\" data-end=\"1539\"><strong data-start=\"897\" data-end=\"912\">Evan Kinori<\/strong> conceives et travaille comme patronnier dans son studio de San Francisco. La marque d\u00e9veloppe lentement une collection de v\u00eatements soign\u00e9s et bien construits. De plus, chaque pi\u00e8ce est fabriqu\u00e9e en Californie, mettant l'accent sur l'artisanat local et la qualit\u00e9.<br data-start=\"1153\" data-end=\"1156\" \/>Chaque v\u00eatement est issu d'une \u00e9dition num\u00e9rot\u00e9e \u00e0 la main, refl\u00e9tant une attention m\u00e9ticuleuse aux d\u00e9tails et \u00e0 l'individualit\u00e9. De plus, la marque met l'accent sur des silhouettes \u00e9pur\u00e9es, des d\u00e9tails subtils et la durabilit\u00e9.<br data-start=\"1354\" data-end=\"1357\" \/>Evan Kinori invite les individus \u00e0 adopter des v\u00eatements qui allient art, confort et design intemporel. Chaque pi\u00e8ce soutient l'expression \u00e0 travers des essentiels de garde-robe r\u00e9fl\u00e9chis et durables.<\/p>\n<p>&nbsp;<\/p>\n<p>&nbsp;<\/p>\n<p><strong>La collection<\/strong><\/p>\n<p data-start=\"1567\" data-end=\"2204\">Les collections d'Evan Kinori mettent l'accent sur la pr\u00e9cision, la qualit\u00e9 des mat\u00e9riaux et un design minimaliste. Chaque saison affine des silhouettes famili\u00e8res tout en exp\u00e9rimentant avec le tissu, la texture et les subtils d\u00e9tails de construction. De plus, les v\u00eatements sont con\u00e7us pour r\u00e9sister \u00e0 l'usure quotidienne et vieillir avec \u00e9l\u00e9gance.<br data-start=\"1845\" data-end=\"1848\" \/>Les pi\u00e8ces s'empilent naturellement et s'adaptent \u00e0 diff\u00e9rentes tenues et occasions. De plus, les \u00e9ditions num\u00e9rot\u00e9es \u00e0 la main soulignent le caract\u00e8re unique et la qualit\u00e9 de collection.<br data-start=\"2002\" data-end=\"2005\" \/>Par cons\u00e9quent, les collections proposent une garde-robe moderne et r\u00e9fl\u00e9chie, ancr\u00e9e dans le savoir-faire, le confort et une sophistication discr\u00e8te. Chaque pi\u00e8ce incarne l'engagement de la marque envers une conception r\u00e9fl\u00e9chie.<\/p>\n<p data-start=\"1567\" data-end=\"2204\">\n<p data-start=\"1567\" data-end=\"2204\">\n<p data-start=\"1567\" data-end=\"2204\">\n<p data-start=\"1567\" data-end=\"2204\"><a href=\"https:\/\/www.instagram.com\/p\/DP6fiK9jZCI\/?hl=fr&amp;img_index=1\"><strong>Inspirez-vous de notre look EVAN KINORI sur notre Instagram\u00a0<\/strong><\/a><\/p>","protected":false},"excerpt":{"rendered":"<p>Evan Kinori \u2013 Pantalon \u00e9lastique \u2013 Marron Couleur : Marron Coupe d\u00e9contract\u00e9e Jambe droite large, l\u00e9g\u00e8rement raccourcie Taille \u00e9lastiqu\u00e9e interne Poches avant coutures Poche passepoil\u00e9e unique \u00e0 l'arri\u00e8re Boutons en corozo Passants de ceinture \u00e0 une seule aiguille Composition : 55% Coton, 45% Papier Washi Fabriqu\u00e9 au Japon Les mesures : Taille M : Tour de taille : 39 cm, Hanches : 64 cm, Cuisse : 35 cm, Entrejambe : 67 cm,\u2026 <a class=\"more-link\" href=\"https:\/\/rendez-vous-store.com\/fr\/shop\/men-selection-discover-our-selection-rendez-vous-store\/trousers-shorts-rendez-vous-store\/evan-kinori-elastic-pant-brown-rendez-vous-store\/\">Continuer la lecture <span class=\"screen-reader-text\">Evan Kinori \u2013 Pantalon \u00e9lastique \u2013 Marron<\/span><\/a><\/p>","protected":false},"featured_media":219510,"template":"","meta":{"_acf_changed":false},"product_brand":[],"product_cat":[20,73],"product_tag":[608],"class_list":{"0":"post-219280","1":"product","2":"type-product","3":"status-publish","4":"has-post-thumbnail","6":"product_cat-men-selection-discover-our-selection-rendez-vous-store","7":"product_cat-trousers-shorts-rendez-vous-store","8":"product_tag-evan-kinori","9":"entry","11":"first","12":"outofstock","13":"taxable","14":"shipping-taxable","15":"product-type-variable"},"acf":[],"yoast_head":"<!-- This site is optimized with the Yoast SEO plugin v24.9 - https:\/\/yoast.com\/wordpress\/plugins\/seo\/ -->\n<title>Evan Kinori - Elastic Pant - Brown<\/title>\n<meta name=\"description\" content=\"This Evan Kinori - Elastic Pant - Brown is perfect for slightly colder days to keep warm in style. Discover now on Rendez-vous Store.\" \/>\n<meta name=\"robots\" content=\"index, follow, max-snippet:-1, max-image-preview:large, max-video-preview:-1\" \/>\n<link rel=\"canonical\" href=\"https:\/\/rendez-vous-store.com\/fr\/shop\/men-selection-discover-our-selection-rendez-vous-store\/trousers-shorts-rendez-vous-store\/evan-kinori-elastic-pant-brown-rendez-vous-store\/\" \/>\n<meta property=\"og:locale\" content=\"fr_FR\" \/>\n<meta property=\"og:type\" content=\"article\" \/>\n<meta property=\"og:title\" content=\"Evan Kinori - Elastic Pant - Brown\" \/>\n<meta property=\"og:description\" content=\"This Evan Kinori - Elastic Pant - Brown is perfect for slightly colder days to keep warm in style. Discover now on Rendez-vous Store.\" \/>\n<meta property=\"og:url\" content=\"https:\/\/rendez-vous-store.com\/fr\/shop\/men-selection-discover-our-selection-rendez-vous-store\/trousers-shorts-rendez-vous-store\/evan-kinori-elastic-pant-brown-rendez-vous-store\/\" \/>\n<meta property=\"og:site_name\" content=\"RENDEZ-VOUS STORE\" \/>\n<meta property=\"article:modified_time\" content=\"2026-04-24T14:30:54+00:00\" \/>\n<meta property=\"og:image\" content=\"https:\/\/rendez-vous-store.com\/app\/uploads\/2025\/10\/IMG_0544-min-scaled.webp\" \/>\n\t<meta property=\"og:image:width\" content=\"1707\" \/>\n\t<meta property=\"og:image:height\" content=\"2560\" \/>\n\t<meta property=\"og:image:type\" content=\"image\/webp\" \/>\n<meta name=\"twitter:card\" content=\"summary_large_image\" \/>\n<meta name=\"twitter:label1\" content=\"Est. reading time\" \/>\n\t<meta name=\"twitter:data1\" content=\"2 minutes\" \/>\n<script type=\"application\/ld+json\" class=\"yoast-schema-graph\">{\"@context\":\"https:\/\/schema.org\",\"@graph\":[{\"@type\":\"WebPage\",\"@id\":\"https:\/\/rendez-vous-store.com\/shop\/men-selection-discover-our-selection-rendez-vous-store\/trousers-shorts-rendez-vous-store\/evan-kinori-elastic-pant-brown-rendez-vous-store\/\",\"url\":\"https:\/\/rendez-vous-store.com\/shop\/men-selection-discover-our-selection-rendez-vous-store\/trousers-shorts-rendez-vous-store\/evan-kinori-elastic-pant-brown-rendez-vous-store\/\",\"name\":\"Evan Kinori - Elastic Pant - Brown\",\"isPartOf\":{\"@id\":\"https:\/\/rendez-vous-store.com\/#website\"},\"primaryImageOfPage\":{\"@id\":\"https:\/\/rendez-vous-store.com\/shop\/men-selection-discover-our-selection-rendez-vous-store\/trousers-shorts-rendez-vous-store\/evan-kinori-elastic-pant-brown-rendez-vous-store\/#primaryimage\"},\"image\":{\"@id\":\"https:\/\/rendez-vous-store.com\/shop\/men-selection-discover-our-selection-rendez-vous-store\/trousers-shorts-rendez-vous-store\/evan-kinori-elastic-pant-brown-rendez-vous-store\/#primaryimage\"},\"thumbnailUrl\":\"https:\/\/rendez-vous-store.com\/app\/uploads\/2025\/10\/IMG_0544-min-scaled.webp\",\"datePublished\":\"2025-10-10T13:01:25+00:00\",\"dateModified\":\"2026-04-24T14:30:54+00:00\",\"description\":\"This Evan Kinori - Elastic Pant - Brown is perfect for slightly colder days to keep warm in style. Discover now on Rendez-vous Store.\",\"breadcrumb\":{\"@id\":\"https:\/\/rendez-vous-store.com\/shop\/men-selection-discover-our-selection-rendez-vous-store\/trousers-shorts-rendez-vous-store\/evan-kinori-elastic-pant-brown-rendez-vous-store\/#breadcrumb\"},\"inLanguage\":\"fr-FR\",\"potentialAction\":[{\"@type\":\"ReadAction\",\"target\":[\"https:\/\/rendez-vous-store.com\/shop\/men-selection-discover-our-selection-rendez-vous-store\/trousers-shorts-rendez-vous-store\/evan-kinori-elastic-pant-brown-rendez-vous-store\/\"]}]},{\"@type\":\"ImageObject\",\"inLanguage\":\"fr-FR\",\"@id\":\"https:\/\/rendez-vous-store.com\/shop\/men-selection-discover-our-selection-rendez-vous-store\/trousers-shorts-rendez-vous-store\/evan-kinori-elastic-pant-brown-rendez-vous-store\/#primaryimage\",\"url\":\"https:\/\/rendez-vous-store.com\/app\/uploads\/2025\/10\/IMG_0544-min-scaled.webp\",\"contentUrl\":\"https:\/\/rendez-vous-store.com\/app\/uploads\/2025\/10\/IMG_0544-min-scaled.webp\",\"width\":1707,\"height\":2560},{\"@type\":\"BreadcrumbList\",\"@id\":\"https:\/\/rendez-vous-store.com\/shop\/men-selection-discover-our-selection-rendez-vous-store\/trousers-shorts-rendez-vous-store\/evan-kinori-elastic-pant-brown-rendez-vous-store\/#breadcrumb\",\"itemListElement\":[{\"@type\":\"ListItem\",\"position\":1,\"name\":\"Home\",\"item\":\"https:\/\/rendez-vous-store.com\/\"},{\"@type\":\"ListItem\",\"position\":2,\"name\":\"Shop\",\"item\":\"https:\/\/www.rendez-vous-store.com\/shop\/\"},{\"@type\":\"ListItem\",\"position\":3,\"name\":\"Evan Kinori &#8211; Elastic Pant &#8211; Brown\"}]},{\"@type\":\"WebSite\",\"@id\":\"https:\/\/rendez-vous-store.com\/#website\",\"url\":\"https:\/\/rendez-vous-store.com\/\",\"name\":\"RENDEZ-VOUS STORE\",\"description\":\"Slow Fashion for Women and Men\",\"potentialAction\":[{\"@type\":\"SearchAction\",\"target\":{\"@type\":\"EntryPoint\",\"urlTemplate\":\"https:\/\/rendez-vous-store.com\/?s={search_term_string}\"},\"query-input\":{\"@type\":\"PropertyValueSpecification\",\"valueRequired\":true,\"valueName\":\"search_term_string\"}}],\"inLanguage\":\"fr-FR\"}]}<\/script>\n<!-- \/ Yoast SEO plugin. -->","yoast_head_json":{"title":"Evan Kinori - Elastic Pant - Brown","description":"This Evan Kinori - Elastic Pant - Brown is perfect for slightly colder days to keep warm in style. Discover now on Rendez-vous Store.","robots":{"index":"index","follow":"follow","max-snippet":"max-snippet:-1","max-image-preview":"max-image-preview:large","max-video-preview":"max-video-preview:-1"},"canonical":"https:\/\/rendez-vous-store.com\/fr\/shop\/men-selection-discover-our-selection-rendez-vous-store\/trousers-shorts-rendez-vous-store\/evan-kinori-elastic-pant-brown-rendez-vous-store\/","og_locale":"fr_FR","og_type":"article","og_title":"Evan Kinori - Elastic Pant - Brown","og_description":"This Evan Kinori - Elastic Pant - Brown is perfect for slightly colder days to keep warm in style. Discover now on Rendez-vous Store.","og_url":"https:\/\/rendez-vous-store.com\/fr\/shop\/men-selection-discover-our-selection-rendez-vous-store\/trousers-shorts-rendez-vous-store\/evan-kinori-elastic-pant-brown-rendez-vous-store\/","og_site_name":"RENDEZ-VOUS STORE","article_modified_time":"2026-04-24T14:30:54+00:00","og_image":[{"width":1707,"height":2560,"url":"https:\/\/rendez-vous-store.com\/app\/uploads\/2025\/10\/IMG_0544-min-scaled.webp","type":"image\/webp"}],"twitter_card":"summary_large_image","twitter_misc":{"Est. reading time":"2 minutes"},"schema":{"@context":"https:\/\/schema.org","@graph":[{"@type":"WebPage","@id":"https:\/\/rendez-vous-store.com\/shop\/men-selection-discover-our-selection-rendez-vous-store\/trousers-shorts-rendez-vous-store\/evan-kinori-elastic-pant-brown-rendez-vous-store\/","url":"https:\/\/rendez-vous-store.com\/shop\/men-selection-discover-our-selection-rendez-vous-store\/trousers-shorts-rendez-vous-store\/evan-kinori-elastic-pant-brown-rendez-vous-store\/","name":"Evan Kinori - Elastic Pant - Brown","isPartOf":{"@id":"https:\/\/rendez-vous-store.com\/#website"},"primaryImageOfPage":{"@id":"https:\/\/rendez-vous-store.com\/shop\/men-selection-discover-our-selection-rendez-vous-store\/trousers-shorts-rendez-vous-store\/evan-kinori-elastic-pant-brown-rendez-vous-store\/#primaryimage"},"image":{"@id":"https:\/\/rendez-vous-store.com\/shop\/men-selection-discover-our-selection-rendez-vous-store\/trousers-shorts-rendez-vous-store\/evan-kinori-elastic-pant-brown-rendez-vous-store\/#primaryimage"},"thumbnailUrl":"https:\/\/rendez-vous-store.com\/app\/uploads\/2025\/10\/IMG_0544-min-scaled.webp","datePublished":"2025-10-10T13:01:25+00:00","dateModified":"2026-04-24T14:30:54+00:00","description":"This Evan Kinori - Elastic Pant - Brown is perfect for slightly colder days to keep warm in style. Discover now on Rendez-vous Store.","breadcrumb":{"@id":"https:\/\/rendez-vous-store.com\/shop\/men-selection-discover-our-selection-rendez-vous-store\/trousers-shorts-rendez-vous-store\/evan-kinori-elastic-pant-brown-rendez-vous-store\/#breadcrumb"},"inLanguage":"fr-FR","potentialAction":[{"@type":"ReadAction","target":["https:\/\/rendez-vous-store.com\/shop\/men-selection-discover-our-selection-rendez-vous-store\/trousers-shorts-rendez-vous-store\/evan-kinori-elastic-pant-brown-rendez-vous-store\/"]}]},{"@type":"ImageObject","inLanguage":"fr-FR","@id":"https:\/\/rendez-vous-store.com\/shop\/men-selection-discover-our-selection-rendez-vous-store\/trousers-shorts-rendez-vous-store\/evan-kinori-elastic-pant-brown-rendez-vous-store\/#primaryimage","url":"https:\/\/rendez-vous-store.com\/app\/uploads\/2025\/10\/IMG_0544-min-scaled.webp","contentUrl":"https:\/\/rendez-vous-store.com\/app\/uploads\/2025\/10\/IMG_0544-min-scaled.webp","width":1707,"height":2560},{"@type":"BreadcrumbList","@id":"https:\/\/rendez-vous-store.com\/shop\/men-selection-discover-our-selection-rendez-vous-store\/trousers-shorts-rendez-vous-store\/evan-kinori-elastic-pant-brown-rendez-vous-store\/#breadcrumb","itemListElement":[{"@type":"ListItem","position":1,"name":"Home","item":"https:\/\/rendez-vous-store.com\/"},{"@type":"ListItem","position":2,"name":"Shop","item":"https:\/\/www.rendez-vous-store.com\/shop\/"},{"@type":"ListItem","position":3,"name":"Evan Kinori &#8211; Elastic Pant &#8211; Brown"}]},{"@type":"WebSite","@id":"https:\/\/rendez-vous-store.com\/#website","url":"https:\/\/rendez-vous-store.com\/","name":"RENDEZ-VOUS STORE","description":"Slow Fashion for Women and Men","potentialAction":[{"@type":"SearchAction","target":{"@type":"EntryPoint","urlTemplate":"https:\/\/rendez-vous-store.com\/?s={search_term_string}"},"query-input":{"@type":"PropertyValueSpecification","valueRequired":true,"valueName":"search_term_string"}}],"inLanguage":"fr-FR"}]}},"_links":{"self":[{"href":"https:\/\/rendez-vous-store.com\/fr\/wp-json\/wp\/v2\/product\/219280","targetHints":{"allow":["GET"]}}],"collection":[{"href":"https:\/\/rendez-vous-store.com\/fr\/wp-json\/wp\/v2\/product"}],"about":[{"href":"https:\/\/rendez-vous-store.com\/fr\/wp-json\/wp\/v2\/types\/product"}],"wp:featuredmedia":[{"embeddable":true,"href":"https:\/\/rendez-vous-store.com\/fr\/wp-json\/wp\/v2\/media\/219510"}],"wp:attachment":[{"href":"https:\/\/rendez-vous-store.com\/fr\/wp-json\/wp\/v2\/media?parent=219280"}],"wp:term":[{"taxonomy":"product_brand","embeddable":true,"href":"https:\/\/rendez-vous-store.com\/fr\/wp-json\/wp\/v2\/product_brand?post=219280"},{"taxonomy":"product_cat","embeddable":true,"href":"https:\/\/rendez-vous-store.com\/fr\/wp-json\/wp\/v2\/product_cat?post=219280"},{"taxonomy":"product_tag","embeddable":true,"href":"https:\/\/rendez-vous-store.com\/fr\/wp-json\/wp\/v2\/product_tag?post=219280"}],"curies":[{"name":"wp","href":"https:\/\/api.w.org\/{rel}","templated":true}]}}