{"id":219061,"date":"2025-10-09T16:59:27","date_gmt":"2025-10-09T14:59:27","guid":{"rendered":"https:\/\/rendez-vous-store.com\/?post_type=product&#038;p=219061"},"modified":"2026-04-24T16:29:31","modified_gmt":"2026-04-24T14:29:31","slug":"evan-kinori-three-pocket-jacket-brown-charcoal","status":"publish","type":"product","link":"https:\/\/rendez-vous-store.com\/fr\/shop\/men-selection-discover-our-selection-rendez-vous-store\/jackets-coats-discover-our-selection\/evan-kinori-three-pocket-jacket-brown-charcoal\/","title":{"rendered":"Evan Kinori \u2013 Veste \u00e0 trois poches \u2013 Marron"},"content":{"rendered":"<p><strong>Evan Kinori Veste \u00e0 trois poches Marron<\/strong><\/p>\n<p>Couleur: Marron<\/p>\n<p>Veste de travail confectionn\u00e9e avec des coutures anglaises<\/p>\n<p>Une poche poitrine<\/p>\n<p>Deux poches sur le devant<\/p>\n<p>Fermeture par boutons<\/p>\n<p>Composition : 100% Laine<\/p>\n<p>&nbsp;<\/p>\n<p>&nbsp;<\/p>\n<p><strong>Les mesures :\u00a0<\/strong><\/p>\n<p>Taille M : \u00c9paules : 47 cm, Poitrine : 57 cm, Manches : 60 cm, Longueur : 72 cm, Emmanchures : 26 cm<\/p>\n<p>Taille L : \u00c9paules : 50 cm, Poitrine : 60 cm, Manches : 61 cm, Longueur : 74 cm, Emmanchures : 27 cm<\/p>\n<p>&nbsp;<\/p>\n<p>&nbsp;<\/p>\n<p>&nbsp;<\/p>\n<p>&nbsp;<\/p>\n<p>&nbsp;<\/p>\n<p><strong>La marque<\/strong><\/p>\n<p>Evan Kinori con\u00e7oit et travaille comme mod\u00e9liste dans son studio bas\u00e9 \u00e0 San Francisco, o\u00f9 il d\u00e9veloppe petit \u00e0 petit une collection de v\u00eatements bien pens\u00e9s et bien coup\u00e9s. Chaque pi\u00e8ce est fabriqu\u00e9e en Californie et fait partie d'une \u00e9dition num\u00e9rot\u00e9e \u00e0 la main.<\/p>","protected":false},"excerpt":{"rendered":"<p>Evan Kinori Three Pocket Jacket Brown\/Charcoal Color: Brown\/Charcoal Work jacket constructed with french seams, One Chest Pockets Two Front Pockets Buttons closure Composition: 100% Wool &nbsp; &nbsp; The measurements:\u00a0 Size M: Shoulders: 47cm, Chest: 57cm, Sleeves: 60cm, Length: 72cm, Armholes: 26cm Size L: Shoulders: 50cm, Chest: 60cm, Sleeves: 61cm, Length: 74cm, Armholes: 27cm &nbsp; &nbsp;&hellip; <a class=\"more-link\" href=\"https:\/\/rendez-vous-store.com\/fr\/shop\/men-selection-discover-our-selection-rendez-vous-store\/jackets-coats-discover-our-selection\/evan-kinori-three-pocket-jacket-brown-charcoal\/\">Continuer la lecture <span class=\"screen-reader-text\">Evan Kinori \u2013 Veste \u00e0 trois poches \u2013 Marron<\/span><\/a><\/p>","protected":false},"featured_media":219187,"template":"","meta":{"_acf_changed":false},"product_brand":[],"product_cat":[20,53],"product_tag":[608],"class_list":{"0":"post-219061","1":"product","2":"type-product","3":"status-publish","4":"has-post-thumbnail","6":"product_cat-men-selection-discover-our-selection-rendez-vous-store","7":"product_cat-jackets-coats-discover-our-selection","8":"product_tag-evan-kinori","9":"entry","11":"first","12":"outofstock","13":"taxable","14":"shipping-taxable","15":"product-type-variable"},"acf":[],"yoast_head":"<!-- This site is optimized with the Yoast SEO plugin v24.9 - https:\/\/yoast.com\/wordpress\/plugins\/seo\/ -->\n<title>Evan Kinori - Three Pocket Jacket Brown\/Charcoal<\/title>\n<meta name=\"description\" content=\"Evan Kinori is on Rendez-Vous Store. This Evan Kinori Three Pocket Jacket Brown\/Charcoal reflects the brand\u2019s signature approach to timeless design, blending utilitarian cuts with refined tailoring and subtle, natural tones.\" \/>\n<meta name=\"robots\" content=\"index, follow, max-snippet:-1, max-image-preview:large, max-video-preview:-1\" \/>\n<link rel=\"canonical\" href=\"https:\/\/rendez-vous-store.com\/fr\/shop\/men-selection-discover-our-selection-rendez-vous-store\/jackets-coats-discover-our-selection\/evan-kinori-three-pocket-jacket-brown-charcoal\/\" \/>\n<meta property=\"og:locale\" content=\"fr_FR\" \/>\n<meta property=\"og:type\" content=\"article\" \/>\n<meta property=\"og:title\" content=\"Evan Kinori - Three Pocket Jacket Brown\/Charcoal\" \/>\n<meta property=\"og:description\" content=\"Evan Kinori is on Rendez-Vous Store. This Evan Kinori Three Pocket Jacket Brown\/Charcoal reflects the brand\u2019s signature approach to timeless design, blending utilitarian cuts with refined tailoring and subtle, natural tones.\" \/>\n<meta property=\"og:url\" content=\"https:\/\/rendez-vous-store.com\/fr\/shop\/men-selection-discover-our-selection-rendez-vous-store\/jackets-coats-discover-our-selection\/evan-kinori-three-pocket-jacket-brown-charcoal\/\" \/>\n<meta property=\"og:site_name\" content=\"RENDEZ-VOUS STORE\" \/>\n<meta property=\"article:modified_time\" content=\"2026-04-24T14:29:31+00:00\" \/>\n<meta property=\"og:image\" content=\"https:\/\/rendez-vous-store.com\/app\/uploads\/2025\/10\/IMG_0402_11zon-scaled.webp\" \/>\n\t<meta property=\"og:image:width\" content=\"1707\" \/>\n\t<meta property=\"og:image:height\" content=\"2560\" \/>\n\t<meta property=\"og:image:type\" content=\"image\/webp\" \/>\n<meta name=\"twitter:card\" content=\"summary_large_image\" \/>\n<meta name=\"twitter:label1\" content=\"Est. reading time\" \/>\n\t<meta name=\"twitter:data1\" content=\"1 minute\" \/>\n<script type=\"application\/ld+json\" class=\"yoast-schema-graph\">{\"@context\":\"https:\/\/schema.org\",\"@graph\":[{\"@type\":\"WebPage\",\"@id\":\"https:\/\/rendez-vous-store.com\/shop\/men-selection-discover-our-selection-rendez-vous-store\/jackets-coats-discover-our-selection\/evan-kinori-three-pocket-jacket-brown-charcoal\/\",\"url\":\"https:\/\/rendez-vous-store.com\/shop\/men-selection-discover-our-selection-rendez-vous-store\/jackets-coats-discover-our-selection\/evan-kinori-three-pocket-jacket-brown-charcoal\/\",\"name\":\"Evan Kinori - Three Pocket Jacket Brown\/Charcoal\",\"isPartOf\":{\"@id\":\"https:\/\/rendez-vous-store.com\/#website\"},\"primaryImageOfPage\":{\"@id\":\"https:\/\/rendez-vous-store.com\/shop\/men-selection-discover-our-selection-rendez-vous-store\/jackets-coats-discover-our-selection\/evan-kinori-three-pocket-jacket-brown-charcoal\/#primaryimage\"},\"image\":{\"@id\":\"https:\/\/rendez-vous-store.com\/shop\/men-selection-discover-our-selection-rendez-vous-store\/jackets-coats-discover-our-selection\/evan-kinori-three-pocket-jacket-brown-charcoal\/#primaryimage\"},\"thumbnailUrl\":\"https:\/\/rendez-vous-store.com\/app\/uploads\/2025\/10\/IMG_0402_11zon-scaled.webp\",\"datePublished\":\"2025-10-09T14:59:27+00:00\",\"dateModified\":\"2026-04-24T14:29:31+00:00\",\"description\":\"Evan Kinori is on Rendez-Vous Store. This Evan Kinori Three Pocket Jacket Brown\/Charcoal reflects the brand\u2019s signature approach to timeless design, blending utilitarian cuts with refined tailoring and subtle, natural tones.\",\"breadcrumb\":{\"@id\":\"https:\/\/rendez-vous-store.com\/shop\/men-selection-discover-our-selection-rendez-vous-store\/jackets-coats-discover-our-selection\/evan-kinori-three-pocket-jacket-brown-charcoal\/#breadcrumb\"},\"inLanguage\":\"fr-FR\",\"potentialAction\":[{\"@type\":\"ReadAction\",\"target\":[\"https:\/\/rendez-vous-store.com\/shop\/men-selection-discover-our-selection-rendez-vous-store\/jackets-coats-discover-our-selection\/evan-kinori-three-pocket-jacket-brown-charcoal\/\"]}]},{\"@type\":\"ImageObject\",\"inLanguage\":\"fr-FR\",\"@id\":\"https:\/\/rendez-vous-store.com\/shop\/men-selection-discover-our-selection-rendez-vous-store\/jackets-coats-discover-our-selection\/evan-kinori-three-pocket-jacket-brown-charcoal\/#primaryimage\",\"url\":\"https:\/\/rendez-vous-store.com\/app\/uploads\/2025\/10\/IMG_0402_11zon-scaled.webp\",\"contentUrl\":\"https:\/\/rendez-vous-store.com\/app\/uploads\/2025\/10\/IMG_0402_11zon-scaled.webp\",\"width\":1707,\"height\":2560,\"caption\":\"Evan Kinori - Three Pocket Jacket - Brown\/Charcoal\"},{\"@type\":\"BreadcrumbList\",\"@id\":\"https:\/\/rendez-vous-store.com\/shop\/men-selection-discover-our-selection-rendez-vous-store\/jackets-coats-discover-our-selection\/evan-kinori-three-pocket-jacket-brown-charcoal\/#breadcrumb\",\"itemListElement\":[{\"@type\":\"ListItem\",\"position\":1,\"name\":\"Home\",\"item\":\"https:\/\/rendez-vous-store.com\/\"},{\"@type\":\"ListItem\",\"position\":2,\"name\":\"Shop\",\"item\":\"https:\/\/www.rendez-vous-store.com\/shop\/\"},{\"@type\":\"ListItem\",\"position\":3,\"name\":\"Evan Kinori &#8211; Three Pocket Jacket &#8211; Brown\/Charcoal\"}]},{\"@type\":\"WebSite\",\"@id\":\"https:\/\/rendez-vous-store.com\/#website\",\"url\":\"https:\/\/rendez-vous-store.com\/\",\"name\":\"RENDEZ-VOUS STORE\",\"description\":\"Slow Fashion for Women and Men\",\"potentialAction\":[{\"@type\":\"SearchAction\",\"target\":{\"@type\":\"EntryPoint\",\"urlTemplate\":\"https:\/\/rendez-vous-store.com\/?s={search_term_string}\"},\"query-input\":{\"@type\":\"PropertyValueSpecification\",\"valueRequired\":true,\"valueName\":\"search_term_string\"}}],\"inLanguage\":\"fr-FR\"}]}<\/script>\n<!-- \/ Yoast SEO plugin. -->","yoast_head_json":{"title":"Evan Kinori - Three Pocket Jacket Brown\/Charcoal","description":"Evan Kinori is on Rendez-Vous Store. This Evan Kinori Three Pocket Jacket Brown\/Charcoal reflects the brand\u2019s signature approach to timeless design, blending utilitarian cuts with refined tailoring and subtle, natural tones.","robots":{"index":"index","follow":"follow","max-snippet":"max-snippet:-1","max-image-preview":"max-image-preview:large","max-video-preview":"max-video-preview:-1"},"canonical":"https:\/\/rendez-vous-store.com\/fr\/shop\/men-selection-discover-our-selection-rendez-vous-store\/jackets-coats-discover-our-selection\/evan-kinori-three-pocket-jacket-brown-charcoal\/","og_locale":"fr_FR","og_type":"article","og_title":"Evan Kinori - Three Pocket Jacket Brown\/Charcoal","og_description":"Evan Kinori is on Rendez-Vous Store. This Evan Kinori Three Pocket Jacket Brown\/Charcoal reflects the brand\u2019s signature approach to timeless design, blending utilitarian cuts with refined tailoring and subtle, natural tones.","og_url":"https:\/\/rendez-vous-store.com\/fr\/shop\/men-selection-discover-our-selection-rendez-vous-store\/jackets-coats-discover-our-selection\/evan-kinori-three-pocket-jacket-brown-charcoal\/","og_site_name":"RENDEZ-VOUS STORE","article_modified_time":"2026-04-24T14:29:31+00:00","og_image":[{"width":1707,"height":2560,"url":"https:\/\/rendez-vous-store.com\/app\/uploads\/2025\/10\/IMG_0402_11zon-scaled.webp","type":"image\/webp"}],"twitter_card":"summary_large_image","twitter_misc":{"Est. reading time":"1 minute"},"schema":{"@context":"https:\/\/schema.org","@graph":[{"@type":"WebPage","@id":"https:\/\/rendez-vous-store.com\/shop\/men-selection-discover-our-selection-rendez-vous-store\/jackets-coats-discover-our-selection\/evan-kinori-three-pocket-jacket-brown-charcoal\/","url":"https:\/\/rendez-vous-store.com\/shop\/men-selection-discover-our-selection-rendez-vous-store\/jackets-coats-discover-our-selection\/evan-kinori-three-pocket-jacket-brown-charcoal\/","name":"Evan Kinori - Three Pocket Jacket Brown\/Charcoal","isPartOf":{"@id":"https:\/\/rendez-vous-store.com\/#website"},"primaryImageOfPage":{"@id":"https:\/\/rendez-vous-store.com\/shop\/men-selection-discover-our-selection-rendez-vous-store\/jackets-coats-discover-our-selection\/evan-kinori-three-pocket-jacket-brown-charcoal\/#primaryimage"},"image":{"@id":"https:\/\/rendez-vous-store.com\/shop\/men-selection-discover-our-selection-rendez-vous-store\/jackets-coats-discover-our-selection\/evan-kinori-three-pocket-jacket-brown-charcoal\/#primaryimage"},"thumbnailUrl":"https:\/\/rendez-vous-store.com\/app\/uploads\/2025\/10\/IMG_0402_11zon-scaled.webp","datePublished":"2025-10-09T14:59:27+00:00","dateModified":"2026-04-24T14:29:31+00:00","description":"Evan Kinori is on Rendez-Vous Store. This Evan Kinori Three Pocket Jacket Brown\/Charcoal reflects the brand\u2019s signature approach to timeless design, blending utilitarian cuts with refined tailoring and subtle, natural tones.","breadcrumb":{"@id":"https:\/\/rendez-vous-store.com\/shop\/men-selection-discover-our-selection-rendez-vous-store\/jackets-coats-discover-our-selection\/evan-kinori-three-pocket-jacket-brown-charcoal\/#breadcrumb"},"inLanguage":"fr-FR","potentialAction":[{"@type":"ReadAction","target":["https:\/\/rendez-vous-store.com\/shop\/men-selection-discover-our-selection-rendez-vous-store\/jackets-coats-discover-our-selection\/evan-kinori-three-pocket-jacket-brown-charcoal\/"]}]},{"@type":"ImageObject","inLanguage":"fr-FR","@id":"https:\/\/rendez-vous-store.com\/shop\/men-selection-discover-our-selection-rendez-vous-store\/jackets-coats-discover-our-selection\/evan-kinori-three-pocket-jacket-brown-charcoal\/#primaryimage","url":"https:\/\/rendez-vous-store.com\/app\/uploads\/2025\/10\/IMG_0402_11zon-scaled.webp","contentUrl":"https:\/\/rendez-vous-store.com\/app\/uploads\/2025\/10\/IMG_0402_11zon-scaled.webp","width":1707,"height":2560,"caption":"Evan Kinori - Three Pocket Jacket - Brown\/Charcoal"},{"@type":"BreadcrumbList","@id":"https:\/\/rendez-vous-store.com\/shop\/men-selection-discover-our-selection-rendez-vous-store\/jackets-coats-discover-our-selection\/evan-kinori-three-pocket-jacket-brown-charcoal\/#breadcrumb","itemListElement":[{"@type":"ListItem","position":1,"name":"Home","item":"https:\/\/rendez-vous-store.com\/"},{"@type":"ListItem","position":2,"name":"Shop","item":"https:\/\/www.rendez-vous-store.com\/shop\/"},{"@type":"ListItem","position":3,"name":"Evan Kinori &#8211; Three Pocket Jacket &#8211; Brown\/Charcoal"}]},{"@type":"WebSite","@id":"https:\/\/rendez-vous-store.com\/#website","url":"https:\/\/rendez-vous-store.com\/","name":"RENDEZ-VOUS STORE","description":"Slow Fashion for Women and Men","potentialAction":[{"@type":"SearchAction","target":{"@type":"EntryPoint","urlTemplate":"https:\/\/rendez-vous-store.com\/?s={search_term_string}"},"query-input":{"@type":"PropertyValueSpecification","valueRequired":true,"valueName":"search_term_string"}}],"inLanguage":"fr-FR"}]}},"_links":{"self":[{"href":"https:\/\/rendez-vous-store.com\/fr\/wp-json\/wp\/v2\/product\/219061","targetHints":{"allow":["GET"]}}],"collection":[{"href":"https:\/\/rendez-vous-store.com\/fr\/wp-json\/wp\/v2\/product"}],"about":[{"href":"https:\/\/rendez-vous-store.com\/fr\/wp-json\/wp\/v2\/types\/product"}],"wp:featuredmedia":[{"embeddable":true,"href":"https:\/\/rendez-vous-store.com\/fr\/wp-json\/wp\/v2\/media\/219187"}],"wp:attachment":[{"href":"https:\/\/rendez-vous-store.com\/fr\/wp-json\/wp\/v2\/media?parent=219061"}],"wp:term":[{"taxonomy":"product_brand","embeddable":true,"href":"https:\/\/rendez-vous-store.com\/fr\/wp-json\/wp\/v2\/product_brand?post=219061"},{"taxonomy":"product_cat","embeddable":true,"href":"https:\/\/rendez-vous-store.com\/fr\/wp-json\/wp\/v2\/product_cat?post=219061"},{"taxonomy":"product_tag","embeddable":true,"href":"https:\/\/rendez-vous-store.com\/fr\/wp-json\/wp\/v2\/product_tag?post=219061"}],"curies":[{"name":"wp","href":"https:\/\/api.w.org\/{rel}","templated":true}]}}