{"id":219059,"date":"2025-10-09T16:59:27","date_gmt":"2025-10-09T14:59:27","guid":{"rendered":"https:\/\/rendez-vous-store.com\/?post_type=product&#038;p=219059"},"modified":"2026-04-24T16:29:21","modified_gmt":"2026-04-24T14:29:21","slug":"evan-kinori-zip-jacket-two-undyed-wool-tweed-dark-beige-rendez-vous-store","status":"publish","type":"product","link":"https:\/\/rendez-vous-store.com\/fr\/shop\/men-selection-discover-our-selection-rendez-vous-store\/jackets-coats-discover-our-selection\/evan-kinori-zip-jacket-two-undyed-wool-tweed-dark-beige-rendez-vous-store\/","title":{"rendered":"Evan Kinori \u2013 Veste zipp\u00e9e en tweed de laine \u2013 Beige fonc\u00e9"},"content":{"rendered":"<p><strong>Evan Kinori \u2013 Veste zipp\u00e9e en tweed de laine \u2013 Beige fonc\u00e9<\/strong><\/p>\n<p>Couleur: beige fonc\u00e9<\/p>\n<p>Col classique<\/p>\n<p>Fermeture \u00e0 glissi\u00e8re<\/p>\n<p>Deux poches avant \u00e0 rabats<\/p>\n<p>Manches longues<\/p>\n<p>Composition : 100% Laine<\/p>\n<p>Fabriqu\u00e9 au Japon<\/p>\n<p>&nbsp;<\/p>\n<p>&nbsp;<\/p>\n<p>&nbsp;<\/p>\n<h2 data-start=\"252\" data-end=\"268\"><\/h2>\n<p>&nbsp;<\/p>\n<p>&nbsp;<\/p>\n<p><strong>Le produit\u00a0<\/strong><\/p>\n<p data-start=\"269\" data-end=\"543\">La veste zipp\u00e9e Evan Kinori \u2013 Laine Tweed Non Teint\u00e9e Deux \u2013 Beige Fonc\u00e9 marie savoir-faire artisanal et style fonctionnel. Son tweed de laine beige fonc\u00e9 offre une texture naturelle et une \u00e9l\u00e9gance discr\u00e8te. De plus, son design zipp\u00e9 permet de superposer facilement les v\u00eatements et d'ajuster le confort.<\/p>\n<p data-start=\"545\" data-end=\"767\">La laine non teinte est douce, chaude et r\u00e9sistante. De plus, les lignes \u00e9pur\u00e9es et les coutures minimalistes cr\u00e9ent une silhouette sculpturale et raffin\u00e9e. Vous pouvez la porter sur des chemises, des tricots ou des pulls l\u00e9gers pour un style polyvalent.<\/p>\n<p data-start=\"769\" data-end=\"908\">Par cons\u00e9quent, cette veste rehausse les tenues de tous les jours avec une sophistication discr\u00e8te. Elle reste pratique, tactile et ind\u00e9niablement Evan Kinori.<\/p>\n<h2 data-start=\"915\" data-end=\"932\"><\/h2>\n<p><a href=\"https:\/\/rendez-vous-store.com\/fr\/shop\/men-selection-discover-our-selection-rendez-vous-store\/trousers-shorts-rendez-vous-store\/evan-kinori-elastic-pant-brown-rendez-vous-store\/\">Nous aimons le voir port\u00e9 avec<\/a><\/p>\n<p>&nbsp;<\/p>\n<p>&nbsp;<\/p>\n<p><strong>Conseils de style<\/strong><\/p>\n<p data-start=\"933\" data-end=\"1120\">Nous aimons le porter avec un pantalon d\u00e9contract\u00e9, des chemises superpos\u00e9es ou des tricots l\u00e9gers pour un style polyvalent et quotidien. Vous pouvez \u00e9galement l'associer \u00e0 un jean ou \u00e0 un chino pour un look raffin\u00e9 mais d\u00e9contract\u00e9.<\/p>\n<h2 data-start=\"1127\" data-end=\"1141\"><\/h2>\n<p>&nbsp;<\/p>\n<p><strong>La marque<\/strong><\/p>\n<p data-start=\"1142\" data-end=\"1400\">Evan Kinori con\u00e7oit et travaille comme patronnier dans son studio bas\u00e9 \u00e0 San Francisco. La marque d\u00e9veloppe lentement une collection de v\u00eatements r\u00e9fl\u00e9chis et bien construits. De plus, chaque pi\u00e8ce est fabriqu\u00e9e en Californie, mettant l'accent sur l'artisanat local et la qualit\u00e9.<\/p>\n<p data-start=\"1402\" data-end=\"1602\">Chaque v\u00eatement est issu d'une \u00e9dition num\u00e9rot\u00e9e \u00e0 la main, refl\u00e9tant une attention m\u00e9ticuleuse aux d\u00e9tails et \u00e0 l'individualit\u00e9. De plus, la marque met l'accent sur des silhouettes \u00e9pur\u00e9es, des d\u00e9tails subtils et la durabilit\u00e9.<\/p>\n<p data-start=\"1604\" data-end=\"1786\">Evan Kinori invite les individus \u00e0 adopter des v\u00eatements qui allient art, confort et design intemporel. Chaque pi\u00e8ce soutient l'expression \u00e0 travers des essentiels de garde-robe r\u00e9fl\u00e9chis et durables.<\/p>\n<h2 data-start=\"1793\" data-end=\"1812\"><\/h2>\n<p>&nbsp;<\/p>\n<p><strong>La collection<\/strong><\/p>\n<p data-start=\"1813\" data-end=\"2093\">Les collections d'Evan Kinori mettent l'accent sur la pr\u00e9cision, la qualit\u00e9 des mat\u00e9riaux et un design minimaliste. Chaque saison affine des silhouettes famili\u00e8res tout en exp\u00e9rimentant avec le tissu, la texture et les subtils d\u00e9tails de construction. De plus, les v\u00eatements sont con\u00e7us pour r\u00e9sister \u00e0 l'usure quotidienne et vieillir avec \u00e9l\u00e9gance.<\/p>\n<p data-start=\"2095\" data-end=\"2251\">Les pi\u00e8ces s'empilent naturellement et s'adaptent \u00e0 diff\u00e9rentes tenues et occasions. De plus, les \u00e9ditions num\u00e9rot\u00e9es \u00e0 la main soulignent le caract\u00e8re unique et la qualit\u00e9 de collection.<\/p>\n<p data-start=\"2253\" data-end=\"2452\">Par cons\u00e9quent, les collections proposent une garde-robe moderne et r\u00e9fl\u00e9chie, ancr\u00e9e dans le savoir-faire, le confort et une sophistication discr\u00e8te. Chaque pi\u00e8ce incarne l'engagement de la marque envers une conception r\u00e9fl\u00e9chie.<\/p>\n<p data-start=\"2253\" data-end=\"2452\">\n<p data-start=\"2253\" data-end=\"2452\">\n<p data-start=\"2253\" data-end=\"2452\">\n<p data-start=\"2253\" data-end=\"2452\"><a href=\"https:\/\/www.instagram.com\/p\/DP6fiK9jZCI\/?hl=fr&amp;img_index=1\"><strong>Inspirez-vous de notre look EVAN KINORI sur notre Instagram\u00a0<\/strong><\/a><\/p>","protected":false},"excerpt":{"rendered":"<p>Evan Kinori &#8211; Zip Jacket Two Undyed Wool Tweed &#8211; Dark Beige Color: Dark Beige Classic Collar Zip Closure Two Flap Front Pocket Long Sleeves Composition: 100% Wool Made in Japan &nbsp; &nbsp; &nbsp; &nbsp; &nbsp; The product\u00a0 The Evan Kinori \u2013 Zip Jacket Two Undyed Wool Tweed \u2013 Dark Beige blends artisanal craftsmanship with&hellip; <a class=\"more-link\" href=\"https:\/\/rendez-vous-store.com\/fr\/shop\/men-selection-discover-our-selection-rendez-vous-store\/jackets-coats-discover-our-selection\/evan-kinori-zip-jacket-two-undyed-wool-tweed-dark-beige-rendez-vous-store\/\">Continuer la lecture <span class=\"screen-reader-text\">Evan Kinori \u2013 Veste zipp\u00e9e en tweed de laine \u2013 Beige fonc\u00e9<\/span><\/a><\/p>","protected":false},"featured_media":219179,"template":"","meta":{"_acf_changed":false},"product_brand":[],"product_cat":[20,1059,53],"product_tag":[608],"class_list":{"0":"post-219059","1":"product","2":"type-product","3":"status-publish","4":"has-post-thumbnail","6":"product_cat-men-selection-discover-our-selection-rendez-vous-store","7":"product_cat-new-men-rendez-vous-store","8":"product_cat-jackets-coats-discover-our-selection","9":"product_tag-evan-kinori","10":"entry","12":"first","13":"outofstock","14":"taxable","15":"shipping-taxable","16":"product-type-variable"},"acf":[],"yoast_head":"<!-- This site is optimized with the Yoast SEO plugin v24.9 - https:\/\/yoast.com\/wordpress\/plugins\/seo\/ -->\n<title>Evan Kinori - Zip Jacket Two Undyed Wool Tweed Dark Beige<\/title>\n<meta name=\"description\" content=\"This Evan Kinori - Zip Jacket Two Undyed Wool Tweed - Dark Beige reflects the brand\u2019s signature approach to timeless design. Discover now.\" \/>\n<meta name=\"robots\" content=\"index, follow, max-snippet:-1, max-image-preview:large, max-video-preview:-1\" \/>\n<link rel=\"canonical\" href=\"https:\/\/rendez-vous-store.com\/fr\/shop\/men-selection-discover-our-selection-rendez-vous-store\/jackets-coats-discover-our-selection\/evan-kinori-zip-jacket-two-undyed-wool-tweed-dark-beige-rendez-vous-store\/\" \/>\n<meta property=\"og:locale\" content=\"fr_FR\" \/>\n<meta property=\"og:type\" content=\"article\" \/>\n<meta property=\"og:title\" content=\"Evan Kinori - Zip Jacket Two Undyed Wool Tweed Dark Beige\" \/>\n<meta property=\"og:description\" content=\"This Evan Kinori - Zip Jacket Two Undyed Wool Tweed - Dark Beige reflects the brand\u2019s signature approach to timeless design. Discover now.\" \/>\n<meta property=\"og:url\" content=\"https:\/\/rendez-vous-store.com\/fr\/shop\/men-selection-discover-our-selection-rendez-vous-store\/jackets-coats-discover-our-selection\/evan-kinori-zip-jacket-two-undyed-wool-tweed-dark-beige-rendez-vous-store\/\" \/>\n<meta property=\"og:site_name\" content=\"RENDEZ-VOUS STORE\" \/>\n<meta property=\"article:modified_time\" content=\"2026-04-24T14:29:21+00:00\" \/>\n<meta property=\"og:image\" content=\"https:\/\/rendez-vous-store.com\/app\/uploads\/2025\/10\/IMG_0454_11zon-scaled.webp\" \/>\n\t<meta property=\"og:image:width\" content=\"1707\" \/>\n\t<meta property=\"og:image:height\" content=\"2560\" \/>\n\t<meta property=\"og:image:type\" content=\"image\/webp\" \/>\n<meta name=\"twitter:card\" content=\"summary_large_image\" \/>\n<meta name=\"twitter:label1\" content=\"Est. reading time\" \/>\n\t<meta name=\"twitter:data1\" content=\"2 minutes\" \/>\n<script type=\"application\/ld+json\" class=\"yoast-schema-graph\">{\"@context\":\"https:\/\/schema.org\",\"@graph\":[{\"@type\":\"WebPage\",\"@id\":\"https:\/\/rendez-vous-store.com\/shop\/men-selection-discover-our-selection-rendez-vous-store\/jackets-coats-discover-our-selection\/evan-kinori-zip-jacket-two-undyed-wool-tweed-dark-beige-rendez-vous-store\/\",\"url\":\"https:\/\/rendez-vous-store.com\/shop\/men-selection-discover-our-selection-rendez-vous-store\/jackets-coats-discover-our-selection\/evan-kinori-zip-jacket-two-undyed-wool-tweed-dark-beige-rendez-vous-store\/\",\"name\":\"Evan Kinori - Zip Jacket Two Undyed Wool Tweed Dark Beige\",\"isPartOf\":{\"@id\":\"https:\/\/rendez-vous-store.com\/#website\"},\"primaryImageOfPage\":{\"@id\":\"https:\/\/rendez-vous-store.com\/shop\/men-selection-discover-our-selection-rendez-vous-store\/jackets-coats-discover-our-selection\/evan-kinori-zip-jacket-two-undyed-wool-tweed-dark-beige-rendez-vous-store\/#primaryimage\"},\"image\":{\"@id\":\"https:\/\/rendez-vous-store.com\/shop\/men-selection-discover-our-selection-rendez-vous-store\/jackets-coats-discover-our-selection\/evan-kinori-zip-jacket-two-undyed-wool-tweed-dark-beige-rendez-vous-store\/#primaryimage\"},\"thumbnailUrl\":\"https:\/\/rendez-vous-store.com\/app\/uploads\/2025\/10\/IMG_0454_11zon-scaled.webp\",\"datePublished\":\"2025-10-09T14:59:27+00:00\",\"dateModified\":\"2026-04-24T14:29:21+00:00\",\"description\":\"This Evan Kinori - Zip Jacket Two Undyed Wool Tweed - Dark Beige reflects the brand\u2019s signature approach to timeless design. Discover now.\",\"breadcrumb\":{\"@id\":\"https:\/\/rendez-vous-store.com\/shop\/men-selection-discover-our-selection-rendez-vous-store\/jackets-coats-discover-our-selection\/evan-kinori-zip-jacket-two-undyed-wool-tweed-dark-beige-rendez-vous-store\/#breadcrumb\"},\"inLanguage\":\"fr-FR\",\"potentialAction\":[{\"@type\":\"ReadAction\",\"target\":[\"https:\/\/rendez-vous-store.com\/shop\/men-selection-discover-our-selection-rendez-vous-store\/jackets-coats-discover-our-selection\/evan-kinori-zip-jacket-two-undyed-wool-tweed-dark-beige-rendez-vous-store\/\"]}]},{\"@type\":\"ImageObject\",\"inLanguage\":\"fr-FR\",\"@id\":\"https:\/\/rendez-vous-store.com\/shop\/men-selection-discover-our-selection-rendez-vous-store\/jackets-coats-discover-our-selection\/evan-kinori-zip-jacket-two-undyed-wool-tweed-dark-beige-rendez-vous-store\/#primaryimage\",\"url\":\"https:\/\/rendez-vous-store.com\/app\/uploads\/2025\/10\/IMG_0454_11zon-scaled.webp\",\"contentUrl\":\"https:\/\/rendez-vous-store.com\/app\/uploads\/2025\/10\/IMG_0454_11zon-scaled.webp\",\"width\":1707,\"height\":2560,\"caption\":\"Evan Kinori - Zip Jacket Two Undyed Wool Tweed - Dark Beige\"},{\"@type\":\"BreadcrumbList\",\"@id\":\"https:\/\/rendez-vous-store.com\/shop\/men-selection-discover-our-selection-rendez-vous-store\/jackets-coats-discover-our-selection\/evan-kinori-zip-jacket-two-undyed-wool-tweed-dark-beige-rendez-vous-store\/#breadcrumb\",\"itemListElement\":[{\"@type\":\"ListItem\",\"position\":1,\"name\":\"Home\",\"item\":\"https:\/\/rendez-vous-store.com\/\"},{\"@type\":\"ListItem\",\"position\":2,\"name\":\"Shop\",\"item\":\"https:\/\/www.rendez-vous-store.com\/shop\/\"},{\"@type\":\"ListItem\",\"position\":3,\"name\":\"Evan Kinori &#8211; Zip Jacket Two Undyed Wool Tweed &#8211; Dark Beige\"}]},{\"@type\":\"WebSite\",\"@id\":\"https:\/\/rendez-vous-store.com\/#website\",\"url\":\"https:\/\/rendez-vous-store.com\/\",\"name\":\"RENDEZ-VOUS STORE\",\"description\":\"Slow Fashion for Women and Men\",\"potentialAction\":[{\"@type\":\"SearchAction\",\"target\":{\"@type\":\"EntryPoint\",\"urlTemplate\":\"https:\/\/rendez-vous-store.com\/?s={search_term_string}\"},\"query-input\":{\"@type\":\"PropertyValueSpecification\",\"valueRequired\":true,\"valueName\":\"search_term_string\"}}],\"inLanguage\":\"fr-FR\"}]}<\/script>\n<!-- \/ Yoast SEO plugin. -->","yoast_head_json":{"title":"Evan Kinori - Zip Jacket Two Undyed Wool Tweed Dark Beige","description":"This Evan Kinori - Zip Jacket Two Undyed Wool Tweed - Dark Beige reflects the brand\u2019s signature approach to timeless design. Discover now.","robots":{"index":"index","follow":"follow","max-snippet":"max-snippet:-1","max-image-preview":"max-image-preview:large","max-video-preview":"max-video-preview:-1"},"canonical":"https:\/\/rendez-vous-store.com\/fr\/shop\/men-selection-discover-our-selection-rendez-vous-store\/jackets-coats-discover-our-selection\/evan-kinori-zip-jacket-two-undyed-wool-tweed-dark-beige-rendez-vous-store\/","og_locale":"fr_FR","og_type":"article","og_title":"Evan Kinori - Zip Jacket Two Undyed Wool Tweed Dark Beige","og_description":"This Evan Kinori - Zip Jacket Two Undyed Wool Tweed - Dark Beige reflects the brand\u2019s signature approach to timeless design. Discover now.","og_url":"https:\/\/rendez-vous-store.com\/fr\/shop\/men-selection-discover-our-selection-rendez-vous-store\/jackets-coats-discover-our-selection\/evan-kinori-zip-jacket-two-undyed-wool-tweed-dark-beige-rendez-vous-store\/","og_site_name":"RENDEZ-VOUS STORE","article_modified_time":"2026-04-24T14:29:21+00:00","og_image":[{"width":1707,"height":2560,"url":"https:\/\/rendez-vous-store.com\/app\/uploads\/2025\/10\/IMG_0454_11zon-scaled.webp","type":"image\/webp"}],"twitter_card":"summary_large_image","twitter_misc":{"Est. reading time":"2 minutes"},"schema":{"@context":"https:\/\/schema.org","@graph":[{"@type":"WebPage","@id":"https:\/\/rendez-vous-store.com\/shop\/men-selection-discover-our-selection-rendez-vous-store\/jackets-coats-discover-our-selection\/evan-kinori-zip-jacket-two-undyed-wool-tweed-dark-beige-rendez-vous-store\/","url":"https:\/\/rendez-vous-store.com\/shop\/men-selection-discover-our-selection-rendez-vous-store\/jackets-coats-discover-our-selection\/evan-kinori-zip-jacket-two-undyed-wool-tweed-dark-beige-rendez-vous-store\/","name":"Evan Kinori - Zip Jacket Two Undyed Wool Tweed Dark Beige","isPartOf":{"@id":"https:\/\/rendez-vous-store.com\/#website"},"primaryImageOfPage":{"@id":"https:\/\/rendez-vous-store.com\/shop\/men-selection-discover-our-selection-rendez-vous-store\/jackets-coats-discover-our-selection\/evan-kinori-zip-jacket-two-undyed-wool-tweed-dark-beige-rendez-vous-store\/#primaryimage"},"image":{"@id":"https:\/\/rendez-vous-store.com\/shop\/men-selection-discover-our-selection-rendez-vous-store\/jackets-coats-discover-our-selection\/evan-kinori-zip-jacket-two-undyed-wool-tweed-dark-beige-rendez-vous-store\/#primaryimage"},"thumbnailUrl":"https:\/\/rendez-vous-store.com\/app\/uploads\/2025\/10\/IMG_0454_11zon-scaled.webp","datePublished":"2025-10-09T14:59:27+00:00","dateModified":"2026-04-24T14:29:21+00:00","description":"This Evan Kinori - Zip Jacket Two Undyed Wool Tweed - Dark Beige reflects the brand\u2019s signature approach to timeless design. Discover now.","breadcrumb":{"@id":"https:\/\/rendez-vous-store.com\/shop\/men-selection-discover-our-selection-rendez-vous-store\/jackets-coats-discover-our-selection\/evan-kinori-zip-jacket-two-undyed-wool-tweed-dark-beige-rendez-vous-store\/#breadcrumb"},"inLanguage":"fr-FR","potentialAction":[{"@type":"ReadAction","target":["https:\/\/rendez-vous-store.com\/shop\/men-selection-discover-our-selection-rendez-vous-store\/jackets-coats-discover-our-selection\/evan-kinori-zip-jacket-two-undyed-wool-tweed-dark-beige-rendez-vous-store\/"]}]},{"@type":"ImageObject","inLanguage":"fr-FR","@id":"https:\/\/rendez-vous-store.com\/shop\/men-selection-discover-our-selection-rendez-vous-store\/jackets-coats-discover-our-selection\/evan-kinori-zip-jacket-two-undyed-wool-tweed-dark-beige-rendez-vous-store\/#primaryimage","url":"https:\/\/rendez-vous-store.com\/app\/uploads\/2025\/10\/IMG_0454_11zon-scaled.webp","contentUrl":"https:\/\/rendez-vous-store.com\/app\/uploads\/2025\/10\/IMG_0454_11zon-scaled.webp","width":1707,"height":2560,"caption":"Evan Kinori - Zip Jacket Two Undyed Wool Tweed - Dark Beige"},{"@type":"BreadcrumbList","@id":"https:\/\/rendez-vous-store.com\/shop\/men-selection-discover-our-selection-rendez-vous-store\/jackets-coats-discover-our-selection\/evan-kinori-zip-jacket-two-undyed-wool-tweed-dark-beige-rendez-vous-store\/#breadcrumb","itemListElement":[{"@type":"ListItem","position":1,"name":"Home","item":"https:\/\/rendez-vous-store.com\/"},{"@type":"ListItem","position":2,"name":"Shop","item":"https:\/\/www.rendez-vous-store.com\/shop\/"},{"@type":"ListItem","position":3,"name":"Evan Kinori &#8211; Zip Jacket Two Undyed Wool Tweed &#8211; Dark Beige"}]},{"@type":"WebSite","@id":"https:\/\/rendez-vous-store.com\/#website","url":"https:\/\/rendez-vous-store.com\/","name":"RENDEZ-VOUS STORE","description":"Slow Fashion for Women and Men","potentialAction":[{"@type":"SearchAction","target":{"@type":"EntryPoint","urlTemplate":"https:\/\/rendez-vous-store.com\/?s={search_term_string}"},"query-input":{"@type":"PropertyValueSpecification","valueRequired":true,"valueName":"search_term_string"}}],"inLanguage":"fr-FR"}]}},"_links":{"self":[{"href":"https:\/\/rendez-vous-store.com\/fr\/wp-json\/wp\/v2\/product\/219059","targetHints":{"allow":["GET"]}}],"collection":[{"href":"https:\/\/rendez-vous-store.com\/fr\/wp-json\/wp\/v2\/product"}],"about":[{"href":"https:\/\/rendez-vous-store.com\/fr\/wp-json\/wp\/v2\/types\/product"}],"wp:featuredmedia":[{"embeddable":true,"href":"https:\/\/rendez-vous-store.com\/fr\/wp-json\/wp\/v2\/media\/219179"}],"wp:attachment":[{"href":"https:\/\/rendez-vous-store.com\/fr\/wp-json\/wp\/v2\/media?parent=219059"}],"wp:term":[{"taxonomy":"product_brand","embeddable":true,"href":"https:\/\/rendez-vous-store.com\/fr\/wp-json\/wp\/v2\/product_brand?post=219059"},{"taxonomy":"product_cat","embeddable":true,"href":"https:\/\/rendez-vous-store.com\/fr\/wp-json\/wp\/v2\/product_cat?post=219059"},{"taxonomy":"product_tag","embeddable":true,"href":"https:\/\/rendez-vous-store.com\/fr\/wp-json\/wp\/v2\/product_tag?post=219059"}],"curies":[{"name":"wp","href":"https:\/\/api.w.org\/{rel}","templated":true}]}}