{"id":218097,"date":"2025-10-02T15:23:16","date_gmt":"2025-10-02T13:23:16","guid":{"rendered":"https:\/\/rendez-vous-store.com\/?post_type=product&#038;p=218097"},"modified":"2026-03-16T16:29:15","modified_gmt":"2026-03-16T15:29:15","slug":"arpenteur-atlas-lined-wool-coat-midnight","status":"publish","type":"product","link":"https:\/\/rendez-vous-store.com\/fr\/shop\/men-selection-discover-our-selection-rendez-vous-store\/jackets-coats-discover-our-selection\/arpenteur-atlas-lined-wool-coat-midnight\/","title":{"rendered":"Arpenteur &#8211; ATLAS LINED WOOL COAT &#8211; MIDNIGHT"},"content":{"rendered":"<p><strong>Arpenteur ATLAS LINED WOOL COAT MIDNIGHT<\/strong><\/p>\n<p>Couleur : Minuit<\/p>\n<p>Coupe d\u00e9contract\u00e9e<\/p>\n<p>Fermeture par bouton<\/p>\n<p>Manches longues<\/p>\n<p>\u00c9paules tombantes<\/p>\n<p>Merino wool collar and cuffs<\/p>\n<p>Two lined pockets<\/p>\n<p>Poche int\u00e9rieure<\/p>\n<p>Composition : 100% Laine \/ Doublure : 100% Cupro<\/p>\n<p>Fabriqu\u00e9 en France<\/p>\n<div class=\"extra-right\"><\/div>\n<div><strong>Les mesures :\u00a0<\/strong><\/div>\n<div><\/div>\n<div>Size S: Shoulders: 51cm, Chest: 62cm, Sleeves: 61cm, Length: 83cm, Armholes: 30cm<\/div>\n<div><\/div>\n<div>Size M: Shoulders: 53cm, Chest: 64cm, Sleeves: 62cm, Length: 84cm, Armholes: 32cm<\/div>\n<div><\/div>\n<div>Size L: Shoulders: 55cm, Chest: 67cm, Sleeves: 64cm, Length: 86cm, Armholes: 32cm<\/div>\n<div><\/div>\n<div><\/div>\n<div><\/div>\n<div><\/div>\n<div><\/div>\n<div><\/div>\n<div><\/div>\n<div><\/div>\n<div>\n<h4>La marque<\/h4>\n<div class=\"flex-1 overflow-hidden\">\n<div class=\"react-scroll-to-bottom--css-wzcie-79elbk h-full\">\n<div class=\"react-scroll-to-bottom--css-wzcie-1n7m0yu\">\n<div class=\"flex flex-col text-sm pb-9\">\n<div class=\"w-full text-token-text-primary\" dir=\"auto\" data-testid=\"conversation-turn-217\">\n<div class=\"px-4 py-2 justify-center text-base md:gap-6 m-auto\">\n<div class=\"flex flex-1 text-base mx-auto gap-3 juice:gap-4 juice:md:gap-6 md:px-5 lg:px-1 xl:px-5 md:max-w-3xl lg:max-w-[40rem] xl:max-w-[48rem]\">\n<div class=\"relative flex w-full flex-col agent-turn\">\n<div class=\"flex-col gap-1 md:gap-3\">\n<div class=\"flex flex-grow flex-col max-w-full\">\n<div class=\"min-h-[20px] text-message flex flex-col items-start gap-3 whitespace-pre-wrap break-words [.text-message+&amp;]:mt-5 overflow-x-auto\" dir=\"auto\" data-message-author-role=\"assistant\" data-message-id=\"3a958d30-d9cb-4021-88d1-308b5eca4e5b\">\n<div class=\"markdown prose w-full break-words dark:prose-invert light\">\n<p>Arpenteur, une marque fran\u00e7aise n\u00e9e \u00e0 Lyon, s'inspire de son riche h\u00e9ritage de v\u00eatements de travail et de plein air, en y insufflant une esth\u00e9tique moderne et un savoir-faire artisanal m\u00e9ticuleux.<\/p>\n<p>En mettant l'accent sur la qualit\u00e9 et la fonctionnalit\u00e9, les v\u00eatements Arpenteur sont con\u00e7us pour r\u00e9sister aux rigueurs de la vie quotidienne tout en affichant un style intemporel. Qu'il s'agisse de vestes robustes, de pantalons r\u00e9sistants, de tricots douillets ou d'accessoires polyvalents, chaque pi\u00e8ce refl\u00e8te l'engagement de la marque en faveur de l'authenticit\u00e9 et de la durabilit\u00e9.<\/p>\n<p>L'attention port\u00e9e par Arpenteur aux d\u00e9tails est \u00e9vidente dans chaque aspect de son processus de production, de la s\u00e9lection des tissus aux techniques de construction. Chaque v\u00eatement est m\u00e9ticuleusement confectionn\u00e9 en France par des artisans qualifi\u00e9s, garantissant ainsi les normes les plus \u00e9lev\u00e9es en mati\u00e8re de qualit\u00e9 et de savoir-faire.<\/p>\n<p>En associant l'artisanat traditionnel au design contemporain, Arpenteur offre une perspective unique sur le v\u00eatement de travail fran\u00e7ais, en cr\u00e9ant des v\u00eatements \u00e0 la fois pratiques et \u00e9l\u00e9gants. Qu'il s'agisse d'explorer les grands espaces ou les paysages urbains, Arpenteur offre un m\u00e9lange parfait de confort, de durabilit\u00e9 et de style pour l'aventurier moderne.<\/p>\n<\/div>\n<\/div>\n<\/div>\n<\/div>\n<\/div>\n<\/div>\n<\/div>\n<\/div>\n<\/div>\n<\/div>\n<\/div>\n<\/div>\n<\/div>","protected":false},"excerpt":{"rendered":"<p>Arpenteur ATLAS LINED WOOL COAT MIDNIGHT Color: Midnight Relaxed fit Button closure Long sleeves Dropped shoulders Merino wool collar and cuffs Two lined pockets Inside pocket Composition: 100% Wool \/ Lining: 100% Cupro Made in France The measurements:\u00a0 Size S: Shoulders: 51cm, Chest: 62cm, Sleeves: 61cm, Length: 83cm, Armholes: 30cm Size M: Shoulders: 53cm, Chest:&hellip; <a class=\"more-link\" href=\"https:\/\/rendez-vous-store.com\/fr\/shop\/men-selection-discover-our-selection-rendez-vous-store\/jackets-coats-discover-our-selection\/arpenteur-atlas-lined-wool-coat-midnight\/\">Continuer la lecture <span class=\"screen-reader-text\">Arpenteur &#8211; ATLAS LINED WOOL COAT &#8211; MIDNIGHT<\/span><\/a><\/p>","protected":false},"featured_media":219524,"template":"","meta":{"_acf_changed":false},"product_brand":[],"product_cat":[20,53],"product_tag":[295],"class_list":{"0":"post-218097","1":"product","2":"type-product","3":"status-publish","4":"has-post-thumbnail","6":"product_cat-men-selection-discover-our-selection-rendez-vous-store","7":"product_cat-jackets-coats-discover-our-selection","8":"product_tag-arpenteur","9":"entry","11":"first","12":"outofstock","13":"taxable","14":"shipping-taxable","15":"product-type-variable"},"acf":[],"yoast_head":"<!-- This site is optimized with the Yoast SEO plugin v24.9 - https:\/\/yoast.com\/wordpress\/plugins\/seo\/ -->\n<title>Arpenteur ATLAS LINED WOOL COAT MIDNIGHT<\/title>\n<meta name=\"description\" content=\"This Arpenteur - ATLAS LINED WOOL COAT - MIDNIGHT is located halfway between respect for tradition and creation. Discover now on Rendez-vous Store.\" \/>\n<meta name=\"robots\" content=\"index, follow, max-snippet:-1, max-image-preview:large, max-video-preview:-1\" \/>\n<link rel=\"canonical\" href=\"https:\/\/rendez-vous-store.com\/fr\/shop\/men-selection-discover-our-selection-rendez-vous-store\/jackets-coats-discover-our-selection\/arpenteur-atlas-lined-wool-coat-midnight\/\" \/>\n<meta property=\"og:locale\" content=\"fr_FR\" \/>\n<meta property=\"og:type\" content=\"article\" \/>\n<meta property=\"og:title\" content=\"Arpenteur ATLAS LINED WOOL COAT MIDNIGHT\" \/>\n<meta property=\"og:description\" content=\"This Arpenteur - ATLAS LINED WOOL COAT - MIDNIGHT is located halfway between respect for tradition and creation. Discover now on Rendez-vous Store.\" \/>\n<meta property=\"og:url\" content=\"https:\/\/rendez-vous-store.com\/fr\/shop\/men-selection-discover-our-selection-rendez-vous-store\/jackets-coats-discover-our-selection\/arpenteur-atlas-lined-wool-coat-midnight\/\" \/>\n<meta property=\"og:site_name\" content=\"RENDEZ-VOUS STORE\" \/>\n<meta property=\"article:modified_time\" content=\"2026-03-16T15:29:15+00:00\" \/>\n<meta property=\"og:image\" content=\"https:\/\/rendez-vous-store.com\/app\/uploads\/2025\/10\/IMG_0624-min-scaled.webp\" \/>\n\t<meta property=\"og:image:width\" content=\"1707\" \/>\n\t<meta property=\"og:image:height\" content=\"2560\" \/>\n\t<meta property=\"og:image:type\" content=\"image\/webp\" \/>\n<meta name=\"twitter:card\" content=\"summary_large_image\" \/>\n<meta name=\"twitter:label1\" content=\"Est. reading time\" \/>\n\t<meta name=\"twitter:data1\" content=\"2 minutes\" \/>\n<script type=\"application\/ld+json\" class=\"yoast-schema-graph\">{\"@context\":\"https:\/\/schema.org\",\"@graph\":[{\"@type\":\"WebPage\",\"@id\":\"https:\/\/rendez-vous-store.com\/shop\/men-selection-discover-our-selection-rendez-vous-store\/jackets-coats-discover-our-selection\/arpenteur-atlas-lined-wool-coat-midnight\/\",\"url\":\"https:\/\/rendez-vous-store.com\/shop\/men-selection-discover-our-selection-rendez-vous-store\/jackets-coats-discover-our-selection\/arpenteur-atlas-lined-wool-coat-midnight\/\",\"name\":\"Arpenteur ATLAS LINED WOOL COAT MIDNIGHT\",\"isPartOf\":{\"@id\":\"https:\/\/rendez-vous-store.com\/#website\"},\"primaryImageOfPage\":{\"@id\":\"https:\/\/rendez-vous-store.com\/shop\/men-selection-discover-our-selection-rendez-vous-store\/jackets-coats-discover-our-selection\/arpenteur-atlas-lined-wool-coat-midnight\/#primaryimage\"},\"image\":{\"@id\":\"https:\/\/rendez-vous-store.com\/shop\/men-selection-discover-our-selection-rendez-vous-store\/jackets-coats-discover-our-selection\/arpenteur-atlas-lined-wool-coat-midnight\/#primaryimage\"},\"thumbnailUrl\":\"https:\/\/rendez-vous-store.com\/app\/uploads\/2025\/10\/IMG_0624-min-scaled.webp\",\"datePublished\":\"2025-10-02T13:23:16+00:00\",\"dateModified\":\"2026-03-16T15:29:15+00:00\",\"description\":\"This Arpenteur - ATLAS LINED WOOL COAT - MIDNIGHT is located halfway between respect for tradition and creation. Discover now on Rendez-vous Store.\",\"breadcrumb\":{\"@id\":\"https:\/\/rendez-vous-store.com\/shop\/men-selection-discover-our-selection-rendez-vous-store\/jackets-coats-discover-our-selection\/arpenteur-atlas-lined-wool-coat-midnight\/#breadcrumb\"},\"inLanguage\":\"fr-FR\",\"potentialAction\":[{\"@type\":\"ReadAction\",\"target\":[\"https:\/\/rendez-vous-store.com\/shop\/men-selection-discover-our-selection-rendez-vous-store\/jackets-coats-discover-our-selection\/arpenteur-atlas-lined-wool-coat-midnight\/\"]}]},{\"@type\":\"ImageObject\",\"inLanguage\":\"fr-FR\",\"@id\":\"https:\/\/rendez-vous-store.com\/shop\/men-selection-discover-our-selection-rendez-vous-store\/jackets-coats-discover-our-selection\/arpenteur-atlas-lined-wool-coat-midnight\/#primaryimage\",\"url\":\"https:\/\/rendez-vous-store.com\/app\/uploads\/2025\/10\/IMG_0624-min-scaled.webp\",\"contentUrl\":\"https:\/\/rendez-vous-store.com\/app\/uploads\/2025\/10\/IMG_0624-min-scaled.webp\",\"width\":1707,\"height\":2560},{\"@type\":\"BreadcrumbList\",\"@id\":\"https:\/\/rendez-vous-store.com\/shop\/men-selection-discover-our-selection-rendez-vous-store\/jackets-coats-discover-our-selection\/arpenteur-atlas-lined-wool-coat-midnight\/#breadcrumb\",\"itemListElement\":[{\"@type\":\"ListItem\",\"position\":1,\"name\":\"Home\",\"item\":\"https:\/\/rendez-vous-store.com\/\"},{\"@type\":\"ListItem\",\"position\":2,\"name\":\"Shop\",\"item\":\"https:\/\/www.rendez-vous-store.com\/shop\/\"},{\"@type\":\"ListItem\",\"position\":3,\"name\":\"Arpenteur &#8211; ATLAS LINED WOOL COAT &#8211; MIDNIGHT\"}]},{\"@type\":\"WebSite\",\"@id\":\"https:\/\/rendez-vous-store.com\/#website\",\"url\":\"https:\/\/rendez-vous-store.com\/\",\"name\":\"RENDEZ-VOUS STORE\",\"description\":\"Slow Fashion for Women and Men\",\"potentialAction\":[{\"@type\":\"SearchAction\",\"target\":{\"@type\":\"EntryPoint\",\"urlTemplate\":\"https:\/\/rendez-vous-store.com\/?s={search_term_string}\"},\"query-input\":{\"@type\":\"PropertyValueSpecification\",\"valueRequired\":true,\"valueName\":\"search_term_string\"}}],\"inLanguage\":\"fr-FR\"}]}<\/script>\n<!-- \/ Yoast SEO plugin. -->","yoast_head_json":{"title":"Arpenteur ATLAS LINED WOOL COAT MIDNIGHT","description":"This Arpenteur - ATLAS LINED WOOL COAT - MIDNIGHT is located halfway between respect for tradition and creation. Discover now on Rendez-vous Store.","robots":{"index":"index","follow":"follow","max-snippet":"max-snippet:-1","max-image-preview":"max-image-preview:large","max-video-preview":"max-video-preview:-1"},"canonical":"https:\/\/rendez-vous-store.com\/fr\/shop\/men-selection-discover-our-selection-rendez-vous-store\/jackets-coats-discover-our-selection\/arpenteur-atlas-lined-wool-coat-midnight\/","og_locale":"fr_FR","og_type":"article","og_title":"Arpenteur ATLAS LINED WOOL COAT MIDNIGHT","og_description":"This Arpenteur - ATLAS LINED WOOL COAT - MIDNIGHT is located halfway between respect for tradition and creation. Discover now on Rendez-vous Store.","og_url":"https:\/\/rendez-vous-store.com\/fr\/shop\/men-selection-discover-our-selection-rendez-vous-store\/jackets-coats-discover-our-selection\/arpenteur-atlas-lined-wool-coat-midnight\/","og_site_name":"RENDEZ-VOUS STORE","article_modified_time":"2026-03-16T15:29:15+00:00","og_image":[{"width":1707,"height":2560,"url":"https:\/\/rendez-vous-store.com\/app\/uploads\/2025\/10\/IMG_0624-min-scaled.webp","type":"image\/webp"}],"twitter_card":"summary_large_image","twitter_misc":{"Est. reading time":"2 minutes"},"schema":{"@context":"https:\/\/schema.org","@graph":[{"@type":"WebPage","@id":"https:\/\/rendez-vous-store.com\/shop\/men-selection-discover-our-selection-rendez-vous-store\/jackets-coats-discover-our-selection\/arpenteur-atlas-lined-wool-coat-midnight\/","url":"https:\/\/rendez-vous-store.com\/shop\/men-selection-discover-our-selection-rendez-vous-store\/jackets-coats-discover-our-selection\/arpenteur-atlas-lined-wool-coat-midnight\/","name":"Arpenteur ATLAS LINED WOOL COAT MIDNIGHT","isPartOf":{"@id":"https:\/\/rendez-vous-store.com\/#website"},"primaryImageOfPage":{"@id":"https:\/\/rendez-vous-store.com\/shop\/men-selection-discover-our-selection-rendez-vous-store\/jackets-coats-discover-our-selection\/arpenteur-atlas-lined-wool-coat-midnight\/#primaryimage"},"image":{"@id":"https:\/\/rendez-vous-store.com\/shop\/men-selection-discover-our-selection-rendez-vous-store\/jackets-coats-discover-our-selection\/arpenteur-atlas-lined-wool-coat-midnight\/#primaryimage"},"thumbnailUrl":"https:\/\/rendez-vous-store.com\/app\/uploads\/2025\/10\/IMG_0624-min-scaled.webp","datePublished":"2025-10-02T13:23:16+00:00","dateModified":"2026-03-16T15:29:15+00:00","description":"This Arpenteur - ATLAS LINED WOOL COAT - MIDNIGHT is located halfway between respect for tradition and creation. Discover now on Rendez-vous Store.","breadcrumb":{"@id":"https:\/\/rendez-vous-store.com\/shop\/men-selection-discover-our-selection-rendez-vous-store\/jackets-coats-discover-our-selection\/arpenteur-atlas-lined-wool-coat-midnight\/#breadcrumb"},"inLanguage":"fr-FR","potentialAction":[{"@type":"ReadAction","target":["https:\/\/rendez-vous-store.com\/shop\/men-selection-discover-our-selection-rendez-vous-store\/jackets-coats-discover-our-selection\/arpenteur-atlas-lined-wool-coat-midnight\/"]}]},{"@type":"ImageObject","inLanguage":"fr-FR","@id":"https:\/\/rendez-vous-store.com\/shop\/men-selection-discover-our-selection-rendez-vous-store\/jackets-coats-discover-our-selection\/arpenteur-atlas-lined-wool-coat-midnight\/#primaryimage","url":"https:\/\/rendez-vous-store.com\/app\/uploads\/2025\/10\/IMG_0624-min-scaled.webp","contentUrl":"https:\/\/rendez-vous-store.com\/app\/uploads\/2025\/10\/IMG_0624-min-scaled.webp","width":1707,"height":2560},{"@type":"BreadcrumbList","@id":"https:\/\/rendez-vous-store.com\/shop\/men-selection-discover-our-selection-rendez-vous-store\/jackets-coats-discover-our-selection\/arpenteur-atlas-lined-wool-coat-midnight\/#breadcrumb","itemListElement":[{"@type":"ListItem","position":1,"name":"Home","item":"https:\/\/rendez-vous-store.com\/"},{"@type":"ListItem","position":2,"name":"Shop","item":"https:\/\/www.rendez-vous-store.com\/shop\/"},{"@type":"ListItem","position":3,"name":"Arpenteur &#8211; ATLAS LINED WOOL COAT &#8211; MIDNIGHT"}]},{"@type":"WebSite","@id":"https:\/\/rendez-vous-store.com\/#website","url":"https:\/\/rendez-vous-store.com\/","name":"RENDEZ-VOUS STORE","description":"Slow Fashion for Women and Men","potentialAction":[{"@type":"SearchAction","target":{"@type":"EntryPoint","urlTemplate":"https:\/\/rendez-vous-store.com\/?s={search_term_string}"},"query-input":{"@type":"PropertyValueSpecification","valueRequired":true,"valueName":"search_term_string"}}],"inLanguage":"fr-FR"}]}},"_links":{"self":[{"href":"https:\/\/rendez-vous-store.com\/fr\/wp-json\/wp\/v2\/product\/218097","targetHints":{"allow":["GET"]}}],"collection":[{"href":"https:\/\/rendez-vous-store.com\/fr\/wp-json\/wp\/v2\/product"}],"about":[{"href":"https:\/\/rendez-vous-store.com\/fr\/wp-json\/wp\/v2\/types\/product"}],"wp:featuredmedia":[{"embeddable":true,"href":"https:\/\/rendez-vous-store.com\/fr\/wp-json\/wp\/v2\/media\/219524"}],"wp:attachment":[{"href":"https:\/\/rendez-vous-store.com\/fr\/wp-json\/wp\/v2\/media?parent=218097"}],"wp:term":[{"taxonomy":"product_brand","embeddable":true,"href":"https:\/\/rendez-vous-store.com\/fr\/wp-json\/wp\/v2\/product_brand?post=218097"},{"taxonomy":"product_cat","embeddable":true,"href":"https:\/\/rendez-vous-store.com\/fr\/wp-json\/wp\/v2\/product_cat?post=218097"},{"taxonomy":"product_tag","embeddable":true,"href":"https:\/\/rendez-vous-store.com\/fr\/wp-json\/wp\/v2\/product_tag?post=218097"}],"curies":[{"name":"wp","href":"https:\/\/api.w.org\/{rel}","templated":true}]}}