{"id":218055,"date":"2025-10-02T15:21:50","date_gmt":"2025-10-02T13:21:50","guid":{"rendered":"https:\/\/rendez-vous-store.com\/?post_type=product&#038;p=218055"},"modified":"2026-03-16T19:31:24","modified_gmt":"2026-03-16T18:31:24","slug":"arpenteur-contour-v-unlined-jacket-black-rendez-vous-store","status":"publish","type":"product","link":"https:\/\/rendez-vous-store.com\/fr\/shop\/men-selection-discover-our-selection-rendez-vous-store\/jackets-coats-discover-our-selection\/arpenteur-contour-v-unlined-jacket-black-rendez-vous-store\/","title":{"rendered":"Arpenteur \u2013 VESTE CONTOUR V NON DOUBL\u00c9E \u2013 NOIR"},"content":{"rendered":"<p><strong>Arpenteur CONTOUR V VESTE NON DOUBL\u00c9E NOIRE<\/strong><\/p>\n<p>Couleur : Noir<\/p>\n<p>Coupe d\u00e9contract\u00e9e<\/p>\n<p>Gilet \u00e0 boutons avant Contour V<\/p>\n<p>Laine chaude<\/p>\n<p>Sans manches<\/p>\n<p>Boutons pression en m\u00e9tal<\/p>\n<p>Poches chauffe-mains<\/p>\n<p>Composition : 93 %% Laine, 7 %% Nylon<\/p>\n<p>Fabriqu\u00e9 en France<\/p>\n<p>&nbsp;<\/p>\n<p><strong>Les mesures :\u00a0<\/strong><\/p>\n<p>Taille S : \u00c9paules : 43 cm, Poitrine : 59 cm, Manches : 0 cm, Longueur : 63 cm, Emmanchures : 27 cm<\/p>\n<p>Taille M : \u00c9paules : 45 cm, Poitrine : 61 cm, Manches : 0 cm, Longueur : 66 cm, Emmanchures : 27 cm<\/p>\n<p>Taille L : \u00c9paules : 47cm, Poitrine : 62cm, Manches : 0cm, Longueur : 68cm, Emmanchures : 28cm<\/p>\n<p>&nbsp;<\/p>\n<p>&nbsp;<\/p>\n<p>&nbsp;<\/p>\n<p>&nbsp;<\/p>\n<p>&nbsp;<\/p>\n<p>&nbsp;<\/p>\n<h4>La marque<\/h4>\n<div class=\"flex-1 overflow-hidden\">\n<div class=\"react-scroll-to-bottom--css-wzcie-79elbk h-full\">\n<div class=\"react-scroll-to-bottom--css-wzcie-1n7m0yu\">\n<div class=\"flex flex-col text-sm pb-9\">\n<div class=\"w-full text-token-text-primary\" dir=\"auto\" data-testid=\"conversation-turn-217\">\n<div class=\"px-4 py-2 justify-center text-base md:gap-6 m-auto\">\n<div class=\"flex flex-1 text-base mx-auto gap-3 juice:gap-4 juice:md:gap-6 md:px-5 lg:px-1 xl:px-5 md:max-w-3xl lg:max-w-[40rem] xl:max-w-[48rem]\">\n<div class=\"relative flex w-full flex-col agent-turn\">\n<div class=\"flex-col gap-1 md:gap-3\">\n<div class=\"flex flex-grow flex-col max-w-full\">\n<div class=\"min-h-[20px] text-message flex flex-col items-start gap-3 whitespace-pre-wrap break-words [.text-message+&amp;]:mt-5 overflow-x-auto\" dir=\"auto\" data-message-author-role=\"assistant\" data-message-id=\"3a958d30-d9cb-4021-88d1-308b5eca4e5b\">\n<div class=\"markdown prose w-full break-words dark:prose-invert light\">\n<p>Arpenteur, une marque fran\u00e7aise n\u00e9e \u00e0 Lyon, s'inspire de son riche h\u00e9ritage de v\u00eatements de travail et de plein air, en y insufflant une esth\u00e9tique moderne et un savoir-faire artisanal m\u00e9ticuleux.<\/p>\n<p>En mettant l'accent sur la qualit\u00e9 et la fonctionnalit\u00e9, les v\u00eatements Arpenteur sont con\u00e7us pour r\u00e9sister aux rigueurs de la vie quotidienne tout en affichant un style intemporel. Qu'il s'agisse de vestes robustes, de pantalons r\u00e9sistants, de tricots douillets ou d'accessoires polyvalents, chaque pi\u00e8ce refl\u00e8te l'engagement de la marque en faveur de l'authenticit\u00e9 et de la durabilit\u00e9.<\/p>\n<p>L'attention port\u00e9e par Arpenteur aux d\u00e9tails est \u00e9vidente dans chaque aspect de son processus de production, de la s\u00e9lection des tissus aux techniques de construction. Chaque v\u00eatement est m\u00e9ticuleusement confectionn\u00e9 en France par des artisans qualifi\u00e9s, garantissant ainsi les normes les plus \u00e9lev\u00e9es en mati\u00e8re de qualit\u00e9 et de savoir-faire.<\/p>\n<p>En associant l'artisanat traditionnel au design contemporain, Arpenteur offre une perspective unique sur le v\u00eatement de travail fran\u00e7ais, en cr\u00e9ant des v\u00eatements \u00e0 la fois pratiques et \u00e9l\u00e9gants. Qu'il s'agisse d'explorer les grands espaces ou les paysages urbains, Arpenteur offre un m\u00e9lange parfait de confort, de durabilit\u00e9 et de style pour l'aventurier moderne.<\/p>\n<\/div>\n<\/div>\n<\/div>\n<\/div>\n<\/div>\n<\/div>\n<\/div>\n<\/div>\n<\/div>\n<\/div>\n<\/div>\n<\/div>","protected":false},"excerpt":{"rendered":"<p>Arpenteur CONTOUR V UNLINED JACKET BLACK Color: Black Relaxed fit Contour V button front vest Warm wool Sleeveless Metal pop buttons Hand warmer pockets Composition: 93% Wool, 7% Nylon Made in France &nbsp; The measurements:\u00a0 Size S: Shoulders: 43cm, Chest: 59cm, Sleeves: 0cm, Length: 63cm, Armholes: 27cm Size M: Shoulders: 45cm, Chest: 61cm, Sleeves: 0cm,&hellip; <a class=\"more-link\" href=\"https:\/\/rendez-vous-store.com\/fr\/shop\/men-selection-discover-our-selection-rendez-vous-store\/jackets-coats-discover-our-selection\/arpenteur-contour-v-unlined-jacket-black-rendez-vous-store\/\">Continuer la lecture <span class=\"screen-reader-text\">Arpenteur \u2013 VESTE CONTOUR V NON DOUBL\u00c9E \u2013 NOIR<\/span><\/a><\/p>","protected":false},"featured_media":219549,"template":"","meta":{"_acf_changed":false},"product_brand":[],"product_cat":[20,53],"product_tag":[295],"class_list":{"0":"post-218055","1":"product","2":"type-product","3":"status-publish","4":"has-post-thumbnail","6":"product_cat-men-selection-discover-our-selection-rendez-vous-store","7":"product_cat-jackets-coats-discover-our-selection","8":"product_tag-arpenteur","9":"entry","11":"first","12":"instock","13":"taxable","14":"shipping-taxable","15":"purchasable","16":"product-type-variable"},"acf":[],"yoast_head":"<!-- This site is optimized with the Yoast SEO plugin v24.9 - https:\/\/yoast.com\/wordpress\/plugins\/seo\/ -->\n<title>Arpenteur CONTOUR V UNLINED JACKET BLACK<\/title>\n<meta name=\"description\" content=\"This Arpenteur - CONTOUR V UNLINED JACKET - BLACK is located halfway between respect for tradition and creation. Discover now on Rendez-vous Store.\" \/>\n<meta name=\"robots\" content=\"index, follow, max-snippet:-1, max-image-preview:large, max-video-preview:-1\" \/>\n<link rel=\"canonical\" href=\"https:\/\/rendez-vous-store.com\/fr\/shop\/men-selection-discover-our-selection-rendez-vous-store\/jackets-coats-discover-our-selection\/arpenteur-contour-v-unlined-jacket-black-rendez-vous-store\/\" \/>\n<meta property=\"og:locale\" content=\"fr_FR\" \/>\n<meta property=\"og:type\" content=\"article\" \/>\n<meta property=\"og:title\" content=\"Arpenteur CONTOUR V UNLINED JACKET BLACK\" \/>\n<meta property=\"og:description\" content=\"This Arpenteur - CONTOUR V UNLINED JACKET - BLACK is located halfway between respect for tradition and creation. Discover now on Rendez-vous Store.\" \/>\n<meta property=\"og:url\" content=\"https:\/\/rendez-vous-store.com\/fr\/shop\/men-selection-discover-our-selection-rendez-vous-store\/jackets-coats-discover-our-selection\/arpenteur-contour-v-unlined-jacket-black-rendez-vous-store\/\" \/>\n<meta property=\"og:site_name\" content=\"RENDEZ-VOUS STORE\" \/>\n<meta property=\"article:modified_time\" content=\"2026-03-16T18:31:24+00:00\" \/>\n<meta property=\"og:image\" content=\"https:\/\/rendez-vous-store.com\/app\/uploads\/2025\/10\/IMG_0792-min-scaled.webp\" \/>\n\t<meta property=\"og:image:width\" content=\"1707\" \/>\n\t<meta property=\"og:image:height\" content=\"2560\" \/>\n\t<meta property=\"og:image:type\" content=\"image\/webp\" \/>\n<meta name=\"twitter:card\" content=\"summary_large_image\" \/>\n<meta name=\"twitter:label1\" content=\"Est. reading time\" \/>\n\t<meta name=\"twitter:data1\" content=\"2 minutes\" \/>\n<script type=\"application\/ld+json\" class=\"yoast-schema-graph\">{\"@context\":\"https:\/\/schema.org\",\"@graph\":[{\"@type\":\"WebPage\",\"@id\":\"https:\/\/rendez-vous-store.com\/shop\/men-selection-discover-our-selection-rendez-vous-store\/jackets-coats-discover-our-selection\/arpenteur-contour-v-unlined-jacket-black-rendez-vous-store\/\",\"url\":\"https:\/\/rendez-vous-store.com\/shop\/men-selection-discover-our-selection-rendez-vous-store\/jackets-coats-discover-our-selection\/arpenteur-contour-v-unlined-jacket-black-rendez-vous-store\/\",\"name\":\"Arpenteur CONTOUR V UNLINED JACKET BLACK\",\"isPartOf\":{\"@id\":\"https:\/\/rendez-vous-store.com\/#website\"},\"primaryImageOfPage\":{\"@id\":\"https:\/\/rendez-vous-store.com\/shop\/men-selection-discover-our-selection-rendez-vous-store\/jackets-coats-discover-our-selection\/arpenteur-contour-v-unlined-jacket-black-rendez-vous-store\/#primaryimage\"},\"image\":{\"@id\":\"https:\/\/rendez-vous-store.com\/shop\/men-selection-discover-our-selection-rendez-vous-store\/jackets-coats-discover-our-selection\/arpenteur-contour-v-unlined-jacket-black-rendez-vous-store\/#primaryimage\"},\"thumbnailUrl\":\"https:\/\/rendez-vous-store.com\/app\/uploads\/2025\/10\/IMG_0792-min-scaled.webp\",\"datePublished\":\"2025-10-02T13:21:50+00:00\",\"dateModified\":\"2026-03-16T18:31:24+00:00\",\"description\":\"This Arpenteur - CONTOUR V UNLINED JACKET - BLACK is located halfway between respect for tradition and creation. Discover now on Rendez-vous Store.\",\"breadcrumb\":{\"@id\":\"https:\/\/rendez-vous-store.com\/shop\/men-selection-discover-our-selection-rendez-vous-store\/jackets-coats-discover-our-selection\/arpenteur-contour-v-unlined-jacket-black-rendez-vous-store\/#breadcrumb\"},\"inLanguage\":\"fr-FR\",\"potentialAction\":[{\"@type\":\"ReadAction\",\"target\":[\"https:\/\/rendez-vous-store.com\/shop\/men-selection-discover-our-selection-rendez-vous-store\/jackets-coats-discover-our-selection\/arpenteur-contour-v-unlined-jacket-black-rendez-vous-store\/\"]}]},{\"@type\":\"ImageObject\",\"inLanguage\":\"fr-FR\",\"@id\":\"https:\/\/rendez-vous-store.com\/shop\/men-selection-discover-our-selection-rendez-vous-store\/jackets-coats-discover-our-selection\/arpenteur-contour-v-unlined-jacket-black-rendez-vous-store\/#primaryimage\",\"url\":\"https:\/\/rendez-vous-store.com\/app\/uploads\/2025\/10\/IMG_0792-min-scaled.webp\",\"contentUrl\":\"https:\/\/rendez-vous-store.com\/app\/uploads\/2025\/10\/IMG_0792-min-scaled.webp\",\"width\":1707,\"height\":2560},{\"@type\":\"BreadcrumbList\",\"@id\":\"https:\/\/rendez-vous-store.com\/shop\/men-selection-discover-our-selection-rendez-vous-store\/jackets-coats-discover-our-selection\/arpenteur-contour-v-unlined-jacket-black-rendez-vous-store\/#breadcrumb\",\"itemListElement\":[{\"@type\":\"ListItem\",\"position\":1,\"name\":\"Home\",\"item\":\"https:\/\/rendez-vous-store.com\/\"},{\"@type\":\"ListItem\",\"position\":2,\"name\":\"Shop\",\"item\":\"https:\/\/www.rendez-vous-store.com\/shop\/\"},{\"@type\":\"ListItem\",\"position\":3,\"name\":\"Arpenteur &#8211; CONTOUR V UNLINED JACKET &#8211; BLACK\"}]},{\"@type\":\"WebSite\",\"@id\":\"https:\/\/rendez-vous-store.com\/#website\",\"url\":\"https:\/\/rendez-vous-store.com\/\",\"name\":\"RENDEZ-VOUS STORE\",\"description\":\"Slow Fashion for Women and Men\",\"potentialAction\":[{\"@type\":\"SearchAction\",\"target\":{\"@type\":\"EntryPoint\",\"urlTemplate\":\"https:\/\/rendez-vous-store.com\/?s={search_term_string}\"},\"query-input\":{\"@type\":\"PropertyValueSpecification\",\"valueRequired\":true,\"valueName\":\"search_term_string\"}}],\"inLanguage\":\"fr-FR\"}]}<\/script>\n<!-- \/ Yoast SEO plugin. -->","yoast_head_json":{"title":"Arpenteur CONTOUR V UNLINED JACKET BLACK","description":"This Arpenteur - CONTOUR V UNLINED JACKET - BLACK is located halfway between respect for tradition and creation. Discover now on Rendez-vous Store.","robots":{"index":"index","follow":"follow","max-snippet":"max-snippet:-1","max-image-preview":"max-image-preview:large","max-video-preview":"max-video-preview:-1"},"canonical":"https:\/\/rendez-vous-store.com\/fr\/shop\/men-selection-discover-our-selection-rendez-vous-store\/jackets-coats-discover-our-selection\/arpenteur-contour-v-unlined-jacket-black-rendez-vous-store\/","og_locale":"fr_FR","og_type":"article","og_title":"Arpenteur CONTOUR V UNLINED JACKET BLACK","og_description":"This Arpenteur - CONTOUR V UNLINED JACKET - BLACK is located halfway between respect for tradition and creation. Discover now on Rendez-vous Store.","og_url":"https:\/\/rendez-vous-store.com\/fr\/shop\/men-selection-discover-our-selection-rendez-vous-store\/jackets-coats-discover-our-selection\/arpenteur-contour-v-unlined-jacket-black-rendez-vous-store\/","og_site_name":"RENDEZ-VOUS STORE","article_modified_time":"2026-03-16T18:31:24+00:00","og_image":[{"width":1707,"height":2560,"url":"https:\/\/rendez-vous-store.com\/app\/uploads\/2025\/10\/IMG_0792-min-scaled.webp","type":"image\/webp"}],"twitter_card":"summary_large_image","twitter_misc":{"Est. reading time":"2 minutes"},"schema":{"@context":"https:\/\/schema.org","@graph":[{"@type":"WebPage","@id":"https:\/\/rendez-vous-store.com\/shop\/men-selection-discover-our-selection-rendez-vous-store\/jackets-coats-discover-our-selection\/arpenteur-contour-v-unlined-jacket-black-rendez-vous-store\/","url":"https:\/\/rendez-vous-store.com\/shop\/men-selection-discover-our-selection-rendez-vous-store\/jackets-coats-discover-our-selection\/arpenteur-contour-v-unlined-jacket-black-rendez-vous-store\/","name":"Arpenteur CONTOUR V UNLINED JACKET BLACK","isPartOf":{"@id":"https:\/\/rendez-vous-store.com\/#website"},"primaryImageOfPage":{"@id":"https:\/\/rendez-vous-store.com\/shop\/men-selection-discover-our-selection-rendez-vous-store\/jackets-coats-discover-our-selection\/arpenteur-contour-v-unlined-jacket-black-rendez-vous-store\/#primaryimage"},"image":{"@id":"https:\/\/rendez-vous-store.com\/shop\/men-selection-discover-our-selection-rendez-vous-store\/jackets-coats-discover-our-selection\/arpenteur-contour-v-unlined-jacket-black-rendez-vous-store\/#primaryimage"},"thumbnailUrl":"https:\/\/rendez-vous-store.com\/app\/uploads\/2025\/10\/IMG_0792-min-scaled.webp","datePublished":"2025-10-02T13:21:50+00:00","dateModified":"2026-03-16T18:31:24+00:00","description":"This Arpenteur - CONTOUR V UNLINED JACKET - BLACK is located halfway between respect for tradition and creation. Discover now on Rendez-vous Store.","breadcrumb":{"@id":"https:\/\/rendez-vous-store.com\/shop\/men-selection-discover-our-selection-rendez-vous-store\/jackets-coats-discover-our-selection\/arpenteur-contour-v-unlined-jacket-black-rendez-vous-store\/#breadcrumb"},"inLanguage":"fr-FR","potentialAction":[{"@type":"ReadAction","target":["https:\/\/rendez-vous-store.com\/shop\/men-selection-discover-our-selection-rendez-vous-store\/jackets-coats-discover-our-selection\/arpenteur-contour-v-unlined-jacket-black-rendez-vous-store\/"]}]},{"@type":"ImageObject","inLanguage":"fr-FR","@id":"https:\/\/rendez-vous-store.com\/shop\/men-selection-discover-our-selection-rendez-vous-store\/jackets-coats-discover-our-selection\/arpenteur-contour-v-unlined-jacket-black-rendez-vous-store\/#primaryimage","url":"https:\/\/rendez-vous-store.com\/app\/uploads\/2025\/10\/IMG_0792-min-scaled.webp","contentUrl":"https:\/\/rendez-vous-store.com\/app\/uploads\/2025\/10\/IMG_0792-min-scaled.webp","width":1707,"height":2560},{"@type":"BreadcrumbList","@id":"https:\/\/rendez-vous-store.com\/shop\/men-selection-discover-our-selection-rendez-vous-store\/jackets-coats-discover-our-selection\/arpenteur-contour-v-unlined-jacket-black-rendez-vous-store\/#breadcrumb","itemListElement":[{"@type":"ListItem","position":1,"name":"Home","item":"https:\/\/rendez-vous-store.com\/"},{"@type":"ListItem","position":2,"name":"Shop","item":"https:\/\/www.rendez-vous-store.com\/shop\/"},{"@type":"ListItem","position":3,"name":"Arpenteur &#8211; CONTOUR V UNLINED JACKET &#8211; BLACK"}]},{"@type":"WebSite","@id":"https:\/\/rendez-vous-store.com\/#website","url":"https:\/\/rendez-vous-store.com\/","name":"RENDEZ-VOUS STORE","description":"Slow Fashion for Women and Men","potentialAction":[{"@type":"SearchAction","target":{"@type":"EntryPoint","urlTemplate":"https:\/\/rendez-vous-store.com\/?s={search_term_string}"},"query-input":{"@type":"PropertyValueSpecification","valueRequired":true,"valueName":"search_term_string"}}],"inLanguage":"fr-FR"}]}},"_links":{"self":[{"href":"https:\/\/rendez-vous-store.com\/fr\/wp-json\/wp\/v2\/product\/218055","targetHints":{"allow":["GET"]}}],"collection":[{"href":"https:\/\/rendez-vous-store.com\/fr\/wp-json\/wp\/v2\/product"}],"about":[{"href":"https:\/\/rendez-vous-store.com\/fr\/wp-json\/wp\/v2\/types\/product"}],"wp:featuredmedia":[{"embeddable":true,"href":"https:\/\/rendez-vous-store.com\/fr\/wp-json\/wp\/v2\/media\/219549"}],"wp:attachment":[{"href":"https:\/\/rendez-vous-store.com\/fr\/wp-json\/wp\/v2\/media?parent=218055"}],"wp:term":[{"taxonomy":"product_brand","embeddable":true,"href":"https:\/\/rendez-vous-store.com\/fr\/wp-json\/wp\/v2\/product_brand?post=218055"},{"taxonomy":"product_cat","embeddable":true,"href":"https:\/\/rendez-vous-store.com\/fr\/wp-json\/wp\/v2\/product_cat?post=218055"},{"taxonomy":"product_tag","embeddable":true,"href":"https:\/\/rendez-vous-store.com\/fr\/wp-json\/wp\/v2\/product_tag?post=218055"}],"curies":[{"name":"wp","href":"https:\/\/api.w.org\/{rel}","templated":true}]}}