{"id":217592,"date":"2025-10-01T10:32:25","date_gmt":"2025-10-01T08:32:25","guid":{"rendered":"https:\/\/rendez-vous-store.com\/?post_type=product&#038;p=217592"},"modified":"2026-04-29T11:01:29","modified_gmt":"2026-04-29T09:01:29","slug":"orslow-unisex-101-dads-fit-denim-pant-01-1010w-d61s-black-denim-stone","status":"publish","type":"product","link":"https:\/\/rendez-vous-store.com\/fr\/shop\/men-selection-discover-our-selection-rendez-vous-store\/trousers-shorts-rendez-vous-store\/orslow-unisex-101-dads-fit-denim-pant-01-1010w-d61s-black-denim-stone\/","title":{"rendered":"Orslow &#8211; UNISEX 101 DAD&#8217;S FIT DENIM PANT 01-1010W-D61S &#8211; Black Denim Stone"},"content":{"rendered":"<p><strong>Orslow PANTALONS UNISEX 01-1010W-D61S BK Denim Stone<\/strong><\/p>\n<p>Couleur : Denim stone<\/p>\n<p>Silhouette d\u00e9contract\u00e9e<\/p>\n<p>Jambes larges<\/p>\n<p>La conception standard en denim \u00e0 5 poches<\/p>\n<p>Fermeture \u00e0 glissi\u00e8re et \u00e0 bouton<\/p>\n<p>Deux poches arri\u00e8re plaqu\u00e9es<\/p>\n<p>Composition : 100% Coton<\/p>\n<p>Fabriqu\u00e9 au Japon<\/p>\n<p><strong>Les mesures :\u00a0<\/strong><\/p>\n<p><strong>Taille S<\/strong><\/p>\n<p>Waist: 40 cm<br data-start=\"186\" data-end=\"189\" \/>Hip: 65 cm<br data-start=\"199\" data-end=\"202\" \/>Thigh: 34 cm<br data-start=\"214\" data-end=\"217\" \/>Inseam: 78 cm<br data-start=\"230\" data-end=\"233\" \/>Length: 103 cm<\/p>\n<p><strong>Taille M<\/strong><\/p>\n<p>Waist: 42 cm<br data-start=\"280\" data-end=\"283\" \/>Hip: 67 cm<br data-start=\"293\" data-end=\"296\" \/>Thigh: 34 cm<br data-start=\"308\" data-end=\"311\" \/>Inseam: 79 cm<br data-start=\"324\" data-end=\"327\" \/>Length: 105 cm<\/p>\n<p><strong>Taille L<\/strong><\/p>\n<p>Waist: 44 cm<br data-start=\"374\" data-end=\"377\" \/>Hip: 68 cm<br data-start=\"387\" data-end=\"390\" \/>Thigh: 35 cm<br data-start=\"402\" data-end=\"405\" \/>Inseam: 80 cm<br data-start=\"418\" data-end=\"421\" \/>Length: 106 cm<\/p>\n<p>&nbsp;<\/p>\n<p><strong>Le Pantalon<\/strong><\/p>\n<p>Ces <strong>Orslow \u2013 Unisex Pants 01-1010W-D61S \u2013 BK Denim Stone<\/strong> combine timeless workwear durability with everyday versatility.<br data-start=\"296\" data-end=\"299\" \/>Their soft, washed black denim reveals subtle stonewashed tones that gain character over time.<br data-start=\"393\" data-end=\"396\" \/>De plus, la coupe droite maintient une ligne \u00e9pur\u00e9e, ainsi le pantalon est structur\u00e9 tout en restant confortable.<br data-start=\"496\" data-end=\"499\" \/>They also provide ease of movement while reflecting Orslow\u2019s meticulous tailoring.<br data-start=\"581\" data-end=\"584\" \/>In addition, reinforced seams and thoughtful construction enhance both durability and the pants\u2019 classic appeal.<br data-start=\"696\" data-end=\"699\" \/>You can style them with a casual tee for relaxed outfits, or alternatively pair them with a shirt or sweatshirt for a sharper look.<br data-start=\"830\" data-end=\"833\" \/>Consequently, the BK Denim Stone shade complements neutral palettes as well as darker, richer tones.<br data-start=\"933\" data-end=\"936\" \/>Ultimately, these pants remain versatile, durable, and unmistakably Orslow.<\/p>\n<p><a href=\"https:\/\/rendez-vous-store.com\/fr\/shop\/men-selection-discover-our-selection-rendez-vous-store\/t-shirts-discover-our-selection-rendez-vous-store\/lady-white-athens-t-shirt-heather-grey-rendez-vous-store\/\">Nous aimons le voir port\u00e9 avec<\/a><\/p>\n<p>&nbsp;<\/p>\n<p><strong>La marque<\/strong><\/p>\n<p data-start=\"110\" data-end=\"973\">Orslow est une marque japonaise d\u00e9di\u00e9e \u00e0 la production lente et au design durable, et elle privil\u00e9gie constamment un savoir-faire r\u00e9fl\u00e9chi.<br data-start=\"346\" data-end=\"349\" \/>Fond\u00e9e en 2005 par Ichiro Nakatsu, la marque s'inspire de son \u00e9tude de v\u00eatements vintage militaires et de v\u00eatements de travail.<br data-start=\"455\" data-end=\"458\" \/>Gr\u00e2ce \u00e0 cette expertise, Orslow r\u00e9interpr\u00e8te les silhouettes classiques avec une construction soign\u00e9e et des tissus m\u00e9ticuleux.<br data-start=\"574\" data-end=\"577\" \/>De plus, il met l'accent sur la durabilit\u00e9, l'authenticit\u00e9 et la beaut\u00e9 tranquille des v\u00eatements de tous les jours.<br data-start=\"669\" data-end=\"672\" \/>De plus, la marque valorise les d\u00e9tails utiles, tandis que les tissus \u00e9voluent gracieusement au fil du temps.<br data-start=\"764\" data-end=\"767\" \/>De plus, de nombreux mat\u00e9riaux sont d\u00e9velopp\u00e9s en interne afin d'obtenir des textures et des tons uniques.<br data-start=\"864\" data-end=\"867\" data-is-only-node=\"\" \/>En cons\u00e9quence, chaque pi\u00e8ce refl\u00e8te un \u00e9quilibre raffin\u00e9 entre tradition, confort et pr\u00e9cision.<br data-start=\"956\" data-end=\"959\" \/>De plus, tous les v\u00eatements sont fabriqu\u00e9s au Japon, ce qui garantit \u00e0 la fois la coh\u00e9rence et la durabilit\u00e9 \u00e0 long terme.<br data-start=\"1057\" data-end=\"1060\" \/>En cons\u00e9quence, Orslow a acquis une renomm\u00e9e internationale et ses collections apparaissent ainsi dans des boutiques s\u00e9lectionn\u00e9es, engag\u00e9es dans un design intemporel.<\/p>\n<p data-start=\"1496\" data-end=\"2205\"><strong>La Collection<\/strong><\/p>\n<p data-start=\"1239\" data-end=\"2162\">Les lignes saisonni\u00e8res d'Orslow, y compris les derni\u00e8res \u00e9ditions, d\u00e9montrent l'engagement de la marque envers l'innovation discr\u00e8te.<br data-start=\"1350\" data-end=\"1353\" \/>De plus, la marque cr\u00e9e des v\u00eatements pour les personnes qui attachent la m\u00eame importance au caract\u00e8re, \u00e0 la fonctionnalit\u00e9 et \u00e0 une conception r\u00e9fl\u00e9chie.<br data-start=\"1473\" data-end=\"1476\" \/>Ainsi, les pi\u00e8ces s'adaptent naturellement aux routines quotidiennes comme aux cadres plus \u00e9l\u00e9gants.<br data-start=\"1559\" data-end=\"1562\" \/>De plus, que vous choisissiez une veste d'inspiration militaire ou une paire de jeans embl\u00e9matiques, le look reste ancr\u00e9 et d'une \u00e9l\u00e9gance sans effort.<br data-start=\"1702\" data-end=\"1705\" \/>Au fil du temps,<br data-start=\"1828\" data-end=\"1831\" \/>Par cons\u00e9quent, de nombreux clients reviennent pour son m\u00e9lange constant de confort, d'h\u00e9ritage et de pertinence contemporaine.<br data-start=\"1938\" data-end=\"1941\" \/>De plus, la marque continue d'explorer des innovations subtiles tout en conservant son authenticit\u00e9 signature.<br data-start=\"2050\" data-end=\"2053\" \/>En cons\u00e9quence, chaque nouvelle collection r\u00e9sonne aupr\u00e8s des fans de longue date comme des nouveaux venus en qu\u00eate de design intemporel.<\/p>","protected":false},"excerpt":{"rendered":"<p>Orslow UNISEX PANTS 01-1010W-D61S BK Denim Stone Color: Denim stone Relaxed silhouette Wide legs Standard 5-pocket denim design Zip and button closure Two back patch pockets Composition: 100% Cotton Made in Japan The measurements:\u00a0 Size S Waist: 40 cmHip: 65 cmThigh: 34 cmInseam: 78 cmLength: 103 cm Size M Waist: 42 cmHip: 67 cmThigh: 34&hellip; <a class=\"more-link\" href=\"https:\/\/rendez-vous-store.com\/fr\/shop\/men-selection-discover-our-selection-rendez-vous-store\/trousers-shorts-rendez-vous-store\/orslow-unisex-101-dads-fit-denim-pant-01-1010w-d61s-black-denim-stone\/\">Continuer la lecture <span class=\"screen-reader-text\">Orslow &#8211; UNISEX 101 DAD&#8217;S FIT DENIM PANT 01-1010W-D61S &#8211; Black Denim Stone<\/span><\/a><\/p>","protected":false},"featured_media":246908,"template":"","meta":{"_acf_changed":false},"product_brand":[],"product_cat":[1304,20,1059,73],"product_tag":[678],"class_list":{"0":"post-217592","1":"product","2":"type-product","3":"status-publish","4":"has-post-thumbnail","6":"product_cat-unisex-rendez-vous-store","7":"product_cat-men-selection-discover-our-selection-rendez-vous-store","8":"product_cat-new-men-rendez-vous-store","9":"product_cat-trousers-shorts-rendez-vous-store","10":"product_tag-orslow","11":"entry","13":"first","14":"instock","15":"taxable","16":"shipping-taxable","17":"purchasable","18":"product-type-variable"},"acf":[],"yoast_head":"<!-- This site is optimized with the Yoast SEO plugin v24.9 - https:\/\/yoast.com\/wordpress\/plugins\/seo\/ -->\n<title>Orslow - UNISEX PANTS 01-1010W-D61S - BK Denim Stone<\/title>\n<meta name=\"description\" content=\"Orslow is on Rendez-Vous Store. This Orslow - UNISEX PANTS 01-1010W-D61S - BK Denim Stone is part of the Japanese brand founded by Ichiro Nakutsu in 2005.\" \/>\n<meta name=\"robots\" content=\"index, follow, max-snippet:-1, max-image-preview:large, max-video-preview:-1\" \/>\n<link rel=\"canonical\" href=\"https:\/\/rendez-vous-store.com\/fr\/shop\/men-selection-discover-our-selection-rendez-vous-store\/trousers-shorts-rendez-vous-store\/orslow-unisex-101-dads-fit-denim-pant-01-1010w-d61s-black-denim-stone\/\" \/>\n<meta property=\"og:locale\" content=\"fr_FR\" \/>\n<meta property=\"og:type\" content=\"article\" \/>\n<meta property=\"og:title\" content=\"Orslow - UNISEX PANTS 01-1010W-D61S - BK Denim Stone\" \/>\n<meta property=\"og:description\" content=\"Orslow is on Rendez-Vous Store. This Orslow - UNISEX PANTS 01-1010W-D61S - BK Denim Stone is part of the Japanese brand founded by Ichiro Nakutsu in 2005.\" \/>\n<meta property=\"og:url\" content=\"https:\/\/rendez-vous-store.com\/fr\/shop\/men-selection-discover-our-selection-rendez-vous-store\/trousers-shorts-rendez-vous-store\/orslow-unisex-101-dads-fit-denim-pant-01-1010w-d61s-black-denim-stone\/\" \/>\n<meta property=\"og:site_name\" content=\"RENDEZ-VOUS STORE\" \/>\n<meta property=\"article:modified_time\" content=\"2026-04-29T09:01:29+00:00\" \/>\n<meta property=\"og:image\" content=\"https:\/\/rendez-vous-store.com\/app\/uploads\/2025\/10\/rdv_orslow_38-1-scaled.webp\" \/>\n\t<meta property=\"og:image:width\" content=\"1696\" \/>\n\t<meta property=\"og:image:height\" content=\"2560\" \/>\n\t<meta property=\"og:image:type\" content=\"image\/webp\" \/>\n<meta name=\"twitter:card\" content=\"summary_large_image\" \/>\n<meta name=\"twitter:label1\" content=\"Est. reading time\" \/>\n\t<meta name=\"twitter:data1\" content=\"3 minutes\" \/>\n<script type=\"application\/ld+json\" class=\"yoast-schema-graph\">{\"@context\":\"https:\/\/schema.org\",\"@graph\":[{\"@type\":\"WebPage\",\"@id\":\"https:\/\/rendez-vous-store.com\/shop\/men-selection-discover-our-selection-rendez-vous-store\/trousers-shorts-rendez-vous-store\/orslow-unisex-101-dads-fit-denim-pant-01-1010w-d61s-black-denim-stone\/\",\"url\":\"https:\/\/rendez-vous-store.com\/shop\/men-selection-discover-our-selection-rendez-vous-store\/trousers-shorts-rendez-vous-store\/orslow-unisex-101-dads-fit-denim-pant-01-1010w-d61s-black-denim-stone\/\",\"name\":\"Orslow - UNISEX PANTS 01-1010W-D61S - BK Denim Stone\",\"isPartOf\":{\"@id\":\"https:\/\/rendez-vous-store.com\/#website\"},\"primaryImageOfPage\":{\"@id\":\"https:\/\/rendez-vous-store.com\/shop\/men-selection-discover-our-selection-rendez-vous-store\/trousers-shorts-rendez-vous-store\/orslow-unisex-101-dads-fit-denim-pant-01-1010w-d61s-black-denim-stone\/#primaryimage\"},\"image\":{\"@id\":\"https:\/\/rendez-vous-store.com\/shop\/men-selection-discover-our-selection-rendez-vous-store\/trousers-shorts-rendez-vous-store\/orslow-unisex-101-dads-fit-denim-pant-01-1010w-d61s-black-denim-stone\/#primaryimage\"},\"thumbnailUrl\":\"https:\/\/rendez-vous-store.com\/app\/uploads\/2025\/10\/rdv_orslow_38-1-scaled.webp\",\"datePublished\":\"2025-10-01T08:32:25+00:00\",\"dateModified\":\"2026-04-29T09:01:29+00:00\",\"description\":\"Orslow is on Rendez-Vous Store. This Orslow - UNISEX PANTS 01-1010W-D61S - BK Denim Stone is part of the Japanese brand founded by Ichiro Nakutsu in 2005.\",\"breadcrumb\":{\"@id\":\"https:\/\/rendez-vous-store.com\/shop\/men-selection-discover-our-selection-rendez-vous-store\/trousers-shorts-rendez-vous-store\/orslow-unisex-101-dads-fit-denim-pant-01-1010w-d61s-black-denim-stone\/#breadcrumb\"},\"inLanguage\":\"fr-FR\",\"potentialAction\":[{\"@type\":\"ReadAction\",\"target\":[\"https:\/\/rendez-vous-store.com\/shop\/men-selection-discover-our-selection-rendez-vous-store\/trousers-shorts-rendez-vous-store\/orslow-unisex-101-dads-fit-denim-pant-01-1010w-d61s-black-denim-stone\/\"]}]},{\"@type\":\"ImageObject\",\"inLanguage\":\"fr-FR\",\"@id\":\"https:\/\/rendez-vous-store.com\/shop\/men-selection-discover-our-selection-rendez-vous-store\/trousers-shorts-rendez-vous-store\/orslow-unisex-101-dads-fit-denim-pant-01-1010w-d61s-black-denim-stone\/#primaryimage\",\"url\":\"https:\/\/rendez-vous-store.com\/app\/uploads\/2025\/10\/rdv_orslow_38-1-scaled.webp\",\"contentUrl\":\"https:\/\/rendez-vous-store.com\/app\/uploads\/2025\/10\/rdv_orslow_38-1-scaled.webp\",\"width\":1696,\"height\":2560,\"caption\":\"Orslow - UNISEX 101 DAD'S FIT DENIM PANT 01-1010W-D61S - Black Denim Stone\"},{\"@type\":\"BreadcrumbList\",\"@id\":\"https:\/\/rendez-vous-store.com\/shop\/men-selection-discover-our-selection-rendez-vous-store\/trousers-shorts-rendez-vous-store\/orslow-unisex-101-dads-fit-denim-pant-01-1010w-d61s-black-denim-stone\/#breadcrumb\",\"itemListElement\":[{\"@type\":\"ListItem\",\"position\":1,\"name\":\"Home\",\"item\":\"https:\/\/rendez-vous-store.com\/\"},{\"@type\":\"ListItem\",\"position\":2,\"name\":\"Shop\",\"item\":\"https:\/\/www.rendez-vous-store.com\/shop\/\"},{\"@type\":\"ListItem\",\"position\":3,\"name\":\"Orslow &#8211; UNISEX 101 DAD&#8217;S FIT DENIM PANT 01-1010W-D61S &#8211; Black Denim Stone\"}]},{\"@type\":\"WebSite\",\"@id\":\"https:\/\/rendez-vous-store.com\/#website\",\"url\":\"https:\/\/rendez-vous-store.com\/\",\"name\":\"RENDEZ-VOUS STORE\",\"description\":\"Slow Fashion for Women and Men\",\"potentialAction\":[{\"@type\":\"SearchAction\",\"target\":{\"@type\":\"EntryPoint\",\"urlTemplate\":\"https:\/\/rendez-vous-store.com\/?s={search_term_string}\"},\"query-input\":{\"@type\":\"PropertyValueSpecification\",\"valueRequired\":true,\"valueName\":\"search_term_string\"}}],\"inLanguage\":\"fr-FR\"}]}<\/script>\n<!-- \/ Yoast SEO plugin. -->","yoast_head_json":{"title":"Orslow - UNISEX PANTS 01-1010W-D61S - BK Denim Stone","description":"Orslow is on Rendez-Vous Store. This Orslow - UNISEX PANTS 01-1010W-D61S - BK Denim Stone is part of the Japanese brand founded by Ichiro Nakutsu in 2005.","robots":{"index":"index","follow":"follow","max-snippet":"max-snippet:-1","max-image-preview":"max-image-preview:large","max-video-preview":"max-video-preview:-1"},"canonical":"https:\/\/rendez-vous-store.com\/fr\/shop\/men-selection-discover-our-selection-rendez-vous-store\/trousers-shorts-rendez-vous-store\/orslow-unisex-101-dads-fit-denim-pant-01-1010w-d61s-black-denim-stone\/","og_locale":"fr_FR","og_type":"article","og_title":"Orslow - UNISEX PANTS 01-1010W-D61S - BK Denim Stone","og_description":"Orslow is on Rendez-Vous Store. This Orslow - UNISEX PANTS 01-1010W-D61S - BK Denim Stone is part of the Japanese brand founded by Ichiro Nakutsu in 2005.","og_url":"https:\/\/rendez-vous-store.com\/fr\/shop\/men-selection-discover-our-selection-rendez-vous-store\/trousers-shorts-rendez-vous-store\/orslow-unisex-101-dads-fit-denim-pant-01-1010w-d61s-black-denim-stone\/","og_site_name":"RENDEZ-VOUS STORE","article_modified_time":"2026-04-29T09:01:29+00:00","og_image":[{"width":1696,"height":2560,"url":"https:\/\/rendez-vous-store.com\/app\/uploads\/2025\/10\/rdv_orslow_38-1-scaled.webp","type":"image\/webp"}],"twitter_card":"summary_large_image","twitter_misc":{"Est. reading time":"3 minutes"},"schema":{"@context":"https:\/\/schema.org","@graph":[{"@type":"WebPage","@id":"https:\/\/rendez-vous-store.com\/shop\/men-selection-discover-our-selection-rendez-vous-store\/trousers-shorts-rendez-vous-store\/orslow-unisex-101-dads-fit-denim-pant-01-1010w-d61s-black-denim-stone\/","url":"https:\/\/rendez-vous-store.com\/shop\/men-selection-discover-our-selection-rendez-vous-store\/trousers-shorts-rendez-vous-store\/orslow-unisex-101-dads-fit-denim-pant-01-1010w-d61s-black-denim-stone\/","name":"Orslow - UNISEX PANTS 01-1010W-D61S - BK Denim Stone","isPartOf":{"@id":"https:\/\/rendez-vous-store.com\/#website"},"primaryImageOfPage":{"@id":"https:\/\/rendez-vous-store.com\/shop\/men-selection-discover-our-selection-rendez-vous-store\/trousers-shorts-rendez-vous-store\/orslow-unisex-101-dads-fit-denim-pant-01-1010w-d61s-black-denim-stone\/#primaryimage"},"image":{"@id":"https:\/\/rendez-vous-store.com\/shop\/men-selection-discover-our-selection-rendez-vous-store\/trousers-shorts-rendez-vous-store\/orslow-unisex-101-dads-fit-denim-pant-01-1010w-d61s-black-denim-stone\/#primaryimage"},"thumbnailUrl":"https:\/\/rendez-vous-store.com\/app\/uploads\/2025\/10\/rdv_orslow_38-1-scaled.webp","datePublished":"2025-10-01T08:32:25+00:00","dateModified":"2026-04-29T09:01:29+00:00","description":"Orslow is on Rendez-Vous Store. This Orslow - UNISEX PANTS 01-1010W-D61S - BK Denim Stone is part of the Japanese brand founded by Ichiro Nakutsu in 2005.","breadcrumb":{"@id":"https:\/\/rendez-vous-store.com\/shop\/men-selection-discover-our-selection-rendez-vous-store\/trousers-shorts-rendez-vous-store\/orslow-unisex-101-dads-fit-denim-pant-01-1010w-d61s-black-denim-stone\/#breadcrumb"},"inLanguage":"fr-FR","potentialAction":[{"@type":"ReadAction","target":["https:\/\/rendez-vous-store.com\/shop\/men-selection-discover-our-selection-rendez-vous-store\/trousers-shorts-rendez-vous-store\/orslow-unisex-101-dads-fit-denim-pant-01-1010w-d61s-black-denim-stone\/"]}]},{"@type":"ImageObject","inLanguage":"fr-FR","@id":"https:\/\/rendez-vous-store.com\/shop\/men-selection-discover-our-selection-rendez-vous-store\/trousers-shorts-rendez-vous-store\/orslow-unisex-101-dads-fit-denim-pant-01-1010w-d61s-black-denim-stone\/#primaryimage","url":"https:\/\/rendez-vous-store.com\/app\/uploads\/2025\/10\/rdv_orslow_38-1-scaled.webp","contentUrl":"https:\/\/rendez-vous-store.com\/app\/uploads\/2025\/10\/rdv_orslow_38-1-scaled.webp","width":1696,"height":2560,"caption":"Orslow - UNISEX 101 DAD'S FIT DENIM PANT 01-1010W-D61S - Black Denim Stone"},{"@type":"BreadcrumbList","@id":"https:\/\/rendez-vous-store.com\/shop\/men-selection-discover-our-selection-rendez-vous-store\/trousers-shorts-rendez-vous-store\/orslow-unisex-101-dads-fit-denim-pant-01-1010w-d61s-black-denim-stone\/#breadcrumb","itemListElement":[{"@type":"ListItem","position":1,"name":"Home","item":"https:\/\/rendez-vous-store.com\/"},{"@type":"ListItem","position":2,"name":"Shop","item":"https:\/\/www.rendez-vous-store.com\/shop\/"},{"@type":"ListItem","position":3,"name":"Orslow &#8211; UNISEX 101 DAD&#8217;S FIT DENIM PANT 01-1010W-D61S &#8211; Black Denim Stone"}]},{"@type":"WebSite","@id":"https:\/\/rendez-vous-store.com\/#website","url":"https:\/\/rendez-vous-store.com\/","name":"RENDEZ-VOUS STORE","description":"Slow Fashion for Women and Men","potentialAction":[{"@type":"SearchAction","target":{"@type":"EntryPoint","urlTemplate":"https:\/\/rendez-vous-store.com\/?s={search_term_string}"},"query-input":{"@type":"PropertyValueSpecification","valueRequired":true,"valueName":"search_term_string"}}],"inLanguage":"fr-FR"}]}},"_links":{"self":[{"href":"https:\/\/rendez-vous-store.com\/fr\/wp-json\/wp\/v2\/product\/217592","targetHints":{"allow":["GET"]}}],"collection":[{"href":"https:\/\/rendez-vous-store.com\/fr\/wp-json\/wp\/v2\/product"}],"about":[{"href":"https:\/\/rendez-vous-store.com\/fr\/wp-json\/wp\/v2\/types\/product"}],"wp:featuredmedia":[{"embeddable":true,"href":"https:\/\/rendez-vous-store.com\/fr\/wp-json\/wp\/v2\/media\/246908"}],"wp:attachment":[{"href":"https:\/\/rendez-vous-store.com\/fr\/wp-json\/wp\/v2\/media?parent=217592"}],"wp:term":[{"taxonomy":"product_brand","embeddable":true,"href":"https:\/\/rendez-vous-store.com\/fr\/wp-json\/wp\/v2\/product_brand?post=217592"},{"taxonomy":"product_cat","embeddable":true,"href":"https:\/\/rendez-vous-store.com\/fr\/wp-json\/wp\/v2\/product_cat?post=217592"},{"taxonomy":"product_tag","embeddable":true,"href":"https:\/\/rendez-vous-store.com\/fr\/wp-json\/wp\/v2\/product_tag?post=217592"}],"curies":[{"name":"wp","href":"https:\/\/api.w.org\/{rel}","templated":true}]}}