{"id":217581,"date":"2025-10-01T10:32:18","date_gmt":"2025-10-01T08:32:18","guid":{"rendered":"https:\/\/rendez-vous-store.com\/?post_type=product&#038;p=217581"},"modified":"2026-03-16T19:28:46","modified_gmt":"2026-03-16T18:28:46","slug":"orslow-unisex-pants-01-1021-r61-black-rendez-vous-store","status":"publish","type":"product","link":"https:\/\/rendez-vous-store.com\/fr\/shop\/unisex-rendez-vous-store\/orslow-unisex-pants-01-1021-r61-black-rendez-vous-store\/","title":{"rendered":"Orslow &#8211; UNISEX PANTS 01-1021-R61 &#8211; Black"},"content":{"rendered":"<p><strong>Orslow UNISEX PANTS 01-1021-R61 Black<\/strong><\/p>\n<p>Couleur : Noir<\/p>\n<p>Coupe d\u00e9contract\u00e9e<\/p>\n<p>Elasticated waistband with drawcord<\/p>\n<p>Two front slant pockets<\/p>\n<p>Single rear jetted pocket<\/p>\n<p>Braguette zipp\u00e9e<\/p>\n<p>Composition : 100% Coton<\/p>\n<p>Fabriqu\u00e9 au Japon<\/p>\n<p>&nbsp;<\/p>\n<p><strong>Les mesures :\u00a0<\/strong><\/p>\n<p>Size S: Waist: 36cm, Hip: 62cm, Thigh: 34cm, Inseam: 72cm, Length: 103cm<\/p>\n<p>Size M: Waist: 38cm, Hip: 64cm, Thigh: 35cm, Inseam: 73cm, Length: 105cm<\/p>\n<p>Size L: Waist: 40cm, Hip: 65cm, Thigh: 36cm, Inseam: 75cm, Length: 106cm<\/p>\n<p>&nbsp;<\/p>\n<p>&nbsp;<\/p>\n<p>&nbsp;<\/p>\n<p>&nbsp;<\/p>\n<p>&nbsp;<\/p>\n<p><strong>La marque\u00a0<\/strong><\/p>\n<p>Orslow est une marque bas\u00e9e \u00e0 Hyogo, au Japon, depuis 2005, qui propose des v\u00eatements de style militaire et de travail, modernes et design. Elle est l'\u0153uvre d'un collectionneur nomm\u00e9 Ichiro Nakutsu. Pour lui, chaque v\u00eatement doit \u00eatre con\u00e7u dans un souci de long\u00e9vit\u00e9 et de qualit\u00e9.<\/p>\n<p>Orslow est r\u00e9put\u00e9 pour la qualit\u00e9 authentique de son denim, fabriqu\u00e9 au Japon sur de vieilles machines. Les v\u00eatements sont con\u00e7us pour r\u00e9sister aux rigueurs de la vie contemporaine.<\/p>","protected":false},"excerpt":{"rendered":"<p>Orslow UNISEX PANTS 01-1021-R61 Black Color: Black Relaxed fit Elasticated waistband with drawcord Two front slant pockets Single rear jetted pocket Zip fly Composition: 100% Cotton Made in Japan &nbsp; The measurements:\u00a0 Size S: Waist: 36cm, Hip: 62cm, Thigh: 34cm, Inseam: 72cm, Length: 103cm Size M: Waist: 38cm, Hip: 64cm, Thigh: 35cm, Inseam: 73cm, Length:&hellip; <a class=\"more-link\" href=\"https:\/\/rendez-vous-store.com\/fr\/shop\/unisex-rendez-vous-store\/orslow-unisex-pants-01-1021-r61-black-rendez-vous-store\/\">Continuer la lecture <span class=\"screen-reader-text\">Orslow &#8211; UNISEX PANTS 01-1021-R61 &#8211; Black<\/span><\/a><\/p>","protected":false},"featured_media":217751,"template":"","meta":{"_acf_changed":false},"product_brand":[],"product_cat":[1304],"product_tag":[678],"class_list":{"0":"post-217581","1":"product","2":"type-product","3":"status-publish","4":"has-post-thumbnail","6":"product_cat-unisex-rendez-vous-store","7":"product_tag-orslow","8":"entry","10":"first","11":"instock","12":"taxable","13":"shipping-taxable","14":"purchasable","15":"product-type-variable"},"acf":[],"yoast_head":"<!-- This site is optimized with the Yoast SEO plugin v24.9 - https:\/\/yoast.com\/wordpress\/plugins\/seo\/ -->\n<title>Orslow UNISEX PANTS 01-1021-R61 Black<\/title>\n<meta name=\"description\" content=\"Orslow is on Rendez-Vous Store. This Orslow - UNISEX PANTS 01-1021-R61 - Black is part of the Japanese brand founded by Ichiro Nakutsu in 2005.\" \/>\n<meta name=\"robots\" content=\"index, follow, max-snippet:-1, max-image-preview:large, max-video-preview:-1\" \/>\n<link rel=\"canonical\" href=\"https:\/\/rendez-vous-store.com\/fr\/shop\/unisex-rendez-vous-store\/orslow-unisex-pants-01-1021-r61-black-rendez-vous-store\/\" \/>\n<meta property=\"og:locale\" content=\"fr_FR\" \/>\n<meta property=\"og:type\" content=\"article\" \/>\n<meta property=\"og:title\" content=\"Orslow UNISEX PANTS 01-1021-R61 Black\" \/>\n<meta property=\"og:description\" content=\"Orslow is on Rendez-Vous Store. This Orslow - UNISEX PANTS 01-1021-R61 - Black is part of the Japanese brand founded by Ichiro Nakutsu in 2005.\" \/>\n<meta property=\"og:url\" content=\"https:\/\/rendez-vous-store.com\/fr\/shop\/unisex-rendez-vous-store\/orslow-unisex-pants-01-1021-r61-black-rendez-vous-store\/\" \/>\n<meta property=\"og:site_name\" content=\"RENDEZ-VOUS STORE\" \/>\n<meta property=\"article:modified_time\" content=\"2026-03-16T18:28:46+00:00\" \/>\n<meta property=\"og:image\" content=\"https:\/\/rendez-vous-store.com\/app\/uploads\/2025\/10\/IMG_9130-min-scaled.webp\" \/>\n\t<meta property=\"og:image:width\" content=\"1707\" \/>\n\t<meta property=\"og:image:height\" content=\"2560\" \/>\n\t<meta property=\"og:image:type\" content=\"image\/webp\" \/>\n<meta name=\"twitter:card\" content=\"summary_large_image\" \/>\n<meta name=\"twitter:label1\" content=\"Est. reading time\" \/>\n\t<meta name=\"twitter:data1\" content=\"1 minute\" \/>\n<script type=\"application\/ld+json\" class=\"yoast-schema-graph\">{\"@context\":\"https:\/\/schema.org\",\"@graph\":[{\"@type\":\"WebPage\",\"@id\":\"https:\/\/rendez-vous-store.com\/shop\/unisex-rendez-vous-store\/orslow-unisex-pants-01-1021-r61-black-rendez-vous-store\/\",\"url\":\"https:\/\/rendez-vous-store.com\/shop\/unisex-rendez-vous-store\/orslow-unisex-pants-01-1021-r61-black-rendez-vous-store\/\",\"name\":\"Orslow UNISEX PANTS 01-1021-R61 Black\",\"isPartOf\":{\"@id\":\"https:\/\/rendez-vous-store.com\/#website\"},\"primaryImageOfPage\":{\"@id\":\"https:\/\/rendez-vous-store.com\/shop\/unisex-rendez-vous-store\/orslow-unisex-pants-01-1021-r61-black-rendez-vous-store\/#primaryimage\"},\"image\":{\"@id\":\"https:\/\/rendez-vous-store.com\/shop\/unisex-rendez-vous-store\/orslow-unisex-pants-01-1021-r61-black-rendez-vous-store\/#primaryimage\"},\"thumbnailUrl\":\"https:\/\/rendez-vous-store.com\/app\/uploads\/2025\/10\/IMG_9130-min-scaled.webp\",\"datePublished\":\"2025-10-01T08:32:18+00:00\",\"dateModified\":\"2026-03-16T18:28:46+00:00\",\"description\":\"Orslow is on Rendez-Vous Store. This Orslow - UNISEX PANTS 01-1021-R61 - Black is part of the Japanese brand founded by Ichiro Nakutsu in 2005.\",\"breadcrumb\":{\"@id\":\"https:\/\/rendez-vous-store.com\/shop\/unisex-rendez-vous-store\/orslow-unisex-pants-01-1021-r61-black-rendez-vous-store\/#breadcrumb\"},\"inLanguage\":\"fr-FR\",\"potentialAction\":[{\"@type\":\"ReadAction\",\"target\":[\"https:\/\/rendez-vous-store.com\/shop\/unisex-rendez-vous-store\/orslow-unisex-pants-01-1021-r61-black-rendez-vous-store\/\"]}]},{\"@type\":\"ImageObject\",\"inLanguage\":\"fr-FR\",\"@id\":\"https:\/\/rendez-vous-store.com\/shop\/unisex-rendez-vous-store\/orslow-unisex-pants-01-1021-r61-black-rendez-vous-store\/#primaryimage\",\"url\":\"https:\/\/rendez-vous-store.com\/app\/uploads\/2025\/10\/IMG_9130-min-scaled.webp\",\"contentUrl\":\"https:\/\/rendez-vous-store.com\/app\/uploads\/2025\/10\/IMG_9130-min-scaled.webp\",\"width\":1707,\"height\":2560},{\"@type\":\"BreadcrumbList\",\"@id\":\"https:\/\/rendez-vous-store.com\/shop\/unisex-rendez-vous-store\/orslow-unisex-pants-01-1021-r61-black-rendez-vous-store\/#breadcrumb\",\"itemListElement\":[{\"@type\":\"ListItem\",\"position\":1,\"name\":\"Home\",\"item\":\"https:\/\/rendez-vous-store.com\/\"},{\"@type\":\"ListItem\",\"position\":2,\"name\":\"Shop\",\"item\":\"https:\/\/www.rendez-vous-store.com\/shop\/\"},{\"@type\":\"ListItem\",\"position\":3,\"name\":\"Orslow &#8211; UNISEX PANTS 01-1021-R61 &#8211; Black\"}]},{\"@type\":\"WebSite\",\"@id\":\"https:\/\/rendez-vous-store.com\/#website\",\"url\":\"https:\/\/rendez-vous-store.com\/\",\"name\":\"RENDEZ-VOUS STORE\",\"description\":\"Slow Fashion for Women and Men\",\"potentialAction\":[{\"@type\":\"SearchAction\",\"target\":{\"@type\":\"EntryPoint\",\"urlTemplate\":\"https:\/\/rendez-vous-store.com\/?s={search_term_string}\"},\"query-input\":{\"@type\":\"PropertyValueSpecification\",\"valueRequired\":true,\"valueName\":\"search_term_string\"}}],\"inLanguage\":\"fr-FR\"}]}<\/script>\n<!-- \/ Yoast SEO plugin. -->","yoast_head_json":{"title":"Orslow UNISEX PANTS 01-1021-R61 Black","description":"Orslow is on Rendez-Vous Store. This Orslow - UNISEX PANTS 01-1021-R61 - Black is part of the Japanese brand founded by Ichiro Nakutsu in 2005.","robots":{"index":"index","follow":"follow","max-snippet":"max-snippet:-1","max-image-preview":"max-image-preview:large","max-video-preview":"max-video-preview:-1"},"canonical":"https:\/\/rendez-vous-store.com\/fr\/shop\/unisex-rendez-vous-store\/orslow-unisex-pants-01-1021-r61-black-rendez-vous-store\/","og_locale":"fr_FR","og_type":"article","og_title":"Orslow UNISEX PANTS 01-1021-R61 Black","og_description":"Orslow is on Rendez-Vous Store. This Orslow - UNISEX PANTS 01-1021-R61 - Black is part of the Japanese brand founded by Ichiro Nakutsu in 2005.","og_url":"https:\/\/rendez-vous-store.com\/fr\/shop\/unisex-rendez-vous-store\/orslow-unisex-pants-01-1021-r61-black-rendez-vous-store\/","og_site_name":"RENDEZ-VOUS STORE","article_modified_time":"2026-03-16T18:28:46+00:00","og_image":[{"width":1707,"height":2560,"url":"https:\/\/rendez-vous-store.com\/app\/uploads\/2025\/10\/IMG_9130-min-scaled.webp","type":"image\/webp"}],"twitter_card":"summary_large_image","twitter_misc":{"Est. reading time":"1 minute"},"schema":{"@context":"https:\/\/schema.org","@graph":[{"@type":"WebPage","@id":"https:\/\/rendez-vous-store.com\/shop\/unisex-rendez-vous-store\/orslow-unisex-pants-01-1021-r61-black-rendez-vous-store\/","url":"https:\/\/rendez-vous-store.com\/shop\/unisex-rendez-vous-store\/orslow-unisex-pants-01-1021-r61-black-rendez-vous-store\/","name":"Orslow UNISEX PANTS 01-1021-R61 Black","isPartOf":{"@id":"https:\/\/rendez-vous-store.com\/#website"},"primaryImageOfPage":{"@id":"https:\/\/rendez-vous-store.com\/shop\/unisex-rendez-vous-store\/orslow-unisex-pants-01-1021-r61-black-rendez-vous-store\/#primaryimage"},"image":{"@id":"https:\/\/rendez-vous-store.com\/shop\/unisex-rendez-vous-store\/orslow-unisex-pants-01-1021-r61-black-rendez-vous-store\/#primaryimage"},"thumbnailUrl":"https:\/\/rendez-vous-store.com\/app\/uploads\/2025\/10\/IMG_9130-min-scaled.webp","datePublished":"2025-10-01T08:32:18+00:00","dateModified":"2026-03-16T18:28:46+00:00","description":"Orslow is on Rendez-Vous Store. This Orslow - UNISEX PANTS 01-1021-R61 - Black is part of the Japanese brand founded by Ichiro Nakutsu in 2005.","breadcrumb":{"@id":"https:\/\/rendez-vous-store.com\/shop\/unisex-rendez-vous-store\/orslow-unisex-pants-01-1021-r61-black-rendez-vous-store\/#breadcrumb"},"inLanguage":"fr-FR","potentialAction":[{"@type":"ReadAction","target":["https:\/\/rendez-vous-store.com\/shop\/unisex-rendez-vous-store\/orslow-unisex-pants-01-1021-r61-black-rendez-vous-store\/"]}]},{"@type":"ImageObject","inLanguage":"fr-FR","@id":"https:\/\/rendez-vous-store.com\/shop\/unisex-rendez-vous-store\/orslow-unisex-pants-01-1021-r61-black-rendez-vous-store\/#primaryimage","url":"https:\/\/rendez-vous-store.com\/app\/uploads\/2025\/10\/IMG_9130-min-scaled.webp","contentUrl":"https:\/\/rendez-vous-store.com\/app\/uploads\/2025\/10\/IMG_9130-min-scaled.webp","width":1707,"height":2560},{"@type":"BreadcrumbList","@id":"https:\/\/rendez-vous-store.com\/shop\/unisex-rendez-vous-store\/orslow-unisex-pants-01-1021-r61-black-rendez-vous-store\/#breadcrumb","itemListElement":[{"@type":"ListItem","position":1,"name":"Home","item":"https:\/\/rendez-vous-store.com\/"},{"@type":"ListItem","position":2,"name":"Shop","item":"https:\/\/www.rendez-vous-store.com\/shop\/"},{"@type":"ListItem","position":3,"name":"Orslow &#8211; UNISEX PANTS 01-1021-R61 &#8211; Black"}]},{"@type":"WebSite","@id":"https:\/\/rendez-vous-store.com\/#website","url":"https:\/\/rendez-vous-store.com\/","name":"RENDEZ-VOUS STORE","description":"Slow Fashion for Women and Men","potentialAction":[{"@type":"SearchAction","target":{"@type":"EntryPoint","urlTemplate":"https:\/\/rendez-vous-store.com\/?s={search_term_string}"},"query-input":{"@type":"PropertyValueSpecification","valueRequired":true,"valueName":"search_term_string"}}],"inLanguage":"fr-FR"}]}},"_links":{"self":[{"href":"https:\/\/rendez-vous-store.com\/fr\/wp-json\/wp\/v2\/product\/217581","targetHints":{"allow":["GET"]}}],"collection":[{"href":"https:\/\/rendez-vous-store.com\/fr\/wp-json\/wp\/v2\/product"}],"about":[{"href":"https:\/\/rendez-vous-store.com\/fr\/wp-json\/wp\/v2\/types\/product"}],"wp:featuredmedia":[{"embeddable":true,"href":"https:\/\/rendez-vous-store.com\/fr\/wp-json\/wp\/v2\/media\/217751"}],"wp:attachment":[{"href":"https:\/\/rendez-vous-store.com\/fr\/wp-json\/wp\/v2\/media?parent=217581"}],"wp:term":[{"taxonomy":"product_brand","embeddable":true,"href":"https:\/\/rendez-vous-store.com\/fr\/wp-json\/wp\/v2\/product_brand?post=217581"},{"taxonomy":"product_cat","embeddable":true,"href":"https:\/\/rendez-vous-store.com\/fr\/wp-json\/wp\/v2\/product_cat?post=217581"},{"taxonomy":"product_tag","embeddable":true,"href":"https:\/\/rendez-vous-store.com\/fr\/wp-json\/wp\/v2\/product_tag?post=217581"}],"curies":[{"name":"wp","href":"https:\/\/api.w.org\/{rel}","templated":true}]}}