{"id":217387,"date":"2025-09-30T16:25:38","date_gmt":"2025-09-30T14:25:38","guid":{"rendered":"https:\/\/rendez-vous-store.com\/?post_type=product&#038;p=217387"},"modified":"2026-03-16T19:29:37","modified_gmt":"2026-03-16T18:29:37","slug":"village-1-30-pm-shoes-grey-natural-black","status":"publish","type":"product","link":"https:\/\/rendez-vous-store.com\/fr\/shop\/rdvs-selection-discover-our-current-selection-rendez-vous-store\/rdvs-selection-men-rendez-vous-store-rendez-vous-store\/village-1-30-pm-shoes-grey-natural-black\/","title":{"rendered":"VILLAGE \u2013 13h00 Chaussures \u2013 Gris\/Noir Naturel"},"content":{"rendered":"<p><strong>VILLAGE \u2013 13h00 Chaussures \u2013 Gris\/Noir Naturel<\/strong><\/p>\n<p>Couleur : Noir et Gris<\/p>\n<p>Technologie des gants en caoutchouc<\/p>\n<p>Bande de caoutchouc d'escalade<\/p>\n<p>Ajustement asym\u00e9trique pr\u00e9cis<\/p>\n<p>La\u00e7age complet pour un soutien optimal<\/p>\n<p>Bride de talon pour un enfilage et un retrait faciles<\/p>\n<p>Semelle interm\u00e9diaire EVA int\u00e9gr\u00e9e<\/p>\n<p>Semelle ext\u00e9rieure en caoutchouc durable<\/p>\n<p>Fabriqu\u00e9 en France<\/p>\n<p>&nbsp;<\/p>\n<p>&nbsp;<\/p>\n<p>&nbsp;<\/p>\n<p>&nbsp;<\/p>\n<p>&nbsp;<\/p>\n<p>&nbsp;<\/p>\n<p><strong>La marque<\/strong><\/p>\n<p>La marque associe un design fonctionnel avant-gardiste \u00e0 une esth\u00e9tique audacieuse pour cr\u00e9er des chaussures qui r\u00e9pondent aux exigences du skateboard moderne.<br \/>\nDans les Alpes fran\u00e7aises, All Triangles red\u00e9finit depuis longtemps les chaussures d'ext\u00e9rieur gr\u00e2ce \u00e0 une concentration constante sur l'adh\u00e9rence, l'absorption des chocs et la durabilit\u00e9.<br \/>\nCette expertise a donn\u00e9 naissance \u00e0 Village PM, une chaussure de skate haute performance con\u00e7ue sans compromis pour les skateurs qui repoussent les limites. La construction Rubber Glove ancre l'innovation, fusionnant flexibilit\u00e9, confort et protection en un syst\u00e8me structurel sans couture. Elle combine les forces des constructions vulcanis\u00e9es, cupsoles et embouts de protection tout en \u00e9liminant leurs faiblesses.<br \/>\nL'ajustement pr\u00e9cis asym\u00e9trique refl\u00e8te l'asym\u00e9trie naturelle du pied, enveloppant les orteils pour garantir un contr\u00f4le et une pr\u00e9cision in\u00e9gal\u00e9s.<br \/>\nCe design offre la confiance et la pr\u00e9cision dont les patineurs ont besoin pour performer \u00e0 leur plus haut niveau.<br \/>\nVillage \u00e9merge comme une nouvelle voix dans les chaussures de skate : durables, innovantes et cr\u00e9\u00e9es pour ceux qui repoussent les limites au quotidien.<\/p>","protected":false},"excerpt":{"rendered":"<p>VILLAGE &#8211; 1.30 PM Shoes &#8211; Grey\/ Natural Black Color: Black and Grey Rubber glove technology Climber rubber strip Precise asymmetrical fit Full lacing for optimal support Heel pull tabs for easy on\/off Integrated EVA midsole Durable rubber outsole Made in France &nbsp; &nbsp; &nbsp; &nbsp; &nbsp; &nbsp; The brand The brand blends forward-thinking functional&hellip; <a class=\"more-link\" href=\"https:\/\/rendez-vous-store.com\/fr\/shop\/rdvs-selection-discover-our-current-selection-rendez-vous-store\/rdvs-selection-men-rendez-vous-store-rendez-vous-store\/village-1-30-pm-shoes-grey-natural-black\/\">Continuer la lecture <span class=\"screen-reader-text\">VILLAGE \u2013 13h00 Chaussures \u2013 Gris\/Noir Naturel<\/span><\/a><\/p>","protected":false},"featured_media":219051,"template":"","meta":{"_acf_changed":false},"product_brand":[],"product_cat":[302,20,181],"product_tag":[1453],"class_list":{"0":"post-217387","1":"product","2":"type-product","3":"status-publish","4":"has-post-thumbnail","6":"product_cat-rdvs-selection-men-rendez-vous-store-rendez-vous-store","7":"product_cat-men-selection-discover-our-selection-rendez-vous-store","8":"product_cat-shoes-men-rendez-vous-store","9":"product_tag-village","10":"entry","12":"first","13":"instock","14":"taxable","15":"shipping-taxable","16":"purchasable","17":"product-type-variable","18":"has-default-attributes"},"acf":[],"yoast_head":"<!-- This site is optimized with the Yoast SEO plugin v24.9 - https:\/\/yoast.com\/wordpress\/plugins\/seo\/ -->\n<title>VILLAGE 1.30 PM Shoes Grey\/ Natural Black<\/title>\n<meta name=\"description\" content=\"This VILLAGE - 1.30 PM Shoes - Grey\/ Natural Black combines forward-thinking functional design with inspiration drawn from new aesthetics.\" \/>\n<meta name=\"robots\" content=\"index, follow, max-snippet:-1, max-image-preview:large, max-video-preview:-1\" \/>\n<link rel=\"canonical\" href=\"https:\/\/rendez-vous-store.com\/fr\/shop\/rdvs-selection-discover-our-current-selection-rendez-vous-store\/rdvs-selection-men-rendez-vous-store-rendez-vous-store\/village-1-30-pm-shoes-grey-natural-black\/\" \/>\n<meta property=\"og:locale\" content=\"fr_FR\" \/>\n<meta property=\"og:type\" content=\"article\" \/>\n<meta property=\"og:title\" content=\"VILLAGE 1.30 PM Shoes Grey\/ Natural Black\" \/>\n<meta property=\"og:description\" content=\"This VILLAGE - 1.30 PM Shoes - Grey\/ Natural Black combines forward-thinking functional design with inspiration drawn from new aesthetics.\" \/>\n<meta property=\"og:url\" content=\"https:\/\/rendez-vous-store.com\/fr\/shop\/rdvs-selection-discover-our-current-selection-rendez-vous-store\/rdvs-selection-men-rendez-vous-store-rendez-vous-store\/village-1-30-pm-shoes-grey-natural-black\/\" \/>\n<meta property=\"og:site_name\" content=\"RENDEZ-VOUS STORE\" \/>\n<meta property=\"article:modified_time\" content=\"2026-03-16T18:29:37+00:00\" \/>\n<meta property=\"og:image\" content=\"https:\/\/rendez-vous-store.com\/app\/uploads\/2025\/09\/IMG_9651-min-scaled.webp\" \/>\n\t<meta property=\"og:image:width\" content=\"1707\" \/>\n\t<meta property=\"og:image:height\" content=\"2560\" \/>\n\t<meta property=\"og:image:type\" content=\"image\/webp\" \/>\n<meta name=\"twitter:card\" content=\"summary_large_image\" \/>\n<meta name=\"twitter:label1\" content=\"Est. reading time\" \/>\n\t<meta name=\"twitter:data1\" content=\"1 minute\" \/>\n<script type=\"application\/ld+json\" class=\"yoast-schema-graph\">{\"@context\":\"https:\/\/schema.org\",\"@graph\":[{\"@type\":\"WebPage\",\"@id\":\"https:\/\/rendez-vous-store.com\/shop\/rdvs-selection-discover-our-current-selection-rendez-vous-store\/rdvs-selection-men-rendez-vous-store-rendez-vous-store\/village-1-30-pm-shoes-grey-natural-black\/\",\"url\":\"https:\/\/rendez-vous-store.com\/shop\/rdvs-selection-discover-our-current-selection-rendez-vous-store\/rdvs-selection-men-rendez-vous-store-rendez-vous-store\/village-1-30-pm-shoes-grey-natural-black\/\",\"name\":\"VILLAGE 1.30 PM Shoes Grey\/ Natural Black\",\"isPartOf\":{\"@id\":\"https:\/\/rendez-vous-store.com\/#website\"},\"primaryImageOfPage\":{\"@id\":\"https:\/\/rendez-vous-store.com\/shop\/rdvs-selection-discover-our-current-selection-rendez-vous-store\/rdvs-selection-men-rendez-vous-store-rendez-vous-store\/village-1-30-pm-shoes-grey-natural-black\/#primaryimage\"},\"image\":{\"@id\":\"https:\/\/rendez-vous-store.com\/shop\/rdvs-selection-discover-our-current-selection-rendez-vous-store\/rdvs-selection-men-rendez-vous-store-rendez-vous-store\/village-1-30-pm-shoes-grey-natural-black\/#primaryimage\"},\"thumbnailUrl\":\"https:\/\/rendez-vous-store.com\/app\/uploads\/2025\/09\/IMG_9651-min-scaled.webp\",\"datePublished\":\"2025-09-30T14:25:38+00:00\",\"dateModified\":\"2026-03-16T18:29:37+00:00\",\"description\":\"This VILLAGE - 1.30 PM Shoes - Grey\/ Natural Black combines forward-thinking functional design with inspiration drawn from new aesthetics.\",\"breadcrumb\":{\"@id\":\"https:\/\/rendez-vous-store.com\/shop\/rdvs-selection-discover-our-current-selection-rendez-vous-store\/rdvs-selection-men-rendez-vous-store-rendez-vous-store\/village-1-30-pm-shoes-grey-natural-black\/#breadcrumb\"},\"inLanguage\":\"fr-FR\",\"potentialAction\":[{\"@type\":\"ReadAction\",\"target\":[\"https:\/\/rendez-vous-store.com\/shop\/rdvs-selection-discover-our-current-selection-rendez-vous-store\/rdvs-selection-men-rendez-vous-store-rendez-vous-store\/village-1-30-pm-shoes-grey-natural-black\/\"]}]},{\"@type\":\"ImageObject\",\"inLanguage\":\"fr-FR\",\"@id\":\"https:\/\/rendez-vous-store.com\/shop\/rdvs-selection-discover-our-current-selection-rendez-vous-store\/rdvs-selection-men-rendez-vous-store-rendez-vous-store\/village-1-30-pm-shoes-grey-natural-black\/#primaryimage\",\"url\":\"https:\/\/rendez-vous-store.com\/app\/uploads\/2025\/09\/IMG_9651-min-scaled.webp\",\"contentUrl\":\"https:\/\/rendez-vous-store.com\/app\/uploads\/2025\/09\/IMG_9651-min-scaled.webp\",\"width\":1707,\"height\":2560},{\"@type\":\"BreadcrumbList\",\"@id\":\"https:\/\/rendez-vous-store.com\/shop\/rdvs-selection-discover-our-current-selection-rendez-vous-store\/rdvs-selection-men-rendez-vous-store-rendez-vous-store\/village-1-30-pm-shoes-grey-natural-black\/#breadcrumb\",\"itemListElement\":[{\"@type\":\"ListItem\",\"position\":1,\"name\":\"Home\",\"item\":\"https:\/\/rendez-vous-store.com\/\"},{\"@type\":\"ListItem\",\"position\":2,\"name\":\"Shop\",\"item\":\"https:\/\/www.rendez-vous-store.com\/shop\/\"},{\"@type\":\"ListItem\",\"position\":3,\"name\":\"VILLAGE &#8211; 1.30 PM Shoes &#8211; Grey\/ Natural Black\"}]},{\"@type\":\"WebSite\",\"@id\":\"https:\/\/rendez-vous-store.com\/#website\",\"url\":\"https:\/\/rendez-vous-store.com\/\",\"name\":\"RENDEZ-VOUS STORE\",\"description\":\"Slow Fashion for Women and Men\",\"potentialAction\":[{\"@type\":\"SearchAction\",\"target\":{\"@type\":\"EntryPoint\",\"urlTemplate\":\"https:\/\/rendez-vous-store.com\/?s={search_term_string}\"},\"query-input\":{\"@type\":\"PropertyValueSpecification\",\"valueRequired\":true,\"valueName\":\"search_term_string\"}}],\"inLanguage\":\"fr-FR\"}]}<\/script>\n<!-- \/ Yoast SEO plugin. -->","yoast_head_json":{"title":"VILLAGE 1.30 PM Shoes Grey\/ Natural Black","description":"This VILLAGE - 1.30 PM Shoes - Grey\/ Natural Black combines forward-thinking functional design with inspiration drawn from new aesthetics.","robots":{"index":"index","follow":"follow","max-snippet":"max-snippet:-1","max-image-preview":"max-image-preview:large","max-video-preview":"max-video-preview:-1"},"canonical":"https:\/\/rendez-vous-store.com\/fr\/shop\/rdvs-selection-discover-our-current-selection-rendez-vous-store\/rdvs-selection-men-rendez-vous-store-rendez-vous-store\/village-1-30-pm-shoes-grey-natural-black\/","og_locale":"fr_FR","og_type":"article","og_title":"VILLAGE 1.30 PM Shoes Grey\/ Natural Black","og_description":"This VILLAGE - 1.30 PM Shoes - Grey\/ Natural Black combines forward-thinking functional design with inspiration drawn from new aesthetics.","og_url":"https:\/\/rendez-vous-store.com\/fr\/shop\/rdvs-selection-discover-our-current-selection-rendez-vous-store\/rdvs-selection-men-rendez-vous-store-rendez-vous-store\/village-1-30-pm-shoes-grey-natural-black\/","og_site_name":"RENDEZ-VOUS STORE","article_modified_time":"2026-03-16T18:29:37+00:00","og_image":[{"width":1707,"height":2560,"url":"https:\/\/rendez-vous-store.com\/app\/uploads\/2025\/09\/IMG_9651-min-scaled.webp","type":"image\/webp"}],"twitter_card":"summary_large_image","twitter_misc":{"Est. reading time":"1 minute"},"schema":{"@context":"https:\/\/schema.org","@graph":[{"@type":"WebPage","@id":"https:\/\/rendez-vous-store.com\/shop\/rdvs-selection-discover-our-current-selection-rendez-vous-store\/rdvs-selection-men-rendez-vous-store-rendez-vous-store\/village-1-30-pm-shoes-grey-natural-black\/","url":"https:\/\/rendez-vous-store.com\/shop\/rdvs-selection-discover-our-current-selection-rendez-vous-store\/rdvs-selection-men-rendez-vous-store-rendez-vous-store\/village-1-30-pm-shoes-grey-natural-black\/","name":"VILLAGE 1.30 PM Shoes Grey\/ Natural Black","isPartOf":{"@id":"https:\/\/rendez-vous-store.com\/#website"},"primaryImageOfPage":{"@id":"https:\/\/rendez-vous-store.com\/shop\/rdvs-selection-discover-our-current-selection-rendez-vous-store\/rdvs-selection-men-rendez-vous-store-rendez-vous-store\/village-1-30-pm-shoes-grey-natural-black\/#primaryimage"},"image":{"@id":"https:\/\/rendez-vous-store.com\/shop\/rdvs-selection-discover-our-current-selection-rendez-vous-store\/rdvs-selection-men-rendez-vous-store-rendez-vous-store\/village-1-30-pm-shoes-grey-natural-black\/#primaryimage"},"thumbnailUrl":"https:\/\/rendez-vous-store.com\/app\/uploads\/2025\/09\/IMG_9651-min-scaled.webp","datePublished":"2025-09-30T14:25:38+00:00","dateModified":"2026-03-16T18:29:37+00:00","description":"This VILLAGE - 1.30 PM Shoes - Grey\/ Natural Black combines forward-thinking functional design with inspiration drawn from new aesthetics.","breadcrumb":{"@id":"https:\/\/rendez-vous-store.com\/shop\/rdvs-selection-discover-our-current-selection-rendez-vous-store\/rdvs-selection-men-rendez-vous-store-rendez-vous-store\/village-1-30-pm-shoes-grey-natural-black\/#breadcrumb"},"inLanguage":"fr-FR","potentialAction":[{"@type":"ReadAction","target":["https:\/\/rendez-vous-store.com\/shop\/rdvs-selection-discover-our-current-selection-rendez-vous-store\/rdvs-selection-men-rendez-vous-store-rendez-vous-store\/village-1-30-pm-shoes-grey-natural-black\/"]}]},{"@type":"ImageObject","inLanguage":"fr-FR","@id":"https:\/\/rendez-vous-store.com\/shop\/rdvs-selection-discover-our-current-selection-rendez-vous-store\/rdvs-selection-men-rendez-vous-store-rendez-vous-store\/village-1-30-pm-shoes-grey-natural-black\/#primaryimage","url":"https:\/\/rendez-vous-store.com\/app\/uploads\/2025\/09\/IMG_9651-min-scaled.webp","contentUrl":"https:\/\/rendez-vous-store.com\/app\/uploads\/2025\/09\/IMG_9651-min-scaled.webp","width":1707,"height":2560},{"@type":"BreadcrumbList","@id":"https:\/\/rendez-vous-store.com\/shop\/rdvs-selection-discover-our-current-selection-rendez-vous-store\/rdvs-selection-men-rendez-vous-store-rendez-vous-store\/village-1-30-pm-shoes-grey-natural-black\/#breadcrumb","itemListElement":[{"@type":"ListItem","position":1,"name":"Home","item":"https:\/\/rendez-vous-store.com\/"},{"@type":"ListItem","position":2,"name":"Shop","item":"https:\/\/www.rendez-vous-store.com\/shop\/"},{"@type":"ListItem","position":3,"name":"VILLAGE &#8211; 1.30 PM Shoes &#8211; Grey\/ Natural Black"}]},{"@type":"WebSite","@id":"https:\/\/rendez-vous-store.com\/#website","url":"https:\/\/rendez-vous-store.com\/","name":"RENDEZ-VOUS STORE","description":"Slow Fashion for Women and Men","potentialAction":[{"@type":"SearchAction","target":{"@type":"EntryPoint","urlTemplate":"https:\/\/rendez-vous-store.com\/?s={search_term_string}"},"query-input":{"@type":"PropertyValueSpecification","valueRequired":true,"valueName":"search_term_string"}}],"inLanguage":"fr-FR"}]}},"_links":{"self":[{"href":"https:\/\/rendez-vous-store.com\/fr\/wp-json\/wp\/v2\/product\/217387","targetHints":{"allow":["GET"]}}],"collection":[{"href":"https:\/\/rendez-vous-store.com\/fr\/wp-json\/wp\/v2\/product"}],"about":[{"href":"https:\/\/rendez-vous-store.com\/fr\/wp-json\/wp\/v2\/types\/product"}],"wp:featuredmedia":[{"embeddable":true,"href":"https:\/\/rendez-vous-store.com\/fr\/wp-json\/wp\/v2\/media\/219051"}],"wp:attachment":[{"href":"https:\/\/rendez-vous-store.com\/fr\/wp-json\/wp\/v2\/media?parent=217387"}],"wp:term":[{"taxonomy":"product_brand","embeddable":true,"href":"https:\/\/rendez-vous-store.com\/fr\/wp-json\/wp\/v2\/product_brand?post=217387"},{"taxonomy":"product_cat","embeddable":true,"href":"https:\/\/rendez-vous-store.com\/fr\/wp-json\/wp\/v2\/product_cat?post=217387"},{"taxonomy":"product_tag","embeddable":true,"href":"https:\/\/rendez-vous-store.com\/fr\/wp-json\/wp\/v2\/product_tag?post=217387"}],"curies":[{"name":"wp","href":"https:\/\/api.w.org\/{rel}","templated":true}]}}