{"id":217301,"date":"2025-09-30T15:27:55","date_gmt":"2025-09-30T13:27:55","guid":{"rendered":"https:\/\/rendez-vous-store.com\/?post_type=product&#038;p=217301"},"modified":"2026-04-24T16:28:12","modified_gmt":"2026-04-24T14:28:12","slug":"aton-men-mercerized-cotton-silk-padded-balmacaan-coat-camel-rendez-vous-store","status":"publish","type":"product","link":"https:\/\/rendez-vous-store.com\/fr\/shop\/men-selection-discover-our-selection-rendez-vous-store\/jackets-coats-discover-our-selection\/aton-men-mercerized-cotton-silk-padded-balmacaan-coat-camel-rendez-vous-store\/","title":{"rendered":"ATON \u2013 MANTEAU BALMACAAN REMBOURR\u00c9 EN COTON MERCERIS\u00c9 ET SOIE \u2013 CAMEL"},"content":{"rendered":"<p><strong>ATON MANTEAU BALMACAAN REMBOURR\u00c9 EN COTON MERCERIS\u00c9 ET SOIE CAMEL<\/strong><\/p>\n<p>Couleur : Camel<\/p>\n<p>Silhouette ample en A<\/p>\n<p>Silhouette tridimensionnelle<\/p>\n<p>Deux poches sur les coutures lat\u00e9rales<\/p>\n<p>Manches longues<\/p>\n<p>Fermeture par bouton<\/p>\n<p>Composition: 100% Coton \/ Doublure: 50% Soie, 50% Polyester<\/p>\n<p>Fabriqu\u00e9 au Japon<\/p>\n<p>&nbsp;<\/p>\n<p>&nbsp;<\/p>\n<p>&nbsp;<\/p>\n<p>&nbsp;<\/p>\n<p>&nbsp;<\/p>\n<p><strong>La marque<\/strong><\/p>\n<p>ATON est une marque japonaise fond\u00e9e en 2016 par Yasuharu Kuzaki, qui se concentre sur la simplicit\u00e9 raffin\u00e9e et le design utile.<\/p>\n<p>Au Japon, des artisans qualifi\u00e9s confectionnent chaque v\u00eatement \u00e0 la main en utilisant des mati\u00e8res de premi\u00e8re qualit\u00e9 comme le cachemire lav\u00e9, le coton, la soie, la laine et le lin. Les teintes naturelles, obtenues gr\u00e2ce \u00e0 des techniques de teinture traditionnelles, soulignent l'attachement de la marque \u00e0 une \u00e9l\u00e9gance discr\u00e8te.<\/p>\n<p>Yasuharu Kuzaki teste les prototypes pendant un an pour garantir la durabilit\u00e9, le confort et une qualit\u00e9 in\u00e9gal\u00e9e. Ce processus m\u00e9ticuleux permet de cr\u00e9er des v\u00eatements intemporels, pr\u00eats \u00e0 porter, pour des personnes m\u00fbres et s\u00fbres d'elles.<\/p>\n<p>ATON cr\u00e9e des v\u00eatements qui transcendent les tendances et c\u00e9l\u00e8brent la simplicit\u00e9 avec conviction, en proposant des articles de base intemporels pour chaque saison et chaque occasion.<\/p>","protected":false},"excerpt":{"rendered":"<p>ATON MEN MERCERIZED COTTON SILK PADDED BALMACAAN COAT CAMEL Color: Camel Loose A-line silhouette Three-dimensional silhouette Two side seam pockets Long sleeves Button closure Composition: 100% Cotton \/ Padded: 50% Silk, 50% Polyester Made in Japan &nbsp; &nbsp; &nbsp; &nbsp; &nbsp; The brand ATON is a Japanese brand founded in 2016 by Yasuharu Kuzaki, focusing&hellip; <a class=\"more-link\" href=\"https:\/\/rendez-vous-store.com\/fr\/shop\/men-selection-discover-our-selection-rendez-vous-store\/jackets-coats-discover-our-selection\/aton-men-mercerized-cotton-silk-padded-balmacaan-coat-camel-rendez-vous-store\/\">Continuer la lecture <span class=\"screen-reader-text\">ATON \u2013 MANTEAU BALMACAAN REMBOURR\u00c9 EN COTON MERCERIS\u00c9 ET SOIE \u2013 CAMEL<\/span><\/a><\/p>","protected":false},"featured_media":219120,"template":"","meta":{"_acf_changed":false},"product_brand":[],"product_cat":[20,53],"product_tag":[1347],"class_list":{"0":"post-217301","1":"product","2":"type-product","3":"status-publish","4":"has-post-thumbnail","6":"product_cat-men-selection-discover-our-selection-rendez-vous-store","7":"product_cat-jackets-coats-discover-our-selection","8":"product_tag-aton","9":"entry","11":"first","12":"outofstock","13":"taxable","14":"shipping-taxable","15":"product-type-variable"},"acf":[],"yoast_head":"<!-- This site is optimized with the Yoast SEO plugin v24.9 - https:\/\/yoast.com\/wordpress\/plugins\/seo\/ -->\n<title>ATON MERCERIZED COTTON SILK PADDED BALMACAAN COAT CAMEL<\/title>\n<meta name=\"description\" content=\"This ATON - MEN MERCERIZED COTTON SILK PADDED BALMACAAN COAT - CAMEL combines timeless style with modern craftsmanship, offering comfort and durability.\" \/>\n<meta name=\"robots\" content=\"index, follow, max-snippet:-1, max-image-preview:large, max-video-preview:-1\" \/>\n<link rel=\"canonical\" href=\"https:\/\/rendez-vous-store.com\/fr\/shop\/men-selection-discover-our-selection-rendez-vous-store\/jackets-coats-discover-our-selection\/aton-men-mercerized-cotton-silk-padded-balmacaan-coat-camel-rendez-vous-store\/\" \/>\n<meta property=\"og:locale\" content=\"fr_FR\" \/>\n<meta property=\"og:type\" content=\"article\" \/>\n<meta property=\"og:title\" content=\"ATON MERCERIZED COTTON SILK PADDED BALMACAAN COAT CAMEL\" \/>\n<meta property=\"og:description\" content=\"This ATON - MEN MERCERIZED COTTON SILK PADDED BALMACAAN COAT - CAMEL combines timeless style with modern craftsmanship, offering comfort and durability.\" \/>\n<meta property=\"og:url\" content=\"https:\/\/rendez-vous-store.com\/fr\/shop\/men-selection-discover-our-selection-rendez-vous-store\/jackets-coats-discover-our-selection\/aton-men-mercerized-cotton-silk-padded-balmacaan-coat-camel-rendez-vous-store\/\" \/>\n<meta property=\"og:site_name\" content=\"RENDEZ-VOUS STORE\" \/>\n<meta property=\"article:modified_time\" content=\"2026-04-24T14:28:12+00:00\" \/>\n<meta property=\"og:image\" content=\"https:\/\/rendez-vous-store.com\/app\/uploads\/2025\/09\/164.webp\" \/>\n\t<meta property=\"og:image:width\" content=\"1696\" \/>\n\t<meta property=\"og:image:height\" content=\"2560\" \/>\n\t<meta property=\"og:image:type\" content=\"image\/webp\" \/>\n<meta name=\"twitter:card\" content=\"summary_large_image\" \/>\n<meta name=\"twitter:label1\" content=\"Est. reading time\" \/>\n\t<meta name=\"twitter:data1\" content=\"1 minute\" \/>\n<script type=\"application\/ld+json\" class=\"yoast-schema-graph\">{\"@context\":\"https:\/\/schema.org\",\"@graph\":[{\"@type\":\"WebPage\",\"@id\":\"https:\/\/rendez-vous-store.com\/shop\/men-selection-discover-our-selection-rendez-vous-store\/jackets-coats-discover-our-selection\/aton-men-mercerized-cotton-silk-padded-balmacaan-coat-camel-rendez-vous-store\/\",\"url\":\"https:\/\/rendez-vous-store.com\/shop\/men-selection-discover-our-selection-rendez-vous-store\/jackets-coats-discover-our-selection\/aton-men-mercerized-cotton-silk-padded-balmacaan-coat-camel-rendez-vous-store\/\",\"name\":\"ATON MERCERIZED COTTON SILK PADDED BALMACAAN COAT CAMEL\",\"isPartOf\":{\"@id\":\"https:\/\/rendez-vous-store.com\/#website\"},\"primaryImageOfPage\":{\"@id\":\"https:\/\/rendez-vous-store.com\/shop\/men-selection-discover-our-selection-rendez-vous-store\/jackets-coats-discover-our-selection\/aton-men-mercerized-cotton-silk-padded-balmacaan-coat-camel-rendez-vous-store\/#primaryimage\"},\"image\":{\"@id\":\"https:\/\/rendez-vous-store.com\/shop\/men-selection-discover-our-selection-rendez-vous-store\/jackets-coats-discover-our-selection\/aton-men-mercerized-cotton-silk-padded-balmacaan-coat-camel-rendez-vous-store\/#primaryimage\"},\"thumbnailUrl\":\"https:\/\/rendez-vous-store.com\/app\/uploads\/2025\/09\/164.webp\",\"datePublished\":\"2025-09-30T13:27:55+00:00\",\"dateModified\":\"2026-04-24T14:28:12+00:00\",\"description\":\"This ATON - MEN MERCERIZED COTTON SILK PADDED BALMACAAN COAT - CAMEL combines timeless style with modern craftsmanship, offering comfort and durability.\",\"breadcrumb\":{\"@id\":\"https:\/\/rendez-vous-store.com\/shop\/men-selection-discover-our-selection-rendez-vous-store\/jackets-coats-discover-our-selection\/aton-men-mercerized-cotton-silk-padded-balmacaan-coat-camel-rendez-vous-store\/#breadcrumb\"},\"inLanguage\":\"fr-FR\",\"potentialAction\":[{\"@type\":\"ReadAction\",\"target\":[\"https:\/\/rendez-vous-store.com\/shop\/men-selection-discover-our-selection-rendez-vous-store\/jackets-coats-discover-our-selection\/aton-men-mercerized-cotton-silk-padded-balmacaan-coat-camel-rendez-vous-store\/\"]}]},{\"@type\":\"ImageObject\",\"inLanguage\":\"fr-FR\",\"@id\":\"https:\/\/rendez-vous-store.com\/shop\/men-selection-discover-our-selection-rendez-vous-store\/jackets-coats-discover-our-selection\/aton-men-mercerized-cotton-silk-padded-balmacaan-coat-camel-rendez-vous-store\/#primaryimage\",\"url\":\"https:\/\/rendez-vous-store.com\/app\/uploads\/2025\/09\/164.webp\",\"contentUrl\":\"https:\/\/rendez-vous-store.com\/app\/uploads\/2025\/09\/164.webp\",\"width\":1696,\"height\":2560},{\"@type\":\"BreadcrumbList\",\"@id\":\"https:\/\/rendez-vous-store.com\/shop\/men-selection-discover-our-selection-rendez-vous-store\/jackets-coats-discover-our-selection\/aton-men-mercerized-cotton-silk-padded-balmacaan-coat-camel-rendez-vous-store\/#breadcrumb\",\"itemListElement\":[{\"@type\":\"ListItem\",\"position\":1,\"name\":\"Home\",\"item\":\"https:\/\/rendez-vous-store.com\/\"},{\"@type\":\"ListItem\",\"position\":2,\"name\":\"Shop\",\"item\":\"https:\/\/www.rendez-vous-store.com\/shop\/\"},{\"@type\":\"ListItem\",\"position\":3,\"name\":\"ATON &#8211; MEN MERCERIZED COTTON SILK PADDED BALMACAAN COAT &#8211; CAMEL\"}]},{\"@type\":\"WebSite\",\"@id\":\"https:\/\/rendez-vous-store.com\/#website\",\"url\":\"https:\/\/rendez-vous-store.com\/\",\"name\":\"RENDEZ-VOUS STORE\",\"description\":\"Slow Fashion for Women and Men\",\"potentialAction\":[{\"@type\":\"SearchAction\",\"target\":{\"@type\":\"EntryPoint\",\"urlTemplate\":\"https:\/\/rendez-vous-store.com\/?s={search_term_string}\"},\"query-input\":{\"@type\":\"PropertyValueSpecification\",\"valueRequired\":true,\"valueName\":\"search_term_string\"}}],\"inLanguage\":\"fr-FR\"}]}<\/script>\n<!-- \/ Yoast SEO plugin. -->","yoast_head_json":{"title":"ATON MERCERIZED COTTON SILK PADDED BALMACAAN COAT CAMEL","description":"This ATON - MEN MERCERIZED COTTON SILK PADDED BALMACAAN COAT - CAMEL combines timeless style with modern craftsmanship, offering comfort and durability.","robots":{"index":"index","follow":"follow","max-snippet":"max-snippet:-1","max-image-preview":"max-image-preview:large","max-video-preview":"max-video-preview:-1"},"canonical":"https:\/\/rendez-vous-store.com\/fr\/shop\/men-selection-discover-our-selection-rendez-vous-store\/jackets-coats-discover-our-selection\/aton-men-mercerized-cotton-silk-padded-balmacaan-coat-camel-rendez-vous-store\/","og_locale":"fr_FR","og_type":"article","og_title":"ATON MERCERIZED COTTON SILK PADDED BALMACAAN COAT CAMEL","og_description":"This ATON - MEN MERCERIZED COTTON SILK PADDED BALMACAAN COAT - CAMEL combines timeless style with modern craftsmanship, offering comfort and durability.","og_url":"https:\/\/rendez-vous-store.com\/fr\/shop\/men-selection-discover-our-selection-rendez-vous-store\/jackets-coats-discover-our-selection\/aton-men-mercerized-cotton-silk-padded-balmacaan-coat-camel-rendez-vous-store\/","og_site_name":"RENDEZ-VOUS STORE","article_modified_time":"2026-04-24T14:28:12+00:00","og_image":[{"width":1696,"height":2560,"url":"https:\/\/rendez-vous-store.com\/app\/uploads\/2025\/09\/164.webp","type":"image\/webp"}],"twitter_card":"summary_large_image","twitter_misc":{"Est. reading time":"1 minute"},"schema":{"@context":"https:\/\/schema.org","@graph":[{"@type":"WebPage","@id":"https:\/\/rendez-vous-store.com\/shop\/men-selection-discover-our-selection-rendez-vous-store\/jackets-coats-discover-our-selection\/aton-men-mercerized-cotton-silk-padded-balmacaan-coat-camel-rendez-vous-store\/","url":"https:\/\/rendez-vous-store.com\/shop\/men-selection-discover-our-selection-rendez-vous-store\/jackets-coats-discover-our-selection\/aton-men-mercerized-cotton-silk-padded-balmacaan-coat-camel-rendez-vous-store\/","name":"ATON MERCERIZED COTTON SILK PADDED BALMACAAN COAT CAMEL","isPartOf":{"@id":"https:\/\/rendez-vous-store.com\/#website"},"primaryImageOfPage":{"@id":"https:\/\/rendez-vous-store.com\/shop\/men-selection-discover-our-selection-rendez-vous-store\/jackets-coats-discover-our-selection\/aton-men-mercerized-cotton-silk-padded-balmacaan-coat-camel-rendez-vous-store\/#primaryimage"},"image":{"@id":"https:\/\/rendez-vous-store.com\/shop\/men-selection-discover-our-selection-rendez-vous-store\/jackets-coats-discover-our-selection\/aton-men-mercerized-cotton-silk-padded-balmacaan-coat-camel-rendez-vous-store\/#primaryimage"},"thumbnailUrl":"https:\/\/rendez-vous-store.com\/app\/uploads\/2025\/09\/164.webp","datePublished":"2025-09-30T13:27:55+00:00","dateModified":"2026-04-24T14:28:12+00:00","description":"This ATON - MEN MERCERIZED COTTON SILK PADDED BALMACAAN COAT - CAMEL combines timeless style with modern craftsmanship, offering comfort and durability.","breadcrumb":{"@id":"https:\/\/rendez-vous-store.com\/shop\/men-selection-discover-our-selection-rendez-vous-store\/jackets-coats-discover-our-selection\/aton-men-mercerized-cotton-silk-padded-balmacaan-coat-camel-rendez-vous-store\/#breadcrumb"},"inLanguage":"fr-FR","potentialAction":[{"@type":"ReadAction","target":["https:\/\/rendez-vous-store.com\/shop\/men-selection-discover-our-selection-rendez-vous-store\/jackets-coats-discover-our-selection\/aton-men-mercerized-cotton-silk-padded-balmacaan-coat-camel-rendez-vous-store\/"]}]},{"@type":"ImageObject","inLanguage":"fr-FR","@id":"https:\/\/rendez-vous-store.com\/shop\/men-selection-discover-our-selection-rendez-vous-store\/jackets-coats-discover-our-selection\/aton-men-mercerized-cotton-silk-padded-balmacaan-coat-camel-rendez-vous-store\/#primaryimage","url":"https:\/\/rendez-vous-store.com\/app\/uploads\/2025\/09\/164.webp","contentUrl":"https:\/\/rendez-vous-store.com\/app\/uploads\/2025\/09\/164.webp","width":1696,"height":2560},{"@type":"BreadcrumbList","@id":"https:\/\/rendez-vous-store.com\/shop\/men-selection-discover-our-selection-rendez-vous-store\/jackets-coats-discover-our-selection\/aton-men-mercerized-cotton-silk-padded-balmacaan-coat-camel-rendez-vous-store\/#breadcrumb","itemListElement":[{"@type":"ListItem","position":1,"name":"Home","item":"https:\/\/rendez-vous-store.com\/"},{"@type":"ListItem","position":2,"name":"Shop","item":"https:\/\/www.rendez-vous-store.com\/shop\/"},{"@type":"ListItem","position":3,"name":"ATON &#8211; MEN MERCERIZED COTTON SILK PADDED BALMACAAN COAT &#8211; CAMEL"}]},{"@type":"WebSite","@id":"https:\/\/rendez-vous-store.com\/#website","url":"https:\/\/rendez-vous-store.com\/","name":"RENDEZ-VOUS STORE","description":"Slow Fashion for Women and Men","potentialAction":[{"@type":"SearchAction","target":{"@type":"EntryPoint","urlTemplate":"https:\/\/rendez-vous-store.com\/?s={search_term_string}"},"query-input":{"@type":"PropertyValueSpecification","valueRequired":true,"valueName":"search_term_string"}}],"inLanguage":"fr-FR"}]}},"_links":{"self":[{"href":"https:\/\/rendez-vous-store.com\/fr\/wp-json\/wp\/v2\/product\/217301","targetHints":{"allow":["GET"]}}],"collection":[{"href":"https:\/\/rendez-vous-store.com\/fr\/wp-json\/wp\/v2\/product"}],"about":[{"href":"https:\/\/rendez-vous-store.com\/fr\/wp-json\/wp\/v2\/types\/product"}],"wp:featuredmedia":[{"embeddable":true,"href":"https:\/\/rendez-vous-store.com\/fr\/wp-json\/wp\/v2\/media\/219120"}],"wp:attachment":[{"href":"https:\/\/rendez-vous-store.com\/fr\/wp-json\/wp\/v2\/media?parent=217301"}],"wp:term":[{"taxonomy":"product_brand","embeddable":true,"href":"https:\/\/rendez-vous-store.com\/fr\/wp-json\/wp\/v2\/product_brand?post=217301"},{"taxonomy":"product_cat","embeddable":true,"href":"https:\/\/rendez-vous-store.com\/fr\/wp-json\/wp\/v2\/product_cat?post=217301"},{"taxonomy":"product_tag","embeddable":true,"href":"https:\/\/rendez-vous-store.com\/fr\/wp-json\/wp\/v2\/product_tag?post=217301"}],"curies":[{"name":"wp","href":"https:\/\/api.w.org\/{rel}","templated":true}]}}