{"id":215721,"date":"2025-09-24T14:55:30","date_gmt":"2025-09-24T12:55:30","guid":{"rendered":"https:\/\/rendez-vous-store.com\/?post_type=product&#038;p=215721"},"modified":"2026-03-16T19:01:27","modified_gmt":"2026-03-16T18:01:27","slug":"comme-des-garcons-homme-mens-pants-hp-p012-w25-dark-brown-rendez-vous-store","status":"publish","type":"product","link":"https:\/\/rendez-vous-store.com\/fr\/shop\/special-offer-men-rendez-vous-store\/men-trousers-special-offer-rendez-vous-store\/comme-des-garcons-homme-mens-pants-hp-p012-w25-dark-brown-rendez-vous-store\/","title":{"rendered":"Comme Des Gar\u00e7ons Homme \u2013 PANTALON HOMME HP-P012-W25 \u2013 MARRON FONC\u00c9"},"content":{"rendered":"<p><strong>Comme Des Gar\u00e7ons Homme PANTALON HOMME HP-P012-W25 MARRON FONC\u00c9<\/strong><\/p>\n<p>Couleur : marron fonc\u00e9<\/p>\n<p>Coupe d\u00e9contract\u00e9e<\/p>\n<p>Passant de ceinture<\/p>\n<p>Jambes larges<\/p>\n<p>Taille \u00e9lastique<\/p>\n<p>Poches sur les coutures lat\u00e9rales<\/p>\n<p>Deux poches arri\u00e8re<\/p>\n<p>Composition : 100% Coton<\/p>\n<p>Fabriqu\u00e9 au Japon<\/p>\n<p>&nbsp;<\/p>\n<p><strong>Les mesures :\u00a0<\/strong><\/p>\n<p>Taille L : Tour de taille : 40 cm, Tour de hanches : 66 cm, Tour de cuisse : 40 cm, Entrejambe : 63 cm, Longueur : 108 cm<\/p>\n<p>&nbsp;<\/p>\n<p>&nbsp;<\/p>\n<p>&nbsp;<\/p>\n<p><strong>La marque<\/strong><\/p>\n<p>Fond\u00e9e en 1978, Comme des Gar\u00e7ons Homme r\u00e9interpr\u00e8te les classiques de la mode masculine avec une approche intellectuelle et avant-gardiste. Fid\u00e8le \u00e0 son h\u00e9ritage de v\u00eatements de travail d'inspiration occidentale, la marque insuffle une nouvelle \u00e9nergie aux essentiels de la garde-robe gr\u00e2ce \u00e0 des textures uniques, des constructions pr\u00e9cises et des ornements artistiques. Son style patchwork caract\u00e9ristique, ses d\u00e9tails audacieux tels qu'une chemise ray\u00e9e classique r\u00e9invent\u00e9e avec une d\u00e9coupe en diamant et son engagement envers l'artisanat font de Comme des Gar\u00e7ons Homme une r\u00e9f\u00e9rence o\u00f9 l'innovation transcende les tendances.<\/p>","protected":false},"excerpt":{"rendered":"<p>Comme Des Gar\u00e7ons Homme MEN&#8217;S PANTS HP-P012-W25 DARK BROWN Color: Dark Brown Relaxed fit Belt loop Wide legs Elasticated waistband Side seam pockets Two back pockets Composition: 100% Cotton Made in Japan &nbsp; The measurements:\u00a0 Size L: Waist: 40cm, Hip: 66cm, Thigh: 40cm, Inseam: 63cm, Length: 108cm &nbsp; &nbsp; &nbsp; The Brand Founded in 1978,&hellip; <a class=\"more-link\" href=\"https:\/\/rendez-vous-store.com\/fr\/shop\/special-offer-men-rendez-vous-store\/men-trousers-special-offer-rendez-vous-store\/comme-des-garcons-homme-mens-pants-hp-p012-w25-dark-brown-rendez-vous-store\/\">Continuer la lecture <span class=\"screen-reader-text\">Comme Des Gar\u00e7ons Homme \u2013 PANTALON HOMME HP-P012-W25 \u2013 MARRON FONC\u00c9<\/span><\/a><\/p>","protected":false},"featured_media":217254,"template":"","meta":{"_acf_changed":false},"product_brand":[],"product_cat":[1292,1350,1359,20,73],"product_tag":[1418],"class_list":{"0":"post-215721","1":"product","2":"type-product","3":"status-publish","4":"has-post-thumbnail","6":"product_cat-1292","7":"product_cat-special-offer-men-rendez-vous-store","8":"product_cat-men-trousers-special-offer-rendez-vous-store","9":"product_cat-men-selection-discover-our-selection-rendez-vous-store","10":"product_cat-trousers-shorts-rendez-vous-store","11":"product_tag-comme-des-garcons-homme","12":"entry","14":"first","15":"outofstock","16":"taxable","17":"shipping-taxable","18":"product-type-variable"},"acf":[],"yoast_head":"<!-- This site is optimized with the Yoast SEO plugin v24.9 - https:\/\/yoast.com\/wordpress\/plugins\/seo\/ -->\n<title>Comme Des Gar\u00e7ons Homme MEN&#039;S PANTS HP-P012-W25 DARK BROWN<\/title>\n<meta name=\"description\" content=\"This Comme Des Gar\u00e7ons Homme MEN&#039;S PANTS HP-P012-W25 DARK BROWN reinterprets classic menswear with an intellectual and avant-garde approach.\" \/>\n<meta name=\"robots\" content=\"index, follow, max-snippet:-1, max-image-preview:large, max-video-preview:-1\" \/>\n<link rel=\"canonical\" href=\"https:\/\/rendez-vous-store.com\/fr\/shop\/special-offer-men-rendez-vous-store\/men-trousers-special-offer-rendez-vous-store\/comme-des-garcons-homme-mens-pants-hp-p012-w25-dark-brown-rendez-vous-store\/\" \/>\n<meta property=\"og:locale\" content=\"fr_FR\" \/>\n<meta property=\"og:type\" content=\"article\" \/>\n<meta property=\"og:title\" content=\"Comme Des Gar\u00e7ons Homme MEN&#039;S PANTS HP-P012-W25 DARK BROWN\" \/>\n<meta property=\"og:description\" content=\"This Comme Des Gar\u00e7ons Homme MEN&#039;S PANTS HP-P012-W25 DARK BROWN reinterprets classic menswear with an intellectual and avant-garde approach.\" \/>\n<meta property=\"og:url\" content=\"https:\/\/rendez-vous-store.com\/fr\/shop\/special-offer-men-rendez-vous-store\/men-trousers-special-offer-rendez-vous-store\/comme-des-garcons-homme-mens-pants-hp-p012-w25-dark-brown-rendez-vous-store\/\" \/>\n<meta property=\"og:site_name\" content=\"RENDEZ-VOUS STORE\" \/>\n<meta property=\"article:modified_time\" content=\"2026-03-16T18:01:27+00:00\" \/>\n<meta property=\"og:image\" content=\"https:\/\/rendez-vous-store.com\/app\/uploads\/2025\/09\/IMG_9022-min-scaled.webp\" \/>\n\t<meta property=\"og:image:width\" content=\"1707\" \/>\n\t<meta property=\"og:image:height\" content=\"2560\" \/>\n\t<meta property=\"og:image:type\" content=\"image\/webp\" \/>\n<meta name=\"twitter:card\" content=\"summary_large_image\" \/>\n<meta name=\"twitter:label1\" content=\"Est. reading time\" \/>\n\t<meta name=\"twitter:data1\" content=\"1 minute\" \/>\n<script type=\"application\/ld+json\" class=\"yoast-schema-graph\">{\"@context\":\"https:\/\/schema.org\",\"@graph\":[{\"@type\":\"WebPage\",\"@id\":\"https:\/\/rendez-vous-store.com\/shop\/special-offer-men-rendez-vous-store\/men-trousers-special-offer-rendez-vous-store\/comme-des-garcons-homme-mens-pants-hp-p012-w25-dark-brown-rendez-vous-store\/\",\"url\":\"https:\/\/rendez-vous-store.com\/shop\/special-offer-men-rendez-vous-store\/men-trousers-special-offer-rendez-vous-store\/comme-des-garcons-homme-mens-pants-hp-p012-w25-dark-brown-rendez-vous-store\/\",\"name\":\"Comme Des Gar\u00e7ons Homme MEN'S PANTS HP-P012-W25 DARK BROWN\",\"isPartOf\":{\"@id\":\"https:\/\/rendez-vous-store.com\/#website\"},\"primaryImageOfPage\":{\"@id\":\"https:\/\/rendez-vous-store.com\/shop\/special-offer-men-rendez-vous-store\/men-trousers-special-offer-rendez-vous-store\/comme-des-garcons-homme-mens-pants-hp-p012-w25-dark-brown-rendez-vous-store\/#primaryimage\"},\"image\":{\"@id\":\"https:\/\/rendez-vous-store.com\/shop\/special-offer-men-rendez-vous-store\/men-trousers-special-offer-rendez-vous-store\/comme-des-garcons-homme-mens-pants-hp-p012-w25-dark-brown-rendez-vous-store\/#primaryimage\"},\"thumbnailUrl\":\"https:\/\/rendez-vous-store.com\/app\/uploads\/2025\/09\/IMG_9022-min-scaled.webp\",\"datePublished\":\"2025-09-24T12:55:30+00:00\",\"dateModified\":\"2026-03-16T18:01:27+00:00\",\"description\":\"This Comme Des Gar\u00e7ons Homme MEN'S PANTS HP-P012-W25 DARK BROWN reinterprets classic menswear with an intellectual and avant-garde approach.\",\"breadcrumb\":{\"@id\":\"https:\/\/rendez-vous-store.com\/shop\/special-offer-men-rendez-vous-store\/men-trousers-special-offer-rendez-vous-store\/comme-des-garcons-homme-mens-pants-hp-p012-w25-dark-brown-rendez-vous-store\/#breadcrumb\"},\"inLanguage\":\"fr-FR\",\"potentialAction\":[{\"@type\":\"ReadAction\",\"target\":[\"https:\/\/rendez-vous-store.com\/shop\/special-offer-men-rendez-vous-store\/men-trousers-special-offer-rendez-vous-store\/comme-des-garcons-homme-mens-pants-hp-p012-w25-dark-brown-rendez-vous-store\/\"]}]},{\"@type\":\"ImageObject\",\"inLanguage\":\"fr-FR\",\"@id\":\"https:\/\/rendez-vous-store.com\/shop\/special-offer-men-rendez-vous-store\/men-trousers-special-offer-rendez-vous-store\/comme-des-garcons-homme-mens-pants-hp-p012-w25-dark-brown-rendez-vous-store\/#primaryimage\",\"url\":\"https:\/\/rendez-vous-store.com\/app\/uploads\/2025\/09\/IMG_9022-min-scaled.webp\",\"contentUrl\":\"https:\/\/rendez-vous-store.com\/app\/uploads\/2025\/09\/IMG_9022-min-scaled.webp\",\"width\":1707,\"height\":2560},{\"@type\":\"BreadcrumbList\",\"@id\":\"https:\/\/rendez-vous-store.com\/shop\/special-offer-men-rendez-vous-store\/men-trousers-special-offer-rendez-vous-store\/comme-des-garcons-homme-mens-pants-hp-p012-w25-dark-brown-rendez-vous-store\/#breadcrumb\",\"itemListElement\":[{\"@type\":\"ListItem\",\"position\":1,\"name\":\"Home\",\"item\":\"https:\/\/rendez-vous-store.com\/\"},{\"@type\":\"ListItem\",\"position\":2,\"name\":\"Shop\",\"item\":\"https:\/\/www.rendez-vous-store.com\/shop\/\"},{\"@type\":\"ListItem\",\"position\":3,\"name\":\"Comme Des Gar\u00e7ons Homme &#8211; MEN&#8217;S PANTS HP-P012-W25 &#8211; DARK BROWN\"}]},{\"@type\":\"WebSite\",\"@id\":\"https:\/\/rendez-vous-store.com\/#website\",\"url\":\"https:\/\/rendez-vous-store.com\/\",\"name\":\"RENDEZ-VOUS STORE\",\"description\":\"Slow Fashion for Women and Men\",\"potentialAction\":[{\"@type\":\"SearchAction\",\"target\":{\"@type\":\"EntryPoint\",\"urlTemplate\":\"https:\/\/rendez-vous-store.com\/?s={search_term_string}\"},\"query-input\":{\"@type\":\"PropertyValueSpecification\",\"valueRequired\":true,\"valueName\":\"search_term_string\"}}],\"inLanguage\":\"fr-FR\"}]}<\/script>\n<!-- \/ Yoast SEO plugin. -->","yoast_head_json":{"title":"Comme Des Gar\u00e7ons Homme MEN'S PANTS HP-P012-W25 DARK BROWN","description":"This Comme Des Gar\u00e7ons Homme MEN'S PANTS HP-P012-W25 DARK BROWN reinterprets classic menswear with an intellectual and avant-garde approach.","robots":{"index":"index","follow":"follow","max-snippet":"max-snippet:-1","max-image-preview":"max-image-preview:large","max-video-preview":"max-video-preview:-1"},"canonical":"https:\/\/rendez-vous-store.com\/fr\/shop\/special-offer-men-rendez-vous-store\/men-trousers-special-offer-rendez-vous-store\/comme-des-garcons-homme-mens-pants-hp-p012-w25-dark-brown-rendez-vous-store\/","og_locale":"fr_FR","og_type":"article","og_title":"Comme Des Gar\u00e7ons Homme MEN'S PANTS HP-P012-W25 DARK BROWN","og_description":"This Comme Des Gar\u00e7ons Homme MEN'S PANTS HP-P012-W25 DARK BROWN reinterprets classic menswear with an intellectual and avant-garde approach.","og_url":"https:\/\/rendez-vous-store.com\/fr\/shop\/special-offer-men-rendez-vous-store\/men-trousers-special-offer-rendez-vous-store\/comme-des-garcons-homme-mens-pants-hp-p012-w25-dark-brown-rendez-vous-store\/","og_site_name":"RENDEZ-VOUS STORE","article_modified_time":"2026-03-16T18:01:27+00:00","og_image":[{"width":1707,"height":2560,"url":"https:\/\/rendez-vous-store.com\/app\/uploads\/2025\/09\/IMG_9022-min-scaled.webp","type":"image\/webp"}],"twitter_card":"summary_large_image","twitter_misc":{"Est. reading time":"1 minute"},"schema":{"@context":"https:\/\/schema.org","@graph":[{"@type":"WebPage","@id":"https:\/\/rendez-vous-store.com\/shop\/special-offer-men-rendez-vous-store\/men-trousers-special-offer-rendez-vous-store\/comme-des-garcons-homme-mens-pants-hp-p012-w25-dark-brown-rendez-vous-store\/","url":"https:\/\/rendez-vous-store.com\/shop\/special-offer-men-rendez-vous-store\/men-trousers-special-offer-rendez-vous-store\/comme-des-garcons-homme-mens-pants-hp-p012-w25-dark-brown-rendez-vous-store\/","name":"Comme Des Gar\u00e7ons Homme MEN'S PANTS HP-P012-W25 DARK BROWN","isPartOf":{"@id":"https:\/\/rendez-vous-store.com\/#website"},"primaryImageOfPage":{"@id":"https:\/\/rendez-vous-store.com\/shop\/special-offer-men-rendez-vous-store\/men-trousers-special-offer-rendez-vous-store\/comme-des-garcons-homme-mens-pants-hp-p012-w25-dark-brown-rendez-vous-store\/#primaryimage"},"image":{"@id":"https:\/\/rendez-vous-store.com\/shop\/special-offer-men-rendez-vous-store\/men-trousers-special-offer-rendez-vous-store\/comme-des-garcons-homme-mens-pants-hp-p012-w25-dark-brown-rendez-vous-store\/#primaryimage"},"thumbnailUrl":"https:\/\/rendez-vous-store.com\/app\/uploads\/2025\/09\/IMG_9022-min-scaled.webp","datePublished":"2025-09-24T12:55:30+00:00","dateModified":"2026-03-16T18:01:27+00:00","description":"This Comme Des Gar\u00e7ons Homme MEN'S PANTS HP-P012-W25 DARK BROWN reinterprets classic menswear with an intellectual and avant-garde approach.","breadcrumb":{"@id":"https:\/\/rendez-vous-store.com\/shop\/special-offer-men-rendez-vous-store\/men-trousers-special-offer-rendez-vous-store\/comme-des-garcons-homme-mens-pants-hp-p012-w25-dark-brown-rendez-vous-store\/#breadcrumb"},"inLanguage":"fr-FR","potentialAction":[{"@type":"ReadAction","target":["https:\/\/rendez-vous-store.com\/shop\/special-offer-men-rendez-vous-store\/men-trousers-special-offer-rendez-vous-store\/comme-des-garcons-homme-mens-pants-hp-p012-w25-dark-brown-rendez-vous-store\/"]}]},{"@type":"ImageObject","inLanguage":"fr-FR","@id":"https:\/\/rendez-vous-store.com\/shop\/special-offer-men-rendez-vous-store\/men-trousers-special-offer-rendez-vous-store\/comme-des-garcons-homme-mens-pants-hp-p012-w25-dark-brown-rendez-vous-store\/#primaryimage","url":"https:\/\/rendez-vous-store.com\/app\/uploads\/2025\/09\/IMG_9022-min-scaled.webp","contentUrl":"https:\/\/rendez-vous-store.com\/app\/uploads\/2025\/09\/IMG_9022-min-scaled.webp","width":1707,"height":2560},{"@type":"BreadcrumbList","@id":"https:\/\/rendez-vous-store.com\/shop\/special-offer-men-rendez-vous-store\/men-trousers-special-offer-rendez-vous-store\/comme-des-garcons-homme-mens-pants-hp-p012-w25-dark-brown-rendez-vous-store\/#breadcrumb","itemListElement":[{"@type":"ListItem","position":1,"name":"Home","item":"https:\/\/rendez-vous-store.com\/"},{"@type":"ListItem","position":2,"name":"Shop","item":"https:\/\/www.rendez-vous-store.com\/shop\/"},{"@type":"ListItem","position":3,"name":"Comme Des Gar\u00e7ons Homme &#8211; MEN&#8217;S PANTS HP-P012-W25 &#8211; DARK BROWN"}]},{"@type":"WebSite","@id":"https:\/\/rendez-vous-store.com\/#website","url":"https:\/\/rendez-vous-store.com\/","name":"RENDEZ-VOUS STORE","description":"Slow Fashion for Women and Men","potentialAction":[{"@type":"SearchAction","target":{"@type":"EntryPoint","urlTemplate":"https:\/\/rendez-vous-store.com\/?s={search_term_string}"},"query-input":{"@type":"PropertyValueSpecification","valueRequired":true,"valueName":"search_term_string"}}],"inLanguage":"fr-FR"}]}},"_links":{"self":[{"href":"https:\/\/rendez-vous-store.com\/fr\/wp-json\/wp\/v2\/product\/215721","targetHints":{"allow":["GET"]}}],"collection":[{"href":"https:\/\/rendez-vous-store.com\/fr\/wp-json\/wp\/v2\/product"}],"about":[{"href":"https:\/\/rendez-vous-store.com\/fr\/wp-json\/wp\/v2\/types\/product"}],"wp:featuredmedia":[{"embeddable":true,"href":"https:\/\/rendez-vous-store.com\/fr\/wp-json\/wp\/v2\/media\/217254"}],"wp:attachment":[{"href":"https:\/\/rendez-vous-store.com\/fr\/wp-json\/wp\/v2\/media?parent=215721"}],"wp:term":[{"taxonomy":"product_brand","embeddable":true,"href":"https:\/\/rendez-vous-store.com\/fr\/wp-json\/wp\/v2\/product_brand?post=215721"},{"taxonomy":"product_cat","embeddable":true,"href":"https:\/\/rendez-vous-store.com\/fr\/wp-json\/wp\/v2\/product_cat?post=215721"},{"taxonomy":"product_tag","embeddable":true,"href":"https:\/\/rendez-vous-store.com\/fr\/wp-json\/wp\/v2\/product_tag?post=215721"}],"curies":[{"name":"wp","href":"https:\/\/api.w.org\/{rel}","templated":true}]}}