{"id":215345,"date":"2025-09-23T15:24:35","date_gmt":"2025-09-23T13:24:35","guid":{"rendered":"https:\/\/rendez-vous-store.com\/?post_type=product&#038;p=215345"},"modified":"2026-03-16T19:27:37","modified_gmt":"2026-03-16T18:27:37","slug":"cawley-japanese-cotton-corduroy-robyn-trouser-thistle-rendez-vous-store","status":"publish","type":"product","link":"https:\/\/rendez-vous-store.com\/fr\/shop\/special-offer-women-rendez-vous-store\/women-trousers-special-offer\/cawley-japanese-cotton-corduroy-robyn-trouser-thistle-rendez-vous-store\/","title":{"rendered":"CAWLEY \u2013 PANTALON ROBYN EN VELOURS C\u00d4TEL\u00c9 DE COTON JAPONAIS \u2013 THISTLE"},"content":{"rendered":"<p><strong>CAWLEY PANTALON ROBYN EN VELOURS C\u00d4TEL\u00c9 DE COTON JAPONAIS THISTLE<\/strong><\/p>\n<p>Couleur: Rose<\/p>\n<p>Coupe d\u00e9contract\u00e9e<\/p>\n<p>Silhouette jambes ballon<\/p>\n<p>Jambes larges<\/p>\n<p>Passant de ceinture<\/p>\n<p>Fermeture par bouton de corne<\/p>\n<p>Plis sur le devant<\/p>\n<p>Poches sur les coutures lat\u00e9rales<\/p>\n<p>Poches arri\u00e8re plaqu\u00e9es<\/p>\n<p>Composition : 100% Coton<\/p>\n<p>Fabriqu\u00e9 en Angleterre<\/p>\n<p>&nbsp;<\/p>\n<p>&nbsp;<\/p>\n<p>&nbsp;<\/p>\n<p>&nbsp;<\/p>\n<p>&nbsp;<\/p>\n<p>&nbsp;<\/p>\n<h4>La marque<\/h4>\n<p>Cawley est une marque de mode londonienne fond\u00e9e par Hannah Cawley en 2017. La marque cr\u00e9e des v\u00eatements de tous les jours fonctionnels et durables en utilisant des tissus naturels : principalement du coton, du lin, de la laine, provenant d'Angleterre, d'Irlande, du Portugal, d'Inde et du Japon. Les v\u00eatements c\u00e9l\u00e8brent la qualit\u00e9 de l'artisanat et de la fabrication britannique. Cawley m\u00e9lange les coupes modernes et le tailoring avec des v\u00eatements de travail utilitaires pour cr\u00e9er de belles pi\u00e8ces intemporelles.<\/p>","protected":false},"excerpt":{"rendered":"<p>CAWLEY JAPANESE COTTON CORDUROY ROBYN TROUSER THISTLE Color: Thistle Relaxed fit Balloon-leg silhouette Wide legs Belt loop Horn button closure Front pleats Side seam pockets Back patch pockets Composition: 100% Cotton Made in England &nbsp; &nbsp; &nbsp; &nbsp; &nbsp; &nbsp; The Brand Cawley is a London based fashion brand founded by Hannah Cawley in 2017.&hellip; <a class=\"more-link\" href=\"https:\/\/rendez-vous-store.com\/fr\/shop\/special-offer-women-rendez-vous-store\/women-trousers-special-offer\/cawley-japanese-cotton-corduroy-robyn-trouser-thistle-rendez-vous-store\/\">Continuer la lecture <span class=\"screen-reader-text\">CAWLEY \u2013 PANTALON ROBYN EN VELOURS C\u00d4TEL\u00c9 DE COTON JAPONAIS \u2013 THISTLE<\/span><\/a><\/p>","protected":false},"featured_media":217555,"template":"","meta":{"_acf_changed":false},"product_brand":[],"product_cat":[1292,1335,1341,182,17],"product_tag":[1063],"class_list":{"0":"post-215345","1":"product","2":"type-product","3":"status-publish","4":"has-post-thumbnail","6":"product_cat-1292","7":"product_cat-special-offer-women-rendez-vous-store","8":"product_cat-women-trousers-special-offer","9":"product_cat-trousers-skirts-discover-our-selection-rendez-vous-store","10":"product_cat-women","11":"product_tag-cawley","12":"entry","14":"first","15":"instock","16":"taxable","17":"shipping-taxable","18":"purchasable","19":"product-type-variable"},"acf":[],"yoast_head":"<!-- This site is optimized with the Yoast SEO plugin v24.9 - https:\/\/yoast.com\/wordpress\/plugins\/seo\/ -->\n<title>CAWLEY JAPANESE COTTON CORDUROY ROBYN TROUSER THISTLE<\/title>\n<meta name=\"description\" content=\"This CAWLEY - JAPANESE COTTON CORDUROY ROBYN TROUSER - THISTLE is the perfect mix between modern cuts a tailoring and utilitarian workwear.\" \/>\n<meta name=\"robots\" content=\"index, follow, max-snippet:-1, max-image-preview:large, max-video-preview:-1\" \/>\n<link rel=\"canonical\" href=\"https:\/\/rendez-vous-store.com\/fr\/shop\/special-offer-women-rendez-vous-store\/women-trousers-special-offer\/cawley-japanese-cotton-corduroy-robyn-trouser-thistle-rendez-vous-store\/\" \/>\n<meta property=\"og:locale\" content=\"fr_FR\" \/>\n<meta property=\"og:type\" content=\"article\" \/>\n<meta property=\"og:title\" content=\"CAWLEY JAPANESE COTTON CORDUROY ROBYN TROUSER THISTLE\" \/>\n<meta property=\"og:description\" content=\"This CAWLEY - JAPANESE COTTON CORDUROY ROBYN TROUSER - THISTLE is the perfect mix between modern cuts a tailoring and utilitarian workwear.\" \/>\n<meta property=\"og:url\" content=\"https:\/\/rendez-vous-store.com\/fr\/shop\/special-offer-women-rendez-vous-store\/women-trousers-special-offer\/cawley-japanese-cotton-corduroy-robyn-trouser-thistle-rendez-vous-store\/\" \/>\n<meta property=\"og:site_name\" content=\"RENDEZ-VOUS STORE\" \/>\n<meta property=\"article:modified_time\" content=\"2026-03-16T18:27:37+00:00\" \/>\n<meta property=\"og:image\" content=\"https:\/\/rendez-vous-store.com\/app\/uploads\/2025\/09\/IMG_9404-min-scaled.webp\" \/>\n\t<meta property=\"og:image:width\" content=\"1707\" \/>\n\t<meta property=\"og:image:height\" content=\"2560\" \/>\n\t<meta property=\"og:image:type\" content=\"image\/webp\" \/>\n<meta name=\"twitter:card\" content=\"summary_large_image\" \/>\n<meta name=\"twitter:label1\" content=\"Est. reading time\" \/>\n\t<meta name=\"twitter:data1\" content=\"1 minute\" \/>\n<script type=\"application\/ld+json\" class=\"yoast-schema-graph\">{\"@context\":\"https:\/\/schema.org\",\"@graph\":[{\"@type\":\"WebPage\",\"@id\":\"https:\/\/rendez-vous-store.com\/shop\/special-offer-women-rendez-vous-store\/women-trousers-special-offer\/cawley-japanese-cotton-corduroy-robyn-trouser-thistle-rendez-vous-store\/\",\"url\":\"https:\/\/rendez-vous-store.com\/shop\/special-offer-women-rendez-vous-store\/women-trousers-special-offer\/cawley-japanese-cotton-corduroy-robyn-trouser-thistle-rendez-vous-store\/\",\"name\":\"CAWLEY JAPANESE COTTON CORDUROY ROBYN TROUSER THISTLE\",\"isPartOf\":{\"@id\":\"https:\/\/rendez-vous-store.com\/#website\"},\"primaryImageOfPage\":{\"@id\":\"https:\/\/rendez-vous-store.com\/shop\/special-offer-women-rendez-vous-store\/women-trousers-special-offer\/cawley-japanese-cotton-corduroy-robyn-trouser-thistle-rendez-vous-store\/#primaryimage\"},\"image\":{\"@id\":\"https:\/\/rendez-vous-store.com\/shop\/special-offer-women-rendez-vous-store\/women-trousers-special-offer\/cawley-japanese-cotton-corduroy-robyn-trouser-thistle-rendez-vous-store\/#primaryimage\"},\"thumbnailUrl\":\"https:\/\/rendez-vous-store.com\/app\/uploads\/2025\/09\/IMG_9404-min-scaled.webp\",\"datePublished\":\"2025-09-23T13:24:35+00:00\",\"dateModified\":\"2026-03-16T18:27:37+00:00\",\"description\":\"This CAWLEY - JAPANESE COTTON CORDUROY ROBYN TROUSER - THISTLE is the perfect mix between modern cuts a tailoring and utilitarian workwear.\",\"breadcrumb\":{\"@id\":\"https:\/\/rendez-vous-store.com\/shop\/special-offer-women-rendez-vous-store\/women-trousers-special-offer\/cawley-japanese-cotton-corduroy-robyn-trouser-thistle-rendez-vous-store\/#breadcrumb\"},\"inLanguage\":\"fr-FR\",\"potentialAction\":[{\"@type\":\"ReadAction\",\"target\":[\"https:\/\/rendez-vous-store.com\/shop\/special-offer-women-rendez-vous-store\/women-trousers-special-offer\/cawley-japanese-cotton-corduroy-robyn-trouser-thistle-rendez-vous-store\/\"]}]},{\"@type\":\"ImageObject\",\"inLanguage\":\"fr-FR\",\"@id\":\"https:\/\/rendez-vous-store.com\/shop\/special-offer-women-rendez-vous-store\/women-trousers-special-offer\/cawley-japanese-cotton-corduroy-robyn-trouser-thistle-rendez-vous-store\/#primaryimage\",\"url\":\"https:\/\/rendez-vous-store.com\/app\/uploads\/2025\/09\/IMG_9404-min-scaled.webp\",\"contentUrl\":\"https:\/\/rendez-vous-store.com\/app\/uploads\/2025\/09\/IMG_9404-min-scaled.webp\",\"width\":1707,\"height\":2560},{\"@type\":\"BreadcrumbList\",\"@id\":\"https:\/\/rendez-vous-store.com\/shop\/special-offer-women-rendez-vous-store\/women-trousers-special-offer\/cawley-japanese-cotton-corduroy-robyn-trouser-thistle-rendez-vous-store\/#breadcrumb\",\"itemListElement\":[{\"@type\":\"ListItem\",\"position\":1,\"name\":\"Home\",\"item\":\"https:\/\/rendez-vous-store.com\/\"},{\"@type\":\"ListItem\",\"position\":2,\"name\":\"Shop\",\"item\":\"https:\/\/www.rendez-vous-store.com\/shop\/\"},{\"@type\":\"ListItem\",\"position\":3,\"name\":\"CAWLEY &#8211; JAPANESE COTTON CORDUROY ROBYN TROUSER &#8211; THISTLE\"}]},{\"@type\":\"WebSite\",\"@id\":\"https:\/\/rendez-vous-store.com\/#website\",\"url\":\"https:\/\/rendez-vous-store.com\/\",\"name\":\"RENDEZ-VOUS STORE\",\"description\":\"Slow Fashion for Women and Men\",\"potentialAction\":[{\"@type\":\"SearchAction\",\"target\":{\"@type\":\"EntryPoint\",\"urlTemplate\":\"https:\/\/rendez-vous-store.com\/?s={search_term_string}\"},\"query-input\":{\"@type\":\"PropertyValueSpecification\",\"valueRequired\":true,\"valueName\":\"search_term_string\"}}],\"inLanguage\":\"fr-FR\"}]}<\/script>\n<!-- \/ Yoast SEO plugin. -->","yoast_head_json":{"title":"CAWLEY JAPANESE COTTON CORDUROY ROBYN TROUSER THISTLE","description":"This CAWLEY - JAPANESE COTTON CORDUROY ROBYN TROUSER - THISTLE is the perfect mix between modern cuts a tailoring and utilitarian workwear.","robots":{"index":"index","follow":"follow","max-snippet":"max-snippet:-1","max-image-preview":"max-image-preview:large","max-video-preview":"max-video-preview:-1"},"canonical":"https:\/\/rendez-vous-store.com\/fr\/shop\/special-offer-women-rendez-vous-store\/women-trousers-special-offer\/cawley-japanese-cotton-corduroy-robyn-trouser-thistle-rendez-vous-store\/","og_locale":"fr_FR","og_type":"article","og_title":"CAWLEY JAPANESE COTTON CORDUROY ROBYN TROUSER THISTLE","og_description":"This CAWLEY - JAPANESE COTTON CORDUROY ROBYN TROUSER - THISTLE is the perfect mix between modern cuts a tailoring and utilitarian workwear.","og_url":"https:\/\/rendez-vous-store.com\/fr\/shop\/special-offer-women-rendez-vous-store\/women-trousers-special-offer\/cawley-japanese-cotton-corduroy-robyn-trouser-thistle-rendez-vous-store\/","og_site_name":"RENDEZ-VOUS STORE","article_modified_time":"2026-03-16T18:27:37+00:00","og_image":[{"width":1707,"height":2560,"url":"https:\/\/rendez-vous-store.com\/app\/uploads\/2025\/09\/IMG_9404-min-scaled.webp","type":"image\/webp"}],"twitter_card":"summary_large_image","twitter_misc":{"Est. reading time":"1 minute"},"schema":{"@context":"https:\/\/schema.org","@graph":[{"@type":"WebPage","@id":"https:\/\/rendez-vous-store.com\/shop\/special-offer-women-rendez-vous-store\/women-trousers-special-offer\/cawley-japanese-cotton-corduroy-robyn-trouser-thistle-rendez-vous-store\/","url":"https:\/\/rendez-vous-store.com\/shop\/special-offer-women-rendez-vous-store\/women-trousers-special-offer\/cawley-japanese-cotton-corduroy-robyn-trouser-thistle-rendez-vous-store\/","name":"CAWLEY JAPANESE COTTON CORDUROY ROBYN TROUSER THISTLE","isPartOf":{"@id":"https:\/\/rendez-vous-store.com\/#website"},"primaryImageOfPage":{"@id":"https:\/\/rendez-vous-store.com\/shop\/special-offer-women-rendez-vous-store\/women-trousers-special-offer\/cawley-japanese-cotton-corduroy-robyn-trouser-thistle-rendez-vous-store\/#primaryimage"},"image":{"@id":"https:\/\/rendez-vous-store.com\/shop\/special-offer-women-rendez-vous-store\/women-trousers-special-offer\/cawley-japanese-cotton-corduroy-robyn-trouser-thistle-rendez-vous-store\/#primaryimage"},"thumbnailUrl":"https:\/\/rendez-vous-store.com\/app\/uploads\/2025\/09\/IMG_9404-min-scaled.webp","datePublished":"2025-09-23T13:24:35+00:00","dateModified":"2026-03-16T18:27:37+00:00","description":"This CAWLEY - JAPANESE COTTON CORDUROY ROBYN TROUSER - THISTLE is the perfect mix between modern cuts a tailoring and utilitarian workwear.","breadcrumb":{"@id":"https:\/\/rendez-vous-store.com\/shop\/special-offer-women-rendez-vous-store\/women-trousers-special-offer\/cawley-japanese-cotton-corduroy-robyn-trouser-thistle-rendez-vous-store\/#breadcrumb"},"inLanguage":"fr-FR","potentialAction":[{"@type":"ReadAction","target":["https:\/\/rendez-vous-store.com\/shop\/special-offer-women-rendez-vous-store\/women-trousers-special-offer\/cawley-japanese-cotton-corduroy-robyn-trouser-thistle-rendez-vous-store\/"]}]},{"@type":"ImageObject","inLanguage":"fr-FR","@id":"https:\/\/rendez-vous-store.com\/shop\/special-offer-women-rendez-vous-store\/women-trousers-special-offer\/cawley-japanese-cotton-corduroy-robyn-trouser-thistle-rendez-vous-store\/#primaryimage","url":"https:\/\/rendez-vous-store.com\/app\/uploads\/2025\/09\/IMG_9404-min-scaled.webp","contentUrl":"https:\/\/rendez-vous-store.com\/app\/uploads\/2025\/09\/IMG_9404-min-scaled.webp","width":1707,"height":2560},{"@type":"BreadcrumbList","@id":"https:\/\/rendez-vous-store.com\/shop\/special-offer-women-rendez-vous-store\/women-trousers-special-offer\/cawley-japanese-cotton-corduroy-robyn-trouser-thistle-rendez-vous-store\/#breadcrumb","itemListElement":[{"@type":"ListItem","position":1,"name":"Home","item":"https:\/\/rendez-vous-store.com\/"},{"@type":"ListItem","position":2,"name":"Shop","item":"https:\/\/www.rendez-vous-store.com\/shop\/"},{"@type":"ListItem","position":3,"name":"CAWLEY &#8211; JAPANESE COTTON CORDUROY ROBYN TROUSER &#8211; THISTLE"}]},{"@type":"WebSite","@id":"https:\/\/rendez-vous-store.com\/#website","url":"https:\/\/rendez-vous-store.com\/","name":"RENDEZ-VOUS STORE","description":"Slow Fashion for Women and Men","potentialAction":[{"@type":"SearchAction","target":{"@type":"EntryPoint","urlTemplate":"https:\/\/rendez-vous-store.com\/?s={search_term_string}"},"query-input":{"@type":"PropertyValueSpecification","valueRequired":true,"valueName":"search_term_string"}}],"inLanguage":"fr-FR"}]}},"_links":{"self":[{"href":"https:\/\/rendez-vous-store.com\/fr\/wp-json\/wp\/v2\/product\/215345","targetHints":{"allow":["GET"]}}],"collection":[{"href":"https:\/\/rendez-vous-store.com\/fr\/wp-json\/wp\/v2\/product"}],"about":[{"href":"https:\/\/rendez-vous-store.com\/fr\/wp-json\/wp\/v2\/types\/product"}],"wp:featuredmedia":[{"embeddable":true,"href":"https:\/\/rendez-vous-store.com\/fr\/wp-json\/wp\/v2\/media\/217555"}],"wp:attachment":[{"href":"https:\/\/rendez-vous-store.com\/fr\/wp-json\/wp\/v2\/media?parent=215345"}],"wp:term":[{"taxonomy":"product_brand","embeddable":true,"href":"https:\/\/rendez-vous-store.com\/fr\/wp-json\/wp\/v2\/product_brand?post=215345"},{"taxonomy":"product_cat","embeddable":true,"href":"https:\/\/rendez-vous-store.com\/fr\/wp-json\/wp\/v2\/product_cat?post=215345"},{"taxonomy":"product_tag","embeddable":true,"href":"https:\/\/rendez-vous-store.com\/fr\/wp-json\/wp\/v2\/product_tag?post=215345"}],"curies":[{"name":"wp","href":"https:\/\/api.w.org\/{rel}","templated":true}]}}