{"id":215200,"date":"2025-09-23T13:57:38","date_gmt":"2025-09-23T11:57:38","guid":{"rendered":"https:\/\/rendez-vous-store.com\/?post_type=product&#038;p=215200"},"modified":"2026-03-16T19:26:45","modified_gmt":"2026-03-16T18:26:45","slug":"thats-alyki-sophie-dv-c2188tu-knitwear-seagrass-rendez-vous-store","status":"publish","type":"product","link":"https:\/\/rendez-vous-store.com\/fr\/shop\/women\/women-knitwears-discover-our-selection-rendez-vous-store\/thats-alyki-sophie-dv-c2188tu-knitwear-seagrass-rendez-vous-store\/","title":{"rendered":"That&#8217;s Alyki &#8211; Sophie DV C2188TU Knitwear &#8211; Seagrass"},"content":{"rendered":"<p><strong>That&#8217;s Alyki Sophie DV C2188TU Knitwear Seagrass<\/strong><\/p>\n<p>Color: Seagrass<\/p>\n<p>Col roul\u00e9<\/p>\n<p>Manches longues<\/p>\n<p>Composition : 100% Cachemire<\/p>\n<p>Fabriqu\u00e9 en Italie<\/p>\n<p>&nbsp;<\/p>\n<p>&nbsp;<\/p>\n<p>&nbsp;<\/p>\n<p><strong>La marque<\/strong><\/p>\n<p>That's Alyki est une marque de tricots de luxe qui s'appuie sur plus de 30 ans de tradition familiale en mati\u00e8re de r\u00e9cup\u00e9ration durable des textiles. Inspir\u00e9e par un engagement en faveur de la circularit\u00e9 et de l'artisanat, chaque pi\u00e8ce est soigneusement con\u00e7ue \u00e0 partir de mat\u00e9riaux \u00e9cologiques de haute qualit\u00e9 provenant du c\u00e9l\u00e8bre district textile de Biella. Des \u00e9charpes intemporelles aux tricots \u00e9l\u00e9gants pour femmes, Alyki propose une collection qui incarne la sophistication, la mode \u00e9thique et le style durable. Rejoignez notre communaut\u00e9 de personnes partageant les m\u00eames valeurs de durabilit\u00e9, d'h\u00e9ritage et de choix de mode raffin\u00e9s.<\/p>","protected":false},"excerpt":{"rendered":"<p>That&#8217;s Alyki Sophie DV C2188TU Knitwear Seagrass Color: Seagrass Turtleneck Long Sleeves Composition : 100% Cashmere Made in Italy &nbsp; &nbsp; &nbsp; The Brand That&#8217;s Alyki is a luxury knitwear brand rooted in over 30 years of family tradition in sustainable textile recovery. Inspired by a commitment to circularity and craftsmanship, each piece is carefully&hellip; <a class=\"more-link\" href=\"https:\/\/rendez-vous-store.com\/fr\/shop\/women\/women-knitwears-discover-our-selection-rendez-vous-store\/thats-alyki-sophie-dv-c2188tu-knitwear-seagrass-rendez-vous-store\/\">Continue reading <span class=\"screen-reader-text\">That&#8217;s Alyki &#8211; Sophie DV C2188TU Knitwear &#8211; Seagrass<\/span><\/a><\/p>","protected":false},"featured_media":217005,"template":"","meta":{"_acf_changed":false},"product_brand":[],"product_cat":[17,1062,199],"product_tag":[1301],"class_list":{"0":"post-215200","1":"product","2":"type-product","3":"status-publish","4":"has-post-thumbnail","6":"product_cat-women","7":"product_cat-new-women-selection-rendez-vous-store","8":"product_cat-women-knitwears-discover-our-selection-rendez-vous-store","9":"product_tag-thats-alyki-rendez-vous-store","10":"entry","12":"first","13":"outofstock","14":"taxable","15":"shipping-taxable","16":"product-type-variable"},"acf":[],"yoast_head":"<!-- This site is optimized with the Yoast SEO plugin v24.9 - https:\/\/yoast.com\/wordpress\/plugins\/seo\/ -->\n<title>That&#039;s Alyki - Sophie DV C2188TU Knitwear Seagrass<\/title>\n<meta name=\"description\" content=\"That&#039;s Alyki is on Rendez-Vous Store. ThisThat&#039;s Alyki Sophie DV C2188TU Knitwear Seagrass blends family tradition with sustainable innovation.\" \/>\n<meta name=\"robots\" content=\"index, follow, max-snippet:-1, max-image-preview:large, max-video-preview:-1\" \/>\n<link rel=\"canonical\" href=\"https:\/\/rendez-vous-store.com\/fr\/shop\/women\/women-knitwears-discover-our-selection-rendez-vous-store\/thats-alyki-sophie-dv-c2188tu-knitwear-seagrass-rendez-vous-store\/\" \/>\n<meta property=\"og:locale\" content=\"fr_FR\" \/>\n<meta property=\"og:type\" content=\"article\" \/>\n<meta property=\"og:title\" content=\"That&#039;s Alyki - Sophie DV C2188TU Knitwear Seagrass\" \/>\n<meta property=\"og:description\" content=\"That&#039;s Alyki is on Rendez-Vous Store. ThisThat&#039;s Alyki Sophie DV C2188TU Knitwear Seagrass blends family tradition with sustainable innovation.\" \/>\n<meta property=\"og:url\" content=\"https:\/\/rendez-vous-store.com\/fr\/shop\/women\/women-knitwears-discover-our-selection-rendez-vous-store\/thats-alyki-sophie-dv-c2188tu-knitwear-seagrass-rendez-vous-store\/\" \/>\n<meta property=\"og:site_name\" content=\"RENDEZ-VOUS STORE\" \/>\n<meta property=\"article:modified_time\" content=\"2026-03-16T18:26:45+00:00\" \/>\n<meta property=\"og:image\" content=\"https:\/\/rendez-vous-store.com\/app\/uploads\/2025\/09\/IMG_8388_11zon-scaled.webp\" \/>\n\t<meta property=\"og:image:width\" content=\"1707\" \/>\n\t<meta property=\"og:image:height\" content=\"2560\" \/>\n\t<meta property=\"og:image:type\" content=\"image\/webp\" \/>\n<meta name=\"twitter:card\" content=\"summary_large_image\" \/>\n<meta name=\"twitter:label1\" content=\"Est. reading time\" \/>\n\t<meta name=\"twitter:data1\" content=\"1 minute\" \/>\n<script type=\"application\/ld+json\" class=\"yoast-schema-graph\">{\"@context\":\"https:\/\/schema.org\",\"@graph\":[{\"@type\":\"WebPage\",\"@id\":\"https:\/\/rendez-vous-store.com\/shop\/women\/women-knitwears-discover-our-selection-rendez-vous-store\/thats-alyki-sophie-dv-c2188tu-knitwear-seagrass-rendez-vous-store\/\",\"url\":\"https:\/\/rendez-vous-store.com\/shop\/women\/women-knitwears-discover-our-selection-rendez-vous-store\/thats-alyki-sophie-dv-c2188tu-knitwear-seagrass-rendez-vous-store\/\",\"name\":\"That's Alyki - Sophie DV C2188TU Knitwear Seagrass\",\"isPartOf\":{\"@id\":\"https:\/\/rendez-vous-store.com\/#website\"},\"primaryImageOfPage\":{\"@id\":\"https:\/\/rendez-vous-store.com\/shop\/women\/women-knitwears-discover-our-selection-rendez-vous-store\/thats-alyki-sophie-dv-c2188tu-knitwear-seagrass-rendez-vous-store\/#primaryimage\"},\"image\":{\"@id\":\"https:\/\/rendez-vous-store.com\/shop\/women\/women-knitwears-discover-our-selection-rendez-vous-store\/thats-alyki-sophie-dv-c2188tu-knitwear-seagrass-rendez-vous-store\/#primaryimage\"},\"thumbnailUrl\":\"https:\/\/rendez-vous-store.com\/app\/uploads\/2025\/09\/IMG_8388_11zon-scaled.webp\",\"datePublished\":\"2025-09-23T11:57:38+00:00\",\"dateModified\":\"2026-03-16T18:26:45+00:00\",\"description\":\"That's Alyki is on Rendez-Vous Store. ThisThat's Alyki Sophie DV C2188TU Knitwear Seagrass blends family tradition with sustainable innovation.\",\"breadcrumb\":{\"@id\":\"https:\/\/rendez-vous-store.com\/shop\/women\/women-knitwears-discover-our-selection-rendez-vous-store\/thats-alyki-sophie-dv-c2188tu-knitwear-seagrass-rendez-vous-store\/#breadcrumb\"},\"inLanguage\":\"fr-FR\",\"potentialAction\":[{\"@type\":\"ReadAction\",\"target\":[\"https:\/\/rendez-vous-store.com\/shop\/women\/women-knitwears-discover-our-selection-rendez-vous-store\/thats-alyki-sophie-dv-c2188tu-knitwear-seagrass-rendez-vous-store\/\"]}]},{\"@type\":\"ImageObject\",\"inLanguage\":\"fr-FR\",\"@id\":\"https:\/\/rendez-vous-store.com\/shop\/women\/women-knitwears-discover-our-selection-rendez-vous-store\/thats-alyki-sophie-dv-c2188tu-knitwear-seagrass-rendez-vous-store\/#primaryimage\",\"url\":\"https:\/\/rendez-vous-store.com\/app\/uploads\/2025\/09\/IMG_8388_11zon-scaled.webp\",\"contentUrl\":\"https:\/\/rendez-vous-store.com\/app\/uploads\/2025\/09\/IMG_8388_11zon-scaled.webp\",\"width\":1707,\"height\":2560,\"caption\":\"That's Alyki - Sophie DV C2188TU Knitwear - Seagrass\"},{\"@type\":\"BreadcrumbList\",\"@id\":\"https:\/\/rendez-vous-store.com\/shop\/women\/women-knitwears-discover-our-selection-rendez-vous-store\/thats-alyki-sophie-dv-c2188tu-knitwear-seagrass-rendez-vous-store\/#breadcrumb\",\"itemListElement\":[{\"@type\":\"ListItem\",\"position\":1,\"name\":\"Home\",\"item\":\"https:\/\/rendez-vous-store.com\/\"},{\"@type\":\"ListItem\",\"position\":2,\"name\":\"Shop\",\"item\":\"https:\/\/www.rendez-vous-store.com\/shop\/\"},{\"@type\":\"ListItem\",\"position\":3,\"name\":\"That&#8217;s Alyki &#8211; Sophie DV C2188TU Knitwear &#8211; Seagrass\"}]},{\"@type\":\"WebSite\",\"@id\":\"https:\/\/rendez-vous-store.com\/#website\",\"url\":\"https:\/\/rendez-vous-store.com\/\",\"name\":\"RENDEZ-VOUS STORE\",\"description\":\"Slow Fashion for Women and Men\",\"potentialAction\":[{\"@type\":\"SearchAction\",\"target\":{\"@type\":\"EntryPoint\",\"urlTemplate\":\"https:\/\/rendez-vous-store.com\/?s={search_term_string}\"},\"query-input\":{\"@type\":\"PropertyValueSpecification\",\"valueRequired\":true,\"valueName\":\"search_term_string\"}}],\"inLanguage\":\"fr-FR\"}]}<\/script>\n<!-- \/ Yoast SEO plugin. -->","yoast_head_json":{"title":"That's Alyki - Sophie DV C2188TU Knitwear Seagrass","description":"That's Alyki is on Rendez-Vous Store. ThisThat's Alyki Sophie DV C2188TU Knitwear Seagrass blends family tradition with sustainable innovation.","robots":{"index":"index","follow":"follow","max-snippet":"max-snippet:-1","max-image-preview":"max-image-preview:large","max-video-preview":"max-video-preview:-1"},"canonical":"https:\/\/rendez-vous-store.com\/fr\/shop\/women\/women-knitwears-discover-our-selection-rendez-vous-store\/thats-alyki-sophie-dv-c2188tu-knitwear-seagrass-rendez-vous-store\/","og_locale":"fr_FR","og_type":"article","og_title":"That's Alyki - Sophie DV C2188TU Knitwear Seagrass","og_description":"That's Alyki is on Rendez-Vous Store. ThisThat's Alyki Sophie DV C2188TU Knitwear Seagrass blends family tradition with sustainable innovation.","og_url":"https:\/\/rendez-vous-store.com\/fr\/shop\/women\/women-knitwears-discover-our-selection-rendez-vous-store\/thats-alyki-sophie-dv-c2188tu-knitwear-seagrass-rendez-vous-store\/","og_site_name":"RENDEZ-VOUS STORE","article_modified_time":"2026-03-16T18:26:45+00:00","og_image":[{"width":1707,"height":2560,"url":"https:\/\/rendez-vous-store.com\/app\/uploads\/2025\/09\/IMG_8388_11zon-scaled.webp","type":"image\/webp"}],"twitter_card":"summary_large_image","twitter_misc":{"Est. reading time":"1 minute"},"schema":{"@context":"https:\/\/schema.org","@graph":[{"@type":"WebPage","@id":"https:\/\/rendez-vous-store.com\/shop\/women\/women-knitwears-discover-our-selection-rendez-vous-store\/thats-alyki-sophie-dv-c2188tu-knitwear-seagrass-rendez-vous-store\/","url":"https:\/\/rendez-vous-store.com\/shop\/women\/women-knitwears-discover-our-selection-rendez-vous-store\/thats-alyki-sophie-dv-c2188tu-knitwear-seagrass-rendez-vous-store\/","name":"That's Alyki - Sophie DV C2188TU Knitwear Seagrass","isPartOf":{"@id":"https:\/\/rendez-vous-store.com\/#website"},"primaryImageOfPage":{"@id":"https:\/\/rendez-vous-store.com\/shop\/women\/women-knitwears-discover-our-selection-rendez-vous-store\/thats-alyki-sophie-dv-c2188tu-knitwear-seagrass-rendez-vous-store\/#primaryimage"},"image":{"@id":"https:\/\/rendez-vous-store.com\/shop\/women\/women-knitwears-discover-our-selection-rendez-vous-store\/thats-alyki-sophie-dv-c2188tu-knitwear-seagrass-rendez-vous-store\/#primaryimage"},"thumbnailUrl":"https:\/\/rendez-vous-store.com\/app\/uploads\/2025\/09\/IMG_8388_11zon-scaled.webp","datePublished":"2025-09-23T11:57:38+00:00","dateModified":"2026-03-16T18:26:45+00:00","description":"That's Alyki is on Rendez-Vous Store. ThisThat's Alyki Sophie DV C2188TU Knitwear Seagrass blends family tradition with sustainable innovation.","breadcrumb":{"@id":"https:\/\/rendez-vous-store.com\/shop\/women\/women-knitwears-discover-our-selection-rendez-vous-store\/thats-alyki-sophie-dv-c2188tu-knitwear-seagrass-rendez-vous-store\/#breadcrumb"},"inLanguage":"fr-FR","potentialAction":[{"@type":"ReadAction","target":["https:\/\/rendez-vous-store.com\/shop\/women\/women-knitwears-discover-our-selection-rendez-vous-store\/thats-alyki-sophie-dv-c2188tu-knitwear-seagrass-rendez-vous-store\/"]}]},{"@type":"ImageObject","inLanguage":"fr-FR","@id":"https:\/\/rendez-vous-store.com\/shop\/women\/women-knitwears-discover-our-selection-rendez-vous-store\/thats-alyki-sophie-dv-c2188tu-knitwear-seagrass-rendez-vous-store\/#primaryimage","url":"https:\/\/rendez-vous-store.com\/app\/uploads\/2025\/09\/IMG_8388_11zon-scaled.webp","contentUrl":"https:\/\/rendez-vous-store.com\/app\/uploads\/2025\/09\/IMG_8388_11zon-scaled.webp","width":1707,"height":2560,"caption":"That's Alyki - Sophie DV C2188TU Knitwear - Seagrass"},{"@type":"BreadcrumbList","@id":"https:\/\/rendez-vous-store.com\/shop\/women\/women-knitwears-discover-our-selection-rendez-vous-store\/thats-alyki-sophie-dv-c2188tu-knitwear-seagrass-rendez-vous-store\/#breadcrumb","itemListElement":[{"@type":"ListItem","position":1,"name":"Home","item":"https:\/\/rendez-vous-store.com\/"},{"@type":"ListItem","position":2,"name":"Shop","item":"https:\/\/www.rendez-vous-store.com\/shop\/"},{"@type":"ListItem","position":3,"name":"That&#8217;s Alyki &#8211; Sophie DV C2188TU Knitwear &#8211; Seagrass"}]},{"@type":"WebSite","@id":"https:\/\/rendez-vous-store.com\/#website","url":"https:\/\/rendez-vous-store.com\/","name":"RENDEZ-VOUS STORE","description":"Slow Fashion for Women and Men","potentialAction":[{"@type":"SearchAction","target":{"@type":"EntryPoint","urlTemplate":"https:\/\/rendez-vous-store.com\/?s={search_term_string}"},"query-input":{"@type":"PropertyValueSpecification","valueRequired":true,"valueName":"search_term_string"}}],"inLanguage":"fr-FR"}]}},"_links":{"self":[{"href":"https:\/\/rendez-vous-store.com\/fr\/wp-json\/wp\/v2\/product\/215200","targetHints":{"allow":["GET"]}}],"collection":[{"href":"https:\/\/rendez-vous-store.com\/fr\/wp-json\/wp\/v2\/product"}],"about":[{"href":"https:\/\/rendez-vous-store.com\/fr\/wp-json\/wp\/v2\/types\/product"}],"wp:featuredmedia":[{"embeddable":true,"href":"https:\/\/rendez-vous-store.com\/fr\/wp-json\/wp\/v2\/media\/217005"}],"wp:attachment":[{"href":"https:\/\/rendez-vous-store.com\/fr\/wp-json\/wp\/v2\/media?parent=215200"}],"wp:term":[{"taxonomy":"product_brand","embeddable":true,"href":"https:\/\/rendez-vous-store.com\/fr\/wp-json\/wp\/v2\/product_brand?post=215200"},{"taxonomy":"product_cat","embeddable":true,"href":"https:\/\/rendez-vous-store.com\/fr\/wp-json\/wp\/v2\/product_cat?post=215200"},{"taxonomy":"product_tag","embeddable":true,"href":"https:\/\/rendez-vous-store.com\/fr\/wp-json\/wp\/v2\/product_tag?post=215200"}],"curies":[{"name":"wp","href":"https:\/\/api.w.org\/{rel}","templated":true}]}}