{"id":214919,"date":"2025-09-19T17:18:59","date_gmt":"2025-09-19T15:18:59","guid":{"rendered":"https:\/\/rendez-vous-store.com\/?post_type=product&#038;p=214919"},"modified":"2026-04-03T17:22:56","modified_gmt":"2026-04-03T15:22:56","slug":"man-tle-men-double-down-blouson-black-rendez-vous-store","status":"publish","type":"product","link":"https:\/\/rendez-vous-store.com\/fr\/shop\/special-offer-men-rendez-vous-store\/men-coat-and-jacket-special-offer\/man-tle-men-double-down-blouson-black-rendez-vous-store\/","title":{"rendered":"MAN-TLE \u2013 DOUBLE DOWN BLOUSON HOMME \u2013 NOIR"},"content":{"rendered":"<p><strong>MAN-TLE DOUBLE DOWN BLOUSON HOMME NOIR<\/strong><\/p>\n<p>Couleur : Noir<\/p>\n<p>Blouson volumineux<\/p>\n<p>Manches longues<\/p>\n<p>Rempli de duvet d'oie argent\u00e9e europ\u00e9enne issu d'un \u00e9levage \u00e9thique<\/p>\n<p>Oversize avec manches et corps amples<\/p>\n<p>\u00c9paules tombantes<\/p>\n<p>Poignets et ourlets \u00e9lastiques<\/p>\n<p>Fermeture \u00e0 bouton-pression<\/p>\n<p>Composition: 100% Nylon recycl\u00e9<\/p>\n<p>Fabriqu\u00e9 au Japon<\/p>\n<p>&nbsp;<\/p>\n<p>&nbsp;<\/p>\n<p><strong>Les mesures :\u00a0<\/strong><\/p>\n<p>Taille M : \u00c9paules : 70 cm, Poitrine : 66 cm, Manches : 59 cm, Longueur : 72 cm, Emmanchures : 29 cm<\/p>\n<p>Taille L : \u00c9paules : 74 cm, Tour de poitrine : 69 cm, Manches : 61 cm, Longueur : 76 cm, Emmanchures : 31 cm<\/p>\n<p>&nbsp;<\/p>\n<p>&nbsp;<\/p>","protected":false},"excerpt":{"rendered":"<p>MAN-TLE MEN DOUBLE DOWN BLOUSON BLACK Color: Black Voluminous blouson Long sleeves Filled with ethically farmed European silver goose down feather Oversized with generous sleeves and body Dropped shoulders Elastic cuffs and hem Snap hardware closures Composition: 100% Recycled nylon Made in Japan &nbsp; &nbsp; The measurements:\u00a0 Size M: Shoulders: 70cm, Chest: 66cm, Sleeves: 59cm,&hellip; <a class=\"more-link\" href=\"https:\/\/rendez-vous-store.com\/fr\/shop\/special-offer-men-rendez-vous-store\/men-coat-and-jacket-special-offer\/man-tle-men-double-down-blouson-black-rendez-vous-store\/\">Continuer la lecture <span class=\"screen-reader-text\">MAN-TLE \u2013 DOUBLE DOWN BLOUSON HOMME \u2013 NOIR<\/span><\/a><\/p>","protected":false},"featured_media":215878,"template":"","meta":{"_acf_changed":false},"product_brand":[],"product_cat":[1291,1353,1350,302,20,53],"product_tag":[1422],"class_list":{"0":"post-214919","1":"product","2":"type-product","3":"status-publish","4":"has-post-thumbnail","6":"product_cat-sale-30","7":"product_cat-men-coat-and-jacket-special-offer","8":"product_cat-special-offer-men-rendez-vous-store","9":"product_cat-rdvs-selection-men-rendez-vous-store-rendez-vous-store","10":"product_cat-men-selection-discover-our-selection-rendez-vous-store","11":"product_cat-jackets-coats-discover-our-selection","12":"product_tag-man-tle","13":"entry","15":"first","16":"instock","17":"taxable","18":"shipping-taxable","19":"purchasable","20":"product-type-variable"},"acf":[],"yoast_head":"<!-- This site is optimized with the Yoast SEO plugin v24.9 - https:\/\/yoast.com\/wordpress\/plugins\/seo\/ -->\n<title>MAN-TLE MEN DOUBLE DOWN BLOUSON BLACK<\/title>\n<meta name=\"description\" content=\"MAN-TLE is on Rendez-Vous Store. MAN-TLE - MEN DOUBLE DOWN BLOUSON - BLACK combines contemporary design with premium materials.\" \/>\n<meta name=\"robots\" content=\"index, follow, max-snippet:-1, max-image-preview:large, max-video-preview:-1\" \/>\n<link rel=\"canonical\" href=\"https:\/\/rendez-vous-store.com\/fr\/shop\/special-offer-men-rendez-vous-store\/men-coat-and-jacket-special-offer\/man-tle-men-double-down-blouson-black-rendez-vous-store\/\" \/>\n<meta property=\"og:locale\" content=\"fr_FR\" \/>\n<meta property=\"og:type\" content=\"article\" \/>\n<meta property=\"og:title\" content=\"MAN-TLE MEN DOUBLE DOWN BLOUSON BLACK\" \/>\n<meta property=\"og:description\" content=\"MAN-TLE is on Rendez-Vous Store. MAN-TLE - MEN DOUBLE DOWN BLOUSON - BLACK combines contemporary design with premium materials.\" \/>\n<meta property=\"og:url\" content=\"https:\/\/rendez-vous-store.com\/fr\/shop\/special-offer-men-rendez-vous-store\/men-coat-and-jacket-special-offer\/man-tle-men-double-down-blouson-black-rendez-vous-store\/\" \/>\n<meta property=\"og:site_name\" content=\"RENDEZ-VOUS STORE\" \/>\n<meta property=\"article:modified_time\" content=\"2026-04-03T15:22:56+00:00\" \/>\n<meta property=\"og:image\" content=\"https:\/\/rendez-vous-store.com\/app\/uploads\/2025\/09\/61.webp\" \/>\n\t<meta property=\"og:image:width\" content=\"1696\" \/>\n\t<meta property=\"og:image:height\" content=\"2560\" \/>\n\t<meta property=\"og:image:type\" content=\"image\/webp\" \/>\n<meta name=\"twitter:card\" content=\"summary_large_image\" \/>\n<meta name=\"twitter:label1\" content=\"Est. reading time\" \/>\n\t<meta name=\"twitter:data1\" content=\"1 minute\" \/>\n<script type=\"application\/ld+json\" class=\"yoast-schema-graph\">{\"@context\":\"https:\/\/schema.org\",\"@graph\":[{\"@type\":\"WebPage\",\"@id\":\"https:\/\/rendez-vous-store.com\/shop\/special-offer-men-rendez-vous-store\/men-coat-and-jacket-special-offer\/man-tle-men-double-down-blouson-black-rendez-vous-store\/\",\"url\":\"https:\/\/rendez-vous-store.com\/shop\/special-offer-men-rendez-vous-store\/men-coat-and-jacket-special-offer\/man-tle-men-double-down-blouson-black-rendez-vous-store\/\",\"name\":\"MAN-TLE MEN DOUBLE DOWN BLOUSON BLACK\",\"isPartOf\":{\"@id\":\"https:\/\/rendez-vous-store.com\/#website\"},\"primaryImageOfPage\":{\"@id\":\"https:\/\/rendez-vous-store.com\/shop\/special-offer-men-rendez-vous-store\/men-coat-and-jacket-special-offer\/man-tle-men-double-down-blouson-black-rendez-vous-store\/#primaryimage\"},\"image\":{\"@id\":\"https:\/\/rendez-vous-store.com\/shop\/special-offer-men-rendez-vous-store\/men-coat-and-jacket-special-offer\/man-tle-men-double-down-blouson-black-rendez-vous-store\/#primaryimage\"},\"thumbnailUrl\":\"https:\/\/rendez-vous-store.com\/app\/uploads\/2025\/09\/61.webp\",\"datePublished\":\"2025-09-19T15:18:59+00:00\",\"dateModified\":\"2026-04-03T15:22:56+00:00\",\"description\":\"MAN-TLE is on Rendez-Vous Store. MAN-TLE - MEN DOUBLE DOWN BLOUSON - BLACK combines contemporary design with premium materials.\",\"breadcrumb\":{\"@id\":\"https:\/\/rendez-vous-store.com\/shop\/special-offer-men-rendez-vous-store\/men-coat-and-jacket-special-offer\/man-tle-men-double-down-blouson-black-rendez-vous-store\/#breadcrumb\"},\"inLanguage\":\"fr-FR\",\"potentialAction\":[{\"@type\":\"ReadAction\",\"target\":[\"https:\/\/rendez-vous-store.com\/shop\/special-offer-men-rendez-vous-store\/men-coat-and-jacket-special-offer\/man-tle-men-double-down-blouson-black-rendez-vous-store\/\"]}]},{\"@type\":\"ImageObject\",\"inLanguage\":\"fr-FR\",\"@id\":\"https:\/\/rendez-vous-store.com\/shop\/special-offer-men-rendez-vous-store\/men-coat-and-jacket-special-offer\/man-tle-men-double-down-blouson-black-rendez-vous-store\/#primaryimage\",\"url\":\"https:\/\/rendez-vous-store.com\/app\/uploads\/2025\/09\/61.webp\",\"contentUrl\":\"https:\/\/rendez-vous-store.com\/app\/uploads\/2025\/09\/61.webp\",\"width\":1696,\"height\":2560},{\"@type\":\"BreadcrumbList\",\"@id\":\"https:\/\/rendez-vous-store.com\/shop\/special-offer-men-rendez-vous-store\/men-coat-and-jacket-special-offer\/man-tle-men-double-down-blouson-black-rendez-vous-store\/#breadcrumb\",\"itemListElement\":[{\"@type\":\"ListItem\",\"position\":1,\"name\":\"Home\",\"item\":\"https:\/\/rendez-vous-store.com\/\"},{\"@type\":\"ListItem\",\"position\":2,\"name\":\"Shop\",\"item\":\"https:\/\/www.rendez-vous-store.com\/shop\/\"},{\"@type\":\"ListItem\",\"position\":3,\"name\":\"MAN-TLE &#8211; MEN DOUBLE DOWN BLOUSON &#8211; BLACK\"}]},{\"@type\":\"WebSite\",\"@id\":\"https:\/\/rendez-vous-store.com\/#website\",\"url\":\"https:\/\/rendez-vous-store.com\/\",\"name\":\"RENDEZ-VOUS STORE\",\"description\":\"Slow Fashion for Women and Men\",\"potentialAction\":[{\"@type\":\"SearchAction\",\"target\":{\"@type\":\"EntryPoint\",\"urlTemplate\":\"https:\/\/rendez-vous-store.com\/?s={search_term_string}\"},\"query-input\":{\"@type\":\"PropertyValueSpecification\",\"valueRequired\":true,\"valueName\":\"search_term_string\"}}],\"inLanguage\":\"fr-FR\"}]}<\/script>\n<!-- \/ Yoast SEO plugin. -->","yoast_head_json":{"title":"MAN-TLE MEN DOUBLE DOWN BLOUSON BLACK","description":"MAN-TLE is on Rendez-Vous Store. MAN-TLE - MEN DOUBLE DOWN BLOUSON - BLACK combines contemporary design with premium materials.","robots":{"index":"index","follow":"follow","max-snippet":"max-snippet:-1","max-image-preview":"max-image-preview:large","max-video-preview":"max-video-preview:-1"},"canonical":"https:\/\/rendez-vous-store.com\/fr\/shop\/special-offer-men-rendez-vous-store\/men-coat-and-jacket-special-offer\/man-tle-men-double-down-blouson-black-rendez-vous-store\/","og_locale":"fr_FR","og_type":"article","og_title":"MAN-TLE MEN DOUBLE DOWN BLOUSON BLACK","og_description":"MAN-TLE is on Rendez-Vous Store. MAN-TLE - MEN DOUBLE DOWN BLOUSON - BLACK combines contemporary design with premium materials.","og_url":"https:\/\/rendez-vous-store.com\/fr\/shop\/special-offer-men-rendez-vous-store\/men-coat-and-jacket-special-offer\/man-tle-men-double-down-blouson-black-rendez-vous-store\/","og_site_name":"RENDEZ-VOUS STORE","article_modified_time":"2026-04-03T15:22:56+00:00","og_image":[{"width":1696,"height":2560,"url":"https:\/\/rendez-vous-store.com\/app\/uploads\/2025\/09\/61.webp","type":"image\/webp"}],"twitter_card":"summary_large_image","twitter_misc":{"Est. reading time":"1 minute"},"schema":{"@context":"https:\/\/schema.org","@graph":[{"@type":"WebPage","@id":"https:\/\/rendez-vous-store.com\/shop\/special-offer-men-rendez-vous-store\/men-coat-and-jacket-special-offer\/man-tle-men-double-down-blouson-black-rendez-vous-store\/","url":"https:\/\/rendez-vous-store.com\/shop\/special-offer-men-rendez-vous-store\/men-coat-and-jacket-special-offer\/man-tle-men-double-down-blouson-black-rendez-vous-store\/","name":"MAN-TLE MEN DOUBLE DOWN BLOUSON BLACK","isPartOf":{"@id":"https:\/\/rendez-vous-store.com\/#website"},"primaryImageOfPage":{"@id":"https:\/\/rendez-vous-store.com\/shop\/special-offer-men-rendez-vous-store\/men-coat-and-jacket-special-offer\/man-tle-men-double-down-blouson-black-rendez-vous-store\/#primaryimage"},"image":{"@id":"https:\/\/rendez-vous-store.com\/shop\/special-offer-men-rendez-vous-store\/men-coat-and-jacket-special-offer\/man-tle-men-double-down-blouson-black-rendez-vous-store\/#primaryimage"},"thumbnailUrl":"https:\/\/rendez-vous-store.com\/app\/uploads\/2025\/09\/61.webp","datePublished":"2025-09-19T15:18:59+00:00","dateModified":"2026-04-03T15:22:56+00:00","description":"MAN-TLE is on Rendez-Vous Store. MAN-TLE - MEN DOUBLE DOWN BLOUSON - BLACK combines contemporary design with premium materials.","breadcrumb":{"@id":"https:\/\/rendez-vous-store.com\/shop\/special-offer-men-rendez-vous-store\/men-coat-and-jacket-special-offer\/man-tle-men-double-down-blouson-black-rendez-vous-store\/#breadcrumb"},"inLanguage":"fr-FR","potentialAction":[{"@type":"ReadAction","target":["https:\/\/rendez-vous-store.com\/shop\/special-offer-men-rendez-vous-store\/men-coat-and-jacket-special-offer\/man-tle-men-double-down-blouson-black-rendez-vous-store\/"]}]},{"@type":"ImageObject","inLanguage":"fr-FR","@id":"https:\/\/rendez-vous-store.com\/shop\/special-offer-men-rendez-vous-store\/men-coat-and-jacket-special-offer\/man-tle-men-double-down-blouson-black-rendez-vous-store\/#primaryimage","url":"https:\/\/rendez-vous-store.com\/app\/uploads\/2025\/09\/61.webp","contentUrl":"https:\/\/rendez-vous-store.com\/app\/uploads\/2025\/09\/61.webp","width":1696,"height":2560},{"@type":"BreadcrumbList","@id":"https:\/\/rendez-vous-store.com\/shop\/special-offer-men-rendez-vous-store\/men-coat-and-jacket-special-offer\/man-tle-men-double-down-blouson-black-rendez-vous-store\/#breadcrumb","itemListElement":[{"@type":"ListItem","position":1,"name":"Home","item":"https:\/\/rendez-vous-store.com\/"},{"@type":"ListItem","position":2,"name":"Shop","item":"https:\/\/www.rendez-vous-store.com\/shop\/"},{"@type":"ListItem","position":3,"name":"MAN-TLE &#8211; MEN DOUBLE DOWN BLOUSON &#8211; BLACK"}]},{"@type":"WebSite","@id":"https:\/\/rendez-vous-store.com\/#website","url":"https:\/\/rendez-vous-store.com\/","name":"RENDEZ-VOUS STORE","description":"Slow Fashion for Women and Men","potentialAction":[{"@type":"SearchAction","target":{"@type":"EntryPoint","urlTemplate":"https:\/\/rendez-vous-store.com\/?s={search_term_string}"},"query-input":{"@type":"PropertyValueSpecification","valueRequired":true,"valueName":"search_term_string"}}],"inLanguage":"fr-FR"}]}},"_links":{"self":[{"href":"https:\/\/rendez-vous-store.com\/fr\/wp-json\/wp\/v2\/product\/214919","targetHints":{"allow":["GET"]}}],"collection":[{"href":"https:\/\/rendez-vous-store.com\/fr\/wp-json\/wp\/v2\/product"}],"about":[{"href":"https:\/\/rendez-vous-store.com\/fr\/wp-json\/wp\/v2\/types\/product"}],"wp:featuredmedia":[{"embeddable":true,"href":"https:\/\/rendez-vous-store.com\/fr\/wp-json\/wp\/v2\/media\/215878"}],"wp:attachment":[{"href":"https:\/\/rendez-vous-store.com\/fr\/wp-json\/wp\/v2\/media?parent=214919"}],"wp:term":[{"taxonomy":"product_brand","embeddable":true,"href":"https:\/\/rendez-vous-store.com\/fr\/wp-json\/wp\/v2\/product_brand?post=214919"},{"taxonomy":"product_cat","embeddable":true,"href":"https:\/\/rendez-vous-store.com\/fr\/wp-json\/wp\/v2\/product_cat?post=214919"},{"taxonomy":"product_tag","embeddable":true,"href":"https:\/\/rendez-vous-store.com\/fr\/wp-json\/wp\/v2\/product_tag?post=214919"}],"curies":[{"name":"wp","href":"https:\/\/api.w.org\/{rel}","templated":true}]}}