{"id":214711,"date":"2025-09-19T11:31:04","date_gmt":"2025-09-19T09:31:04","guid":{"rendered":"https:\/\/rendez-vous-store.com\/?post_type=product&#038;p=214711"},"modified":"2026-04-09T14:07:35","modified_gmt":"2026-04-09T12:07:35","slug":"amiacalva-aaf-messenger-bag-s-f036-bl-s-black-rendez-vous-store","status":"publish","type":"product","link":"https:\/\/rendez-vous-store.com\/fr\/shop\/rdvs-selection-discover-our-current-selection-rendez-vous-store\/rdvs-selection-men-rendez-vous-store-rendez-vous-store\/amiacalva-aaf-messenger-bag-s-f036-bl-s-black-rendez-vous-store\/","title":{"rendered":"Amiacalva \u2013 Sac bandouli\u00e8re AAF (S) F036-BL-S \u2013 NOIR"},"content":{"rendered":"<p><strong>Sac bandouli\u00e8re Amiacalva AAF (S) F036-BL-S Noir<\/strong><\/p>\n<p>Couleur : Noir<\/p>\n<p>Taille : L : 330mm, H : 240mm, P : 140mm, S : 1100mm<\/p>\n<p>Poids : 460 g<\/p>\n<p>Composition : 100% Polyester<\/p>\n<p>Fabriqu\u00e9 au Japon<\/p>\n<p>&nbsp;<\/p>\n<p>&nbsp;<\/p>\n<p>&nbsp;<\/p>\n<p>&nbsp;<\/p>\n<p>&nbsp;<\/p>\n<p><strong>La marque\u00a0<\/strong><\/p>\n<p>Amiacalva est une marque d\u2019accessoires japonaise qui incarne une philosophie intemporelle. Elle recherche l\u2019excellence, tant dans le design que dans la fonctionnalit\u00e9.\nLe nom de la marque provient d\u2019un poisson ancestral. Ce poisson a surv\u00e9cu pendant des si\u00e8cles sans \u00e9voluer, ni int\u00e9rieurement ni ext\u00e9rieurement.\nAmiacalva vise la perfection tant dans le design que dans la fonctionnalit\u00e9. \u00c0 l\u2019image du poisson, elle n\u2019a pas eu besoin de changer depuis sa cr\u00e9ation.<\/p>","protected":false},"excerpt":{"rendered":"<p>Amiacalva AAF MESSENGER BAG (S) F036-BL-S BLACK Color: Black Size: W: 330mm, H:240mm, D: 140mm, S: 1100mm Weight: 460g Composition: 100% Polyester Made in Japan &nbsp; &nbsp; &nbsp; &nbsp; &nbsp; The brand\u00a0 Amiacalva is a Japanese accessory brand that represents a timeless philosophy. It pursues excellence in both design and functionality. The brand&#8217;s name comes&hellip; <a class=\"more-link\" href=\"https:\/\/rendez-vous-store.com\/fr\/shop\/rdvs-selection-discover-our-current-selection-rendez-vous-store\/rdvs-selection-men-rendez-vous-store-rendez-vous-store\/amiacalva-aaf-messenger-bag-s-f036-bl-s-black-rendez-vous-store\/\">Continuer la lecture <span class=\"screen-reader-text\">Amiacalva \u2013 Sac bandouli\u00e8re AAF (S) F036-BL-S \u2013 NOIR<\/span><\/a><\/p>","protected":false},"featured_media":216925,"template":"","meta":{"_acf_changed":false},"product_brand":[],"product_cat":[302,20,197],"product_tag":[277],"class_list":{"0":"post-214711","1":"product","2":"type-product","3":"status-publish","4":"has-post-thumbnail","6":"product_cat-rdvs-selection-men-rendez-vous-store-rendez-vous-store","7":"product_cat-men-selection-discover-our-selection-rendez-vous-store","8":"product_cat-bags-rendez-vous-store","9":"product_tag-amiacalva","10":"entry","12":"first","13":"instock","14":"taxable","15":"shipping-taxable","16":"purchasable","17":"product-type-variable"},"acf":[],"yoast_head":"<!-- This site is optimized with the Yoast SEO plugin v24.9 - https:\/\/yoast.com\/wordpress\/plugins\/seo\/ -->\n<title>Amiacalva AAF MESSENGER BAG (S) F036-BL-S BLACK<\/title>\n<meta name=\"description\" content=\"Amiacalva is on Rendez-vous Store. This Amiacalva - AAF MESSENGER BAG (S) F036-BL-S - BLACK is built on the principle of using recycled materials.\" \/>\n<meta name=\"robots\" content=\"index, follow, max-snippet:-1, max-image-preview:large, max-video-preview:-1\" \/>\n<link rel=\"canonical\" href=\"https:\/\/rendez-vous-store.com\/fr\/shop\/rdvs-selection-discover-our-current-selection-rendez-vous-store\/rdvs-selection-men-rendez-vous-store-rendez-vous-store\/amiacalva-aaf-messenger-bag-s-f036-bl-s-black-rendez-vous-store\/\" \/>\n<meta property=\"og:locale\" content=\"fr_FR\" \/>\n<meta property=\"og:type\" content=\"article\" \/>\n<meta property=\"og:title\" content=\"Amiacalva AAF MESSENGER BAG (S) F036-BL-S BLACK\" \/>\n<meta property=\"og:description\" content=\"Amiacalva is on Rendez-vous Store. This Amiacalva - AAF MESSENGER BAG (S) F036-BL-S - BLACK is built on the principle of using recycled materials.\" \/>\n<meta property=\"og:url\" content=\"https:\/\/rendez-vous-store.com\/fr\/shop\/rdvs-selection-discover-our-current-selection-rendez-vous-store\/rdvs-selection-men-rendez-vous-store-rendez-vous-store\/amiacalva-aaf-messenger-bag-s-f036-bl-s-black-rendez-vous-store\/\" \/>\n<meta property=\"og:site_name\" content=\"RENDEZ-VOUS STORE\" \/>\n<meta property=\"article:modified_time\" content=\"2026-04-09T12:07:35+00:00\" \/>\n<meta property=\"og:image\" content=\"https:\/\/rendez-vous-store.com\/app\/uploads\/2025\/09\/IMG_7591-min-scaled.webp\" \/>\n\t<meta property=\"og:image:width\" content=\"1707\" \/>\n\t<meta property=\"og:image:height\" content=\"2560\" \/>\n\t<meta property=\"og:image:type\" content=\"image\/webp\" \/>\n<meta name=\"twitter:card\" content=\"summary_large_image\" \/>\n<meta name=\"twitter:label1\" content=\"Est. reading time\" \/>\n\t<meta name=\"twitter:data1\" content=\"1 minute\" \/>\n<script type=\"application\/ld+json\" class=\"yoast-schema-graph\">{\"@context\":\"https:\/\/schema.org\",\"@graph\":[{\"@type\":\"WebPage\",\"@id\":\"https:\/\/rendez-vous-store.com\/shop\/rdvs-selection-discover-our-current-selection-rendez-vous-store\/rdvs-selection-men-rendez-vous-store-rendez-vous-store\/amiacalva-aaf-messenger-bag-s-f036-bl-s-black-rendez-vous-store\/\",\"url\":\"https:\/\/rendez-vous-store.com\/shop\/rdvs-selection-discover-our-current-selection-rendez-vous-store\/rdvs-selection-men-rendez-vous-store-rendez-vous-store\/amiacalva-aaf-messenger-bag-s-f036-bl-s-black-rendez-vous-store\/\",\"name\":\"Amiacalva AAF MESSENGER BAG (S) F036-BL-S BLACK\",\"isPartOf\":{\"@id\":\"https:\/\/rendez-vous-store.com\/#website\"},\"primaryImageOfPage\":{\"@id\":\"https:\/\/rendez-vous-store.com\/shop\/rdvs-selection-discover-our-current-selection-rendez-vous-store\/rdvs-selection-men-rendez-vous-store-rendez-vous-store\/amiacalva-aaf-messenger-bag-s-f036-bl-s-black-rendez-vous-store\/#primaryimage\"},\"image\":{\"@id\":\"https:\/\/rendez-vous-store.com\/shop\/rdvs-selection-discover-our-current-selection-rendez-vous-store\/rdvs-selection-men-rendez-vous-store-rendez-vous-store\/amiacalva-aaf-messenger-bag-s-f036-bl-s-black-rendez-vous-store\/#primaryimage\"},\"thumbnailUrl\":\"https:\/\/rendez-vous-store.com\/app\/uploads\/2025\/09\/IMG_7591-min-scaled.webp\",\"datePublished\":\"2025-09-19T09:31:04+00:00\",\"dateModified\":\"2026-04-09T12:07:35+00:00\",\"description\":\"Amiacalva is on Rendez-vous Store. This Amiacalva - AAF MESSENGER BAG (S) F036-BL-S - BLACK is built on the principle of using recycled materials.\",\"breadcrumb\":{\"@id\":\"https:\/\/rendez-vous-store.com\/shop\/rdvs-selection-discover-our-current-selection-rendez-vous-store\/rdvs-selection-men-rendez-vous-store-rendez-vous-store\/amiacalva-aaf-messenger-bag-s-f036-bl-s-black-rendez-vous-store\/#breadcrumb\"},\"inLanguage\":\"fr-FR\",\"potentialAction\":[{\"@type\":\"ReadAction\",\"target\":[\"https:\/\/rendez-vous-store.com\/shop\/rdvs-selection-discover-our-current-selection-rendez-vous-store\/rdvs-selection-men-rendez-vous-store-rendez-vous-store\/amiacalva-aaf-messenger-bag-s-f036-bl-s-black-rendez-vous-store\/\"]}]},{\"@type\":\"ImageObject\",\"inLanguage\":\"fr-FR\",\"@id\":\"https:\/\/rendez-vous-store.com\/shop\/rdvs-selection-discover-our-current-selection-rendez-vous-store\/rdvs-selection-men-rendez-vous-store-rendez-vous-store\/amiacalva-aaf-messenger-bag-s-f036-bl-s-black-rendez-vous-store\/#primaryimage\",\"url\":\"https:\/\/rendez-vous-store.com\/app\/uploads\/2025\/09\/IMG_7591-min-scaled.webp\",\"contentUrl\":\"https:\/\/rendez-vous-store.com\/app\/uploads\/2025\/09\/IMG_7591-min-scaled.webp\",\"width\":1707,\"height\":2560},{\"@type\":\"BreadcrumbList\",\"@id\":\"https:\/\/rendez-vous-store.com\/shop\/rdvs-selection-discover-our-current-selection-rendez-vous-store\/rdvs-selection-men-rendez-vous-store-rendez-vous-store\/amiacalva-aaf-messenger-bag-s-f036-bl-s-black-rendez-vous-store\/#breadcrumb\",\"itemListElement\":[{\"@type\":\"ListItem\",\"position\":1,\"name\":\"Home\",\"item\":\"https:\/\/rendez-vous-store.com\/\"},{\"@type\":\"ListItem\",\"position\":2,\"name\":\"Shop\",\"item\":\"https:\/\/www.rendez-vous-store.com\/shop\/\"},{\"@type\":\"ListItem\",\"position\":3,\"name\":\"Amiacalva &#8211; AAF MESSENGER BAG (S) F036-BL-S &#8211; BLACK\"}]},{\"@type\":\"WebSite\",\"@id\":\"https:\/\/rendez-vous-store.com\/#website\",\"url\":\"https:\/\/rendez-vous-store.com\/\",\"name\":\"RENDEZ-VOUS STORE\",\"description\":\"Slow Fashion for Women and Men\",\"potentialAction\":[{\"@type\":\"SearchAction\",\"target\":{\"@type\":\"EntryPoint\",\"urlTemplate\":\"https:\/\/rendez-vous-store.com\/?s={search_term_string}\"},\"query-input\":{\"@type\":\"PropertyValueSpecification\",\"valueRequired\":true,\"valueName\":\"search_term_string\"}}],\"inLanguage\":\"fr-FR\"}]}<\/script>\n<!-- \/ Yoast SEO plugin. -->","yoast_head_json":{"title":"Amiacalva AAF MESSENGER BAG (S) F036-BL-S BLACK","description":"Amiacalva is on Rendez-vous Store. This Amiacalva - AAF MESSENGER BAG (S) F036-BL-S - BLACK is built on the principle of using recycled materials.","robots":{"index":"index","follow":"follow","max-snippet":"max-snippet:-1","max-image-preview":"max-image-preview:large","max-video-preview":"max-video-preview:-1"},"canonical":"https:\/\/rendez-vous-store.com\/fr\/shop\/rdvs-selection-discover-our-current-selection-rendez-vous-store\/rdvs-selection-men-rendez-vous-store-rendez-vous-store\/amiacalva-aaf-messenger-bag-s-f036-bl-s-black-rendez-vous-store\/","og_locale":"fr_FR","og_type":"article","og_title":"Amiacalva AAF MESSENGER BAG (S) F036-BL-S BLACK","og_description":"Amiacalva is on Rendez-vous Store. This Amiacalva - AAF MESSENGER BAG (S) F036-BL-S - BLACK is built on the principle of using recycled materials.","og_url":"https:\/\/rendez-vous-store.com\/fr\/shop\/rdvs-selection-discover-our-current-selection-rendez-vous-store\/rdvs-selection-men-rendez-vous-store-rendez-vous-store\/amiacalva-aaf-messenger-bag-s-f036-bl-s-black-rendez-vous-store\/","og_site_name":"RENDEZ-VOUS STORE","article_modified_time":"2026-04-09T12:07:35+00:00","og_image":[{"width":1707,"height":2560,"url":"https:\/\/rendez-vous-store.com\/app\/uploads\/2025\/09\/IMG_7591-min-scaled.webp","type":"image\/webp"}],"twitter_card":"summary_large_image","twitter_misc":{"Est. reading time":"1 minute"},"schema":{"@context":"https:\/\/schema.org","@graph":[{"@type":"WebPage","@id":"https:\/\/rendez-vous-store.com\/shop\/rdvs-selection-discover-our-current-selection-rendez-vous-store\/rdvs-selection-men-rendez-vous-store-rendez-vous-store\/amiacalva-aaf-messenger-bag-s-f036-bl-s-black-rendez-vous-store\/","url":"https:\/\/rendez-vous-store.com\/shop\/rdvs-selection-discover-our-current-selection-rendez-vous-store\/rdvs-selection-men-rendez-vous-store-rendez-vous-store\/amiacalva-aaf-messenger-bag-s-f036-bl-s-black-rendez-vous-store\/","name":"Amiacalva AAF MESSENGER BAG (S) F036-BL-S BLACK","isPartOf":{"@id":"https:\/\/rendez-vous-store.com\/#website"},"primaryImageOfPage":{"@id":"https:\/\/rendez-vous-store.com\/shop\/rdvs-selection-discover-our-current-selection-rendez-vous-store\/rdvs-selection-men-rendez-vous-store-rendez-vous-store\/amiacalva-aaf-messenger-bag-s-f036-bl-s-black-rendez-vous-store\/#primaryimage"},"image":{"@id":"https:\/\/rendez-vous-store.com\/shop\/rdvs-selection-discover-our-current-selection-rendez-vous-store\/rdvs-selection-men-rendez-vous-store-rendez-vous-store\/amiacalva-aaf-messenger-bag-s-f036-bl-s-black-rendez-vous-store\/#primaryimage"},"thumbnailUrl":"https:\/\/rendez-vous-store.com\/app\/uploads\/2025\/09\/IMG_7591-min-scaled.webp","datePublished":"2025-09-19T09:31:04+00:00","dateModified":"2026-04-09T12:07:35+00:00","description":"Amiacalva is on Rendez-vous Store. This Amiacalva - AAF MESSENGER BAG (S) F036-BL-S - BLACK is built on the principle of using recycled materials.","breadcrumb":{"@id":"https:\/\/rendez-vous-store.com\/shop\/rdvs-selection-discover-our-current-selection-rendez-vous-store\/rdvs-selection-men-rendez-vous-store-rendez-vous-store\/amiacalva-aaf-messenger-bag-s-f036-bl-s-black-rendez-vous-store\/#breadcrumb"},"inLanguage":"fr-FR","potentialAction":[{"@type":"ReadAction","target":["https:\/\/rendez-vous-store.com\/shop\/rdvs-selection-discover-our-current-selection-rendez-vous-store\/rdvs-selection-men-rendez-vous-store-rendez-vous-store\/amiacalva-aaf-messenger-bag-s-f036-bl-s-black-rendez-vous-store\/"]}]},{"@type":"ImageObject","inLanguage":"fr-FR","@id":"https:\/\/rendez-vous-store.com\/shop\/rdvs-selection-discover-our-current-selection-rendez-vous-store\/rdvs-selection-men-rendez-vous-store-rendez-vous-store\/amiacalva-aaf-messenger-bag-s-f036-bl-s-black-rendez-vous-store\/#primaryimage","url":"https:\/\/rendez-vous-store.com\/app\/uploads\/2025\/09\/IMG_7591-min-scaled.webp","contentUrl":"https:\/\/rendez-vous-store.com\/app\/uploads\/2025\/09\/IMG_7591-min-scaled.webp","width":1707,"height":2560},{"@type":"BreadcrumbList","@id":"https:\/\/rendez-vous-store.com\/shop\/rdvs-selection-discover-our-current-selection-rendez-vous-store\/rdvs-selection-men-rendez-vous-store-rendez-vous-store\/amiacalva-aaf-messenger-bag-s-f036-bl-s-black-rendez-vous-store\/#breadcrumb","itemListElement":[{"@type":"ListItem","position":1,"name":"Home","item":"https:\/\/rendez-vous-store.com\/"},{"@type":"ListItem","position":2,"name":"Shop","item":"https:\/\/www.rendez-vous-store.com\/shop\/"},{"@type":"ListItem","position":3,"name":"Amiacalva &#8211; AAF MESSENGER BAG (S) F036-BL-S &#8211; BLACK"}]},{"@type":"WebSite","@id":"https:\/\/rendez-vous-store.com\/#website","url":"https:\/\/rendez-vous-store.com\/","name":"RENDEZ-VOUS STORE","description":"Slow Fashion for Women and Men","potentialAction":[{"@type":"SearchAction","target":{"@type":"EntryPoint","urlTemplate":"https:\/\/rendez-vous-store.com\/?s={search_term_string}"},"query-input":{"@type":"PropertyValueSpecification","valueRequired":true,"valueName":"search_term_string"}}],"inLanguage":"fr-FR"}]}},"_links":{"self":[{"href":"https:\/\/rendez-vous-store.com\/fr\/wp-json\/wp\/v2\/product\/214711","targetHints":{"allow":["GET"]}}],"collection":[{"href":"https:\/\/rendez-vous-store.com\/fr\/wp-json\/wp\/v2\/product"}],"about":[{"href":"https:\/\/rendez-vous-store.com\/fr\/wp-json\/wp\/v2\/types\/product"}],"wp:featuredmedia":[{"embeddable":true,"href":"https:\/\/rendez-vous-store.com\/fr\/wp-json\/wp\/v2\/media\/216925"}],"wp:attachment":[{"href":"https:\/\/rendez-vous-store.com\/fr\/wp-json\/wp\/v2\/media?parent=214711"}],"wp:term":[{"taxonomy":"product_brand","embeddable":true,"href":"https:\/\/rendez-vous-store.com\/fr\/wp-json\/wp\/v2\/product_brand?post=214711"},{"taxonomy":"product_cat","embeddable":true,"href":"https:\/\/rendez-vous-store.com\/fr\/wp-json\/wp\/v2\/product_cat?post=214711"},{"taxonomy":"product_tag","embeddable":true,"href":"https:\/\/rendez-vous-store.com\/fr\/wp-json\/wp\/v2\/product_tag?post=214711"}],"curies":[{"name":"wp","href":"https:\/\/api.w.org\/{rel}","templated":true}]}}