{"id":214709,"date":"2025-09-19T11:31:01","date_gmt":"2025-09-19T09:31:01","guid":{"rendered":"https:\/\/rendez-vous-store.com\/?post_type=product&#038;p=214709"},"modified":"2026-03-16T19:27:46","modified_gmt":"2026-03-16T18:27:46","slug":"amiacalva-karri-2way-shoulder-bagm-k008-bl-m-black","status":"publish","type":"product","link":"https:\/\/rendez-vous-store.com\/fr\/shop\/women\/women-bags-rendez-vous-store\/amiacalva-karri-2way-shoulder-bagm-k008-bl-m-black\/","title":{"rendered":"Amiacalva \u2013 SAC \u00c0 BANDOULI\u00c8RE KARRI 2WAY (M) K008-BL-M \u2013 NOIR"},"content":{"rendered":"<p><strong>Amiacalva \u2013 SAC \u00c0 BANDOULI\u00c8RE KARRI 2WAY (M) K008-BL-M \u2013 NOIR<\/strong><\/p>\n<p>Couleur : Noir<\/p>\n<p>Composition: 100% Polyester recycl\u00e9<\/p>\n<p>Fabriqu\u00e9 en Chine<\/p>\n<p>&nbsp;<\/p>\n<p>&nbsp;<\/p>\n<p>&nbsp;<\/p>\n<p>&nbsp;<\/p>\n<p>&nbsp;<\/p>\n<p><strong>La marque\u00a0<\/strong><\/p>\n<p>Amiacalva est une marque d\u2019accessoires japonaise qui incarne une philosophie intemporelle. Elle recherche l\u2019excellence, tant dans le design que dans la fonctionnalit\u00e9.\nLe nom de la marque provient d\u2019un poisson ancestral. Ce poisson a surv\u00e9cu pendant des si\u00e8cles sans \u00e9voluer, ni int\u00e9rieurement ni ext\u00e9rieurement.\nAmiacalva vise la perfection tant dans le design que dans la fonctionnalit\u00e9. \u00c0 l\u2019image du poisson, elle n\u2019a pas eu besoin de changer depuis sa cr\u00e9ation.<\/p>","protected":false},"excerpt":{"rendered":"<p>Amiacalva KARRI 2WAY SHOULDER BAG(M) K008-BL-M BLACK Color: Black Composition: 100% Recycled Polyester Made in China &nbsp; &nbsp; &nbsp; &nbsp; &nbsp; The brand\u00a0 Amiacalva is a Japanese accessory brand that represents a timeless philosophy. It pursues excellence in both design and functionality. The brand&#8217;s name comes from an ancient fish. This fish has survived for&hellip; <a class=\"more-link\" href=\"https:\/\/rendez-vous-store.com\/fr\/shop\/women\/women-bags-rendez-vous-store\/amiacalva-karri-2way-shoulder-bagm-k008-bl-m-black\/\">Continuer la lecture <span class=\"screen-reader-text\">Amiacalva \u2013 SAC \u00c0 BANDOULI\u00c8RE KARRI 2WAY (M) K008-BL-M \u2013 NOIR<\/span><\/a><\/p>","protected":false},"featured_media":216102,"template":"","meta":{"_acf_changed":false},"product_brand":[],"product_cat":[17,1062,417],"product_tag":[277],"class_list":{"0":"post-214709","1":"product","2":"type-product","3":"status-publish","4":"has-post-thumbnail","6":"product_cat-women","7":"product_cat-new-women-selection-rendez-vous-store","8":"product_cat-women-bags-rendez-vous-store","9":"product_tag-amiacalva","10":"entry","12":"first","13":"outofstock","14":"taxable","15":"shipping-taxable","16":"product-type-variable"},"acf":[],"yoast_head":"<!-- This site is optimized with the Yoast SEO plugin v24.9 - https:\/\/yoast.com\/wordpress\/plugins\/seo\/ -->\n<title>Amiacalva KARRI 2WAY SHOULDER BAG(M) K008-BL-M BLACK<\/title>\n<meta name=\"description\" content=\"Amiacalva is on Rendez-vous Store. This Amiacalva - KARRI 2WAY SHOULDER BAG(M) K008-BL-M - BLACK is built on the principle of using recycled materials.\" \/>\n<meta name=\"robots\" content=\"index, follow, max-snippet:-1, max-image-preview:large, max-video-preview:-1\" \/>\n<link rel=\"canonical\" href=\"https:\/\/rendez-vous-store.com\/fr\/shop\/women\/women-bags-rendez-vous-store\/amiacalva-karri-2way-shoulder-bagm-k008-bl-m-black\/\" \/>\n<meta property=\"og:locale\" content=\"fr_FR\" \/>\n<meta property=\"og:type\" content=\"article\" \/>\n<meta property=\"og:title\" content=\"Amiacalva KARRI 2WAY SHOULDER BAG(M) K008-BL-M BLACK\" \/>\n<meta property=\"og:description\" content=\"Amiacalva is on Rendez-vous Store. This Amiacalva - KARRI 2WAY SHOULDER BAG(M) K008-BL-M - BLACK is built on the principle of using recycled materials.\" \/>\n<meta property=\"og:url\" content=\"https:\/\/rendez-vous-store.com\/fr\/shop\/women\/women-bags-rendez-vous-store\/amiacalva-karri-2way-shoulder-bagm-k008-bl-m-black\/\" \/>\n<meta property=\"og:site_name\" content=\"RENDEZ-VOUS STORE\" \/>\n<meta property=\"article:modified_time\" content=\"2026-03-16T18:27:46+00:00\" \/>\n<meta property=\"og:image\" content=\"https:\/\/rendez-vous-store.com\/app\/uploads\/2025\/09\/rdv_bag_01-scaled.webp\" \/>\n\t<meta property=\"og:image:width\" content=\"1696\" \/>\n\t<meta property=\"og:image:height\" content=\"2560\" \/>\n\t<meta property=\"og:image:type\" content=\"image\/webp\" \/>\n<meta name=\"twitter:card\" content=\"summary_large_image\" \/>\n<meta name=\"twitter:label1\" content=\"Est. reading time\" \/>\n\t<meta name=\"twitter:data1\" content=\"1 minute\" \/>\n<script type=\"application\/ld+json\" class=\"yoast-schema-graph\">{\"@context\":\"https:\/\/schema.org\",\"@graph\":[{\"@type\":\"WebPage\",\"@id\":\"https:\/\/rendez-vous-store.com\/shop\/women\/women-bags-rendez-vous-store\/amiacalva-karri-2way-shoulder-bagm-k008-bl-m-black\/\",\"url\":\"https:\/\/rendez-vous-store.com\/shop\/women\/women-bags-rendez-vous-store\/amiacalva-karri-2way-shoulder-bagm-k008-bl-m-black\/\",\"name\":\"Amiacalva KARRI 2WAY SHOULDER BAG(M) K008-BL-M BLACK\",\"isPartOf\":{\"@id\":\"https:\/\/rendez-vous-store.com\/#website\"},\"primaryImageOfPage\":{\"@id\":\"https:\/\/rendez-vous-store.com\/shop\/women\/women-bags-rendez-vous-store\/amiacalva-karri-2way-shoulder-bagm-k008-bl-m-black\/#primaryimage\"},\"image\":{\"@id\":\"https:\/\/rendez-vous-store.com\/shop\/women\/women-bags-rendez-vous-store\/amiacalva-karri-2way-shoulder-bagm-k008-bl-m-black\/#primaryimage\"},\"thumbnailUrl\":\"https:\/\/rendez-vous-store.com\/app\/uploads\/2025\/09\/rdv_bag_01-scaled.webp\",\"datePublished\":\"2025-09-19T09:31:01+00:00\",\"dateModified\":\"2026-03-16T18:27:46+00:00\",\"description\":\"Amiacalva is on Rendez-vous Store. This Amiacalva - KARRI 2WAY SHOULDER BAG(M) K008-BL-M - BLACK is built on the principle of using recycled materials.\",\"breadcrumb\":{\"@id\":\"https:\/\/rendez-vous-store.com\/shop\/women\/women-bags-rendez-vous-store\/amiacalva-karri-2way-shoulder-bagm-k008-bl-m-black\/#breadcrumb\"},\"inLanguage\":\"fr-FR\",\"potentialAction\":[{\"@type\":\"ReadAction\",\"target\":[\"https:\/\/rendez-vous-store.com\/shop\/women\/women-bags-rendez-vous-store\/amiacalva-karri-2way-shoulder-bagm-k008-bl-m-black\/\"]}]},{\"@type\":\"ImageObject\",\"inLanguage\":\"fr-FR\",\"@id\":\"https:\/\/rendez-vous-store.com\/shop\/women\/women-bags-rendez-vous-store\/amiacalva-karri-2way-shoulder-bagm-k008-bl-m-black\/#primaryimage\",\"url\":\"https:\/\/rendez-vous-store.com\/app\/uploads\/2025\/09\/rdv_bag_01-scaled.webp\",\"contentUrl\":\"https:\/\/rendez-vous-store.com\/app\/uploads\/2025\/09\/rdv_bag_01-scaled.webp\",\"width\":1696,\"height\":2560},{\"@type\":\"BreadcrumbList\",\"@id\":\"https:\/\/rendez-vous-store.com\/shop\/women\/women-bags-rendez-vous-store\/amiacalva-karri-2way-shoulder-bagm-k008-bl-m-black\/#breadcrumb\",\"itemListElement\":[{\"@type\":\"ListItem\",\"position\":1,\"name\":\"Home\",\"item\":\"https:\/\/rendez-vous-store.com\/\"},{\"@type\":\"ListItem\",\"position\":2,\"name\":\"Shop\",\"item\":\"https:\/\/www.rendez-vous-store.com\/shop\/\"},{\"@type\":\"ListItem\",\"position\":3,\"name\":\"Amiacalva &#8211; KARRI 2WAY SHOULDER BAG(M) K008-BL-M &#8211; BLACK\"}]},{\"@type\":\"WebSite\",\"@id\":\"https:\/\/rendez-vous-store.com\/#website\",\"url\":\"https:\/\/rendez-vous-store.com\/\",\"name\":\"RENDEZ-VOUS STORE\",\"description\":\"Slow Fashion for Women and Men\",\"potentialAction\":[{\"@type\":\"SearchAction\",\"target\":{\"@type\":\"EntryPoint\",\"urlTemplate\":\"https:\/\/rendez-vous-store.com\/?s={search_term_string}\"},\"query-input\":{\"@type\":\"PropertyValueSpecification\",\"valueRequired\":true,\"valueName\":\"search_term_string\"}}],\"inLanguage\":\"fr-FR\"}]}<\/script>\n<!-- \/ Yoast SEO plugin. -->","yoast_head_json":{"title":"Amiacalva KARRI 2WAY SHOULDER BAG(M) K008-BL-M BLACK","description":"Amiacalva is on Rendez-vous Store. This Amiacalva - KARRI 2WAY SHOULDER BAG(M) K008-BL-M - BLACK is built on the principle of using recycled materials.","robots":{"index":"index","follow":"follow","max-snippet":"max-snippet:-1","max-image-preview":"max-image-preview:large","max-video-preview":"max-video-preview:-1"},"canonical":"https:\/\/rendez-vous-store.com\/fr\/shop\/women\/women-bags-rendez-vous-store\/amiacalva-karri-2way-shoulder-bagm-k008-bl-m-black\/","og_locale":"fr_FR","og_type":"article","og_title":"Amiacalva KARRI 2WAY SHOULDER BAG(M) K008-BL-M BLACK","og_description":"Amiacalva is on Rendez-vous Store. This Amiacalva - KARRI 2WAY SHOULDER BAG(M) K008-BL-M - BLACK is built on the principle of using recycled materials.","og_url":"https:\/\/rendez-vous-store.com\/fr\/shop\/women\/women-bags-rendez-vous-store\/amiacalva-karri-2way-shoulder-bagm-k008-bl-m-black\/","og_site_name":"RENDEZ-VOUS STORE","article_modified_time":"2026-03-16T18:27:46+00:00","og_image":[{"width":1696,"height":2560,"url":"https:\/\/rendez-vous-store.com\/app\/uploads\/2025\/09\/rdv_bag_01-scaled.webp","type":"image\/webp"}],"twitter_card":"summary_large_image","twitter_misc":{"Est. reading time":"1 minute"},"schema":{"@context":"https:\/\/schema.org","@graph":[{"@type":"WebPage","@id":"https:\/\/rendez-vous-store.com\/shop\/women\/women-bags-rendez-vous-store\/amiacalva-karri-2way-shoulder-bagm-k008-bl-m-black\/","url":"https:\/\/rendez-vous-store.com\/shop\/women\/women-bags-rendez-vous-store\/amiacalva-karri-2way-shoulder-bagm-k008-bl-m-black\/","name":"Amiacalva KARRI 2WAY SHOULDER BAG(M) K008-BL-M BLACK","isPartOf":{"@id":"https:\/\/rendez-vous-store.com\/#website"},"primaryImageOfPage":{"@id":"https:\/\/rendez-vous-store.com\/shop\/women\/women-bags-rendez-vous-store\/amiacalva-karri-2way-shoulder-bagm-k008-bl-m-black\/#primaryimage"},"image":{"@id":"https:\/\/rendez-vous-store.com\/shop\/women\/women-bags-rendez-vous-store\/amiacalva-karri-2way-shoulder-bagm-k008-bl-m-black\/#primaryimage"},"thumbnailUrl":"https:\/\/rendez-vous-store.com\/app\/uploads\/2025\/09\/rdv_bag_01-scaled.webp","datePublished":"2025-09-19T09:31:01+00:00","dateModified":"2026-03-16T18:27:46+00:00","description":"Amiacalva is on Rendez-vous Store. This Amiacalva - KARRI 2WAY SHOULDER BAG(M) K008-BL-M - BLACK is built on the principle of using recycled materials.","breadcrumb":{"@id":"https:\/\/rendez-vous-store.com\/shop\/women\/women-bags-rendez-vous-store\/amiacalva-karri-2way-shoulder-bagm-k008-bl-m-black\/#breadcrumb"},"inLanguage":"fr-FR","potentialAction":[{"@type":"ReadAction","target":["https:\/\/rendez-vous-store.com\/shop\/women\/women-bags-rendez-vous-store\/amiacalva-karri-2way-shoulder-bagm-k008-bl-m-black\/"]}]},{"@type":"ImageObject","inLanguage":"fr-FR","@id":"https:\/\/rendez-vous-store.com\/shop\/women\/women-bags-rendez-vous-store\/amiacalva-karri-2way-shoulder-bagm-k008-bl-m-black\/#primaryimage","url":"https:\/\/rendez-vous-store.com\/app\/uploads\/2025\/09\/rdv_bag_01-scaled.webp","contentUrl":"https:\/\/rendez-vous-store.com\/app\/uploads\/2025\/09\/rdv_bag_01-scaled.webp","width":1696,"height":2560},{"@type":"BreadcrumbList","@id":"https:\/\/rendez-vous-store.com\/shop\/women\/women-bags-rendez-vous-store\/amiacalva-karri-2way-shoulder-bagm-k008-bl-m-black\/#breadcrumb","itemListElement":[{"@type":"ListItem","position":1,"name":"Home","item":"https:\/\/rendez-vous-store.com\/"},{"@type":"ListItem","position":2,"name":"Shop","item":"https:\/\/www.rendez-vous-store.com\/shop\/"},{"@type":"ListItem","position":3,"name":"Amiacalva &#8211; KARRI 2WAY SHOULDER BAG(M) K008-BL-M &#8211; BLACK"}]},{"@type":"WebSite","@id":"https:\/\/rendez-vous-store.com\/#website","url":"https:\/\/rendez-vous-store.com\/","name":"RENDEZ-VOUS STORE","description":"Slow Fashion for Women and Men","potentialAction":[{"@type":"SearchAction","target":{"@type":"EntryPoint","urlTemplate":"https:\/\/rendez-vous-store.com\/?s={search_term_string}"},"query-input":{"@type":"PropertyValueSpecification","valueRequired":true,"valueName":"search_term_string"}}],"inLanguage":"fr-FR"}]}},"_links":{"self":[{"href":"https:\/\/rendez-vous-store.com\/fr\/wp-json\/wp\/v2\/product\/214709","targetHints":{"allow":["GET"]}}],"collection":[{"href":"https:\/\/rendez-vous-store.com\/fr\/wp-json\/wp\/v2\/product"}],"about":[{"href":"https:\/\/rendez-vous-store.com\/fr\/wp-json\/wp\/v2\/types\/product"}],"wp:featuredmedia":[{"embeddable":true,"href":"https:\/\/rendez-vous-store.com\/fr\/wp-json\/wp\/v2\/media\/216102"}],"wp:attachment":[{"href":"https:\/\/rendez-vous-store.com\/fr\/wp-json\/wp\/v2\/media?parent=214709"}],"wp:term":[{"taxonomy":"product_brand","embeddable":true,"href":"https:\/\/rendez-vous-store.com\/fr\/wp-json\/wp\/v2\/product_brand?post=214709"},{"taxonomy":"product_cat","embeddable":true,"href":"https:\/\/rendez-vous-store.com\/fr\/wp-json\/wp\/v2\/product_cat?post=214709"},{"taxonomy":"product_tag","embeddable":true,"href":"https:\/\/rendez-vous-store.com\/fr\/wp-json\/wp\/v2\/product_tag?post=214709"}],"curies":[{"name":"wp","href":"https:\/\/api.w.org\/{rel}","templated":true}]}}