{"id":214703,"date":"2025-09-19T11:30:56","date_gmt":"2025-09-19T09:30:56","guid":{"rendered":"https:\/\/rendez-vous-store.com\/?post_type=product&#038;p=214703"},"modified":"2026-04-03T17:24:11","modified_gmt":"2026-04-03T15:24:11","slug":"amiacalva-karri-2way-totel-k006-l-black","status":"publish","type":"product","link":"https:\/\/rendez-vous-store.com\/fr\/shop\/men-selection-discover-our-selection-rendez-vous-store\/bags-rendez-vous-store\/amiacalva-karri-2way-totel-k006-l-black\/","title":{"rendered":"Amiacalva \u2013 KARRI 2WAY TOTE(L) K006-L \u2013 NOIR"},"content":{"rendered":"<p><strong>Amiacalva KARRI 2WAY TOTE(L) K006-L NOIR<\/strong><\/p>\n<p>Couleur : Noir<\/p>\n<p>Taille\u00a0: L\u00a0: 480\u00a0mm, H\u00a0: 380\u00a0mm, P\u00a0: 130\u00a0mm, S\u00a0: 1\u00a0480\u00a0mm<\/p>\n<p>Poids: 720g<\/p>\n<p>Composition: 100% Polyester recycl\u00e9<\/p>\n<p>Fabriqu\u00e9 au Japon<\/p>\n<p>&nbsp;<\/p>\n<p>&nbsp;<\/p>\n<p>&nbsp;<\/p>\n<p>&nbsp;<\/p>\n<p>&nbsp;<\/p>\n<p><strong>La marque\u00a0<\/strong><\/p>\n<p>Amiacalva est une marque d\u2019accessoires japonaise qui incarne une philosophie intemporelle. Elle recherche l\u2019excellence, tant dans le design que dans la fonctionnalit\u00e9.\nLe nom de la marque provient d\u2019un poisson ancestral. Ce poisson a surv\u00e9cu pendant des si\u00e8cles sans \u00e9voluer, ni int\u00e9rieurement ni ext\u00e9rieurement.\nAmiacalva vise la perfection tant dans le design que dans la fonctionnalit\u00e9. \u00c0 l\u2019image du poisson, elle n\u2019a pas eu besoin de changer depuis sa cr\u00e9ation.<\/p>","protected":false},"excerpt":{"rendered":"<p>Amiacalva KARRI 2WAY TOTE(L) K006-L BLACK Color: Black Size: W: 480mm, H: 380mm, D: 130mm, S: 1480mm Weight: 720g Composition: 100% Recycled Polyester Made in Japan &nbsp; &nbsp; &nbsp; &nbsp; &nbsp; The brand\u00a0 Amiacalva is a Japanese accessory brand that represents a timeless philosophy. It pursues excellence in both design and functionality. The brand&#8217;s name&hellip; <a class=\"more-link\" href=\"https:\/\/rendez-vous-store.com\/fr\/shop\/men-selection-discover-our-selection-rendez-vous-store\/bags-rendez-vous-store\/amiacalva-karri-2way-totel-k006-l-black\/\">Continuer la lecture <span class=\"screen-reader-text\">Amiacalva \u2013 KARRI 2WAY TOTE(L) K006-L \u2013 NOIR<\/span><\/a><\/p>","protected":false},"featured_media":216133,"template":"","meta":{"_acf_changed":false},"product_brand":[],"product_cat":[20,197],"product_tag":[277],"class_list":{"0":"post-214703","1":"product","2":"type-product","3":"status-publish","4":"has-post-thumbnail","6":"product_cat-men-selection-discover-our-selection-rendez-vous-store","7":"product_cat-bags-rendez-vous-store","8":"product_tag-amiacalva","9":"entry","11":"first","12":"instock","13":"taxable","14":"shipping-taxable","15":"purchasable","16":"product-type-variable"},"acf":[],"yoast_head":"<!-- This site is optimized with the Yoast SEO plugin v24.9 - https:\/\/yoast.com\/wordpress\/plugins\/seo\/ -->\n<title>Amiacalva KARRI 2WAY TOTE(L) K006-L BLACK<\/title>\n<meta name=\"description\" content=\"Amiacalva is on Rendez-vous Store. This Amiacalva - KARRI 2WAY TOTE(L) K006-L - BLACK is built on the principle of using recycled materials.\" \/>\n<meta name=\"robots\" content=\"index, follow, max-snippet:-1, max-image-preview:large, max-video-preview:-1\" \/>\n<link rel=\"canonical\" href=\"https:\/\/rendez-vous-store.com\/fr\/shop\/men-selection-discover-our-selection-rendez-vous-store\/bags-rendez-vous-store\/amiacalva-karri-2way-totel-k006-l-black\/\" \/>\n<meta property=\"og:locale\" content=\"fr_FR\" \/>\n<meta property=\"og:type\" content=\"article\" \/>\n<meta property=\"og:title\" content=\"Amiacalva KARRI 2WAY TOTE(L) K006-L BLACK\" \/>\n<meta property=\"og:description\" content=\"Amiacalva is on Rendez-vous Store. This Amiacalva - KARRI 2WAY TOTE(L) K006-L - BLACK is built on the principle of using recycled materials.\" \/>\n<meta property=\"og:url\" content=\"https:\/\/rendez-vous-store.com\/fr\/shop\/men-selection-discover-our-selection-rendez-vous-store\/bags-rendez-vous-store\/amiacalva-karri-2way-totel-k006-l-black\/\" \/>\n<meta property=\"og:site_name\" content=\"RENDEZ-VOUS STORE\" \/>\n<meta property=\"article:modified_time\" content=\"2026-04-03T15:24:11+00:00\" \/>\n<meta property=\"og:image\" content=\"https:\/\/rendez-vous-store.com\/app\/uploads\/2025\/09\/rdv_bag_30-scaled.webp\" \/>\n\t<meta property=\"og:image:width\" content=\"1696\" \/>\n\t<meta property=\"og:image:height\" content=\"2560\" \/>\n\t<meta property=\"og:image:type\" content=\"image\/webp\" \/>\n<meta name=\"twitter:card\" content=\"summary_large_image\" \/>\n<meta name=\"twitter:label1\" content=\"Est. reading time\" \/>\n\t<meta name=\"twitter:data1\" content=\"1 minute\" \/>\n<script type=\"application\/ld+json\" class=\"yoast-schema-graph\">{\"@context\":\"https:\/\/schema.org\",\"@graph\":[{\"@type\":\"WebPage\",\"@id\":\"https:\/\/rendez-vous-store.com\/shop\/men-selection-discover-our-selection-rendez-vous-store\/bags-rendez-vous-store\/amiacalva-karri-2way-totel-k006-l-black\/\",\"url\":\"https:\/\/rendez-vous-store.com\/shop\/men-selection-discover-our-selection-rendez-vous-store\/bags-rendez-vous-store\/amiacalva-karri-2way-totel-k006-l-black\/\",\"name\":\"Amiacalva KARRI 2WAY TOTE(L) K006-L BLACK\",\"isPartOf\":{\"@id\":\"https:\/\/rendez-vous-store.com\/#website\"},\"primaryImageOfPage\":{\"@id\":\"https:\/\/rendez-vous-store.com\/shop\/men-selection-discover-our-selection-rendez-vous-store\/bags-rendez-vous-store\/amiacalva-karri-2way-totel-k006-l-black\/#primaryimage\"},\"image\":{\"@id\":\"https:\/\/rendez-vous-store.com\/shop\/men-selection-discover-our-selection-rendez-vous-store\/bags-rendez-vous-store\/amiacalva-karri-2way-totel-k006-l-black\/#primaryimage\"},\"thumbnailUrl\":\"https:\/\/rendez-vous-store.com\/app\/uploads\/2025\/09\/rdv_bag_30-scaled.webp\",\"datePublished\":\"2025-09-19T09:30:56+00:00\",\"dateModified\":\"2026-04-03T15:24:11+00:00\",\"description\":\"Amiacalva is on Rendez-vous Store. This Amiacalva - KARRI 2WAY TOTE(L) K006-L - BLACK is built on the principle of using recycled materials.\",\"breadcrumb\":{\"@id\":\"https:\/\/rendez-vous-store.com\/shop\/men-selection-discover-our-selection-rendez-vous-store\/bags-rendez-vous-store\/amiacalva-karri-2way-totel-k006-l-black\/#breadcrumb\"},\"inLanguage\":\"fr-FR\",\"potentialAction\":[{\"@type\":\"ReadAction\",\"target\":[\"https:\/\/rendez-vous-store.com\/shop\/men-selection-discover-our-selection-rendez-vous-store\/bags-rendez-vous-store\/amiacalva-karri-2way-totel-k006-l-black\/\"]}]},{\"@type\":\"ImageObject\",\"inLanguage\":\"fr-FR\",\"@id\":\"https:\/\/rendez-vous-store.com\/shop\/men-selection-discover-our-selection-rendez-vous-store\/bags-rendez-vous-store\/amiacalva-karri-2way-totel-k006-l-black\/#primaryimage\",\"url\":\"https:\/\/rendez-vous-store.com\/app\/uploads\/2025\/09\/rdv_bag_30-scaled.webp\",\"contentUrl\":\"https:\/\/rendez-vous-store.com\/app\/uploads\/2025\/09\/rdv_bag_30-scaled.webp\",\"width\":1696,\"height\":2560},{\"@type\":\"BreadcrumbList\",\"@id\":\"https:\/\/rendez-vous-store.com\/shop\/men-selection-discover-our-selection-rendez-vous-store\/bags-rendez-vous-store\/amiacalva-karri-2way-totel-k006-l-black\/#breadcrumb\",\"itemListElement\":[{\"@type\":\"ListItem\",\"position\":1,\"name\":\"Home\",\"item\":\"https:\/\/rendez-vous-store.com\/\"},{\"@type\":\"ListItem\",\"position\":2,\"name\":\"Shop\",\"item\":\"https:\/\/www.rendez-vous-store.com\/shop\/\"},{\"@type\":\"ListItem\",\"position\":3,\"name\":\"Amiacalva &#8211; KARRI 2WAY TOTE(L) K006-L &#8211; BLACK\"}]},{\"@type\":\"WebSite\",\"@id\":\"https:\/\/rendez-vous-store.com\/#website\",\"url\":\"https:\/\/rendez-vous-store.com\/\",\"name\":\"RENDEZ-VOUS STORE\",\"description\":\"Slow Fashion for Women and Men\",\"potentialAction\":[{\"@type\":\"SearchAction\",\"target\":{\"@type\":\"EntryPoint\",\"urlTemplate\":\"https:\/\/rendez-vous-store.com\/?s={search_term_string}\"},\"query-input\":{\"@type\":\"PropertyValueSpecification\",\"valueRequired\":true,\"valueName\":\"search_term_string\"}}],\"inLanguage\":\"fr-FR\"}]}<\/script>\n<!-- \/ Yoast SEO plugin. -->","yoast_head_json":{"title":"Amiacalva KARRI 2WAY TOTE(L) K006-L BLACK","description":"Amiacalva is on Rendez-vous Store. This Amiacalva - KARRI 2WAY TOTE(L) K006-L - BLACK is built on the principle of using recycled materials.","robots":{"index":"index","follow":"follow","max-snippet":"max-snippet:-1","max-image-preview":"max-image-preview:large","max-video-preview":"max-video-preview:-1"},"canonical":"https:\/\/rendez-vous-store.com\/fr\/shop\/men-selection-discover-our-selection-rendez-vous-store\/bags-rendez-vous-store\/amiacalva-karri-2way-totel-k006-l-black\/","og_locale":"fr_FR","og_type":"article","og_title":"Amiacalva KARRI 2WAY TOTE(L) K006-L BLACK","og_description":"Amiacalva is on Rendez-vous Store. This Amiacalva - KARRI 2WAY TOTE(L) K006-L - BLACK is built on the principle of using recycled materials.","og_url":"https:\/\/rendez-vous-store.com\/fr\/shop\/men-selection-discover-our-selection-rendez-vous-store\/bags-rendez-vous-store\/amiacalva-karri-2way-totel-k006-l-black\/","og_site_name":"RENDEZ-VOUS STORE","article_modified_time":"2026-04-03T15:24:11+00:00","og_image":[{"width":1696,"height":2560,"url":"https:\/\/rendez-vous-store.com\/app\/uploads\/2025\/09\/rdv_bag_30-scaled.webp","type":"image\/webp"}],"twitter_card":"summary_large_image","twitter_misc":{"Est. reading time":"1 minute"},"schema":{"@context":"https:\/\/schema.org","@graph":[{"@type":"WebPage","@id":"https:\/\/rendez-vous-store.com\/shop\/men-selection-discover-our-selection-rendez-vous-store\/bags-rendez-vous-store\/amiacalva-karri-2way-totel-k006-l-black\/","url":"https:\/\/rendez-vous-store.com\/shop\/men-selection-discover-our-selection-rendez-vous-store\/bags-rendez-vous-store\/amiacalva-karri-2way-totel-k006-l-black\/","name":"Amiacalva KARRI 2WAY TOTE(L) K006-L BLACK","isPartOf":{"@id":"https:\/\/rendez-vous-store.com\/#website"},"primaryImageOfPage":{"@id":"https:\/\/rendez-vous-store.com\/shop\/men-selection-discover-our-selection-rendez-vous-store\/bags-rendez-vous-store\/amiacalva-karri-2way-totel-k006-l-black\/#primaryimage"},"image":{"@id":"https:\/\/rendez-vous-store.com\/shop\/men-selection-discover-our-selection-rendez-vous-store\/bags-rendez-vous-store\/amiacalva-karri-2way-totel-k006-l-black\/#primaryimage"},"thumbnailUrl":"https:\/\/rendez-vous-store.com\/app\/uploads\/2025\/09\/rdv_bag_30-scaled.webp","datePublished":"2025-09-19T09:30:56+00:00","dateModified":"2026-04-03T15:24:11+00:00","description":"Amiacalva is on Rendez-vous Store. This Amiacalva - KARRI 2WAY TOTE(L) K006-L - BLACK is built on the principle of using recycled materials.","breadcrumb":{"@id":"https:\/\/rendez-vous-store.com\/shop\/men-selection-discover-our-selection-rendez-vous-store\/bags-rendez-vous-store\/amiacalva-karri-2way-totel-k006-l-black\/#breadcrumb"},"inLanguage":"fr-FR","potentialAction":[{"@type":"ReadAction","target":["https:\/\/rendez-vous-store.com\/shop\/men-selection-discover-our-selection-rendez-vous-store\/bags-rendez-vous-store\/amiacalva-karri-2way-totel-k006-l-black\/"]}]},{"@type":"ImageObject","inLanguage":"fr-FR","@id":"https:\/\/rendez-vous-store.com\/shop\/men-selection-discover-our-selection-rendez-vous-store\/bags-rendez-vous-store\/amiacalva-karri-2way-totel-k006-l-black\/#primaryimage","url":"https:\/\/rendez-vous-store.com\/app\/uploads\/2025\/09\/rdv_bag_30-scaled.webp","contentUrl":"https:\/\/rendez-vous-store.com\/app\/uploads\/2025\/09\/rdv_bag_30-scaled.webp","width":1696,"height":2560},{"@type":"BreadcrumbList","@id":"https:\/\/rendez-vous-store.com\/shop\/men-selection-discover-our-selection-rendez-vous-store\/bags-rendez-vous-store\/amiacalva-karri-2way-totel-k006-l-black\/#breadcrumb","itemListElement":[{"@type":"ListItem","position":1,"name":"Home","item":"https:\/\/rendez-vous-store.com\/"},{"@type":"ListItem","position":2,"name":"Shop","item":"https:\/\/www.rendez-vous-store.com\/shop\/"},{"@type":"ListItem","position":3,"name":"Amiacalva &#8211; KARRI 2WAY TOTE(L) K006-L &#8211; BLACK"}]},{"@type":"WebSite","@id":"https:\/\/rendez-vous-store.com\/#website","url":"https:\/\/rendez-vous-store.com\/","name":"RENDEZ-VOUS STORE","description":"Slow Fashion for Women and Men","potentialAction":[{"@type":"SearchAction","target":{"@type":"EntryPoint","urlTemplate":"https:\/\/rendez-vous-store.com\/?s={search_term_string}"},"query-input":{"@type":"PropertyValueSpecification","valueRequired":true,"valueName":"search_term_string"}}],"inLanguage":"fr-FR"}]}},"_links":{"self":[{"href":"https:\/\/rendez-vous-store.com\/fr\/wp-json\/wp\/v2\/product\/214703","targetHints":{"allow":["GET"]}}],"collection":[{"href":"https:\/\/rendez-vous-store.com\/fr\/wp-json\/wp\/v2\/product"}],"about":[{"href":"https:\/\/rendez-vous-store.com\/fr\/wp-json\/wp\/v2\/types\/product"}],"wp:featuredmedia":[{"embeddable":true,"href":"https:\/\/rendez-vous-store.com\/fr\/wp-json\/wp\/v2\/media\/216133"}],"wp:attachment":[{"href":"https:\/\/rendez-vous-store.com\/fr\/wp-json\/wp\/v2\/media?parent=214703"}],"wp:term":[{"taxonomy":"product_brand","embeddable":true,"href":"https:\/\/rendez-vous-store.com\/fr\/wp-json\/wp\/v2\/product_brand?post=214703"},{"taxonomy":"product_cat","embeddable":true,"href":"https:\/\/rendez-vous-store.com\/fr\/wp-json\/wp\/v2\/product_cat?post=214703"},{"taxonomy":"product_tag","embeddable":true,"href":"https:\/\/rendez-vous-store.com\/fr\/wp-json\/wp\/v2\/product_tag?post=214703"}],"curies":[{"name":"wp","href":"https:\/\/api.w.org\/{rel}","templated":true}]}}