{"id":213603,"date":"2025-09-09T16:31:48","date_gmt":"2025-09-09T14:31:48","guid":{"rendered":"https:\/\/rendez-vous-store.com\/?post_type=product&#038;p=213603"},"modified":"2026-03-16T19:22:34","modified_gmt":"2026-03-16T18:22:34","slug":"marsell-tubetto-ankle-boots-woman-dark-brown-rendez-vous-store","status":"publish","type":"product","link":"https:\/\/rendez-vous-store.com\/fr\/shop\/special-offer-women-rendez-vous-store\/women-shoes-special-offer\/marsell-tubetto-ankle-boots-woman-dark-brown-rendez-vous-store\/","title":{"rendered":"Mars\u00e8ll \u2013 Bottines Tubetto Femme \u2013 Marron fonc\u00e9"},"content":{"rendered":"<p><strong>Mars\u00e8ll Bottines Tubetto Femme Marron fonc\u00e9<\/strong><\/p>\n<p>Couleur : marron fonc\u00e9<\/p>\n<p>Doublure en cuir poli<\/p>\n<p>Surpiq\u00fbres \u00e0 la ceinture<\/p>\n<p>Talon en cuir empil\u00e9 avec caoutchouc<\/p>\n<p>Composition : 100 % cuir de veau<\/p>\n<div class=\"s-column pdp-scroll__column-container\" data-v-31b65e0c=\"\" data-v-2bb7c15b=\"\">\n<div class=\"pdp-scroll__column-content\" data-v-31b65e0c=\"\">\n<div class=\"pdp-scroll__column-content--full-wdith pdp-scroll__column-content--left\" data-v-31b65e0c=\"\">\n<div class=\"s-row\" data-v-31b65e0c=\"\">\n<div class=\"s-column pdp-product-description\">\n<div class=\"s-row\">\n<div class=\"s-column\">\n<p class=\"s-text\">Fabriqu\u00e9 en Italie.<\/p>\n<\/div>\n<\/div>\n<h4 data-test=\"pdpProductDescriptionContainerText\">La marque<\/h4>\n<p>Mars\u00e8ll, marque de luxe italienne distingu\u00e9e, se distingue par son savoir-faire exquis, ses designs avant-gardistes et son \u00e9l\u00e9gance intemporelle. Fond\u00e9e en 2001 par les fr\u00e8res Marco et Elisa Cima, la marque s'est rapidement impos\u00e9e dans le monde de la mode, s'attirant les faveurs du monde entier pour son esth\u00e9tique distinctive et son souci du d\u00e9tail.<\/p>\n<p>Mars\u00e8ll axe sa philosophie sur un profond respect de la tradition et de l'artisanat, tout en adoptant un design audacieux et novateur. En Italie, des artisans qualifi\u00e9s fabriquent m\u00e9ticuleusement chaque pi\u00e8ce \u00e0 la main en utilisant des techniques traditionnelles transmises de g\u00e9n\u00e9ration en g\u00e9n\u00e9ration. Ce d\u00e9vouement se traduit par des chaussures et des articles de maroquinerie d'une qualit\u00e9 et d'une beaut\u00e9 exceptionnelles.<\/p>\n<\/div>\n<\/div>\n<\/div>\n<\/div>\n<\/div>\n<div class=\"pdp-desktop__content--gutter\" data-v-2bb7c15b=\"\"><\/div>\n<div class=\"s-column pdp-desktop__content--center\" data-v-31b65e0c=\"\" data-v-2bb7c15b=\"\">\n<div data-v-31b65e0c=\"\">\n<div data-v-31b65e0c=\"\">\n<div class=\"pdp-images__desktop\">\n<div class=\"image-wrapper image-wrapper-with-banner\"><picture class=\"pdp-image pdp-image--desktop\" data-v-ac2a1c2a=\"\"><source srcset=\"https:\/\/img.ssensemedia.com\/images\/f_auto,c_limit,h_2800,w_1725\/252349F113009_1\/marsell-brown-tubetto-boots.jpg\" media=\"(min-width: 1200px)\" data-v-ac2a1c2a=\"\" data-srcset=\"https:\/\/img.ssensemedia.com\/images\/f_auto,c_limit,h_2800,w_1725\/252349F113009_1\/marsell-brown-tubetto-boots.jpg\" \/><source srcset=\"https:\/\/img.ssensemedia.com\/images\/b_white,c_lpad,g_center,h_1412,w_940\/c_scale,h_960\/f_auto,dpr_2.0\/252349F113009_1\/marsell-brown-tubetto-boots.jpg\" media=\"(min-width: 768px)\" data-v-ac2a1c2a=\"\" data-srcset=\"https:\/\/img.ssensemedia.com\/images\/b_white,c_lpad,g_center,h_1412,w_940\/c_scale,h_960\/f_auto,dpr_2.0\/252349F113009_1\/marsell-brown-tubetto-boots.jpg\" \/><\/picture><\/div>\n<\/div>\n<\/div>\n<\/div>\n<\/div>","protected":false},"excerpt":{"rendered":"<p>Mars\u00e8ll Tubetto Ankle Boots Woman Dark Brown Color: Dark Brown Buffed leather lining Topstitching at welt Stacked leather heel with rubber injection Composition : 100% Calf Leather Made in Italy. The Brand Mars\u00e8ll, a distinguished Italian luxury brand, stands out for its exquisite craftsmanship, avant-garde designs, and timeless elegance. Founded in 2001 by siblings Marco&hellip; <a class=\"more-link\" href=\"https:\/\/rendez-vous-store.com\/fr\/shop\/special-offer-women-rendez-vous-store\/women-shoes-special-offer\/marsell-tubetto-ankle-boots-woman-dark-brown-rendez-vous-store\/\">Continuer la lecture <span class=\"screen-reader-text\">Mars\u00e8ll \u2013 Bottines Tubetto Femme \u2013 Marron fonc\u00e9<\/span><\/a><\/p>","protected":false},"featured_media":214403,"template":"","meta":{"_acf_changed":false},"product_brand":[],"product_cat":[1292,1344,1335,17,293],"product_tag":[804],"class_list":{"0":"post-213603","1":"product","2":"type-product","3":"status-publish","4":"has-post-thumbnail","6":"product_cat-1292","7":"product_cat-women-shoes-special-offer","8":"product_cat-special-offer-women-rendez-vous-store","9":"product_cat-women","10":"product_cat-women-shoes-heels-discover-our-selection-rendez-vous-store","11":"product_tag-marsell","12":"entry","14":"first","15":"instock","16":"taxable","17":"shipping-taxable","18":"purchasable","19":"product-type-variable","20":"has-default-attributes"},"acf":[],"yoast_head":"<!-- This site is optimized with the Yoast SEO plugin v24.9 - https:\/\/yoast.com\/wordpress\/plugins\/seo\/ -->\n<title>Mars\u00e8ll Tubetto Ankle Boots Woman Dark Brown<\/title>\n<meta name=\"description\" content=\"Mars\u00e8ll is on Rendez-vous Store. This Mars\u00e8ll Tubetto Ankle Boots Woman Dark Brown represents the expression of a new craft culture.\" \/>\n<meta name=\"robots\" content=\"index, follow, max-snippet:-1, max-image-preview:large, max-video-preview:-1\" \/>\n<link rel=\"canonical\" href=\"https:\/\/rendez-vous-store.com\/fr\/shop\/special-offer-women-rendez-vous-store\/women-shoes-special-offer\/marsell-tubetto-ankle-boots-woman-dark-brown-rendez-vous-store\/\" \/>\n<meta property=\"og:locale\" content=\"fr_FR\" \/>\n<meta property=\"og:type\" content=\"article\" \/>\n<meta property=\"og:title\" content=\"Mars\u00e8ll Tubetto Ankle Boots Woman Dark Brown\" \/>\n<meta property=\"og:description\" content=\"Mars\u00e8ll is on Rendez-vous Store. This Mars\u00e8ll Tubetto Ankle Boots Woman Dark Brown represents the expression of a new craft culture.\" \/>\n<meta property=\"og:url\" content=\"https:\/\/rendez-vous-store.com\/fr\/shop\/special-offer-women-rendez-vous-store\/women-shoes-special-offer\/marsell-tubetto-ankle-boots-woman-dark-brown-rendez-vous-store\/\" \/>\n<meta property=\"og:site_name\" content=\"RENDEZ-VOUS STORE\" \/>\n<meta property=\"article:modified_time\" content=\"2026-03-16T18:22:34+00:00\" \/>\n<meta property=\"og:image\" content=\"https:\/\/rendez-vous-store.com\/app\/uploads\/2025\/09\/IMG_5731-min-scaled.webp\" \/>\n\t<meta property=\"og:image:width\" content=\"1707\" \/>\n\t<meta property=\"og:image:height\" content=\"2560\" \/>\n\t<meta property=\"og:image:type\" content=\"image\/webp\" \/>\n<meta name=\"twitter:card\" content=\"summary_large_image\" \/>\n<meta name=\"twitter:label1\" content=\"Est. reading time\" \/>\n\t<meta name=\"twitter:data1\" content=\"1 minute\" \/>\n<script type=\"application\/ld+json\" class=\"yoast-schema-graph\">{\"@context\":\"https:\/\/schema.org\",\"@graph\":[{\"@type\":\"WebPage\",\"@id\":\"https:\/\/rendez-vous-store.com\/shop\/special-offer-women-rendez-vous-store\/women-shoes-special-offer\/marsell-tubetto-ankle-boots-woman-dark-brown-rendez-vous-store\/\",\"url\":\"https:\/\/rendez-vous-store.com\/shop\/special-offer-women-rendez-vous-store\/women-shoes-special-offer\/marsell-tubetto-ankle-boots-woman-dark-brown-rendez-vous-store\/\",\"name\":\"Mars\u00e8ll Tubetto Ankle Boots Woman Dark Brown\",\"isPartOf\":{\"@id\":\"https:\/\/rendez-vous-store.com\/#website\"},\"primaryImageOfPage\":{\"@id\":\"https:\/\/rendez-vous-store.com\/shop\/special-offer-women-rendez-vous-store\/women-shoes-special-offer\/marsell-tubetto-ankle-boots-woman-dark-brown-rendez-vous-store\/#primaryimage\"},\"image\":{\"@id\":\"https:\/\/rendez-vous-store.com\/shop\/special-offer-women-rendez-vous-store\/women-shoes-special-offer\/marsell-tubetto-ankle-boots-woman-dark-brown-rendez-vous-store\/#primaryimage\"},\"thumbnailUrl\":\"https:\/\/rendez-vous-store.com\/app\/uploads\/2025\/09\/IMG_5731-min-scaled.webp\",\"datePublished\":\"2025-09-09T14:31:48+00:00\",\"dateModified\":\"2026-03-16T18:22:34+00:00\",\"description\":\"Mars\u00e8ll is on Rendez-vous Store. This Mars\u00e8ll Tubetto Ankle Boots Woman Dark Brown represents the expression of a new craft culture.\",\"breadcrumb\":{\"@id\":\"https:\/\/rendez-vous-store.com\/shop\/special-offer-women-rendez-vous-store\/women-shoes-special-offer\/marsell-tubetto-ankle-boots-woman-dark-brown-rendez-vous-store\/#breadcrumb\"},\"inLanguage\":\"fr-FR\",\"potentialAction\":[{\"@type\":\"ReadAction\",\"target\":[\"https:\/\/rendez-vous-store.com\/shop\/special-offer-women-rendez-vous-store\/women-shoes-special-offer\/marsell-tubetto-ankle-boots-woman-dark-brown-rendez-vous-store\/\"]}]},{\"@type\":\"ImageObject\",\"inLanguage\":\"fr-FR\",\"@id\":\"https:\/\/rendez-vous-store.com\/shop\/special-offer-women-rendez-vous-store\/women-shoes-special-offer\/marsell-tubetto-ankle-boots-woman-dark-brown-rendez-vous-store\/#primaryimage\",\"url\":\"https:\/\/rendez-vous-store.com\/app\/uploads\/2025\/09\/IMG_5731-min-scaled.webp\",\"contentUrl\":\"https:\/\/rendez-vous-store.com\/app\/uploads\/2025\/09\/IMG_5731-min-scaled.webp\",\"width\":1707,\"height\":2560},{\"@type\":\"BreadcrumbList\",\"@id\":\"https:\/\/rendez-vous-store.com\/shop\/special-offer-women-rendez-vous-store\/women-shoes-special-offer\/marsell-tubetto-ankle-boots-woman-dark-brown-rendez-vous-store\/#breadcrumb\",\"itemListElement\":[{\"@type\":\"ListItem\",\"position\":1,\"name\":\"Home\",\"item\":\"https:\/\/rendez-vous-store.com\/\"},{\"@type\":\"ListItem\",\"position\":2,\"name\":\"Shop\",\"item\":\"https:\/\/www.rendez-vous-store.com\/shop\/\"},{\"@type\":\"ListItem\",\"position\":3,\"name\":\"Mars\u00e8ll &#8211; Tubetto Ankle Boots Woman &#8211; Dark Brown\"}]},{\"@type\":\"WebSite\",\"@id\":\"https:\/\/rendez-vous-store.com\/#website\",\"url\":\"https:\/\/rendez-vous-store.com\/\",\"name\":\"RENDEZ-VOUS STORE\",\"description\":\"Slow Fashion for Women and Men\",\"potentialAction\":[{\"@type\":\"SearchAction\",\"target\":{\"@type\":\"EntryPoint\",\"urlTemplate\":\"https:\/\/rendez-vous-store.com\/?s={search_term_string}\"},\"query-input\":{\"@type\":\"PropertyValueSpecification\",\"valueRequired\":true,\"valueName\":\"search_term_string\"}}],\"inLanguage\":\"fr-FR\"}]}<\/script>\n<!-- \/ Yoast SEO plugin. -->","yoast_head_json":{"title":"Mars\u00e8ll Tubetto Ankle Boots Woman Dark Brown","description":"Mars\u00e8ll is on Rendez-vous Store. This Mars\u00e8ll Tubetto Ankle Boots Woman Dark Brown represents the expression of a new craft culture.","robots":{"index":"index","follow":"follow","max-snippet":"max-snippet:-1","max-image-preview":"max-image-preview:large","max-video-preview":"max-video-preview:-1"},"canonical":"https:\/\/rendez-vous-store.com\/fr\/shop\/special-offer-women-rendez-vous-store\/women-shoes-special-offer\/marsell-tubetto-ankle-boots-woman-dark-brown-rendez-vous-store\/","og_locale":"fr_FR","og_type":"article","og_title":"Mars\u00e8ll Tubetto Ankle Boots Woman Dark Brown","og_description":"Mars\u00e8ll is on Rendez-vous Store. This Mars\u00e8ll Tubetto Ankle Boots Woman Dark Brown represents the expression of a new craft culture.","og_url":"https:\/\/rendez-vous-store.com\/fr\/shop\/special-offer-women-rendez-vous-store\/women-shoes-special-offer\/marsell-tubetto-ankle-boots-woman-dark-brown-rendez-vous-store\/","og_site_name":"RENDEZ-VOUS STORE","article_modified_time":"2026-03-16T18:22:34+00:00","og_image":[{"width":1707,"height":2560,"url":"https:\/\/rendez-vous-store.com\/app\/uploads\/2025\/09\/IMG_5731-min-scaled.webp","type":"image\/webp"}],"twitter_card":"summary_large_image","twitter_misc":{"Est. reading time":"1 minute"},"schema":{"@context":"https:\/\/schema.org","@graph":[{"@type":"WebPage","@id":"https:\/\/rendez-vous-store.com\/shop\/special-offer-women-rendez-vous-store\/women-shoes-special-offer\/marsell-tubetto-ankle-boots-woman-dark-brown-rendez-vous-store\/","url":"https:\/\/rendez-vous-store.com\/shop\/special-offer-women-rendez-vous-store\/women-shoes-special-offer\/marsell-tubetto-ankle-boots-woman-dark-brown-rendez-vous-store\/","name":"Mars\u00e8ll Tubetto Ankle Boots Woman Dark Brown","isPartOf":{"@id":"https:\/\/rendez-vous-store.com\/#website"},"primaryImageOfPage":{"@id":"https:\/\/rendez-vous-store.com\/shop\/special-offer-women-rendez-vous-store\/women-shoes-special-offer\/marsell-tubetto-ankle-boots-woman-dark-brown-rendez-vous-store\/#primaryimage"},"image":{"@id":"https:\/\/rendez-vous-store.com\/shop\/special-offer-women-rendez-vous-store\/women-shoes-special-offer\/marsell-tubetto-ankle-boots-woman-dark-brown-rendez-vous-store\/#primaryimage"},"thumbnailUrl":"https:\/\/rendez-vous-store.com\/app\/uploads\/2025\/09\/IMG_5731-min-scaled.webp","datePublished":"2025-09-09T14:31:48+00:00","dateModified":"2026-03-16T18:22:34+00:00","description":"Mars\u00e8ll is on Rendez-vous Store. This Mars\u00e8ll Tubetto Ankle Boots Woman Dark Brown represents the expression of a new craft culture.","breadcrumb":{"@id":"https:\/\/rendez-vous-store.com\/shop\/special-offer-women-rendez-vous-store\/women-shoes-special-offer\/marsell-tubetto-ankle-boots-woman-dark-brown-rendez-vous-store\/#breadcrumb"},"inLanguage":"fr-FR","potentialAction":[{"@type":"ReadAction","target":["https:\/\/rendez-vous-store.com\/shop\/special-offer-women-rendez-vous-store\/women-shoes-special-offer\/marsell-tubetto-ankle-boots-woman-dark-brown-rendez-vous-store\/"]}]},{"@type":"ImageObject","inLanguage":"fr-FR","@id":"https:\/\/rendez-vous-store.com\/shop\/special-offer-women-rendez-vous-store\/women-shoes-special-offer\/marsell-tubetto-ankle-boots-woman-dark-brown-rendez-vous-store\/#primaryimage","url":"https:\/\/rendez-vous-store.com\/app\/uploads\/2025\/09\/IMG_5731-min-scaled.webp","contentUrl":"https:\/\/rendez-vous-store.com\/app\/uploads\/2025\/09\/IMG_5731-min-scaled.webp","width":1707,"height":2560},{"@type":"BreadcrumbList","@id":"https:\/\/rendez-vous-store.com\/shop\/special-offer-women-rendez-vous-store\/women-shoes-special-offer\/marsell-tubetto-ankle-boots-woman-dark-brown-rendez-vous-store\/#breadcrumb","itemListElement":[{"@type":"ListItem","position":1,"name":"Home","item":"https:\/\/rendez-vous-store.com\/"},{"@type":"ListItem","position":2,"name":"Shop","item":"https:\/\/www.rendez-vous-store.com\/shop\/"},{"@type":"ListItem","position":3,"name":"Mars\u00e8ll &#8211; Tubetto Ankle Boots Woman &#8211; Dark Brown"}]},{"@type":"WebSite","@id":"https:\/\/rendez-vous-store.com\/#website","url":"https:\/\/rendez-vous-store.com\/","name":"RENDEZ-VOUS STORE","description":"Slow Fashion for Women and Men","potentialAction":[{"@type":"SearchAction","target":{"@type":"EntryPoint","urlTemplate":"https:\/\/rendez-vous-store.com\/?s={search_term_string}"},"query-input":{"@type":"PropertyValueSpecification","valueRequired":true,"valueName":"search_term_string"}}],"inLanguage":"fr-FR"}]}},"_links":{"self":[{"href":"https:\/\/rendez-vous-store.com\/fr\/wp-json\/wp\/v2\/product\/213603","targetHints":{"allow":["GET"]}}],"collection":[{"href":"https:\/\/rendez-vous-store.com\/fr\/wp-json\/wp\/v2\/product"}],"about":[{"href":"https:\/\/rendez-vous-store.com\/fr\/wp-json\/wp\/v2\/types\/product"}],"wp:featuredmedia":[{"embeddable":true,"href":"https:\/\/rendez-vous-store.com\/fr\/wp-json\/wp\/v2\/media\/214403"}],"wp:attachment":[{"href":"https:\/\/rendez-vous-store.com\/fr\/wp-json\/wp\/v2\/media?parent=213603"}],"wp:term":[{"taxonomy":"product_brand","embeddable":true,"href":"https:\/\/rendez-vous-store.com\/fr\/wp-json\/wp\/v2\/product_brand?post=213603"},{"taxonomy":"product_cat","embeddable":true,"href":"https:\/\/rendez-vous-store.com\/fr\/wp-json\/wp\/v2\/product_cat?post=213603"},{"taxonomy":"product_tag","embeddable":true,"href":"https:\/\/rendez-vous-store.com\/fr\/wp-json\/wp\/v2\/product_tag?post=213603"}],"curies":[{"name":"wp","href":"https:\/\/api.w.org\/{rel}","templated":true}]}}