{"id":213584,"date":"2025-09-09T16:31:34","date_gmt":"2025-09-09T14:31:34","guid":{"rendered":"https:\/\/rendez-vous-store.com\/?post_type=product&#038;p=213584"},"modified":"2026-04-24T16:23:46","modified_gmt":"2026-04-24T14:23:46","slug":"marsell-mocasso-lace-up-loafer-women-mw8651-black","status":"publish","type":"product","link":"https:\/\/rendez-vous-store.com\/fr\/shop\/special-offer-women-rendez-vous-store\/women-shoes-special-offer\/marsell-mocasso-lace-up-loafer-women-mw8651-black\/","title":{"rendered":"Mars\u00e8ll \u2013 Mocassin \u00e0 lacets pour femme MW8651 \u2013 Noir"},"content":{"rendered":"<p><strong>Mars\u00e8ll \u2013 Mocassin \u00e0 lacets pour femme MW8651 \u2013 Noir<\/strong><\/p>\n<p>Couleur : Noir<\/p>\n<p>Lacets<\/p>\n<p>Confortable<\/p>\n<p>Composition : 100 % cuir de veau<\/p>\n<div class=\"s-row\">\n<div class=\"s-column\">\n<p class=\"s-text\">Fabriqu\u00e9 en Italie.<\/p>\n<p>&nbsp;<\/p>\n<\/div>\n<\/div>\n<h4 data-test=\"pdpProductDescriptionContainerText\">La marque<\/h4>\n<p>Mars\u00e8ll, marque de luxe italienne distingu\u00e9e, se distingue par son savoir-faire exquis, ses designs avant-gardistes et son \u00e9l\u00e9gance intemporelle. Fond\u00e9e en 2001 par les fr\u00e8res Marco et Elisa Cima, la marque s'est rapidement impos\u00e9e dans le monde de la mode, s'attirant les faveurs du monde entier pour son esth\u00e9tique distinctive et son souci du d\u00e9tail.<\/p>\n<p>Mars\u00e8ll axe sa philosophie sur un profond respect de la tradition et de l'artisanat, tout en adoptant un design audacieux et novateur. En Italie, des artisans qualifi\u00e9s fabriquent m\u00e9ticuleusement chaque pi\u00e8ce \u00e0 la main en utilisant des techniques traditionnelles transmises de g\u00e9n\u00e9ration en g\u00e9n\u00e9ration. Ce d\u00e9vouement se traduit par des chaussures et des articles de maroquinerie d'une qualit\u00e9 et d'une beaut\u00e9 exceptionnelles.<\/p>","protected":false},"excerpt":{"rendered":"<p>Mars\u00e8ll Mocasso Lace up Loafer Women MW8651 Black Color: Black Lace up Comfortable Composition: 100% Callf Leather Made in Italy. &nbsp; The Brand Mars\u00e8ll, a distinguished Italian luxury brand, stands out for its exquisite craftsmanship, avant-garde designs, and timeless elegance. Founded in 2001 by siblings Marco and Elisa Cima, the brand quickly gained prominence in&hellip; <a class=\"more-link\" href=\"https:\/\/rendez-vous-store.com\/fr\/shop\/special-offer-women-rendez-vous-store\/women-shoes-special-offer\/marsell-mocasso-lace-up-loafer-women-mw8651-black\/\">Continuer la lecture <span class=\"screen-reader-text\">Mars\u00e8ll \u2013 Mocassin \u00e0 lacets pour femme MW8651 \u2013 Noir<\/span><\/a><\/p>","protected":false},"featured_media":214401,"template":"","meta":{"_acf_changed":false},"product_brand":[],"product_cat":[1476,1344,1335,17,293],"product_tag":[804],"class_list":{"0":"post-213584","1":"product","2":"type-product","3":"status-publish","4":"has-post-thumbnail","6":"product_cat-sale-60","7":"product_cat-women-shoes-special-offer","8":"product_cat-special-offer-women-rendez-vous-store","9":"product_cat-women","10":"product_cat-women-shoes-heels-discover-our-selection-rendez-vous-store","11":"product_tag-marsell","12":"entry","14":"first","15":"outofstock","16":"taxable","17":"shipping-taxable","18":"product-type-variable","19":"has-default-attributes"},"acf":[],"yoast_head":"<!-- This site is optimized with the Yoast SEO plugin v24.9 - https:\/\/yoast.com\/wordpress\/plugins\/seo\/ -->\n<title>Mars\u00e8ll - Mocasso Lace up Loafer Women MW8651 Black<\/title>\n<meta name=\"description\" content=\"Mars\u00e8ll is on Rendez-vous Store. This Mars\u00e8ll Mocasso Lace up Loafer Women MW8651 Black represents the expression of a new craft culture. Discover now.\" \/>\n<meta name=\"robots\" content=\"index, follow, max-snippet:-1, max-image-preview:large, max-video-preview:-1\" \/>\n<link rel=\"canonical\" href=\"https:\/\/rendez-vous-store.com\/fr\/shop\/special-offer-women-rendez-vous-store\/women-shoes-special-offer\/marsell-mocasso-lace-up-loafer-women-mw8651-black\/\" \/>\n<meta property=\"og:locale\" content=\"fr_FR\" \/>\n<meta property=\"og:type\" content=\"article\" \/>\n<meta property=\"og:title\" content=\"Mars\u00e8ll - Mocasso Lace up Loafer Women MW8651 Black\" \/>\n<meta property=\"og:description\" content=\"Mars\u00e8ll is on Rendez-vous Store. This Mars\u00e8ll Mocasso Lace up Loafer Women MW8651 Black represents the expression of a new craft culture. Discover now.\" \/>\n<meta property=\"og:url\" content=\"https:\/\/rendez-vous-store.com\/fr\/shop\/special-offer-women-rendez-vous-store\/women-shoes-special-offer\/marsell-mocasso-lace-up-loafer-women-mw8651-black\/\" \/>\n<meta property=\"og:site_name\" content=\"RENDEZ-VOUS STORE\" \/>\n<meta property=\"article:modified_time\" content=\"2026-04-24T14:23:46+00:00\" \/>\n<meta property=\"og:image\" content=\"https:\/\/rendez-vous-store.com\/app\/uploads\/2025\/09\/IMG_5534-min-scaled.webp\" \/>\n\t<meta property=\"og:image:width\" content=\"1707\" \/>\n\t<meta property=\"og:image:height\" content=\"2560\" \/>\n\t<meta property=\"og:image:type\" content=\"image\/webp\" \/>\n<meta name=\"twitter:card\" content=\"summary_large_image\" \/>\n<meta name=\"twitter:label1\" content=\"Est. reading time\" \/>\n\t<meta name=\"twitter:data1\" content=\"1 minute\" \/>\n<script type=\"application\/ld+json\" class=\"yoast-schema-graph\">{\"@context\":\"https:\/\/schema.org\",\"@graph\":[{\"@type\":\"WebPage\",\"@id\":\"https:\/\/rendez-vous-store.com\/shop\/special-offer-women-rendez-vous-store\/women-shoes-special-offer\/marsell-mocasso-lace-up-loafer-women-mw8651-black\/\",\"url\":\"https:\/\/rendez-vous-store.com\/shop\/special-offer-women-rendez-vous-store\/women-shoes-special-offer\/marsell-mocasso-lace-up-loafer-women-mw8651-black\/\",\"name\":\"Mars\u00e8ll - Mocasso Lace up Loafer Women MW8651 Black\",\"isPartOf\":{\"@id\":\"https:\/\/rendez-vous-store.com\/#website\"},\"primaryImageOfPage\":{\"@id\":\"https:\/\/rendez-vous-store.com\/shop\/special-offer-women-rendez-vous-store\/women-shoes-special-offer\/marsell-mocasso-lace-up-loafer-women-mw8651-black\/#primaryimage\"},\"image\":{\"@id\":\"https:\/\/rendez-vous-store.com\/shop\/special-offer-women-rendez-vous-store\/women-shoes-special-offer\/marsell-mocasso-lace-up-loafer-women-mw8651-black\/#primaryimage\"},\"thumbnailUrl\":\"https:\/\/rendez-vous-store.com\/app\/uploads\/2025\/09\/IMG_5534-min-scaled.webp\",\"datePublished\":\"2025-09-09T14:31:34+00:00\",\"dateModified\":\"2026-04-24T14:23:46+00:00\",\"description\":\"Mars\u00e8ll is on Rendez-vous Store. This Mars\u00e8ll Mocasso Lace up Loafer Women MW8651 Black represents the expression of a new craft culture. Discover now.\",\"breadcrumb\":{\"@id\":\"https:\/\/rendez-vous-store.com\/shop\/special-offer-women-rendez-vous-store\/women-shoes-special-offer\/marsell-mocasso-lace-up-loafer-women-mw8651-black\/#breadcrumb\"},\"inLanguage\":\"fr-FR\",\"potentialAction\":[{\"@type\":\"ReadAction\",\"target\":[\"https:\/\/rendez-vous-store.com\/shop\/special-offer-women-rendez-vous-store\/women-shoes-special-offer\/marsell-mocasso-lace-up-loafer-women-mw8651-black\/\"]}]},{\"@type\":\"ImageObject\",\"inLanguage\":\"fr-FR\",\"@id\":\"https:\/\/rendez-vous-store.com\/shop\/special-offer-women-rendez-vous-store\/women-shoes-special-offer\/marsell-mocasso-lace-up-loafer-women-mw8651-black\/#primaryimage\",\"url\":\"https:\/\/rendez-vous-store.com\/app\/uploads\/2025\/09\/IMG_5534-min-scaled.webp\",\"contentUrl\":\"https:\/\/rendez-vous-store.com\/app\/uploads\/2025\/09\/IMG_5534-min-scaled.webp\",\"width\":1707,\"height\":2560},{\"@type\":\"BreadcrumbList\",\"@id\":\"https:\/\/rendez-vous-store.com\/shop\/special-offer-women-rendez-vous-store\/women-shoes-special-offer\/marsell-mocasso-lace-up-loafer-women-mw8651-black\/#breadcrumb\",\"itemListElement\":[{\"@type\":\"ListItem\",\"position\":1,\"name\":\"Home\",\"item\":\"https:\/\/rendez-vous-store.com\/\"},{\"@type\":\"ListItem\",\"position\":2,\"name\":\"Shop\",\"item\":\"https:\/\/www.rendez-vous-store.com\/shop\/\"},{\"@type\":\"ListItem\",\"position\":3,\"name\":\"Mars\u00e8ll &#8211; Mocasso Lace up Loafer Women MW8651 &#8211; Black\"}]},{\"@type\":\"WebSite\",\"@id\":\"https:\/\/rendez-vous-store.com\/#website\",\"url\":\"https:\/\/rendez-vous-store.com\/\",\"name\":\"RENDEZ-VOUS STORE\",\"description\":\"Slow Fashion for Women and Men\",\"potentialAction\":[{\"@type\":\"SearchAction\",\"target\":{\"@type\":\"EntryPoint\",\"urlTemplate\":\"https:\/\/rendez-vous-store.com\/?s={search_term_string}\"},\"query-input\":{\"@type\":\"PropertyValueSpecification\",\"valueRequired\":true,\"valueName\":\"search_term_string\"}}],\"inLanguage\":\"fr-FR\"}]}<\/script>\n<!-- \/ Yoast SEO plugin. -->","yoast_head_json":{"title":"Mars\u00e8ll - Mocasso Lace up Loafer Women MW8651 Black","description":"Mars\u00e8ll is on Rendez-vous Store. This Mars\u00e8ll Mocasso Lace up Loafer Women MW8651 Black represents the expression of a new craft culture. Discover now.","robots":{"index":"index","follow":"follow","max-snippet":"max-snippet:-1","max-image-preview":"max-image-preview:large","max-video-preview":"max-video-preview:-1"},"canonical":"https:\/\/rendez-vous-store.com\/fr\/shop\/special-offer-women-rendez-vous-store\/women-shoes-special-offer\/marsell-mocasso-lace-up-loafer-women-mw8651-black\/","og_locale":"fr_FR","og_type":"article","og_title":"Mars\u00e8ll - Mocasso Lace up Loafer Women MW8651 Black","og_description":"Mars\u00e8ll is on Rendez-vous Store. This Mars\u00e8ll Mocasso Lace up Loafer Women MW8651 Black represents the expression of a new craft culture. Discover now.","og_url":"https:\/\/rendez-vous-store.com\/fr\/shop\/special-offer-women-rendez-vous-store\/women-shoes-special-offer\/marsell-mocasso-lace-up-loafer-women-mw8651-black\/","og_site_name":"RENDEZ-VOUS STORE","article_modified_time":"2026-04-24T14:23:46+00:00","og_image":[{"width":1707,"height":2560,"url":"https:\/\/rendez-vous-store.com\/app\/uploads\/2025\/09\/IMG_5534-min-scaled.webp","type":"image\/webp"}],"twitter_card":"summary_large_image","twitter_misc":{"Est. reading time":"1 minute"},"schema":{"@context":"https:\/\/schema.org","@graph":[{"@type":"WebPage","@id":"https:\/\/rendez-vous-store.com\/shop\/special-offer-women-rendez-vous-store\/women-shoes-special-offer\/marsell-mocasso-lace-up-loafer-women-mw8651-black\/","url":"https:\/\/rendez-vous-store.com\/shop\/special-offer-women-rendez-vous-store\/women-shoes-special-offer\/marsell-mocasso-lace-up-loafer-women-mw8651-black\/","name":"Mars\u00e8ll - Mocasso Lace up Loafer Women MW8651 Black","isPartOf":{"@id":"https:\/\/rendez-vous-store.com\/#website"},"primaryImageOfPage":{"@id":"https:\/\/rendez-vous-store.com\/shop\/special-offer-women-rendez-vous-store\/women-shoes-special-offer\/marsell-mocasso-lace-up-loafer-women-mw8651-black\/#primaryimage"},"image":{"@id":"https:\/\/rendez-vous-store.com\/shop\/special-offer-women-rendez-vous-store\/women-shoes-special-offer\/marsell-mocasso-lace-up-loafer-women-mw8651-black\/#primaryimage"},"thumbnailUrl":"https:\/\/rendez-vous-store.com\/app\/uploads\/2025\/09\/IMG_5534-min-scaled.webp","datePublished":"2025-09-09T14:31:34+00:00","dateModified":"2026-04-24T14:23:46+00:00","description":"Mars\u00e8ll is on Rendez-vous Store. This Mars\u00e8ll Mocasso Lace up Loafer Women MW8651 Black represents the expression of a new craft culture. Discover now.","breadcrumb":{"@id":"https:\/\/rendez-vous-store.com\/shop\/special-offer-women-rendez-vous-store\/women-shoes-special-offer\/marsell-mocasso-lace-up-loafer-women-mw8651-black\/#breadcrumb"},"inLanguage":"fr-FR","potentialAction":[{"@type":"ReadAction","target":["https:\/\/rendez-vous-store.com\/shop\/special-offer-women-rendez-vous-store\/women-shoes-special-offer\/marsell-mocasso-lace-up-loafer-women-mw8651-black\/"]}]},{"@type":"ImageObject","inLanguage":"fr-FR","@id":"https:\/\/rendez-vous-store.com\/shop\/special-offer-women-rendez-vous-store\/women-shoes-special-offer\/marsell-mocasso-lace-up-loafer-women-mw8651-black\/#primaryimage","url":"https:\/\/rendez-vous-store.com\/app\/uploads\/2025\/09\/IMG_5534-min-scaled.webp","contentUrl":"https:\/\/rendez-vous-store.com\/app\/uploads\/2025\/09\/IMG_5534-min-scaled.webp","width":1707,"height":2560},{"@type":"BreadcrumbList","@id":"https:\/\/rendez-vous-store.com\/shop\/special-offer-women-rendez-vous-store\/women-shoes-special-offer\/marsell-mocasso-lace-up-loafer-women-mw8651-black\/#breadcrumb","itemListElement":[{"@type":"ListItem","position":1,"name":"Home","item":"https:\/\/rendez-vous-store.com\/"},{"@type":"ListItem","position":2,"name":"Shop","item":"https:\/\/www.rendez-vous-store.com\/shop\/"},{"@type":"ListItem","position":3,"name":"Mars\u00e8ll &#8211; Mocasso Lace up Loafer Women MW8651 &#8211; Black"}]},{"@type":"WebSite","@id":"https:\/\/rendez-vous-store.com\/#website","url":"https:\/\/rendez-vous-store.com\/","name":"RENDEZ-VOUS STORE","description":"Slow Fashion for Women and Men","potentialAction":[{"@type":"SearchAction","target":{"@type":"EntryPoint","urlTemplate":"https:\/\/rendez-vous-store.com\/?s={search_term_string}"},"query-input":{"@type":"PropertyValueSpecification","valueRequired":true,"valueName":"search_term_string"}}],"inLanguage":"fr-FR"}]}},"_links":{"self":[{"href":"https:\/\/rendez-vous-store.com\/fr\/wp-json\/wp\/v2\/product\/213584","targetHints":{"allow":["GET"]}}],"collection":[{"href":"https:\/\/rendez-vous-store.com\/fr\/wp-json\/wp\/v2\/product"}],"about":[{"href":"https:\/\/rendez-vous-store.com\/fr\/wp-json\/wp\/v2\/types\/product"}],"wp:featuredmedia":[{"embeddable":true,"href":"https:\/\/rendez-vous-store.com\/fr\/wp-json\/wp\/v2\/media\/214401"}],"wp:attachment":[{"href":"https:\/\/rendez-vous-store.com\/fr\/wp-json\/wp\/v2\/media?parent=213584"}],"wp:term":[{"taxonomy":"product_brand","embeddable":true,"href":"https:\/\/rendez-vous-store.com\/fr\/wp-json\/wp\/v2\/product_brand?post=213584"},{"taxonomy":"product_cat","embeddable":true,"href":"https:\/\/rendez-vous-store.com\/fr\/wp-json\/wp\/v2\/product_cat?post=213584"},{"taxonomy":"product_tag","embeddable":true,"href":"https:\/\/rendez-vous-store.com\/fr\/wp-json\/wp\/v2\/product_tag?post=213584"}],"curies":[{"name":"wp","href":"https:\/\/api.w.org\/{rel}","templated":true}]}}