{"id":213167,"date":"2025-09-04T16:16:34","date_gmt":"2025-09-04T14:16:34","guid":{"rendered":"https:\/\/rendez-vous-store.com\/?post_type=product&#038;p=213167"},"modified":"2026-03-16T18:33:14","modified_gmt":"2026-03-16T17:33:14","slug":"pin-1876-melange-stole-5550-124-sand-2013","status":"publish","type":"product","link":"https:\/\/rendez-vous-store.com\/fr\/shop\/women\/women-hats-scarves-rendez-vous-store\/pin-1876-melange-stole-5550-124-sand-2013\/","title":{"rendered":"Pin 1876 &#8211; Melange Stole 5550\/124 &#8211; Sand 2013"},"content":{"rendered":"<p><strong>Pin 1876 Melange Stole 5550\/124 Sand 2013<\/strong><\/p>\n<p>Couleur : sable<\/p>\n<p>Toucher doux<\/p>\n<p>Composition : 100% Cachemire<\/p>\n<p>Fabriqu\u00e9 en Italie<\/p>\n<p>&nbsp;<\/p>\n<p>&nbsp;<\/p>\n<p>&nbsp;<\/p>\n<p>&nbsp;<\/p>\n<p>&nbsp;<\/p>\n<p><strong>La marque<\/strong><\/p>\n<p>PIN 1876 est une marque italienne qui cr\u00e9e une ligne de foulards. Le foulard est un accessoire embl\u00e9matique. Il peut passer inaper\u00e7u ou conf\u00e9rer \u00e0 son porteur un charisme in\u00e9gal\u00e9.<\/p>\n<p>En tant qu'objet tiss\u00e9, il allie forme et fonction. La marque montre qu'un simple morceau de fil peut \u00eatre \u00e0 l'origine d'histoires uniques. Ces histoires mettent en sc\u00e8ne des produits \"Made in Italy\". Ils repr\u00e9sentent les plus belles expressions d'un pays o\u00f9 la culture du travail se m\u00eale \u00e0 un sens inn\u00e9 de la beaut\u00e9, de l'harmonie et de la perfection.<\/p>\n<p>Giuseppe Botto Poala, affectueusement surnomm\u00e9 \"Pin\" par sa famille, a cr\u00e9\u00e9 une filature de laine en 1876. Il l'a ouverte \u00e0 Valle Mosso, dans la province de Biella. L'habilet\u00e9, l'artisanat et la recherche se retrouvent dans la collection de la marque. Cette collection offre une vision contemporaine de la vie \u00e0 travers un h\u00e9ritage authentique.<\/p>\n<p>Pin 1876 illustre les plus belles expressions de la fabrication italienne. Des mains habiles de femmes et d'hommes contribuent au long processus de cr\u00e9ation de produits uniques, attrayants et de haute qualit\u00e9. Ils contr\u00f4lent et finissent chaque pi\u00e8ce individuellement.<\/p>","protected":false},"excerpt":{"rendered":"<p>Pin 1876 Melange Stole 5550\/124 Sand 2013 Color: Sand Soft touch Composition: 100% Cashmere Made in Italy &nbsp; &nbsp; &nbsp; &nbsp; &nbsp; The brand PIN 1876 is an Italian brand that creates a line of scarves. The scarf serves as an iconic accessory. It can go unnoticed or confer unmatched charisma on its wearer. As&hellip; <a class=\"more-link\" href=\"https:\/\/rendez-vous-store.com\/fr\/shop\/women\/women-hats-scarves-rendez-vous-store\/pin-1876-melange-stole-5550-124-sand-2013\/\">Continue reading <span class=\"screen-reader-text\">Pin 1876 &#8211; Melange Stole 5550\/124 &#8211; Sand 2013<\/span><\/a><\/p>","protected":false},"featured_media":213447,"template":"","meta":{"_acf_changed":false},"product_brand":[],"product_cat":[17,1062,652],"product_tag":[687],"class_list":{"0":"post-213167","1":"product","2":"type-product","3":"status-publish","4":"has-post-thumbnail","6":"product_cat-women","7":"product_cat-new-women-selection-rendez-vous-store","8":"product_cat-women-hats-scarves-rendez-vous-store","9":"product_tag-pin-1876","10":"entry","12":"first","13":"outofstock","14":"taxable","15":"shipping-taxable","16":"product-type-variable"},"acf":[],"yoast_head":"<!-- This site is optimized with the Yoast SEO plugin v24.9 - https:\/\/yoast.com\/wordpress\/plugins\/seo\/ -->\n<title>Pin 1876 Melange Stole 5550\/124 Sand 2013<\/title>\n<meta name=\"description\" content=\"This Pin 1876 - Melange Stole 5550\/124 - Sand 2013 combines the past, present and future in a whirlwind of aesthetic and technical expertise.\" \/>\n<meta name=\"robots\" content=\"index, follow, max-snippet:-1, max-image-preview:large, max-video-preview:-1\" \/>\n<link rel=\"canonical\" href=\"https:\/\/rendez-vous-store.com\/fr\/shop\/women\/women-hats-scarves-rendez-vous-store\/pin-1876-melange-stole-5550-124-sand-2013\/\" \/>\n<meta property=\"og:locale\" content=\"fr_FR\" \/>\n<meta property=\"og:type\" content=\"article\" \/>\n<meta property=\"og:title\" content=\"Pin 1876 Melange Stole 5550\/124 Sand 2013\" \/>\n<meta property=\"og:description\" content=\"This Pin 1876 - Melange Stole 5550\/124 - Sand 2013 combines the past, present and future in a whirlwind of aesthetic and technical expertise.\" \/>\n<meta property=\"og:url\" content=\"https:\/\/rendez-vous-store.com\/fr\/shop\/women\/women-hats-scarves-rendez-vous-store\/pin-1876-melange-stole-5550-124-sand-2013\/\" \/>\n<meta property=\"og:site_name\" content=\"RENDEZ-VOUS STORE\" \/>\n<meta property=\"article:modified_time\" content=\"2026-03-16T17:33:14+00:00\" \/>\n<meta property=\"og:image\" content=\"https:\/\/rendez-vous-store.com\/app\/uploads\/2025\/09\/SAND-20-13-scaled.webp\" \/>\n\t<meta property=\"og:image:width\" content=\"1696\" \/>\n\t<meta property=\"og:image:height\" content=\"2560\" \/>\n\t<meta property=\"og:image:type\" content=\"image\/webp\" \/>\n<meta name=\"twitter:card\" content=\"summary_large_image\" \/>\n<meta name=\"twitter:label1\" content=\"Est. reading time\" \/>\n\t<meta name=\"twitter:data1\" content=\"1 minute\" \/>\n<script type=\"application\/ld+json\" class=\"yoast-schema-graph\">{\"@context\":\"https:\/\/schema.org\",\"@graph\":[{\"@type\":\"WebPage\",\"@id\":\"https:\/\/rendez-vous-store.com\/shop\/women\/women-hats-scarves-rendez-vous-store\/pin-1876-melange-stole-5550-124-sand-2013\/\",\"url\":\"https:\/\/rendez-vous-store.com\/shop\/women\/women-hats-scarves-rendez-vous-store\/pin-1876-melange-stole-5550-124-sand-2013\/\",\"name\":\"Pin 1876 Melange Stole 5550\/124 Sand 2013\",\"isPartOf\":{\"@id\":\"https:\/\/rendez-vous-store.com\/#website\"},\"primaryImageOfPage\":{\"@id\":\"https:\/\/rendez-vous-store.com\/shop\/women\/women-hats-scarves-rendez-vous-store\/pin-1876-melange-stole-5550-124-sand-2013\/#primaryimage\"},\"image\":{\"@id\":\"https:\/\/rendez-vous-store.com\/shop\/women\/women-hats-scarves-rendez-vous-store\/pin-1876-melange-stole-5550-124-sand-2013\/#primaryimage\"},\"thumbnailUrl\":\"https:\/\/rendez-vous-store.com\/app\/uploads\/2025\/09\/SAND-20-13-scaled.webp\",\"datePublished\":\"2025-09-04T14:16:34+00:00\",\"dateModified\":\"2026-03-16T17:33:14+00:00\",\"description\":\"This Pin 1876 - Melange Stole 5550\/124 - Sand 2013 combines the past, present and future in a whirlwind of aesthetic and technical expertise.\",\"breadcrumb\":{\"@id\":\"https:\/\/rendez-vous-store.com\/shop\/women\/women-hats-scarves-rendez-vous-store\/pin-1876-melange-stole-5550-124-sand-2013\/#breadcrumb\"},\"inLanguage\":\"fr-FR\",\"potentialAction\":[{\"@type\":\"ReadAction\",\"target\":[\"https:\/\/rendez-vous-store.com\/shop\/women\/women-hats-scarves-rendez-vous-store\/pin-1876-melange-stole-5550-124-sand-2013\/\"]}]},{\"@type\":\"ImageObject\",\"inLanguage\":\"fr-FR\",\"@id\":\"https:\/\/rendez-vous-store.com\/shop\/women\/women-hats-scarves-rendez-vous-store\/pin-1876-melange-stole-5550-124-sand-2013\/#primaryimage\",\"url\":\"https:\/\/rendez-vous-store.com\/app\/uploads\/2025\/09\/SAND-20-13-scaled.webp\",\"contentUrl\":\"https:\/\/rendez-vous-store.com\/app\/uploads\/2025\/09\/SAND-20-13-scaled.webp\",\"width\":1696,\"height\":2560},{\"@type\":\"BreadcrumbList\",\"@id\":\"https:\/\/rendez-vous-store.com\/shop\/women\/women-hats-scarves-rendez-vous-store\/pin-1876-melange-stole-5550-124-sand-2013\/#breadcrumb\",\"itemListElement\":[{\"@type\":\"ListItem\",\"position\":1,\"name\":\"Home\",\"item\":\"https:\/\/rendez-vous-store.com\/\"},{\"@type\":\"ListItem\",\"position\":2,\"name\":\"Shop\",\"item\":\"https:\/\/www.rendez-vous-store.com\/shop\/\"},{\"@type\":\"ListItem\",\"position\":3,\"name\":\"Pin 1876 &#8211; Melange Stole 5550\/124 &#8211; Sand 2013\"}]},{\"@type\":\"WebSite\",\"@id\":\"https:\/\/rendez-vous-store.com\/#website\",\"url\":\"https:\/\/rendez-vous-store.com\/\",\"name\":\"RENDEZ-VOUS STORE\",\"description\":\"Slow Fashion for Women and Men\",\"potentialAction\":[{\"@type\":\"SearchAction\",\"target\":{\"@type\":\"EntryPoint\",\"urlTemplate\":\"https:\/\/rendez-vous-store.com\/?s={search_term_string}\"},\"query-input\":{\"@type\":\"PropertyValueSpecification\",\"valueRequired\":true,\"valueName\":\"search_term_string\"}}],\"inLanguage\":\"fr-FR\"}]}<\/script>\n<!-- \/ Yoast SEO plugin. -->","yoast_head_json":{"title":"Pin 1876 Melange Stole 5550\/124 Sand 2013","description":"This Pin 1876 - Melange Stole 5550\/124 - Sand 2013 combines the past, present and future in a whirlwind of aesthetic and technical expertise.","robots":{"index":"index","follow":"follow","max-snippet":"max-snippet:-1","max-image-preview":"max-image-preview:large","max-video-preview":"max-video-preview:-1"},"canonical":"https:\/\/rendez-vous-store.com\/fr\/shop\/women\/women-hats-scarves-rendez-vous-store\/pin-1876-melange-stole-5550-124-sand-2013\/","og_locale":"fr_FR","og_type":"article","og_title":"Pin 1876 Melange Stole 5550\/124 Sand 2013","og_description":"This Pin 1876 - Melange Stole 5550\/124 - Sand 2013 combines the past, present and future in a whirlwind of aesthetic and technical expertise.","og_url":"https:\/\/rendez-vous-store.com\/fr\/shop\/women\/women-hats-scarves-rendez-vous-store\/pin-1876-melange-stole-5550-124-sand-2013\/","og_site_name":"RENDEZ-VOUS STORE","article_modified_time":"2026-03-16T17:33:14+00:00","og_image":[{"width":1696,"height":2560,"url":"https:\/\/rendez-vous-store.com\/app\/uploads\/2025\/09\/SAND-20-13-scaled.webp","type":"image\/webp"}],"twitter_card":"summary_large_image","twitter_misc":{"Est. reading time":"1 minute"},"schema":{"@context":"https:\/\/schema.org","@graph":[{"@type":"WebPage","@id":"https:\/\/rendez-vous-store.com\/shop\/women\/women-hats-scarves-rendez-vous-store\/pin-1876-melange-stole-5550-124-sand-2013\/","url":"https:\/\/rendez-vous-store.com\/shop\/women\/women-hats-scarves-rendez-vous-store\/pin-1876-melange-stole-5550-124-sand-2013\/","name":"Pin 1876 Melange Stole 5550\/124 Sand 2013","isPartOf":{"@id":"https:\/\/rendez-vous-store.com\/#website"},"primaryImageOfPage":{"@id":"https:\/\/rendez-vous-store.com\/shop\/women\/women-hats-scarves-rendez-vous-store\/pin-1876-melange-stole-5550-124-sand-2013\/#primaryimage"},"image":{"@id":"https:\/\/rendez-vous-store.com\/shop\/women\/women-hats-scarves-rendez-vous-store\/pin-1876-melange-stole-5550-124-sand-2013\/#primaryimage"},"thumbnailUrl":"https:\/\/rendez-vous-store.com\/app\/uploads\/2025\/09\/SAND-20-13-scaled.webp","datePublished":"2025-09-04T14:16:34+00:00","dateModified":"2026-03-16T17:33:14+00:00","description":"This Pin 1876 - Melange Stole 5550\/124 - Sand 2013 combines the past, present and future in a whirlwind of aesthetic and technical expertise.","breadcrumb":{"@id":"https:\/\/rendez-vous-store.com\/shop\/women\/women-hats-scarves-rendez-vous-store\/pin-1876-melange-stole-5550-124-sand-2013\/#breadcrumb"},"inLanguage":"fr-FR","potentialAction":[{"@type":"ReadAction","target":["https:\/\/rendez-vous-store.com\/shop\/women\/women-hats-scarves-rendez-vous-store\/pin-1876-melange-stole-5550-124-sand-2013\/"]}]},{"@type":"ImageObject","inLanguage":"fr-FR","@id":"https:\/\/rendez-vous-store.com\/shop\/women\/women-hats-scarves-rendez-vous-store\/pin-1876-melange-stole-5550-124-sand-2013\/#primaryimage","url":"https:\/\/rendez-vous-store.com\/app\/uploads\/2025\/09\/SAND-20-13-scaled.webp","contentUrl":"https:\/\/rendez-vous-store.com\/app\/uploads\/2025\/09\/SAND-20-13-scaled.webp","width":1696,"height":2560},{"@type":"BreadcrumbList","@id":"https:\/\/rendez-vous-store.com\/shop\/women\/women-hats-scarves-rendez-vous-store\/pin-1876-melange-stole-5550-124-sand-2013\/#breadcrumb","itemListElement":[{"@type":"ListItem","position":1,"name":"Home","item":"https:\/\/rendez-vous-store.com\/"},{"@type":"ListItem","position":2,"name":"Shop","item":"https:\/\/www.rendez-vous-store.com\/shop\/"},{"@type":"ListItem","position":3,"name":"Pin 1876 &#8211; Melange Stole 5550\/124 &#8211; Sand 2013"}]},{"@type":"WebSite","@id":"https:\/\/rendez-vous-store.com\/#website","url":"https:\/\/rendez-vous-store.com\/","name":"RENDEZ-VOUS STORE","description":"Slow Fashion for Women and Men","potentialAction":[{"@type":"SearchAction","target":{"@type":"EntryPoint","urlTemplate":"https:\/\/rendez-vous-store.com\/?s={search_term_string}"},"query-input":{"@type":"PropertyValueSpecification","valueRequired":true,"valueName":"search_term_string"}}],"inLanguage":"fr-FR"}]}},"_links":{"self":[{"href":"https:\/\/rendez-vous-store.com\/fr\/wp-json\/wp\/v2\/product\/213167","targetHints":{"allow":["GET"]}}],"collection":[{"href":"https:\/\/rendez-vous-store.com\/fr\/wp-json\/wp\/v2\/product"}],"about":[{"href":"https:\/\/rendez-vous-store.com\/fr\/wp-json\/wp\/v2\/types\/product"}],"wp:featuredmedia":[{"embeddable":true,"href":"https:\/\/rendez-vous-store.com\/fr\/wp-json\/wp\/v2\/media\/213447"}],"wp:attachment":[{"href":"https:\/\/rendez-vous-store.com\/fr\/wp-json\/wp\/v2\/media?parent=213167"}],"wp:term":[{"taxonomy":"product_brand","embeddable":true,"href":"https:\/\/rendez-vous-store.com\/fr\/wp-json\/wp\/v2\/product_brand?post=213167"},{"taxonomy":"product_cat","embeddable":true,"href":"https:\/\/rendez-vous-store.com\/fr\/wp-json\/wp\/v2\/product_cat?post=213167"},{"taxonomy":"product_tag","embeddable":true,"href":"https:\/\/rendez-vous-store.com\/fr\/wp-json\/wp\/v2\/product_tag?post=213167"}],"curies":[{"name":"wp","href":"https:\/\/api.w.org\/{rel}","templated":true}]}}