{"id":213055,"date":"2025-09-04T11:58:05","date_gmt":"2025-09-04T09:58:05","guid":{"rendered":"https:\/\/rendez-vous-store.com\/?post_type=product&#038;p=213055"},"modified":"2026-03-11T16:48:44","modified_gmt":"2026-03-11T15:48:44","slug":"casey-casey-wasabi-jacket-0rfv014-indigo-rendez-vous-store","status":"publish","type":"product","link":"https:\/\/rendez-vous-store.com\/fr\/shop\/women\/women-coats-jackets-rendez-vous-store\/casey-casey-wasabi-jacket-0rfv014-indigo-rendez-vous-store\/","title":{"rendered":"CASEY CASEY - WASABI VESTE 0RFV014 - INDIGO"},"content":{"rendered":"<p><strong>UNIQUEMENT POUR LE MONDE R\u00c9EL \u2013 Ces articles sont disponibles en magasin.<\/strong><\/p>\n<p><strong>CASEY CASEY WASABI VESTE 0RFV014 INDIGO<\/strong><\/p>\n<p>Couleur : Indigo<\/p>\n<p>Col classique<\/p>\n<p>Fermeture par boutons<\/p>\n<p>Manches longues<\/p>\n<p>Composition: 45% Lin, 44% Laine Vierge - 11% Cachemire<\/p>\n<p>&nbsp;<\/p>\n<p>&nbsp;<\/p>\n<p>&nbsp;<\/p>\n<p>&nbsp;<\/p>\n<p>&nbsp;<\/p>\n<p>&nbsp;<\/p>\n<p>&nbsp;<\/p>\n<p>&nbsp;<\/p>\n<p>&nbsp;<\/p>\n<h4>La marque<\/h4>\n<p>ORSAN est la nouvelle ligne de CASEY CASEY, con\u00e7ue par le designer Gareth Casey et profond\u00e9ment inspir\u00e9e par sa vie au Prieur\u00e9 d'Orsan, un ancien prieur\u00e9 du XIIe si\u00e8cle situ\u00e9 au c\u0153ur du Berry, en France, qui est aujourd'hui sa demeure. Ce lieu, impr\u00e9gn\u00e9 d'histoire et de souvenirs, continue de nourrir son travail et sa vision cr\u00e9ative.<\/p>\n<p>Avec ORSAN, Gareth revisite les formes embl\u00e9matiques de CASEY CASEY avec une d\u00e9licatesse discr\u00e8te, insufflant \u00e0 chaque pi\u00e8ce l'esprit de calme, de simplicit\u00e9 et d'\u00e9l\u00e9gance intemporelle qui caract\u00e9rise le prieur\u00e9. Cette collection refl\u00e8te un style de vie o\u00f9 le raffinement se cache dans les d\u00e9tails, o\u00f9 l'essentiel prime sur le superflu.<br \/>\nChaque v\u00eatement est produit en quantit\u00e9 limit\u00e9e, pr\u00e9servant ainsi le caract\u00e8re unique et intemporel de la ligne.<\/p>","protected":false},"excerpt":{"rendered":"<p>REAL WORLD ONLY &#8211; These pieces are available in-store. Casey Casey Wasabi Jacket 0RFV014 Indigo Color: Indigo Classic Collar Buttons Closure Long Sleeves Composition: 45% Linen &#8211; 44% Virgin Wool &#8211; 11% Cashmere &nbsp; &nbsp; &nbsp; &nbsp; &nbsp; &nbsp; &nbsp; &nbsp; &nbsp; The Brand ORSAN is the new line from CASEY CASEY, conceived by designer&hellip; <a class=\"more-link\" href=\"https:\/\/rendez-vous-store.com\/fr\/shop\/women\/women-coats-jackets-rendez-vous-store\/casey-casey-wasabi-jacket-0rfv014-indigo-rendez-vous-store\/\">Continuer la lecture <span class=\"screen-reader-text\">CASEY CASEY - WASABI VESTE 0RFV014 - INDIGO<\/span><\/a><\/p>","protected":false},"featured_media":213856,"template":"","meta":{"_acf_changed":false},"product_brand":[],"product_cat":[1479,17,394],"product_tag":[422,1448],"class_list":{"0":"post-213055","1":"product","2":"type-product","3":"status-publish","4":"has-post-thumbnail","6":"product_cat-in-shop-exclusive","7":"product_cat-women","8":"product_cat-women-coats-jackets-rendez-vous-store","9":"product_tag-casey-casey-french-clothing-rendez-vous-store","10":"product_tag-casey-casey-orsan-rendez-vous-store","11":"entry","13":"first","14":"instock","15":"taxable","16":"shipping-taxable","17":"product-type-external"},"acf":[],"yoast_head":"<!-- This site is optimized with the Yoast SEO plugin v24.9 - https:\/\/yoast.com\/wordpress\/plugins\/seo\/ -->\n<title>Casey Casey - Wasabi Jacket 0RFV014 Indigo<\/title>\n<meta name=\"description\" content=\"This Casey Casey Wasabi Jacket 0RFV014 Indigo is celebrated for its unique blend of minimalism, functionality, and timeless elegance. Discover now.\" \/>\n<meta name=\"robots\" content=\"index, follow, max-snippet:-1, max-image-preview:large, max-video-preview:-1\" \/>\n<link rel=\"canonical\" href=\"https:\/\/rendez-vous-store.com\/fr\/shop\/women\/women-coats-jackets-rendez-vous-store\/casey-casey-wasabi-jacket-0rfv014-indigo-rendez-vous-store\/\" \/>\n<meta property=\"og:locale\" content=\"fr_FR\" \/>\n<meta property=\"og:type\" content=\"article\" \/>\n<meta property=\"og:title\" content=\"Casey Casey - Wasabi Jacket 0RFV014 Indigo\" \/>\n<meta property=\"og:description\" content=\"This Casey Casey Wasabi Jacket 0RFV014 Indigo is celebrated for its unique blend of minimalism, functionality, and timeless elegance. Discover now.\" \/>\n<meta property=\"og:url\" content=\"https:\/\/rendez-vous-store.com\/fr\/shop\/women\/women-coats-jackets-rendez-vous-store\/casey-casey-wasabi-jacket-0rfv014-indigo-rendez-vous-store\/\" \/>\n<meta property=\"og:site_name\" content=\"RENDEZ-VOUS STORE\" \/>\n<meta property=\"article:modified_time\" content=\"2026-03-11T15:48:44+00:00\" \/>\n<meta property=\"og:image\" content=\"https:\/\/rendez-vous-store.com\/app\/uploads\/2025\/09\/IMG_5653-min-scaled.webp\" \/>\n\t<meta property=\"og:image:width\" content=\"1707\" \/>\n\t<meta property=\"og:image:height\" content=\"2560\" \/>\n\t<meta property=\"og:image:type\" content=\"image\/webp\" \/>\n<meta name=\"twitter:card\" content=\"summary_large_image\" \/>\n<meta name=\"twitter:label1\" content=\"Est. reading time\" \/>\n\t<meta name=\"twitter:data1\" content=\"1 minute\" \/>\n<script type=\"application\/ld+json\" class=\"yoast-schema-graph\">{\"@context\":\"https:\/\/schema.org\",\"@graph\":[{\"@type\":\"WebPage\",\"@id\":\"https:\/\/rendez-vous-store.com\/shop\/women\/women-coats-jackets-rendez-vous-store\/casey-casey-wasabi-jacket-0rfv014-indigo-rendez-vous-store\/\",\"url\":\"https:\/\/rendez-vous-store.com\/shop\/women\/women-coats-jackets-rendez-vous-store\/casey-casey-wasabi-jacket-0rfv014-indigo-rendez-vous-store\/\",\"name\":\"Casey Casey - Wasabi Jacket 0RFV014 Indigo\",\"isPartOf\":{\"@id\":\"https:\/\/rendez-vous-store.com\/#website\"},\"primaryImageOfPage\":{\"@id\":\"https:\/\/rendez-vous-store.com\/shop\/women\/women-coats-jackets-rendez-vous-store\/casey-casey-wasabi-jacket-0rfv014-indigo-rendez-vous-store\/#primaryimage\"},\"image\":{\"@id\":\"https:\/\/rendez-vous-store.com\/shop\/women\/women-coats-jackets-rendez-vous-store\/casey-casey-wasabi-jacket-0rfv014-indigo-rendez-vous-store\/#primaryimage\"},\"thumbnailUrl\":\"https:\/\/rendez-vous-store.com\/app\/uploads\/2025\/09\/IMG_5653-min-scaled.webp\",\"datePublished\":\"2025-09-04T09:58:05+00:00\",\"dateModified\":\"2026-03-11T15:48:44+00:00\",\"description\":\"This Casey Casey Wasabi Jacket 0RFV014 Indigo is celebrated for its unique blend of minimalism, functionality, and timeless elegance. Discover now.\",\"breadcrumb\":{\"@id\":\"https:\/\/rendez-vous-store.com\/shop\/women\/women-coats-jackets-rendez-vous-store\/casey-casey-wasabi-jacket-0rfv014-indigo-rendez-vous-store\/#breadcrumb\"},\"inLanguage\":\"fr-FR\",\"potentialAction\":[{\"@type\":\"ReadAction\",\"target\":[\"https:\/\/rendez-vous-store.com\/shop\/women\/women-coats-jackets-rendez-vous-store\/casey-casey-wasabi-jacket-0rfv014-indigo-rendez-vous-store\/\"]}]},{\"@type\":\"ImageObject\",\"inLanguage\":\"fr-FR\",\"@id\":\"https:\/\/rendez-vous-store.com\/shop\/women\/women-coats-jackets-rendez-vous-store\/casey-casey-wasabi-jacket-0rfv014-indigo-rendez-vous-store\/#primaryimage\",\"url\":\"https:\/\/rendez-vous-store.com\/app\/uploads\/2025\/09\/IMG_5653-min-scaled.webp\",\"contentUrl\":\"https:\/\/rendez-vous-store.com\/app\/uploads\/2025\/09\/IMG_5653-min-scaled.webp\",\"width\":1707,\"height\":2560},{\"@type\":\"BreadcrumbList\",\"@id\":\"https:\/\/rendez-vous-store.com\/shop\/women\/women-coats-jackets-rendez-vous-store\/casey-casey-wasabi-jacket-0rfv014-indigo-rendez-vous-store\/#breadcrumb\",\"itemListElement\":[{\"@type\":\"ListItem\",\"position\":1,\"name\":\"Home\",\"item\":\"https:\/\/rendez-vous-store.com\/\"},{\"@type\":\"ListItem\",\"position\":2,\"name\":\"Shop\",\"item\":\"https:\/\/www.rendez-vous-store.com\/shop\/\"},{\"@type\":\"ListItem\",\"position\":3,\"name\":\"Casey Casey &#8211; Wasabi Jacket 0RFV014 &#8211; Indigo\"}]},{\"@type\":\"WebSite\",\"@id\":\"https:\/\/rendez-vous-store.com\/#website\",\"url\":\"https:\/\/rendez-vous-store.com\/\",\"name\":\"RENDEZ-VOUS STORE\",\"description\":\"Slow Fashion for Women and Men\",\"potentialAction\":[{\"@type\":\"SearchAction\",\"target\":{\"@type\":\"EntryPoint\",\"urlTemplate\":\"https:\/\/rendez-vous-store.com\/?s={search_term_string}\"},\"query-input\":{\"@type\":\"PropertyValueSpecification\",\"valueRequired\":true,\"valueName\":\"search_term_string\"}}],\"inLanguage\":\"fr-FR\"}]}<\/script>\n<!-- \/ Yoast SEO plugin. -->","yoast_head_json":{"title":"Casey Casey - Wasabi Jacket 0RFV014 Indigo","description":"This Casey Casey Wasabi Jacket 0RFV014 Indigo is celebrated for its unique blend of minimalism, functionality, and timeless elegance. Discover now.","robots":{"index":"index","follow":"follow","max-snippet":"max-snippet:-1","max-image-preview":"max-image-preview:large","max-video-preview":"max-video-preview:-1"},"canonical":"https:\/\/rendez-vous-store.com\/fr\/shop\/women\/women-coats-jackets-rendez-vous-store\/casey-casey-wasabi-jacket-0rfv014-indigo-rendez-vous-store\/","og_locale":"fr_FR","og_type":"article","og_title":"Casey Casey - Wasabi Jacket 0RFV014 Indigo","og_description":"This Casey Casey Wasabi Jacket 0RFV014 Indigo is celebrated for its unique blend of minimalism, functionality, and timeless elegance. Discover now.","og_url":"https:\/\/rendez-vous-store.com\/fr\/shop\/women\/women-coats-jackets-rendez-vous-store\/casey-casey-wasabi-jacket-0rfv014-indigo-rendez-vous-store\/","og_site_name":"RENDEZ-VOUS STORE","article_modified_time":"2026-03-11T15:48:44+00:00","og_image":[{"width":1707,"height":2560,"url":"https:\/\/rendez-vous-store.com\/app\/uploads\/2025\/09\/IMG_5653-min-scaled.webp","type":"image\/webp"}],"twitter_card":"summary_large_image","twitter_misc":{"Est. reading time":"1 minute"},"schema":{"@context":"https:\/\/schema.org","@graph":[{"@type":"WebPage","@id":"https:\/\/rendez-vous-store.com\/shop\/women\/women-coats-jackets-rendez-vous-store\/casey-casey-wasabi-jacket-0rfv014-indigo-rendez-vous-store\/","url":"https:\/\/rendez-vous-store.com\/shop\/women\/women-coats-jackets-rendez-vous-store\/casey-casey-wasabi-jacket-0rfv014-indigo-rendez-vous-store\/","name":"Casey Casey - Wasabi Jacket 0RFV014 Indigo","isPartOf":{"@id":"https:\/\/rendez-vous-store.com\/#website"},"primaryImageOfPage":{"@id":"https:\/\/rendez-vous-store.com\/shop\/women\/women-coats-jackets-rendez-vous-store\/casey-casey-wasabi-jacket-0rfv014-indigo-rendez-vous-store\/#primaryimage"},"image":{"@id":"https:\/\/rendez-vous-store.com\/shop\/women\/women-coats-jackets-rendez-vous-store\/casey-casey-wasabi-jacket-0rfv014-indigo-rendez-vous-store\/#primaryimage"},"thumbnailUrl":"https:\/\/rendez-vous-store.com\/app\/uploads\/2025\/09\/IMG_5653-min-scaled.webp","datePublished":"2025-09-04T09:58:05+00:00","dateModified":"2026-03-11T15:48:44+00:00","description":"This Casey Casey Wasabi Jacket 0RFV014 Indigo is celebrated for its unique blend of minimalism, functionality, and timeless elegance. Discover now.","breadcrumb":{"@id":"https:\/\/rendez-vous-store.com\/shop\/women\/women-coats-jackets-rendez-vous-store\/casey-casey-wasabi-jacket-0rfv014-indigo-rendez-vous-store\/#breadcrumb"},"inLanguage":"fr-FR","potentialAction":[{"@type":"ReadAction","target":["https:\/\/rendez-vous-store.com\/shop\/women\/women-coats-jackets-rendez-vous-store\/casey-casey-wasabi-jacket-0rfv014-indigo-rendez-vous-store\/"]}]},{"@type":"ImageObject","inLanguage":"fr-FR","@id":"https:\/\/rendez-vous-store.com\/shop\/women\/women-coats-jackets-rendez-vous-store\/casey-casey-wasabi-jacket-0rfv014-indigo-rendez-vous-store\/#primaryimage","url":"https:\/\/rendez-vous-store.com\/app\/uploads\/2025\/09\/IMG_5653-min-scaled.webp","contentUrl":"https:\/\/rendez-vous-store.com\/app\/uploads\/2025\/09\/IMG_5653-min-scaled.webp","width":1707,"height":2560},{"@type":"BreadcrumbList","@id":"https:\/\/rendez-vous-store.com\/shop\/women\/women-coats-jackets-rendez-vous-store\/casey-casey-wasabi-jacket-0rfv014-indigo-rendez-vous-store\/#breadcrumb","itemListElement":[{"@type":"ListItem","position":1,"name":"Home","item":"https:\/\/rendez-vous-store.com\/"},{"@type":"ListItem","position":2,"name":"Shop","item":"https:\/\/www.rendez-vous-store.com\/shop\/"},{"@type":"ListItem","position":3,"name":"Casey Casey &#8211; Wasabi Jacket 0RFV014 &#8211; Indigo"}]},{"@type":"WebSite","@id":"https:\/\/rendez-vous-store.com\/#website","url":"https:\/\/rendez-vous-store.com\/","name":"RENDEZ-VOUS STORE","description":"Slow Fashion for Women and Men","potentialAction":[{"@type":"SearchAction","target":{"@type":"EntryPoint","urlTemplate":"https:\/\/rendez-vous-store.com\/?s={search_term_string}"},"query-input":{"@type":"PropertyValueSpecification","valueRequired":true,"valueName":"search_term_string"}}],"inLanguage":"fr-FR"}]}},"_links":{"self":[{"href":"https:\/\/rendez-vous-store.com\/fr\/wp-json\/wp\/v2\/product\/213055","targetHints":{"allow":["GET"]}}],"collection":[{"href":"https:\/\/rendez-vous-store.com\/fr\/wp-json\/wp\/v2\/product"}],"about":[{"href":"https:\/\/rendez-vous-store.com\/fr\/wp-json\/wp\/v2\/types\/product"}],"wp:featuredmedia":[{"embeddable":true,"href":"https:\/\/rendez-vous-store.com\/fr\/wp-json\/wp\/v2\/media\/213856"}],"wp:attachment":[{"href":"https:\/\/rendez-vous-store.com\/fr\/wp-json\/wp\/v2\/media?parent=213055"}],"wp:term":[{"taxonomy":"product_brand","embeddable":true,"href":"https:\/\/rendez-vous-store.com\/fr\/wp-json\/wp\/v2\/product_brand?post=213055"},{"taxonomy":"product_cat","embeddable":true,"href":"https:\/\/rendez-vous-store.com\/fr\/wp-json\/wp\/v2\/product_cat?post=213055"},{"taxonomy":"product_tag","embeddable":true,"href":"https:\/\/rendez-vous-store.com\/fr\/wp-json\/wp\/v2\/product_tag?post=213055"}],"curies":[{"name":"wp","href":"https:\/\/api.w.org\/{rel}","templated":true}]}}