{"id":212846,"date":"2025-09-03T14:22:28","date_gmt":"2025-09-03T12:22:28","guid":{"rendered":"https:\/\/rendez-vous-store.com\/?post_type=product&#038;p=212846"},"modified":"2026-03-16T19:23:32","modified_gmt":"2026-03-16T18:23:32","slug":"paraboot-men-imbattable-chasse-noire-lis-noir","status":"publish","type":"product","link":"https:\/\/rendez-vous-store.com\/fr\/shop\/men-selection-discover-our-selection-rendez-vous-store\/shoes-men-rendez-vous-store\/paraboot-men-imbattable-chasse-noire-lis-noir\/","title":{"rendered":"Paraboot \u2013 HOMMES INVINCIBLE\/CHASSE \u2013 NOIR-LIS NOIR"},"content":{"rendered":"<p><strong>Paraboot HOMME IMBATTABLE\/CHASSE NOIR-LIS NOIR<\/strong><\/p>\n<p>Couleur : Noir<\/p>\n<p>Coupe g\u00e9n\u00e9reuse avec bout arrondi<\/p>\n<p>Coutures norv\u00e9giennes<\/p>\n<p>Composition : doublure en cuir, semelle en caoutchouc naturel<\/p>\n<p>Fabriqu\u00e9 en France<\/p>\n<p>&nbsp;<\/p>\n<p>&nbsp;<\/p>\n<p>&nbsp;<\/p>\n<p>&nbsp;<\/p>\n<p>&nbsp;<\/p>\n<p>&nbsp;<\/p>\n<p><strong>La marque :<\/strong><\/p>\n<p>Paraboot est une marque de chaussures fran\u00e7aise renomm\u00e9e qui fabrique des chaussures de haute qualit\u00e9 depuis 1908. La marque est r\u00e9put\u00e9e pour son savoir-faire exceptionnel, ses mod\u00e8les intemporels et son engagement \u00e0 utiliser des mat\u00e9riaux naturels et durables. Le style distinctif de Paraboot allie l'\u00e9l\u00e9gance classique \u00e0 une fonctionnalit\u00e9 robuste, cr\u00e9ant ainsi des chaussures \u00e0 la fois \u00e9l\u00e9gantes et confortables. Connues pour leur construction embl\u00e9matique \u00e0 tr\u00e9pointe Goodyear, les chaussures Paraboot sont con\u00e7ues pour r\u00e9sister \u00e0 l'\u00e9preuve du temps, offrant durabilit\u00e9 et r\u00e9parabilit\u00e9. La marque est r\u00e9put\u00e9e pour son approche innovante de la fabrication traditionnelle de chaussures, produisant une gamme de chaussures pour hommes et femmes, notamment des bottes, des mocassins et des oxfords. Paraboot est fi\u00e8re de son h\u00e9ritage fran\u00e7ais et continue de produire ses chaussures en France, en utilisant des mat\u00e9riaux de premi\u00e8re qualit\u00e9 tels que le cuir et le caoutchouc provenant de fournisseurs locaux.<\/p>","protected":false},"excerpt":{"rendered":"<p>Paraboot MEN IMBATTABLE\/CHASSE NOIRE-LIS NOIR Color: Black Generous fit with a rounded toe Norwegian stitching Composition:\u00a0 Leather lining, natural rubber sole Made in France &nbsp; &nbsp; &nbsp; &nbsp; &nbsp; &nbsp; The Brand : Paraboot is a renowned French footwear brand that has been crafting high-quality shoes since 1908. The brand is celebrated for its exceptional&hellip; <a class=\"more-link\" href=\"https:\/\/rendez-vous-store.com\/fr\/shop\/men-selection-discover-our-selection-rendez-vous-store\/shoes-men-rendez-vous-store\/paraboot-men-imbattable-chasse-noire-lis-noir\/\">Continuer la lecture <span class=\"screen-reader-text\">Paraboot \u2013 HOMMES INVINCIBLE\/CHASSE \u2013 NOIR-LIS NOIR<\/span><\/a><\/p>","protected":false},"featured_media":213120,"template":"","meta":{"_acf_changed":false},"product_brand":[],"product_cat":[20,1059,181],"product_tag":[683],"class_list":{"0":"post-212846","1":"product","2":"type-product","3":"status-publish","4":"has-post-thumbnail","6":"product_cat-men-selection-discover-our-selection-rendez-vous-store","7":"product_cat-new-men-rendez-vous-store","8":"product_cat-shoes-men-rendez-vous-store","9":"product_tag-paraboot","10":"entry","12":"first","13":"instock","14":"taxable","15":"shipping-taxable","16":"purchasable","17":"product-type-variable","18":"has-default-attributes"},"acf":[],"yoast_head":"<!-- This site is optimized with the Yoast SEO plugin v24.9 - https:\/\/yoast.com\/wordpress\/plugins\/seo\/ -->\n<title>Paraboot MEN IMBATTABLE\/CHASSE NOIRE-LIS NOIR<\/title>\n<meta name=\"description\" content=\"Paraboot is on Rendez-vous Store. This Paraboot - MEN IMBATTABLE\/CHASSE - NOIRE-LIS NOIR is a focus on comfort and functionality. Using premium materials.\" \/>\n<meta name=\"robots\" content=\"index, follow, max-snippet:-1, max-image-preview:large, max-video-preview:-1\" \/>\n<link rel=\"canonical\" href=\"https:\/\/rendez-vous-store.com\/fr\/shop\/men-selection-discover-our-selection-rendez-vous-store\/shoes-men-rendez-vous-store\/paraboot-men-imbattable-chasse-noire-lis-noir\/\" \/>\n<meta property=\"og:locale\" content=\"fr_FR\" \/>\n<meta property=\"og:type\" content=\"article\" \/>\n<meta property=\"og:title\" content=\"Paraboot MEN IMBATTABLE\/CHASSE NOIRE-LIS NOIR\" \/>\n<meta property=\"og:description\" content=\"Paraboot is on Rendez-vous Store. This Paraboot - MEN IMBATTABLE\/CHASSE - NOIRE-LIS NOIR is a focus on comfort and functionality. Using premium materials.\" \/>\n<meta property=\"og:url\" content=\"https:\/\/rendez-vous-store.com\/fr\/shop\/men-selection-discover-our-selection-rendez-vous-store\/shoes-men-rendez-vous-store\/paraboot-men-imbattable-chasse-noire-lis-noir\/\" \/>\n<meta property=\"og:site_name\" content=\"RENDEZ-VOUS STORE\" \/>\n<meta property=\"article:modified_time\" content=\"2026-03-16T18:23:32+00:00\" \/>\n<meta property=\"og:image\" content=\"https:\/\/rendez-vous-store.com\/app\/uploads\/2025\/09\/IMG_4632-min-scaled.webp\" \/>\n\t<meta property=\"og:image:width\" content=\"1707\" \/>\n\t<meta property=\"og:image:height\" content=\"2560\" \/>\n\t<meta property=\"og:image:type\" content=\"image\/webp\" \/>\n<meta name=\"twitter:card\" content=\"summary_large_image\" \/>\n<meta name=\"twitter:label1\" content=\"Est. reading time\" \/>\n\t<meta name=\"twitter:data1\" content=\"1 minute\" \/>\n<script type=\"application\/ld+json\" class=\"yoast-schema-graph\">{\"@context\":\"https:\/\/schema.org\",\"@graph\":[{\"@type\":\"WebPage\",\"@id\":\"https:\/\/rendez-vous-store.com\/shop\/men-selection-discover-our-selection-rendez-vous-store\/shoes-men-rendez-vous-store\/paraboot-men-imbattable-chasse-noire-lis-noir\/\",\"url\":\"https:\/\/rendez-vous-store.com\/shop\/men-selection-discover-our-selection-rendez-vous-store\/shoes-men-rendez-vous-store\/paraboot-men-imbattable-chasse-noire-lis-noir\/\",\"name\":\"Paraboot MEN IMBATTABLE\/CHASSE NOIRE-LIS NOIR\",\"isPartOf\":{\"@id\":\"https:\/\/rendez-vous-store.com\/#website\"},\"primaryImageOfPage\":{\"@id\":\"https:\/\/rendez-vous-store.com\/shop\/men-selection-discover-our-selection-rendez-vous-store\/shoes-men-rendez-vous-store\/paraboot-men-imbattable-chasse-noire-lis-noir\/#primaryimage\"},\"image\":{\"@id\":\"https:\/\/rendez-vous-store.com\/shop\/men-selection-discover-our-selection-rendez-vous-store\/shoes-men-rendez-vous-store\/paraboot-men-imbattable-chasse-noire-lis-noir\/#primaryimage\"},\"thumbnailUrl\":\"https:\/\/rendez-vous-store.com\/app\/uploads\/2025\/09\/IMG_4632-min-scaled.webp\",\"datePublished\":\"2025-09-03T12:22:28+00:00\",\"dateModified\":\"2026-03-16T18:23:32+00:00\",\"description\":\"Paraboot is on Rendez-vous Store. This Paraboot - MEN IMBATTABLE\/CHASSE - NOIRE-LIS NOIR is a focus on comfort and functionality. Using premium materials.\",\"breadcrumb\":{\"@id\":\"https:\/\/rendez-vous-store.com\/shop\/men-selection-discover-our-selection-rendez-vous-store\/shoes-men-rendez-vous-store\/paraboot-men-imbattable-chasse-noire-lis-noir\/#breadcrumb\"},\"inLanguage\":\"fr-FR\",\"potentialAction\":[{\"@type\":\"ReadAction\",\"target\":[\"https:\/\/rendez-vous-store.com\/shop\/men-selection-discover-our-selection-rendez-vous-store\/shoes-men-rendez-vous-store\/paraboot-men-imbattable-chasse-noire-lis-noir\/\"]}]},{\"@type\":\"ImageObject\",\"inLanguage\":\"fr-FR\",\"@id\":\"https:\/\/rendez-vous-store.com\/shop\/men-selection-discover-our-selection-rendez-vous-store\/shoes-men-rendez-vous-store\/paraboot-men-imbattable-chasse-noire-lis-noir\/#primaryimage\",\"url\":\"https:\/\/rendez-vous-store.com\/app\/uploads\/2025\/09\/IMG_4632-min-scaled.webp\",\"contentUrl\":\"https:\/\/rendez-vous-store.com\/app\/uploads\/2025\/09\/IMG_4632-min-scaled.webp\",\"width\":1707,\"height\":2560},{\"@type\":\"BreadcrumbList\",\"@id\":\"https:\/\/rendez-vous-store.com\/shop\/men-selection-discover-our-selection-rendez-vous-store\/shoes-men-rendez-vous-store\/paraboot-men-imbattable-chasse-noire-lis-noir\/#breadcrumb\",\"itemListElement\":[{\"@type\":\"ListItem\",\"position\":1,\"name\":\"Home\",\"item\":\"https:\/\/rendez-vous-store.com\/\"},{\"@type\":\"ListItem\",\"position\":2,\"name\":\"Shop\",\"item\":\"https:\/\/www.rendez-vous-store.com\/shop\/\"},{\"@type\":\"ListItem\",\"position\":3,\"name\":\"Paraboot &#8211; MEN IMBATTABLE\/CHASSE &#8211; NOIRE-LIS NOIR\"}]},{\"@type\":\"WebSite\",\"@id\":\"https:\/\/rendez-vous-store.com\/#website\",\"url\":\"https:\/\/rendez-vous-store.com\/\",\"name\":\"RENDEZ-VOUS STORE\",\"description\":\"Slow Fashion for Women and Men\",\"potentialAction\":[{\"@type\":\"SearchAction\",\"target\":{\"@type\":\"EntryPoint\",\"urlTemplate\":\"https:\/\/rendez-vous-store.com\/?s={search_term_string}\"},\"query-input\":{\"@type\":\"PropertyValueSpecification\",\"valueRequired\":true,\"valueName\":\"search_term_string\"}}],\"inLanguage\":\"fr-FR\"}]}<\/script>\n<!-- \/ Yoast SEO plugin. -->","yoast_head_json":{"title":"Paraboot MEN IMBATTABLE\/CHASSE NOIRE-LIS NOIR","description":"Paraboot is on Rendez-vous Store. This Paraboot - MEN IMBATTABLE\/CHASSE - NOIRE-LIS NOIR is a focus on comfort and functionality. Using premium materials.","robots":{"index":"index","follow":"follow","max-snippet":"max-snippet:-1","max-image-preview":"max-image-preview:large","max-video-preview":"max-video-preview:-1"},"canonical":"https:\/\/rendez-vous-store.com\/fr\/shop\/men-selection-discover-our-selection-rendez-vous-store\/shoes-men-rendez-vous-store\/paraboot-men-imbattable-chasse-noire-lis-noir\/","og_locale":"fr_FR","og_type":"article","og_title":"Paraboot MEN IMBATTABLE\/CHASSE NOIRE-LIS NOIR","og_description":"Paraboot is on Rendez-vous Store. This Paraboot - MEN IMBATTABLE\/CHASSE - NOIRE-LIS NOIR is a focus on comfort and functionality. Using premium materials.","og_url":"https:\/\/rendez-vous-store.com\/fr\/shop\/men-selection-discover-our-selection-rendez-vous-store\/shoes-men-rendez-vous-store\/paraboot-men-imbattable-chasse-noire-lis-noir\/","og_site_name":"RENDEZ-VOUS STORE","article_modified_time":"2026-03-16T18:23:32+00:00","og_image":[{"width":1707,"height":2560,"url":"https:\/\/rendez-vous-store.com\/app\/uploads\/2025\/09\/IMG_4632-min-scaled.webp","type":"image\/webp"}],"twitter_card":"summary_large_image","twitter_misc":{"Est. reading time":"1 minute"},"schema":{"@context":"https:\/\/schema.org","@graph":[{"@type":"WebPage","@id":"https:\/\/rendez-vous-store.com\/shop\/men-selection-discover-our-selection-rendez-vous-store\/shoes-men-rendez-vous-store\/paraboot-men-imbattable-chasse-noire-lis-noir\/","url":"https:\/\/rendez-vous-store.com\/shop\/men-selection-discover-our-selection-rendez-vous-store\/shoes-men-rendez-vous-store\/paraboot-men-imbattable-chasse-noire-lis-noir\/","name":"Paraboot MEN IMBATTABLE\/CHASSE NOIRE-LIS NOIR","isPartOf":{"@id":"https:\/\/rendez-vous-store.com\/#website"},"primaryImageOfPage":{"@id":"https:\/\/rendez-vous-store.com\/shop\/men-selection-discover-our-selection-rendez-vous-store\/shoes-men-rendez-vous-store\/paraboot-men-imbattable-chasse-noire-lis-noir\/#primaryimage"},"image":{"@id":"https:\/\/rendez-vous-store.com\/shop\/men-selection-discover-our-selection-rendez-vous-store\/shoes-men-rendez-vous-store\/paraboot-men-imbattable-chasse-noire-lis-noir\/#primaryimage"},"thumbnailUrl":"https:\/\/rendez-vous-store.com\/app\/uploads\/2025\/09\/IMG_4632-min-scaled.webp","datePublished":"2025-09-03T12:22:28+00:00","dateModified":"2026-03-16T18:23:32+00:00","description":"Paraboot is on Rendez-vous Store. This Paraboot - MEN IMBATTABLE\/CHASSE - NOIRE-LIS NOIR is a focus on comfort and functionality. Using premium materials.","breadcrumb":{"@id":"https:\/\/rendez-vous-store.com\/shop\/men-selection-discover-our-selection-rendez-vous-store\/shoes-men-rendez-vous-store\/paraboot-men-imbattable-chasse-noire-lis-noir\/#breadcrumb"},"inLanguage":"fr-FR","potentialAction":[{"@type":"ReadAction","target":["https:\/\/rendez-vous-store.com\/shop\/men-selection-discover-our-selection-rendez-vous-store\/shoes-men-rendez-vous-store\/paraboot-men-imbattable-chasse-noire-lis-noir\/"]}]},{"@type":"ImageObject","inLanguage":"fr-FR","@id":"https:\/\/rendez-vous-store.com\/shop\/men-selection-discover-our-selection-rendez-vous-store\/shoes-men-rendez-vous-store\/paraboot-men-imbattable-chasse-noire-lis-noir\/#primaryimage","url":"https:\/\/rendez-vous-store.com\/app\/uploads\/2025\/09\/IMG_4632-min-scaled.webp","contentUrl":"https:\/\/rendez-vous-store.com\/app\/uploads\/2025\/09\/IMG_4632-min-scaled.webp","width":1707,"height":2560},{"@type":"BreadcrumbList","@id":"https:\/\/rendez-vous-store.com\/shop\/men-selection-discover-our-selection-rendez-vous-store\/shoes-men-rendez-vous-store\/paraboot-men-imbattable-chasse-noire-lis-noir\/#breadcrumb","itemListElement":[{"@type":"ListItem","position":1,"name":"Home","item":"https:\/\/rendez-vous-store.com\/"},{"@type":"ListItem","position":2,"name":"Shop","item":"https:\/\/www.rendez-vous-store.com\/shop\/"},{"@type":"ListItem","position":3,"name":"Paraboot &#8211; MEN IMBATTABLE\/CHASSE &#8211; NOIRE-LIS NOIR"}]},{"@type":"WebSite","@id":"https:\/\/rendez-vous-store.com\/#website","url":"https:\/\/rendez-vous-store.com\/","name":"RENDEZ-VOUS STORE","description":"Slow Fashion for Women and Men","potentialAction":[{"@type":"SearchAction","target":{"@type":"EntryPoint","urlTemplate":"https:\/\/rendez-vous-store.com\/?s={search_term_string}"},"query-input":{"@type":"PropertyValueSpecification","valueRequired":true,"valueName":"search_term_string"}}],"inLanguage":"fr-FR"}]}},"_links":{"self":[{"href":"https:\/\/rendez-vous-store.com\/fr\/wp-json\/wp\/v2\/product\/212846","targetHints":{"allow":["GET"]}}],"collection":[{"href":"https:\/\/rendez-vous-store.com\/fr\/wp-json\/wp\/v2\/product"}],"about":[{"href":"https:\/\/rendez-vous-store.com\/fr\/wp-json\/wp\/v2\/types\/product"}],"wp:featuredmedia":[{"embeddable":true,"href":"https:\/\/rendez-vous-store.com\/fr\/wp-json\/wp\/v2\/media\/213120"}],"wp:attachment":[{"href":"https:\/\/rendez-vous-store.com\/fr\/wp-json\/wp\/v2\/media?parent=212846"}],"wp:term":[{"taxonomy":"product_brand","embeddable":true,"href":"https:\/\/rendez-vous-store.com\/fr\/wp-json\/wp\/v2\/product_brand?post=212846"},{"taxonomy":"product_cat","embeddable":true,"href":"https:\/\/rendez-vous-store.com\/fr\/wp-json\/wp\/v2\/product_cat?post=212846"},{"taxonomy":"product_tag","embeddable":true,"href":"https:\/\/rendez-vous-store.com\/fr\/wp-json\/wp\/v2\/product_tag?post=212846"}],"curies":[{"name":"wp","href":"https:\/\/api.w.org\/{rel}","templated":true}]}}