{"id":211632,"date":"2025-08-26T14:40:54","date_gmt":"2025-08-26T12:40:54","guid":{"rendered":"https:\/\/rendez-vous-store.com\/?post_type=product&#038;p=211632"},"modified":"2026-04-24T16:18:36","modified_gmt":"2026-04-24T14:18:36","slug":"pas-de-calais-washed-organic-cotton-mini-checkered-shirt-13-50-6695-brown-rendez-vous-store","status":"publish","type":"product","link":"https:\/\/rendez-vous-store.com\/fr\/shop\/women\/women-shirts-discover-our-selection-rendez-vous-store\/pas-de-calais-washed-organic-cotton-mini-checkered-shirt-13-50-6695-brown-rendez-vous-store\/","title":{"rendered":"Pas De Calais \u2013 Chemise \u00e0 mini carreaux en coton biologique lav\u00e9 13-50-6695 \u2013 Marron"},"content":{"rendered":"<p><strong>Pas De Calais Chemise \u00e0 mini carreaux en coton biologique lav\u00e9 13-50-6695 Marron<\/strong><\/p>\n<p>Couleur : Marron<\/p>\n<p>Coupe d\u00e9contract\u00e9e<\/p>\n<p>Col de chemise classique<\/p>\n<p>Manches longues<\/p>\n<p>\u00c9paules tombantes<\/p>\n<p>Fermeture par bouton<\/p>\n<p>Composition : 100% Coton<\/p>\n<p>Fabriqu\u00e9 au Japon<\/p>\n<p>&nbsp;<\/p>\n<p>&nbsp;<\/p>\n<p>&nbsp;<\/p>\n<p>&nbsp;<\/p>\n<p>&nbsp;<\/p>\n<div class=\"group\/conversation-turn relative flex w-full min-w-0 flex-col agent-turn\">\n<div class=\"flex-col gap-1 md:gap-3\">\n<div class=\"flex max-w-full flex-col flex-grow\">\n<div class=\"min-h-8 text-message flex w-full flex-col items-end gap-2 whitespace-normal break-words [.text-message+&amp;]:mt-5\" dir=\"auto\" data-message-author-role=\"assistant\" data-message-id=\"9a589af8-966b-425d-8c97-a78852c0f330\">\n<div class=\"flex w-full flex-col gap-1 empty:hidden first:pt-[3px]\">\n<div class=\"markdown prose w-full break-words dark:prose-invert light\">\n<p><strong>La marque\u00a0<\/strong><\/p>\n<p>Le Pas de Calais se distingue par son approche artisanale et sa passion pour les mat\u00e9riaux de qualit\u00e9. La marque propose des collections qui allient sophistication et simplicit\u00e9. Les cr\u00e9ations refl\u00e8tent une harmonie entre des lignes \u00e9pur\u00e9es et des d\u00e9tails subtils.<\/p>\n<p>Avec une essence de puret\u00e9 et de nostalgie, le Pas de Calais cr\u00e9e un univers contemporain romantique \u00e0 travers un design moderne et d\u00e9contract\u00e9.<\/p>\n<p>En combinant une vari\u00e9t\u00e9 de techniques traditionnelles de teinture et de techniques avanc\u00e9es avec le coton, le lin et la soie, le Pas de Calais d\u00e9veloppe ses propres textiles originaux. Les cr\u00e9ateurs composent harmonieusement des mati\u00e8res naturelles pour cr\u00e9er des collections confortables et agr\u00e9ables \u00e0 porter.<\/p>\n<\/div>\n<\/div>\n<\/div>\n<\/div>\n<\/div>\n<\/div>","protected":false},"excerpt":{"rendered":"<p>Pas De Calais Washed Organic Cotton Mini Checkered Shirt 13-50-6695 Brown Color: Brown Relaxed fit Classic collar shirt Long sleeves Dropped shoulders Button closure Composition: 100% Cotton Made in Japan &nbsp; &nbsp; &nbsp; &nbsp; &nbsp; The brand\u00a0 Pas de Calais stands out for its artisanal approach and passion for high-quality materials. The brand offers collections&hellip; <a class=\"more-link\" href=\"https:\/\/rendez-vous-store.com\/fr\/shop\/women\/women-shirts-discover-our-selection-rendez-vous-store\/pas-de-calais-washed-organic-cotton-mini-checkered-shirt-13-50-6695-brown-rendez-vous-store\/\">Continuer la lecture <span class=\"screen-reader-text\">Pas De Calais \u2013 Chemise \u00e0 mini carreaux en coton biologique lav\u00e9 13-50-6695 \u2013 Marron<\/span><\/a><\/p>","protected":false},"featured_media":212293,"template":"","meta":{"_acf_changed":false},"product_brand":[],"product_cat":[17,1062,378],"product_tag":[684],"class_list":{"0":"post-211632","1":"product","2":"type-product","3":"status-publish","4":"has-post-thumbnail","6":"product_cat-women","7":"product_cat-new-women-selection-rendez-vous-store","8":"product_cat-women-shirts-discover-our-selection-rendez-vous-store","9":"product_tag-pas-de-calais","10":"entry","12":"first","13":"outofstock","14":"taxable","15":"shipping-taxable","16":"product-type-variable"},"acf":[],"yoast_head":"<!-- This site is optimized with the Yoast SEO plugin v24.9 - https:\/\/yoast.com\/wordpress\/plugins\/seo\/ -->\n<title>Pas De Calais Washed Organic Cotton Mini Checkered Shirt Brown<\/title>\n<meta name=\"description\" content=\"This Pas De Calais - Washed Organic Cotton Mini Checkered Shirt 13-50-6695 - Brown white combine a variety of traditional dyeing and advanced techniques.\" \/>\n<meta name=\"robots\" content=\"index, follow, max-snippet:-1, max-image-preview:large, max-video-preview:-1\" \/>\n<link rel=\"canonical\" href=\"https:\/\/rendez-vous-store.com\/fr\/shop\/women\/women-shirts-discover-our-selection-rendez-vous-store\/pas-de-calais-washed-organic-cotton-mini-checkered-shirt-13-50-6695-brown-rendez-vous-store\/\" \/>\n<meta property=\"og:locale\" content=\"fr_FR\" \/>\n<meta property=\"og:type\" content=\"article\" \/>\n<meta property=\"og:title\" content=\"Pas De Calais Washed Organic Cotton Mini Checkered Shirt Brown\" \/>\n<meta property=\"og:description\" content=\"This Pas De Calais - Washed Organic Cotton Mini Checkered Shirt 13-50-6695 - Brown white combine a variety of traditional dyeing and advanced techniques.\" \/>\n<meta property=\"og:url\" content=\"https:\/\/rendez-vous-store.com\/fr\/shop\/women\/women-shirts-discover-our-selection-rendez-vous-store\/pas-de-calais-washed-organic-cotton-mini-checkered-shirt-13-50-6695-brown-rendez-vous-store\/\" \/>\n<meta property=\"og:site_name\" content=\"RENDEZ-VOUS STORE\" \/>\n<meta property=\"article:modified_time\" content=\"2026-04-24T14:18:36+00:00\" \/>\n<meta property=\"og:image\" content=\"https:\/\/rendez-vous-store.com\/app\/uploads\/2025\/08\/IMG_2536-min-scaled.webp\" \/>\n\t<meta property=\"og:image:width\" content=\"1707\" \/>\n\t<meta property=\"og:image:height\" content=\"2560\" \/>\n\t<meta property=\"og:image:type\" content=\"image\/webp\" \/>\n<meta name=\"twitter:card\" content=\"summary_large_image\" \/>\n<meta name=\"twitter:label1\" content=\"Est. reading time\" \/>\n\t<meta name=\"twitter:data1\" content=\"1 minute\" \/>\n<script type=\"application\/ld+json\" class=\"yoast-schema-graph\">{\"@context\":\"https:\/\/schema.org\",\"@graph\":[{\"@type\":\"WebPage\",\"@id\":\"https:\/\/rendez-vous-store.com\/shop\/women\/women-shirts-discover-our-selection-rendez-vous-store\/pas-de-calais-washed-organic-cotton-mini-checkered-shirt-13-50-6695-brown-rendez-vous-store\/\",\"url\":\"https:\/\/rendez-vous-store.com\/shop\/women\/women-shirts-discover-our-selection-rendez-vous-store\/pas-de-calais-washed-organic-cotton-mini-checkered-shirt-13-50-6695-brown-rendez-vous-store\/\",\"name\":\"Pas De Calais Washed Organic Cotton Mini Checkered Shirt Brown\",\"isPartOf\":{\"@id\":\"https:\/\/rendez-vous-store.com\/#website\"},\"primaryImageOfPage\":{\"@id\":\"https:\/\/rendez-vous-store.com\/shop\/women\/women-shirts-discover-our-selection-rendez-vous-store\/pas-de-calais-washed-organic-cotton-mini-checkered-shirt-13-50-6695-brown-rendez-vous-store\/#primaryimage\"},\"image\":{\"@id\":\"https:\/\/rendez-vous-store.com\/shop\/women\/women-shirts-discover-our-selection-rendez-vous-store\/pas-de-calais-washed-organic-cotton-mini-checkered-shirt-13-50-6695-brown-rendez-vous-store\/#primaryimage\"},\"thumbnailUrl\":\"https:\/\/rendez-vous-store.com\/app\/uploads\/2025\/08\/IMG_2536-min-scaled.webp\",\"datePublished\":\"2025-08-26T12:40:54+00:00\",\"dateModified\":\"2026-04-24T14:18:36+00:00\",\"description\":\"This Pas De Calais - Washed Organic Cotton Mini Checkered Shirt 13-50-6695 - Brown white combine a variety of traditional dyeing and advanced techniques.\",\"breadcrumb\":{\"@id\":\"https:\/\/rendez-vous-store.com\/shop\/women\/women-shirts-discover-our-selection-rendez-vous-store\/pas-de-calais-washed-organic-cotton-mini-checkered-shirt-13-50-6695-brown-rendez-vous-store\/#breadcrumb\"},\"inLanguage\":\"fr-FR\",\"potentialAction\":[{\"@type\":\"ReadAction\",\"target\":[\"https:\/\/rendez-vous-store.com\/shop\/women\/women-shirts-discover-our-selection-rendez-vous-store\/pas-de-calais-washed-organic-cotton-mini-checkered-shirt-13-50-6695-brown-rendez-vous-store\/\"]}]},{\"@type\":\"ImageObject\",\"inLanguage\":\"fr-FR\",\"@id\":\"https:\/\/rendez-vous-store.com\/shop\/women\/women-shirts-discover-our-selection-rendez-vous-store\/pas-de-calais-washed-organic-cotton-mini-checkered-shirt-13-50-6695-brown-rendez-vous-store\/#primaryimage\",\"url\":\"https:\/\/rendez-vous-store.com\/app\/uploads\/2025\/08\/IMG_2536-min-scaled.webp\",\"contentUrl\":\"https:\/\/rendez-vous-store.com\/app\/uploads\/2025\/08\/IMG_2536-min-scaled.webp\",\"width\":1707,\"height\":2560},{\"@type\":\"BreadcrumbList\",\"@id\":\"https:\/\/rendez-vous-store.com\/shop\/women\/women-shirts-discover-our-selection-rendez-vous-store\/pas-de-calais-washed-organic-cotton-mini-checkered-shirt-13-50-6695-brown-rendez-vous-store\/#breadcrumb\",\"itemListElement\":[{\"@type\":\"ListItem\",\"position\":1,\"name\":\"Home\",\"item\":\"https:\/\/rendez-vous-store.com\/\"},{\"@type\":\"ListItem\",\"position\":2,\"name\":\"Shop\",\"item\":\"https:\/\/www.rendez-vous-store.com\/shop\/\"},{\"@type\":\"ListItem\",\"position\":3,\"name\":\"Pas De Calais &#8211; Washed Organic Cotton Mini Checkered Shirt 13-50-6695 &#8211; Brown\"}]},{\"@type\":\"WebSite\",\"@id\":\"https:\/\/rendez-vous-store.com\/#website\",\"url\":\"https:\/\/rendez-vous-store.com\/\",\"name\":\"RENDEZ-VOUS STORE\",\"description\":\"Slow Fashion for Women and Men\",\"potentialAction\":[{\"@type\":\"SearchAction\",\"target\":{\"@type\":\"EntryPoint\",\"urlTemplate\":\"https:\/\/rendez-vous-store.com\/?s={search_term_string}\"},\"query-input\":{\"@type\":\"PropertyValueSpecification\",\"valueRequired\":true,\"valueName\":\"search_term_string\"}}],\"inLanguage\":\"fr-FR\"}]}<\/script>\n<!-- \/ Yoast SEO plugin. -->","yoast_head_json":{"title":"Pas De Calais Washed Organic Cotton Mini Checkered Shirt Brown","description":"This Pas De Calais - Washed Organic Cotton Mini Checkered Shirt 13-50-6695 - Brown white combine a variety of traditional dyeing and advanced techniques.","robots":{"index":"index","follow":"follow","max-snippet":"max-snippet:-1","max-image-preview":"max-image-preview:large","max-video-preview":"max-video-preview:-1"},"canonical":"https:\/\/rendez-vous-store.com\/fr\/shop\/women\/women-shirts-discover-our-selection-rendez-vous-store\/pas-de-calais-washed-organic-cotton-mini-checkered-shirt-13-50-6695-brown-rendez-vous-store\/","og_locale":"fr_FR","og_type":"article","og_title":"Pas De Calais Washed Organic Cotton Mini Checkered Shirt Brown","og_description":"This Pas De Calais - Washed Organic Cotton Mini Checkered Shirt 13-50-6695 - Brown white combine a variety of traditional dyeing and advanced techniques.","og_url":"https:\/\/rendez-vous-store.com\/fr\/shop\/women\/women-shirts-discover-our-selection-rendez-vous-store\/pas-de-calais-washed-organic-cotton-mini-checkered-shirt-13-50-6695-brown-rendez-vous-store\/","og_site_name":"RENDEZ-VOUS STORE","article_modified_time":"2026-04-24T14:18:36+00:00","og_image":[{"width":1707,"height":2560,"url":"https:\/\/rendez-vous-store.com\/app\/uploads\/2025\/08\/IMG_2536-min-scaled.webp","type":"image\/webp"}],"twitter_card":"summary_large_image","twitter_misc":{"Est. reading time":"1 minute"},"schema":{"@context":"https:\/\/schema.org","@graph":[{"@type":"WebPage","@id":"https:\/\/rendez-vous-store.com\/shop\/women\/women-shirts-discover-our-selection-rendez-vous-store\/pas-de-calais-washed-organic-cotton-mini-checkered-shirt-13-50-6695-brown-rendez-vous-store\/","url":"https:\/\/rendez-vous-store.com\/shop\/women\/women-shirts-discover-our-selection-rendez-vous-store\/pas-de-calais-washed-organic-cotton-mini-checkered-shirt-13-50-6695-brown-rendez-vous-store\/","name":"Pas De Calais Washed Organic Cotton Mini Checkered Shirt Brown","isPartOf":{"@id":"https:\/\/rendez-vous-store.com\/#website"},"primaryImageOfPage":{"@id":"https:\/\/rendez-vous-store.com\/shop\/women\/women-shirts-discover-our-selection-rendez-vous-store\/pas-de-calais-washed-organic-cotton-mini-checkered-shirt-13-50-6695-brown-rendez-vous-store\/#primaryimage"},"image":{"@id":"https:\/\/rendez-vous-store.com\/shop\/women\/women-shirts-discover-our-selection-rendez-vous-store\/pas-de-calais-washed-organic-cotton-mini-checkered-shirt-13-50-6695-brown-rendez-vous-store\/#primaryimage"},"thumbnailUrl":"https:\/\/rendez-vous-store.com\/app\/uploads\/2025\/08\/IMG_2536-min-scaled.webp","datePublished":"2025-08-26T12:40:54+00:00","dateModified":"2026-04-24T14:18:36+00:00","description":"This Pas De Calais - Washed Organic Cotton Mini Checkered Shirt 13-50-6695 - Brown white combine a variety of traditional dyeing and advanced techniques.","breadcrumb":{"@id":"https:\/\/rendez-vous-store.com\/shop\/women\/women-shirts-discover-our-selection-rendez-vous-store\/pas-de-calais-washed-organic-cotton-mini-checkered-shirt-13-50-6695-brown-rendez-vous-store\/#breadcrumb"},"inLanguage":"fr-FR","potentialAction":[{"@type":"ReadAction","target":["https:\/\/rendez-vous-store.com\/shop\/women\/women-shirts-discover-our-selection-rendez-vous-store\/pas-de-calais-washed-organic-cotton-mini-checkered-shirt-13-50-6695-brown-rendez-vous-store\/"]}]},{"@type":"ImageObject","inLanguage":"fr-FR","@id":"https:\/\/rendez-vous-store.com\/shop\/women\/women-shirts-discover-our-selection-rendez-vous-store\/pas-de-calais-washed-organic-cotton-mini-checkered-shirt-13-50-6695-brown-rendez-vous-store\/#primaryimage","url":"https:\/\/rendez-vous-store.com\/app\/uploads\/2025\/08\/IMG_2536-min-scaled.webp","contentUrl":"https:\/\/rendez-vous-store.com\/app\/uploads\/2025\/08\/IMG_2536-min-scaled.webp","width":1707,"height":2560},{"@type":"BreadcrumbList","@id":"https:\/\/rendez-vous-store.com\/shop\/women\/women-shirts-discover-our-selection-rendez-vous-store\/pas-de-calais-washed-organic-cotton-mini-checkered-shirt-13-50-6695-brown-rendez-vous-store\/#breadcrumb","itemListElement":[{"@type":"ListItem","position":1,"name":"Home","item":"https:\/\/rendez-vous-store.com\/"},{"@type":"ListItem","position":2,"name":"Shop","item":"https:\/\/www.rendez-vous-store.com\/shop\/"},{"@type":"ListItem","position":3,"name":"Pas De Calais &#8211; Washed Organic Cotton Mini Checkered Shirt 13-50-6695 &#8211; Brown"}]},{"@type":"WebSite","@id":"https:\/\/rendez-vous-store.com\/#website","url":"https:\/\/rendez-vous-store.com\/","name":"RENDEZ-VOUS STORE","description":"Slow Fashion for Women and Men","potentialAction":[{"@type":"SearchAction","target":{"@type":"EntryPoint","urlTemplate":"https:\/\/rendez-vous-store.com\/?s={search_term_string}"},"query-input":{"@type":"PropertyValueSpecification","valueRequired":true,"valueName":"search_term_string"}}],"inLanguage":"fr-FR"}]}},"_links":{"self":[{"href":"https:\/\/rendez-vous-store.com\/fr\/wp-json\/wp\/v2\/product\/211632","targetHints":{"allow":["GET"]}}],"collection":[{"href":"https:\/\/rendez-vous-store.com\/fr\/wp-json\/wp\/v2\/product"}],"about":[{"href":"https:\/\/rendez-vous-store.com\/fr\/wp-json\/wp\/v2\/types\/product"}],"wp:featuredmedia":[{"embeddable":true,"href":"https:\/\/rendez-vous-store.com\/fr\/wp-json\/wp\/v2\/media\/212293"}],"wp:attachment":[{"href":"https:\/\/rendez-vous-store.com\/fr\/wp-json\/wp\/v2\/media?parent=211632"}],"wp:term":[{"taxonomy":"product_brand","embeddable":true,"href":"https:\/\/rendez-vous-store.com\/fr\/wp-json\/wp\/v2\/product_brand?post=211632"},{"taxonomy":"product_cat","embeddable":true,"href":"https:\/\/rendez-vous-store.com\/fr\/wp-json\/wp\/v2\/product_cat?post=211632"},{"taxonomy":"product_tag","embeddable":true,"href":"https:\/\/rendez-vous-store.com\/fr\/wp-json\/wp\/v2\/product_tag?post=211632"}],"curies":[{"name":"wp","href":"https:\/\/api.w.org\/{rel}","templated":true}]}}