{"id":211486,"date":"2025-08-25T15:39:29","date_gmt":"2025-08-25T13:39:29","guid":{"rendered":"https:\/\/rendez-vous-store.com\/?post_type=product&#038;p=211486"},"modified":"2026-04-09T14:41:11","modified_gmt":"2026-04-09T12:41:11","slug":"sage-de-cret-chino-cloth-single-pleat-baggy-pants-31-50-8458-beige-rendez-vous-store","status":"publish","type":"product","link":"https:\/\/rendez-vous-store.com\/fr\/shop\/men-selection-discover-our-selection-rendez-vous-store\/trousers-shorts-rendez-vous-store\/sage-de-cret-chino-cloth-single-pleat-baggy-pants-31-50-8458-beige-rendez-vous-store\/","title":{"rendered":"Sage De Cret - Pantalon baggy \u00e0 pli simple en tissu chino 31-50-8458 - Beige"},"content":{"rendered":"<p><strong>Sage De Cret Pantalon baggy \u00e0 pli simple en tissu chino 31-50-8458 Beige<\/strong><\/p>\n<p>Couleur : Beige<\/p>\n<p>Coupe d\u00e9contract\u00e9e<\/p>\n<p>Taille \u00e9lastique<\/p>\n<p>Passant de ceinture<\/p>\n<p>Fermeture \u00e0 boutons et \u00e0 glissi\u00e8re<\/p>\n<p>Jambes larges<\/p>\n<p>Deux poches sur les coutures lat\u00e9rales<\/p>\n<p>Deux poches arri\u00e8re<\/p>\n<p>Composition : 100% Coton<\/p>\n<p>Fabriqu\u00e9 au Japon<\/p>\n<p>&nbsp;<\/p>\n<p><strong>Les mesures :\u00a0<\/strong><\/p>\n<p>Taille M : Taille : 38cm, Hanches : 63cm, Cuisse : 36cm, Entrejambe : 71cm, Longueur : 105cm<\/p>\n<p>Taille L : Tour de taille : 40 cm, Tour de hanches : 70 cm, Tour de cuisse : 38 cm, Entrejambe : 72 cm, Longueur : 107 cm<\/p>\n<p>&nbsp;<\/p>\n<p>&nbsp;<\/p>\n<p><strong>La marque<\/strong><\/p>\n<div class=\"flex-shrink-0 flex flex-col relative items-end\">\n<div>\n<div class=\"pt-0\">\n<div class=\"gizmo-bot-avatar flex h-8 w-8 items-center justify-center overflow-hidden rounded-full\">\n<div class=\"relative p-1 rounded-sm flex items-center justify-center bg-token-main-surface-primary text-token-text-primary h-8 w-8\">Sage de Cret est une marque japonaise qui utilise les codes du v\u00eatement de travail pour cr\u00e9er une ligne de design moderne. La marque met l'accent sur l'importance des d\u00e9tails du v\u00eatement et le choix des tissus. L'ensemble de la collection est produit au Japon.<\/div>\n<\/div>\n<\/div>\n<\/div>\n<\/div>\n<div class=\"group\/conversation-turn relative flex w-full min-w-0 flex-col agent-turn\">\n<div class=\"flex-col gap-1 md:gap-3\">\n<div class=\"flex max-w-full flex-col flex-grow\">\n<div class=\"min-h-8 text-message flex w-full flex-col items-end gap-2 whitespace-normal break-words [.text-message+&amp;]:mt-5\" dir=\"auto\" data-message-author-role=\"assistant\" data-message-id=\"9a589af8-966b-425d-8c97-a78852c0f330\">\n<div class=\"flex w-full flex-col gap-1 empty:hidden first:pt-[3px]\">\n<div class=\"markdown prose w-full break-words dark:prose-invert light\">\n<p>Sage de Cret met en valeur les lignes sophistiqu\u00e9es des silhouettes, les tissus teints dans des couleurs profondes et les contrastes de couleurs et de textures dans les doublures, les accessoires et les coutures.<\/p>\n<\/div>\n<\/div>\n<\/div>\n<\/div>\n<\/div>\n<\/div>","protected":false},"excerpt":{"rendered":"<p>Sage De Cret Chino Cloth Single Pleat Baggy Pants 31-50-8458 Beige Color: Beige Relaxed fit Elasticated waistband Belt loop Button and zip closure Wide legs Two side seam pockets Two back pockets Composition: 100% Cotton Made in Japan &nbsp; The measurements:\u00a0 Size M: Waist: 38cm, Hip: 63cm, Thigh: 36cm, Inseam: 71cm, Length: 105cm Size L:&hellip; <a class=\"more-link\" href=\"https:\/\/rendez-vous-store.com\/fr\/shop\/men-selection-discover-our-selection-rendez-vous-store\/trousers-shorts-rendez-vous-store\/sage-de-cret-chino-cloth-single-pleat-baggy-pants-31-50-8458-beige-rendez-vous-store\/\">Continuer la lecture <span class=\"screen-reader-text\">Sage De Cret - Pantalon baggy \u00e0 pli simple en tissu chino 31-50-8458 - Beige<\/span><\/a><\/p>","protected":false},"featured_media":212638,"template":"","meta":{"_acf_changed":false},"product_brand":[],"product_cat":[20,73],"product_tag":[703],"class_list":{"0":"post-211486","1":"product","2":"type-product","3":"status-publish","4":"has-post-thumbnail","6":"product_cat-men-selection-discover-our-selection-rendez-vous-store","7":"product_cat-trousers-shorts-rendez-vous-store","8":"product_tag-sage-de-cret","9":"entry","11":"first","12":"instock","13":"taxable","14":"shipping-taxable","15":"purchasable","16":"product-type-variable"},"acf":[],"yoast_head":"<!-- This site is optimized with the Yoast SEO plugin v24.9 - https:\/\/yoast.com\/wordpress\/plugins\/seo\/ -->\n<title>Sage De Cret Chino Cloth Single Pleat Baggy Pants Beige<\/title>\n<meta name=\"description\" content=\"This Sage De Cret - Cotton Chino Cloth Wide Shorts 31-50-8436 - Beige combine a variety of traditional dyeing and advanced techniques. Discover now.\" \/>\n<meta name=\"robots\" content=\"index, follow, max-snippet:-1, max-image-preview:large, max-video-preview:-1\" \/>\n<link rel=\"canonical\" href=\"https:\/\/rendez-vous-store.com\/fr\/shop\/men-selection-discover-our-selection-rendez-vous-store\/trousers-shorts-rendez-vous-store\/sage-de-cret-chino-cloth-single-pleat-baggy-pants-31-50-8458-beige-rendez-vous-store\/\" \/>\n<meta property=\"og:locale\" content=\"fr_FR\" \/>\n<meta property=\"og:type\" content=\"article\" \/>\n<meta property=\"og:title\" content=\"Sage De Cret Chino Cloth Single Pleat Baggy Pants Beige\" \/>\n<meta property=\"og:description\" content=\"This Sage De Cret - Cotton Chino Cloth Wide Shorts 31-50-8436 - Beige combine a variety of traditional dyeing and advanced techniques. Discover now.\" \/>\n<meta property=\"og:url\" content=\"https:\/\/rendez-vous-store.com\/fr\/shop\/men-selection-discover-our-selection-rendez-vous-store\/trousers-shorts-rendez-vous-store\/sage-de-cret-chino-cloth-single-pleat-baggy-pants-31-50-8458-beige-rendez-vous-store\/\" \/>\n<meta property=\"og:site_name\" content=\"RENDEZ-VOUS STORE\" \/>\n<meta property=\"article:modified_time\" content=\"2026-04-09T12:41:11+00:00\" \/>\n<meta property=\"og:image\" content=\"https:\/\/rendez-vous-store.com\/app\/uploads\/2025\/08\/IMG_3196_11zon-scaled.webp\" \/>\n\t<meta property=\"og:image:width\" content=\"1707\" \/>\n\t<meta property=\"og:image:height\" content=\"2560\" \/>\n\t<meta property=\"og:image:type\" content=\"image\/webp\" \/>\n<meta name=\"twitter:card\" content=\"summary_large_image\" \/>\n<meta name=\"twitter:label1\" content=\"Est. reading time\" \/>\n\t<meta name=\"twitter:data1\" content=\"1 minute\" \/>\n<script type=\"application\/ld+json\" class=\"yoast-schema-graph\">{\"@context\":\"https:\/\/schema.org\",\"@graph\":[{\"@type\":\"WebPage\",\"@id\":\"https:\/\/rendez-vous-store.com\/shop\/men-selection-discover-our-selection-rendez-vous-store\/trousers-shorts-rendez-vous-store\/sage-de-cret-chino-cloth-single-pleat-baggy-pants-31-50-8458-beige-rendez-vous-store\/\",\"url\":\"https:\/\/rendez-vous-store.com\/shop\/men-selection-discover-our-selection-rendez-vous-store\/trousers-shorts-rendez-vous-store\/sage-de-cret-chino-cloth-single-pleat-baggy-pants-31-50-8458-beige-rendez-vous-store\/\",\"name\":\"Sage De Cret Chino Cloth Single Pleat Baggy Pants Beige\",\"isPartOf\":{\"@id\":\"https:\/\/rendez-vous-store.com\/#website\"},\"primaryImageOfPage\":{\"@id\":\"https:\/\/rendez-vous-store.com\/shop\/men-selection-discover-our-selection-rendez-vous-store\/trousers-shorts-rendez-vous-store\/sage-de-cret-chino-cloth-single-pleat-baggy-pants-31-50-8458-beige-rendez-vous-store\/#primaryimage\"},\"image\":{\"@id\":\"https:\/\/rendez-vous-store.com\/shop\/men-selection-discover-our-selection-rendez-vous-store\/trousers-shorts-rendez-vous-store\/sage-de-cret-chino-cloth-single-pleat-baggy-pants-31-50-8458-beige-rendez-vous-store\/#primaryimage\"},\"thumbnailUrl\":\"https:\/\/rendez-vous-store.com\/app\/uploads\/2025\/08\/IMG_3196_11zon-scaled.webp\",\"datePublished\":\"2025-08-25T13:39:29+00:00\",\"dateModified\":\"2026-04-09T12:41:11+00:00\",\"description\":\"This Sage De Cret - Cotton Chino Cloth Wide Shorts 31-50-8436 - Beige combine a variety of traditional dyeing and advanced techniques. Discover now.\",\"breadcrumb\":{\"@id\":\"https:\/\/rendez-vous-store.com\/shop\/men-selection-discover-our-selection-rendez-vous-store\/trousers-shorts-rendez-vous-store\/sage-de-cret-chino-cloth-single-pleat-baggy-pants-31-50-8458-beige-rendez-vous-store\/#breadcrumb\"},\"inLanguage\":\"fr-FR\",\"potentialAction\":[{\"@type\":\"ReadAction\",\"target\":[\"https:\/\/rendez-vous-store.com\/shop\/men-selection-discover-our-selection-rendez-vous-store\/trousers-shorts-rendez-vous-store\/sage-de-cret-chino-cloth-single-pleat-baggy-pants-31-50-8458-beige-rendez-vous-store\/\"]}]},{\"@type\":\"ImageObject\",\"inLanguage\":\"fr-FR\",\"@id\":\"https:\/\/rendez-vous-store.com\/shop\/men-selection-discover-our-selection-rendez-vous-store\/trousers-shorts-rendez-vous-store\/sage-de-cret-chino-cloth-single-pleat-baggy-pants-31-50-8458-beige-rendez-vous-store\/#primaryimage\",\"url\":\"https:\/\/rendez-vous-store.com\/app\/uploads\/2025\/08\/IMG_3196_11zon-scaled.webp\",\"contentUrl\":\"https:\/\/rendez-vous-store.com\/app\/uploads\/2025\/08\/IMG_3196_11zon-scaled.webp\",\"width\":1707,\"height\":2560,\"caption\":\"Sage De Cret - Chino Cloth Single Pleat Baggy Pants 31-50-8458 - Beige\"},{\"@type\":\"BreadcrumbList\",\"@id\":\"https:\/\/rendez-vous-store.com\/shop\/men-selection-discover-our-selection-rendez-vous-store\/trousers-shorts-rendez-vous-store\/sage-de-cret-chino-cloth-single-pleat-baggy-pants-31-50-8458-beige-rendez-vous-store\/#breadcrumb\",\"itemListElement\":[{\"@type\":\"ListItem\",\"position\":1,\"name\":\"Home\",\"item\":\"https:\/\/rendez-vous-store.com\/\"},{\"@type\":\"ListItem\",\"position\":2,\"name\":\"Shop\",\"item\":\"https:\/\/www.rendez-vous-store.com\/shop\/\"},{\"@type\":\"ListItem\",\"position\":3,\"name\":\"Sage De Cret &#8211; Chino Cloth Single Pleat Baggy Pants 31-50-8458 &#8211; Beige\"}]},{\"@type\":\"WebSite\",\"@id\":\"https:\/\/rendez-vous-store.com\/#website\",\"url\":\"https:\/\/rendez-vous-store.com\/\",\"name\":\"RENDEZ-VOUS STORE\",\"description\":\"Slow Fashion for Women and Men\",\"potentialAction\":[{\"@type\":\"SearchAction\",\"target\":{\"@type\":\"EntryPoint\",\"urlTemplate\":\"https:\/\/rendez-vous-store.com\/?s={search_term_string}\"},\"query-input\":{\"@type\":\"PropertyValueSpecification\",\"valueRequired\":true,\"valueName\":\"search_term_string\"}}],\"inLanguage\":\"fr-FR\"}]}<\/script>\n<!-- \/ Yoast SEO plugin. -->","yoast_head_json":{"title":"Sage De Cret Chino Cloth Single Pleat Baggy Pants Beige","description":"This Sage De Cret - Cotton Chino Cloth Wide Shorts 31-50-8436 - Beige combine a variety of traditional dyeing and advanced techniques. Discover now.","robots":{"index":"index","follow":"follow","max-snippet":"max-snippet:-1","max-image-preview":"max-image-preview:large","max-video-preview":"max-video-preview:-1"},"canonical":"https:\/\/rendez-vous-store.com\/fr\/shop\/men-selection-discover-our-selection-rendez-vous-store\/trousers-shorts-rendez-vous-store\/sage-de-cret-chino-cloth-single-pleat-baggy-pants-31-50-8458-beige-rendez-vous-store\/","og_locale":"fr_FR","og_type":"article","og_title":"Sage De Cret Chino Cloth Single Pleat Baggy Pants Beige","og_description":"This Sage De Cret - Cotton Chino Cloth Wide Shorts 31-50-8436 - Beige combine a variety of traditional dyeing and advanced techniques. Discover now.","og_url":"https:\/\/rendez-vous-store.com\/fr\/shop\/men-selection-discover-our-selection-rendez-vous-store\/trousers-shorts-rendez-vous-store\/sage-de-cret-chino-cloth-single-pleat-baggy-pants-31-50-8458-beige-rendez-vous-store\/","og_site_name":"RENDEZ-VOUS STORE","article_modified_time":"2026-04-09T12:41:11+00:00","og_image":[{"width":1707,"height":2560,"url":"https:\/\/rendez-vous-store.com\/app\/uploads\/2025\/08\/IMG_3196_11zon-scaled.webp","type":"image\/webp"}],"twitter_card":"summary_large_image","twitter_misc":{"Est. reading time":"1 minute"},"schema":{"@context":"https:\/\/schema.org","@graph":[{"@type":"WebPage","@id":"https:\/\/rendez-vous-store.com\/shop\/men-selection-discover-our-selection-rendez-vous-store\/trousers-shorts-rendez-vous-store\/sage-de-cret-chino-cloth-single-pleat-baggy-pants-31-50-8458-beige-rendez-vous-store\/","url":"https:\/\/rendez-vous-store.com\/shop\/men-selection-discover-our-selection-rendez-vous-store\/trousers-shorts-rendez-vous-store\/sage-de-cret-chino-cloth-single-pleat-baggy-pants-31-50-8458-beige-rendez-vous-store\/","name":"Sage De Cret Chino Cloth Single Pleat Baggy Pants Beige","isPartOf":{"@id":"https:\/\/rendez-vous-store.com\/#website"},"primaryImageOfPage":{"@id":"https:\/\/rendez-vous-store.com\/shop\/men-selection-discover-our-selection-rendez-vous-store\/trousers-shorts-rendez-vous-store\/sage-de-cret-chino-cloth-single-pleat-baggy-pants-31-50-8458-beige-rendez-vous-store\/#primaryimage"},"image":{"@id":"https:\/\/rendez-vous-store.com\/shop\/men-selection-discover-our-selection-rendez-vous-store\/trousers-shorts-rendez-vous-store\/sage-de-cret-chino-cloth-single-pleat-baggy-pants-31-50-8458-beige-rendez-vous-store\/#primaryimage"},"thumbnailUrl":"https:\/\/rendez-vous-store.com\/app\/uploads\/2025\/08\/IMG_3196_11zon-scaled.webp","datePublished":"2025-08-25T13:39:29+00:00","dateModified":"2026-04-09T12:41:11+00:00","description":"This Sage De Cret - Cotton Chino Cloth Wide Shorts 31-50-8436 - Beige combine a variety of traditional dyeing and advanced techniques. Discover now.","breadcrumb":{"@id":"https:\/\/rendez-vous-store.com\/shop\/men-selection-discover-our-selection-rendez-vous-store\/trousers-shorts-rendez-vous-store\/sage-de-cret-chino-cloth-single-pleat-baggy-pants-31-50-8458-beige-rendez-vous-store\/#breadcrumb"},"inLanguage":"fr-FR","potentialAction":[{"@type":"ReadAction","target":["https:\/\/rendez-vous-store.com\/shop\/men-selection-discover-our-selection-rendez-vous-store\/trousers-shorts-rendez-vous-store\/sage-de-cret-chino-cloth-single-pleat-baggy-pants-31-50-8458-beige-rendez-vous-store\/"]}]},{"@type":"ImageObject","inLanguage":"fr-FR","@id":"https:\/\/rendez-vous-store.com\/shop\/men-selection-discover-our-selection-rendez-vous-store\/trousers-shorts-rendez-vous-store\/sage-de-cret-chino-cloth-single-pleat-baggy-pants-31-50-8458-beige-rendez-vous-store\/#primaryimage","url":"https:\/\/rendez-vous-store.com\/app\/uploads\/2025\/08\/IMG_3196_11zon-scaled.webp","contentUrl":"https:\/\/rendez-vous-store.com\/app\/uploads\/2025\/08\/IMG_3196_11zon-scaled.webp","width":1707,"height":2560,"caption":"Sage De Cret - Chino Cloth Single Pleat Baggy Pants 31-50-8458 - Beige"},{"@type":"BreadcrumbList","@id":"https:\/\/rendez-vous-store.com\/shop\/men-selection-discover-our-selection-rendez-vous-store\/trousers-shorts-rendez-vous-store\/sage-de-cret-chino-cloth-single-pleat-baggy-pants-31-50-8458-beige-rendez-vous-store\/#breadcrumb","itemListElement":[{"@type":"ListItem","position":1,"name":"Home","item":"https:\/\/rendez-vous-store.com\/"},{"@type":"ListItem","position":2,"name":"Shop","item":"https:\/\/www.rendez-vous-store.com\/shop\/"},{"@type":"ListItem","position":3,"name":"Sage De Cret &#8211; Chino Cloth Single Pleat Baggy Pants 31-50-8458 &#8211; Beige"}]},{"@type":"WebSite","@id":"https:\/\/rendez-vous-store.com\/#website","url":"https:\/\/rendez-vous-store.com\/","name":"RENDEZ-VOUS STORE","description":"Slow Fashion for Women and Men","potentialAction":[{"@type":"SearchAction","target":{"@type":"EntryPoint","urlTemplate":"https:\/\/rendez-vous-store.com\/?s={search_term_string}"},"query-input":{"@type":"PropertyValueSpecification","valueRequired":true,"valueName":"search_term_string"}}],"inLanguage":"fr-FR"}]}},"_links":{"self":[{"href":"https:\/\/rendez-vous-store.com\/fr\/wp-json\/wp\/v2\/product\/211486","targetHints":{"allow":["GET"]}}],"collection":[{"href":"https:\/\/rendez-vous-store.com\/fr\/wp-json\/wp\/v2\/product"}],"about":[{"href":"https:\/\/rendez-vous-store.com\/fr\/wp-json\/wp\/v2\/types\/product"}],"wp:featuredmedia":[{"embeddable":true,"href":"https:\/\/rendez-vous-store.com\/fr\/wp-json\/wp\/v2\/media\/212638"}],"wp:attachment":[{"href":"https:\/\/rendez-vous-store.com\/fr\/wp-json\/wp\/v2\/media?parent=211486"}],"wp:term":[{"taxonomy":"product_brand","embeddable":true,"href":"https:\/\/rendez-vous-store.com\/fr\/wp-json\/wp\/v2\/product_brand?post=211486"},{"taxonomy":"product_cat","embeddable":true,"href":"https:\/\/rendez-vous-store.com\/fr\/wp-json\/wp\/v2\/product_cat?post=211486"},{"taxonomy":"product_tag","embeddable":true,"href":"https:\/\/rendez-vous-store.com\/fr\/wp-json\/wp\/v2\/product_tag?post=211486"}],"curies":[{"name":"wp","href":"https:\/\/api.w.org\/{rel}","templated":true}]}}