{"id":210536,"date":"2025-08-05T15:46:05","date_gmt":"2025-08-05T13:46:05","guid":{"rendered":"https:\/\/rendez-vous-store.com\/?post_type=product&#038;p=210536"},"modified":"2026-03-16T17:33:59","modified_gmt":"2026-03-16T16:33:59","slug":"sono-pablo-parka-2040-earth-rendez-vous-store","status":"publish","type":"product","link":"https:\/\/rendez-vous-store.com\/fr\/shop\/special-offer-men-rendez-vous-store\/men-coat-and-jacket-special-offer\/sono-pablo-parka-2040-earth-rendez-vous-store\/","title":{"rendered":"Sono \u2013 Pablo Parka 2040 \u2013 Terre"},"content":{"rendered":"<p><strong>Je suis Pablo Parka 2040 Terre<\/strong><\/p>\n<p>Couleur : Marron<\/p>\n<p>Long manteau \u00e0 capuche<\/p>\n<p>Fermeture boutonn\u00e9e au col<\/p>\n<p>2 poches avant<\/p>\n<p>Manches longues<\/p>\n<p>\u00c9paules tombantes<\/p>\n<p>Composition : 100% Laine recycl\u00e9e<\/p>\n<p>&nbsp;<\/p>\n<p>&nbsp;<\/p>\n<p>&nbsp;<\/p>\n<p>&nbsp;<\/p>\n<p>&nbsp;<\/p>\n<p><strong>La marque\u00a0<\/strong><\/p>\n<p>SONO est une marque de mode cr\u00e9\u00e9e par Stephanie Oberg et Simon Homes, visant \u00e0 red\u00e9finir le luxe dans un monde qui valorise la durabilit\u00e9. Leur collaboration allie un design haut de gamme \u00e0 un engagement en faveur des normes \u00e9thiques et environnementales, prouvant ainsi que la haute couture peut \u00eatre \u00e0 la fois \u00e9l\u00e9gante et respectueuse de l'environnement.<\/p>\n<p>La marque adopte une approche durable en s'attaquant directement aux principaux d\u00e9fis de l'industrie de l'habillement. Chaque \u00e9tape, de l'approvisionnement en mati\u00e8res premi\u00e8res \u00e0 la production, est soigneusement \u00e9tudi\u00e9e pour minimiser l'impact sur l'environnement. SONO d\u00e9fend sa philosophie \u00e9cologique en mettant l'accent sur une fabrication \u00e9thique et responsable, tout en veillant \u00e0 ce que la qualit\u00e9 ne souffre d'aucun compromis.<\/p>\n<p>En mettant l'accent sur la cr\u00e9ation de pi\u00e8ces intemporelles et \u00e9tonnantes, SONO est \u00e0 l'avant-garde d'un mouvement en faveur d'une mode de luxe plus durable.<\/p>","protected":false},"excerpt":{"rendered":"<p>Sono Pablo Parka 2040 Earth Color: Earth Long coat with hood Neck button closure 2 front pockets Long sleeves Dropped shoulders Composition: 100% Recycled Wool &nbsp; &nbsp; &nbsp; &nbsp; &nbsp; The brand\u00a0 SONO is a fashion brand created by Stephanie Oberg and Simon Homes, aiming to redefine luxury in a world that values sustainability. Their&hellip; <a class=\"more-link\" href=\"https:\/\/rendez-vous-store.com\/fr\/shop\/special-offer-men-rendez-vous-store\/men-coat-and-jacket-special-offer\/sono-pablo-parka-2040-earth-rendez-vous-store\/\">Continuer la lecture <span class=\"screen-reader-text\">Sono \u2013 Pablo Parka 2040 \u2013 Terre<\/span><\/a><\/p>","protected":false},"featured_media":213037,"template":"","meta":{"_acf_changed":false},"product_brand":[],"product_cat":[1476,1306,1336,1353,1350,1335,1304],"product_tag":[1303],"class_list":{"0":"post-210536","1":"product","2":"type-product","3":"status-publish","4":"has-post-thumbnail","6":"product_cat-sale-60","7":"product_cat-jacket-coat-unisex-rendez-vous-store","8":"product_cat-women-coat-jacket-special-offer-rendez-vous-store","9":"product_cat-men-coat-and-jacket-special-offer","10":"product_cat-special-offer-men-rendez-vous-store","11":"product_cat-special-offer-women-rendez-vous-store","12":"product_cat-unisex-rendez-vous-store","13":"product_tag-sono-rendez-vous-store","14":"entry","16":"first","17":"outofstock","18":"taxable","19":"shipping-taxable","20":"product-type-variable"},"acf":[],"yoast_head":"<!-- This site is optimized with the Yoast SEO plugin v24.9 - https:\/\/yoast.com\/wordpress\/plugins\/seo\/ -->\n<title>Sono Pablo Parka 2040 Earth<\/title>\n<meta name=\"description\" content=\"This Sono - Pablo Parka 2040 - Earth offers you the luxury of beautiful clothes while responding to ethical and environmental concerns.\" \/>\n<meta name=\"robots\" content=\"index, follow, max-snippet:-1, max-image-preview:large, max-video-preview:-1\" \/>\n<link rel=\"canonical\" href=\"https:\/\/rendez-vous-store.com\/fr\/shop\/special-offer-men-rendez-vous-store\/men-coat-and-jacket-special-offer\/sono-pablo-parka-2040-earth-rendez-vous-store\/\" \/>\n<meta property=\"og:locale\" content=\"fr_FR\" \/>\n<meta property=\"og:type\" content=\"article\" \/>\n<meta property=\"og:title\" content=\"Sono Pablo Parka 2040 Earth\" \/>\n<meta property=\"og:description\" content=\"This Sono - Pablo Parka 2040 - Earth offers you the luxury of beautiful clothes while responding to ethical and environmental concerns.\" \/>\n<meta property=\"og:url\" content=\"https:\/\/rendez-vous-store.com\/fr\/shop\/special-offer-men-rendez-vous-store\/men-coat-and-jacket-special-offer\/sono-pablo-parka-2040-earth-rendez-vous-store\/\" \/>\n<meta property=\"og:site_name\" content=\"RENDEZ-VOUS STORE\" \/>\n<meta property=\"article:modified_time\" content=\"2026-03-16T16:33:59+00:00\" \/>\n<meta property=\"og:image\" content=\"https:\/\/rendez-vous-store.com\/app\/uploads\/2025\/08\/IMG_4680-min-scaled.webp\" \/>\n\t<meta property=\"og:image:width\" content=\"1707\" \/>\n\t<meta property=\"og:image:height\" content=\"2560\" \/>\n\t<meta property=\"og:image:type\" content=\"image\/webp\" \/>\n<meta name=\"twitter:card\" content=\"summary_large_image\" \/>\n<meta name=\"twitter:label1\" content=\"Est. reading time\" \/>\n\t<meta name=\"twitter:data1\" content=\"1 minute\" \/>\n<script type=\"application\/ld+json\" class=\"yoast-schema-graph\">{\"@context\":\"https:\/\/schema.org\",\"@graph\":[{\"@type\":\"WebPage\",\"@id\":\"https:\/\/rendez-vous-store.com\/shop\/special-offer-men-rendez-vous-store\/men-coat-and-jacket-special-offer\/sono-pablo-parka-2040-earth-rendez-vous-store\/\",\"url\":\"https:\/\/rendez-vous-store.com\/shop\/special-offer-men-rendez-vous-store\/men-coat-and-jacket-special-offer\/sono-pablo-parka-2040-earth-rendez-vous-store\/\",\"name\":\"Sono Pablo Parka 2040 Earth\",\"isPartOf\":{\"@id\":\"https:\/\/rendez-vous-store.com\/#website\"},\"primaryImageOfPage\":{\"@id\":\"https:\/\/rendez-vous-store.com\/shop\/special-offer-men-rendez-vous-store\/men-coat-and-jacket-special-offer\/sono-pablo-parka-2040-earth-rendez-vous-store\/#primaryimage\"},\"image\":{\"@id\":\"https:\/\/rendez-vous-store.com\/shop\/special-offer-men-rendez-vous-store\/men-coat-and-jacket-special-offer\/sono-pablo-parka-2040-earth-rendez-vous-store\/#primaryimage\"},\"thumbnailUrl\":\"https:\/\/rendez-vous-store.com\/app\/uploads\/2025\/08\/IMG_4680-min-scaled.webp\",\"datePublished\":\"2025-08-05T13:46:05+00:00\",\"dateModified\":\"2026-03-16T16:33:59+00:00\",\"description\":\"This Sono - Pablo Parka 2040 - Earth offers you the luxury of beautiful clothes while responding to ethical and environmental concerns.\",\"breadcrumb\":{\"@id\":\"https:\/\/rendez-vous-store.com\/shop\/special-offer-men-rendez-vous-store\/men-coat-and-jacket-special-offer\/sono-pablo-parka-2040-earth-rendez-vous-store\/#breadcrumb\"},\"inLanguage\":\"fr-FR\",\"potentialAction\":[{\"@type\":\"ReadAction\",\"target\":[\"https:\/\/rendez-vous-store.com\/shop\/special-offer-men-rendez-vous-store\/men-coat-and-jacket-special-offer\/sono-pablo-parka-2040-earth-rendez-vous-store\/\"]}]},{\"@type\":\"ImageObject\",\"inLanguage\":\"fr-FR\",\"@id\":\"https:\/\/rendez-vous-store.com\/shop\/special-offer-men-rendez-vous-store\/men-coat-and-jacket-special-offer\/sono-pablo-parka-2040-earth-rendez-vous-store\/#primaryimage\",\"url\":\"https:\/\/rendez-vous-store.com\/app\/uploads\/2025\/08\/IMG_4680-min-scaled.webp\",\"contentUrl\":\"https:\/\/rendez-vous-store.com\/app\/uploads\/2025\/08\/IMG_4680-min-scaled.webp\",\"width\":1707,\"height\":2560},{\"@type\":\"BreadcrumbList\",\"@id\":\"https:\/\/rendez-vous-store.com\/shop\/special-offer-men-rendez-vous-store\/men-coat-and-jacket-special-offer\/sono-pablo-parka-2040-earth-rendez-vous-store\/#breadcrumb\",\"itemListElement\":[{\"@type\":\"ListItem\",\"position\":1,\"name\":\"Home\",\"item\":\"https:\/\/rendez-vous-store.com\/\"},{\"@type\":\"ListItem\",\"position\":2,\"name\":\"Shop\",\"item\":\"https:\/\/www.rendez-vous-store.com\/shop\/\"},{\"@type\":\"ListItem\",\"position\":3,\"name\":\"Sono &#8211; Pablo Parka 2040 &#8211; Earth\"}]},{\"@type\":\"WebSite\",\"@id\":\"https:\/\/rendez-vous-store.com\/#website\",\"url\":\"https:\/\/rendez-vous-store.com\/\",\"name\":\"RENDEZ-VOUS STORE\",\"description\":\"Slow Fashion for Women and Men\",\"potentialAction\":[{\"@type\":\"SearchAction\",\"target\":{\"@type\":\"EntryPoint\",\"urlTemplate\":\"https:\/\/rendez-vous-store.com\/?s={search_term_string}\"},\"query-input\":{\"@type\":\"PropertyValueSpecification\",\"valueRequired\":true,\"valueName\":\"search_term_string\"}}],\"inLanguage\":\"fr-FR\"}]}<\/script>\n<!-- \/ Yoast SEO plugin. -->","yoast_head_json":{"title":"Sono Pablo Parka 2040 Earth","description":"This Sono - Pablo Parka 2040 - Earth offers you the luxury of beautiful clothes while responding to ethical and environmental concerns.","robots":{"index":"index","follow":"follow","max-snippet":"max-snippet:-1","max-image-preview":"max-image-preview:large","max-video-preview":"max-video-preview:-1"},"canonical":"https:\/\/rendez-vous-store.com\/fr\/shop\/special-offer-men-rendez-vous-store\/men-coat-and-jacket-special-offer\/sono-pablo-parka-2040-earth-rendez-vous-store\/","og_locale":"fr_FR","og_type":"article","og_title":"Sono Pablo Parka 2040 Earth","og_description":"This Sono - Pablo Parka 2040 - Earth offers you the luxury of beautiful clothes while responding to ethical and environmental concerns.","og_url":"https:\/\/rendez-vous-store.com\/fr\/shop\/special-offer-men-rendez-vous-store\/men-coat-and-jacket-special-offer\/sono-pablo-parka-2040-earth-rendez-vous-store\/","og_site_name":"RENDEZ-VOUS STORE","article_modified_time":"2026-03-16T16:33:59+00:00","og_image":[{"width":1707,"height":2560,"url":"https:\/\/rendez-vous-store.com\/app\/uploads\/2025\/08\/IMG_4680-min-scaled.webp","type":"image\/webp"}],"twitter_card":"summary_large_image","twitter_misc":{"Est. reading time":"1 minute"},"schema":{"@context":"https:\/\/schema.org","@graph":[{"@type":"WebPage","@id":"https:\/\/rendez-vous-store.com\/shop\/special-offer-men-rendez-vous-store\/men-coat-and-jacket-special-offer\/sono-pablo-parka-2040-earth-rendez-vous-store\/","url":"https:\/\/rendez-vous-store.com\/shop\/special-offer-men-rendez-vous-store\/men-coat-and-jacket-special-offer\/sono-pablo-parka-2040-earth-rendez-vous-store\/","name":"Sono Pablo Parka 2040 Earth","isPartOf":{"@id":"https:\/\/rendez-vous-store.com\/#website"},"primaryImageOfPage":{"@id":"https:\/\/rendez-vous-store.com\/shop\/special-offer-men-rendez-vous-store\/men-coat-and-jacket-special-offer\/sono-pablo-parka-2040-earth-rendez-vous-store\/#primaryimage"},"image":{"@id":"https:\/\/rendez-vous-store.com\/shop\/special-offer-men-rendez-vous-store\/men-coat-and-jacket-special-offer\/sono-pablo-parka-2040-earth-rendez-vous-store\/#primaryimage"},"thumbnailUrl":"https:\/\/rendez-vous-store.com\/app\/uploads\/2025\/08\/IMG_4680-min-scaled.webp","datePublished":"2025-08-05T13:46:05+00:00","dateModified":"2026-03-16T16:33:59+00:00","description":"This Sono - Pablo Parka 2040 - Earth offers you the luxury of beautiful clothes while responding to ethical and environmental concerns.","breadcrumb":{"@id":"https:\/\/rendez-vous-store.com\/shop\/special-offer-men-rendez-vous-store\/men-coat-and-jacket-special-offer\/sono-pablo-parka-2040-earth-rendez-vous-store\/#breadcrumb"},"inLanguage":"fr-FR","potentialAction":[{"@type":"ReadAction","target":["https:\/\/rendez-vous-store.com\/shop\/special-offer-men-rendez-vous-store\/men-coat-and-jacket-special-offer\/sono-pablo-parka-2040-earth-rendez-vous-store\/"]}]},{"@type":"ImageObject","inLanguage":"fr-FR","@id":"https:\/\/rendez-vous-store.com\/shop\/special-offer-men-rendez-vous-store\/men-coat-and-jacket-special-offer\/sono-pablo-parka-2040-earth-rendez-vous-store\/#primaryimage","url":"https:\/\/rendez-vous-store.com\/app\/uploads\/2025\/08\/IMG_4680-min-scaled.webp","contentUrl":"https:\/\/rendez-vous-store.com\/app\/uploads\/2025\/08\/IMG_4680-min-scaled.webp","width":1707,"height":2560},{"@type":"BreadcrumbList","@id":"https:\/\/rendez-vous-store.com\/shop\/special-offer-men-rendez-vous-store\/men-coat-and-jacket-special-offer\/sono-pablo-parka-2040-earth-rendez-vous-store\/#breadcrumb","itemListElement":[{"@type":"ListItem","position":1,"name":"Home","item":"https:\/\/rendez-vous-store.com\/"},{"@type":"ListItem","position":2,"name":"Shop","item":"https:\/\/www.rendez-vous-store.com\/shop\/"},{"@type":"ListItem","position":3,"name":"Sono &#8211; Pablo Parka 2040 &#8211; Earth"}]},{"@type":"WebSite","@id":"https:\/\/rendez-vous-store.com\/#website","url":"https:\/\/rendez-vous-store.com\/","name":"RENDEZ-VOUS STORE","description":"Slow Fashion for Women and Men","potentialAction":[{"@type":"SearchAction","target":{"@type":"EntryPoint","urlTemplate":"https:\/\/rendez-vous-store.com\/?s={search_term_string}"},"query-input":{"@type":"PropertyValueSpecification","valueRequired":true,"valueName":"search_term_string"}}],"inLanguage":"fr-FR"}]}},"_links":{"self":[{"href":"https:\/\/rendez-vous-store.com\/fr\/wp-json\/wp\/v2\/product\/210536","targetHints":{"allow":["GET"]}}],"collection":[{"href":"https:\/\/rendez-vous-store.com\/fr\/wp-json\/wp\/v2\/product"}],"about":[{"href":"https:\/\/rendez-vous-store.com\/fr\/wp-json\/wp\/v2\/types\/product"}],"wp:featuredmedia":[{"embeddable":true,"href":"https:\/\/rendez-vous-store.com\/fr\/wp-json\/wp\/v2\/media\/213037"}],"wp:attachment":[{"href":"https:\/\/rendez-vous-store.com\/fr\/wp-json\/wp\/v2\/media?parent=210536"}],"wp:term":[{"taxonomy":"product_brand","embeddable":true,"href":"https:\/\/rendez-vous-store.com\/fr\/wp-json\/wp\/v2\/product_brand?post=210536"},{"taxonomy":"product_cat","embeddable":true,"href":"https:\/\/rendez-vous-store.com\/fr\/wp-json\/wp\/v2\/product_cat?post=210536"},{"taxonomy":"product_tag","embeddable":true,"href":"https:\/\/rendez-vous-store.com\/fr\/wp-json\/wp\/v2\/product_tag?post=210536"}],"curies":[{"name":"wp","href":"https:\/\/api.w.org\/{rel}","templated":true}]}}