{"id":210324,"date":"2025-08-05T14:41:30","date_gmt":"2025-08-05T12:41:30","guid":{"rendered":"https:\/\/rendez-vous-store.com\/?post_type=product&#038;p=210324"},"modified":"2026-03-16T19:16:59","modified_gmt":"2026-03-16T18:16:59","slug":"bergfabel-elia-shirt-bfmsh213-k117-stripe-rendez-vous-store","status":"publish","type":"product","link":"https:\/\/rendez-vous-store.com\/fr\/shop\/rdvs-selection-discover-our-current-selection-rendez-vous-store\/rdvs-selection-men-rendez-vous-store-rendez-vous-store\/bergfabel-elia-shirt-bfmsh213-k117-stripe-rendez-vous-store\/","title":{"rendered":"Bergfabel \u2013 Chemise Elia BFMSH213\/K117 \u2013 Rayures"},"content":{"rendered":"<p><strong>Bergfabel Chemise Elia BFMSH213\/K117 Rayures<\/strong><\/p>\n<p>Couleur : Blanc et rayures bleues<\/p>\n<p>Coupe ample<\/p>\n<p>Col pointu<\/p>\n<p>Fermeture par bouton<\/p>\n<p>\u00c9paules tombantes<\/p>\n<p>Manches longues<\/p>\n<p>Composition : 100% Coton<\/p>\n<p>Fabriqu\u00e9 en Italie<\/p>\n<p>&nbsp;<\/p>\n<p>&nbsp;<\/p>\n<p>&nbsp;<\/p>\n<p>&nbsp;<\/p>\n<h4>La marque<\/h4>\n<p>Fond\u00e9 par Klaus Plank en 2014, Bergfabel s'inspire de la vie rurale alpine, en incorporant dans ses collections des \u00e9l\u00e9ments de v\u00eatements traditionnels autrichiens et d'art populaire.<\/p>\n<p>L'esth\u00e9tique de la marque se caract\u00e9rise par un style minimaliste et romantique, avec des silhouettes simples, des tissus naturels et une attention m\u00e9ticuleuse aux d\u00e9tails. Chaque v\u00eatement est soigneusement confectionn\u00e9 en Autriche, souvent \u00e0 l'aide de techniques traditionnelles telles que la broderie cousue main et la dentelle complexe.<\/p>\n<p>Les collections de Bergfabel \u00e9voquent un sentiment de nostalgie et de simplicit\u00e9, offrant une interpr\u00e9tation moderne des v\u00eatements alpins classiques. En privil\u00e9giant la qualit\u00e9 \u00e0 la quantit\u00e9, la marque produit des pi\u00e8ces intemporelles qui sont con\u00e7ues pour \u00eatre ch\u00e9ries pendant des ann\u00e9es.<\/p>\n<p>Outre son engagement en faveur de l'artisanat, Bergfabel se consacre \u00e9galement au d\u00e9veloppement durable et aux pratiques de production \u00e9thiques. La marque privil\u00e9gie les mat\u00e9riaux d'origine locale et la production \u00e0 petite \u00e9chelle, minimisant ainsi son impact sur l'environnement tout en soutenant les artisans et les communaut\u00e9s locales.<\/p>\n<p>Avec son m\u00e9lange de tradition, d'artisanat et de durabilit\u00e9, Bergfabel invite les individus \u00e0 adopter une approche plus lente et plus consciente de la mode, en c\u00e9l\u00e9brant la beaut\u00e9 de la simplicit\u00e9 et la richesse de la culture alpine.<\/p>","protected":false},"excerpt":{"rendered":"<p>Bergfabel Elia Shirt BFMSH213\/K117 Stripe Color: Stripe Loose fit Pointed collar Button closure Dropped shoulders Long sleeves Composition: 100% Cotton Made in Italy &nbsp; &nbsp; &nbsp; &nbsp; The Brand Founded by Klaus Plank in 2014, Bergfabel draws inspiration from rural Alpine life, incorporating elements of traditional Austrian clothing and folk art into its collections. The&hellip; <a class=\"more-link\" href=\"https:\/\/rendez-vous-store.com\/fr\/shop\/rdvs-selection-discover-our-current-selection-rendez-vous-store\/rdvs-selection-men-rendez-vous-store-rendez-vous-store\/bergfabel-elia-shirt-bfmsh213-k117-stripe-rendez-vous-store\/\">Continuer la lecture <span class=\"screen-reader-text\">Bergfabel \u2013 Chemise Elia BFMSH213\/K117 \u2013 Rayures<\/span><\/a><\/p>","protected":false},"featured_media":212649,"template":"","meta":{"_acf_changed":false},"product_brand":[],"product_cat":[302,20,1059,53],"product_tag":[1056],"class_list":{"0":"post-210324","1":"product","2":"type-product","3":"status-publish","4":"has-post-thumbnail","6":"product_cat-rdvs-selection-men-rendez-vous-store-rendez-vous-store","7":"product_cat-men-selection-discover-our-selection-rendez-vous-store","8":"product_cat-new-men-rendez-vous-store","9":"product_cat-jackets-coats-discover-our-selection","10":"product_tag-bergfabel-rendez-vous-store","11":"entry","13":"first","14":"instock","15":"taxable","16":"shipping-taxable","17":"purchasable","18":"product-type-variable"},"acf":[],"yoast_head":"<!-- This site is optimized with the Yoast SEO plugin v24.9 - https:\/\/yoast.com\/wordpress\/plugins\/seo\/ -->\n<title>Bergfabel Elia Shirt BFMSH213\/K117 Stripe<\/title>\n<meta name=\"description\" content=\"This Bergfabel - Elia Shirt BFMSH213\/K117 - Stripe explores the link between modernity and heritage, even in the smallest detail. Discover now.\" \/>\n<meta name=\"robots\" content=\"index, follow, max-snippet:-1, max-image-preview:large, max-video-preview:-1\" \/>\n<link rel=\"canonical\" href=\"https:\/\/rendez-vous-store.com\/fr\/shop\/rdvs-selection-discover-our-current-selection-rendez-vous-store\/rdvs-selection-men-rendez-vous-store-rendez-vous-store\/bergfabel-elia-shirt-bfmsh213-k117-stripe-rendez-vous-store\/\" \/>\n<meta property=\"og:locale\" content=\"fr_FR\" \/>\n<meta property=\"og:type\" content=\"article\" \/>\n<meta property=\"og:title\" content=\"Bergfabel Elia Shirt BFMSH213\/K117 Stripe\" \/>\n<meta property=\"og:description\" content=\"This Bergfabel - Elia Shirt BFMSH213\/K117 - Stripe explores the link between modernity and heritage, even in the smallest detail. Discover now.\" \/>\n<meta property=\"og:url\" content=\"https:\/\/rendez-vous-store.com\/fr\/shop\/rdvs-selection-discover-our-current-selection-rendez-vous-store\/rdvs-selection-men-rendez-vous-store-rendez-vous-store\/bergfabel-elia-shirt-bfmsh213-k117-stripe-rendez-vous-store\/\" \/>\n<meta property=\"og:site_name\" content=\"RENDEZ-VOUS STORE\" \/>\n<meta property=\"article:modified_time\" content=\"2026-03-16T18:16:59+00:00\" \/>\n<meta property=\"og:image\" content=\"https:\/\/rendez-vous-store.com\/app\/uploads\/2025\/08\/IMG_3623_11zon-scaled.webp\" \/>\n\t<meta property=\"og:image:width\" content=\"1707\" \/>\n\t<meta property=\"og:image:height\" content=\"2560\" \/>\n\t<meta property=\"og:image:type\" content=\"image\/webp\" \/>\n<meta name=\"twitter:card\" content=\"summary_large_image\" \/>\n<meta name=\"twitter:label1\" content=\"Est. reading time\" \/>\n\t<meta name=\"twitter:data1\" content=\"2 minutes\" \/>\n<script type=\"application\/ld+json\" class=\"yoast-schema-graph\">{\"@context\":\"https:\/\/schema.org\",\"@graph\":[{\"@type\":\"WebPage\",\"@id\":\"https:\/\/rendez-vous-store.com\/shop\/rdvs-selection-discover-our-current-selection-rendez-vous-store\/rdvs-selection-men-rendez-vous-store-rendez-vous-store\/bergfabel-elia-shirt-bfmsh213-k117-stripe-rendez-vous-store\/\",\"url\":\"https:\/\/rendez-vous-store.com\/shop\/rdvs-selection-discover-our-current-selection-rendez-vous-store\/rdvs-selection-men-rendez-vous-store-rendez-vous-store\/bergfabel-elia-shirt-bfmsh213-k117-stripe-rendez-vous-store\/\",\"name\":\"Bergfabel Elia Shirt BFMSH213\/K117 Stripe\",\"isPartOf\":{\"@id\":\"https:\/\/rendez-vous-store.com\/#website\"},\"primaryImageOfPage\":{\"@id\":\"https:\/\/rendez-vous-store.com\/shop\/rdvs-selection-discover-our-current-selection-rendez-vous-store\/rdvs-selection-men-rendez-vous-store-rendez-vous-store\/bergfabel-elia-shirt-bfmsh213-k117-stripe-rendez-vous-store\/#primaryimage\"},\"image\":{\"@id\":\"https:\/\/rendez-vous-store.com\/shop\/rdvs-selection-discover-our-current-selection-rendez-vous-store\/rdvs-selection-men-rendez-vous-store-rendez-vous-store\/bergfabel-elia-shirt-bfmsh213-k117-stripe-rendez-vous-store\/#primaryimage\"},\"thumbnailUrl\":\"https:\/\/rendez-vous-store.com\/app\/uploads\/2025\/08\/IMG_3623_11zon-scaled.webp\",\"datePublished\":\"2025-08-05T12:41:30+00:00\",\"dateModified\":\"2026-03-16T18:16:59+00:00\",\"description\":\"This Bergfabel - Elia Shirt BFMSH213\/K117 - Stripe explores the link between modernity and heritage, even in the smallest detail. Discover now.\",\"breadcrumb\":{\"@id\":\"https:\/\/rendez-vous-store.com\/shop\/rdvs-selection-discover-our-current-selection-rendez-vous-store\/rdvs-selection-men-rendez-vous-store-rendez-vous-store\/bergfabel-elia-shirt-bfmsh213-k117-stripe-rendez-vous-store\/#breadcrumb\"},\"inLanguage\":\"fr-FR\",\"potentialAction\":[{\"@type\":\"ReadAction\",\"target\":[\"https:\/\/rendez-vous-store.com\/shop\/rdvs-selection-discover-our-current-selection-rendez-vous-store\/rdvs-selection-men-rendez-vous-store-rendez-vous-store\/bergfabel-elia-shirt-bfmsh213-k117-stripe-rendez-vous-store\/\"]}]},{\"@type\":\"ImageObject\",\"inLanguage\":\"fr-FR\",\"@id\":\"https:\/\/rendez-vous-store.com\/shop\/rdvs-selection-discover-our-current-selection-rendez-vous-store\/rdvs-selection-men-rendez-vous-store-rendez-vous-store\/bergfabel-elia-shirt-bfmsh213-k117-stripe-rendez-vous-store\/#primaryimage\",\"url\":\"https:\/\/rendez-vous-store.com\/app\/uploads\/2025\/08\/IMG_3623_11zon-scaled.webp\",\"contentUrl\":\"https:\/\/rendez-vous-store.com\/app\/uploads\/2025\/08\/IMG_3623_11zon-scaled.webp\",\"width\":1707,\"height\":2560,\"caption\":\"Bergfabel - Elia Shirt BFMSH213\/K117 - Stripe\"},{\"@type\":\"BreadcrumbList\",\"@id\":\"https:\/\/rendez-vous-store.com\/shop\/rdvs-selection-discover-our-current-selection-rendez-vous-store\/rdvs-selection-men-rendez-vous-store-rendez-vous-store\/bergfabel-elia-shirt-bfmsh213-k117-stripe-rendez-vous-store\/#breadcrumb\",\"itemListElement\":[{\"@type\":\"ListItem\",\"position\":1,\"name\":\"Home\",\"item\":\"https:\/\/rendez-vous-store.com\/\"},{\"@type\":\"ListItem\",\"position\":2,\"name\":\"Shop\",\"item\":\"https:\/\/www.rendez-vous-store.com\/shop\/\"},{\"@type\":\"ListItem\",\"position\":3,\"name\":\"Bergfabel &#8211; Elia Shirt BFMSH213\/K117 &#8211; Stripe\"}]},{\"@type\":\"WebSite\",\"@id\":\"https:\/\/rendez-vous-store.com\/#website\",\"url\":\"https:\/\/rendez-vous-store.com\/\",\"name\":\"RENDEZ-VOUS STORE\",\"description\":\"Slow Fashion for Women and Men\",\"potentialAction\":[{\"@type\":\"SearchAction\",\"target\":{\"@type\":\"EntryPoint\",\"urlTemplate\":\"https:\/\/rendez-vous-store.com\/?s={search_term_string}\"},\"query-input\":{\"@type\":\"PropertyValueSpecification\",\"valueRequired\":true,\"valueName\":\"search_term_string\"}}],\"inLanguage\":\"fr-FR\"}]}<\/script>\n<!-- \/ Yoast SEO plugin. -->","yoast_head_json":{"title":"Bergfabel Elia Shirt BFMSH213\/K117 Stripe","description":"This Bergfabel - Elia Shirt BFMSH213\/K117 - Stripe explores the link between modernity and heritage, even in the smallest detail. Discover now.","robots":{"index":"index","follow":"follow","max-snippet":"max-snippet:-1","max-image-preview":"max-image-preview:large","max-video-preview":"max-video-preview:-1"},"canonical":"https:\/\/rendez-vous-store.com\/fr\/shop\/rdvs-selection-discover-our-current-selection-rendez-vous-store\/rdvs-selection-men-rendez-vous-store-rendez-vous-store\/bergfabel-elia-shirt-bfmsh213-k117-stripe-rendez-vous-store\/","og_locale":"fr_FR","og_type":"article","og_title":"Bergfabel Elia Shirt BFMSH213\/K117 Stripe","og_description":"This Bergfabel - Elia Shirt BFMSH213\/K117 - Stripe explores the link between modernity and heritage, even in the smallest detail. Discover now.","og_url":"https:\/\/rendez-vous-store.com\/fr\/shop\/rdvs-selection-discover-our-current-selection-rendez-vous-store\/rdvs-selection-men-rendez-vous-store-rendez-vous-store\/bergfabel-elia-shirt-bfmsh213-k117-stripe-rendez-vous-store\/","og_site_name":"RENDEZ-VOUS STORE","article_modified_time":"2026-03-16T18:16:59+00:00","og_image":[{"width":1707,"height":2560,"url":"https:\/\/rendez-vous-store.com\/app\/uploads\/2025\/08\/IMG_3623_11zon-scaled.webp","type":"image\/webp"}],"twitter_card":"summary_large_image","twitter_misc":{"Est. reading time":"2 minutes"},"schema":{"@context":"https:\/\/schema.org","@graph":[{"@type":"WebPage","@id":"https:\/\/rendez-vous-store.com\/shop\/rdvs-selection-discover-our-current-selection-rendez-vous-store\/rdvs-selection-men-rendez-vous-store-rendez-vous-store\/bergfabel-elia-shirt-bfmsh213-k117-stripe-rendez-vous-store\/","url":"https:\/\/rendez-vous-store.com\/shop\/rdvs-selection-discover-our-current-selection-rendez-vous-store\/rdvs-selection-men-rendez-vous-store-rendez-vous-store\/bergfabel-elia-shirt-bfmsh213-k117-stripe-rendez-vous-store\/","name":"Bergfabel Elia Shirt BFMSH213\/K117 Stripe","isPartOf":{"@id":"https:\/\/rendez-vous-store.com\/#website"},"primaryImageOfPage":{"@id":"https:\/\/rendez-vous-store.com\/shop\/rdvs-selection-discover-our-current-selection-rendez-vous-store\/rdvs-selection-men-rendez-vous-store-rendez-vous-store\/bergfabel-elia-shirt-bfmsh213-k117-stripe-rendez-vous-store\/#primaryimage"},"image":{"@id":"https:\/\/rendez-vous-store.com\/shop\/rdvs-selection-discover-our-current-selection-rendez-vous-store\/rdvs-selection-men-rendez-vous-store-rendez-vous-store\/bergfabel-elia-shirt-bfmsh213-k117-stripe-rendez-vous-store\/#primaryimage"},"thumbnailUrl":"https:\/\/rendez-vous-store.com\/app\/uploads\/2025\/08\/IMG_3623_11zon-scaled.webp","datePublished":"2025-08-05T12:41:30+00:00","dateModified":"2026-03-16T18:16:59+00:00","description":"This Bergfabel - Elia Shirt BFMSH213\/K117 - Stripe explores the link between modernity and heritage, even in the smallest detail. Discover now.","breadcrumb":{"@id":"https:\/\/rendez-vous-store.com\/shop\/rdvs-selection-discover-our-current-selection-rendez-vous-store\/rdvs-selection-men-rendez-vous-store-rendez-vous-store\/bergfabel-elia-shirt-bfmsh213-k117-stripe-rendez-vous-store\/#breadcrumb"},"inLanguage":"fr-FR","potentialAction":[{"@type":"ReadAction","target":["https:\/\/rendez-vous-store.com\/shop\/rdvs-selection-discover-our-current-selection-rendez-vous-store\/rdvs-selection-men-rendez-vous-store-rendez-vous-store\/bergfabel-elia-shirt-bfmsh213-k117-stripe-rendez-vous-store\/"]}]},{"@type":"ImageObject","inLanguage":"fr-FR","@id":"https:\/\/rendez-vous-store.com\/shop\/rdvs-selection-discover-our-current-selection-rendez-vous-store\/rdvs-selection-men-rendez-vous-store-rendez-vous-store\/bergfabel-elia-shirt-bfmsh213-k117-stripe-rendez-vous-store\/#primaryimage","url":"https:\/\/rendez-vous-store.com\/app\/uploads\/2025\/08\/IMG_3623_11zon-scaled.webp","contentUrl":"https:\/\/rendez-vous-store.com\/app\/uploads\/2025\/08\/IMG_3623_11zon-scaled.webp","width":1707,"height":2560,"caption":"Bergfabel - Elia Shirt BFMSH213\/K117 - Stripe"},{"@type":"BreadcrumbList","@id":"https:\/\/rendez-vous-store.com\/shop\/rdvs-selection-discover-our-current-selection-rendez-vous-store\/rdvs-selection-men-rendez-vous-store-rendez-vous-store\/bergfabel-elia-shirt-bfmsh213-k117-stripe-rendez-vous-store\/#breadcrumb","itemListElement":[{"@type":"ListItem","position":1,"name":"Home","item":"https:\/\/rendez-vous-store.com\/"},{"@type":"ListItem","position":2,"name":"Shop","item":"https:\/\/www.rendez-vous-store.com\/shop\/"},{"@type":"ListItem","position":3,"name":"Bergfabel &#8211; Elia Shirt BFMSH213\/K117 &#8211; Stripe"}]},{"@type":"WebSite","@id":"https:\/\/rendez-vous-store.com\/#website","url":"https:\/\/rendez-vous-store.com\/","name":"RENDEZ-VOUS STORE","description":"Slow Fashion for Women and Men","potentialAction":[{"@type":"SearchAction","target":{"@type":"EntryPoint","urlTemplate":"https:\/\/rendez-vous-store.com\/?s={search_term_string}"},"query-input":{"@type":"PropertyValueSpecification","valueRequired":true,"valueName":"search_term_string"}}],"inLanguage":"fr-FR"}]}},"_links":{"self":[{"href":"https:\/\/rendez-vous-store.com\/fr\/wp-json\/wp\/v2\/product\/210324","targetHints":{"allow":["GET"]}}],"collection":[{"href":"https:\/\/rendez-vous-store.com\/fr\/wp-json\/wp\/v2\/product"}],"about":[{"href":"https:\/\/rendez-vous-store.com\/fr\/wp-json\/wp\/v2\/types\/product"}],"wp:featuredmedia":[{"embeddable":true,"href":"https:\/\/rendez-vous-store.com\/fr\/wp-json\/wp\/v2\/media\/212649"}],"wp:attachment":[{"href":"https:\/\/rendez-vous-store.com\/fr\/wp-json\/wp\/v2\/media?parent=210324"}],"wp:term":[{"taxonomy":"product_brand","embeddable":true,"href":"https:\/\/rendez-vous-store.com\/fr\/wp-json\/wp\/v2\/product_brand?post=210324"},{"taxonomy":"product_cat","embeddable":true,"href":"https:\/\/rendez-vous-store.com\/fr\/wp-json\/wp\/v2\/product_cat?post=210324"},{"taxonomy":"product_tag","embeddable":true,"href":"https:\/\/rendez-vous-store.com\/fr\/wp-json\/wp\/v2\/product_tag?post=210324"}],"curies":[{"name":"wp","href":"https:\/\/api.w.org\/{rel}","templated":true}]}}