{"id":209934,"date":"2025-07-29T15:58:35","date_gmt":"2025-07-29T13:58:35","guid":{"rendered":"https:\/\/rendez-vous-store.com\/?post_type=product&#038;p=209934"},"modified":"2026-04-24T15:59:55","modified_gmt":"2026-04-24T13:59:55","slug":"cawley-silk-dupion-pleated-scarf-p14-bottle-rendez-vous-store","status":"publish","type":"product","link":"https:\/\/rendez-vous-store.com\/fr\/shop\/special-offer-women-rendez-vous-store\/women-trousers-special-offer\/cawley-silk-dupion-pleated-scarf-p14-bottle-rendez-vous-store\/","title":{"rendered":"CAWLEY \u2013 \u00c9charpe pliss\u00e9e en soie Dupion P14 \u2013 Bottle"},"content":{"rendered":"<p><strong>CAWLEY \u00c9charpe pliss\u00e9e en soie Dupion P14 Bottle<\/strong><\/p>\n<p>Couleur : Vert<\/p>\n<p>Composition : 100% Soie<\/p>\n<p>Fabriqu\u00e9 au Royaume-Uni<\/p>\n<p>&nbsp;<\/p>\n<p>&nbsp;<\/p>\n<p>&nbsp;<\/p>\n<p>&nbsp;<\/p>\n<h4>La marque<\/h4>\n<p>Cawley est une marque de mode londonienne fond\u00e9e par Hannah Cawley en 2017. La marque cr\u00e9e des v\u00eatements de tous les jours fonctionnels et durables en utilisant des tissus naturels : principalement du coton, du lin, de la laine, provenant d'Angleterre, d'Irlande, du Portugal, d'Inde et du Japon. Les v\u00eatements c\u00e9l\u00e8brent la qualit\u00e9 de l'artisanat et de la fabrication britannique. Cawley m\u00e9lange les coupes modernes et le tailoring avec des v\u00eatements de travail utilitaires pour cr\u00e9er de belles pi\u00e8ces intemporelles.<\/p>","protected":false},"excerpt":{"rendered":"<p>CAWLEY Silk Dupion Pleated Scarf P14 Bottle Color: Green Composition: 100% Silk Made in UK &nbsp; &nbsp; &nbsp; &nbsp; The Brand Cawley is a London based fashion brand founded by Hannah Cawley in 2017. The brand creates functional and lasting everyday wear using natural fabrics : mostly cotton, linen, wool, sourced in England, Ireland, Portugal,&hellip; <a class=\"more-link\" href=\"https:\/\/rendez-vous-store.com\/fr\/shop\/special-offer-women-rendez-vous-store\/women-trousers-special-offer\/cawley-silk-dupion-pleated-scarf-p14-bottle-rendez-vous-store\/\">Continuer la lecture <span class=\"screen-reader-text\">CAWLEY \u2013 \u00c9charpe pliss\u00e9e en soie Dupion P14 \u2013 Bottle<\/span><\/a><\/p>","protected":false},"featured_media":211793,"template":"","meta":{"_acf_changed":false},"product_brand":[],"product_cat":[1291,1335,1341,405,17,1062,652],"product_tag":[1063],"class_list":{"0":"post-209934","1":"product","2":"type-product","3":"status-publish","4":"has-post-thumbnail","6":"product_cat-sale-30","7":"product_cat-special-offer-women-rendez-vous-store","8":"product_cat-women-trousers-special-offer","9":"product_cat-rdvs-selection-women-rendez-vous-store","10":"product_cat-women","11":"product_cat-new-women-selection-rendez-vous-store","12":"product_cat-women-hats-scarves-rendez-vous-store","13":"product_tag-cawley","14":"entry","16":"first","17":"outofstock","18":"taxable","19":"shipping-taxable","20":"product-type-variable"},"acf":[],"yoast_head":"<!-- This site is optimized with the Yoast SEO plugin v24.9 - https:\/\/yoast.com\/wordpress\/plugins\/seo\/ -->\n<title>CAWLEY Silk Dupion Pleated Scarf P14 Bottle<\/title>\n<meta name=\"description\" content=\"This CAWLEY - Silk Dupion Pleated Scarf P14 - Bottle is the perfect mix between modern cuts a tailoring and utilitarian workwear.\" \/>\n<meta name=\"robots\" content=\"index, follow, max-snippet:-1, max-image-preview:large, max-video-preview:-1\" \/>\n<link rel=\"canonical\" href=\"https:\/\/rendez-vous-store.com\/fr\/shop\/special-offer-women-rendez-vous-store\/women-trousers-special-offer\/cawley-silk-dupion-pleated-scarf-p14-bottle-rendez-vous-store\/\" \/>\n<meta property=\"og:locale\" content=\"fr_FR\" \/>\n<meta property=\"og:type\" content=\"article\" \/>\n<meta property=\"og:title\" content=\"CAWLEY Silk Dupion Pleated Scarf P14 Bottle\" \/>\n<meta property=\"og:description\" content=\"This CAWLEY - Silk Dupion Pleated Scarf P14 - Bottle is the perfect mix between modern cuts a tailoring and utilitarian workwear.\" \/>\n<meta property=\"og:url\" content=\"https:\/\/rendez-vous-store.com\/fr\/shop\/special-offer-women-rendez-vous-store\/women-trousers-special-offer\/cawley-silk-dupion-pleated-scarf-p14-bottle-rendez-vous-store\/\" \/>\n<meta property=\"og:site_name\" content=\"RENDEZ-VOUS STORE\" \/>\n<meta property=\"article:modified_time\" content=\"2026-04-24T13:59:55+00:00\" \/>\n<meta property=\"og:image\" content=\"https:\/\/rendez-vous-store.com\/app\/uploads\/2025\/07\/IMG_1277-min-scaled.webp\" \/>\n\t<meta property=\"og:image:width\" content=\"1707\" \/>\n\t<meta property=\"og:image:height\" content=\"2560\" \/>\n\t<meta property=\"og:image:type\" content=\"image\/webp\" \/>\n<meta name=\"twitter:card\" content=\"summary_large_image\" \/>\n<meta name=\"twitter:label1\" content=\"Est. reading time\" \/>\n\t<meta name=\"twitter:data1\" content=\"1 minute\" \/>\n<script type=\"application\/ld+json\" class=\"yoast-schema-graph\">{\"@context\":\"https:\/\/schema.org\",\"@graph\":[{\"@type\":\"WebPage\",\"@id\":\"https:\/\/rendez-vous-store.com\/shop\/special-offer-women-rendez-vous-store\/women-trousers-special-offer\/cawley-silk-dupion-pleated-scarf-p14-bottle-rendez-vous-store\/\",\"url\":\"https:\/\/rendez-vous-store.com\/shop\/special-offer-women-rendez-vous-store\/women-trousers-special-offer\/cawley-silk-dupion-pleated-scarf-p14-bottle-rendez-vous-store\/\",\"name\":\"CAWLEY Silk Dupion Pleated Scarf P14 Bottle\",\"isPartOf\":{\"@id\":\"https:\/\/rendez-vous-store.com\/#website\"},\"primaryImageOfPage\":{\"@id\":\"https:\/\/rendez-vous-store.com\/shop\/special-offer-women-rendez-vous-store\/women-trousers-special-offer\/cawley-silk-dupion-pleated-scarf-p14-bottle-rendez-vous-store\/#primaryimage\"},\"image\":{\"@id\":\"https:\/\/rendez-vous-store.com\/shop\/special-offer-women-rendez-vous-store\/women-trousers-special-offer\/cawley-silk-dupion-pleated-scarf-p14-bottle-rendez-vous-store\/#primaryimage\"},\"thumbnailUrl\":\"https:\/\/rendez-vous-store.com\/app\/uploads\/2025\/07\/IMG_1277-min-scaled.webp\",\"datePublished\":\"2025-07-29T13:58:35+00:00\",\"dateModified\":\"2026-04-24T13:59:55+00:00\",\"description\":\"This CAWLEY - Silk Dupion Pleated Scarf P14 - Bottle is the perfect mix between modern cuts a tailoring and utilitarian workwear.\",\"breadcrumb\":{\"@id\":\"https:\/\/rendez-vous-store.com\/shop\/special-offer-women-rendez-vous-store\/women-trousers-special-offer\/cawley-silk-dupion-pleated-scarf-p14-bottle-rendez-vous-store\/#breadcrumb\"},\"inLanguage\":\"fr-FR\",\"potentialAction\":[{\"@type\":\"ReadAction\",\"target\":[\"https:\/\/rendez-vous-store.com\/shop\/special-offer-women-rendez-vous-store\/women-trousers-special-offer\/cawley-silk-dupion-pleated-scarf-p14-bottle-rendez-vous-store\/\"]}]},{\"@type\":\"ImageObject\",\"inLanguage\":\"fr-FR\",\"@id\":\"https:\/\/rendez-vous-store.com\/shop\/special-offer-women-rendez-vous-store\/women-trousers-special-offer\/cawley-silk-dupion-pleated-scarf-p14-bottle-rendez-vous-store\/#primaryimage\",\"url\":\"https:\/\/rendez-vous-store.com\/app\/uploads\/2025\/07\/IMG_1277-min-scaled.webp\",\"contentUrl\":\"https:\/\/rendez-vous-store.com\/app\/uploads\/2025\/07\/IMG_1277-min-scaled.webp\",\"width\":1707,\"height\":2560},{\"@type\":\"BreadcrumbList\",\"@id\":\"https:\/\/rendez-vous-store.com\/shop\/special-offer-women-rendez-vous-store\/women-trousers-special-offer\/cawley-silk-dupion-pleated-scarf-p14-bottle-rendez-vous-store\/#breadcrumb\",\"itemListElement\":[{\"@type\":\"ListItem\",\"position\":1,\"name\":\"Home\",\"item\":\"https:\/\/rendez-vous-store.com\/\"},{\"@type\":\"ListItem\",\"position\":2,\"name\":\"Shop\",\"item\":\"https:\/\/www.rendez-vous-store.com\/shop\/\"},{\"@type\":\"ListItem\",\"position\":3,\"name\":\"CAWLEY &#8211; Silk Dupion Pleated Scarf P14 &#8211; Bottle\"}]},{\"@type\":\"WebSite\",\"@id\":\"https:\/\/rendez-vous-store.com\/#website\",\"url\":\"https:\/\/rendez-vous-store.com\/\",\"name\":\"RENDEZ-VOUS STORE\",\"description\":\"Slow Fashion for Women and Men\",\"potentialAction\":[{\"@type\":\"SearchAction\",\"target\":{\"@type\":\"EntryPoint\",\"urlTemplate\":\"https:\/\/rendez-vous-store.com\/?s={search_term_string}\"},\"query-input\":{\"@type\":\"PropertyValueSpecification\",\"valueRequired\":true,\"valueName\":\"search_term_string\"}}],\"inLanguage\":\"fr-FR\"}]}<\/script>\n<!-- \/ Yoast SEO plugin. -->","yoast_head_json":{"title":"CAWLEY Silk Dupion Pleated Scarf P14 Bottle","description":"This CAWLEY - Silk Dupion Pleated Scarf P14 - Bottle is the perfect mix between modern cuts a tailoring and utilitarian workwear.","robots":{"index":"index","follow":"follow","max-snippet":"max-snippet:-1","max-image-preview":"max-image-preview:large","max-video-preview":"max-video-preview:-1"},"canonical":"https:\/\/rendez-vous-store.com\/fr\/shop\/special-offer-women-rendez-vous-store\/women-trousers-special-offer\/cawley-silk-dupion-pleated-scarf-p14-bottle-rendez-vous-store\/","og_locale":"fr_FR","og_type":"article","og_title":"CAWLEY Silk Dupion Pleated Scarf P14 Bottle","og_description":"This CAWLEY - Silk Dupion Pleated Scarf P14 - Bottle is the perfect mix between modern cuts a tailoring and utilitarian workwear.","og_url":"https:\/\/rendez-vous-store.com\/fr\/shop\/special-offer-women-rendez-vous-store\/women-trousers-special-offer\/cawley-silk-dupion-pleated-scarf-p14-bottle-rendez-vous-store\/","og_site_name":"RENDEZ-VOUS STORE","article_modified_time":"2026-04-24T13:59:55+00:00","og_image":[{"width":1707,"height":2560,"url":"https:\/\/rendez-vous-store.com\/app\/uploads\/2025\/07\/IMG_1277-min-scaled.webp","type":"image\/webp"}],"twitter_card":"summary_large_image","twitter_misc":{"Est. reading time":"1 minute"},"schema":{"@context":"https:\/\/schema.org","@graph":[{"@type":"WebPage","@id":"https:\/\/rendez-vous-store.com\/shop\/special-offer-women-rendez-vous-store\/women-trousers-special-offer\/cawley-silk-dupion-pleated-scarf-p14-bottle-rendez-vous-store\/","url":"https:\/\/rendez-vous-store.com\/shop\/special-offer-women-rendez-vous-store\/women-trousers-special-offer\/cawley-silk-dupion-pleated-scarf-p14-bottle-rendez-vous-store\/","name":"CAWLEY Silk Dupion Pleated Scarf P14 Bottle","isPartOf":{"@id":"https:\/\/rendez-vous-store.com\/#website"},"primaryImageOfPage":{"@id":"https:\/\/rendez-vous-store.com\/shop\/special-offer-women-rendez-vous-store\/women-trousers-special-offer\/cawley-silk-dupion-pleated-scarf-p14-bottle-rendez-vous-store\/#primaryimage"},"image":{"@id":"https:\/\/rendez-vous-store.com\/shop\/special-offer-women-rendez-vous-store\/women-trousers-special-offer\/cawley-silk-dupion-pleated-scarf-p14-bottle-rendez-vous-store\/#primaryimage"},"thumbnailUrl":"https:\/\/rendez-vous-store.com\/app\/uploads\/2025\/07\/IMG_1277-min-scaled.webp","datePublished":"2025-07-29T13:58:35+00:00","dateModified":"2026-04-24T13:59:55+00:00","description":"This CAWLEY - Silk Dupion Pleated Scarf P14 - Bottle is the perfect mix between modern cuts a tailoring and utilitarian workwear.","breadcrumb":{"@id":"https:\/\/rendez-vous-store.com\/shop\/special-offer-women-rendez-vous-store\/women-trousers-special-offer\/cawley-silk-dupion-pleated-scarf-p14-bottle-rendez-vous-store\/#breadcrumb"},"inLanguage":"fr-FR","potentialAction":[{"@type":"ReadAction","target":["https:\/\/rendez-vous-store.com\/shop\/special-offer-women-rendez-vous-store\/women-trousers-special-offer\/cawley-silk-dupion-pleated-scarf-p14-bottle-rendez-vous-store\/"]}]},{"@type":"ImageObject","inLanguage":"fr-FR","@id":"https:\/\/rendez-vous-store.com\/shop\/special-offer-women-rendez-vous-store\/women-trousers-special-offer\/cawley-silk-dupion-pleated-scarf-p14-bottle-rendez-vous-store\/#primaryimage","url":"https:\/\/rendez-vous-store.com\/app\/uploads\/2025\/07\/IMG_1277-min-scaled.webp","contentUrl":"https:\/\/rendez-vous-store.com\/app\/uploads\/2025\/07\/IMG_1277-min-scaled.webp","width":1707,"height":2560},{"@type":"BreadcrumbList","@id":"https:\/\/rendez-vous-store.com\/shop\/special-offer-women-rendez-vous-store\/women-trousers-special-offer\/cawley-silk-dupion-pleated-scarf-p14-bottle-rendez-vous-store\/#breadcrumb","itemListElement":[{"@type":"ListItem","position":1,"name":"Home","item":"https:\/\/rendez-vous-store.com\/"},{"@type":"ListItem","position":2,"name":"Shop","item":"https:\/\/www.rendez-vous-store.com\/shop\/"},{"@type":"ListItem","position":3,"name":"CAWLEY &#8211; Silk Dupion Pleated Scarf P14 &#8211; Bottle"}]},{"@type":"WebSite","@id":"https:\/\/rendez-vous-store.com\/#website","url":"https:\/\/rendez-vous-store.com\/","name":"RENDEZ-VOUS STORE","description":"Slow Fashion for Women and Men","potentialAction":[{"@type":"SearchAction","target":{"@type":"EntryPoint","urlTemplate":"https:\/\/rendez-vous-store.com\/?s={search_term_string}"},"query-input":{"@type":"PropertyValueSpecification","valueRequired":true,"valueName":"search_term_string"}}],"inLanguage":"fr-FR"}]}},"_links":{"self":[{"href":"https:\/\/rendez-vous-store.com\/fr\/wp-json\/wp\/v2\/product\/209934","targetHints":{"allow":["GET"]}}],"collection":[{"href":"https:\/\/rendez-vous-store.com\/fr\/wp-json\/wp\/v2\/product"}],"about":[{"href":"https:\/\/rendez-vous-store.com\/fr\/wp-json\/wp\/v2\/types\/product"}],"wp:featuredmedia":[{"embeddable":true,"href":"https:\/\/rendez-vous-store.com\/fr\/wp-json\/wp\/v2\/media\/211793"}],"wp:attachment":[{"href":"https:\/\/rendez-vous-store.com\/fr\/wp-json\/wp\/v2\/media?parent=209934"}],"wp:term":[{"taxonomy":"product_brand","embeddable":true,"href":"https:\/\/rendez-vous-store.com\/fr\/wp-json\/wp\/v2\/product_brand?post=209934"},{"taxonomy":"product_cat","embeddable":true,"href":"https:\/\/rendez-vous-store.com\/fr\/wp-json\/wp\/v2\/product_cat?post=209934"},{"taxonomy":"product_tag","embeddable":true,"href":"https:\/\/rendez-vous-store.com\/fr\/wp-json\/wp\/v2\/product_tag?post=209934"}],"curies":[{"name":"wp","href":"https:\/\/api.w.org\/{rel}","templated":true}]}}