{"id":209468,"date":"2025-07-23T14:21:17","date_gmt":"2025-07-23T12:21:17","guid":{"rendered":"https:\/\/rendez-vous-store.com\/?post_type=product&#038;p=209468"},"modified":"2026-04-13T15:54:09","modified_gmt":"2026-04-13T13:54:09","slug":"sillage-circular-fatigue-short-pants-deadstock-jacquard-red-stripe-rendez-vous-store","status":"publish","type":"product","link":"https:\/\/rendez-vous-store.com\/fr\/shop\/men-selection-discover-our-selection-rendez-vous-store\/trousers-shorts-rendez-vous-store\/sillage-circular-fatigue-short-pants-deadstock-jacquard-red-stripe-rendez-vous-store\/","title":{"rendered":"Sillage \u2013 Short circulaire Fatigue Deadstock Jacquard \u00e0 rayures rouges"},"content":{"rendered":"<p><strong>Sillage \u2013 Short circulaire Fatigue Deadstock Jacquard \u00e0 rayures rouges<\/strong><\/p>\n<p>Couleur : Blanc et rouge<\/p>\n<p>Silhouette circulaire et d\u00e9contract\u00e9e<\/p>\n<p>Fermeture par bouton<\/p>\n<p>Cordons de resserage<\/p>\n<p>Jambes larges<\/p>\n<p>Composition : 100% Coton<\/p>\n<p>Fabriqu\u00e9 au Japon<\/p>\n<p>&nbsp;<\/p>\n<p><strong>Les mesures :\u00a0<\/strong><\/p>\n<p>Taille unique : Tour de taille : 38 cm, Tour de hanches : 65 cm, Tour de cuisse : 44 cm, Entrejambe : 19 cm, Longueur : 54 cm<\/p>\n<p>&nbsp;<\/p>\n<p>&nbsp;<\/p>\n<p>&nbsp;<\/p>\n<p><strong>La marque\u00a0<\/strong><\/p>\n<p>La marque Sillage, fond\u00e9e par Nicolas Yuthanan Chalmeau et bas\u00e9e \u00e0 Tokyo, est l\u00e0 pour d\u00e9fier les silhouettes traditionnelles et d\u00e9velopper des classiques de la garde-robe reconnaissables et confortables qui seront le rafra\u00eechissement de vos essentiels. L'individualit\u00e9 de la marque est inspir\u00e9e par la musique, la diversit\u00e9 culturelle et le besoin de diff\u00e9rents types de corps. Sillage est convaincue qu'il n'y a pas de taille id\u00e9ale, elle est con\u00e7ue pour toutes les formes de corps et tous les sexes. Des volumes exag\u00e9r\u00e9s, un design caract\u00e9ristique et des palettes discr\u00e8tes.<\/p>","protected":false},"excerpt":{"rendered":"<p>Sillage Circular Fatigue Short Pants Deadstock Jacquard Red Stripe Color: White and red Circular and relaxed silhouette Button closure Drawstrings Wide legs Composition: 100% Cotton Made in Japan &nbsp; The measurements:\u00a0 One size: Waist: 38cm, Hip: 65cm, Thigh: 44cm, Inseam: 19cm, Length: 54cm &nbsp; &nbsp; &nbsp; The Brand\u00a0 The Tokyo-based brand\u00a0Sillage\u00a0founded by Nicolas Yuthanan Chalmeau&hellip; <a class=\"more-link\" href=\"https:\/\/rendez-vous-store.com\/fr\/shop\/men-selection-discover-our-selection-rendez-vous-store\/trousers-shorts-rendez-vous-store\/sillage-circular-fatigue-short-pants-deadstock-jacquard-red-stripe-rendez-vous-store\/\">Continuer la lecture <span class=\"screen-reader-text\">Sillage \u2013 Short circulaire Fatigue Deadstock Jacquard \u00e0 rayures rouges<\/span><\/a><\/p>","protected":false},"featured_media":209689,"template":"","meta":{"_acf_changed":false},"product_brand":[],"product_cat":[20,73],"product_tag":[1011],"class_list":{"0":"post-209468","1":"product","2":"type-product","3":"status-publish","4":"has-post-thumbnail","6":"product_cat-men-selection-discover-our-selection-rendez-vous-store","7":"product_cat-trousers-shorts-rendez-vous-store","8":"product_tag-sillage-rendez-vous-store","9":"entry","11":"first","12":"outofstock","13":"taxable","14":"shipping-taxable","15":"product-type-variable"},"acf":[],"yoast_head":"<!-- This site is optimized with the Yoast SEO plugin v24.9 - https:\/\/yoast.com\/wordpress\/plugins\/seo\/ -->\n<title>Sillage Circular Fatigue Short Pants Deadstock Jacquard Red Stripe<\/title>\n<meta name=\"description\" content=\"This Sillage Circular Fatigue Short Pants Deadstock Jacquard Red Stripe is developed for every shape of the body and all gender. Discover now.\" \/>\n<meta name=\"robots\" content=\"index, follow, max-snippet:-1, max-image-preview:large, max-video-preview:-1\" \/>\n<link rel=\"canonical\" href=\"https:\/\/rendez-vous-store.com\/fr\/shop\/men-selection-discover-our-selection-rendez-vous-store\/trousers-shorts-rendez-vous-store\/sillage-circular-fatigue-short-pants-deadstock-jacquard-red-stripe-rendez-vous-store\/\" \/>\n<meta property=\"og:locale\" content=\"fr_FR\" \/>\n<meta property=\"og:type\" content=\"article\" \/>\n<meta property=\"og:title\" content=\"Sillage Circular Fatigue Short Pants Deadstock Jacquard Red Stripe\" \/>\n<meta property=\"og:description\" content=\"This Sillage Circular Fatigue Short Pants Deadstock Jacquard Red Stripe is developed for every shape of the body and all gender. Discover now.\" \/>\n<meta property=\"og:url\" content=\"https:\/\/rendez-vous-store.com\/fr\/shop\/men-selection-discover-our-selection-rendez-vous-store\/trousers-shorts-rendez-vous-store\/sillage-circular-fatigue-short-pants-deadstock-jacquard-red-stripe-rendez-vous-store\/\" \/>\n<meta property=\"og:site_name\" content=\"RENDEZ-VOUS STORE\" \/>\n<meta property=\"article:modified_time\" content=\"2026-04-13T13:54:09+00:00\" \/>\n<meta property=\"og:image\" content=\"https:\/\/rendez-vous-store.com\/app\/uploads\/2025\/07\/IMG_0759_11zon-scaled.webp\" \/>\n\t<meta property=\"og:image:width\" content=\"1707\" \/>\n\t<meta property=\"og:image:height\" content=\"2560\" \/>\n\t<meta property=\"og:image:type\" content=\"image\/webp\" \/>\n<meta name=\"twitter:card\" content=\"summary_large_image\" \/>\n<meta name=\"twitter:label1\" content=\"Est. reading time\" \/>\n\t<meta name=\"twitter:data1\" content=\"1 minute\" \/>\n<script type=\"application\/ld+json\" class=\"yoast-schema-graph\">{\"@context\":\"https:\/\/schema.org\",\"@graph\":[{\"@type\":\"WebPage\",\"@id\":\"https:\/\/rendez-vous-store.com\/shop\/men-selection-discover-our-selection-rendez-vous-store\/trousers-shorts-rendez-vous-store\/sillage-circular-fatigue-short-pants-deadstock-jacquard-red-stripe-rendez-vous-store\/\",\"url\":\"https:\/\/rendez-vous-store.com\/shop\/men-selection-discover-our-selection-rendez-vous-store\/trousers-shorts-rendez-vous-store\/sillage-circular-fatigue-short-pants-deadstock-jacquard-red-stripe-rendez-vous-store\/\",\"name\":\"Sillage Circular Fatigue Short Pants Deadstock Jacquard Red Stripe\",\"isPartOf\":{\"@id\":\"https:\/\/rendez-vous-store.com\/#website\"},\"primaryImageOfPage\":{\"@id\":\"https:\/\/rendez-vous-store.com\/shop\/men-selection-discover-our-selection-rendez-vous-store\/trousers-shorts-rendez-vous-store\/sillage-circular-fatigue-short-pants-deadstock-jacquard-red-stripe-rendez-vous-store\/#primaryimage\"},\"image\":{\"@id\":\"https:\/\/rendez-vous-store.com\/shop\/men-selection-discover-our-selection-rendez-vous-store\/trousers-shorts-rendez-vous-store\/sillage-circular-fatigue-short-pants-deadstock-jacquard-red-stripe-rendez-vous-store\/#primaryimage\"},\"thumbnailUrl\":\"https:\/\/rendez-vous-store.com\/app\/uploads\/2025\/07\/IMG_0759_11zon-scaled.webp\",\"datePublished\":\"2025-07-23T12:21:17+00:00\",\"dateModified\":\"2026-04-13T13:54:09+00:00\",\"description\":\"This Sillage Circular Fatigue Short Pants Deadstock Jacquard Red Stripe is developed for every shape of the body and all gender. Discover now.\",\"breadcrumb\":{\"@id\":\"https:\/\/rendez-vous-store.com\/shop\/men-selection-discover-our-selection-rendez-vous-store\/trousers-shorts-rendez-vous-store\/sillage-circular-fatigue-short-pants-deadstock-jacquard-red-stripe-rendez-vous-store\/#breadcrumb\"},\"inLanguage\":\"fr-FR\",\"potentialAction\":[{\"@type\":\"ReadAction\",\"target\":[\"https:\/\/rendez-vous-store.com\/shop\/men-selection-discover-our-selection-rendez-vous-store\/trousers-shorts-rendez-vous-store\/sillage-circular-fatigue-short-pants-deadstock-jacquard-red-stripe-rendez-vous-store\/\"]}]},{\"@type\":\"ImageObject\",\"inLanguage\":\"fr-FR\",\"@id\":\"https:\/\/rendez-vous-store.com\/shop\/men-selection-discover-our-selection-rendez-vous-store\/trousers-shorts-rendez-vous-store\/sillage-circular-fatigue-short-pants-deadstock-jacquard-red-stripe-rendez-vous-store\/#primaryimage\",\"url\":\"https:\/\/rendez-vous-store.com\/app\/uploads\/2025\/07\/IMG_0759_11zon-scaled.webp\",\"contentUrl\":\"https:\/\/rendez-vous-store.com\/app\/uploads\/2025\/07\/IMG_0759_11zon-scaled.webp\",\"width\":1707,\"height\":2560},{\"@type\":\"BreadcrumbList\",\"@id\":\"https:\/\/rendez-vous-store.com\/shop\/men-selection-discover-our-selection-rendez-vous-store\/trousers-shorts-rendez-vous-store\/sillage-circular-fatigue-short-pants-deadstock-jacquard-red-stripe-rendez-vous-store\/#breadcrumb\",\"itemListElement\":[{\"@type\":\"ListItem\",\"position\":1,\"name\":\"Home\",\"item\":\"https:\/\/rendez-vous-store.com\/\"},{\"@type\":\"ListItem\",\"position\":2,\"name\":\"Shop\",\"item\":\"https:\/\/www.rendez-vous-store.com\/shop\/\"},{\"@type\":\"ListItem\",\"position\":3,\"name\":\"Sillage &#8211; Circular Fatigue Short Pants Deadstock Jacquard Red Stripe\"}]},{\"@type\":\"WebSite\",\"@id\":\"https:\/\/rendez-vous-store.com\/#website\",\"url\":\"https:\/\/rendez-vous-store.com\/\",\"name\":\"RENDEZ-VOUS STORE\",\"description\":\"Slow Fashion for Women and Men\",\"potentialAction\":[{\"@type\":\"SearchAction\",\"target\":{\"@type\":\"EntryPoint\",\"urlTemplate\":\"https:\/\/rendez-vous-store.com\/?s={search_term_string}\"},\"query-input\":{\"@type\":\"PropertyValueSpecification\",\"valueRequired\":true,\"valueName\":\"search_term_string\"}}],\"inLanguage\":\"fr-FR\"}]}<\/script>\n<!-- \/ Yoast SEO plugin. -->","yoast_head_json":{"title":"Sillage Circular Fatigue Short Pants Deadstock Jacquard Red Stripe","description":"This Sillage Circular Fatigue Short Pants Deadstock Jacquard Red Stripe is developed for every shape of the body and all gender. Discover now.","robots":{"index":"index","follow":"follow","max-snippet":"max-snippet:-1","max-image-preview":"max-image-preview:large","max-video-preview":"max-video-preview:-1"},"canonical":"https:\/\/rendez-vous-store.com\/fr\/shop\/men-selection-discover-our-selection-rendez-vous-store\/trousers-shorts-rendez-vous-store\/sillage-circular-fatigue-short-pants-deadstock-jacquard-red-stripe-rendez-vous-store\/","og_locale":"fr_FR","og_type":"article","og_title":"Sillage Circular Fatigue Short Pants Deadstock Jacquard Red Stripe","og_description":"This Sillage Circular Fatigue Short Pants Deadstock Jacquard Red Stripe is developed for every shape of the body and all gender. Discover now.","og_url":"https:\/\/rendez-vous-store.com\/fr\/shop\/men-selection-discover-our-selection-rendez-vous-store\/trousers-shorts-rendez-vous-store\/sillage-circular-fatigue-short-pants-deadstock-jacquard-red-stripe-rendez-vous-store\/","og_site_name":"RENDEZ-VOUS STORE","article_modified_time":"2026-04-13T13:54:09+00:00","og_image":[{"width":1707,"height":2560,"url":"https:\/\/rendez-vous-store.com\/app\/uploads\/2025\/07\/IMG_0759_11zon-scaled.webp","type":"image\/webp"}],"twitter_card":"summary_large_image","twitter_misc":{"Est. reading time":"1 minute"},"schema":{"@context":"https:\/\/schema.org","@graph":[{"@type":"WebPage","@id":"https:\/\/rendez-vous-store.com\/shop\/men-selection-discover-our-selection-rendez-vous-store\/trousers-shorts-rendez-vous-store\/sillage-circular-fatigue-short-pants-deadstock-jacquard-red-stripe-rendez-vous-store\/","url":"https:\/\/rendez-vous-store.com\/shop\/men-selection-discover-our-selection-rendez-vous-store\/trousers-shorts-rendez-vous-store\/sillage-circular-fatigue-short-pants-deadstock-jacquard-red-stripe-rendez-vous-store\/","name":"Sillage Circular Fatigue Short Pants Deadstock Jacquard Red Stripe","isPartOf":{"@id":"https:\/\/rendez-vous-store.com\/#website"},"primaryImageOfPage":{"@id":"https:\/\/rendez-vous-store.com\/shop\/men-selection-discover-our-selection-rendez-vous-store\/trousers-shorts-rendez-vous-store\/sillage-circular-fatigue-short-pants-deadstock-jacquard-red-stripe-rendez-vous-store\/#primaryimage"},"image":{"@id":"https:\/\/rendez-vous-store.com\/shop\/men-selection-discover-our-selection-rendez-vous-store\/trousers-shorts-rendez-vous-store\/sillage-circular-fatigue-short-pants-deadstock-jacquard-red-stripe-rendez-vous-store\/#primaryimage"},"thumbnailUrl":"https:\/\/rendez-vous-store.com\/app\/uploads\/2025\/07\/IMG_0759_11zon-scaled.webp","datePublished":"2025-07-23T12:21:17+00:00","dateModified":"2026-04-13T13:54:09+00:00","description":"This Sillage Circular Fatigue Short Pants Deadstock Jacquard Red Stripe is developed for every shape of the body and all gender. Discover now.","breadcrumb":{"@id":"https:\/\/rendez-vous-store.com\/shop\/men-selection-discover-our-selection-rendez-vous-store\/trousers-shorts-rendez-vous-store\/sillage-circular-fatigue-short-pants-deadstock-jacquard-red-stripe-rendez-vous-store\/#breadcrumb"},"inLanguage":"fr-FR","potentialAction":[{"@type":"ReadAction","target":["https:\/\/rendez-vous-store.com\/shop\/men-selection-discover-our-selection-rendez-vous-store\/trousers-shorts-rendez-vous-store\/sillage-circular-fatigue-short-pants-deadstock-jacquard-red-stripe-rendez-vous-store\/"]}]},{"@type":"ImageObject","inLanguage":"fr-FR","@id":"https:\/\/rendez-vous-store.com\/shop\/men-selection-discover-our-selection-rendez-vous-store\/trousers-shorts-rendez-vous-store\/sillage-circular-fatigue-short-pants-deadstock-jacquard-red-stripe-rendez-vous-store\/#primaryimage","url":"https:\/\/rendez-vous-store.com\/app\/uploads\/2025\/07\/IMG_0759_11zon-scaled.webp","contentUrl":"https:\/\/rendez-vous-store.com\/app\/uploads\/2025\/07\/IMG_0759_11zon-scaled.webp","width":1707,"height":2560},{"@type":"BreadcrumbList","@id":"https:\/\/rendez-vous-store.com\/shop\/men-selection-discover-our-selection-rendez-vous-store\/trousers-shorts-rendez-vous-store\/sillage-circular-fatigue-short-pants-deadstock-jacquard-red-stripe-rendez-vous-store\/#breadcrumb","itemListElement":[{"@type":"ListItem","position":1,"name":"Home","item":"https:\/\/rendez-vous-store.com\/"},{"@type":"ListItem","position":2,"name":"Shop","item":"https:\/\/www.rendez-vous-store.com\/shop\/"},{"@type":"ListItem","position":3,"name":"Sillage &#8211; Circular Fatigue Short Pants Deadstock Jacquard Red Stripe"}]},{"@type":"WebSite","@id":"https:\/\/rendez-vous-store.com\/#website","url":"https:\/\/rendez-vous-store.com\/","name":"RENDEZ-VOUS STORE","description":"Slow Fashion for Women and Men","potentialAction":[{"@type":"SearchAction","target":{"@type":"EntryPoint","urlTemplate":"https:\/\/rendez-vous-store.com\/?s={search_term_string}"},"query-input":{"@type":"PropertyValueSpecification","valueRequired":true,"valueName":"search_term_string"}}],"inLanguage":"fr-FR"}]}},"_links":{"self":[{"href":"https:\/\/rendez-vous-store.com\/fr\/wp-json\/wp\/v2\/product\/209468","targetHints":{"allow":["GET"]}}],"collection":[{"href":"https:\/\/rendez-vous-store.com\/fr\/wp-json\/wp\/v2\/product"}],"about":[{"href":"https:\/\/rendez-vous-store.com\/fr\/wp-json\/wp\/v2\/types\/product"}],"wp:featuredmedia":[{"embeddable":true,"href":"https:\/\/rendez-vous-store.com\/fr\/wp-json\/wp\/v2\/media\/209689"}],"wp:attachment":[{"href":"https:\/\/rendez-vous-store.com\/fr\/wp-json\/wp\/v2\/media?parent=209468"}],"wp:term":[{"taxonomy":"product_brand","embeddable":true,"href":"https:\/\/rendez-vous-store.com\/fr\/wp-json\/wp\/v2\/product_brand?post=209468"},{"taxonomy":"product_cat","embeddable":true,"href":"https:\/\/rendez-vous-store.com\/fr\/wp-json\/wp\/v2\/product_cat?post=209468"},{"taxonomy":"product_tag","embeddable":true,"href":"https:\/\/rendez-vous-store.com\/fr\/wp-json\/wp\/v2\/product_tag?post=209468"}],"curies":[{"name":"wp","href":"https:\/\/api.w.org\/{rel}","templated":true}]}}