{"id":209408,"date":"2025-07-22T15:06:16","date_gmt":"2025-07-22T13:06:16","guid":{"rendered":"https:\/\/rendez-vous-store.com\/?post_type=product&#038;p=209408"},"modified":"2026-03-16T19:36:30","modified_gmt":"2026-03-16T18:36:30","slug":"casey-casey-milu-coat-h-wax-25hm231-black","status":"publish","type":"product","link":"https:\/\/rendez-vous-store.com\/fr\/shop\/special-offer-women-rendez-vous-store\/women-coat-jacket-special-offer-rendez-vous-store\/casey-casey-milu-coat-h-wax-25hm231-black\/","title":{"rendered":"Casey Casey &#8211; Milu Coat H Wax 25HM231 &#8211; Black"},"content":{"rendered":"<p><strong>Casey Casey Milu Coat H Wax 25HM231 Black<\/strong><\/p>\n<p>Couleur : Noir<\/p>\n<p>Coupe ample<\/p>\n<p>Ourlet droit<\/p>\n<p>Single flap pocket at the front<\/p>\n<p>Corozo button closure<\/p>\n<p>Col pointu<\/p>\n<p>Composition : 100% Coton<\/p>\n<p>&nbsp;<\/p>\n<p>&nbsp;<\/p>\n<p>&nbsp;<\/p>\n<p>&nbsp;<\/p>\n<h4>La marque<\/h4>\n<p>Casey Casey axe sa philosophie sur la qualit\u00e9 et l'authenticit\u00e9. Des artisans qualifi\u00e9s fabriquent m\u00e9ticuleusement chaque v\u00eatement en France, en utilisant des techniques traditionnelles et les meilleurs mat\u00e9riaux. Ce d\u00e9vouement se traduit par des pi\u00e8ces qui incarnent la sophistication discr\u00e8te et le cool sans effort.<\/p>\n<p>Les cr\u00e9ations de la marque se caract\u00e9risent par des lignes \u00e9pur\u00e9es, des silhouettes d\u00e9contract\u00e9es et des tissus luxueux. Qu'il s'agisse de manteaux surdimensionn\u00e9s, de pulls amples, de pantalons ajust\u00e9s ou de robes fluides, chaque pi\u00e8ce est synonyme de confort et de style. Ces v\u00eatements bien pens\u00e9s permettent de passer facilement du jour \u00e0 la nuit.<\/p>\n<p>De plus, Casey Casey s'engage \u00e0 respecter les principes de durabilit\u00e9 et de production \u00e9thique. La marque privil\u00e9gie les mat\u00e9riaux et les m\u00e9thodes de fabrication respectueux de l'environnement afin de minimiser son impact sur la plan\u00e8te.<\/p>\n<p>Avec une esth\u00e9tique intemporelle, un savoir-faire impeccable et un engagement en faveur du d\u00e9veloppement durable, Casey Casey encourage les individus \u00e0 embrasser leur style unique. Les v\u00eatements permettent de s'exprimer avec confiance et cr\u00e9ativit\u00e9.<\/p>\n<p>Qu'il s'agisse de s'habiller pour le travail ou pour les loisirs, Casey Casey propose des pi\u00e8ces belles et fonctionnelles qui permettent \u00e0 la personne qui les porte de se sentir \u00e9l\u00e9gante sans effort dans n'importe quel contexte.<\/p>","protected":false},"excerpt":{"rendered":"<p>Casey Casey Milu Coat H Wax 25HM231 Black Color: Black Loose fit Straight hem Single flap pocket at the front Corozo button closure Pointed collar Composition: 100% Cotton &nbsp; &nbsp; &nbsp; &nbsp; The Brand Casey Casey centers its philosophy on quality and authenticity. Skilled artisans meticulously craft each garment in France, using traditional techniques and&hellip; <a class=\"more-link\" href=\"https:\/\/rendez-vous-store.com\/fr\/shop\/special-offer-women-rendez-vous-store\/women-coat-jacket-special-offer-rendez-vous-store\/casey-casey-milu-coat-h-wax-25hm231-black\/\">Continue reading <span class=\"screen-reader-text\">Casey Casey &#8211; Milu Coat H Wax 25HM231 &#8211; Black<\/span><\/a><\/p>","protected":false},"featured_media":209684,"template":"","meta":{"_acf_changed":false},"product_brand":[],"product_cat":[1232,394,1336,1335,17],"product_tag":[422],"class_list":{"0":"post-209408","1":"product","2":"type-product","3":"status-publish","4":"has-post-thumbnail","6":"product_cat-sale-40","7":"product_cat-women-coats-jackets-rendez-vous-store","8":"product_cat-women-coat-jacket-special-offer-rendez-vous-store","9":"product_cat-special-offer-women-rendez-vous-store","10":"product_cat-women","11":"product_tag-casey-casey-french-clothing-rendez-vous-store","12":"entry","14":"first","15":"instock","16":"taxable","17":"shipping-taxable","18":"purchasable","19":"product-type-variable"},"acf":[],"yoast_head":"<!-- This site is optimized with the Yoast SEO plugin v24.9 - https:\/\/yoast.com\/wordpress\/plugins\/seo\/ -->\n<title>Casey Casey Milu Coat H Wax 25HM231 Black<\/title>\n<meta name=\"description\" content=\"This Casey Casey - Milu Coat H Wax 25HM231 - Black is celebrated for its unique blend of minimalism, functionality, and timeless elegance. Discover now.\" \/>\n<meta name=\"robots\" content=\"index, follow, max-snippet:-1, max-image-preview:large, max-video-preview:-1\" \/>\n<link rel=\"canonical\" href=\"https:\/\/rendez-vous-store.com\/fr\/shop\/special-offer-women-rendez-vous-store\/women-coat-jacket-special-offer-rendez-vous-store\/casey-casey-milu-coat-h-wax-25hm231-black\/\" \/>\n<meta property=\"og:locale\" content=\"fr_FR\" \/>\n<meta property=\"og:type\" content=\"article\" \/>\n<meta property=\"og:title\" content=\"Casey Casey Milu Coat H Wax 25HM231 Black\" \/>\n<meta property=\"og:description\" content=\"This Casey Casey - Milu Coat H Wax 25HM231 - Black is celebrated for its unique blend of minimalism, functionality, and timeless elegance. Discover now.\" \/>\n<meta property=\"og:url\" content=\"https:\/\/rendez-vous-store.com\/fr\/shop\/special-offer-women-rendez-vous-store\/women-coat-jacket-special-offer-rendez-vous-store\/casey-casey-milu-coat-h-wax-25hm231-black\/\" \/>\n<meta property=\"og:site_name\" content=\"RENDEZ-VOUS STORE\" \/>\n<meta property=\"article:modified_time\" content=\"2026-03-16T18:36:30+00:00\" \/>\n<meta property=\"og:image\" content=\"https:\/\/rendez-vous-store.com\/app\/uploads\/2025\/07\/IMG_9646_2_11zon-scaled.webp\" \/>\n\t<meta property=\"og:image:width\" content=\"1707\" \/>\n\t<meta property=\"og:image:height\" content=\"2560\" \/>\n\t<meta property=\"og:image:type\" content=\"image\/webp\" \/>\n<meta name=\"twitter:card\" content=\"summary_large_image\" \/>\n<meta name=\"twitter:label1\" content=\"Est. reading time\" \/>\n\t<meta name=\"twitter:data1\" content=\"2 minutes\" \/>\n<script type=\"application\/ld+json\" class=\"yoast-schema-graph\">{\"@context\":\"https:\/\/schema.org\",\"@graph\":[{\"@type\":\"WebPage\",\"@id\":\"https:\/\/rendez-vous-store.com\/shop\/special-offer-women-rendez-vous-store\/women-coat-jacket-special-offer-rendez-vous-store\/casey-casey-milu-coat-h-wax-25hm231-black\/\",\"url\":\"https:\/\/rendez-vous-store.com\/shop\/special-offer-women-rendez-vous-store\/women-coat-jacket-special-offer-rendez-vous-store\/casey-casey-milu-coat-h-wax-25hm231-black\/\",\"name\":\"Casey Casey Milu Coat H Wax 25HM231 Black\",\"isPartOf\":{\"@id\":\"https:\/\/rendez-vous-store.com\/#website\"},\"primaryImageOfPage\":{\"@id\":\"https:\/\/rendez-vous-store.com\/shop\/special-offer-women-rendez-vous-store\/women-coat-jacket-special-offer-rendez-vous-store\/casey-casey-milu-coat-h-wax-25hm231-black\/#primaryimage\"},\"image\":{\"@id\":\"https:\/\/rendez-vous-store.com\/shop\/special-offer-women-rendez-vous-store\/women-coat-jacket-special-offer-rendez-vous-store\/casey-casey-milu-coat-h-wax-25hm231-black\/#primaryimage\"},\"thumbnailUrl\":\"https:\/\/rendez-vous-store.com\/app\/uploads\/2025\/07\/IMG_9646_2_11zon-scaled.webp\",\"datePublished\":\"2025-07-22T13:06:16+00:00\",\"dateModified\":\"2026-03-16T18:36:30+00:00\",\"description\":\"This Casey Casey - Milu Coat H Wax 25HM231 - Black is celebrated for its unique blend of minimalism, functionality, and timeless elegance. Discover now.\",\"breadcrumb\":{\"@id\":\"https:\/\/rendez-vous-store.com\/shop\/special-offer-women-rendez-vous-store\/women-coat-jacket-special-offer-rendez-vous-store\/casey-casey-milu-coat-h-wax-25hm231-black\/#breadcrumb\"},\"inLanguage\":\"fr-FR\",\"potentialAction\":[{\"@type\":\"ReadAction\",\"target\":[\"https:\/\/rendez-vous-store.com\/shop\/special-offer-women-rendez-vous-store\/women-coat-jacket-special-offer-rendez-vous-store\/casey-casey-milu-coat-h-wax-25hm231-black\/\"]}]},{\"@type\":\"ImageObject\",\"inLanguage\":\"fr-FR\",\"@id\":\"https:\/\/rendez-vous-store.com\/shop\/special-offer-women-rendez-vous-store\/women-coat-jacket-special-offer-rendez-vous-store\/casey-casey-milu-coat-h-wax-25hm231-black\/#primaryimage\",\"url\":\"https:\/\/rendez-vous-store.com\/app\/uploads\/2025\/07\/IMG_9646_2_11zon-scaled.webp\",\"contentUrl\":\"https:\/\/rendez-vous-store.com\/app\/uploads\/2025\/07\/IMG_9646_2_11zon-scaled.webp\",\"width\":1707,\"height\":2560},{\"@type\":\"BreadcrumbList\",\"@id\":\"https:\/\/rendez-vous-store.com\/shop\/special-offer-women-rendez-vous-store\/women-coat-jacket-special-offer-rendez-vous-store\/casey-casey-milu-coat-h-wax-25hm231-black\/#breadcrumb\",\"itemListElement\":[{\"@type\":\"ListItem\",\"position\":1,\"name\":\"Home\",\"item\":\"https:\/\/rendez-vous-store.com\/\"},{\"@type\":\"ListItem\",\"position\":2,\"name\":\"Shop\",\"item\":\"https:\/\/www.rendez-vous-store.com\/shop\/\"},{\"@type\":\"ListItem\",\"position\":3,\"name\":\"Casey Casey &#8211; Milu Coat H Wax 25HM231 &#8211; Black\"}]},{\"@type\":\"WebSite\",\"@id\":\"https:\/\/rendez-vous-store.com\/#website\",\"url\":\"https:\/\/rendez-vous-store.com\/\",\"name\":\"RENDEZ-VOUS STORE\",\"description\":\"Slow Fashion for Women and Men\",\"potentialAction\":[{\"@type\":\"SearchAction\",\"target\":{\"@type\":\"EntryPoint\",\"urlTemplate\":\"https:\/\/rendez-vous-store.com\/?s={search_term_string}\"},\"query-input\":{\"@type\":\"PropertyValueSpecification\",\"valueRequired\":true,\"valueName\":\"search_term_string\"}}],\"inLanguage\":\"fr-FR\"}]}<\/script>\n<!-- \/ Yoast SEO plugin. -->","yoast_head_json":{"title":"Casey Casey Milu Coat H Wax 25HM231 Black","description":"This Casey Casey - Milu Coat H Wax 25HM231 - Black is celebrated for its unique blend of minimalism, functionality, and timeless elegance. Discover now.","robots":{"index":"index","follow":"follow","max-snippet":"max-snippet:-1","max-image-preview":"max-image-preview:large","max-video-preview":"max-video-preview:-1"},"canonical":"https:\/\/rendez-vous-store.com\/fr\/shop\/special-offer-women-rendez-vous-store\/women-coat-jacket-special-offer-rendez-vous-store\/casey-casey-milu-coat-h-wax-25hm231-black\/","og_locale":"fr_FR","og_type":"article","og_title":"Casey Casey Milu Coat H Wax 25HM231 Black","og_description":"This Casey Casey - Milu Coat H Wax 25HM231 - Black is celebrated for its unique blend of minimalism, functionality, and timeless elegance. Discover now.","og_url":"https:\/\/rendez-vous-store.com\/fr\/shop\/special-offer-women-rendez-vous-store\/women-coat-jacket-special-offer-rendez-vous-store\/casey-casey-milu-coat-h-wax-25hm231-black\/","og_site_name":"RENDEZ-VOUS STORE","article_modified_time":"2026-03-16T18:36:30+00:00","og_image":[{"width":1707,"height":2560,"url":"https:\/\/rendez-vous-store.com\/app\/uploads\/2025\/07\/IMG_9646_2_11zon-scaled.webp","type":"image\/webp"}],"twitter_card":"summary_large_image","twitter_misc":{"Est. reading time":"2 minutes"},"schema":{"@context":"https:\/\/schema.org","@graph":[{"@type":"WebPage","@id":"https:\/\/rendez-vous-store.com\/shop\/special-offer-women-rendez-vous-store\/women-coat-jacket-special-offer-rendez-vous-store\/casey-casey-milu-coat-h-wax-25hm231-black\/","url":"https:\/\/rendez-vous-store.com\/shop\/special-offer-women-rendez-vous-store\/women-coat-jacket-special-offer-rendez-vous-store\/casey-casey-milu-coat-h-wax-25hm231-black\/","name":"Casey Casey Milu Coat H Wax 25HM231 Black","isPartOf":{"@id":"https:\/\/rendez-vous-store.com\/#website"},"primaryImageOfPage":{"@id":"https:\/\/rendez-vous-store.com\/shop\/special-offer-women-rendez-vous-store\/women-coat-jacket-special-offer-rendez-vous-store\/casey-casey-milu-coat-h-wax-25hm231-black\/#primaryimage"},"image":{"@id":"https:\/\/rendez-vous-store.com\/shop\/special-offer-women-rendez-vous-store\/women-coat-jacket-special-offer-rendez-vous-store\/casey-casey-milu-coat-h-wax-25hm231-black\/#primaryimage"},"thumbnailUrl":"https:\/\/rendez-vous-store.com\/app\/uploads\/2025\/07\/IMG_9646_2_11zon-scaled.webp","datePublished":"2025-07-22T13:06:16+00:00","dateModified":"2026-03-16T18:36:30+00:00","description":"This Casey Casey - Milu Coat H Wax 25HM231 - Black is celebrated for its unique blend of minimalism, functionality, and timeless elegance. Discover now.","breadcrumb":{"@id":"https:\/\/rendez-vous-store.com\/shop\/special-offer-women-rendez-vous-store\/women-coat-jacket-special-offer-rendez-vous-store\/casey-casey-milu-coat-h-wax-25hm231-black\/#breadcrumb"},"inLanguage":"fr-FR","potentialAction":[{"@type":"ReadAction","target":["https:\/\/rendez-vous-store.com\/shop\/special-offer-women-rendez-vous-store\/women-coat-jacket-special-offer-rendez-vous-store\/casey-casey-milu-coat-h-wax-25hm231-black\/"]}]},{"@type":"ImageObject","inLanguage":"fr-FR","@id":"https:\/\/rendez-vous-store.com\/shop\/special-offer-women-rendez-vous-store\/women-coat-jacket-special-offer-rendez-vous-store\/casey-casey-milu-coat-h-wax-25hm231-black\/#primaryimage","url":"https:\/\/rendez-vous-store.com\/app\/uploads\/2025\/07\/IMG_9646_2_11zon-scaled.webp","contentUrl":"https:\/\/rendez-vous-store.com\/app\/uploads\/2025\/07\/IMG_9646_2_11zon-scaled.webp","width":1707,"height":2560},{"@type":"BreadcrumbList","@id":"https:\/\/rendez-vous-store.com\/shop\/special-offer-women-rendez-vous-store\/women-coat-jacket-special-offer-rendez-vous-store\/casey-casey-milu-coat-h-wax-25hm231-black\/#breadcrumb","itemListElement":[{"@type":"ListItem","position":1,"name":"Home","item":"https:\/\/rendez-vous-store.com\/"},{"@type":"ListItem","position":2,"name":"Shop","item":"https:\/\/www.rendez-vous-store.com\/shop\/"},{"@type":"ListItem","position":3,"name":"Casey Casey &#8211; Milu Coat H Wax 25HM231 &#8211; Black"}]},{"@type":"WebSite","@id":"https:\/\/rendez-vous-store.com\/#website","url":"https:\/\/rendez-vous-store.com\/","name":"RENDEZ-VOUS STORE","description":"Slow Fashion for Women and Men","potentialAction":[{"@type":"SearchAction","target":{"@type":"EntryPoint","urlTemplate":"https:\/\/rendez-vous-store.com\/?s={search_term_string}"},"query-input":{"@type":"PropertyValueSpecification","valueRequired":true,"valueName":"search_term_string"}}],"inLanguage":"fr-FR"}]}},"_links":{"self":[{"href":"https:\/\/rendez-vous-store.com\/fr\/wp-json\/wp\/v2\/product\/209408","targetHints":{"allow":["GET"]}}],"collection":[{"href":"https:\/\/rendez-vous-store.com\/fr\/wp-json\/wp\/v2\/product"}],"about":[{"href":"https:\/\/rendez-vous-store.com\/fr\/wp-json\/wp\/v2\/types\/product"}],"wp:featuredmedia":[{"embeddable":true,"href":"https:\/\/rendez-vous-store.com\/fr\/wp-json\/wp\/v2\/media\/209684"}],"wp:attachment":[{"href":"https:\/\/rendez-vous-store.com\/fr\/wp-json\/wp\/v2\/media?parent=209408"}],"wp:term":[{"taxonomy":"product_brand","embeddable":true,"href":"https:\/\/rendez-vous-store.com\/fr\/wp-json\/wp\/v2\/product_brand?post=209408"},{"taxonomy":"product_cat","embeddable":true,"href":"https:\/\/rendez-vous-store.com\/fr\/wp-json\/wp\/v2\/product_cat?post=209408"},{"taxonomy":"product_tag","embeddable":true,"href":"https:\/\/rendez-vous-store.com\/fr\/wp-json\/wp\/v2\/product_tag?post=209408"}],"curies":[{"name":"wp","href":"https:\/\/api.w.org\/{rel}","templated":true}]}}